{"id":5865,"date":"2024-05-03T06:29:33","date_gmt":"2024-05-03T06:29:33","guid":{"rendered":"https:\/\/elfsight.com\/pt\/?page_id=5865"},"modified":"2025-02-26T17:44:14","modified_gmt":"2025-02-26T17:44:14","slug":"elementor","status":"publish","type":"page","link":"https:\/\/elfsight.com\/pt\/background-music-widget\/elementor\/","title":{"rendered":"Background Music &#8211; Elementor"},"content":{"rendered":"\n<div class=\"application-platform-content-item-description application-platform-content-item\" id=\"description\" data-nav-section=\"description\"> <h2>Incorpore m\u00fasica de fundo no Elementor com o widget Elfsight<\/h2> <p>Elfsight Background Audio \u00e9 uma ferramenta simples para Elementor que permite reproduzir faixas de m\u00fasica diretamente nas p\u00e1ginas do seu site. A ferramenta \u00e9 extremamente modific\u00e1vel: voc\u00ea pode alterar seu posicionamento, colocando-a em qualquer lugar da p\u00e1gina, dimensionar seu tamanho, fazer sobre o fundo e outros elementos para combin\u00e1-lo com o layout do seu site, empregar tema escuro, revelar capas e mostrar ou ocultar quatro adicionais detalhes do jogador, como barra de progresso, t\u00edtulo e muito mais. Adicione quantas faixas quiser para envolver seus usu\u00e1rios, ative a reprodu\u00e7\u00e3o autom\u00e1tica e n\u00e3o tenha d\u00favidas: seus visitantes n\u00e3o sair\u00e3o do seu site imediatamente!<\/p> <p><b>Torne seu site mais eficiente para alvos de com\u00e9rcio eletr\u00f4nico com player de m\u00fasica de fundo com reprodu\u00e7\u00e3o autom\u00e1tica<\/b><\/p> <\/div> <div class=\"application-platform-content-item-features application-platform-content-item\" id=\"features\" data-nav-section=\"features\"> <h2>Oferecemos recursos pr\u00e1ticos e r\u00e1pidos, veja alguns deles: <\/h2> <ul><li>Ilimitado altera\u00e7\u00f5es de cores<\/li><li>Tema de cores claras\/escuras<\/li><li>Design male\u00e1vel<\/li><li>Dois layouts aplic\u00e1veis<\/li><li>Uma oportunidade de usar imagem de fundo<\/li> <\/ul><p><a href=\"#demo\">Voc\u00ea pode descobrir todas as funcionalidades do widget na demonstra\u00e7\u00e3o agora mesmo<\/a><\/p> <\/div> <div class=\"application-platform-content-item-installation application-platform-content-item\" id=\"installation\" data-nav-section=\"installation\"> <h2>Como adicionar m\u00fasica de fundo no meu site Elementor? <\/h2><div class=\"video-container\"><iframe width=\"720\" height=\"405\" src=\"https:\/\/www.youtube.com\/embed\/SIfrx0cvyiE\" frameborder=\"0\" allowfullscreen=\"\"><\/iframe><\/div> <p>Basta seguir as orienta\u00e7\u00f5es abaixo para integrar o plugin. <\/p> <ol><li><b>Utilizando nosso configurador gratuito, comece a criar seu plugin personalizado. <\/b><br> Encontre o design e funcionalidade preferidos da ferramenta e salve as corre\u00e7\u00f5es. <\/li> <li><b>Copie o seu c\u00f3digo exclusivo exposto na janela das Apps Elfsight<\/b><br> Assim que terminar a gera\u00e7\u00e3o da sua ferramenta, copie o c\u00f3digo exclusivo na caixa que aparece e guarde-o para uso posterior. <\/li> <li><b>Inicie a aplica\u00e7\u00e3o do widget no site Elementor<\/b><br> Implemente o c\u00f3digo que voc\u00ea salvou antes em sua p\u00e1gina web e salve as melhorias. <\/li> <li><b>A configura\u00e7\u00e3o est\u00e1 totalmente realizada<\/b><br> Acesse sua p\u00e1gina da web para ver como a ferramenta est\u00e1 funcionando. <\/li><\/ol> <p>Na condi\u00e7\u00e3o de enfrentar d\u00favidas ou enfrentar algum problema, n\u00e3o hesite em entrar em contato com nossa equipe de atendimento ao cliente. Nossos especialistas desejam resolver todos os problemas que voc\u00ea possa ter com o plugin.<\/p> <div class=\"faq\" data-component=\"FAQ\"><div class=\"faq-item\">\r\n\t\t\t\t\t<div class=\"faq-item-question\">\r\n\t\t\t\t\t\t<h3 class=\"faq-item-question-text\">Como posso integrar um widget de m\u00fasica de fundo na minha p\u00e1gina Elementor sem conhecimentos de programa\u00e7\u00e3o?<\/h3>\r\n\r\n\t\t\t\t\t\t<div class=\"faq-item-question-icon\"><\/div>\r\n\t\t\t\t\t<\/div>\r\n\r\n\t\t\t\t\t<div class=\"faq-item-answer\">\r\n\t\t\t\t\t\t<div class=\"faq-item-answer-text\"><p>Elfsight oferece uma solu\u00e7\u00e3o baseada na nuvem que permite aos usu\u00e1rios integrar um widget de m\u00fasica de fundo no seu site Elementor. Veja como o processo \u00e9 simples:<\/p>\n    <ul>\n      <li>Acesse o editor online para criar a se\u00e7\u00e3o do widget de m\u00fasica de fundo que voc\u00ea deseja adicionar ao seu site.<\/li>\n      <li>Escolha um dos nossos modelos prontos e personalize as configura\u00e7\u00f5es do widget, altere o layout e o esquema de cores e insira seu conte\u00fado \u2013 tudo sem precisar programar.<\/li>\n      <li>Salve as configura\u00e7\u00f5es feitas e obtenha o c\u00f3digo do widget, que pode ser facilmente inserido gratuitamente no seu site Elementor.<\/li>\n    <\/ul>\n    <p>No editor f\u00e1cil de usar, qualquer usu\u00e1rio pode criar um widget de m\u00fasica de fundo e integr\u00e1-lo ao seu site. O acesso ao editor Elfsight n\u00e3o requer pagamento nem a divulga\u00e7\u00e3o dos dados do seu cart\u00e3o. Caso voc\u00ea enfrente dificuldades, entre em contato com nosso suporte ao cliente.<\/p><\/div>\r\n\t\t\t\t\t<\/div>\r\n\t\t\t\t<\/div><\/div>\n<\/div>\n","protected":false},"excerpt":{"rendered":"","protected":false},"author":9,"featured_media":0,"parent":1292,"menu_order":0,"comment_status":"closed","ping_status":"closed","template":"templates\/template-application-platform.php","meta":{"publish_to_discourse":"","publish_post_category":"","wpdc_auto_publish_overridden":"","wpdc_topic_tags":"","wpdc_pin_topic":"","wpdc_pin_until":"","discourse_post_id":"","discourse_permalink":"","wpdc_publishing_response":"","wpdc_publishing_error":"","footnotes":""},"class_list":["post-5865","page","type-page","status-publish","hentry"],"yoast_head":"<!-- This site is optimized with the Yoast SEO plugin v25.3.1 - https:\/\/yoast.com\/wordpress\/plugins\/seo\/ -->\n<title>Leitor de m\u00fasica de fundo para o site Elementor (gratuito e sem codifica\u00e7\u00e3o)<\/title>\n<meta name=\"description\" content=\"Implemente um reprodutor de m\u00fasica de fundo em sua p\u00e1gina Elementor. Execute a demonstra\u00e7\u00e3o do Elfsight e crie seu widget de \u00e1udio personalizado em apenas alguns minutos.\" \/>\n<meta name=\"robots\" content=\"index, follow, max-snippet:-1, max-image-preview:large, max-video-preview:-1\" \/>\n<link rel=\"canonical\" href=\"https:\/\/elfsight.com\/pt\/background-music-widget\/elementor\/\" \/>\n<meta property=\"og:locale\" content=\"pt_PT\" \/>\n<meta property=\"og:type\" content=\"article\" \/>\n<meta property=\"og:title\" content=\"Leitor de m\u00fasica de fundo para o site Elementor (gratuito e sem codifica\u00e7\u00e3o)\" \/>\n<meta property=\"og:description\" content=\"Implemente um reprodutor de m\u00fasica de fundo em sua p\u00e1gina Elementor. Execute a demonstra\u00e7\u00e3o do Elfsight e crie seu widget de \u00e1udio personalizado em apenas alguns minutos.\" \/>\n<meta property=\"og:url\" content=\"https:\/\/elfsight.com\/pt\/background-music-widget\/elementor\/\" \/>\n<meta property=\"og:site_name\" content=\"Elfsight PT\" \/>\n<meta property=\"article:modified_time\" content=\"2025-02-26T17:44:14+00:00\" \/>\n<meta name=\"twitter:card\" content=\"summary_large_image\" \/>\n<meta name=\"twitter:label1\" content=\"Tempo estimado de leitura\" \/>\n\t<meta name=\"twitter:data1\" content=\"3 minutos\" \/>\n<!-- \/ Yoast SEO plugin. -->","yoast_head_json":{"title":"Leitor de m\u00fasica de fundo para o site Elementor (gratuito e sem codifica\u00e7\u00e3o)","description":"Implemente um reprodutor de m\u00fasica de fundo em sua p\u00e1gina Elementor. Execute a demonstra\u00e7\u00e3o do Elfsight e crie seu widget de \u00e1udio personalizado em apenas alguns minutos.","robots":{"index":"index","follow":"follow","max-snippet":"max-snippet:-1","max-image-preview":"max-image-preview:large","max-video-preview":"max-video-preview:-1"},"canonical":"https:\/\/elfsight.com\/pt\/background-music-widget\/elementor\/","og_locale":"pt_PT","og_type":"article","og_title":"Leitor de m\u00fasica de fundo para o site Elementor (gratuito e sem codifica\u00e7\u00e3o)","og_description":"Implemente um reprodutor de m\u00fasica de fundo em sua p\u00e1gina Elementor. Execute a demonstra\u00e7\u00e3o do Elfsight e crie seu widget de \u00e1udio personalizado em apenas alguns minutos.","og_url":"https:\/\/elfsight.com\/pt\/background-music-widget\/elementor\/","og_site_name":"Elfsight PT","article_modified_time":"2025-02-26T17:44:14+00:00","twitter_card":"summary_large_image","twitter_misc":{"Tempo estimado de leitura":"3 minutos"},"schema":{"@context":"https:\/\/schema.org","@graph":[{"@type":"WebPage","@id":"https:\/\/elfsight.com\/pt\/background-music-widget\/elementor\/","url":"https:\/\/elfsight.com\/pt\/background-music-widget\/elementor\/","name":"Leitor de m\u00fasica de fundo para o site Elementor (gratuito e sem codifica\u00e7\u00e3o)","isPartOf":{"@id":"https:\/\/elfsight.com\/pt\/#website"},"datePublished":"2024-05-03T06:29:33+00:00","dateModified":"2025-02-26T17:44:14+00:00","description":"Implemente um reprodutor de m\u00fasica de fundo em sua p\u00e1gina Elementor. Execute a demonstra\u00e7\u00e3o do Elfsight e crie seu widget de \u00e1udio personalizado em apenas alguns minutos.","breadcrumb":{"@id":"https:\/\/elfsight.com\/pt\/background-music-widget\/elementor\/#breadcrumb"},"inLanguage":"pt-PT","potentialAction":[{"@type":"ReadAction","target":["https:\/\/elfsight.com\/pt\/background-music-widget\/elementor\/"]}]},{"@type":"BreadcrumbList","@id":"https:\/\/elfsight.com\/pt\/background-music-widget\/elementor\/#breadcrumb","itemListElement":[{"@type":"ListItem","position":1,"name":"Home","item":"https:\/\/elfsight.com\/pt\/"},{"@type":"ListItem","position":2,"name":"Background Music","item":"https:\/\/elfsight.com\/pt\/background-music-widget\/"},{"@type":"ListItem","position":3,"name":"Background Music &#8211; Elementor"}]},{"@type":"WebSite","@id":"https:\/\/elfsight.com\/pt\/#website","url":"https:\/\/elfsight.com\/pt\/","name":"Elfsight PT","description":"Just another Elfsight Sites site","potentialAction":[{"@type":"SearchAction","target":{"@type":"EntryPoint","urlTemplate":"https:\/\/elfsight.com\/pt\/?s={search_term_string}"},"query-input":{"@type":"PropertyValueSpecification","valueRequired":true,"valueName":"search_term_string"}}],"inLanguage":"pt-PT"}]}},"meta_box":{"industry":"","seo_heading":"","heading":"","description":"","cta_heading":"","cta_description":"","application":"1291","h1":"Widget de m\u00fasica de fundo Elementor","h1_caption":"Incorpore um recurso divertido em seu site e obtenha clientes mais satisfeitos imediatamente","application_category":[],"applications_title":"","applications_request_title":"","applications_request_button_text":"","hero_text":"","hero_video":"","hero_video_schema_markup":"","selling_points_title":"","selling_points_caption":"","selling_points":[],"selling_points_cta_text":"","features_title":"","features":"","ed_cta_examples_text":"","ed_cta_examples_hidden":"","ed_cta_demo_text":"","ed_cta_demo_hidden":"","why_caption":"","why_editor_title":"","why_editor_text":"","why_team_title":"","why_team_text":"","why_service_title":"","why_service_text":"","template_catalog_visible":"0","template_catalog_title":"","template_catalog_text":"","template_catalog_categories_visible":"","demo_title":"Crie seu widget de m\u00fasica de fundo","demo_caption":"Configure sua m\u00fasica de fundo e adicione-a ao seu site Elementor gratuitamente!","default_faq_hidden":"","app_template_category":[],"platform":"100","template_public_id":"","codecanyon_url":"","codecanyon_item_id":"","codecanyon_price":"","pricing_caption":"","pricing_elfsight_apps_hide_column":"","pricing_elfsight_apps_url":"","pricing_codecanyon_price_caption":"","integration_category":[],"integration_request_title":"","integration_request_cta":"","integration_platform":"","integrations":[],"platform_category":[],"video_schema_markup":"","price":"a partir de US$ 0\/m\u00eas","trial":"","benefits":[{"text":"Ajuda de instala\u00e7\u00e3o gratuita"},{"text":"Suporte ao cliente experiente"},{"text":"Garantia de devolu\u00e7\u00e3o do dinheiro em 14 dias"},{"text":"Atualizando constantemente"}],"button_url":"#demo","button_target_blank":"0","button_nofollow":"0","attributes":[{"name":"Instala\u00e7\u00f5es","content":"10,000 - 100,000"},{"name":"Responsivo","content":"Sim"},{"name":"Navegadores compat\u00edveis","content":"Firefox, Safari, Opera, Chrome, Edge"}],"tags":[],"tags_disable_links":"0","hide_more_platforms":"0","video_object":"","demo_hide_cta":"0","demo_hide_cloud_options":"0","pricing_title":"","pricing":[{"pricing_icon":"platform","pricing_title":"Elfsight Apps","pricing_title_caption":"Software independente de plataforma","pricing_price":"a partir de US$ 0\/m\u00eas","pricing_price_caption":"comece com plano gratuito","pricing_benefits":[{"text":"Dom\u00ednios ilimitados"},{"text":"Suporte \u00e0 empresa 24 horas por dia, 7 dias por semana"},{"text":"Suporte \u00e0 empresa 24 horas por dia, 7 dias por semana"},{"text":"\u00d3timo neg\u00f3cio para v\u00e1rios aplicativos"}],"pricing_button_text":"Adicionar ao site","pricing_button_url":"#demo"}],"related_apps_title":"","related_apps_hidden":"0","author":"","image":[],"title":"","job":"","social_networks":[]},"_links":{"self":[{"href":"https:\/\/elfsight.com\/pt\/wp-json\/wp\/v2\/pages\/5865","targetHints":{"allow":["GET"]}}],"collection":[{"href":"https:\/\/elfsight.com\/pt\/wp-json\/wp\/v2\/pages"}],"about":[{"href":"https:\/\/elfsight.com\/pt\/wp-json\/wp\/v2\/types\/page"}],"author":[{"embeddable":true,"href":"https:\/\/elfsight.com\/pt\/wp-json\/wp\/v2\/users\/9"}],"replies":[{"embeddable":true,"href":"https:\/\/elfsight.com\/pt\/wp-json\/wp\/v2\/comments?post=5865"}],"version-history":[{"count":3,"href":"https:\/\/elfsight.com\/pt\/wp-json\/wp\/v2\/pages\/5865\/revisions"}],"predecessor-version":[{"id":14024,"href":"https:\/\/elfsight.com\/pt\/wp-json\/wp\/v2\/pages\/5865\/revisions\/14024"}],"up":[{"embeddable":true,"href":"https:\/\/elfsight.com\/pt\/wp-json\/wp\/v2\/pages\/1292"}],"wp:attachment":[{"href":"https:\/\/elfsight.com\/pt\/wp-json\/wp\/v2\/media?parent=5865"}],"curies":[{"name":"wp","href":"https:\/\/api.w.org\/{rel}","templated":true}]}}