{"id":5863,"date":"2024-05-03T06:29:31","date_gmt":"2024-05-03T06:29:31","guid":{"rendered":"https:\/\/elfsight.com\/pt\/?page_id=5863"},"modified":"2024-11-13T11:39:14","modified_gmt":"2024-11-13T11:39:14","slug":"jquery","status":"publish","type":"page","link":"https:\/\/elfsight.com\/pt\/background-music-widget\/jquery\/","title":{"rendered":"Background Music &#8211; jQuery"},"content":{"rendered":"<div class=\"application-platform-content-item-description application-platform-content-item\" id=\"description\" data-nav-section=\"description\"> <h2>Descri\u00e7\u00e3o<\/h2> <p>Elfsight Background Audio \u00e9 um widget descomplicado para jQuery que lhe d\u00e1 a oportunidade de reproduzir faixas de m\u00fasica diretamente nas p\u00e1ginas do seu site. A ferramenta \u00e9 extremamente personaliz\u00e1vel: voc\u00ea pode alterar sua posi\u00e7\u00e3o, posicionando-a em qualquer lugar da p\u00e1gina, dimensionar seu tamanho, recolorir o fundo e todas as outras partes para combin\u00e1-lo com o layout do seu site, aplicar tema escuro, exibir capas e demonstrar ou ocultar 4 outros componentes do player, por exemplo barra de progresso, t\u00edtulo e outros. Inclua quantas faixas quiser para encantar seu p\u00fablico, ative a reprodu\u00e7\u00e3o autom\u00e1tica e n\u00e3o hesite &#8211; seus visitantes n\u00e3o sair\u00e3o do site imediatamente!<\/p> <p><b>Com o reprodutor de m\u00fasica de fundo da Elfsight, voc\u00ea ter\u00e1 uma experi\u00eancia s\u00f3lida desenvolvimento de neg\u00f3cios e mais vendas!<\/b><\/p> <\/div> <div class=\"application-platform-content-item-features application-platform-content-item\" id=\"features\" data-nav-section=\"features\"> <h2>Estes s\u00e3o apenas alguns dos muitos recursos do widget:<\/h2> <ul><li> Altera\u00e7\u00f5es ilimitadas de cores<\/li><li>Esquema de cores claras\/escuras<\/li><li>Design flex\u00edvel<\/li><li>2 layouts prontos para uso<\/li><li>Uma oportunidade de usar imagem de fundo<\/li><\/ul><p><a href=\"#demo\">Voc\u00ea pode ver quando o widget oferece usando a demonstra\u00e7\u00e3o<\/a><\/p> <\/div> <div class=\"application-platform-content-item-installation application-platform-content-item\" id=\"installation\" data-nav-section=\"installation\"> <h2>Como adicionar m\u00fasica de fundo ao meu site jQuery? <\/h2> <p>Basta seguir as orienta\u00e7\u00f5es abaixo para adicionar a ferramenta. <\/p> <ol><li><b>Abra nosso editor gratuito e comece a moldar seu widget exclusivo. <\/b><br> Escolha o design e as caracter\u00edsticas preferidas do widget e salve as edi\u00e7\u00f5es.<\/li> <li><b>Receba o c\u00f3digo exclusivo que aparece no formul\u00e1rio especial nos aplicativos Elfsight<\/b><br> Ap\u00f3s a conclus\u00e3o da personaliza\u00e7\u00e3o do seu pr\u00f3prio plugin, copie o c\u00f3digo individual na caixa exibida e guarde-o para futuras ocasi\u00f5es.<\/li> <li><b>Entre usando o \u00e1udio de fundo na sua p\u00e1gina jQuery<\/b><br> Implemente o c\u00f3digo copiado anteriormente em seu site e aplique as modifica\u00e7\u00f5es.<\/li> <li><b>Pronto! A integra\u00e7\u00e3o \u00e9 totalmente realizada<\/b><br> Visite seu site para examinar o funcionamento do widget.<\/li><\/ol> <p>Se voc\u00ea tiver d\u00favidas ou tiver alguma dificuldade, sinta-se \u00e0 vontade para entrar em contato com nossa equipe de suporte. Nosso pessoal deseja ajud\u00e1-lo com todas as d\u00favidas que voc\u00ea possa ter sobre o plugin.<\/p> <\/div>","protected":false},"excerpt":{"rendered":"","protected":false},"author":9,"featured_media":0,"parent":1292,"menu_order":0,"comment_status":"closed","ping_status":"closed","template":"templates\/template-application-platform.php","meta":{"publish_to_discourse":"","publish_post_category":"","wpdc_auto_publish_overridden":"","wpdc_topic_tags":"","wpdc_pin_topic":"","wpdc_pin_until":"","discourse_post_id":"","discourse_permalink":"","wpdc_publishing_response":"","wpdc_publishing_error":"","footnotes":""},"class_list":["post-5863","page","type-page","status-publish","hentry"],"yoast_head":"<!-- This site is optimized with the Yoast SEO plugin v25.3.1 - https:\/\/yoast.com\/wordpress\/plugins\/seo\/ -->\n<title>Plug-in do reprodutor de m\u00fasica de fundo para o site jQuery (f\u00e1cil e gratuito)<\/title>\n<meta name=\"description\" content=\"Adicione um plugin flex\u00edvel de m\u00fasica de fundo ao seu site jQuery. Use a demonstra\u00e7\u00e3o gerenci\u00e1vel e crie seu reprodutor de \u00e1udio em apenas alguns minutos.\" \/>\n<meta name=\"robots\" content=\"index, follow, max-snippet:-1, max-image-preview:large, max-video-preview:-1\" \/>\n<link rel=\"canonical\" href=\"https:\/\/elfsight.com\/pt\/background-music-widget\/jquery\/\" \/>\n<meta property=\"og:locale\" content=\"pt_PT\" \/>\n<meta property=\"og:type\" content=\"article\" \/>\n<meta property=\"og:title\" content=\"Plug-in do reprodutor de m\u00fasica de fundo para o site jQuery (f\u00e1cil e gratuito)\" \/>\n<meta property=\"og:description\" content=\"Adicione um plugin flex\u00edvel de m\u00fasica de fundo ao seu site jQuery. Use a demonstra\u00e7\u00e3o gerenci\u00e1vel e crie seu reprodutor de \u00e1udio em apenas alguns minutos.\" \/>\n<meta property=\"og:url\" content=\"https:\/\/elfsight.com\/pt\/background-music-widget\/jquery\/\" \/>\n<meta property=\"og:site_name\" content=\"Elfsight PT\" \/>\n<meta property=\"article:modified_time\" content=\"2024-11-13T11:39:14+00:00\" \/>\n<meta name=\"twitter:card\" content=\"summary_large_image\" \/>\n<meta name=\"twitter:label1\" content=\"Tempo estimado de leitura\" \/>\n\t<meta name=\"twitter:data1\" content=\"2 minutos\" \/>\n<!-- \/ Yoast SEO plugin. -->","yoast_head_json":{"title":"Plug-in do reprodutor de m\u00fasica de fundo para o site jQuery (f\u00e1cil e gratuito)","description":"Adicione um plugin flex\u00edvel de m\u00fasica de fundo ao seu site jQuery. Use a demonstra\u00e7\u00e3o gerenci\u00e1vel e crie seu reprodutor de \u00e1udio em apenas alguns minutos.","robots":{"index":"index","follow":"follow","max-snippet":"max-snippet:-1","max-image-preview":"max-image-preview:large","max-video-preview":"max-video-preview:-1"},"canonical":"https:\/\/elfsight.com\/pt\/background-music-widget\/jquery\/","og_locale":"pt_PT","og_type":"article","og_title":"Plug-in do reprodutor de m\u00fasica de fundo para o site jQuery (f\u00e1cil e gratuito)","og_description":"Adicione um plugin flex\u00edvel de m\u00fasica de fundo ao seu site jQuery. Use a demonstra\u00e7\u00e3o gerenci\u00e1vel e crie seu reprodutor de \u00e1udio em apenas alguns minutos.","og_url":"https:\/\/elfsight.com\/pt\/background-music-widget\/jquery\/","og_site_name":"Elfsight PT","article_modified_time":"2024-11-13T11:39:14+00:00","twitter_card":"summary_large_image","twitter_misc":{"Tempo estimado de leitura":"2 minutos"},"schema":{"@context":"https:\/\/schema.org","@graph":[{"@type":"WebPage","@id":"https:\/\/elfsight.com\/pt\/background-music-widget\/jquery\/","url":"https:\/\/elfsight.com\/pt\/background-music-widget\/jquery\/","name":"Plug-in do reprodutor de m\u00fasica de fundo para o site jQuery (f\u00e1cil e gratuito)","isPartOf":{"@id":"https:\/\/elfsight.com\/pt\/#website"},"datePublished":"2024-05-03T06:29:31+00:00","dateModified":"2024-11-13T11:39:14+00:00","description":"Adicione um plugin flex\u00edvel de m\u00fasica de fundo ao seu site jQuery. Use a demonstra\u00e7\u00e3o gerenci\u00e1vel e crie seu reprodutor de \u00e1udio em apenas alguns minutos.","breadcrumb":{"@id":"https:\/\/elfsight.com\/pt\/background-music-widget\/jquery\/#breadcrumb"},"inLanguage":"pt-PT","potentialAction":[{"@type":"ReadAction","target":["https:\/\/elfsight.com\/pt\/background-music-widget\/jquery\/"]}]},{"@type":"BreadcrumbList","@id":"https:\/\/elfsight.com\/pt\/background-music-widget\/jquery\/#breadcrumb","itemListElement":[{"@type":"ListItem","position":1,"name":"Home","item":"https:\/\/elfsight.com\/pt\/"},{"@type":"ListItem","position":2,"name":"Background Music","item":"https:\/\/elfsight.com\/pt\/background-music-widget\/"},{"@type":"ListItem","position":3,"name":"Background Music &#8211; jQuery"}]},{"@type":"WebSite","@id":"https:\/\/elfsight.com\/pt\/#website","url":"https:\/\/elfsight.com\/pt\/","name":"Elfsight PT","description":"Just another Elfsight Sites site","potentialAction":[{"@type":"SearchAction","target":{"@type":"EntryPoint","urlTemplate":"https:\/\/elfsight.com\/pt\/?s={search_term_string}"},"query-input":{"@type":"PropertyValueSpecification","valueRequired":true,"valueName":"search_term_string"}}],"inLanguage":"pt-PT"}]}},"meta_box":{"industry":"","seo_heading":"","heading":"","description":"","cta_heading":"","cta_description":"","application":"1291","h1":"Plug-in de m\u00fasica de fundo jQuery","h1_caption":"Implemente uma op\u00e7\u00e3o divertida em seu site e obtenha clientes mais agradecidos rapidamente","application_category":[],"applications_title":"","applications_request_title":"","applications_request_button_text":"","hero_text":"","hero_video":"","hero_video_schema_markup":"","selling_points_title":"","selling_points_caption":"","selling_points":[],"selling_points_cta_text":"","features_title":"","features":"","ed_cta_examples_text":"","ed_cta_examples_hidden":"","ed_cta_demo_text":"","ed_cta_demo_hidden":"","why_caption":"","why_editor_title":"","why_editor_text":"","why_team_title":"","why_team_text":"","why_service_title":"","why_service_text":"","template_catalog_visible":"","template_catalog_title":"","template_catalog_text":"","template_catalog_categories_visible":"","demo_title":"Crie seu plugin de m\u00fasica de fundo","demo_caption":"Configure sua m\u00fasica de fundo e adicione-a ao seu site jQuery gratuitamente!","default_faq_hidden":"","app_template_category":[],"platform":"55","template_public_id":"","codecanyon_url":"","codecanyon_item_id":"","codecanyon_price":"","pricing_caption":"","pricing_elfsight_apps_hide_column":"","pricing_elfsight_apps_url":"","pricing_codecanyon_price_caption":"","integration_category":[],"integration_request_title":"","integration_request_cta":"","integration_platform":"","integrations":[],"platform_category":[],"video_schema_markup":"","price":"a partir de US$ 0\/m\u00eas","trial":"","benefits":[{"text":"Ajuda de instala\u00e7\u00e3o gratuita"},{"text":"Suporte ao cliente experiente"},{"text":"Garantia de reembolso de 14 dias"},{"text":"Atualiza\u00e7\u00f5es gratuitas regulares"}],"button_url":"#demo","button_target_blank":"","button_nofollow":"","attributes":[{"name":"Instala\u00e7\u00f5es","content":"10,000 - 100,000"},{"name":"Responsivo","content":"Sim"},{"name":"Navegadores compat\u00edveis","content":"Firefox, Safari, Opera, Chrome, Edge"}],"tags":[],"tags_disable_links":"","hide_more_platforms":"","video_object":"","demo_hide_cta":"","demo_hide_cloud_options":"","pricing_title":"","pricing":[{"pricing_icon":"platform","pricing_title":"Elfsight Apps","pricing_title_caption":"Solu\u00e7\u00e3o multiplataforma adequada para qualquer site","pricing_price":"a partir de US$ 0\/m\u00eas","pricing_price_caption":"comece com um plano gratuito","pricing_benefits":[{"text":"Sites ilimitados"},{"text":"Suporte premium e bem documentado"},{"text":"Suporte premium e bem documentado"},{"text":"Design flex\u00edvel"}],"pricing_button_text":"Adicionar ao site","pricing_button_url":"#demo"}],"related_apps_title":"","related_apps_hidden":"","author":"","image":[],"title":"","job":"","social_networks":[]},"_links":{"self":[{"href":"https:\/\/elfsight.com\/pt\/wp-json\/wp\/v2\/pages\/5863","targetHints":{"allow":["GET"]}}],"collection":[{"href":"https:\/\/elfsight.com\/pt\/wp-json\/wp\/v2\/pages"}],"about":[{"href":"https:\/\/elfsight.com\/pt\/wp-json\/wp\/v2\/types\/page"}],"author":[{"embeddable":true,"href":"https:\/\/elfsight.com\/pt\/wp-json\/wp\/v2\/users\/9"}],"replies":[{"embeddable":true,"href":"https:\/\/elfsight.com\/pt\/wp-json\/wp\/v2\/comments?post=5863"}],"version-history":[{"count":1,"href":"https:\/\/elfsight.com\/pt\/wp-json\/wp\/v2\/pages\/5863\/revisions"}],"predecessor-version":[{"id":5867,"href":"https:\/\/elfsight.com\/pt\/wp-json\/wp\/v2\/pages\/5863\/revisions\/5867"}],"up":[{"embeddable":true,"href":"https:\/\/elfsight.com\/pt\/wp-json\/wp\/v2\/pages\/1292"}],"wp:attachment":[{"href":"https:\/\/elfsight.com\/pt\/wp-json\/wp\/v2\/media?parent=5863"}],"curies":[{"name":"wp","href":"https:\/\/api.w.org\/{rel}","templated":true}]}}