{"id":5858,"date":"2024-05-03T06:29:30","date_gmt":"2024-05-03T06:29:30","guid":{"rendered":"https:\/\/elfsight.com\/pt\/?page_id=5858"},"modified":"2024-11-13T11:39:14","modified_gmt":"2024-11-13T11:39:14","slug":"iframe","status":"publish","type":"page","link":"https:\/\/elfsight.com\/pt\/background-music-widget\/iframe\/","title":{"rendered":"Background Music &#8211; iFrame"},"content":{"rendered":"<div class=\"application-platform-content-item-description application-platform-content-item\" id=\"description\" data-nav-section=\"description\"> <h2>Incorpore m\u00fasica de fundo no iFrame com o widget Elfsight<\/h2> <p>O reprodutor de \u00e1udio de fundo \u00e9 uma ferramenta descomplicada que oferece a oportunidade de reproduzir faixas de m\u00fasica diretamente nas suas p\u00e1ginas da web usando o c\u00f3digo iFrame da Elfsight. O widget \u00e9 totalmente modific\u00e1vel: voc\u00ea tem liberdade para alterar sua posi\u00e7\u00e3o, inserindo-o em qualquer lugar da p\u00e1gina, dimensionar seu tamanho, fazer sobre o fundo e outros elementos para mesclar com o estilo do seu site, usar tema escuro, exibir imagens e exibir ou ocultar 4 outros detalhes do jogador, por exemplo barra de progresso, t\u00edtulo e outros. Adicione quantas faixas quiser para entreter o seu p\u00fablico, ative a reprodu\u00e7\u00e3o autom\u00e1tica e n\u00e3o tenha d\u00favidas: os seus visitantes n\u00e3o sair\u00e3o da sua p\u00e1gina web com pressa!<\/p> <p><b>Integre o leitor de m\u00fasica de fundo Elfsight para alcance seus objetivos de neg\u00f3cios com mais rapidez!<\/b><\/p> <\/div> <div class=\"application-platform-content-item-features application-platform-content-item\" id=\"features\" data-nav-section=\"features\"> <h2>Veja a lista dos recursos mais valiosos: <\/h2> <ul><li>V\u00e1rias cores varia\u00e7\u00f5es<\/li><li>Tema de cores claras\/escuras<\/li><li>Design male\u00e1vel<\/li><li>Dois layouts aplic\u00e1veis<\/li><li>Uma op\u00e7\u00e3o para usar imagem de fundo<\/li><\/ul><p><a href=\"#demo\">Voc\u00ea pode descobrir a funcionalidade completa do widget na demonstra\u00e7\u00e3o abaixo<\/a><\/p> <\/div> <div class=\"application-platform-content-item-installation application-platform-content-item\" id=\"installation\" data-nav-section=\"installation\"> <h2>Como adicionar c\u00f3digo Iframe com m\u00fasica de fundo ao site?<\/h2> <p>Basta aplicar as instru\u00e7\u00f5es abaixo para ativar o widget. <\/p> <ol><li><b>Gerenciando nosso configurador gratuito, comece a criar seu pr\u00f3prio widget. <\/b><br> Encontre a apar\u00eancia e as op\u00e7\u00f5es desej\u00e1veis \u200b\u200bdo plugin e aplique as corre\u00e7\u00f5es. <\/li> <li><b>Adquira o c\u00f3digo individual que aparece no formul\u00e1rio especial nas aplica\u00e7\u00f5es Elfsight<\/b><br> Quando a cria\u00e7\u00e3o da sua ferramenta pessoal estiver conclu\u00edda, copie o c\u00f3digo exclusivo da janela que aparece e guarde para ocasi\u00f5es futuras. <\/li> <li><b>Entre usando o \u00e1udio de fundo em seu site iFrame<\/b><br> Adicione o c\u00f3digo que voc\u00ea copiou recentemente em sua p\u00e1gina da web e salve as corre\u00e7\u00f5es. <\/li> <li><b>Conclu\u00eddo! A configura\u00e7\u00e3o est\u00e1 totalmente realizada<\/b><br> Visite sua p\u00e1gina para dar uma olhada no funcionamento do plugin.<\/li><\/ol> <p>Supondo que voc\u00ea tenha d\u00favidas ou se depare com alguma complica\u00e7\u00e3o, n\u00e3o se preocupe medo de entrar em contato com nossa equipe de atendimento ao cliente. Nosso pessoal ficar\u00e1 feliz em ajud\u00e1-lo com todas as d\u00favidas que voc\u00ea possa ter sobre o produto. <\/p> <div class=\"faq\" data-component=\"FAQ\"><div class=\"faq-item\">\r\n\t\t\t\t\t<div class=\"faq-item-question\">\r\n\t\t\t\t\t\t<h3 class=\"faq-item-question-text\">Como posso incorporar um widget de m\u00fasica de fundo iFrame no meu site iFrame sem conhecimentos de codifica\u00e7\u00e3o?<\/h3>\r\n\r\n\t\t\t\t\t\t<div class=\"faq-item-question-icon\"><\/div>\r\n\t\t\t\t\t<\/div>\r\n\r\n\t\t\t\t\t<div class=\"faq-item-answer\">\r\n\t\t\t\t\t\t<div class=\"faq-item-answer-text\"><p>A Elfsight oferece uma solu\u00e7\u00e3o baseada na nuvem que permite aos utilizadores incorporar uma m\u00fasica de fundo iFrame widget por conta pr\u00f3pria, veja como o processo \u00e9 simples:<\/p><ul><li>Acesse o Editor on-line para gerar uma se\u00e7\u00e3o de widget de m\u00fasica de fundo iFrame que voc\u00ea gostaria de integrar ao seu site Squarespace.<\/li><li>Escolha um de nossos modelos pr\u00e9-concebidos e personalize as configura\u00e7\u00f5es do widget M\u00fasica de fundo do iFrame, modifique o layout e o esquema de cores, inclua seu conte\u00fado sem qualquer necessidade de codifica\u00e7\u00e3o.<\/li><li>Salve as configura\u00e7\u00f5es que voc\u00ea configurou para o widget iFrame Background Music e obtenha o c\u00f3digo do widget para incorpora\u00e7\u00e3o, que pode ser facilmente adicionado ao seu site Squarespace sem nenhum custo.<\/li><\/ul><p>Ao trabalhar no editor amig\u00e1vel, qualquer usu\u00e1rio da Internet pode crie uma se\u00e7\u00e3o de widget de m\u00fasica de fundo iFrame e incorpore-a ao site do Squarespace. N\u00e3o h\u00e1 exig\u00eancia de pagamento ou divulga\u00e7\u00e3o dos dados do seu cart\u00e3o para acessar o Editor Elfsight. Se voc\u00ea encontrar alguma dificuldade em qualquer est\u00e1gio, sinta-se \u00e0 vontade para entrar em contato com nosso suporte ao cliente.<\/p><\/div>\r\n\t\t\t\t\t<\/div>\r\n\t\t\t\t<\/div><\/div><\/div>","protected":false},"excerpt":{"rendered":"","protected":false},"author":9,"featured_media":0,"parent":1292,"menu_order":0,"comment_status":"closed","ping_status":"closed","template":"templates\/template-application-platform.php","meta":{"publish_to_discourse":"","publish_post_category":"","wpdc_auto_publish_overridden":"","wpdc_topic_tags":"","wpdc_pin_topic":"","wpdc_pin_until":"","discourse_post_id":"","discourse_permalink":"","wpdc_publishing_response":"","wpdc_publishing_error":"","footnotes":""},"class_list":["post-5858","page","type-page","status-publish","hentry"],"yoast_head":"<!-- This site is optimized with the Yoast SEO plugin v25.3.1 - https:\/\/yoast.com\/wordpress\/plugins\/seo\/ -->\n<title>C\u00f3digo iFrame para reprodutor de m\u00fasica de fundo do site (r\u00e1pido e gratuito)<\/title>\n<meta name=\"description\" content=\"Adicione um reprodutor de m\u00fasica de fundo flex\u00edvel ao seu site iFrame. Utilize a demonstra\u00e7\u00e3o pr\u00e1tica da Elfsight e crie seu widget de \u00e1udio personalizado em apenas 2 minutos.\" \/>\n<meta name=\"robots\" content=\"index, follow, max-snippet:-1, max-image-preview:large, max-video-preview:-1\" \/>\n<link rel=\"canonical\" href=\"https:\/\/elfsight.com\/pt\/background-music-widget\/iframe\/\" \/>\n<meta property=\"og:locale\" content=\"pt_PT\" \/>\n<meta property=\"og:type\" content=\"article\" \/>\n<meta property=\"og:title\" content=\"C\u00f3digo iFrame para reprodutor de m\u00fasica de fundo do site (r\u00e1pido e gratuito)\" \/>\n<meta property=\"og:description\" content=\"Adicione um reprodutor de m\u00fasica de fundo flex\u00edvel ao seu site iFrame. Utilize a demonstra\u00e7\u00e3o pr\u00e1tica da Elfsight e crie seu widget de \u00e1udio personalizado em apenas 2 minutos.\" \/>\n<meta property=\"og:url\" content=\"https:\/\/elfsight.com\/pt\/background-music-widget\/iframe\/\" \/>\n<meta property=\"og:site_name\" content=\"Elfsight PT\" \/>\n<meta property=\"article:modified_time\" content=\"2024-11-13T11:39:14+00:00\" \/>\n<meta name=\"twitter:card\" content=\"summary_large_image\" \/>\n<meta name=\"twitter:label1\" content=\"Tempo estimado de leitura\" \/>\n\t<meta name=\"twitter:data1\" content=\"3 minutos\" \/>\n<!-- \/ Yoast SEO plugin. -->","yoast_head_json":{"title":"C\u00f3digo iFrame para reprodutor de m\u00fasica de fundo do site (r\u00e1pido e gratuito)","description":"Adicione um reprodutor de m\u00fasica de fundo flex\u00edvel ao seu site iFrame. Utilize a demonstra\u00e7\u00e3o pr\u00e1tica da Elfsight e crie seu widget de \u00e1udio personalizado em apenas 2 minutos.","robots":{"index":"index","follow":"follow","max-snippet":"max-snippet:-1","max-image-preview":"max-image-preview:large","max-video-preview":"max-video-preview:-1"},"canonical":"https:\/\/elfsight.com\/pt\/background-music-widget\/iframe\/","og_locale":"pt_PT","og_type":"article","og_title":"C\u00f3digo iFrame para reprodutor de m\u00fasica de fundo do site (r\u00e1pido e gratuito)","og_description":"Adicione um reprodutor de m\u00fasica de fundo flex\u00edvel ao seu site iFrame. Utilize a demonstra\u00e7\u00e3o pr\u00e1tica da Elfsight e crie seu widget de \u00e1udio personalizado em apenas 2 minutos.","og_url":"https:\/\/elfsight.com\/pt\/background-music-widget\/iframe\/","og_site_name":"Elfsight PT","article_modified_time":"2024-11-13T11:39:14+00:00","twitter_card":"summary_large_image","twitter_misc":{"Tempo estimado de leitura":"3 minutos"},"schema":{"@context":"https:\/\/schema.org","@graph":[{"@type":"WebPage","@id":"https:\/\/elfsight.com\/pt\/background-music-widget\/iframe\/","url":"https:\/\/elfsight.com\/pt\/background-music-widget\/iframe\/","name":"C\u00f3digo iFrame para reprodutor de m\u00fasica de fundo do site (r\u00e1pido e gratuito)","isPartOf":{"@id":"https:\/\/elfsight.com\/pt\/#website"},"datePublished":"2024-05-03T06:29:30+00:00","dateModified":"2024-11-13T11:39:14+00:00","description":"Adicione um reprodutor de m\u00fasica de fundo flex\u00edvel ao seu site iFrame. Utilize a demonstra\u00e7\u00e3o pr\u00e1tica da Elfsight e crie seu widget de \u00e1udio personalizado em apenas 2 minutos.","breadcrumb":{"@id":"https:\/\/elfsight.com\/pt\/background-music-widget\/iframe\/#breadcrumb"},"inLanguage":"pt-PT","potentialAction":[{"@type":"ReadAction","target":["https:\/\/elfsight.com\/pt\/background-music-widget\/iframe\/"]}]},{"@type":"BreadcrumbList","@id":"https:\/\/elfsight.com\/pt\/background-music-widget\/iframe\/#breadcrumb","itemListElement":[{"@type":"ListItem","position":1,"name":"Home","item":"https:\/\/elfsight.com\/pt\/"},{"@type":"ListItem","position":2,"name":"Background Music","item":"https:\/\/elfsight.com\/pt\/background-music-widget\/"},{"@type":"ListItem","position":3,"name":"Background Music &#8211; iFrame"}]},{"@type":"WebSite","@id":"https:\/\/elfsight.com\/pt\/#website","url":"https:\/\/elfsight.com\/pt\/","name":"Elfsight PT","description":"Just another Elfsight Sites site","potentialAction":[{"@type":"SearchAction","target":{"@type":"EntryPoint","urlTemplate":"https:\/\/elfsight.com\/pt\/?s={search_term_string}"},"query-input":{"@type":"PropertyValueSpecification","valueRequired":true,"valueName":"search_term_string"}}],"inLanguage":"pt-PT"}]}},"meta_box":{"industry":"","seo_heading":"","heading":"","description":"","cta_heading":"","cta_description":"","application":"1291","h1":"C\u00f3digo da m\u00fasica de fundo iFrame","h1_caption":"Incorpore uma op\u00e7\u00e3o atraente \u00e0 sua p\u00e1gina inicial e obtenha clientes mais satisfeitos rapidamente","application_category":[],"applications_title":"","applications_request_title":"","applications_request_button_text":"","hero_text":"","hero_video":"","hero_video_schema_markup":"","selling_points_title":"","selling_points_caption":"","selling_points":[],"selling_points_cta_text":"","features_title":"","features":"","ed_cta_examples_text":"","ed_cta_examples_hidden":"","ed_cta_demo_text":"","ed_cta_demo_hidden":"","why_caption":"","why_editor_title":"","why_editor_text":"","why_team_title":"","why_team_text":"","why_service_title":"","why_service_text":"","template_catalog_visible":"","template_catalog_title":"","template_catalog_text":"","template_catalog_categories_visible":"","demo_title":"Crie seu widget de m\u00fasica de fundo","demo_caption":"Configure sua m\u00fasica de fundo e adicione-a ao seu site iFrame gratuitamente!","default_faq_hidden":"","app_template_category":[],"platform":"4911","template_public_id":"","codecanyon_url":"","codecanyon_item_id":"","codecanyon_price":"","pricing_caption":"","pricing_elfsight_apps_hide_column":"","pricing_elfsight_apps_url":"","pricing_codecanyon_price_caption":"","integration_category":[],"integration_request_title":"","integration_request_cta":"","integration_platform":"","integrations":[],"platform_category":[],"video_schema_markup":"","price":"a partir de US$ 0\/m\u00eas","trial":"","benefits":[{"text":"Assist\u00eancia de instala\u00e7\u00e3o gratuita"},{"text":"Atendimento ao cliente profissional"},{"text":"Garantia de devolu\u00e7\u00e3o do dinheiro em 14 dias"},{"text":"Melhorias cont\u00ednuas"}],"button_url":"#demo","button_target_blank":"","button_nofollow":"","attributes":[{"name":"Instala\u00e7\u00f5es","content":"10,000 - 100,000"},{"name":"Responsivo","content":"Sim"},{"name":"Navegadores compat\u00edveis","content":"Firefox, Safari, Edge, Opera, Chrome"}],"tags":[],"tags_disable_links":"","hide_more_platforms":"","video_object":"","demo_hide_cta":"","demo_hide_cloud_options":"","pricing_title":"","pricing":[{"pricing_icon":"platform","pricing_title":"Elfsight Apps","pricing_title_caption":"Vers\u00e3o independente de plataforma que se adapta a qualquer site","pricing_price":"a partir de US$ 0\/m\u00eas","pricing_price_caption":"comece com plano gratuito","pricing_benefits":[{"text":"N\u00famero ilimitado de sites"},{"text":"Suporte dedicado"},{"text":"Suporte dedicado"},{"text":"\u00d3timo neg\u00f3cio para v\u00e1rios aplicativos"}],"pricing_button_text":"Adicionar ao site","pricing_button_url":"#demo"}],"related_apps_title":"","related_apps_hidden":"","author":"","image":[],"title":"","job":"","social_networks":[]},"_links":{"self":[{"href":"https:\/\/elfsight.com\/pt\/wp-json\/wp\/v2\/pages\/5858","targetHints":{"allow":["GET"]}}],"collection":[{"href":"https:\/\/elfsight.com\/pt\/wp-json\/wp\/v2\/pages"}],"about":[{"href":"https:\/\/elfsight.com\/pt\/wp-json\/wp\/v2\/types\/page"}],"author":[{"embeddable":true,"href":"https:\/\/elfsight.com\/pt\/wp-json\/wp\/v2\/users\/9"}],"replies":[{"embeddable":true,"href":"https:\/\/elfsight.com\/pt\/wp-json\/wp\/v2\/comments?post=5858"}],"version-history":[{"count":1,"href":"https:\/\/elfsight.com\/pt\/wp-json\/wp\/v2\/pages\/5858\/revisions"}],"predecessor-version":[{"id":5862,"href":"https:\/\/elfsight.com\/pt\/wp-json\/wp\/v2\/pages\/5858\/revisions\/5862"}],"up":[{"embeddable":true,"href":"https:\/\/elfsight.com\/pt\/wp-json\/wp\/v2\/pages\/1292"}],"wp:attachment":[{"href":"https:\/\/elfsight.com\/pt\/wp-json\/wp\/v2\/media?parent=5858"}],"curies":[{"name":"wp","href":"https:\/\/api.w.org\/{rel}","templated":true}]}}