{"id":5857,"date":"2024-05-03T06:29:29","date_gmt":"2024-05-03T06:29:29","guid":{"rendered":"https:\/\/elfsight.com\/pt\/?page_id=5857"},"modified":"2024-11-13T11:39:06","modified_gmt":"2024-11-13T11:39:06","slug":"magento","status":"publish","type":"page","link":"https:\/\/elfsight.com\/pt\/background-music-widget\/magento\/","title":{"rendered":"Background Music &#8211; Magento"},"content":{"rendered":"<div class=\"application-platform-content-item-description application-platform-content-item\" id=\"description\" data-nav-section=\"description\"> <h2>Descri\u00e7\u00e3o<\/h2> <p>O Elfsight Background Audio player \u00e9 uma extens\u00e3o simples para sites Magento que permite reproduzir faixas de m\u00fasica diretamente na sua web p\u00e1gina. O plugin \u00e9 extremamente ajust\u00e1vel: voc\u00ea pode alterar seu posicionamento, incorpor\u00e1-lo em qualquer lugar da p\u00e1gina, dimensionar seu tamanho, recolorir o fundo e todos os outros elementos para combin\u00e1-lo com o design do seu site, aplicar esquema de cores escuras, demonstrar capas e mostrar ou ocultar quatro elementos adicionais do jogador, por exemplo barra de progresso, t\u00edtulo e outros. Adicione quantas faixas precisar para entreter seus visitantes, ative a op\u00e7\u00e3o de reprodu\u00e7\u00e3o autom\u00e1tica e n\u00e3o hesite &#8211; seu p\u00fablico n\u00e3o sair\u00e1 do site com pressa!<\/p> <p><b>Com o reprodutor de m\u00fasica de fundo da Elfsight , ter desenvolvimento de neg\u00f3cios sustent\u00e1vel e mais vendas <\/b><\/p> <\/div> <div class=\"application-platform-content-item-features application-platform-content-item\" id=\"features\" data-nav-section=\"features\"> <h2>Estes s\u00e3o apenas alguns dos muitos recursos de extens\u00e3o:<\/h2> <ul><li>V\u00e1rias varia\u00e7\u00f5es de cores<\/li><li>Tema de cores claras\/escuras<\/li><li>Design flex\u00edvel<\/li><li>Dois layouts prontos para uso<\/li><li>Possibilidade de anexar imagem de fundo<\/li><\/ul><p><a href=\"#demo\">Basta experimentar esta demonstra\u00e7\u00e3o para ver quanto vale a extens\u00e3o<\/a><\/p> <\/div> <div class=\"application-platform-content-item-installation application-platform-content-item\" id=\"installation\" data-nav-section=\"installation\"> <h2>Como fa\u00e7o para incorporar m\u00fasica de fundo \u00e0 minha p\u00e1gina Magento?<\/h2> <p>Basta aplicar as instru\u00e7\u00f5es abaixo para inserir a ferramenta.<\/p> <ol><li><b>Utilize nosso servi\u00e7o gratuito demonstra\u00e7\u00e3o e comece a trabalhar com sua extens\u00e3o personalizada. <\/b><br> Escolha o design personalizado e os recursos da extens\u00e3o e salve todas as corre\u00e7\u00f5es. <\/li> <li><b>Copie o seu c\u00f3digo pessoal que aparece na caixa dos aplicativos Elfsight. <\/b><br> Logo ap\u00f3s a cria\u00e7\u00e3o da sua extens\u00e3o, copie o c\u00f3digo individual da janela que aparece e guarde-o para futuras ocasi\u00f5es. <\/li> <li><b>Comece a usar a extens\u00e3o no seu site Magento. <\/b><br>Incorpore o c\u00f3digo salvo recentemente em seu site e aplique os ajustes. <\/li> <li><b>Conclu\u00eddo! A incorpora\u00e7\u00e3o est\u00e1 totalmente realizada. <\/b><br> Acesse seu site para revisar o trabalho da extens\u00e3o. <\/li><\/ol><p>Na condi\u00e7\u00e3o de lidar com d\u00favidas ou encontrar algum obst\u00e1culo, n\u00e3o tenha medo de escrever para nossa equipe de suporte. Nossos especialistas est\u00e3o ansiosos para ajud\u00e1-lo com todos os problemas que voc\u00ea possa ter com a ferramenta. <\/p> <\/div>","protected":false},"excerpt":{"rendered":"","protected":false},"author":9,"featured_media":0,"parent":1292,"menu_order":0,"comment_status":"closed","ping_status":"closed","template":"templates\/template-application-platform.php","meta":{"publish_to_discourse":"","publish_post_category":"","wpdc_auto_publish_overridden":"","wpdc_topic_tags":"","wpdc_pin_topic":"","wpdc_pin_until":"","discourse_post_id":"","discourse_permalink":"","wpdc_publishing_response":"","wpdc_publishing_error":"","footnotes":""},"class_list":["post-5857","page","type-page","status-publish","hentry"],"yoast_head":"<!-- This site is optimized with the Yoast SEO plugin v25.3.1 - https:\/\/yoast.com\/wordpress\/plugins\/seo\/ -->\n<title>Extens\u00e3o de m\u00fasica de fundo para site Magento (gratuita e sem codifica\u00e7\u00e3o)<\/title>\n<meta name=\"description\" content=\"Integre uma ferramenta flex\u00edvel de m\u00fasica de fundo em seu site Magento. Use a demonstra\u00e7\u00e3o \u00fatil e crie sua ferramenta exclusiva em apenas alguns minutos.\" \/>\n<meta name=\"robots\" content=\"index, follow, max-snippet:-1, max-image-preview:large, max-video-preview:-1\" \/>\n<link rel=\"canonical\" href=\"https:\/\/elfsight.com\/pt\/background-music-widget\/magento\/\" \/>\n<meta property=\"og:locale\" content=\"pt_PT\" \/>\n<meta property=\"og:type\" content=\"article\" \/>\n<meta property=\"og:title\" content=\"Extens\u00e3o de m\u00fasica de fundo para site Magento (gratuita e sem codifica\u00e7\u00e3o)\" \/>\n<meta property=\"og:description\" content=\"Integre uma ferramenta flex\u00edvel de m\u00fasica de fundo em seu site Magento. Use a demonstra\u00e7\u00e3o \u00fatil e crie sua ferramenta exclusiva em apenas alguns minutos.\" \/>\n<meta property=\"og:url\" content=\"https:\/\/elfsight.com\/pt\/background-music-widget\/magento\/\" \/>\n<meta property=\"og:site_name\" content=\"Elfsight PT\" \/>\n<meta property=\"article:modified_time\" content=\"2024-11-13T11:39:06+00:00\" \/>\n<meta name=\"twitter:card\" content=\"summary_large_image\" \/>\n<meta name=\"twitter:label1\" content=\"Tempo estimado de leitura\" \/>\n\t<meta name=\"twitter:data1\" content=\"2 minutos\" \/>\n<!-- \/ Yoast SEO plugin. -->","yoast_head_json":{"title":"Extens\u00e3o de m\u00fasica de fundo para site Magento (gratuita e sem codifica\u00e7\u00e3o)","description":"Integre uma ferramenta flex\u00edvel de m\u00fasica de fundo em seu site Magento. Use a demonstra\u00e7\u00e3o \u00fatil e crie sua ferramenta exclusiva em apenas alguns minutos.","robots":{"index":"index","follow":"follow","max-snippet":"max-snippet:-1","max-image-preview":"max-image-preview:large","max-video-preview":"max-video-preview:-1"},"canonical":"https:\/\/elfsight.com\/pt\/background-music-widget\/magento\/","og_locale":"pt_PT","og_type":"article","og_title":"Extens\u00e3o de m\u00fasica de fundo para site Magento (gratuita e sem codifica\u00e7\u00e3o)","og_description":"Integre uma ferramenta flex\u00edvel de m\u00fasica de fundo em seu site Magento. Use a demonstra\u00e7\u00e3o \u00fatil e crie sua ferramenta exclusiva em apenas alguns minutos.","og_url":"https:\/\/elfsight.com\/pt\/background-music-widget\/magento\/","og_site_name":"Elfsight PT","article_modified_time":"2024-11-13T11:39:06+00:00","twitter_card":"summary_large_image","twitter_misc":{"Tempo estimado de leitura":"2 minutos"},"schema":{"@context":"https:\/\/schema.org","@graph":[{"@type":"WebPage","@id":"https:\/\/elfsight.com\/pt\/background-music-widget\/magento\/","url":"https:\/\/elfsight.com\/pt\/background-music-widget\/magento\/","name":"Extens\u00e3o de m\u00fasica de fundo para site Magento (gratuita e sem codifica\u00e7\u00e3o)","isPartOf":{"@id":"https:\/\/elfsight.com\/pt\/#website"},"datePublished":"2024-05-03T06:29:29+00:00","dateModified":"2024-11-13T11:39:06+00:00","description":"Integre uma ferramenta flex\u00edvel de m\u00fasica de fundo em seu site Magento. Use a demonstra\u00e7\u00e3o \u00fatil e crie sua ferramenta exclusiva em apenas alguns minutos.","breadcrumb":{"@id":"https:\/\/elfsight.com\/pt\/background-music-widget\/magento\/#breadcrumb"},"inLanguage":"pt-PT","potentialAction":[{"@type":"ReadAction","target":["https:\/\/elfsight.com\/pt\/background-music-widget\/magento\/"]}]},{"@type":"BreadcrumbList","@id":"https:\/\/elfsight.com\/pt\/background-music-widget\/magento\/#breadcrumb","itemListElement":[{"@type":"ListItem","position":1,"name":"Home","item":"https:\/\/elfsight.com\/pt\/"},{"@type":"ListItem","position":2,"name":"Background Music","item":"https:\/\/elfsight.com\/pt\/background-music-widget\/"},{"@type":"ListItem","position":3,"name":"Background Music &#8211; Magento"}]},{"@type":"WebSite","@id":"https:\/\/elfsight.com\/pt\/#website","url":"https:\/\/elfsight.com\/pt\/","name":"Elfsight PT","description":"Just another Elfsight Sites site","potentialAction":[{"@type":"SearchAction","target":{"@type":"EntryPoint","urlTemplate":"https:\/\/elfsight.com\/pt\/?s={search_term_string}"},"query-input":{"@type":"PropertyValueSpecification","valueRequired":true,"valueName":"search_term_string"}}],"inLanguage":"pt-PT"}]}},"meta_box":{"industry":"","seo_heading":"","heading":"","description":"","cta_heading":"","cta_description":"","application":"1291","h1":"Extens\u00e3o de m\u00fasica de fundo Magento","h1_caption":"Insira um recurso divertido em sua p\u00e1gina inicial e obtenha mais clientes satisfeitos com um clique","application_category":[],"applications_title":"","applications_request_title":"","applications_request_button_text":"","hero_text":"","hero_video":"","hero_video_schema_markup":"","selling_points_title":"","selling_points_caption":"","selling_points":[],"selling_points_cta_text":"","features_title":"","features":"","ed_cta_examples_text":"","ed_cta_examples_hidden":"","ed_cta_demo_text":"","ed_cta_demo_hidden":"","why_caption":"","why_editor_title":"","why_editor_text":"","why_team_title":"","why_team_text":"","why_service_title":"","why_service_text":"","template_catalog_visible":"","template_catalog_title":"","template_catalog_text":"","template_catalog_categories_visible":"","demo_title":"Crie sua extens\u00e3o de m\u00fasica de fundo","demo_caption":"Configure sua m\u00fasica de fundo e adicione-a ao seu site Magento gratuitamente!","default_faq_hidden":"","app_template_category":[],"platform":"58","template_public_id":"","codecanyon_url":"","codecanyon_item_id":"","codecanyon_price":"","pricing_caption":"","pricing_elfsight_apps_hide_column":"","pricing_elfsight_apps_url":"","pricing_codecanyon_price_caption":"","integration_category":[],"integration_request_title":"","integration_request_cta":"","integration_platform":"","integrations":[],"platform_category":[],"video_schema_markup":"","price":"a partir de US$ 0\/m\u00eas","trial":"","benefits":[{"text":"Servi\u00e7o de instala\u00e7\u00e3o gratuito"},{"text":"Atendimento ao cliente profissional"},{"text":"Garantia de reembolso de 14 dias"},{"text":"Futuras atualiza\u00e7\u00f5es gratuitas"}],"button_url":"#demo","button_target_blank":"","button_nofollow":"","attributes":[{"name":"Instala\u00e7\u00f5es","content":"10,000 - 100,000"},{"name":"Responsivo","content":"Sim"},{"name":"Navegadores compat\u00edveis","content":"Firefox, Safari, Opera, Chrome, Edge"}],"tags":[],"tags_disable_links":"","hide_more_platforms":"","video_object":"","demo_hide_cta":"","demo_hide_cloud_options":"","pricing_title":"","pricing":[{"pricing_icon":"platform","pricing_title":"Elfsight Apps","pricing_title_caption":"Solu\u00e7\u00e3o digital multiplataforma que funciona em qualquer site","pricing_price":"a partir de US$ 0\/m\u00eas","pricing_price_caption":"comece com plano gratuito","pricing_benefits":[{"text":"Sites ilimitados"},{"text":"Suporte profissional da empresa e bem documentado"},{"text":"Suporte profissional da empresa e bem documentado"},{"text":"100% personaliz\u00e1vel"}],"pricing_button_text":"Adicionar ao site","pricing_button_url":"#demo"}],"related_apps_title":"","related_apps_hidden":"","author":"","image":[],"title":"","job":"","social_networks":[]},"_links":{"self":[{"href":"https:\/\/elfsight.com\/pt\/wp-json\/wp\/v2\/pages\/5857","targetHints":{"allow":["GET"]}}],"collection":[{"href":"https:\/\/elfsight.com\/pt\/wp-json\/wp\/v2\/pages"}],"about":[{"href":"https:\/\/elfsight.com\/pt\/wp-json\/wp\/v2\/types\/page"}],"author":[{"embeddable":true,"href":"https:\/\/elfsight.com\/pt\/wp-json\/wp\/v2\/users\/9"}],"replies":[{"embeddable":true,"href":"https:\/\/elfsight.com\/pt\/wp-json\/wp\/v2\/comments?post=5857"}],"version-history":[{"count":1,"href":"https:\/\/elfsight.com\/pt\/wp-json\/wp\/v2\/pages\/5857\/revisions"}],"predecessor-version":[{"id":5861,"href":"https:\/\/elfsight.com\/pt\/wp-json\/wp\/v2\/pages\/5857\/revisions\/5861"}],"up":[{"embeddable":true,"href":"https:\/\/elfsight.com\/pt\/wp-json\/wp\/v2\/pages\/1292"}],"wp:attachment":[{"href":"https:\/\/elfsight.com\/pt\/wp-json\/wp\/v2\/media?parent=5857"}],"curies":[{"name":"wp","href":"https:\/\/api.w.org\/{rel}","templated":true}]}}