{"id":5850,"date":"2024-05-03T06:29:26","date_gmt":"2024-05-03T06:29:26","guid":{"rendered":"https:\/\/elfsight.com\/pt\/?page_id=5850"},"modified":"2024-11-13T11:39:06","modified_gmt":"2024-11-13T11:39:06","slug":"opencart","status":"publish","type":"page","link":"https:\/\/elfsight.com\/pt\/background-music-widget\/opencart\/","title":{"rendered":"Background Music &#8211; OpenCart"},"content":{"rendered":"<div class=\"application-platform-content-item-description application-platform-content-item\" id=\"description\" data-nav-section=\"description\"> <h2>Descri\u00e7\u00e3o<\/h2> <p>O reprodutor de \u00e1udio de fundo Elfsight \u00e9 uma extens\u00e3o simples para sites OpenCart que permite reproduzir faixas de m\u00fasica diretamente no seu p\u00e1gina da Internet. A ferramenta \u00e9 extremamente ajust\u00e1vel: voc\u00ea pode alterar sua posi\u00e7\u00e3o, defini-la em qualquer lugar da p\u00e1gina, alterar seu tamanho, repintar o fundo e outros elementos para combin\u00e1-lo com o estilo do seu site, aplicar esquema de cores escuras, mostrar capas e mostrar ou ocultar quatro outras partes do jogador, como barra de progresso, t\u00edtulo e muito mais. Adicione quantas faixas desejar para envolver seus visitantes, ative a op\u00e7\u00e3o de reprodu\u00e7\u00e3o autom\u00e1tica e n\u00e3o hesite &#8211; seu p\u00fablico n\u00e3o sair\u00e1 do seu site com pressa!<\/p> <p><b>Com o reprodutor de m\u00fasica de fundo da Elfsight , inicie o crescimento ativo dos neg\u00f3cios e aumente as vendas <\/b><\/p> <\/div> <div class=\"application-platform-content-item-features application-platform-content-item\" id=\"features\" data-nav-section=\"features\"> <h2>Encontre abaixo os recursos fundamentais da extens\u00e3o:<\/h2> <ul><li>V\u00e1rios varia\u00e7\u00f5es de cores<\/li><li>Tema de cores claras\/escuras<\/li><li>Design male\u00e1vel<\/li><li>2 layouts dispon\u00edveis<\/li><li>Uma op\u00e7\u00e3o para usar imagem de fundo<\/li> <\/ul><p><a href=\"#demo\">Experimente esta demonstra\u00e7\u00e3o para ter uma ideia completa<\/a><\/p> <\/div> <div class=\"application-platform-content-item-installation application-platform-content-item\" id=\"installation\" data-nav-section=\"installation\"> <h2>Como adicionar m\u00fasica de fundo ao meu site OpenCart? <\/h2> <p>Basta seguir as orienta\u00e7\u00f5es abaixo para come\u00e7ar a trabalhar com a extens\u00e3o. <\/p> <ol><li><b>Utilize nosso editor gratuito e comece a criar sua extens\u00e3o personalizada. <\/b><br> Escolha o design selecionado e as op\u00e7\u00f5es da extens\u00e3o e aplique todas as edi\u00e7\u00f5es. <\/li> <li><b>Receba seu c\u00f3digo exclusivo demonstrado na caixa dos aplicativos Elfsight. <\/b><br> Assim que terminar a cria\u00e7\u00e3o da sua extens\u00e3o, copie o c\u00f3digo exclusivo no popup exibido e guarde-o para uso futuro. <\/li> <li><b>Comece a usar a extens\u00e3o no site OpenCart. <\/b><br> Adicione o c\u00f3digo que voc\u00ea copiou recentemente em sua p\u00e1gina da web e aplique as edi\u00e7\u00f5es. <\/li> <li><b>Conclu\u00eddo! A integra\u00e7\u00e3o \u00e9 totalmente realizada. <\/b><br> Abra seu site para ver em a\u00e7\u00e3o o desempenho da extens\u00e3o. <\/li><\/ol><p>Se voc\u00ea tiver d\u00favidas ou se deparar com alguns obst\u00e1culos, entre em contato com nossa equipe de suporte. Nossos consultores ter\u00e3o prazer em resolver todos os problemas que voc\u00ea possa ter no produto. <\/p> <\/div>","protected":false},"excerpt":{"rendered":"","protected":false},"author":9,"featured_media":0,"parent":1292,"menu_order":0,"comment_status":"closed","ping_status":"closed","template":"templates\/template-application-platform.php","meta":{"publish_to_discourse":"","publish_post_category":"","wpdc_auto_publish_overridden":"","wpdc_topic_tags":"","wpdc_pin_topic":"","wpdc_pin_until":"","discourse_post_id":"","discourse_permalink":"","wpdc_publishing_response":"","wpdc_publishing_error":"","footnotes":""},"class_list":["post-5850","page","type-page","status-publish","hentry"],"yoast_head":"<!-- This site is optimized with the Yoast SEO plugin v25.3.1 - https:\/\/yoast.com\/wordpress\/plugins\/seo\/ -->\n<title>Leitor de m\u00fasica de fundo para o site Elementor (gratuito e sem codifica\u00e7\u00e3o)<\/title>\n<meta name=\"description\" content=\"Adicione um widget de m\u00fasica de fundo impression\u00e1vel em sua p\u00e1gina OpenCart. Utilize nossa demonstra\u00e7\u00e3o pr\u00e1tica e crie seu widget personalizado em apenas alguns minutos.\" \/>\n<meta name=\"robots\" content=\"index, follow, max-snippet:-1, max-image-preview:large, max-video-preview:-1\" \/>\n<link rel=\"canonical\" href=\"https:\/\/elfsight.com\/pt\/background-music-widget\/opencart\/\" \/>\n<meta property=\"og:locale\" content=\"pt_PT\" \/>\n<meta property=\"og:type\" content=\"article\" \/>\n<meta property=\"og:title\" content=\"Leitor de m\u00fasica de fundo para o site Elementor (gratuito e sem codifica\u00e7\u00e3o)\" \/>\n<meta property=\"og:description\" content=\"Adicione um widget de m\u00fasica de fundo impression\u00e1vel em sua p\u00e1gina OpenCart. Utilize nossa demonstra\u00e7\u00e3o pr\u00e1tica e crie seu widget personalizado em apenas alguns minutos.\" \/>\n<meta property=\"og:url\" content=\"https:\/\/elfsight.com\/pt\/background-music-widget\/opencart\/\" \/>\n<meta property=\"og:site_name\" content=\"Elfsight PT\" \/>\n<meta property=\"article:modified_time\" content=\"2024-11-13T11:39:06+00:00\" \/>\n<meta name=\"twitter:card\" content=\"summary_large_image\" \/>\n<meta name=\"twitter:label1\" content=\"Tempo estimado de leitura\" \/>\n\t<meta name=\"twitter:data1\" content=\"2 minutos\" \/>\n<!-- \/ Yoast SEO plugin. -->","yoast_head_json":{"title":"Leitor de m\u00fasica de fundo para o site Elementor (gratuito e sem codifica\u00e7\u00e3o)","description":"Adicione um widget de m\u00fasica de fundo impression\u00e1vel em sua p\u00e1gina OpenCart. Utilize nossa demonstra\u00e7\u00e3o pr\u00e1tica e crie seu widget personalizado em apenas alguns minutos.","robots":{"index":"index","follow":"follow","max-snippet":"max-snippet:-1","max-image-preview":"max-image-preview:large","max-video-preview":"max-video-preview:-1"},"canonical":"https:\/\/elfsight.com\/pt\/background-music-widget\/opencart\/","og_locale":"pt_PT","og_type":"article","og_title":"Leitor de m\u00fasica de fundo para o site Elementor (gratuito e sem codifica\u00e7\u00e3o)","og_description":"Adicione um widget de m\u00fasica de fundo impression\u00e1vel em sua p\u00e1gina OpenCart. Utilize nossa demonstra\u00e7\u00e3o pr\u00e1tica e crie seu widget personalizado em apenas alguns minutos.","og_url":"https:\/\/elfsight.com\/pt\/background-music-widget\/opencart\/","og_site_name":"Elfsight PT","article_modified_time":"2024-11-13T11:39:06+00:00","twitter_card":"summary_large_image","twitter_misc":{"Tempo estimado de leitura":"2 minutos"},"schema":{"@context":"https:\/\/schema.org","@graph":[{"@type":"WebPage","@id":"https:\/\/elfsight.com\/pt\/background-music-widget\/opencart\/","url":"https:\/\/elfsight.com\/pt\/background-music-widget\/opencart\/","name":"Leitor de m\u00fasica de fundo para o site Elementor (gratuito e sem codifica\u00e7\u00e3o)","isPartOf":{"@id":"https:\/\/elfsight.com\/pt\/#website"},"datePublished":"2024-05-03T06:29:26+00:00","dateModified":"2024-11-13T11:39:06+00:00","description":"Adicione um widget de m\u00fasica de fundo impression\u00e1vel em sua p\u00e1gina OpenCart. Utilize nossa demonstra\u00e7\u00e3o pr\u00e1tica e crie seu widget personalizado em apenas alguns minutos.","breadcrumb":{"@id":"https:\/\/elfsight.com\/pt\/background-music-widget\/opencart\/#breadcrumb"},"inLanguage":"pt-PT","potentialAction":[{"@type":"ReadAction","target":["https:\/\/elfsight.com\/pt\/background-music-widget\/opencart\/"]}]},{"@type":"BreadcrumbList","@id":"https:\/\/elfsight.com\/pt\/background-music-widget\/opencart\/#breadcrumb","itemListElement":[{"@type":"ListItem","position":1,"name":"Home","item":"https:\/\/elfsight.com\/pt\/"},{"@type":"ListItem","position":2,"name":"Background Music","item":"https:\/\/elfsight.com\/pt\/background-music-widget\/"},{"@type":"ListItem","position":3,"name":"Background Music &#8211; OpenCart"}]},{"@type":"WebSite","@id":"https:\/\/elfsight.com\/pt\/#website","url":"https:\/\/elfsight.com\/pt\/","name":"Elfsight PT","description":"Just another Elfsight Sites site","potentialAction":[{"@type":"SearchAction","target":{"@type":"EntryPoint","urlTemplate":"https:\/\/elfsight.com\/pt\/?s={search_term_string}"},"query-input":{"@type":"PropertyValueSpecification","valueRequired":true,"valueName":"search_term_string"}}],"inLanguage":"pt-PT"}]}},"meta_box":{"industry":"","seo_heading":"","heading":"","description":"","cta_heading":"","cta_description":"","application":"1291","h1":"Extens\u00e3o de m\u00fasica de fundo OpenCart","h1_caption":"Implemente um recurso atraente em sua p\u00e1gina inicial e atraia mais clientes satisfeitos com um clique","application_category":[],"applications_title":"","applications_request_title":"","applications_request_button_text":"","hero_text":"","hero_video":"","hero_video_schema_markup":"","selling_points_title":"","selling_points_caption":"","selling_points":[],"selling_points_cta_text":"","features_title":"","features":"","ed_cta_examples_text":"","ed_cta_examples_hidden":"","ed_cta_demo_text":"","ed_cta_demo_hidden":"","why_caption":"","why_editor_title":"","why_editor_text":"","why_team_title":"","why_team_text":"","why_service_title":"","why_service_text":"","template_catalog_visible":"","template_catalog_title":"","template_catalog_text":"","template_catalog_categories_visible":"","demo_title":"Crie sua extens\u00e3o de m\u00fasica de fundo","demo_caption":"Configure sua m\u00fasica de fundo e adicione-a ao seu site OpenCart gratuitamente!","default_faq_hidden":"","app_template_category":[],"platform":"61","template_public_id":"","codecanyon_url":"","codecanyon_item_id":"","codecanyon_price":"","pricing_caption":"","pricing_elfsight_apps_hide_column":"","pricing_elfsight_apps_url":"","pricing_codecanyon_price_caption":"","integration_category":[],"integration_request_title":"","integration_request_cta":"","integration_platform":"","integrations":[],"platform_category":[],"video_schema_markup":"","price":"a partir de US$ 0\/m\u00eas","trial":"","benefits":[{"text":"Assist\u00eancia de instala\u00e7\u00e3o gratuita"},{"text":"Suporte premium"},{"text":"Garantia de devolu\u00e7\u00e3o do dinheiro em 14 dias"},{"text":"Melhorias gratuitas cont\u00ednuas"}],"button_url":"#demo","button_target_blank":"","button_nofollow":"","attributes":[{"name":"Instala\u00e7\u00f5es","content":"10,000 - 100,000"},{"name":"Responsivo","content":"Sim"},{"name":"Navegadores compat\u00edveis","content":"Firefox, Chrome, Edge, Opera, Safari"}],"tags":[],"tags_disable_links":"","hide_more_platforms":"","video_object":"","demo_hide_cta":"","demo_hide_cloud_options":"","pricing_title":"","pricing":[{"pricing_icon":"platform","pricing_title":"Elfsight Apps","pricing_title_caption":"Vers\u00e3o multiplataforma","pricing_price":"a partir de US$ 0\/m\u00eas","pricing_price_caption":"comece com plano gratuito","pricing_benefits":[{"text":"Suporte premium e pontual"},{"text":"Assist\u00eancia de instala\u00e7\u00e3o gratuita"},{"text":"Assist\u00eancia de instala\u00e7\u00e3o gratuita"},{"text":"100% personaliz\u00e1vel"}],"pricing_button_text":"Adicionar ao site","pricing_button_url":"#demo"}],"related_apps_title":"","related_apps_hidden":"","author":"","image":[],"title":"","job":"","social_networks":[]},"_links":{"self":[{"href":"https:\/\/elfsight.com\/pt\/wp-json\/wp\/v2\/pages\/5850","targetHints":{"allow":["GET"]}}],"collection":[{"href":"https:\/\/elfsight.com\/pt\/wp-json\/wp\/v2\/pages"}],"about":[{"href":"https:\/\/elfsight.com\/pt\/wp-json\/wp\/v2\/types\/page"}],"author":[{"embeddable":true,"href":"https:\/\/elfsight.com\/pt\/wp-json\/wp\/v2\/users\/9"}],"replies":[{"embeddable":true,"href":"https:\/\/elfsight.com\/pt\/wp-json\/wp\/v2\/comments?post=5850"}],"version-history":[{"count":1,"href":"https:\/\/elfsight.com\/pt\/wp-json\/wp\/v2\/pages\/5850\/revisions"}],"predecessor-version":[{"id":5854,"href":"https:\/\/elfsight.com\/pt\/wp-json\/wp\/v2\/pages\/5850\/revisions\/5854"}],"up":[{"embeddable":true,"href":"https:\/\/elfsight.com\/pt\/wp-json\/wp\/v2\/pages\/1292"}],"wp:attachment":[{"href":"https:\/\/elfsight.com\/pt\/wp-json\/wp\/v2\/media?parent=5850"}],"curies":[{"name":"wp","href":"https:\/\/api.w.org\/{rel}","templated":true}]}}