{"id":5848,"date":"2024-05-03T06:29:24","date_gmt":"2024-05-03T06:29:24","guid":{"rendered":"https:\/\/elfsight.com\/pt\/?page_id=5848"},"modified":"2025-02-26T17:49:59","modified_gmt":"2025-02-26T17:49:59","slug":"squarespace","status":"publish","type":"page","link":"https:\/\/elfsight.com\/pt\/background-music-widget\/squarespace\/","title":{"rendered":"Background Music &#8211; Squarespace"},"content":{"rendered":"\n<div class=\"application-platform-content-item-description application-platform-content-item\" id=\"description\" data-nav-section=\"description\"> <h2>Incorpore m\u00fasica de fundo no Squarespace com o widget Elfsight<\/h2> <p>Elfsight Background Audio \u00e9 um plugin descomplicado para Squarespace que permite reproduzir faixas de m\u00fasica direto nas p\u00e1ginas do seu site. O widget \u00e9 altamente modific\u00e1vel: voc\u00ea \u00e9 livre para alterar seu posicionamento, configur\u00e1-lo em qualquer lugar da p\u00e1gina, alterar seu tamanho, repintar o fundo e outras partes para combin\u00e1-lo com o estilo do seu site, usar esquema de cores escuras, mostrar imagens e mostrar ou ocultar 4 outras partes do jogador, por exemplo barra de progresso, t\u00edtulo e outros. Adicione quantas faixas forem necess\u00e1rias para envolver seus usu\u00e1rios, ative a reprodu\u00e7\u00e3o autom\u00e1tica e n\u00e3o tenha d\u00favidas: seus usu\u00e1rios n\u00e3o sair\u00e3o do seu site t\u00e3o rapidamente!<\/p><p><b>Torne seu site mais bem-sucedido por e-mail. -objetivos de com\u00e9rcio com a ajuda do reprodutor de m\u00fasica de fundo<\/b><\/p> <\/div> <div class=\"application-platform-content-item-features application-platform-content-item\" id=\"features\" data-nav-section=\"features\"> <h2>Oferecemos recursos \u00fateis e f\u00e1ceis, veja alguns deles: <\/h2> <ul><li>Altera\u00e7\u00f5es ilimitadas de cores<\/li><li>Esquema de cores claras\/escuras<\/li><li>Design flex\u00edvel<\/li><li>Dois layouts prontos para uso<\/li><li>Uma oportunidade usar imagem de fundo<\/li><\/ul><p><a href=\"#demo\">Voc\u00ea pode conferir a funcionalidade completa do widget na demonstra\u00e7\u00e3o nesta p\u00e1gina<\/a><\/p> <\/div> <div class=\"application-platform-content-item-installation application-platform-content-item\" id=\"installation\" data-nav-section=\"installation\"> <h2>Como adicionar m\u00fasica de fundo ao site do Squarespace?<\/h2> <div class=\"video-container\"><iframe width=\"720\" height=\"405\" src=\"https:\/\/www.youtube.com\/embed\/wYNlxOwqDkM\" frameborder=\"0\" allowfullscreen=\"\"><\/iframe><\/div><p>Basta seguir as etapas apresentadas abaixo para ativar o plugin. <\/p> <ol><li><b>Aplique nosso configurador gratuito e comece a construir seu widget personalizado. <\/b><br> Escolha a apar\u00eancia personalizada e as especifica\u00e7\u00f5es da ferramenta e aplique as corre\u00e7\u00f5es.<\/li> <li><b>Fa\u00e7a com que seu c\u00f3digo individual apare\u00e7a na janela dos aplicativos da Elfsight<\/b><br> Como assim que a configura\u00e7\u00e3o do seu widget pessoal for conclu\u00edda, copie o c\u00f3digo pessoal na janela exibida e salve-o para uso posterior.<\/li> <li><b>Comece a usar o \u00e1udio de fundo no seu site do Squarespace<\/b> <br> Coloque o c\u00f3digo salvo anteriormente em sua p\u00e1gina e salve os ajustes.<\/li> <li><b>Pronto! A integra\u00e7\u00e3o foi realizada com sucesso<\/b><br> Acesse sua p\u00e1gina da web para observar como o widget est\u00e1 funcionando.<\/li><\/ol> <p>Se voc\u00ea encontrar d\u00favidas ou tiver alguma dificuldade, n\u00e3o hesite em recorrer para nossa equipe de suporte. Nossos consultores ter\u00e3o prazer em esclarecer todas as d\u00favidas que voc\u00ea possa ter sobre o produto. <\/p> <div class=\"faq\" data-component=\"FAQ\"><div class=\"faq-item\">\r\n\t\t\t\t\t<div class=\"faq-item-question\">\r\n\t\t\t\t\t\t<h3 class=\"faq-item-question-text\">Como incorporar m\u00fasica de fundo no meu site Squarespace sem habilidades de codifica\u00e7\u00e3o?<\/h3>\r\n\r\n\t\t\t\t\t\t<div class=\"faq-item-question-icon\"><\/div>\r\n\t\t\t\t\t<\/div>\r\n\r\n\t\t\t\t\t<div class=\"faq-item-answer\">\r\n\t\t\t\t\t\t<div class=\"faq-item-answer-text\"><p>A Elfsight fornece uma solu\u00e7\u00e3o SaaS que permite que voc\u00ea mesmo crie um recurso de m\u00fasica de fundo; veja como o processo \u00e9 simples: opere diretamente no Editor on-line para criar o elemento musical de fundo que voc\u00ea deseja para o seu site do Squarespace. Escolha um dos modelos pr\u00e9-concebidos e ajuste as configura\u00e7\u00f5es de m\u00fasica, integre seu conte\u00fado, ajuste o layout e as cores, tudo sem exigir habilidades de codifica\u00e7\u00e3o. Salve o recurso de m\u00fasica e copie seu c\u00f3digo de instala\u00e7\u00e3o, para que voc\u00ea possa inseri-lo perfeitamente em seu site do Squarespace sem a necessidade de adquirir um plano premium. Com nosso editor f\u00e1cil de usar, qualquer usu\u00e1rio da Internet pode criar um elemento de m\u00fasica de fundo on-line e incorpor\u00e1-lo de maneira conveniente em seu site do Squarespace. N\u00e3o h\u00e1 necessidade de efetuar pagamento ou fornecer os dados do seu cart\u00e3o para acessar o servi\u00e7o. Se voc\u00ea encontrar algum desafio em qualquer est\u00e1gio, n\u00e3o hesite em entrar em contato com nossa equipe de suporte t\u00e9cnico.<\/p><\/div>\r\n\t\t\t\t\t<\/div>\r\n\t\t\t\t<\/div><\/div><\/div>\n","protected":false},"excerpt":{"rendered":"","protected":false},"author":9,"featured_media":0,"parent":1292,"menu_order":0,"comment_status":"closed","ping_status":"closed","template":"templates\/template-application-platform.php","meta":{"publish_to_discourse":"","publish_post_category":"","wpdc_auto_publish_overridden":"","wpdc_topic_tags":"","wpdc_pin_topic":"","wpdc_pin_until":"","discourse_post_id":"","discourse_permalink":"","wpdc_publishing_response":"","wpdc_publishing_error":"","footnotes":""},"class_list":["post-5848","page","type-page","status-publish","hentry"],"yoast_head":"<!-- This site is optimized with the Yoast SEO plugin v25.3.1 - https:\/\/yoast.com\/wordpress\/plugins\/seo\/ -->\n<title>\u00c1udio de fundo \u2014 Adicione m\u00fasica de fundo ao site do Squarespace<\/title>\n<meta name=\"description\" content=\"Adicione uma m\u00fasica de fundo ao site do Squarespace. Execute a demonstra\u00e7\u00e3o \u00fatil da Elfsight e crie seu plugin de \u00e1udio personalizado em apenas alguns minutos.\" \/>\n<meta name=\"robots\" content=\"index, follow, max-snippet:-1, max-image-preview:large, max-video-preview:-1\" \/>\n<link rel=\"canonical\" href=\"https:\/\/elfsight.com\/pt\/background-music-widget\/squarespace\/\" \/>\n<meta property=\"og:locale\" content=\"pt_PT\" \/>\n<meta property=\"og:type\" content=\"article\" \/>\n<meta property=\"og:title\" content=\"\u00c1udio de fundo \u2014 Adicione m\u00fasica de fundo ao site do Squarespace\" \/>\n<meta property=\"og:description\" content=\"Adicione uma m\u00fasica de fundo ao site do Squarespace. Execute a demonstra\u00e7\u00e3o \u00fatil da Elfsight e crie seu plugin de \u00e1udio personalizado em apenas alguns minutos.\" \/>\n<meta property=\"og:url\" content=\"https:\/\/elfsight.com\/pt\/background-music-widget\/squarespace\/\" \/>\n<meta property=\"og:site_name\" content=\"Elfsight PT\" \/>\n<meta property=\"article:modified_time\" content=\"2025-02-26T17:49:59+00:00\" \/>\n<meta name=\"twitter:card\" content=\"summary_large_image\" \/>\n<meta name=\"twitter:label1\" content=\"Tempo estimado de leitura\" \/>\n\t<meta name=\"twitter:data1\" content=\"3 minutos\" \/>\n<!-- \/ Yoast SEO plugin. -->","yoast_head_json":{"title":"\u00c1udio de fundo \u2014 Adicione m\u00fasica de fundo ao site do Squarespace","description":"Adicione uma m\u00fasica de fundo ao site do Squarespace. Execute a demonstra\u00e7\u00e3o \u00fatil da Elfsight e crie seu plugin de \u00e1udio personalizado em apenas alguns minutos.","robots":{"index":"index","follow":"follow","max-snippet":"max-snippet:-1","max-image-preview":"max-image-preview:large","max-video-preview":"max-video-preview:-1"},"canonical":"https:\/\/elfsight.com\/pt\/background-music-widget\/squarespace\/","og_locale":"pt_PT","og_type":"article","og_title":"\u00c1udio de fundo \u2014 Adicione m\u00fasica de fundo ao site do Squarespace","og_description":"Adicione uma m\u00fasica de fundo ao site do Squarespace. Execute a demonstra\u00e7\u00e3o \u00fatil da Elfsight e crie seu plugin de \u00e1udio personalizado em apenas alguns minutos.","og_url":"https:\/\/elfsight.com\/pt\/background-music-widget\/squarespace\/","og_site_name":"Elfsight PT","article_modified_time":"2025-02-26T17:49:59+00:00","twitter_card":"summary_large_image","twitter_misc":{"Tempo estimado de leitura":"3 minutos"},"schema":{"@context":"https:\/\/schema.org","@graph":[{"@type":"WebPage","@id":"https:\/\/elfsight.com\/pt\/background-music-widget\/squarespace\/","url":"https:\/\/elfsight.com\/pt\/background-music-widget\/squarespace\/","name":"\u00c1udio de fundo \u2014 Adicione m\u00fasica de fundo ao site do Squarespace","isPartOf":{"@id":"https:\/\/elfsight.com\/pt\/#website"},"datePublished":"2024-05-03T06:29:24+00:00","dateModified":"2025-02-26T17:49:59+00:00","description":"Adicione uma m\u00fasica de fundo ao site do Squarespace. Execute a demonstra\u00e7\u00e3o \u00fatil da Elfsight e crie seu plugin de \u00e1udio personalizado em apenas alguns minutos.","breadcrumb":{"@id":"https:\/\/elfsight.com\/pt\/background-music-widget\/squarespace\/#breadcrumb"},"inLanguage":"pt-PT","potentialAction":[{"@type":"ReadAction","target":["https:\/\/elfsight.com\/pt\/background-music-widget\/squarespace\/"]}]},{"@type":"BreadcrumbList","@id":"https:\/\/elfsight.com\/pt\/background-music-widget\/squarespace\/#breadcrumb","itemListElement":[{"@type":"ListItem","position":1,"name":"Home","item":"https:\/\/elfsight.com\/pt\/"},{"@type":"ListItem","position":2,"name":"Background Music","item":"https:\/\/elfsight.com\/pt\/background-music-widget\/"},{"@type":"ListItem","position":3,"name":"Background Music &#8211; Squarespace"}]},{"@type":"WebSite","@id":"https:\/\/elfsight.com\/pt\/#website","url":"https:\/\/elfsight.com\/pt\/","name":"Elfsight PT","description":"Just another Elfsight Sites site","potentialAction":[{"@type":"SearchAction","target":{"@type":"EntryPoint","urlTemplate":"https:\/\/elfsight.com\/pt\/?s={search_term_string}"},"query-input":{"@type":"PropertyValueSpecification","valueRequired":true,"valueName":"search_term_string"}}],"inLanguage":"pt-PT"}]}},"meta_box":{"industry":"","seo_heading":"","heading":"","description":"","cta_heading":"","cta_description":"","application":"1291","h1":"Plug-in de m\u00fasica de fundo do Squarespace","h1_caption":"Adicione uma op\u00e7\u00e3o envolvente ao seu site e atraia mais clientes agradecidos rapidamente","application_category":[],"applications_title":"","applications_request_title":"","applications_request_button_text":"","hero_text":"","hero_video":"","hero_video_schema_markup":"","selling_points_title":"","selling_points_caption":"","selling_points":[],"selling_points_cta_text":"","features_title":"","features":"","ed_cta_examples_text":"","ed_cta_examples_hidden":"","ed_cta_demo_text":"","ed_cta_demo_hidden":"","why_caption":"","why_editor_title":"","why_editor_text":"","why_team_title":"","why_team_text":"","why_service_title":"","why_service_text":"","template_catalog_visible":"0","template_catalog_title":"","template_catalog_text":"","template_catalog_categories_visible":"","demo_title":"Crie seu plugin de m\u00fasica de fundo","demo_caption":"Configure sua m\u00fasica de fundo e adicione-a ao seu site do Squarespace gratuitamente!","default_faq_hidden":"","app_template_category":[],"platform":"67","template_public_id":"","codecanyon_url":"","codecanyon_item_id":"","codecanyon_price":"","pricing_caption":"","pricing_elfsight_apps_hide_column":"","pricing_elfsight_apps_url":"","pricing_codecanyon_price_caption":"","integration_category":[],"integration_request_title":"","integration_request_cta":"","integration_platform":"","integrations":[],"platform_category":[],"video_schema_markup":"","price":"a partir de US$ 0\/m\u00eas","trial":"","benefits":[{"text":"Assist\u00eancia de instala\u00e7\u00e3o gratuita"},{"text":"Atendimento ao cliente competente"},{"text":"Garantia de reembolso de 14 dias"},{"text":"Atualizando constantemente"}],"button_url":"#demo","button_target_blank":"0","button_nofollow":"0","attributes":[{"name":"Instala\u00e7\u00f5es","content":"10,000 - 100,000"},{"name":"Responsivo","content":"Sim"},{"name":"Navegadores compat\u00edveis","content":"Firefox, Safari, Opera, Chrome, Edge"}],"tags":[],"tags_disable_links":"0","hide_more_platforms":"0","video_object":"","demo_hide_cta":"0","demo_hide_cloud_options":"0","pricing_title":"","pricing":[{"pricing_icon":"platform","pricing_title":"Elfsight Apps","pricing_title_caption":"Solu\u00e7\u00e3o digital independente de plataforma","pricing_price":"a partir de US$ 0\/m\u00eas","pricing_price_caption":"comece com um plano gratuito","pricing_benefits":[{"text":"Sites ilimitados"},{"text":"Suporte ao cliente 24 horas por dia, 7 dias por semana e bem documentado"},{"text":"Suporte ao cliente 24 horas por dia, 7 dias por semana e bem documentado"},{"text":"Totalmente personaliz\u00e1vel"}],"pricing_button_text":"Adicionar ao site","pricing_button_url":"#demo"}],"related_apps_title":"","related_apps_hidden":"0","author":"","image":[],"title":"","job":"","social_networks":[]},"_links":{"self":[{"href":"https:\/\/elfsight.com\/pt\/wp-json\/wp\/v2\/pages\/5848","targetHints":{"allow":["GET"]}}],"collection":[{"href":"https:\/\/elfsight.com\/pt\/wp-json\/wp\/v2\/pages"}],"about":[{"href":"https:\/\/elfsight.com\/pt\/wp-json\/wp\/v2\/types\/page"}],"author":[{"embeddable":true,"href":"https:\/\/elfsight.com\/pt\/wp-json\/wp\/v2\/users\/9"}],"replies":[{"embeddable":true,"href":"https:\/\/elfsight.com\/pt\/wp-json\/wp\/v2\/comments?post=5848"}],"version-history":[{"count":3,"href":"https:\/\/elfsight.com\/pt\/wp-json\/wp\/v2\/pages\/5848\/revisions"}],"predecessor-version":[{"id":14027,"href":"https:\/\/elfsight.com\/pt\/wp-json\/wp\/v2\/pages\/5848\/revisions\/14027"}],"up":[{"embeddable":true,"href":"https:\/\/elfsight.com\/pt\/wp-json\/wp\/v2\/pages\/1292"}],"wp:attachment":[{"href":"https:\/\/elfsight.com\/pt\/wp-json\/wp\/v2\/media?parent=5848"}],"curies":[{"name":"wp","href":"https:\/\/api.w.org\/{rel}","templated":true}]}}