{"id":5842,"date":"2024-05-03T06:29:22","date_gmt":"2024-05-03T06:29:22","guid":{"rendered":"https:\/\/elfsight.com\/pt\/?page_id=5842"},"modified":"2024-11-13T11:38:56","modified_gmt":"2024-11-13T11:38:56","slug":"webnode","status":"publish","type":"page","link":"https:\/\/elfsight.com\/pt\/background-music-widget\/webnode\/","title":{"rendered":"Background Music &#8211; Webnode"},"content":{"rendered":"<div class=\"application-platform-content-item-description application-platform-content-item\" id=\"description\" data-nav-section=\"description\"> <h2>Descri\u00e7\u00e3o<\/h2> <p>Elfsight Background Audio player \u00e9 um plugin simples para Webnode que lhe d\u00e1 a oportunidade de transmitir faixas de m\u00fasica diretamente no seu local na rede Internet. A ferramenta \u00e9 extremamente ajust\u00e1vel: voc\u00ea pode alterar seu posicionamento, inserindo-o em qualquer lugar da p\u00e1gina, alterar seu tamanho, recolorir o fundo e todas as outras partes para mistur\u00e1-lo com o estilo do seu site, empregar esquema de cores escuras, mostrar capas e exibir ou ocultar quatro outros elementos do jogador como barra de progresso, t\u00edtulo e outros. Fa\u00e7a upload de quantas faixas voc\u00ea precisar para encantar seu p\u00fablico, ative a reprodu\u00e7\u00e3o autom\u00e1tica e n\u00e3o hesite: seu p\u00fablico n\u00e3o sair\u00e1 da sua p\u00e1gina inicial com pressa. <\/p> <p><b>Com o player de m\u00fasica de fundo da Elfsight, experimente o desenvolvimento ativo de neg\u00f3cios e aumente as vendas <\/b><\/p> <\/div> <div class=\"application-platform-content-item-features application-platform-content-item\" id=\"features\" data-nav-section=\"features\"> <h2>O widget mais importante oferta de recursos<\/h2> <ul><li>V\u00e1rias altera\u00e7\u00f5es de cores<\/li><li>Tema de cores claras\/escuras<\/li><li>Design responsivo<\/li><li>2 layouts dispon\u00edveis<\/li> <li>Possibilidade de adicionar imagem de fundo<\/li><\/ul><p><a href=\"#demo\">Experimente esta demonstra\u00e7\u00e3o para ver como funciona<\/a><\/p> <\/div> <div class=\"application-platform-content-item-installation application-platform-content-item\" id=\"installation\" data-nav-section=\"installation\"> <h2>Como adicionar m\u00fasica de fundo da Elfsight ao meu Webnode?<\/h2> <p>Basta seguir as instru\u00e7\u00f5es abaixo para integrar a ferramenta.<\/p> <ol><li><b>Abra nosso editor gratuito e comece a moldar seu instrumento personalizado. <\/b><br> Especifique a forma e as caracter\u00edsticas preferidas do plugin e aplique as edi\u00e7\u00f5es.<\/li> <li><b>Copie o c\u00f3digo individual que aparece no formul\u00e1rio especial nas aplica\u00e7\u00f5es Elfsight<\/b><br> Logo ap\u00f3s a cria\u00e7\u00e3o do seu widget, copie o c\u00f3digo individual no pop-up que surgir e guarde-o para uso posterior.<\/li> <li><b>Entre usando o \u00e1udio de fundo no site Webnode<\/b><br> Coloque o c\u00f3digo que voc\u00ea copiou antes em sua p\u00e1gina e aplique os ajustes.<\/li> <li><b>Pronto! A integra\u00e7\u00e3o foi totalmente finalizada<\/b><br> Visite sua p\u00e1gina para ver o desempenho do plugin.<\/li><\/ol> <p>Caso tenha d\u00favidas ou encontre alguma dificuldade, entre em contato com nossa equipe de suporte. Nosso pessoal est\u00e1 ansioso para resolver todas as d\u00favidas que voc\u00ea possa ter sobre a ferramenta. <\/p> <\/div>","protected":false},"excerpt":{"rendered":"","protected":false},"author":9,"featured_media":0,"parent":1292,"menu_order":0,"comment_status":"closed","ping_status":"closed","template":"templates\/template-application-platform.php","meta":{"publish_to_discourse":"","publish_post_category":"","wpdc_auto_publish_overridden":"","wpdc_topic_tags":"","wpdc_pin_topic":"","wpdc_pin_until":"","discourse_post_id":"","discourse_permalink":"","wpdc_publishing_response":"","wpdc_publishing_error":"","footnotes":""},"class_list":["post-5842","page","type-page","status-publish","hentry"],"yoast_head":"<!-- This site is optimized with the Yoast SEO plugin v25.3.1 - https:\/\/yoast.com\/wordpress\/plugins\/seo\/ -->\n<title>Widget de reprodutor de m\u00fasica de fundo para o site Webnode (gratuito e r\u00e1pido)<\/title>\n<meta name=\"description\" content=\"Incorpore um reprodutor de m\u00fasica de fundo adapt\u00e1vel \u00e0 sua p\u00e1gina Webnode. Use a demonstra\u00e7\u00e3o \u00fatil da Elfsight e crie seu widget personalizado em apenas 2 minutos.\" \/>\n<meta name=\"robots\" content=\"index, follow, max-snippet:-1, max-image-preview:large, max-video-preview:-1\" \/>\n<link rel=\"canonical\" href=\"https:\/\/elfsight.com\/pt\/background-music-widget\/webnode\/\" \/>\n<meta property=\"og:locale\" content=\"pt_PT\" \/>\n<meta property=\"og:type\" content=\"article\" \/>\n<meta property=\"og:title\" content=\"Widget de reprodutor de m\u00fasica de fundo para o site Webnode (gratuito e r\u00e1pido)\" \/>\n<meta property=\"og:description\" content=\"Incorpore um reprodutor de m\u00fasica de fundo adapt\u00e1vel \u00e0 sua p\u00e1gina Webnode. Use a demonstra\u00e7\u00e3o \u00fatil da Elfsight e crie seu widget personalizado em apenas 2 minutos.\" \/>\n<meta property=\"og:url\" content=\"https:\/\/elfsight.com\/pt\/background-music-widget\/webnode\/\" \/>\n<meta property=\"og:site_name\" content=\"Elfsight PT\" \/>\n<meta property=\"article:modified_time\" content=\"2024-11-13T11:38:56+00:00\" \/>\n<meta name=\"twitter:card\" content=\"summary_large_image\" \/>\n<meta name=\"twitter:label1\" content=\"Tempo estimado de leitura\" \/>\n\t<meta name=\"twitter:data1\" content=\"2 minutos\" \/>\n<!-- \/ Yoast SEO plugin. -->","yoast_head_json":{"title":"Widget de reprodutor de m\u00fasica de fundo para o site Webnode (gratuito e r\u00e1pido)","description":"Incorpore um reprodutor de m\u00fasica de fundo adapt\u00e1vel \u00e0 sua p\u00e1gina Webnode. Use a demonstra\u00e7\u00e3o \u00fatil da Elfsight e crie seu widget personalizado em apenas 2 minutos.","robots":{"index":"index","follow":"follow","max-snippet":"max-snippet:-1","max-image-preview":"max-image-preview:large","max-video-preview":"max-video-preview:-1"},"canonical":"https:\/\/elfsight.com\/pt\/background-music-widget\/webnode\/","og_locale":"pt_PT","og_type":"article","og_title":"Widget de reprodutor de m\u00fasica de fundo para o site Webnode (gratuito e r\u00e1pido)","og_description":"Incorpore um reprodutor de m\u00fasica de fundo adapt\u00e1vel \u00e0 sua p\u00e1gina Webnode. Use a demonstra\u00e7\u00e3o \u00fatil da Elfsight e crie seu widget personalizado em apenas 2 minutos.","og_url":"https:\/\/elfsight.com\/pt\/background-music-widget\/webnode\/","og_site_name":"Elfsight PT","article_modified_time":"2024-11-13T11:38:56+00:00","twitter_card":"summary_large_image","twitter_misc":{"Tempo estimado de leitura":"2 minutos"},"schema":{"@context":"https:\/\/schema.org","@graph":[{"@type":"WebPage","@id":"https:\/\/elfsight.com\/pt\/background-music-widget\/webnode\/","url":"https:\/\/elfsight.com\/pt\/background-music-widget\/webnode\/","name":"Widget de reprodutor de m\u00fasica de fundo para o site Webnode (gratuito e r\u00e1pido)","isPartOf":{"@id":"https:\/\/elfsight.com\/pt\/#website"},"datePublished":"2024-05-03T06:29:22+00:00","dateModified":"2024-11-13T11:38:56+00:00","description":"Incorpore um reprodutor de m\u00fasica de fundo adapt\u00e1vel \u00e0 sua p\u00e1gina Webnode. Use a demonstra\u00e7\u00e3o \u00fatil da Elfsight e crie seu widget personalizado em apenas 2 minutos.","breadcrumb":{"@id":"https:\/\/elfsight.com\/pt\/background-music-widget\/webnode\/#breadcrumb"},"inLanguage":"pt-PT","potentialAction":[{"@type":"ReadAction","target":["https:\/\/elfsight.com\/pt\/background-music-widget\/webnode\/"]}]},{"@type":"BreadcrumbList","@id":"https:\/\/elfsight.com\/pt\/background-music-widget\/webnode\/#breadcrumb","itemListElement":[{"@type":"ListItem","position":1,"name":"Home","item":"https:\/\/elfsight.com\/pt\/"},{"@type":"ListItem","position":2,"name":"Background Music","item":"https:\/\/elfsight.com\/pt\/background-music-widget\/"},{"@type":"ListItem","position":3,"name":"Background Music &#8211; Webnode"}]},{"@type":"WebSite","@id":"https:\/\/elfsight.com\/pt\/#website","url":"https:\/\/elfsight.com\/pt\/","name":"Elfsight PT","description":"Just another Elfsight Sites site","potentialAction":[{"@type":"SearchAction","target":{"@type":"EntryPoint","urlTemplate":"https:\/\/elfsight.com\/pt\/?s={search_term_string}"},"query-input":{"@type":"PropertyValueSpecification","valueRequired":true,"valueName":"search_term_string"}}],"inLanguage":"pt-PT"}]}},"meta_box":{"industry":"","seo_heading":"","heading":"","description":"","cta_heading":"","cta_description":"","application":"1291","h1":"Widget de m\u00fasica de fundo do Webnode","h1_caption":"Incorpore um recurso envolvente em seu site e atraia mais clientes agradecidos com um clique","application_category":[],"applications_title":"","applications_request_title":"","applications_request_button_text":"","hero_text":"","hero_video":"","hero_video_schema_markup":"","selling_points_title":"","selling_points_caption":"","selling_points":[],"selling_points_cta_text":"","features_title":"","features":"","ed_cta_examples_text":"","ed_cta_examples_hidden":"","ed_cta_demo_text":"","ed_cta_demo_hidden":"","why_caption":"","why_editor_title":"","why_editor_text":"","why_team_title":"","why_team_text":"","why_service_title":"","why_service_text":"","template_catalog_visible":"","template_catalog_title":"","template_catalog_text":"","template_catalog_categories_visible":"","demo_title":"Crie seu widget de m\u00fasica de fundo","demo_caption":"Configure sua m\u00fasica de fundo e adicione-a ao seu site Webnode gratuitamente!","default_faq_hidden":"","app_template_category":[],"platform":"4917","template_public_id":"","codecanyon_url":"","codecanyon_item_id":"","codecanyon_price":"","pricing_caption":"","pricing_elfsight_apps_hide_column":"","pricing_elfsight_apps_url":"","pricing_codecanyon_price_caption":"","integration_category":[],"integration_request_title":"","integration_request_cta":"","integration_platform":"","integrations":[],"platform_category":[],"video_schema_markup":"","price":"a partir de US$ 0\/m\u00eas","trial":"","benefits":[{"text":"Ajuda de instala\u00e7\u00e3o gratuita"},{"text":"Suporte excepcional"},{"text":"Garantia de reembolso de 14 dias"},{"text":"Melhorias gratuitas vital\u00edcias"}],"button_url":"#demo","button_target_blank":"","button_nofollow":"","attributes":[{"name":"Instala\u00e7\u00f5es","content":"10,000 - 100,000"},{"name":"Responsivo","content":"Sim"},{"name":"Navegadores compat\u00edveis","content":"Firefox, Safari, Opera, Chrome, Edge"}],"tags":[],"tags_disable_links":"","hide_more_platforms":"","video_object":"","demo_hide_cta":"","demo_hide_cloud_options":"","pricing_title":"","pricing":[{"pricing_icon":"platform","pricing_title":"Elfsight Apps","pricing_title_caption":"Solu\u00e7\u00e3o digital multiplataforma","pricing_price":"a partir de US$ 0\/m\u00eas","pricing_price_caption":"comece com plano gratuito","pricing_benefits":[{"text":"Sites ilimitados"},{"text":"Suporte profissional"},{"text":"Suporte profissional"},{"text":"Pre\u00e7o especial para v\u00e1rios aplicativos"}],"pricing_button_text":"Adicionar ao site","pricing_button_url":"#demo"}],"related_apps_title":"","related_apps_hidden":"","author":"","image":[],"title":"","job":"","social_networks":[]},"_links":{"self":[{"href":"https:\/\/elfsight.com\/pt\/wp-json\/wp\/v2\/pages\/5842","targetHints":{"allow":["GET"]}}],"collection":[{"href":"https:\/\/elfsight.com\/pt\/wp-json\/wp\/v2\/pages"}],"about":[{"href":"https:\/\/elfsight.com\/pt\/wp-json\/wp\/v2\/types\/page"}],"author":[{"embeddable":true,"href":"https:\/\/elfsight.com\/pt\/wp-json\/wp\/v2\/users\/9"}],"replies":[{"embeddable":true,"href":"https:\/\/elfsight.com\/pt\/wp-json\/wp\/v2\/comments?post=5842"}],"version-history":[{"count":1,"href":"https:\/\/elfsight.com\/pt\/wp-json\/wp\/v2\/pages\/5842\/revisions"}],"predecessor-version":[{"id":5846,"href":"https:\/\/elfsight.com\/pt\/wp-json\/wp\/v2\/pages\/5842\/revisions\/5846"}],"up":[{"embeddable":true,"href":"https:\/\/elfsight.com\/pt\/wp-json\/wp\/v2\/pages\/1292"}],"wp:attachment":[{"href":"https:\/\/elfsight.com\/pt\/wp-json\/wp\/v2\/media?parent=5842"}],"curies":[{"name":"wp","href":"https:\/\/api.w.org\/{rel}","templated":true}]}}