{"id":5841,"date":"2024-05-03T06:29:21","date_gmt":"2024-05-03T06:29:21","guid":{"rendered":"https:\/\/elfsight.com\/pt\/?page_id=5841"},"modified":"2024-11-13T11:38:48","modified_gmt":"2024-11-13T11:38:48","slug":"weebly","status":"publish","type":"page","link":"https:\/\/elfsight.com\/pt\/background-music-widget\/weebly\/","title":{"rendered":"Background Music &#8211; Weebly"},"content":{"rendered":"<div class=\"application-platform-content-item-description application-platform-content-item\" id=\"description\" data-nav-section=\"description\"> <h2>Descri\u00e7\u00e3o<\/h2> <p>O Elfsight Background player \u00e9 um widget descomplicado que permite reproduzir faixas de \u00e1udio em segundo plano diretamente nas p\u00e1ginas do seu site do Weebly. A ferramenta \u00e9 totalmente customiz\u00e1vel: voc\u00ea pode alterar seu posicionamento, configurando-o em qualquer lugar da p\u00e1gina, dimensionar seu tamanho, repintar o fundo e todas as outras partes para combin\u00e1-lo com o design do seu site, empregar tema escuro, mostrar imagens e mostrar ou ocultar 4 elementos adicionais do jogador, por exemplo barra de progresso, t\u00edtulo e outros. Fa\u00e7a upload de quantas faixas voc\u00ea precisar para encantar seu p\u00fablico, ative a reprodu\u00e7\u00e3o autom\u00e1tica e n\u00e3o hesite: seus usu\u00e1rios n\u00e3o sair\u00e3o do seu site com pressa!<\/p><p><b>Torne seu site mais eficiente para tarefas de neg\u00f3cios com o reprodutor de m\u00fasica de fundo<\/b><\/p> <\/div> <div class=\"application-platform-content-item-features application-platform-content-item\" id=\"features\" data-nav-section=\"features\"> <h2>O aplicativo possui recursos \u00fateis e r\u00e1pidos, veja alguns deles: <\/h2> <ul><li>V\u00e1rias altera\u00e7\u00f5es de cores<\/li><li>Tema de cores claras\/escuras<\/li><li>Design male\u00e1vel<\/li><li>Dois layouts aplic\u00e1veis<\/li><li>Uma op\u00e7\u00e3o para anexar imagem de fundo<\/li><\/ul><p><a href=\"#demo\">Examine todas as configura\u00e7\u00f5es na demonstra\u00e7\u00e3o completa<\/a><\/p> <\/div> <div class=\"application-platform-content-item-installation application-platform-content-item\" id=\"installation\" data-nav-section=\"installation\"> <h2>Como adicionar m\u00fasica de fundo ao site do Weebly?<\/h2> <div class=\"video-container\"><iframe width=\"720\" height=\"405\" src=\"https:\/\/www.youtube.com\/embed\/xH-vwGwdHQw\" frameborder=\"0\" allowfullscreen><\/iframe><\/div><p>Basta seguir as orienta\u00e7\u00f5es abaixo para come\u00e7ar a usar o aplicativo.<\/p> <ol><li><b>Abra nosso aplicativo gratuito demonstra\u00e7\u00e3o e comece a construir seu aplicativo personalizado. <\/b><br> Especifique a apar\u00eancia selecionada e as caracter\u00edsticas funcionais do aplicativo e aplique todas as edi\u00e7\u00f5es. <\/li> <li><b>Obtenha seu c\u00f3digo exclusivo mostrado na caixa dos aplicativos Elfsight. <\/b><br> Quando o estabelecimento do seu aplicativo pessoal estiver conclu\u00eddo, copie o c\u00f3digo exclusivo na janela que surgir e guarde-o para uso posterior. <\/li> <li><b>Inicie o uso do aplicativo em seu site do Weebly. <\/b><br> Cole o c\u00f3digo que voc\u00ea salvou recentemente em seu site e aplique as melhorias. <\/li> <li><b>Pronto! A integra\u00e7\u00e3o \u00e9 totalmente realizada. <\/b><br> Acesse sua p\u00e1gina da Web para examinar como o aplicativo est\u00e1 funcionando. <\/li><\/ol><p>Se voc\u00ea tiver d\u00favidas ou dificuldades, sinta-se \u00e0 vontade para entrar em contato com nossa equipe de atendimento ao cliente. Nossos consultores est\u00e3o ansiosos para ajud\u00e1-lo com todos os problemas que voc\u00ea possa ter no aplicativo.<\/p> <\/div>","protected":false},"excerpt":{"rendered":"","protected":false},"author":9,"featured_media":0,"parent":1292,"menu_order":0,"comment_status":"closed","ping_status":"closed","template":"templates\/template-application-platform.php","meta":{"publish_to_discourse":"","publish_post_category":"","wpdc_auto_publish_overridden":"","wpdc_topic_tags":"","wpdc_pin_topic":"","wpdc_pin_until":"","discourse_post_id":"","discourse_permalink":"","wpdc_publishing_response":"","wpdc_publishing_error":"","footnotes":""},"class_list":["post-5841","page","type-page","status-publish","hentry"],"yoast_head":"<!-- This site is optimized with the Yoast SEO plugin v25.3.1 - https:\/\/yoast.com\/wordpress\/plugins\/seo\/ -->\n<title>\u00c1udio de fundo \u2013 Adicione m\u00fasica de fundo ao site do Weebly [2025]<\/title>\n<meta name=\"description\" content=\"Adicione um reprodutor de m\u00fasica de fundo ao seu site do Weebly. Aproveite a pr\u00e1tica demonstra\u00e7\u00e3o e gere seu pr\u00f3prio widget de \u00e1udio em apenas 2 minutos.\" \/>\n<meta name=\"robots\" content=\"index, follow, max-snippet:-1, max-image-preview:large, max-video-preview:-1\" \/>\n<link rel=\"canonical\" href=\"https:\/\/elfsight.com\/pt\/background-music-widget\/weebly\/\" \/>\n<meta property=\"og:locale\" content=\"pt_PT\" \/>\n<meta property=\"og:type\" content=\"article\" \/>\n<meta property=\"og:title\" content=\"\u00c1udio de fundo \u2013 Adicione m\u00fasica de fundo ao site do Weebly [2025]\" \/>\n<meta property=\"og:description\" content=\"Adicione um reprodutor de m\u00fasica de fundo ao seu site do Weebly. Aproveite a pr\u00e1tica demonstra\u00e7\u00e3o e gere seu pr\u00f3prio widget de \u00e1udio em apenas 2 minutos.\" \/>\n<meta property=\"og:url\" content=\"https:\/\/elfsight.com\/pt\/background-music-widget\/weebly\/\" \/>\n<meta property=\"og:site_name\" content=\"Elfsight PT\" \/>\n<meta property=\"article:modified_time\" content=\"2024-11-13T11:38:48+00:00\" \/>\n<meta name=\"twitter:card\" content=\"summary_large_image\" \/>\n<meta name=\"twitter:label1\" content=\"Tempo estimado de leitura\" \/>\n\t<meta name=\"twitter:data1\" content=\"2 minutos\" \/>\n<!-- \/ Yoast SEO plugin. -->","yoast_head_json":{"title":"\u00c1udio de fundo \u2013 Adicione m\u00fasica de fundo ao site do Weebly [2025]","description":"Adicione um reprodutor de m\u00fasica de fundo ao seu site do Weebly. Aproveite a pr\u00e1tica demonstra\u00e7\u00e3o e gere seu pr\u00f3prio widget de \u00e1udio em apenas 2 minutos.","robots":{"index":"index","follow":"follow","max-snippet":"max-snippet:-1","max-image-preview":"max-image-preview:large","max-video-preview":"max-video-preview:-1"},"canonical":"https:\/\/elfsight.com\/pt\/background-music-widget\/weebly\/","og_locale":"pt_PT","og_type":"article","og_title":"\u00c1udio de fundo \u2013 Adicione m\u00fasica de fundo ao site do Weebly [2025]","og_description":"Adicione um reprodutor de m\u00fasica de fundo ao seu site do Weebly. Aproveite a pr\u00e1tica demonstra\u00e7\u00e3o e gere seu pr\u00f3prio widget de \u00e1udio em apenas 2 minutos.","og_url":"https:\/\/elfsight.com\/pt\/background-music-widget\/weebly\/","og_site_name":"Elfsight PT","article_modified_time":"2024-11-13T11:38:48+00:00","twitter_card":"summary_large_image","twitter_misc":{"Tempo estimado de leitura":"2 minutos"},"schema":{"@context":"https:\/\/schema.org","@graph":[{"@type":"WebPage","@id":"https:\/\/elfsight.com\/pt\/background-music-widget\/weebly\/","url":"https:\/\/elfsight.com\/pt\/background-music-widget\/weebly\/","name":"\u00c1udio de fundo \u2013 Adicione m\u00fasica de fundo ao site do Weebly [2025]","isPartOf":{"@id":"https:\/\/elfsight.com\/pt\/#website"},"datePublished":"2024-05-03T06:29:21+00:00","dateModified":"2024-11-13T11:38:48+00:00","description":"Adicione um reprodutor de m\u00fasica de fundo ao seu site do Weebly. Aproveite a pr\u00e1tica demonstra\u00e7\u00e3o e gere seu pr\u00f3prio widget de \u00e1udio em apenas 2 minutos.","breadcrumb":{"@id":"https:\/\/elfsight.com\/pt\/background-music-widget\/weebly\/#breadcrumb"},"inLanguage":"pt-PT","potentialAction":[{"@type":"ReadAction","target":["https:\/\/elfsight.com\/pt\/background-music-widget\/weebly\/"]}]},{"@type":"BreadcrumbList","@id":"https:\/\/elfsight.com\/pt\/background-music-widget\/weebly\/#breadcrumb","itemListElement":[{"@type":"ListItem","position":1,"name":"Home","item":"https:\/\/elfsight.com\/pt\/"},{"@type":"ListItem","position":2,"name":"Background Music","item":"https:\/\/elfsight.com\/pt\/background-music-widget\/"},{"@type":"ListItem","position":3,"name":"Background Music &#8211; Weebly"}]},{"@type":"WebSite","@id":"https:\/\/elfsight.com\/pt\/#website","url":"https:\/\/elfsight.com\/pt\/","name":"Elfsight PT","description":"Just another Elfsight Sites site","potentialAction":[{"@type":"SearchAction","target":{"@type":"EntryPoint","urlTemplate":"https:\/\/elfsight.com\/pt\/?s={search_term_string}"},"query-input":{"@type":"PropertyValueSpecification","valueRequired":true,"valueName":"search_term_string"}}],"inLanguage":"pt-PT"}]}},"meta_box":{"industry":"","seo_heading":"","heading":"","description":"","cta_heading":"","cta_description":"","application":"1291","h1":"Aplicativo de m\u00fasica de fundo do Weebly","h1_caption":"Adicione um recurso envolvente \u00e0 sua p\u00e1gina inicial e obtenha clientes mais satisfeitos rapidamente","application_category":[],"applications_title":"","applications_request_title":"","applications_request_button_text":"","hero_text":"","hero_video":"","hero_video_schema_markup":"","selling_points_title":"","selling_points_caption":"","selling_points":[],"selling_points_cta_text":"","features_title":"","features":"","ed_cta_examples_text":"","ed_cta_examples_hidden":"","ed_cta_demo_text":"","ed_cta_demo_hidden":"","why_caption":"","why_editor_title":"","why_editor_text":"","why_team_title":"","why_team_text":"","why_service_title":"","why_service_text":"","template_catalog_visible":"","template_catalog_title":"","template_catalog_text":"","template_catalog_categories_visible":"","demo_title":"Crie seu aplicativo de m\u00fasica de fundo","demo_caption":"Configure sua m\u00fasica de fundo e adicione-a ao seu site do Weebly gratuitamente!","default_faq_hidden":"","app_template_category":[],"platform":"73","template_public_id":"","codecanyon_url":"","codecanyon_item_id":"","codecanyon_price":"","pricing_caption":"","pricing_elfsight_apps_hide_column":"","pricing_elfsight_apps_url":"","pricing_codecanyon_price_caption":"","integration_category":[],"integration_request_title":"","integration_request_cta":"","integration_platform":"","integrations":[],"platform_category":[],"video_schema_markup":"","price":"a partir de US$ 0\/m\u00eas","trial":"","benefits":[{"text":"Servi\u00e7o de instala\u00e7\u00e3o gratuito"},{"text":"Atendimento ao cliente eficaz"},{"text":"Garantia de reembolso de 14 dias"},{"text":"Atualiza\u00e7\u00f5es regulares"}],"button_url":"#demo","button_target_blank":"","button_nofollow":"","attributes":[{"name":"Instala\u00e7\u00f5es","content":"10,000 - 100,000"},{"name":"Responsivo","content":"Sim"},{"name":"Navegadores compat\u00edveis","content":"Firefox, Safari, Opera, Chrome, Edge"}],"tags":[],"tags_disable_links":"","hide_more_platforms":"","video_object":"","demo_hide_cta":"","demo_hide_cloud_options":"","pricing_title":"","pricing":[{"pricing_icon":"platform","pricing_title":"Elfsight Apps","pricing_title_caption":"Solu\u00e7\u00e3o digital independente de plataforma","pricing_price":"a partir de US$ 0\/m\u00eas","pricing_price_caption":"comece com um plano gratuito","pricing_benefits":[{"text":"Dom\u00ednios ilimitados"},{"text":"Suporte dedicado \u00e0 empresa"},{"text":"Suporte dedicado \u00e0 empresa"},{"text":"100% personaliz\u00e1vel"}],"pricing_button_text":"Adicionar ao site","pricing_button_url":"#demo"}],"related_apps_title":"","related_apps_hidden":"","author":"","image":[],"title":"","job":"","social_networks":[]},"_links":{"self":[{"href":"https:\/\/elfsight.com\/pt\/wp-json\/wp\/v2\/pages\/5841","targetHints":{"allow":["GET"]}}],"collection":[{"href":"https:\/\/elfsight.com\/pt\/wp-json\/wp\/v2\/pages"}],"about":[{"href":"https:\/\/elfsight.com\/pt\/wp-json\/wp\/v2\/types\/page"}],"author":[{"embeddable":true,"href":"https:\/\/elfsight.com\/pt\/wp-json\/wp\/v2\/users\/9"}],"replies":[{"embeddable":true,"href":"https:\/\/elfsight.com\/pt\/wp-json\/wp\/v2\/comments?post=5841"}],"version-history":[{"count":2,"href":"https:\/\/elfsight.com\/pt\/wp-json\/wp\/v2\/pages\/5841\/revisions"}],"predecessor-version":[{"id":11630,"href":"https:\/\/elfsight.com\/pt\/wp-json\/wp\/v2\/pages\/5841\/revisions\/11630"}],"up":[{"embeddable":true,"href":"https:\/\/elfsight.com\/pt\/wp-json\/wp\/v2\/pages\/1292"}],"wp:attachment":[{"href":"https:\/\/elfsight.com\/pt\/wp-json\/wp\/v2\/media?parent=5841"}],"curies":[{"name":"wp","href":"https:\/\/api.w.org\/{rel}","templated":true}]}}