{"id":5840,"date":"2024-05-03T06:29:20","date_gmt":"2024-05-03T06:29:20","guid":{"rendered":"https:\/\/elfsight.com\/pt\/?page_id=5840"},"modified":"2025-12-03T16:19:18","modified_gmt":"2025-12-03T16:19:18","slug":"wix","status":"publish","type":"page","link":"https:\/\/elfsight.com\/pt\/background-music-widget\/wix\/","title":{"rendered":"Background Music &#8211; Wix"},"content":{"rendered":"<div class=\"application-platform-content-item-description application-platform-content-item\" id=\"description\" data-nav-section=\"description\"> <h2>Descri\u00e7\u00e3o<\/h2> <p>Elfsight Background Audio \u00e9 um widget descomplicado para sites Wix que permite transmitir faixas de m\u00fasica diretamente na sua web P\u00e1ginas. O aplicativo \u00e9 extremamente ajust\u00e1vel: voc\u00ea pode alterar sua posi\u00e7\u00e3o, posicionando-o em qualquer lugar da p\u00e1gina, dimensionar seu tamanho, recolorir o fundo e outras partes para combin\u00e1-lo com o design do seu site, usar esquema de cores escuras, revelar imagens e exibir ou ocultar 4 adicionais elementos do jogador como barra de progresso, t\u00edtulo e muito mais. Inclua quantas faixas quiser para envolver seu p\u00fablico, ative a reprodu\u00e7\u00e3o autom\u00e1tica e n\u00e3o tenha d\u00favidas: seus usu\u00e1rios n\u00e3o sair\u00e3o do seu site imediatamente!<\/p> <p><b>Torne seu site mais eficaz para o com\u00e9rcio eletr\u00f4nico tem como objetivo o reprodutor de m\u00fasica de fundo<\/b><\/p> <\/div> <div class=\"application-platform-content-item-features application-platform-content-item\" id=\"features\" data-nav-section=\"features\"> <h2>Estes s\u00e3o apenas alguns dos amplos recursos do widget: <\/h2> <ul><li>Cor ilimitada altera\u00e7\u00f5es<\/li><li>Esquema de cores claras\/escuras<\/li><li>Design responsivo<\/li><li>2 layouts prontos para uso<\/li><li>Possibilidade de adicionar imagem de fundo<\/li> <\/ul><p><a href=\"#demo\">Voc\u00ea pode descobrir todos os recursos do widget na demonstra\u00e7\u00e3o abaixo<\/a><\/p> <\/div> <div class=\"application-platform-content-item-installation application-platform-content-item\" id=\"installation\" data-nav-section=\"installation\"> <h2>Como adicionar m\u00fasica de fundo ao site Wix?<\/h2> <div class=\"video-container\">\n<iframe width=\"720\" height=\"405\" src=\"https:\/\/www.youtube.com\/embed\/XI5jF-HHlEw?si=Bn97UYUsXJJKhzDX\" frameborder=\"0\" allowfullscreen><\/iframe>\n<\/div><p>Basta seguir estas etapas abaixo para inserir a ferramenta. <\/p> <ol><li><b>Inicie nossa demonstra\u00e7\u00e3o gratuita e comece a moldar seu aplicativo personalizado.<\/b><br> Determine a interface preferida e as caracter\u00edsticas do aplicativo e aplique as corre\u00e7\u00f5es.<\/li> <li><b>Adquira o seu c\u00f3digo exclusivo que \u00e9 mostrado na janela das Apps Elfsight<\/b><br> Assim que a configura\u00e7\u00e3o da sua aplica\u00e7\u00e3o pessoal estiver conclu\u00edda, copie o c\u00f3digo exclusivo na janela que surge e guarde-o para posterior utiliza\u00e7\u00e3o. ocasi\u00e3o.<\/li> <li><b>Comece a usar o \u00e1udio de fundo no Wix<\/b><br> Adicione o c\u00f3digo que voc\u00ea salvou antes em seu site e aplique as corre\u00e7\u00f5es. <\/li> <li><b>Pronto! A incorpora\u00e7\u00e3o foi finalizada com sucesso<\/b><br> Acesse sua p\u00e1gina da web para examinar o desempenho da ferramenta.<\/li><\/ol> <p>Se voc\u00ea tiver alguma d\u00favida ou dificuldade, sinta-se \u00e0 vontade para entrar em contato com nosso equipe de suporte. Nossos consultores ficar\u00e3o entusiasmados em resolver todas as dificuldades que voc\u00ea possa ter na ferramenta. <\/p> <\/div>","protected":false},"excerpt":{"rendered":"","protected":false},"author":9,"featured_media":0,"parent":1292,"menu_order":0,"comment_status":"closed","ping_status":"closed","template":"templates\/template-application-platform.php","meta":{"publish_to_discourse":"","publish_post_category":"","wpdc_auto_publish_overridden":"","wpdc_topic_tags":"","wpdc_pin_topic":"","wpdc_pin_until":"","discourse_post_id":"","discourse_permalink":"","wpdc_publishing_response":"","wpdc_publishing_error":"","footnotes":""},"class_list":["post-5840","page","type-page","status-publish","hentry"],"yoast_head":"<!-- This site is optimized with the Yoast SEO plugin v25.3.1 - https:\/\/yoast.com\/wordpress\/plugins\/seo\/ -->\n<title>\u00c1udio de fundo \u2014 Adicione m\u00fasica de fundo ao site Wix [ 2025 ]<\/title>\n<meta name=\"description\" content=\"Adicione um reprodutor de m\u00fasica de fundo ao seu site Wix. Use nossa demonstra\u00e7\u00e3o pr\u00e1tica e crie seu pr\u00f3prio aplicativo de \u00e1udio de fundo em apenas 2 minutos.\" \/>\n<meta name=\"robots\" content=\"index, follow, max-snippet:-1, max-image-preview:large, max-video-preview:-1\" \/>\n<link rel=\"canonical\" href=\"https:\/\/elfsight.com\/pt\/background-music-widget\/wix\/\" \/>\n<meta property=\"og:locale\" content=\"pt_PT\" \/>\n<meta property=\"og:type\" content=\"article\" \/>\n<meta property=\"og:title\" content=\"\u00c1udio de fundo \u2014 Adicione m\u00fasica de fundo ao site Wix [ 2025 ]\" \/>\n<meta property=\"og:description\" content=\"Adicione um reprodutor de m\u00fasica de fundo ao seu site Wix. Use nossa demonstra\u00e7\u00e3o pr\u00e1tica e crie seu pr\u00f3prio aplicativo de \u00e1udio de fundo em apenas 2 minutos.\" \/>\n<meta property=\"og:url\" content=\"https:\/\/elfsight.com\/pt\/background-music-widget\/wix\/\" \/>\n<meta property=\"og:site_name\" content=\"Elfsight PT\" \/>\n<meta property=\"article:modified_time\" content=\"2025-12-03T16:19:18+00:00\" \/>\n<meta name=\"twitter:card\" content=\"summary_large_image\" \/>\n<meta name=\"twitter:label1\" content=\"Tempo estimado de leitura\" \/>\n\t<meta name=\"twitter:data1\" content=\"2 minutos\" \/>\n<!-- \/ Yoast SEO plugin. -->","yoast_head_json":{"title":"\u00c1udio de fundo \u2014 Adicione m\u00fasica de fundo ao site Wix [ 2025 ]","description":"Adicione um reprodutor de m\u00fasica de fundo ao seu site Wix. Use nossa demonstra\u00e7\u00e3o pr\u00e1tica e crie seu pr\u00f3prio aplicativo de \u00e1udio de fundo em apenas 2 minutos.","robots":{"index":"index","follow":"follow","max-snippet":"max-snippet:-1","max-image-preview":"max-image-preview:large","max-video-preview":"max-video-preview:-1"},"canonical":"https:\/\/elfsight.com\/pt\/background-music-widget\/wix\/","og_locale":"pt_PT","og_type":"article","og_title":"\u00c1udio de fundo \u2014 Adicione m\u00fasica de fundo ao site Wix [ 2025 ]","og_description":"Adicione um reprodutor de m\u00fasica de fundo ao seu site Wix. Use nossa demonstra\u00e7\u00e3o pr\u00e1tica e crie seu pr\u00f3prio aplicativo de \u00e1udio de fundo em apenas 2 minutos.","og_url":"https:\/\/elfsight.com\/pt\/background-music-widget\/wix\/","og_site_name":"Elfsight PT","article_modified_time":"2025-12-03T16:19:18+00:00","twitter_card":"summary_large_image","twitter_misc":{"Tempo estimado de leitura":"2 minutos"},"schema":{"@context":"https:\/\/schema.org","@graph":[{"@type":"WebPage","@id":"https:\/\/elfsight.com\/pt\/background-music-widget\/wix\/","url":"https:\/\/elfsight.com\/pt\/background-music-widget\/wix\/","name":"\u00c1udio de fundo \u2014 Adicione m\u00fasica de fundo ao site Wix [ 2025 ]","isPartOf":{"@id":"https:\/\/elfsight.com\/pt\/#website"},"datePublished":"2024-05-03T06:29:20+00:00","dateModified":"2025-12-03T16:19:18+00:00","description":"Adicione um reprodutor de m\u00fasica de fundo ao seu site Wix. Use nossa demonstra\u00e7\u00e3o pr\u00e1tica e crie seu pr\u00f3prio aplicativo de \u00e1udio de fundo em apenas 2 minutos.","breadcrumb":{"@id":"https:\/\/elfsight.com\/pt\/background-music-widget\/wix\/#breadcrumb"},"inLanguage":"pt-PT","potentialAction":[{"@type":"ReadAction","target":["https:\/\/elfsight.com\/pt\/background-music-widget\/wix\/"]}]},{"@type":"BreadcrumbList","@id":"https:\/\/elfsight.com\/pt\/background-music-widget\/wix\/#breadcrumb","itemListElement":[{"@type":"ListItem","position":1,"name":"Home","item":"https:\/\/elfsight.com\/pt\/"},{"@type":"ListItem","position":2,"name":"Background Music","item":"https:\/\/elfsight.com\/pt\/background-music-widget\/"},{"@type":"ListItem","position":3,"name":"Background Music &#8211; Wix"}]},{"@type":"WebSite","@id":"https:\/\/elfsight.com\/pt\/#website","url":"https:\/\/elfsight.com\/pt\/","name":"Elfsight PT","description":"Just another Elfsight Sites site","potentialAction":[{"@type":"SearchAction","target":{"@type":"EntryPoint","urlTemplate":"https:\/\/elfsight.com\/pt\/?s={search_term_string}"},"query-input":{"@type":"PropertyValueSpecification","valueRequired":true,"valueName":"search_term_string"}}],"inLanguage":"pt-PT"}]}},"meta_box":{"industry":"","seo_heading":"","heading":"","description":"","cta_heading":"","cta_description":"","application":"1291","h1":"Aplicativo Wix M\u00fasica de fundo","h1_caption":"Implemente uma op\u00e7\u00e3o envolvente em sua p\u00e1gina da web e atraia mais clientes agradecidos imediatamente","application_category":[],"applications_title":"","applications_request_title":"","applications_request_button_text":"","hero_text":"","hero_video":"","hero_video_schema_markup":"","selling_points_title":"","selling_points_caption":"","selling_points":[],"selling_points_cta_text":"","features_title":"","features":"","ed_cta_examples_text":"","ed_cta_examples_hidden":"","ed_cta_demo_text":"","ed_cta_demo_hidden":"","why_caption":"","why_editor_title":"","why_editor_text":"","why_team_title":"","why_team_text":"","why_service_title":"","why_service_text":"","template_catalog_visible":"0","template_catalog_title":"","template_catalog_text":"","template_catalog_categories_visible":"","demo_title":"Crie seu aplicativo de m\u00fasica de fundo","demo_caption":"Configure sua m\u00fasica de fundo e adicione-a ao seu site Wix gratuitamente!","default_faq_hidden":"","app_template_category":[],"platform":"37","template_public_id":"","codecanyon_url":"","codecanyon_item_id":"","codecanyon_price":"","pricing_caption":"","pricing_elfsight_apps_hide_column":"","pricing_elfsight_apps_url":"","pricing_codecanyon_price_caption":"","integration_category":[],"integration_request_title":"","integration_request_cta":"","integration_platform":"","integrations":[],"platform_category":[],"video_schema_markup":"","price":"a partir de US$ 0\/m\u00eas","trial":"","benefits":[{"text":"Ajuda de instala\u00e7\u00e3o gratuita"},{"text":"Suporte premium"},{"text":"Garantia de devolu\u00e7\u00e3o do dinheiro em 14 dias"},{"text":"Melhorias ao longo da vida"}],"button_url":"#demo","button_target_blank":"0","button_nofollow":"0","attributes":[{"name":"Instala\u00e7\u00f5es","content":"10,000 - 100,000"},{"name":"Responsivo","content":"Sim"},{"name":"Navegadores compat\u00edveis","content":"Safari, Edge, Firefox, Opera, Chrome"}],"tags":[],"tags_disable_links":"0","hide_more_platforms":"0","video_object":"","demo_hide_cta":"0","demo_hide_cloud_options":"0","pricing_title":"","pricing":[{"pricing_icon":"platform","pricing_title":"Elfsight Apps","pricing_title_caption":"Solu\u00e7\u00e3o multiplataforma que funciona em qualquer site","pricing_price":"a partir de US$ 0\/m\u00eas","pricing_price_caption":"comece com plano gratuito","pricing_benefits":[{"text":"N\u00famero ilimitado de dom\u00ednios"},{"text":"Suporte dedicado e pontual"},{"text":"Suporte dedicado e pontual"},{"text":"Oferta especial para v\u00e1rios aplicativos"}],"pricing_button_text":"Adicionar ao site","pricing_button_url":"#demo"}],"related_apps_title":"","related_apps_hidden":"0","author":"","image":[],"title":"","job":"","social_networks":[]},"_links":{"self":[{"href":"https:\/\/elfsight.com\/pt\/wp-json\/wp\/v2\/pages\/5840","targetHints":{"allow":["GET"]}}],"collection":[{"href":"https:\/\/elfsight.com\/pt\/wp-json\/wp\/v2\/pages"}],"about":[{"href":"https:\/\/elfsight.com\/pt\/wp-json\/wp\/v2\/types\/page"}],"author":[{"embeddable":true,"href":"https:\/\/elfsight.com\/pt\/wp-json\/wp\/v2\/users\/9"}],"replies":[{"embeddable":true,"href":"https:\/\/elfsight.com\/pt\/wp-json\/wp\/v2\/comments?post=5840"}],"version-history":[{"count":3,"href":"https:\/\/elfsight.com\/pt\/wp-json\/wp\/v2\/pages\/5840\/revisions"}],"predecessor-version":[{"id":15184,"href":"https:\/\/elfsight.com\/pt\/wp-json\/wp\/v2\/pages\/5840\/revisions\/15184"}],"up":[{"embeddable":true,"href":"https:\/\/elfsight.com\/pt\/wp-json\/wp\/v2\/pages\/1292"}],"wp:attachment":[{"href":"https:\/\/elfsight.com\/pt\/wp-json\/wp\/v2\/media?parent=5840"}],"curies":[{"name":"wp","href":"https:\/\/api.w.org\/{rel}","templated":true}]}}