{"id":5839,"date":"2024-05-03T06:29:19","date_gmt":"2024-05-03T06:29:19","guid":{"rendered":"https:\/\/elfsight.com\/pt\/?page_id=5839"},"modified":"2024-11-13T11:38:48","modified_gmt":"2024-11-13T11:38:48","slug":"wordpress","status":"publish","type":"page","link":"https:\/\/elfsight.com\/pt\/background-music-widget\/wordpress\/","title":{"rendered":"Background Music &#8211; WordPress"},"content":{"rendered":"<div class=\"application-platform-content-item-description application-platform-content-item\" id=\"description\" data-nav-section=\"description\"> <h2>Incorpore m\u00fasica de fundo no WordPress com o widget Elfsight<\/h2> <p>O Elfsight Background Audio player \u00e9 um plugin descomplicado para WordPress que oferece uma oportunidade de reproduzir faixas de m\u00fasica diretamente nas p\u00e1ginas do seu site. A ferramenta \u00e9 extremamente ajust\u00e1vel: voc\u00ea pode alterar sua posi\u00e7\u00e3o, incorpor\u00e1-la em qualquer lugar da p\u00e1gina, alterar seu tamanho, recolorir o fundo e todos os outros elementos para combin\u00e1-lo com o estilo do seu site, empregar esquema de cores escuras, demonstrar capas e mostrar ou ocultar 4 elementos adicionais do jogador, como barra de progresso, t\u00edtulo e muito mais. Carregue quantas faixas voc\u00ea precisar para envolver seus visitantes, ative a reprodu\u00e7\u00e3o autom\u00e1tica e n\u00e3o tenha d\u00favidas: seus visitantes n\u00e3o sair\u00e3o da sua p\u00e1gina da Web t\u00e3o rapidamente!<\/p> <p><b>Com o reprodutor de m\u00fasica de fundo da Elfsight, inicie o desenvolvimento ativo de neg\u00f3cios e aumente as vendas <\/b><\/p> <\/div> <div class=\"application-platform-content-item-features application-platform-content-item\" id=\"features\" data-nav-section=\"features\"> <h2>Oferecemos recursos poderosos e descomplicados, veja alguns deles: <\/h2> <ul><li>V\u00e1rias varia\u00e7\u00f5es de cores<\/li><li>Tema de cores claras\/escuras<\/li><li>Design responsivo<\/li><li>2 layouts prontos para uso<\/li><li>Uma oportunidade para adicionar plano de fundo image<\/li><\/ul><p><a href=\"#demo\">Experimente todas as configura\u00e7\u00f5es na demonstra\u00e7\u00e3o completa<\/a><\/p> <\/div> <div class=\"application-platform-content-item-installation application-platform-content-item\" id=\"installation\" data-nav-section=\"installation\"> <h2>Como incorporo o reprodutor de m\u00fasica de fundo ao meu WordPress?<\/h2> <div class=\"video-container\"><iframe width=\"720\" height=\"405\" src=\"https:\/\/www.youtube.com\/embed\/BULXWklwzNc\" frameborder=\"0\" allowfullscreen=\"\"><\/iframe><\/div><p>Basta seguir as etapas descritas abaixo para inserir o plugin. <\/p> <ol><li><b>Utilize nossa demonstra\u00e7\u00e3o gratuita e comece a criar seu plugin personalizado. <\/b><br> Escolha a apar\u00eancia e os aspectos preferidos do plugin e aplique todas as modifica\u00e7\u00f5es. <\/li> <li><b>Obtenha seu c\u00f3digo exclusivo demonstrado na janela dos aplicativos Elfsight. <\/b><br> Logo ap\u00f3s o t\u00e9rmino da personaliza\u00e7\u00e3o do seu plugin, copie o c\u00f3digo do pop-up exibido e guarde-o para uso posterior. <\/li> <li><b>Comece a usar o plugin no seu site WordPress. <\/b><br> Coloque o c\u00f3digo que voc\u00ea copiou recentemente em sua p\u00e1gina e salve as corre\u00e7\u00f5es. <\/li> <li><b>A configura\u00e7\u00e3o foi realizada com sucesso. <\/b><br> Visite sua p\u00e1gina da web para verificar como o plugin est\u00e1 funcionando. <\/li><\/ol><p>Caso voc\u00ea tenha d\u00favidas ou tenha alguma dificuldade, sinta-se \u00e0 vontade para entrar em contato com nossa equipe de atendimento ao cliente. Nossos consultores ter\u00e3o prazer em ajud\u00e1-lo com todos os problemas que voc\u00ea possa ter com o produto. <\/p> <\/div><div class=\"faq\" data-component=\"FAQ\"><div class=\"faq-item\">\r\n\t\t\t\t\t<div class=\"faq-item-question\">\r\n\t\t\t\t\t\t<h3 class=\"faq-item-question-text\">Como posso adicionar uma m\u00fasica de fundo ao meu site WordPress?<\/h3>\r\n\r\n\t\t\t\t\t\t<div class=\"faq-item-question-icon\"><\/div>\r\n\t\t\t\t\t<\/div>\r\n\r\n\t\t\t\t\t<div class=\"faq-item-answer\">\r\n\t\t\t\t\t\t<div class=\"faq-item-answer-text\"><p>A cria\u00e7\u00e3o da ferramenta acontece dentro o site da Elfsight e voc\u00ea n\u00e3o precisa codificar. Utilize nossa demonstra\u00e7\u00e3o ativa para formar sua ferramenta, obter o c\u00f3digo e inseri-lo em seu site. <\/p><\/div>\r\n\t\t\t\t\t<\/div>\r\n\t\t\t\t<\/div><div class=\"faq-item\">\r\n\t\t\t\t\t<div class=\"faq-item-question\">\r\n\t\t\t\t\t\t<h3 class=\"faq-item-question-text\">As melhores maneiras de usar a integra\u00e7\u00e3o de m\u00fasica de fundo<\/h3>\r\n\r\n\t\t\t\t\t\t<div class=\"faq-item-question-icon\"><\/div>\r\n\t\t\t\t\t<\/div>\r\n\r\n\t\t\t\t\t<div class=\"faq-item-answer\">\r\n\t\t\t\t\t\t<div class=\"faq-item-answer-text\"><p>Oferecemos in\u00fameras oportunidades de personaliza\u00e7\u00e3o: widgets em grande escala para implementa\u00e7\u00e3o na \u00e1rea de conte\u00fado, flutuantes widgets com recursos de rolagem, miniaturas para o rodap\u00e9, se\u00e7\u00e3o principal e todos os tipos de oportunidades verticais para barras laterais e menus do site. <\/p><\/div>\r\n\t\t\t\t\t<\/div>\r\n\t\t\t\t<\/div><div class=\"faq-item\">\r\n\t\t\t\t\t<div class=\"faq-item-question\">\r\n\t\t\t\t\t\t<h3 class=\"faq-item-question-text\">Posso construir um reprodutor de m\u00fasica para Halloween ou SPA atrav\u00e9s da ag\u00eancia do seu editor?<\/h3>\r\n\r\n\t\t\t\t\t\t<div class=\"faq-item-question-icon\"><\/div>\r\n\t\t\t\t\t<\/div>\r\n\r\n\t\t\t\t\t<div class=\"faq-item-answer\">\r\n\t\t\t\t\t\t<div class=\"faq-item-answer-text\"><p>Voc\u00ea pode moldar varia\u00e7\u00f5es de qualquer widget. Existem muitos layouts dispon\u00edveis no editor, e todos eles podem ser ajustados rapidamente do jeito que voc\u00ea precisa. <\/p><\/div>\r\n\t\t\t\t\t<\/div>\r\n\t\t\t\t<\/div><\/div>","protected":false},"excerpt":{"rendered":"","protected":false},"author":9,"featured_media":0,"parent":1292,"menu_order":0,"comment_status":"closed","ping_status":"closed","template":"templates\/template-application-platform.php","meta":{"publish_to_discourse":"","publish_post_category":"","wpdc_auto_publish_overridden":"","wpdc_topic_tags":"","wpdc_pin_topic":"","wpdc_pin_until":"","discourse_post_id":"","discourse_permalink":"","wpdc_publishing_response":"","wpdc_publishing_error":"","footnotes":""},"class_list":["post-5839","page","type-page","status-publish","hentry"],"yoast_head":"<!-- This site is optimized with the Yoast SEO plugin v25.3.1 - https:\/\/yoast.com\/wordpress\/plugins\/seo\/ -->\n<title>Plugin de m\u00fasica de fundo para site WordPress (gratuito e r\u00e1pido)<\/title>\n<meta name=\"description\" content=\"Incorpore um plugin de reprodutor de m\u00fasica de fundo em seu site WordPress. Aplique a demonstra\u00e7\u00e3o e crie seu reprodutor de \u00e1udio de fundo personalizado em 2 minutos.\" \/>\n<meta name=\"robots\" content=\"index, follow, max-snippet:-1, max-image-preview:large, max-video-preview:-1\" \/>\n<link rel=\"canonical\" href=\"https:\/\/elfsight.com\/pt\/background-music-widget\/wordpress\/\" \/>\n<meta property=\"og:locale\" content=\"pt_PT\" \/>\n<meta property=\"og:type\" content=\"article\" \/>\n<meta property=\"og:title\" content=\"Plugin de m\u00fasica de fundo para site WordPress (gratuito e r\u00e1pido)\" \/>\n<meta property=\"og:description\" content=\"Incorpore um plugin de reprodutor de m\u00fasica de fundo em seu site WordPress. Aplique a demonstra\u00e7\u00e3o e crie seu reprodutor de \u00e1udio de fundo personalizado em 2 minutos.\" \/>\n<meta property=\"og:url\" content=\"https:\/\/elfsight.com\/pt\/background-music-widget\/wordpress\/\" \/>\n<meta property=\"og:site_name\" content=\"Elfsight PT\" \/>\n<meta property=\"article:modified_time\" content=\"2024-11-13T11:38:48+00:00\" \/>\n<meta name=\"twitter:card\" content=\"summary_large_image\" \/>\n<meta name=\"twitter:label1\" content=\"Tempo estimado de leitura\" \/>\n\t<meta name=\"twitter:data1\" content=\"3 minutos\" \/>\n<!-- \/ Yoast SEO plugin. -->","yoast_head_json":{"title":"Plugin de m\u00fasica de fundo para site WordPress (gratuito e r\u00e1pido)","description":"Incorpore um plugin de reprodutor de m\u00fasica de fundo em seu site WordPress. Aplique a demonstra\u00e7\u00e3o e crie seu reprodutor de \u00e1udio de fundo personalizado em 2 minutos.","robots":{"index":"index","follow":"follow","max-snippet":"max-snippet:-1","max-image-preview":"max-image-preview:large","max-video-preview":"max-video-preview:-1"},"canonical":"https:\/\/elfsight.com\/pt\/background-music-widget\/wordpress\/","og_locale":"pt_PT","og_type":"article","og_title":"Plugin de m\u00fasica de fundo para site WordPress (gratuito e r\u00e1pido)","og_description":"Incorpore um plugin de reprodutor de m\u00fasica de fundo em seu site WordPress. Aplique a demonstra\u00e7\u00e3o e crie seu reprodutor de \u00e1udio de fundo personalizado em 2 minutos.","og_url":"https:\/\/elfsight.com\/pt\/background-music-widget\/wordpress\/","og_site_name":"Elfsight PT","article_modified_time":"2024-11-13T11:38:48+00:00","twitter_card":"summary_large_image","twitter_misc":{"Tempo estimado de leitura":"3 minutos"},"schema":{"@context":"https:\/\/schema.org","@graph":[{"@type":"WebPage","@id":"https:\/\/elfsight.com\/pt\/background-music-widget\/wordpress\/","url":"https:\/\/elfsight.com\/pt\/background-music-widget\/wordpress\/","name":"Plugin de m\u00fasica de fundo para site WordPress (gratuito e r\u00e1pido)","isPartOf":{"@id":"https:\/\/elfsight.com\/pt\/#website"},"datePublished":"2024-05-03T06:29:19+00:00","dateModified":"2024-11-13T11:38:48+00:00","description":"Incorpore um plugin de reprodutor de m\u00fasica de fundo em seu site WordPress. Aplique a demonstra\u00e7\u00e3o e crie seu reprodutor de \u00e1udio de fundo personalizado em 2 minutos.","breadcrumb":{"@id":"https:\/\/elfsight.com\/pt\/background-music-widget\/wordpress\/#breadcrumb"},"inLanguage":"pt-PT","potentialAction":[{"@type":"ReadAction","target":["https:\/\/elfsight.com\/pt\/background-music-widget\/wordpress\/"]}]},{"@type":"BreadcrumbList","@id":"https:\/\/elfsight.com\/pt\/background-music-widget\/wordpress\/#breadcrumb","itemListElement":[{"@type":"ListItem","position":1,"name":"Home","item":"https:\/\/elfsight.com\/pt\/"},{"@type":"ListItem","position":2,"name":"Background Music","item":"https:\/\/elfsight.com\/pt\/background-music-widget\/"},{"@type":"ListItem","position":3,"name":"Background Music &#8211; WordPress"}]},{"@type":"WebSite","@id":"https:\/\/elfsight.com\/pt\/#website","url":"https:\/\/elfsight.com\/pt\/","name":"Elfsight PT","description":"Just another Elfsight Sites site","potentialAction":[{"@type":"SearchAction","target":{"@type":"EntryPoint","urlTemplate":"https:\/\/elfsight.com\/pt\/?s={search_term_string}"},"query-input":{"@type":"PropertyValueSpecification","valueRequired":true,"valueName":"search_term_string"}}],"inLanguage":"pt-PT"}]}},"meta_box":{"industry":"","seo_heading":"","heading":"","description":"","cta_heading":"","cta_description":"","application":"1291","h1":"Plug-in de m\u00fasica de fundo para WordPress","h1_caption":"Implemente um recurso envolvente em seu site e atraia mais clientes satisfeitos rapidamente","application_category":[],"applications_title":"","applications_request_title":"","applications_request_button_text":"","hero_text":"","hero_video":"","hero_video_schema_markup":"","selling_points_title":"","selling_points_caption":"","selling_points":[],"selling_points_cta_text":"","features_title":"","features":"","ed_cta_examples_text":"","ed_cta_examples_hidden":"","ed_cta_demo_text":"","ed_cta_demo_hidden":"","why_caption":"","why_editor_title":"","why_editor_text":"","why_team_title":"","why_team_text":"","why_service_title":"","why_service_text":"","template_catalog_visible":"","template_catalog_title":"","template_catalog_text":"","template_catalog_categories_visible":"","demo_title":"Crie seu plugin de m\u00fasica de fundo","demo_caption":"Configure sua m\u00fasica de fundo e adicione-a ao seu site WordPress gratuitamente!","default_faq_hidden":"","app_template_category":[],"platform":"34","template_public_id":"","codecanyon_url":"","codecanyon_item_id":"","codecanyon_price":"","pricing_caption":"","pricing_elfsight_apps_hide_column":"","pricing_elfsight_apps_url":"","pricing_codecanyon_price_caption":"","integration_category":[],"integration_request_title":"","integration_request_cta":"","integration_platform":"","integrations":[],"platform_category":[],"video_schema_markup":"","price":"a partir de US$ 0\/m\u00eas","trial":"","benefits":[{"text":"Assist\u00eancia de instala\u00e7\u00e3o gratuita"},{"text":"Atendimento ao cliente eficaz"},{"text":"Garantia de reembolso de 14 dias"},{"text":"Atualiza\u00e7\u00f5es vital\u00edcias"}],"button_url":"#demo","button_target_blank":"","button_nofollow":"","attributes":[{"name":"Instala\u00e7\u00f5es","content":"10,000 - 100,000"},{"name":"Responsivo","content":"Sim"},{"name":"Navegadores compat\u00edveis","content":"Firefox, Safari, Opera, Chrome, Edge"}],"tags":[],"tags_disable_links":"","hide_more_platforms":"","video_object":"","demo_hide_cta":"","demo_hide_cloud_options":"","pricing_title":"","pricing":[{"pricing_icon":"platform","pricing_title":"Elfsight Apps","pricing_title_caption":"Solu\u00e7\u00e3o digital multiplataforma adequada para qualquer site","pricing_price":"a partir de US$ 0\/m\u00eas","pricing_price_caption":"comece com plano gratuito","pricing_benefits":[{"text":"Dom\u00ednios ilimitados"},{"text":"Suporte r\u00e1pido"},{"text":"Suporte r\u00e1pido"},{"text":"Pre\u00e7o especial para v\u00e1rios aplicativos"}],"pricing_button_text":"Adicionar ao site","pricing_button_url":"#demo"}],"related_apps_title":"","related_apps_hidden":"","author":"","image":[],"title":"","job":"","social_networks":[]},"_links":{"self":[{"href":"https:\/\/elfsight.com\/pt\/wp-json\/wp\/v2\/pages\/5839","targetHints":{"allow":["GET"]}}],"collection":[{"href":"https:\/\/elfsight.com\/pt\/wp-json\/wp\/v2\/pages"}],"about":[{"href":"https:\/\/elfsight.com\/pt\/wp-json\/wp\/v2\/types\/page"}],"author":[{"embeddable":true,"href":"https:\/\/elfsight.com\/pt\/wp-json\/wp\/v2\/users\/9"}],"replies":[{"embeddable":true,"href":"https:\/\/elfsight.com\/pt\/wp-json\/wp\/v2\/comments?post=5839"}],"version-history":[{"count":2,"href":"https:\/\/elfsight.com\/pt\/wp-json\/wp\/v2\/pages\/5839\/revisions"}],"predecessor-version":[{"id":11628,"href":"https:\/\/elfsight.com\/pt\/wp-json\/wp\/v2\/pages\/5839\/revisions\/11628"}],"up":[{"embeddable":true,"href":"https:\/\/elfsight.com\/pt\/wp-json\/wp\/v2\/pages\/1292"}],"wp:attachment":[{"href":"https:\/\/elfsight.com\/pt\/wp-json\/wp\/v2\/media?parent=5839"}],"curies":[{"name":"wp","href":"https:\/\/api.w.org\/{rel}","templated":true}]}}