{"id":5831,"date":"2024-05-03T06:29:15","date_gmt":"2024-05-03T06:29:15","guid":{"rendered":"https:\/\/elfsight.com\/pt\/?page_id=5831"},"modified":"2025-02-26T17:56:36","modified_gmt":"2025-02-26T17:56:36","slug":"godaddy","status":"publish","type":"page","link":"https:\/\/elfsight.com\/pt\/background-music-widget\/godaddy\/","title":{"rendered":"Background Music &#8211; GoDaddy"},"content":{"rendered":"\n<div class=\"application-platform-content-item-description application-platform-content-item\" id=\"description\" data-nav-section=\"description\"> <h2>Incorpore m\u00fasica de fundo no GoDaddy com o widget Elfsight<\/h2> <p>Elfsight Background Music \u00e9 um plugin descomplicado que permite reproduzir faixas de \u00e1udio direto no seu site. A ferramenta \u00e9 totalmente ajust\u00e1vel: voc\u00ea pode alterar seu posicionamento, posicionando-a em qualquer lugar da p\u00e1gina, dimensionar seu tamanho, repintar o fundo e outras partes para mistur\u00e1-lo com o layout do seu site, usar esquema de cores escuras, revelar capas e exibir ou ocultar 4 partes adicionais do jogador, como barra de progresso, t\u00edtulo e outras. Inclua quantas faixas desejar para envolver seus visitantes, ative a op\u00e7\u00e3o de reprodu\u00e7\u00e3o autom\u00e1tica e tenha certeza: seu p\u00fablico n\u00e3o sair\u00e1 de sua p\u00e1gina da web com pressa! <\/p><p><b>Integre a m\u00fasica de fundo da Elfsight para atingir seus objetivos de neg\u00f3cios com mais facilidade! <\/b><\/p> <\/div> <div class=\"application-platform-content-item-features application-platform-content-item\" id=\"features\" data-nav-section=\"features\"> <h2>Oferecemos recursos \u00fateis e f\u00e1ceis, confira alguns deles: <\/h2> <ul><li>Varia\u00e7\u00f5es de cores ilimitadas<\/li><li>Tema de cores claras\/escuras<\/li><li>Design flex\u00edvel<\/li><li>2 layouts aplic\u00e1veis<\/li><li>Uma oportunidade de usar imagem de fundo<\/li><\/ul> <p><a href=\"#demo\">Experimente esta demonstra\u00e7\u00e3o para ver como funciona<\/a><\/p> <\/div> <div class=\"application-platform-content-item-installation application-platform-content-item\" id=\"installation\" data-nav-section=\"installation\"> <h2>Como adiciono o Elfsight Background M\u00fasica no meu GoDaddy? <\/h2> <p>Basta seguir os passos apresentados abaixo para ativar o plugin. <\/p> <ol><li><b>Aplique nosso editor gratuito e comece a moldar seu instrumento personalizado. <\/b><br> Especifique a apar\u00eancia e funcionalidade selecionadas do plugin e aplique as corre\u00e7\u00f5es. <\/li> <li><b>Receba o seu c\u00f3digo individual revelado na caixa nas aplica\u00e7\u00f5es Elfsight<\/b><br> Quando a configura\u00e7\u00e3o do seu plugin estiver conclu\u00edda, copie o c\u00f3digo individual na caixa que aparece e guarde-o para futuro ocasi\u00e3o. <\/li> <li><b>Comece a usar a ferramenta no seu site GoDaddy<\/b><br> Implemente o c\u00f3digo copiado anteriormente em sua p\u00e1gina e salve os ajustes. <\/li> <li><b>A instala\u00e7\u00e3o foi realizada com sucesso<\/b><br> Visite seu site para ver como a ferramenta est\u00e1 funcionando. <\/li><\/ol> <p>Caso tenha d\u00favidas ou encontre alguma dificuldade, sinta-se \u00e0 vontade para entrar em contato com nossa equipe de atendimento ao cliente. Nossos especialistas ter\u00e3o prazer em resolver todos os problemas que voc\u00ea possa ter com o plugin. <\/p> <div class=\"faq\" data-component=\"FAQ\"><div class=\"faq-item\">\r\n\t\t\t\t\t<div class=\"faq-item-question\">\r\n\t\t\t\t\t\t<h3 class=\"faq-item-question-text\">Como posso incorporar o plugin GoDaddy Background Music no meu site sem conhecimentos de codifica\u00e7\u00e3o?<\/h3>\r\n\r\n\t\t\t\t\t\t<div class=\"faq-item-question-icon\"><\/div>\r\n\t\t\t\t\t<\/div>\r\n\r\n\t\t\t\t\t<div class=\"faq-item-answer\">\r\n\t\t\t\t\t\t<div class=\"faq-item-answer-text\"><p>A Elfsight fornece uma solu\u00e7\u00e3o baseada na nuvem que permite aos utilizadores criar um plugin GoDaddy Background Music por conta deles. Observe como o processo pode ser simples:<\/p><ul><li>Acesse o Editor on-line para gerar uma se\u00e7\u00e3o do plugin GoDaddy Background Music que voc\u00ea gostaria de integrar ao seu site.<\/li><li>Selecione um dos seguintes: nossos modelos pr\u00e9-projetados e personalize as configura\u00e7\u00f5es do plug-in GoDaddy Background Music, ajuste o layout e o esquema de cores, inclua seu conte\u00fado sem qualquer necessidade de codifica\u00e7\u00e3o.<\/li><li>Preservar as configura\u00e7\u00f5es que voc\u00ea configurou para o plug-in GoDaddy Background Music e obtenha o c\u00f3digo para incorpora\u00e7\u00e3o, que pode ser facilmente incorporado ao seu site sem nenhum custo.<\/li><\/ul><p>Ao trabalhar no editor f\u00e1cil de usar, qualquer usu\u00e1rio da Internet pode criar uma se\u00e7\u00e3o de plug-in de m\u00fasica de fundo do GoDaddy e incorpor\u00e1-lo em seu site. N\u00e3o h\u00e1 exig\u00eancia de pagamento ou divulga\u00e7\u00e3o dos dados do seu cart\u00e3o para acessar o Editor Elfsight. Se voc\u00ea encontrar algum desafio em qualquer est\u00e1gio, sinta-se \u00e0 vontade para entrar em contato com nosso suporte ao cliente.<\/p><\/div>\r\n\t\t\t\t\t<\/div>\r\n\t\t\t\t<\/div><\/div><\/div>\n","protected":false},"excerpt":{"rendered":"","protected":false},"author":9,"featured_media":0,"parent":1292,"menu_order":0,"comment_status":"closed","ping_status":"closed","template":"templates\/template-application-platform.php","meta":{"publish_to_discourse":"","publish_post_category":"","wpdc_auto_publish_overridden":"","wpdc_topic_tags":"","wpdc_pin_topic":"","wpdc_pin_until":"","discourse_post_id":"","discourse_permalink":"","wpdc_publishing_response":"","wpdc_publishing_error":"","footnotes":""},"class_list":["post-5831","page","type-page","status-publish","hentry"],"yoast_head":"<!-- This site is optimized with the Yoast SEO plugin v25.3.1 - https:\/\/yoast.com\/wordpress\/plugins\/seo\/ -->\n<title>M\u00fasica de fundo - Adicione plugin de m\u00fasica ao site GoDaddy!<\/title>\n<meta name=\"description\" content=\"Adicione um plug-in adapt\u00e1vel de m\u00fasica de fundo ao seu site GoDaddy. Execute a demonstra\u00e7\u00e3o conveniente da Elfsight e crie seu plugin exclusivo!\" \/>\n<meta name=\"robots\" content=\"index, follow, max-snippet:-1, max-image-preview:large, max-video-preview:-1\" \/>\n<link rel=\"canonical\" href=\"https:\/\/elfsight.com\/pt\/background-music-widget\/godaddy\/\" \/>\n<meta property=\"og:locale\" content=\"pt_PT\" \/>\n<meta property=\"og:type\" content=\"article\" \/>\n<meta property=\"og:title\" content=\"M\u00fasica de fundo - Adicione plugin de m\u00fasica ao site GoDaddy!\" \/>\n<meta property=\"og:description\" content=\"Adicione um plug-in adapt\u00e1vel de m\u00fasica de fundo ao seu site GoDaddy. Execute a demonstra\u00e7\u00e3o conveniente da Elfsight e crie seu plugin exclusivo!\" \/>\n<meta property=\"og:url\" content=\"https:\/\/elfsight.com\/pt\/background-music-widget\/godaddy\/\" \/>\n<meta property=\"og:site_name\" content=\"Elfsight PT\" \/>\n<meta property=\"article:modified_time\" content=\"2025-02-26T17:56:36+00:00\" \/>\n<meta name=\"twitter:card\" content=\"summary_large_image\" \/>\n<meta name=\"twitter:label1\" content=\"Tempo estimado de leitura\" \/>\n\t<meta name=\"twitter:data1\" content=\"3 minutos\" \/>\n<!-- \/ Yoast SEO plugin. -->","yoast_head_json":{"title":"M\u00fasica de fundo - Adicione plugin de m\u00fasica ao site GoDaddy!","description":"Adicione um plug-in adapt\u00e1vel de m\u00fasica de fundo ao seu site GoDaddy. Execute a demonstra\u00e7\u00e3o conveniente da Elfsight e crie seu plugin exclusivo!","robots":{"index":"index","follow":"follow","max-snippet":"max-snippet:-1","max-image-preview":"max-image-preview:large","max-video-preview":"max-video-preview:-1"},"canonical":"https:\/\/elfsight.com\/pt\/background-music-widget\/godaddy\/","og_locale":"pt_PT","og_type":"article","og_title":"M\u00fasica de fundo - Adicione plugin de m\u00fasica ao site GoDaddy!","og_description":"Adicione um plug-in adapt\u00e1vel de m\u00fasica de fundo ao seu site GoDaddy. Execute a demonstra\u00e7\u00e3o conveniente da Elfsight e crie seu plugin exclusivo!","og_url":"https:\/\/elfsight.com\/pt\/background-music-widget\/godaddy\/","og_site_name":"Elfsight PT","article_modified_time":"2025-02-26T17:56:36+00:00","twitter_card":"summary_large_image","twitter_misc":{"Tempo estimado de leitura":"3 minutos"},"schema":{"@context":"https:\/\/schema.org","@graph":[{"@type":"WebPage","@id":"https:\/\/elfsight.com\/pt\/background-music-widget\/godaddy\/","url":"https:\/\/elfsight.com\/pt\/background-music-widget\/godaddy\/","name":"M\u00fasica de fundo - Adicione plugin de m\u00fasica ao site GoDaddy!","isPartOf":{"@id":"https:\/\/elfsight.com\/pt\/#website"},"datePublished":"2024-05-03T06:29:15+00:00","dateModified":"2025-02-26T17:56:36+00:00","description":"Adicione um plug-in adapt\u00e1vel de m\u00fasica de fundo ao seu site GoDaddy. Execute a demonstra\u00e7\u00e3o conveniente da Elfsight e crie seu plugin exclusivo!","breadcrumb":{"@id":"https:\/\/elfsight.com\/pt\/background-music-widget\/godaddy\/#breadcrumb"},"inLanguage":"pt-PT","potentialAction":[{"@type":"ReadAction","target":["https:\/\/elfsight.com\/pt\/background-music-widget\/godaddy\/"]}]},{"@type":"BreadcrumbList","@id":"https:\/\/elfsight.com\/pt\/background-music-widget\/godaddy\/#breadcrumb","itemListElement":[{"@type":"ListItem","position":1,"name":"Home","item":"https:\/\/elfsight.com\/pt\/"},{"@type":"ListItem","position":2,"name":"Background Music","item":"https:\/\/elfsight.com\/pt\/background-music-widget\/"},{"@type":"ListItem","position":3,"name":"Background Music &#8211; GoDaddy"}]},{"@type":"WebSite","@id":"https:\/\/elfsight.com\/pt\/#website","url":"https:\/\/elfsight.com\/pt\/","name":"Elfsight PT","description":"Just another Elfsight Sites site","potentialAction":[{"@type":"SearchAction","target":{"@type":"EntryPoint","urlTemplate":"https:\/\/elfsight.com\/pt\/?s={search_term_string}"},"query-input":{"@type":"PropertyValueSpecification","valueRequired":true,"valueName":"search_term_string"}}],"inLanguage":"pt-PT"}]}},"meta_box":{"industry":"","seo_heading":"","heading":"","description":"","cta_heading":"","cta_description":"","application":"1291","h1":"Plug-in de m\u00fasica de fundo GoDaddy","h1_caption":"Adicione uma op\u00e7\u00e3o divertida ao seu site e atraia mais clientes agradecidos com um clique","application_category":[],"applications_title":"","applications_request_title":"","applications_request_button_text":"","hero_text":"","hero_video":"","hero_video_schema_markup":"","selling_points_title":"","selling_points_caption":"","selling_points":[],"selling_points_cta_text":"","features_title":"","features":"","ed_cta_examples_text":"","ed_cta_examples_hidden":"","ed_cta_demo_text":"","ed_cta_demo_hidden":"","why_caption":"","why_editor_title":"","why_editor_text":"","why_team_title":"","why_team_text":"","why_service_title":"","why_service_text":"","template_catalog_visible":"0","template_catalog_title":"","template_catalog_text":"","template_catalog_categories_visible":"","demo_title":"Crie seu plugin de m\u00fasica de fundo","demo_caption":"Configure sua m\u00fasica de fundo e adicione-a ao site GoDaddy gratuitamente!","default_faq_hidden":"","app_template_category":[],"platform":"4908","template_public_id":"","codecanyon_url":"","codecanyon_item_id":"","codecanyon_price":"","pricing_caption":"","pricing_elfsight_apps_hide_column":"","pricing_elfsight_apps_url":"","pricing_codecanyon_price_caption":"","integration_category":[],"integration_request_title":"","integration_request_cta":"","integration_platform":"","integrations":[],"platform_category":[],"video_schema_markup":"","price":"a partir de US$ 0\/m\u00eas","trial":"","benefits":[{"text":"Ajuda de instala\u00e7\u00e3o gratuita"},{"text":"Suporte premium"},{"text":"Garantia de devolu\u00e7\u00e3o do dinheiro em 14 dias"},{"text":"Melhorias cont\u00ednuas"}],"button_url":"#demo","button_target_blank":"0","button_nofollow":"0","attributes":[{"name":"Instala\u00e7\u00f5es","content":"10,000 - 100,000"},{"name":"Responsivo","content":"Sim"},{"name":"Navegadores compat\u00edveis","content":"IE11, Firefox, Safari, Opera, Chrome, Edge"}],"tags":[],"tags_disable_links":"0","hide_more_platforms":"0","video_object":"","demo_hide_cta":"0","demo_hide_cloud_options":"0","pricing_title":"","pricing":[{"pricing_icon":"platform","pricing_title":"Elfsight Apps","pricing_title_caption":"Vers\u00e3o multiplataforma que funciona em qualquer site","pricing_price":"a partir de US$ 0\/m\u00eas","pricing_price_caption":"comece com plano gratuito","pricing_benefits":[{"text":"Sites ilimitados"},{"text":"Suporte profissional"},{"text":"Suporte profissional"},{"text":"Design flex\u00edvel"}],"pricing_button_text":"Adicionar ao site","pricing_button_url":"#demo"}],"related_apps_title":"","related_apps_hidden":"0","author":"","image":[],"title":"","job":"","social_networks":[]},"_links":{"self":[{"href":"https:\/\/elfsight.com\/pt\/wp-json\/wp\/v2\/pages\/5831","targetHints":{"allow":["GET"]}}],"collection":[{"href":"https:\/\/elfsight.com\/pt\/wp-json\/wp\/v2\/pages"}],"about":[{"href":"https:\/\/elfsight.com\/pt\/wp-json\/wp\/v2\/types\/page"}],"author":[{"embeddable":true,"href":"https:\/\/elfsight.com\/pt\/wp-json\/wp\/v2\/users\/9"}],"replies":[{"embeddable":true,"href":"https:\/\/elfsight.com\/pt\/wp-json\/wp\/v2\/comments?post=5831"}],"version-history":[{"count":2,"href":"https:\/\/elfsight.com\/pt\/wp-json\/wp\/v2\/pages\/5831\/revisions"}],"predecessor-version":[{"id":14030,"href":"https:\/\/elfsight.com\/pt\/wp-json\/wp\/v2\/pages\/5831\/revisions\/14030"}],"up":[{"embeddable":true,"href":"https:\/\/elfsight.com\/pt\/wp-json\/wp\/v2\/pages\/1292"}],"wp:attachment":[{"href":"https:\/\/elfsight.com\/pt\/wp-json\/wp\/v2\/media?parent=5831"}],"curies":[{"name":"wp","href":"https:\/\/api.w.org\/{rel}","templated":true}]}}