{"id":5818,"date":"2024-05-03T06:29:10","date_gmt":"2024-05-03T06:29:10","guid":{"rendered":"https:\/\/elfsight.com\/pt\/?page_id=5818"},"modified":"2024-11-13T11:29:43","modified_gmt":"2024-11-13T11:29:43","slug":"blogger","status":"publish","type":"page","link":"https:\/\/elfsight.com\/pt\/back-to-top-widget\/blogger\/","title":{"rendered":"Back to Top &#8211; Blogger"},"content":{"rendered":"<div class=\"application-platform-content-item-description application-platform-content-item\" id=\"description\" data-nav-section=\"description\"> <h2>Descri\u00e7\u00e3o<\/h2> <p>Elfsight Back to Top \u00e9 uma ferramenta simples para o Blogger que permite aos usu\u00e1rios voltar ao topo de forma imediata e tranquila do seu site depois de rolar longas p\u00e1ginas. O p\u00fablico do seu site n\u00e3o precisar\u00e1 mais procurar a tecla Home e mover a barra de rolagem por toda a p\u00e1gina. A ferramenta Voltar ao topo pode ser facilmente personalizada da maneira que voc\u00ea precisa &#8211; torne-a quadrada ou arredondada, altere sua cor, tamanho e coloque-a em qualquer lugar da p\u00e1gina para aprimorar a experi\u00eancia do usu\u00e1rio. O bot\u00e3o pode ser exibido em qualquer tipo de dispositivo \u2013 do smartphone ao desktop. <\/p> <p><b>Use outro plug-in pr\u00e1tico de voltar ao in\u00edcio para fornecer uma experi\u00eancia de usu\u00e1rio perfeita<\/b><\/p> <\/div> <div class=\"application-platform-content-item-features application-platform-content-item\" id=\"features\" data-nav-section=\"features\"> <h2>Esses s\u00e3o apenas alguns dos os v\u00e1rios recursos do widget: <\/h2> <ul><li>Repintar o bot\u00e3o<\/li><li>Implementar o widget em: todas as p\u00e1ginas, espec\u00edficas ou exclu\u00eddas<\/li><li>Especificar a velocidade de rolagem<\/li><li>8 posi\u00e7\u00f5es de bot\u00e3o para voc\u00ea escolher<\/li><li>Dois grupos de bot\u00f5es &#8211; Flutuante ou Incorporado<\/li><\/ul><p><a href=\"#demo\">Voc\u00ea pode sentir o que o widget vale a pena com a ajuda da demonstra\u00e7\u00e3o<\/a><\/p> <\/div> <div class=\"application-platform-content-item-installation application-platform-content-item\" id=\"installation\" data-nav-section=\"installation\"> <h2>Como fa\u00e7o para incorporar Voltar ao topo ao meu site do Blogger? <\/h2> <p>Basta seguir algumas etapas descritas abaixo para ativar a ferramenta. <\/p> <ol><li><b>Usando nossa demonstra\u00e7\u00e3o gratuita, comece a criar seu widget personalizado. <\/b><br> Determine a apar\u00eancia e os aspectos selecionados do widget e aplique as edi\u00e7\u00f5es. <\/li> <li><b>Obtenha seu c\u00f3digo exclusivo aparecendo na janela dos aplicativos Elfsight. <\/b><br> Logo ap\u00f3s a conclus\u00e3o da customiza\u00e7\u00e3o do seu plugin pessoal, copie o c\u00f3digo exclusivo na janela que surgir e guarde-o para uso posterior. <\/li> <li><b>Inicie a aplica\u00e7\u00e3o do plugin na p\u00e1gina inicial do Blogger. <\/b><br> Implemente o c\u00f3digo que voc\u00ea copiou recentemente em seu site e aplique as edi\u00e7\u00f5es. <\/li> <li><b>Pronto! A configura\u00e7\u00e3o foi executada com sucesso. <\/b><br> Acesse seu site para verificar o funcionamento da ferramenta. <\/li><\/ol> <p>Se voc\u00ea tiver alguma dificuldade, sinta-se \u00e0 vontade para escrever para nossa equipe de suporte. Nossos consultores ter\u00e3o prazer em ajud\u00e1-lo com todas as dificuldades que voc\u00ea possa ter com o produto. <\/p> <div class=\"faq\" data-component=\"FAQ\"><div class=\"faq-item\">\r\n\t\t\t\t\t<div class=\"faq-item-question\">\r\n\t\t\t\t\t\t<h3 class=\"faq-item-question-text\">Como adicionar Voltar ao topo ao meu site do Blogger sem conhecimentos de codifica\u00e7\u00e3o?<\/h3>\r\n\r\n\t\t\t\t\t\t<div class=\"faq-item-question-icon\"><\/div>\r\n\t\t\t\t\t<\/div>\r\n\r\n\t\t\t\t\t<div class=\"faq-item-answer\">\r\n\t\t\t\t\t\t<div class=\"faq-item-answer-text\"> <p>A Elfsight fornece uma solu\u00e7\u00e3o SaaS que lhe permite criar voc\u00ea mesmo um widget Voltar ao topo. Veja como \u00e9 f\u00e1cil o processo \u00e9: Trabalhe diretamente no Editor on-line para criar um widget Voltar ao in\u00edcio que voc\u00ea gostaria de ver no site do Blogger. Escolha um dos modelos predefinidos e ajuste as configura\u00e7\u00f5es Voltar ao in\u00edcio, adicione seu conte\u00fado, altere o layout e as cores sem nenhuma habilidade de codifica\u00e7\u00e3o. Salve o Voltar ao in\u00edcio e copie seu c\u00f3digo de instala\u00e7\u00e3o, que voc\u00ea pode simplesmente adicionar ao site do Blogger sem a necessidade de adquirir uma assinatura paga. Com nosso editor intuitivo, qualquer usu\u00e1rio da Internet pode criar um widget Voltar ao topo online e incorpor\u00e1-lo facilmente ao site do Blogger. N\u00e3o h\u00e1 necessidade de pagar ou inserir as credenciais do seu cart\u00e3o para acessar o servi\u00e7o. Se voc\u00ea enfrentar qualquer problema em qualquer etapa, n\u00e3o hesite em entrar em contato com nossa equipe de suporte t\u00e9cnico.<\/p> <\/div>\r\n\t\t\t\t\t<\/div>\r\n\t\t\t\t<\/div> <\/div><\/div>","protected":false},"excerpt":{"rendered":"","protected":false},"author":9,"featured_media":0,"parent":1350,"menu_order":0,"comment_status":"closed","ping_status":"closed","template":"templates\/template-application-platform.php","meta":{"publish_to_discourse":"","publish_post_category":"","wpdc_auto_publish_overridden":"","wpdc_topic_tags":"","wpdc_pin_topic":"","wpdc_pin_until":"","discourse_post_id":"","discourse_permalink":"","wpdc_publishing_response":"","wpdc_publishing_error":"","footnotes":""},"class_list":["post-5818","page","type-page","status-publish","hentry"],"yoast_head":"<!-- This site is optimized with the Yoast SEO plugin v25.3.1 - https:\/\/yoast.com\/wordpress\/plugins\/seo\/ -->\n<title>Voltar ao topo \u2013 Adicione o plugin Scroll to Top ao Blogger (gratuito e r\u00e1pido)<\/title>\n<meta name=\"description\" content=\"Implemente um widget Voltar ao in\u00edcio acess\u00edvel em seu site do Blogger sem muito esfor\u00e7o. Aplique nossa demonstra\u00e7\u00e3o \u00fatil para construir sua ferramenta exclusiva.\" \/>\n<meta name=\"robots\" content=\"index, follow, max-snippet:-1, max-image-preview:large, max-video-preview:-1\" \/>\n<link rel=\"canonical\" href=\"https:\/\/elfsight.com\/pt\/back-to-top-widget\/blogger\/\" \/>\n<meta property=\"og:locale\" content=\"pt_PT\" \/>\n<meta property=\"og:type\" content=\"article\" \/>\n<meta property=\"og:title\" content=\"Voltar ao topo \u2013 Adicione o plugin Scroll to Top ao Blogger (gratuito e r\u00e1pido)\" \/>\n<meta property=\"og:description\" content=\"Implemente um widget Voltar ao in\u00edcio acess\u00edvel em seu site do Blogger sem muito esfor\u00e7o. Aplique nossa demonstra\u00e7\u00e3o \u00fatil para construir sua ferramenta exclusiva.\" \/>\n<meta property=\"og:url\" content=\"https:\/\/elfsight.com\/pt\/back-to-top-widget\/blogger\/\" \/>\n<meta property=\"og:site_name\" content=\"Elfsight PT\" \/>\n<meta property=\"article:modified_time\" content=\"2024-11-13T11:29:43+00:00\" \/>\n<meta name=\"twitter:card\" content=\"summary_large_image\" \/>\n<meta name=\"twitter:label1\" content=\"Tempo estimado de leitura\" \/>\n\t<meta name=\"twitter:data1\" content=\"3 minutos\" \/>\n<!-- \/ Yoast SEO plugin. -->","yoast_head_json":{"title":"Voltar ao topo \u2013 Adicione o plugin Scroll to Top ao Blogger (gratuito e r\u00e1pido)","description":"Implemente um widget Voltar ao in\u00edcio acess\u00edvel em seu site do Blogger sem muito esfor\u00e7o. Aplique nossa demonstra\u00e7\u00e3o \u00fatil para construir sua ferramenta exclusiva.","robots":{"index":"index","follow":"follow","max-snippet":"max-snippet:-1","max-image-preview":"max-image-preview:large","max-video-preview":"max-video-preview:-1"},"canonical":"https:\/\/elfsight.com\/pt\/back-to-top-widget\/blogger\/","og_locale":"pt_PT","og_type":"article","og_title":"Voltar ao topo \u2013 Adicione o plugin Scroll to Top ao Blogger (gratuito e r\u00e1pido)","og_description":"Implemente um widget Voltar ao in\u00edcio acess\u00edvel em seu site do Blogger sem muito esfor\u00e7o. Aplique nossa demonstra\u00e7\u00e3o \u00fatil para construir sua ferramenta exclusiva.","og_url":"https:\/\/elfsight.com\/pt\/back-to-top-widget\/blogger\/","og_site_name":"Elfsight PT","article_modified_time":"2024-11-13T11:29:43+00:00","twitter_card":"summary_large_image","twitter_misc":{"Tempo estimado de leitura":"3 minutos"},"schema":{"@context":"https:\/\/schema.org","@graph":[{"@type":"WebPage","@id":"https:\/\/elfsight.com\/pt\/back-to-top-widget\/blogger\/","url":"https:\/\/elfsight.com\/pt\/back-to-top-widget\/blogger\/","name":"Voltar ao topo \u2013 Adicione o plugin Scroll to Top ao Blogger (gratuito e r\u00e1pido)","isPartOf":{"@id":"https:\/\/elfsight.com\/pt\/#website"},"datePublished":"2024-05-03T06:29:10+00:00","dateModified":"2024-11-13T11:29:43+00:00","description":"Implemente um widget Voltar ao in\u00edcio acess\u00edvel em seu site do Blogger sem muito esfor\u00e7o. Aplique nossa demonstra\u00e7\u00e3o \u00fatil para construir sua ferramenta exclusiva.","breadcrumb":{"@id":"https:\/\/elfsight.com\/pt\/back-to-top-widget\/blogger\/#breadcrumb"},"inLanguage":"pt-PT","potentialAction":[{"@type":"ReadAction","target":["https:\/\/elfsight.com\/pt\/back-to-top-widget\/blogger\/"]}]},{"@type":"BreadcrumbList","@id":"https:\/\/elfsight.com\/pt\/back-to-top-widget\/blogger\/#breadcrumb","itemListElement":[{"@type":"ListItem","position":1,"name":"Home","item":"https:\/\/elfsight.com\/pt\/"},{"@type":"ListItem","position":2,"name":"Back to Top","item":"https:\/\/elfsight.com\/pt\/back-to-top-widget\/"},{"@type":"ListItem","position":3,"name":"Back to Top &#8211; Blogger"}]},{"@type":"WebSite","@id":"https:\/\/elfsight.com\/pt\/#website","url":"https:\/\/elfsight.com\/pt\/","name":"Elfsight PT","description":"Just another Elfsight Sites site","potentialAction":[{"@type":"SearchAction","target":{"@type":"EntryPoint","urlTemplate":"https:\/\/elfsight.com\/pt\/?s={search_term_string}"},"query-input":{"@type":"PropertyValueSpecification","valueRequired":true,"valueName":"search_term_string"}}],"inLanguage":"pt-PT"}]}},"meta_box":{"industry":"","seo_heading":"","heading":"","description":"","cta_heading":"","cta_description":"","application":"1349","h1":"Widget Voltar ao in\u00edcio do Blogger","h1_caption":"Forne\u00e7a aos seus usu\u00e1rios mais uma ferramenta que complementar\u00e1 o desempenho do seu site","application_category":[],"applications_title":"","applications_request_title":"","applications_request_button_text":"","hero_text":"","hero_video":"","hero_video_schema_markup":"","selling_points_title":"","selling_points_caption":"","selling_points":[],"selling_points_cta_text":"","features_title":"","features":"","ed_cta_examples_text":"","ed_cta_examples_hidden":"","ed_cta_demo_text":"","ed_cta_demo_hidden":"","why_caption":"","why_editor_title":"","why_editor_text":"","why_team_title":"","why_team_text":"","why_service_title":"","why_service_text":"","template_catalog_visible":"","template_catalog_title":"","template_catalog_text":"","template_catalog_categories_visible":"","demo_title":"Crie seu widget Voltar ao in\u00edcio","demo_caption":"Configure seu Back to Top e adicione-o ao site do Blogger gratuitamente!","default_faq_hidden":"","app_template_category":[],"platform":"46","template_public_id":"","codecanyon_url":"","codecanyon_item_id":"","codecanyon_price":"","pricing_caption":"","pricing_elfsight_apps_hide_column":"","pricing_elfsight_apps_url":"","pricing_codecanyon_price_caption":"","integration_category":[],"integration_request_title":"","integration_request_cta":"","integration_platform":"","integrations":[],"platform_category":[],"video_schema_markup":"","price":"a partir de US$ 0\/m\u00eas","trial":"","benefits":[{"text":"Ajuda de instala\u00e7\u00e3o gratuita"},{"text":"Atendimento ao cliente competente"},{"text":"Garantia de reembolso de 14 dias"},{"text":"Atualizando constantemente"}],"button_url":"#demo","button_target_blank":"","button_nofollow":"","attributes":[{"name":"Instala\u00e7\u00f5es","content":"10,000 - 100,000"},{"name":"Responsivo","content":"Sim"},{"name":"Navegadores compat\u00edveis","content":"Firefox, Safari, Opera, Chrome, Edge"}],"tags":[],"tags_disable_links":"","hide_more_platforms":"","video_object":"","demo_hide_cta":"","demo_hide_cloud_options":"","pricing_title":"","pricing":[{"pricing_icon":"platform","pricing_title":"Elfsight Apps","pricing_title_caption":"Software multiplataforma adequado para qualquer site","pricing_price":"a partir de US$ 0\/m\u00eas","pricing_price_caption":"comece com um plano gratuito","pricing_benefits":[{"text":"Dom\u00ednios ilimitados"},{"text":"Suporte premium e pontual"},{"text":"Suporte premium e pontual"},{"text":"Totalmente personaliz\u00e1vel"}],"pricing_button_text":"Adicionar ao site","pricing_button_url":"#demo"}],"related_apps_title":"","related_apps_hidden":"","author":"","image":[],"title":"","job":"","social_networks":[]},"_links":{"self":[{"href":"https:\/\/elfsight.com\/pt\/wp-json\/wp\/v2\/pages\/5818","targetHints":{"allow":["GET"]}}],"collection":[{"href":"https:\/\/elfsight.com\/pt\/wp-json\/wp\/v2\/pages"}],"about":[{"href":"https:\/\/elfsight.com\/pt\/wp-json\/wp\/v2\/types\/page"}],"author":[{"embeddable":true,"href":"https:\/\/elfsight.com\/pt\/wp-json\/wp\/v2\/users\/9"}],"replies":[{"embeddable":true,"href":"https:\/\/elfsight.com\/pt\/wp-json\/wp\/v2\/comments?post=5818"}],"version-history":[{"count":1,"href":"https:\/\/elfsight.com\/pt\/wp-json\/wp\/v2\/pages\/5818\/revisions"}],"predecessor-version":[{"id":5822,"href":"https:\/\/elfsight.com\/pt\/wp-json\/wp\/v2\/pages\/5818\/revisions\/5822"}],"up":[{"embeddable":true,"href":"https:\/\/elfsight.com\/pt\/wp-json\/wp\/v2\/pages\/1350"}],"wp:attachment":[{"href":"https:\/\/elfsight.com\/pt\/wp-json\/wp\/v2\/media?parent=5818"}],"curies":[{"name":"wp","href":"https:\/\/api.w.org\/{rel}","templated":true}]}}