{"id":5816,"date":"2024-05-03T06:29:08","date_gmt":"2024-05-03T06:29:08","guid":{"rendered":"https:\/\/elfsight.com\/pt\/?page_id=5816"},"modified":"2024-11-13T11:29:34","modified_gmt":"2024-11-13T11:29:34","slug":"facebook","status":"publish","type":"page","link":"https:\/\/elfsight.com\/pt\/back-to-top-widget\/facebook\/","title":{"rendered":"Back to Top &#8211; Facebook"},"content":{"rendered":"<div class=\"application-platform-content-item-description application-platform-content-item\" id=\"description\" data-nav-section=\"description\"> <h2>Descri\u00e7\u00e3o<\/h2> <p>Elfsight Back to Top \u00e9 um plugin descomplicado para Facebook que permite aos visitantes do site voltar ao topo de forma r\u00e1pida e f\u00e1cil do seu site depois de rolar longas p\u00e1ginas. Os visitantes da sua p\u00e1gina web n\u00e3o precisar\u00e3o mais procurar a tecla Home e mover a barra de rolagem por toda a p\u00e1gina. Nossa ferramenta Voltar ao in\u00edcio pode ser personalizada da maneira que melhor lhe convier &#8211; torne-a quadrada ou arredondada, altere sua cor, tamanho e coloque-a em qualquer lugar do seu site para impulsionar a experi\u00eancia do usu\u00e1rio. O bot\u00e3o pode ser demonstrado em qualquer tipo de dispositivo \u2013 do smartphone ao desktop. <\/p> <p><b>Use mais um plug-in de rolagem para o topo acess\u00edvel para manter uma experi\u00eancia de usu\u00e1rio fant\u00e1stica.<\/b><\/p> <\/div> <div class=\"application-platform-content-item-features application-platform-content-item\" id=\"features\" data-nav-section=\"features\"> <h2>Encontre abaixo os recursos b\u00e1sicos do o widget: <\/h2> <ul><li>Recolorir o bot\u00e3o<\/li><li>Implementar o widget em: todas as p\u00e1ginas, peculiares ou exclu\u00eddas<\/li><li>Definir a agilidade de rolagem<\/li> <li>Oito posi\u00e7\u00f5es de bot\u00e3o dispon\u00edveis<\/li><li>Dois grupos de bot\u00f5es &#8211; flutuante ou incorporado<\/li><\/ul><p><a href=\"#demo\">Basta verificar esta demonstra\u00e7\u00e3o para entender a funcionalidade do o widget<\/a><\/p> <\/div> <div class=\"application-platform-content-item-installation application-platform-content-item\" id=\"installation\" data-nav-section=\"installation\"> <h2>Como posso adicionar Voltar ao topo em minha p\u00e1gina do Facebook? <\/h2> <p>Basta seguir as orienta\u00e7\u00f5es abaixo para ativar o widget. <\/p> <ol><li><b>Abra nosso configurador gratuito e comece a construir seu instrumento exclusivo. <\/b><br> Determine a forma e op\u00e7\u00f5es preferidas do widget e aplique as corre\u00e7\u00f5es. <\/li> <li><b>Adquira o c\u00f3digo pessoal que aparece no formul\u00e1rio especial nas Apps Elfsight. <\/b><br> Logo ap\u00f3s a conclus\u00e3o da gera\u00e7\u00e3o de sua ferramenta pessoal, copie o c\u00f3digo individual na caixa exibida e guarde-o para uso posterior. <\/li> <li><b>Comece a aplicar o widget no site do Facebook. <\/b><br> Insira o c\u00f3digo que voc\u00ea copiou anteriormente em sua p\u00e1gina e salve as melhorias. <\/li> <li><b>A configura\u00e7\u00e3o foi executada com sucesso. <\/b><br> Acesse sua p\u00e1gina da web para ver como o widget est\u00e1 funcionando. <\/li><\/ol> <p>Caso tenha d\u00favidas ou tenha algum problema, procure assist\u00eancia de nossa equipe de atendimento ao cliente. Nosso pessoal ter\u00e1 prazer em resolver todas as d\u00favidas que voc\u00ea possa ter com o widget. <\/p> <div class=\"faq\" data-component=\"FAQ\"><div class=\"faq-item\">\r\n\t\t\t\t\t<div class=\"faq-item-question\">\r\n\t\t\t\t\t\t<h3 class=\"faq-item-question-text\">Como adicionar Voltar ao topo \u00e0 minha p\u00e1gina do Facebook sem conhecimentos de codifica\u00e7\u00e3o?<\/h3>\r\n\r\n\t\t\t\t\t\t<div class=\"faq-item-question-icon\"><\/div>\r\n\t\t\t\t\t<\/div>\r\n\r\n\t\t\t\t\t<div class=\"faq-item-answer\">\r\n\t\t\t\t\t\t<div class=\"faq-item-answer-text\"> <p>A Elfsight fornece uma solu\u00e7\u00e3o SaaS que lhe permite criar voc\u00ea mesmo um widget Voltar ao topo, veja como O processo \u00e9 f\u00e1cil: trabalhe diretamente no Editor on-line para criar um widget Voltar ao topo que voc\u00ea gostaria de ver no site da sua p\u00e1gina do Facebook. Escolha um dos modelos predefinidos e ajuste as configura\u00e7\u00f5es Voltar ao in\u00edcio, adicione seu conte\u00fado, altere o layout e as cores sem nenhuma habilidade de codifica\u00e7\u00e3o. Salve o Voltar ao topo e copie seu c\u00f3digo de instala\u00e7\u00e3o, que voc\u00ea pode colar na sua p\u00e1gina do Facebook sem comprar um plano pago. Com nosso editor intuitivo, qualquer usu\u00e1rio da Internet pode criar um widget Voltar ao topo online e incorpor\u00e1-lo facilmente em sua p\u00e1gina do Facebook. N\u00e3o h\u00e1 necessidade de pagar ou inserir as credenciais do seu cart\u00e3o para acessar o servi\u00e7o. Se voc\u00ea enfrentar qualquer problema em qualquer etapa, n\u00e3o hesite em entrar em contato com nossa equipe de suporte t\u00e9cnico.<\/p> <\/div>\r\n\t\t\t\t\t<\/div>\r\n\t\t\t\t<\/div> <\/div><\/div>","protected":false},"excerpt":{"rendered":"","protected":false},"author":9,"featured_media":0,"parent":1350,"menu_order":0,"comment_status":"closed","ping_status":"closed","template":"templates\/template-application-platform.php","meta":{"publish_to_discourse":"","publish_post_category":"","wpdc_auto_publish_overridden":"","wpdc_topic_tags":"","wpdc_pin_topic":"","wpdc_pin_until":"","discourse_post_id":"","discourse_permalink":"","wpdc_publishing_response":"","wpdc_publishing_error":"","footnotes":""},"class_list":["post-5816","page","type-page","status-publish","hentry"],"yoast_head":"<!-- This site is optimized with the Yoast SEO plugin v25.3.1 - https:\/\/yoast.com\/wordpress\/plugins\/seo\/ -->\n<title>Bot\u00e3o Voltar ao in\u00edcio do site do Facebook (gratuito e f\u00e1cil)<\/title>\n<meta name=\"description\" content=\"Implemente uma ferramenta Back to Top acess\u00edvel em seu site do Facebook sem esfor\u00e7o. Utilize nossa demonstra\u00e7\u00e3o pr\u00e1tica para formar seu recurso exclusivo com apenas alguns cliques.\" \/>\n<meta name=\"robots\" content=\"index, follow, max-snippet:-1, max-image-preview:large, max-video-preview:-1\" \/>\n<link rel=\"canonical\" href=\"https:\/\/elfsight.com\/pt\/back-to-top-widget\/facebook\/\" \/>\n<meta property=\"og:locale\" content=\"pt_PT\" \/>\n<meta property=\"og:type\" content=\"article\" \/>\n<meta property=\"og:title\" content=\"Bot\u00e3o Voltar ao in\u00edcio do site do Facebook (gratuito e f\u00e1cil)\" \/>\n<meta property=\"og:description\" content=\"Implemente uma ferramenta Back to Top acess\u00edvel em seu site do Facebook sem esfor\u00e7o. Utilize nossa demonstra\u00e7\u00e3o pr\u00e1tica para formar seu recurso exclusivo com apenas alguns cliques.\" \/>\n<meta property=\"og:url\" content=\"https:\/\/elfsight.com\/pt\/back-to-top-widget\/facebook\/\" \/>\n<meta property=\"og:site_name\" content=\"Elfsight PT\" \/>\n<meta property=\"article:modified_time\" content=\"2024-11-13T11:29:34+00:00\" \/>\n<meta name=\"twitter:card\" content=\"summary_large_image\" \/>\n<meta name=\"twitter:label1\" content=\"Tempo estimado de leitura\" \/>\n\t<meta name=\"twitter:data1\" content=\"3 minutos\" \/>\n<!-- \/ Yoast SEO plugin. -->","yoast_head_json":{"title":"Bot\u00e3o Voltar ao in\u00edcio do site do Facebook (gratuito e f\u00e1cil)","description":"Implemente uma ferramenta Back to Top acess\u00edvel em seu site do Facebook sem esfor\u00e7o. Utilize nossa demonstra\u00e7\u00e3o pr\u00e1tica para formar seu recurso exclusivo com apenas alguns cliques.","robots":{"index":"index","follow":"follow","max-snippet":"max-snippet:-1","max-image-preview":"max-image-preview:large","max-video-preview":"max-video-preview:-1"},"canonical":"https:\/\/elfsight.com\/pt\/back-to-top-widget\/facebook\/","og_locale":"pt_PT","og_type":"article","og_title":"Bot\u00e3o Voltar ao in\u00edcio do site do Facebook (gratuito e f\u00e1cil)","og_description":"Implemente uma ferramenta Back to Top acess\u00edvel em seu site do Facebook sem esfor\u00e7o. Utilize nossa demonstra\u00e7\u00e3o pr\u00e1tica para formar seu recurso exclusivo com apenas alguns cliques.","og_url":"https:\/\/elfsight.com\/pt\/back-to-top-widget\/facebook\/","og_site_name":"Elfsight PT","article_modified_time":"2024-11-13T11:29:34+00:00","twitter_card":"summary_large_image","twitter_misc":{"Tempo estimado de leitura":"3 minutos"},"schema":{"@context":"https:\/\/schema.org","@graph":[{"@type":"WebPage","@id":"https:\/\/elfsight.com\/pt\/back-to-top-widget\/facebook\/","url":"https:\/\/elfsight.com\/pt\/back-to-top-widget\/facebook\/","name":"Bot\u00e3o Voltar ao in\u00edcio do site do Facebook (gratuito e f\u00e1cil)","isPartOf":{"@id":"https:\/\/elfsight.com\/pt\/#website"},"datePublished":"2024-05-03T06:29:08+00:00","dateModified":"2024-11-13T11:29:34+00:00","description":"Implemente uma ferramenta Back to Top acess\u00edvel em seu site do Facebook sem esfor\u00e7o. Utilize nossa demonstra\u00e7\u00e3o pr\u00e1tica para formar seu recurso exclusivo com apenas alguns cliques.","breadcrumb":{"@id":"https:\/\/elfsight.com\/pt\/back-to-top-widget\/facebook\/#breadcrumb"},"inLanguage":"pt-PT","potentialAction":[{"@type":"ReadAction","target":["https:\/\/elfsight.com\/pt\/back-to-top-widget\/facebook\/"]}]},{"@type":"BreadcrumbList","@id":"https:\/\/elfsight.com\/pt\/back-to-top-widget\/facebook\/#breadcrumb","itemListElement":[{"@type":"ListItem","position":1,"name":"Home","item":"https:\/\/elfsight.com\/pt\/"},{"@type":"ListItem","position":2,"name":"Back to Top","item":"https:\/\/elfsight.com\/pt\/back-to-top-widget\/"},{"@type":"ListItem","position":3,"name":"Back to Top &#8211; Facebook"}]},{"@type":"WebSite","@id":"https:\/\/elfsight.com\/pt\/#website","url":"https:\/\/elfsight.com\/pt\/","name":"Elfsight PT","description":"Just another Elfsight Sites site","potentialAction":[{"@type":"SearchAction","target":{"@type":"EntryPoint","urlTemplate":"https:\/\/elfsight.com\/pt\/?s={search_term_string}"},"query-input":{"@type":"PropertyValueSpecification","valueRequired":true,"valueName":"search_term_string"}}],"inLanguage":"pt-PT"}]}},"meta_box":{"industry":"","seo_heading":"","heading":"","description":"","cta_heading":"","cta_description":"","application":"1349","h1":"Widget Voltar ao topo do Facebook","h1_caption":"Forne\u00e7a aos seus visitantes mais um recurso que ser\u00e1 um complemento ao desempenho do seu site","application_category":[],"applications_title":"","applications_request_title":"","applications_request_button_text":"","hero_text":"","hero_video":"","hero_video_schema_markup":"","selling_points_title":"","selling_points_caption":"","selling_points":[],"selling_points_cta_text":"","features_title":"","features":"","ed_cta_examples_text":"","ed_cta_examples_hidden":"","ed_cta_demo_text":"","ed_cta_demo_hidden":"","why_caption":"","why_editor_title":"","why_editor_text":"","why_team_title":"","why_team_text":"","why_service_title":"","why_service_text":"","template_catalog_visible":"","template_catalog_title":"","template_catalog_text":"","template_catalog_categories_visible":"","demo_title":"N\u00e3o hesite em criar um Facebook personalizado Voltar ao topo","demo_caption":"Ajuste-o e adicione a ferramenta em sua p\u00e1gina web por meio de demonstra\u00e7\u00e3o ativa","default_faq_hidden":"","app_template_category":[],"platform":"103","template_public_id":"","codecanyon_url":"","codecanyon_item_id":"","codecanyon_price":"","pricing_caption":"","pricing_elfsight_apps_hide_column":"","pricing_elfsight_apps_url":"","pricing_codecanyon_price_caption":"","integration_category":[],"integration_request_title":"","integration_request_cta":"","integration_platform":"","integrations":[],"platform_category":[],"video_schema_markup":"","price":"a partir de US$ 0\/m\u00eas","trial":"","benefits":[{"text":"Assist\u00eancia de instala\u00e7\u00e3o gratuita"},{"text":"Atendimento ao cliente eficaz"},{"text":"Garantia de reembolso de 14 dias"},{"text":"Futuras atualiza\u00e7\u00f5es gratuitas"}],"button_url":"#demo","button_target_blank":"","button_nofollow":"","attributes":[{"name":"Instala\u00e7\u00f5es","content":"10,000 - 100,000"},{"name":"Responsivo","content":"Sim"},{"name":"Navegadores compat\u00edveis","content":"Firefox, Edge, Opera, Chrome, Safari"}],"tags":[],"tags_disable_links":"","hide_more_platforms":"","video_object":"","demo_hide_cta":"","demo_hide_cloud_options":"","pricing_title":"","pricing":[{"pricing_icon":"platform","pricing_title":"Elfsight Apps","pricing_title_caption":"Solu\u00e7\u00e3o digital multiplataforma que se adapta a qualquer site","pricing_price":"a partir de US$ 0\/m\u00eas","pricing_price_caption":"comece com plano gratuito","pricing_benefits":[{"text":"Sites ilimitados"},{"text":"Suporte r\u00e1pido e pontual"},{"text":"Suporte r\u00e1pido e pontual"},{"text":"100% personaliz\u00e1vel"}],"pricing_button_text":"Adicionar ao site","pricing_button_url":"#demo"}],"related_apps_title":"","related_apps_hidden":"","author":"","image":[],"title":"","job":"","social_networks":[]},"_links":{"self":[{"href":"https:\/\/elfsight.com\/pt\/wp-json\/wp\/v2\/pages\/5816","targetHints":{"allow":["GET"]}}],"collection":[{"href":"https:\/\/elfsight.com\/pt\/wp-json\/wp\/v2\/pages"}],"about":[{"href":"https:\/\/elfsight.com\/pt\/wp-json\/wp\/v2\/types\/page"}],"author":[{"embeddable":true,"href":"https:\/\/elfsight.com\/pt\/wp-json\/wp\/v2\/users\/9"}],"replies":[{"embeddable":true,"href":"https:\/\/elfsight.com\/pt\/wp-json\/wp\/v2\/comments?post=5816"}],"version-history":[{"count":1,"href":"https:\/\/elfsight.com\/pt\/wp-json\/wp\/v2\/pages\/5816\/revisions"}],"predecessor-version":[{"id":5820,"href":"https:\/\/elfsight.com\/pt\/wp-json\/wp\/v2\/pages\/5816\/revisions\/5820"}],"up":[{"embeddable":true,"href":"https:\/\/elfsight.com\/pt\/wp-json\/wp\/v2\/pages\/1350"}],"wp:attachment":[{"href":"https:\/\/elfsight.com\/pt\/wp-json\/wp\/v2\/media?parent=5816"}],"curies":[{"name":"wp","href":"https:\/\/api.w.org\/{rel}","templated":true}]}}