{"id":5810,"date":"2024-05-03T06:29:06","date_gmt":"2024-05-03T06:29:06","guid":{"rendered":"https:\/\/elfsight.com\/pt\/?page_id=5810"},"modified":"2024-11-13T11:29:34","modified_gmt":"2024-11-13T11:29:34","slug":"joomla","status":"publish","type":"page","link":"https:\/\/elfsight.com\/pt\/back-to-top-widget\/joomla\/","title":{"rendered":"Back to Top &#8211; Joomla"},"content":{"rendered":"<div class=\"application-platform-content-item-description application-platform-content-item\" id=\"description\" data-nav-section=\"description\"> <h2>Descri\u00e7\u00e3o<\/h2> <p>Elfsight Back to Top \u00e9 uma extens\u00e3o descomplicada para Joomla que permite aos usu\u00e1rios voltar ao topo de forma r\u00e1pida e perfeita da sua p\u00e1gina da web depois de rolar p\u00e1ginas longas. O p\u00fablico do seu site n\u00e3o precisar\u00e1 mais procurar a tecla Home e arrastar a barra de rolagem pela p\u00e1gina. Nosso widget Voltar ao topo pode ser personalizado da maneira que voc\u00ea precisar &#8211; torne-o quadrado ou redondo, altere sua cor, tamanho e configure-o em qualquer lugar da p\u00e1gina para melhorar a experi\u00eancia do usu\u00e1rio. O bot\u00e3o pode ser exibido em qualquer dispositivo \u2013 do smartphone ao desktop. <\/p> <p><b>Use outro widget acess\u00edvel de volta ao topo para manter uma experi\u00eancia de usu\u00e1rio incr\u00edvel<\/b><\/p> <\/div> <div class=\"application-platform-content-item-features application-platform-content-item\" id=\"features\" data-nav-section=\"features\"> <h2>Esses s\u00e3o apenas alguns dos valiosos recursos do widget: <\/h2> <ul><li>Repintar o bot\u00e3o<\/li><li>Adicionar o widget em: todas as p\u00e1ginas, peculiares ou exclu\u00eddas<\/li><li>Especificar a agilidade de rolagem<\/li><li>8 posi\u00e7\u00f5es de bot\u00e3o dispon\u00edveis<\/li><li>2 tipos de bot\u00e3o &#8211; flutuante ou incorporado<\/li><\/ul><p><a href=\"#demo\">Voc\u00ea pode verificar se a extens\u00e3o \u00e9 para voc\u00ea experimentar a demonstra\u00e7\u00e3o<\/a><\/p> <\/div> <div class=\"application-platform-content-item-installation application-platform-content-item\" id=\"installation\" data-nav-section=\"installation\"> <h2>Como posso adicionar Voltar ao topo ao meu site Joomla? <\/h2> <p>Basta seguir as instru\u00e7\u00f5es abaixo para incorporar o widget. <\/p> <ol><li><b>Execute nosso editor gratuito e comece a moldar sua extens\u00e3o exclusiva. <\/b><br> Determine a organiza\u00e7\u00e3o personalizada e o desempenho da extens\u00e3o e aplique todas as modifica\u00e7\u00f5es. <\/li> <li><b>Receba o seu c\u00f3digo pessoal na janela das aplica\u00e7\u00f5es Elfsight. <\/b><br> Quando a gera\u00e7\u00e3o da sua extens\u00e3o estiver conclu\u00edda, copie o c\u00f3digo individual na caixa que apareceu e salve-o para uso posterior. <\/li> <li><b>Iniciar a aplica\u00e7\u00e3o da extens\u00e3o no site Joomla. <\/b><br> Implemente o c\u00f3digo que voc\u00ea copiou anteriormente em sua p\u00e1gina web e salve os ajustes. <\/li> <li><b>Pronto! A configura\u00e7\u00e3o est\u00e1 totalmente executada. <\/b><br> Acesse seu site para revisar o trabalho da extens\u00e3o. <\/li><\/ol><p>Supondo que voc\u00ea tenha alguma dificuldade, n\u00e3o hesite em entrar em contato com nossa equipe de atendimento ao cliente. Nosso pessoal est\u00e1 ansioso para resolver todas as d\u00favidas que voc\u00ea possa ter com a ferramenta. <\/p> <div class=\"faq\" data-component=\"FAQ\"><div class=\"faq-item\">\r\n\t\t\t\t\t<div class=\"faq-item-question\">\r\n\t\t\t\t\t\t<h3 class=\"faq-item-question-text\">Como posso adicionar Voltar ao topo ao meu site Joomla sem conhecimentos de codifica\u00e7\u00e3o?<\/h3>\r\n\r\n\t\t\t\t\t\t<div class=\"faq-item-question-icon\"><\/div>\r\n\t\t\t\t\t<\/div>\r\n\r\n\t\t\t\t\t<div class=\"faq-item-answer\">\r\n\t\t\t\t\t\t<div class=\"faq-item-answer-text\"> <p>A Elfsight fornece uma solu\u00e7\u00e3o SaaS que lhe permite criar voc\u00ea mesmo um widget Voltar ao topo, veja como O processo \u00e9 f\u00e1cil: trabalhe diretamente no Editor on-line para criar um widget Voltar ao topo que voc\u00ea gostaria de ver em seu site Joomla. Escolha um dos modelos predefinidos e ajuste as configura\u00e7\u00f5es Voltar ao in\u00edcio, adicione seu conte\u00fado, altere o layout e as cores sem nenhuma habilidade de codifica\u00e7\u00e3o. Salve o Voltar ao topo e copie seu c\u00f3digo de instala\u00e7\u00e3o, que voc\u00ea pode simplesmente colar em seu site Joomla sem comprar uma assinatura paga. Com nosso editor intuitivo, qualquer usu\u00e1rio da Internet pode criar um widget Voltar ao topo online e incorpor\u00e1-lo facilmente em seu site Joomla. N\u00e3o h\u00e1 necessidade de pagar ou inserir as credenciais do seu cart\u00e3o para acessar o servi\u00e7o. Se voc\u00ea enfrentar qualquer problema em qualquer etapa, n\u00e3o hesite em entrar em contato com nossa equipe de suporte t\u00e9cnico.<\/p> <\/div>\r\n\t\t\t\t\t<\/div>\r\n\t\t\t\t<\/div> <\/div><\/div>","protected":false},"excerpt":{"rendered":"","protected":false},"author":9,"featured_media":0,"parent":1350,"menu_order":0,"comment_status":"closed","ping_status":"closed","template":"templates\/template-application-platform.php","meta":{"publish_to_discourse":"","publish_post_category":"","wpdc_auto_publish_overridden":"","wpdc_topic_tags":"","wpdc_pin_topic":"","wpdc_pin_until":"","discourse_post_id":"","discourse_permalink":"","wpdc_publishing_response":"","wpdc_publishing_error":"","footnotes":""},"class_list":["post-5810","page","type-page","status-publish","hentry"],"yoast_head":"<!-- This site is optimized with the Yoast SEO plugin v25.3.1 - https:\/\/yoast.com\/wordpress\/plugins\/seo\/ -->\n<title>Voltar ao topo \u2013 Adicione o plugin Scroll to Top ao Joomla (gratuito e r\u00e1pido)<\/title>\n<meta name=\"description\" content=\"Implemente uma ferramenta Back to Top acess\u00edvel em seu site Joomla sem problemas. Utilize nossa demonstra\u00e7\u00e3o \u00fatil para criar sua extens\u00e3o exclusiva no 1-2-3.\" \/>\n<meta name=\"robots\" content=\"index, follow, max-snippet:-1, max-image-preview:large, max-video-preview:-1\" \/>\n<link rel=\"canonical\" href=\"https:\/\/elfsight.com\/pt\/back-to-top-widget\/joomla\/\" \/>\n<meta property=\"og:locale\" content=\"pt_PT\" \/>\n<meta property=\"og:type\" content=\"article\" \/>\n<meta property=\"og:title\" content=\"Voltar ao topo \u2013 Adicione o plugin Scroll to Top ao Joomla (gratuito e r\u00e1pido)\" \/>\n<meta property=\"og:description\" content=\"Implemente uma ferramenta Back to Top acess\u00edvel em seu site Joomla sem problemas. Utilize nossa demonstra\u00e7\u00e3o \u00fatil para criar sua extens\u00e3o exclusiva no 1-2-3.\" \/>\n<meta property=\"og:url\" content=\"https:\/\/elfsight.com\/pt\/back-to-top-widget\/joomla\/\" \/>\n<meta property=\"og:site_name\" content=\"Elfsight PT\" \/>\n<meta property=\"article:modified_time\" content=\"2024-11-13T11:29:34+00:00\" \/>\n<meta name=\"twitter:card\" content=\"summary_large_image\" \/>\n<meta name=\"twitter:label1\" content=\"Tempo estimado de leitura\" \/>\n\t<meta name=\"twitter:data1\" content=\"3 minutos\" \/>\n<!-- \/ Yoast SEO plugin. -->","yoast_head_json":{"title":"Voltar ao topo \u2013 Adicione o plugin Scroll to Top ao Joomla (gratuito e r\u00e1pido)","description":"Implemente uma ferramenta Back to Top acess\u00edvel em seu site Joomla sem problemas. Utilize nossa demonstra\u00e7\u00e3o \u00fatil para criar sua extens\u00e3o exclusiva no 1-2-3.","robots":{"index":"index","follow":"follow","max-snippet":"max-snippet:-1","max-image-preview":"max-image-preview:large","max-video-preview":"max-video-preview:-1"},"canonical":"https:\/\/elfsight.com\/pt\/back-to-top-widget\/joomla\/","og_locale":"pt_PT","og_type":"article","og_title":"Voltar ao topo \u2013 Adicione o plugin Scroll to Top ao Joomla (gratuito e r\u00e1pido)","og_description":"Implemente uma ferramenta Back to Top acess\u00edvel em seu site Joomla sem problemas. Utilize nossa demonstra\u00e7\u00e3o \u00fatil para criar sua extens\u00e3o exclusiva no 1-2-3.","og_url":"https:\/\/elfsight.com\/pt\/back-to-top-widget\/joomla\/","og_site_name":"Elfsight PT","article_modified_time":"2024-11-13T11:29:34+00:00","twitter_card":"summary_large_image","twitter_misc":{"Tempo estimado de leitura":"3 minutos"},"schema":{"@context":"https:\/\/schema.org","@graph":[{"@type":"WebPage","@id":"https:\/\/elfsight.com\/pt\/back-to-top-widget\/joomla\/","url":"https:\/\/elfsight.com\/pt\/back-to-top-widget\/joomla\/","name":"Voltar ao topo \u2013 Adicione o plugin Scroll to Top ao Joomla (gratuito e r\u00e1pido)","isPartOf":{"@id":"https:\/\/elfsight.com\/pt\/#website"},"datePublished":"2024-05-03T06:29:06+00:00","dateModified":"2024-11-13T11:29:34+00:00","description":"Implemente uma ferramenta Back to Top acess\u00edvel em seu site Joomla sem problemas. Utilize nossa demonstra\u00e7\u00e3o \u00fatil para criar sua extens\u00e3o exclusiva no 1-2-3.","breadcrumb":{"@id":"https:\/\/elfsight.com\/pt\/back-to-top-widget\/joomla\/#breadcrumb"},"inLanguage":"pt-PT","potentialAction":[{"@type":"ReadAction","target":["https:\/\/elfsight.com\/pt\/back-to-top-widget\/joomla\/"]}]},{"@type":"BreadcrumbList","@id":"https:\/\/elfsight.com\/pt\/back-to-top-widget\/joomla\/#breadcrumb","itemListElement":[{"@type":"ListItem","position":1,"name":"Home","item":"https:\/\/elfsight.com\/pt\/"},{"@type":"ListItem","position":2,"name":"Back to Top","item":"https:\/\/elfsight.com\/pt\/back-to-top-widget\/"},{"@type":"ListItem","position":3,"name":"Back to Top &#8211; Joomla"}]},{"@type":"WebSite","@id":"https:\/\/elfsight.com\/pt\/#website","url":"https:\/\/elfsight.com\/pt\/","name":"Elfsight PT","description":"Just another Elfsight Sites site","potentialAction":[{"@type":"SearchAction","target":{"@type":"EntryPoint","urlTemplate":"https:\/\/elfsight.com\/pt\/?s={search_term_string}"},"query-input":{"@type":"PropertyValueSpecification","valueRequired":true,"valueName":"search_term_string"}}],"inLanguage":"pt-PT"}]}},"meta_box":{"industry":"","seo_heading":"","heading":"","description":"","cta_heading":"","cta_description":"","application":"1349","h1":"Extens\u00e3o Joomla Voltar ao In\u00edcio","h1_caption":"Forne\u00e7a aos seus usu\u00e1rios mais uma ferramenta que ir\u00e1 complementar o desempenho do seu site","application_category":[],"applications_title":"","applications_request_title":"","applications_request_button_text":"","hero_text":"","hero_video":"","hero_video_schema_markup":"","selling_points_title":"","selling_points_caption":"","selling_points":[],"selling_points_cta_text":"","features_title":"","features":"","ed_cta_examples_text":"","ed_cta_examples_hidden":"","ed_cta_demo_text":"","ed_cta_demo_hidden":"","why_caption":"","why_editor_title":"","why_editor_text":"","why_team_title":"","why_team_text":"","why_service_title":"","why_service_text":"","template_catalog_visible":"","template_catalog_title":"","template_catalog_text":"","template_catalog_categories_visible":"","demo_title":"Crie seu plugin Voltar ao In\u00edcio","demo_caption":"Configure seu Back to Top e adicione-o ao seu site Joomla gratuitamente!","default_faq_hidden":"","app_template_category":[],"platform":"52","template_public_id":"","codecanyon_url":"","codecanyon_item_id":"","codecanyon_price":"","pricing_caption":"","pricing_elfsight_apps_hide_column":"","pricing_elfsight_apps_url":"","pricing_codecanyon_price_caption":"","integration_category":[],"integration_request_title":"","integration_request_cta":"","integration_platform":"","integrations":[],"platform_category":[],"video_schema_markup":"","price":"a partir de US$ 0\/m\u00eas","trial":"","benefits":[{"text":"Assist\u00eancia de instala\u00e7\u00e3o gratuita"},{"text":"Atendimento ao cliente competente"},{"text":"Garantia de devolu\u00e7\u00e3o do dinheiro em 14 dias"},{"text":"Atualiza\u00e7\u00f5es gratuitas regulares"}],"button_url":"#demo","button_target_blank":"","button_nofollow":"","attributes":[{"name":"Instala\u00e7\u00f5es","content":"10,000 - 100,000"},{"name":"Responsivo","content":"Sim"},{"name":"Navegadores compat\u00edveis","content":"IE11, Firefox, Safari, Opera, Chrome, Edge"}],"tags":[],"tags_disable_links":"","hide_more_platforms":"","video_object":"","demo_hide_cta":"","demo_hide_cloud_options":"","pricing_title":"","pricing":[{"pricing_icon":"platform","pricing_title":"Elfsight Apps","pricing_title_caption":"Solu\u00e7\u00e3o digital multiplataforma que funciona em qualquer site","pricing_price":"a partir de US$ 0\/m\u00eas","pricing_price_caption":"comece com plano gratuito","pricing_benefits":[{"text":"Dom\u00ednios ilimitados"},{"text":"Suporte 24 horas por dia, 7 dias por semana e pontual"},{"text":"Suporte 24 horas por dia, 7 dias por semana e pontual"},{"text":"Oferta especial para v\u00e1rios aplicativos"}],"pricing_button_text":"Adicionar ao site","pricing_button_url":"#demo"}],"related_apps_title":"","related_apps_hidden":"","author":"","image":[],"title":"","job":"","social_networks":[]},"_links":{"self":[{"href":"https:\/\/elfsight.com\/pt\/wp-json\/wp\/v2\/pages\/5810","targetHints":{"allow":["GET"]}}],"collection":[{"href":"https:\/\/elfsight.com\/pt\/wp-json\/wp\/v2\/pages"}],"about":[{"href":"https:\/\/elfsight.com\/pt\/wp-json\/wp\/v2\/types\/page"}],"author":[{"embeddable":true,"href":"https:\/\/elfsight.com\/pt\/wp-json\/wp\/v2\/users\/9"}],"replies":[{"embeddable":true,"href":"https:\/\/elfsight.com\/pt\/wp-json\/wp\/v2\/comments?post=5810"}],"version-history":[{"count":1,"href":"https:\/\/elfsight.com\/pt\/wp-json\/wp\/v2\/pages\/5810\/revisions"}],"predecessor-version":[{"id":5814,"href":"https:\/\/elfsight.com\/pt\/wp-json\/wp\/v2\/pages\/5810\/revisions\/5814"}],"up":[{"embeddable":true,"href":"https:\/\/elfsight.com\/pt\/wp-json\/wp\/v2\/pages\/1350"}],"wp:attachment":[{"href":"https:\/\/elfsight.com\/pt\/wp-json\/wp\/v2\/media?parent=5810"}],"curies":[{"name":"wp","href":"https:\/\/api.w.org\/{rel}","templated":true}]}}