{"id":5802,"date":"2024-05-03T06:29:02","date_gmt":"2024-05-03T06:29:02","guid":{"rendered":"https:\/\/elfsight.com\/pt\/?page_id=5802"},"modified":"2024-11-13T11:29:26","modified_gmt":"2024-11-13T11:29:26","slug":"magento","status":"publish","type":"page","link":"https:\/\/elfsight.com\/pt\/back-to-top-widget\/magento\/","title":{"rendered":"Back to Top &#8211; Magento"},"content":{"rendered":"<div class=\"application-platform-content-item-description application-platform-content-item\" id=\"description\" data-nav-section=\"description\"> <h2>Descri\u00e7\u00e3o<\/h2> <p>Elfsight Back to Top \u00e9 uma extens\u00e3o simples para Magento que permite aos usu\u00e1rios voltar ao topo do sua p\u00e1gina da web depois de rolar p\u00e1ginas longas. Os visitantes da sua p\u00e1gina web n\u00e3o precisar\u00e3o mais procurar a tecla Home e arrastar a barra de rolagem por toda a p\u00e1gina. Nossa ferramenta Voltar ao topo pode ser personalizada da maneira que voc\u00ea precisa &#8211; torne-a quadrada ou arredondada, altere sua cor, tamanho e coloque-a em qualquer lugar do seu site para melhorar a experi\u00eancia do usu\u00e1rio. O bot\u00e3o pode ser demonstrado em qualquer dispositivo \u2013 do smartphone ao desktop. <\/p> <p><b>Coloque em uso outra ferramenta conveniente de voltar ao topo para fornecer uma experi\u00eancia de usu\u00e1rio fant\u00e1stica<\/b><\/p> <\/div> <div class=\"application-platform-content-item-features application-platform-content-item\" id=\"features\" data-nav-section=\"features\"> <h2>A extens\u00e3o tem recursos poderosos e f\u00e1ceis, veja alguns deles: <\/h2> <ul><li>Repintar o bot\u00e3o<\/li><li>Colocar o widget em: todas as p\u00e1ginas, espec\u00edficas ou exclu\u00eddas<\/li><li>Indicar a agilidade de rolagem<\/li><li>8 posi\u00e7\u00f5es de bot\u00e3o para voc\u00ea escolher<\/li><li>2 tipos de bot\u00e3o &#8211; flutuante ou incorporado<\/li><\/ul><p><a href=\"#demo\">Basta experimentar esta demonstra\u00e7\u00e3o para ver quanto vale a extens\u00e3o<\/a><\/p> <\/div> <div class=\"application-platform-content-item-installation application-platform-content-item\" id=\"installation\" data-nav-section=\"installation\"> <h2>Como fa\u00e7o para adicionar Voltar ao topo no meu site Magento? <\/h2> <p>Basta seguir as orienta\u00e7\u00f5es abaixo para inserir o widget. <\/p> <ol><li><b>Gerencie nossa demonstra\u00e7\u00e3o gratuita e comece a criar sua extens\u00e3o personalizada. <\/b><br> Especifique o design personalizado e as caracter\u00edsticas funcionais da extens\u00e3o e salve todas as edi\u00e7\u00f5es. <\/li> <li><b>Adquira o seu c\u00f3digo pessoal que \u00e9 mostrado na janela dos aplicativos Elfsight. <\/b><br> Terminada a configura\u00e7\u00e3o do seu ramal pessoal, copie o c\u00f3digo exclusivo do pop-up que aparece e guarde-o para uso posterior. <\/li> <li><b>Comece a utilizar a extens\u00e3o na sua p\u00e1gina Magento. <\/b><br> Insira o c\u00f3digo que voc\u00ea salvou recentemente em sua p\u00e1gina da web e salve as edi\u00e7\u00f5es. <\/li> <li><b>Conclu\u00eddo! A configura\u00e7\u00e3o est\u00e1 totalmente executada. <\/b><br> Acesse seu site para ver o funcionamento da extens\u00e3o. <\/li><\/ol><p>Se tiver d\u00favidas ou se deparar com algum obst\u00e1culo, n\u00e3o hesite em recorrer \u00e0 nossa equipe de suporte. Nossos especialistas ter\u00e3o prazer em ajud\u00e1-lo com todas as dificuldades que voc\u00ea possa ter com o plugin. <\/p> <div class=\"faq\" data-component=\"FAQ\"><div class=\"faq-item\">\r\n\t\t\t\t\t<div class=\"faq-item-question\">\r\n\t\t\t\t\t\t<h3 class=\"faq-item-question-text\">Como adicionar Voltar ao topo ao meu site Magento sem conhecimentos de codifica\u00e7\u00e3o?<\/h3>\r\n\r\n\t\t\t\t\t\t<div class=\"faq-item-question-icon\"><\/div>\r\n\t\t\t\t\t<\/div>\r\n\r\n\t\t\t\t\t<div class=\"faq-item-answer\">\r\n\t\t\t\t\t\t<div class=\"faq-item-answer-text\"> <p>A Elfsight fornece uma solu\u00e7\u00e3o SaaS que lhe permite criar voc\u00ea mesmo um widget Voltar ao topo, veja como \u00e9 f\u00e1cil o processo \u00e9: Trabalhe diretamente no Editor online para criar um widget Voltar ao topo que voc\u00ea gostaria de ver em seu site Magento. Escolha um dos modelos predefinidos e ajuste as configura\u00e7\u00f5es Voltar ao in\u00edcio, adicione seu conte\u00fado, altere o layout e as cores sem nenhuma habilidade de codifica\u00e7\u00e3o. Salve o Voltar ao topo e copie seu c\u00f3digo de instala\u00e7\u00e3o, que voc\u00ea pode adicionar facilmente ao seu site Magento sem a necessidade de adquirir um plano pago. Com nosso editor intuitivo, qualquer usu\u00e1rio da Internet pode criar um widget Voltar ao topo online e incorpor\u00e1-lo facilmente ao seu site Magento. N\u00e3o h\u00e1 necessidade de pagar ou inserir as credenciais do seu cart\u00e3o para acessar o servi\u00e7o. Se voc\u00ea enfrentar qualquer problema em qualquer etapa, n\u00e3o hesite em entrar em contato com nossa equipe de suporte t\u00e9cnico.<\/p> <\/div>\r\n\t\t\t\t\t<\/div>\r\n\t\t\t\t<\/div> <\/div><\/div>","protected":false},"excerpt":{"rendered":"","protected":false},"author":9,"featured_media":0,"parent":1350,"menu_order":0,"comment_status":"closed","ping_status":"closed","template":"templates\/template-application-platform.php","meta":{"publish_to_discourse":"","publish_post_category":"","wpdc_auto_publish_overridden":"","wpdc_topic_tags":"","wpdc_pin_topic":"","wpdc_pin_until":"","discourse_post_id":"","discourse_permalink":"","wpdc_publishing_response":"","wpdc_publishing_error":"","footnotes":""},"class_list":["post-5802","page","type-page","status-publish","hentry"],"yoast_head":"<!-- This site is optimized with the Yoast SEO plugin v25.3.1 - https:\/\/yoast.com\/wordpress\/plugins\/seo\/ -->\n<title>Voltar ao topo - Adicionar o bot\u00e3o Scroll to Top ao Magento (gr\u00e1tis e r\u00e1pido)<\/title>\n<meta name=\"description\" content=\"Incorpore um bot\u00e3o Voltar ao topo acess\u00edvel em sua p\u00e1gina Magento sem esfor\u00e7o. Use nossa demonstra\u00e7\u00e3o ativa para formar seu recurso exclusivo com apenas alguns cliques.\" \/>\n<meta name=\"robots\" content=\"index, follow, max-snippet:-1, max-image-preview:large, max-video-preview:-1\" \/>\n<link rel=\"canonical\" href=\"https:\/\/elfsight.com\/pt\/back-to-top-widget\/magento\/\" \/>\n<meta property=\"og:locale\" content=\"pt_PT\" \/>\n<meta property=\"og:type\" content=\"article\" \/>\n<meta property=\"og:title\" content=\"Voltar ao topo - Adicionar o bot\u00e3o Scroll to Top ao Magento (gr\u00e1tis e r\u00e1pido)\" \/>\n<meta property=\"og:description\" content=\"Incorpore um bot\u00e3o Voltar ao topo acess\u00edvel em sua p\u00e1gina Magento sem esfor\u00e7o. Use nossa demonstra\u00e7\u00e3o ativa para formar seu recurso exclusivo com apenas alguns cliques.\" \/>\n<meta property=\"og:url\" content=\"https:\/\/elfsight.com\/pt\/back-to-top-widget\/magento\/\" \/>\n<meta property=\"og:site_name\" content=\"Elfsight PT\" \/>\n<meta property=\"article:modified_time\" content=\"2024-11-13T11:29:26+00:00\" \/>\n<meta name=\"twitter:card\" content=\"summary_large_image\" \/>\n<meta name=\"twitter:label1\" content=\"Tempo estimado de leitura\" \/>\n\t<meta name=\"twitter:data1\" content=\"3 minutos\" \/>\n<!-- \/ Yoast SEO plugin. -->","yoast_head_json":{"title":"Voltar ao topo - Adicionar o bot\u00e3o Scroll to Top ao Magento (gr\u00e1tis e r\u00e1pido)","description":"Incorpore um bot\u00e3o Voltar ao topo acess\u00edvel em sua p\u00e1gina Magento sem esfor\u00e7o. Use nossa demonstra\u00e7\u00e3o ativa para formar seu recurso exclusivo com apenas alguns cliques.","robots":{"index":"index","follow":"follow","max-snippet":"max-snippet:-1","max-image-preview":"max-image-preview:large","max-video-preview":"max-video-preview:-1"},"canonical":"https:\/\/elfsight.com\/pt\/back-to-top-widget\/magento\/","og_locale":"pt_PT","og_type":"article","og_title":"Voltar ao topo - Adicionar o bot\u00e3o Scroll to Top ao Magento (gr\u00e1tis e r\u00e1pido)","og_description":"Incorpore um bot\u00e3o Voltar ao topo acess\u00edvel em sua p\u00e1gina Magento sem esfor\u00e7o. Use nossa demonstra\u00e7\u00e3o ativa para formar seu recurso exclusivo com apenas alguns cliques.","og_url":"https:\/\/elfsight.com\/pt\/back-to-top-widget\/magento\/","og_site_name":"Elfsight PT","article_modified_time":"2024-11-13T11:29:26+00:00","twitter_card":"summary_large_image","twitter_misc":{"Tempo estimado de leitura":"3 minutos"},"schema":{"@context":"https:\/\/schema.org","@graph":[{"@type":"WebPage","@id":"https:\/\/elfsight.com\/pt\/back-to-top-widget\/magento\/","url":"https:\/\/elfsight.com\/pt\/back-to-top-widget\/magento\/","name":"Voltar ao topo - Adicionar o bot\u00e3o Scroll to Top ao Magento (gr\u00e1tis e r\u00e1pido)","isPartOf":{"@id":"https:\/\/elfsight.com\/pt\/#website"},"datePublished":"2024-05-03T06:29:02+00:00","dateModified":"2024-11-13T11:29:26+00:00","description":"Incorpore um bot\u00e3o Voltar ao topo acess\u00edvel em sua p\u00e1gina Magento sem esfor\u00e7o. Use nossa demonstra\u00e7\u00e3o ativa para formar seu recurso exclusivo com apenas alguns cliques.","breadcrumb":{"@id":"https:\/\/elfsight.com\/pt\/back-to-top-widget\/magento\/#breadcrumb"},"inLanguage":"pt-PT","potentialAction":[{"@type":"ReadAction","target":["https:\/\/elfsight.com\/pt\/back-to-top-widget\/magento\/"]}]},{"@type":"BreadcrumbList","@id":"https:\/\/elfsight.com\/pt\/back-to-top-widget\/magento\/#breadcrumb","itemListElement":[{"@type":"ListItem","position":1,"name":"Home","item":"https:\/\/elfsight.com\/pt\/"},{"@type":"ListItem","position":2,"name":"Back to Top","item":"https:\/\/elfsight.com\/pt\/back-to-top-widget\/"},{"@type":"ListItem","position":3,"name":"Back to Top &#8211; Magento"}]},{"@type":"WebSite","@id":"https:\/\/elfsight.com\/pt\/#website","url":"https:\/\/elfsight.com\/pt\/","name":"Elfsight PT","description":"Just another Elfsight Sites site","potentialAction":[{"@type":"SearchAction","target":{"@type":"EntryPoint","urlTemplate":"https:\/\/elfsight.com\/pt\/?s={search_term_string}"},"query-input":{"@type":"PropertyValueSpecification","valueRequired":true,"valueName":"search_term_string"}}],"inLanguage":"pt-PT"}]}},"meta_box":{"industry":"","seo_heading":"","heading":"","description":"","cta_heading":"","cta_description":"","application":"1349","h1":"Extens\u00e3o Magento Voltar ao In\u00edcio","h1_caption":"Equipe seus usu\u00e1rios com outro recurso que complementar\u00e1 o desempenho do seu site","application_category":[],"applications_title":"","applications_request_title":"","applications_request_button_text":"","hero_text":"","hero_video":"","hero_video_schema_markup":"","selling_points_title":"","selling_points_caption":"","selling_points":[],"selling_points_cta_text":"","features_title":"","features":"","ed_cta_examples_text":"","ed_cta_examples_hidden":"","ed_cta_demo_text":"","ed_cta_demo_hidden":"","why_caption":"","why_editor_title":"","why_editor_text":"","why_team_title":"","why_team_text":"","why_service_title":"","why_service_text":"","template_catalog_visible":"","template_catalog_title":"","template_catalog_text":"","template_catalog_categories_visible":"","demo_title":"Crie sua extens\u00e3o Voltar ao In\u00edcio","demo_caption":"Configure seu Back to Top e adicione-o ao seu site Magento gratuitamente!","default_faq_hidden":"","app_template_category":[],"platform":"58","template_public_id":"","codecanyon_url":"","codecanyon_item_id":"","codecanyon_price":"","pricing_caption":"","pricing_elfsight_apps_hide_column":"","pricing_elfsight_apps_url":"","pricing_codecanyon_price_caption":"","integration_category":[],"integration_request_title":"","integration_request_cta":"","integration_platform":"","integrations":[],"platform_category":[],"video_schema_markup":"","price":"a partir de US$ 0\/m\u00eas","trial":"","benefits":[{"text":"Ajuda de instala\u00e7\u00e3o gratuita"},{"text":"Atendimento ao cliente competente"},{"text":"Garantia de devolu\u00e7\u00e3o do dinheiro em 14 dias"},{"text":"Atualiza\u00e7\u00f5es gratuitas cont\u00ednuas"}],"button_url":"#demo","button_target_blank":"","button_nofollow":"","attributes":[{"name":"Instala\u00e7\u00f5es","content":"10,000 - 100,000"},{"name":"Responsivo","content":"Sim"},{"name":"Navegadores compat\u00edveis","content":"Firefox, Safari, Opera, Chrome, Edge"}],"tags":[],"tags_disable_links":"","hide_more_platforms":"","video_object":"","demo_hide_cta":"","demo_hide_cloud_options":"","pricing_title":"","pricing":[{"pricing_icon":"platform","pricing_title":"Elfsight Apps","pricing_title_caption":"Vers\u00e3o multiplataforma adequada para qualquer site","pricing_price":"a partir de US$ 0\/m\u00eas","pricing_price_caption":"comece com plano gratuito","pricing_benefits":[{"text":"Sites ilimitados"},{"text":"Suporte ao cliente 24 horas por dia, 7 dias por semana e bem documentado"},{"text":"Suporte ao cliente 24 horas por dia, 7 dias por semana e bem documentado"},{"text":"Totalmente personaliz\u00e1vel"}],"pricing_button_text":"Adicionar ao site","pricing_button_url":"#demo"}],"related_apps_title":"","related_apps_hidden":"","author":"","image":[],"title":"","job":"","social_networks":[]},"_links":{"self":[{"href":"https:\/\/elfsight.com\/pt\/wp-json\/wp\/v2\/pages\/5802","targetHints":{"allow":["GET"]}}],"collection":[{"href":"https:\/\/elfsight.com\/pt\/wp-json\/wp\/v2\/pages"}],"about":[{"href":"https:\/\/elfsight.com\/pt\/wp-json\/wp\/v2\/types\/page"}],"author":[{"embeddable":true,"href":"https:\/\/elfsight.com\/pt\/wp-json\/wp\/v2\/users\/9"}],"replies":[{"embeddable":true,"href":"https:\/\/elfsight.com\/pt\/wp-json\/wp\/v2\/comments?post=5802"}],"version-history":[{"count":1,"href":"https:\/\/elfsight.com\/pt\/wp-json\/wp\/v2\/pages\/5802\/revisions"}],"predecessor-version":[{"id":5806,"href":"https:\/\/elfsight.com\/pt\/wp-json\/wp\/v2\/pages\/5802\/revisions\/5806"}],"up":[{"embeddable":true,"href":"https:\/\/elfsight.com\/pt\/wp-json\/wp\/v2\/pages\/1350"}],"wp:attachment":[{"href":"https:\/\/elfsight.com\/pt\/wp-json\/wp\/v2\/media?parent=5802"}],"curies":[{"name":"wp","href":"https:\/\/api.w.org\/{rel}","templated":true}]}}