{"id":5801,"date":"2024-05-03T06:29:01","date_gmt":"2024-05-03T06:29:01","guid":{"rendered":"https:\/\/elfsight.com\/pt\/?page_id=5801"},"modified":"2024-11-13T11:29:18","modified_gmt":"2024-11-13T11:29:18","slug":"html","status":"publish","type":"page","link":"https:\/\/elfsight.com\/pt\/back-to-top-widget\/html\/","title":{"rendered":"Back to Top &#8211; HTML"},"content":{"rendered":"<div class=\"application-platform-content-item-description application-platform-content-item\" id=\"description\" data-nav-section=\"description\"> <h2>Descri\u00e7\u00e3o<\/h2> <p> Voltar ao topo \u00e9 um widget simples para HTML que permite aos usu\u00e1rios voltar ao topo do seu site depois de rolar p\u00e1ginas longas. Os visitantes do seu site n\u00e3o precisar\u00e3o mais procurar o bot\u00e3o Home e arrastar a barra de rolagem por toda a p\u00e1gina. Nosso plugin Voltar ao Topo pode ser personalizado da maneira que melhor lhe convier &#8211; torne-o quadrado ou redondo, altere sua cor, tamanho e coloque-o em qualquer lugar da p\u00e1gina para melhorar a experi\u00eancia do usu\u00e1rio. O bot\u00e3o pode ser demonstrado em qualquer dispositivo \u2013 do smartphone ao desktop. <\/p> <p><b>Use outra ferramenta conveniente do bot\u00e3o Ir para o topo para manter uma experi\u00eancia de usu\u00e1rio perfeita<\/b><\/p> <\/div> <div class=\"application-platform-content-item-features application-platform-content-item\" id=\"features\" data-nav-section=\"features\"> <h2>Os recursos essenciais do widget include<\/h2> <ul><li>Alterar a cor do bot\u00e3o<\/li><li>Adicionar o plugin em: todas as p\u00e1ginas, peculiares ou exclu\u00eddas<\/li><li>Indicar a velocidade de rolagem<\/li><li>Oito posi\u00e7\u00f5es de bot\u00e3o dispon\u00edveis<\/li><li>Dois tipos de bot\u00e3o &#8211; flutuante ou incorporado<\/li><\/ul><p><a href=\"#demo\">Voc\u00ea pode testar todos os recursos do widget na demonstra\u00e7\u00e3o <\/a><\/p> <\/div> <div class=\"application-platform-content-item-installation application-platform-content-item\" id=\"installation\" data-nav-section=\"installation\"> <h2>Como posso incorporar Scroll to Top em minha p\u00e1gina HTML? <\/h2> <p>Basta seguir os passos descritos abaixo para come\u00e7ar a trabalhar com a ferramenta. <\/p> <ol><li><b>Empregando nossa demonstra\u00e7\u00e3o gratuita, comece a formar seu widget personalizado. <\/b><br> Encontre a apar\u00eancia e as caracter\u00edsticas desej\u00e1veis \u200b\u200bdo widget e aplique as corre\u00e7\u00f5es. <\/li> <li><b>Receba seu c\u00f3digo exclusivo que aparece na caixa dos aplicativos Elfsight. <\/b><br> Ap\u00f3s a conclus\u00e3o da configura\u00e7\u00e3o do seu plugin pessoal, copie o c\u00f3digo exclusivo na caixa que aparece e guarde-o para uso posterior. <\/li> <li><b>Iniciar a utiliza\u00e7\u00e3o do widget no site HTML. <\/b><br> Insira o c\u00f3digo copiado recentemente em sua p\u00e1gina inicial e salve as corre\u00e7\u00f5es. <\/li> <li><b>Pronto! A incorpora\u00e7\u00e3o foi realizada com sucesso. <\/b><br> Acesse seu site para observar o desempenho do plugin. <\/li><\/ol> <p>Supondo que voc\u00ea tenha alguma dificuldade, solicite nossa equipe de suporte. Nossos consultores ter\u00e3o prazer em resolver todas as d\u00favidas que voc\u00ea possa ter com o widget. <\/p> <\/div><div class=\"faq\" data-component=\"FAQ\"><div class=\"faq-item\">\r\n\t\t\t\t\t<div class=\"faq-item-question\">\r\n\t\t\t\t\t\t<h3 class=\"faq-item-question-text\">Como posso adicionar um Voltar ao in\u00edcio ao site HTML?<\/h3>\r\n\r\n\t\t\t\t\t\t<div class=\"faq-item-question-icon\"><\/div>\r\n\t\t\t\t\t<\/div>\r\n\r\n\t\t\t\t\t<div class=\"faq-item-answer\">\r\n\t\t\t\t\t\t<div class=\"faq-item-answer-text\"><p>A cria\u00e7\u00e3o do widget ocorre nas p\u00e1ginas da Elfsight e voc\u00ea n\u00e3o precisa aprender a programar. Abra a demonstra\u00e7\u00e3o ativa para construir sua pr\u00f3pria ferramenta, pegue o c\u00f3digo e insira-o em seu site. <\/p><\/div>\r\n\t\t\t\t\t<\/div>\r\n\t\t\t\t<\/div><div class=\"faq-item\">\r\n\t\t\t\t\t<div class=\"faq-item-question\">\r\n\t\t\t\t\t\t<h3 class=\"faq-item-question-text\">As melhores maneiras de usar a integra\u00e7\u00e3o scroll-to-top<\/h3>\r\n\r\n\t\t\t\t\t\t<div class=\"faq-item-question-icon\"><\/div>\r\n\t\t\t\t\t<\/div>\r\n\r\n\t\t\t\t\t<div class=\"faq-item-answer\">\r\n\t\t\t\t\t\t<div class=\"faq-item-answer-text\"><p>Oferecemos muitas op\u00e7\u00f5es de ajuste: widgets completos para implementa\u00e7\u00e3o na \u00e1rea de conte\u00fado , plugins flutuantes com op\u00e7\u00f5es de rolagem, miniaturas para rodap\u00e9 do seu site, cabe\u00e7alho e todo tipo de op\u00e7\u00f5es verticais para barras laterais e menus. <\/p><\/div>\r\n\t\t\t\t\t<\/div>\r\n\t\t\t\t<\/div><div class=\"faq-item\">\r\n\t\t\t\t\t<div class=\"faq-item-question\">\r\n\t\t\t\t\t\t<h3 class=\"faq-item-question-text\">Posso criar um bot\u00e3o discreto de voltar ao topo com a ajuda do editor?<\/h3>\r\n\r\n\t\t\t\t\t\t<div class=\"faq-item-question-icon\"><\/div>\r\n\t\t\t\t\t<\/div>\r\n\r\n\t\t\t\t\t<div class=\"faq-item-answer\">\r\n\t\t\t\t\t\t<div class=\"faq-item-answer-text\"><p>Voc\u00ea \u00e9 livre para criar altera\u00e7\u00f5es em qualquer widget. H\u00e1 uma grande variedade de layouts dispon\u00edveis no editor, e todos eles podem ser rapidamente personalizados conforme sua necessidade. <\/p><\/div>\r\n\t\t\t\t\t<\/div>\r\n\t\t\t\t<\/div><\/div><p><\/p><!-- \/wp:paragraph - &gt; \/wp:paragraph -->","protected":false},"excerpt":{"rendered":"","protected":false},"author":9,"featured_media":0,"parent":1350,"menu_order":0,"comment_status":"closed","ping_status":"closed","template":"templates\/template-application-platform.php","meta":{"publish_to_discourse":"","publish_post_category":"","wpdc_auto_publish_overridden":"","wpdc_topic_tags":"","wpdc_pin_topic":"","wpdc_pin_until":"","discourse_post_id":"","discourse_permalink":"","wpdc_publishing_response":"","wpdc_publishing_error":"","footnotes":""},"class_list":["post-5801","page","type-page","status-publish","hentry"],"yoast_head":"<!-- This site is optimized with the Yoast SEO plugin v25.3.1 - https:\/\/yoast.com\/wordpress\/plugins\/seo\/ -->\n<title>Voltar ao topo \u2013 Adicionar o bot\u00e3o Scroll to Top ao HTML (gr\u00e1tis e r\u00e1pido)<\/title>\n<meta name=\"description\" content=\"Incorpore um widget Go to Top acess\u00edvel em seu site HTML sem esfor\u00e7o. Utilize nossa demonstra\u00e7\u00e3o \u00fatil para construir seu plugin exclusivo no 1-2-3.\" \/>\n<meta name=\"robots\" content=\"index, follow, max-snippet:-1, max-image-preview:large, max-video-preview:-1\" \/>\n<link rel=\"canonical\" href=\"https:\/\/elfsight.com\/pt\/back-to-top-widget\/html\/\" \/>\n<meta property=\"og:locale\" content=\"pt_PT\" \/>\n<meta property=\"og:type\" content=\"article\" \/>\n<meta property=\"og:title\" content=\"Voltar ao topo \u2013 Adicionar o bot\u00e3o Scroll to Top ao HTML (gr\u00e1tis e r\u00e1pido)\" \/>\n<meta property=\"og:description\" content=\"Incorpore um widget Go to Top acess\u00edvel em seu site HTML sem esfor\u00e7o. Utilize nossa demonstra\u00e7\u00e3o \u00fatil para construir seu plugin exclusivo no 1-2-3.\" \/>\n<meta property=\"og:url\" content=\"https:\/\/elfsight.com\/pt\/back-to-top-widget\/html\/\" \/>\n<meta property=\"og:site_name\" content=\"Elfsight PT\" \/>\n<meta property=\"article:modified_time\" content=\"2024-11-13T11:29:18+00:00\" \/>\n<meta name=\"twitter:card\" content=\"summary_large_image\" \/>\n<meta name=\"twitter:label1\" content=\"Tempo estimado de leitura\" \/>\n\t<meta name=\"twitter:data1\" content=\"3 minutos\" \/>\n<!-- \/ Yoast SEO plugin. -->","yoast_head_json":{"title":"Voltar ao topo \u2013 Adicionar o bot\u00e3o Scroll to Top ao HTML (gr\u00e1tis e r\u00e1pido)","description":"Incorpore um widget Go to Top acess\u00edvel em seu site HTML sem esfor\u00e7o. Utilize nossa demonstra\u00e7\u00e3o \u00fatil para construir seu plugin exclusivo no 1-2-3.","robots":{"index":"index","follow":"follow","max-snippet":"max-snippet:-1","max-image-preview":"max-image-preview:large","max-video-preview":"max-video-preview:-1"},"canonical":"https:\/\/elfsight.com\/pt\/back-to-top-widget\/html\/","og_locale":"pt_PT","og_type":"article","og_title":"Voltar ao topo \u2013 Adicionar o bot\u00e3o Scroll to Top ao HTML (gr\u00e1tis e r\u00e1pido)","og_description":"Incorpore um widget Go to Top acess\u00edvel em seu site HTML sem esfor\u00e7o. Utilize nossa demonstra\u00e7\u00e3o \u00fatil para construir seu plugin exclusivo no 1-2-3.","og_url":"https:\/\/elfsight.com\/pt\/back-to-top-widget\/html\/","og_site_name":"Elfsight PT","article_modified_time":"2024-11-13T11:29:18+00:00","twitter_card":"summary_large_image","twitter_misc":{"Tempo estimado de leitura":"3 minutos"},"schema":{"@context":"https:\/\/schema.org","@graph":[{"@type":"WebPage","@id":"https:\/\/elfsight.com\/pt\/back-to-top-widget\/html\/","url":"https:\/\/elfsight.com\/pt\/back-to-top-widget\/html\/","name":"Voltar ao topo \u2013 Adicionar o bot\u00e3o Scroll to Top ao HTML (gr\u00e1tis e r\u00e1pido)","isPartOf":{"@id":"https:\/\/elfsight.com\/pt\/#website"},"datePublished":"2024-05-03T06:29:01+00:00","dateModified":"2024-11-13T11:29:18+00:00","description":"Incorpore um widget Go to Top acess\u00edvel em seu site HTML sem esfor\u00e7o. Utilize nossa demonstra\u00e7\u00e3o \u00fatil para construir seu plugin exclusivo no 1-2-3.","breadcrumb":{"@id":"https:\/\/elfsight.com\/pt\/back-to-top-widget\/html\/#breadcrumb"},"inLanguage":"pt-PT","potentialAction":[{"@type":"ReadAction","target":["https:\/\/elfsight.com\/pt\/back-to-top-widget\/html\/"]}]},{"@type":"BreadcrumbList","@id":"https:\/\/elfsight.com\/pt\/back-to-top-widget\/html\/#breadcrumb","itemListElement":[{"@type":"ListItem","position":1,"name":"Home","item":"https:\/\/elfsight.com\/pt\/"},{"@type":"ListItem","position":2,"name":"Back to Top","item":"https:\/\/elfsight.com\/pt\/back-to-top-widget\/"},{"@type":"ListItem","position":3,"name":"Back to Top &#8211; HTML"}]},{"@type":"WebSite","@id":"https:\/\/elfsight.com\/pt\/#website","url":"https:\/\/elfsight.com\/pt\/","name":"Elfsight PT","description":"Just another Elfsight Sites site","potentialAction":[{"@type":"SearchAction","target":{"@type":"EntryPoint","urlTemplate":"https:\/\/elfsight.com\/pt\/?s={search_term_string}"},"query-input":{"@type":"PropertyValueSpecification","valueRequired":true,"valueName":"search_term_string"}}],"inLanguage":"pt-PT"}]}},"meta_box":{"industry":"","seo_heading":"","heading":"","description":"","cta_heading":"","cta_description":"","application":"1349","h1":"Widget HTML Voltar ao in\u00edcio","h1_caption":"Equipe o seu p\u00fablico com outra op\u00e7\u00e3o que ir\u00e1 complementar o desempenho do seu site","application_category":[],"applications_title":"","applications_request_title":"","applications_request_button_text":"","hero_text":"","hero_video":"","hero_video_schema_markup":"","selling_points_title":"","selling_points_caption":"","selling_points":[],"selling_points_cta_text":"","features_title":"","features":"","ed_cta_examples_text":"","ed_cta_examples_hidden":"","ed_cta_demo_text":"","ed_cta_demo_hidden":"","why_caption":"","why_editor_title":"","why_editor_text":"","why_team_title":"","why_team_text":"","why_service_title":"","why_service_text":"","template_catalog_visible":"","template_catalog_title":"","template_catalog_text":"","template_catalog_categories_visible":"","demo_title":"Crie seu widget Voltar ao in\u00edcio","demo_caption":"Configure seu Back to Top e adicione-o ao seu site HTML gratuitamente!","default_faq_hidden":"","app_template_category":[],"platform":"49","template_public_id":"","codecanyon_url":"","codecanyon_item_id":"","codecanyon_price":"","pricing_caption":"","pricing_elfsight_apps_hide_column":"","pricing_elfsight_apps_url":"","pricing_codecanyon_price_caption":"","integration_category":[],"integration_request_title":"","integration_request_cta":"","integration_platform":"","integrations":[],"platform_category":[],"video_schema_markup":"","price":"a partir de US$ 0\/m\u00eas","trial":"","benefits":[{"text":"Servi\u00e7o de instala\u00e7\u00e3o gratuito"},{"text":"Suporte premium"},{"text":"Garantia de reembolso de 14 dias"},{"text":"Atualiza\u00e7\u00f5es gratuitas regulares"}],"button_url":"#demo","button_target_blank":"","button_nofollow":"","attributes":[{"name":"Instala\u00e7\u00f5es","content":"10,000 - 100,000"},{"name":"Responsivo","content":"Sim"},{"name":"Navegadores compat\u00edveis","content":"Firefox, Safari, Opera, Chrome, Edge"}],"tags":[],"tags_disable_links":"","hide_more_platforms":"","video_object":"","demo_hide_cta":"","demo_hide_cloud_options":"","pricing_title":"","pricing":[{"pricing_icon":"platform","pricing_title":"Elfsight Apps","pricing_title_caption":"Solu\u00e7\u00e3o multiplataforma","pricing_price":"a partir de US$ 0\/m\u00eas","pricing_price_caption":"comece com plano gratuito","pricing_benefits":[{"text":"Sites ilimitados"},{"text":"Suporte r\u00e1pido ao cliente"},{"text":"Suporte r\u00e1pido ao cliente"},{"text":"Oferta especial para v\u00e1rios aplicativos"}],"pricing_button_text":"Adicionar ao site","pricing_button_url":"#demo"}],"related_apps_title":"","related_apps_hidden":"","author":"","image":[],"title":"","job":"","social_networks":[]},"_links":{"self":[{"href":"https:\/\/elfsight.com\/pt\/wp-json\/wp\/v2\/pages\/5801","targetHints":{"allow":["GET"]}}],"collection":[{"href":"https:\/\/elfsight.com\/pt\/wp-json\/wp\/v2\/pages"}],"about":[{"href":"https:\/\/elfsight.com\/pt\/wp-json\/wp\/v2\/types\/page"}],"author":[{"embeddable":true,"href":"https:\/\/elfsight.com\/pt\/wp-json\/wp\/v2\/users\/9"}],"replies":[{"embeddable":true,"href":"https:\/\/elfsight.com\/pt\/wp-json\/wp\/v2\/comments?post=5801"}],"version-history":[{"count":1,"href":"https:\/\/elfsight.com\/pt\/wp-json\/wp\/v2\/pages\/5801\/revisions"}],"predecessor-version":[{"id":5805,"href":"https:\/\/elfsight.com\/pt\/wp-json\/wp\/v2\/pages\/5801\/revisions\/5805"}],"up":[{"embeddable":true,"href":"https:\/\/elfsight.com\/pt\/wp-json\/wp\/v2\/pages\/1350"}],"wp:attachment":[{"href":"https:\/\/elfsight.com\/pt\/wp-json\/wp\/v2\/media?parent=5801"}],"curies":[{"name":"wp","href":"https:\/\/api.w.org\/{rel}","templated":true}]}}