{"id":5799,"date":"2024-05-03T06:28:59","date_gmt":"2024-05-03T06:28:59","guid":{"rendered":"https:\/\/elfsight.com\/pt\/?page_id=5799"},"modified":"2024-11-13T11:29:18","modified_gmt":"2024-11-13T11:29:18","slug":"opencart","status":"publish","type":"page","link":"https:\/\/elfsight.com\/pt\/back-to-top-widget\/opencart\/","title":{"rendered":"Back to Top &#8211; OpenCart"},"content":{"rendered":"<div class=\"application-platform-content-item-description application-platform-content-item\" id=\"description\" data-nav-section=\"description\"> <h2>Descri\u00e7\u00e3o<\/h2> <p> Back to Top \u00e9 uma extens\u00e3o descomplicada para OpenCart que permite que os visitantes do site retornem imediata e facilmente ao topo do sua p\u00e1gina da web depois de rolar p\u00e1ginas longas. Os visitantes da sua p\u00e1gina web n\u00e3o precisar\u00e3o mais procurar a tecla Home e arrastar a barra de rolagem por toda a p\u00e1gina. O bot\u00e3o Voltar ao topo pode ser personalizado da maneira que melhor lhe convier &#8211; torne-o quadrado ou redondo, altere sua cor, tamanho e coloque-o em qualquer lugar da p\u00e1gina para melhorar a experi\u00eancia do usu\u00e1rio. O bot\u00e3o pode ser exibido em qualquer dispositivo &#8211; do celular ao desktop. <\/p> <p><b>Use mais uma ferramenta acess\u00edvel de voltar ao in\u00edcio para proporcionar uma experi\u00eancia de usu\u00e1rio admir\u00e1vel.<\/b><\/p> <\/div> <div class=\"application-platform-content-item-features application-platform-content-item\" id=\"features\" data-nav-section=\"features\"> <h2>O widget essencial oferta de recursos<\/h2> <ul><li>Alterar a cor do bot\u00e3o<\/li><li>Adicionar o bot\u00e3o em: todas as p\u00e1ginas, peculiares ou exclu\u00eddas<\/li><li>Definir a agilidade de rolagem<\/li><li>Oito posi\u00e7\u00f5es de bot\u00e3o para voc\u00ea escolher<\/li><li>Dois tipos de bot\u00e3o &#8211; Flutuante ou Incorporado<\/li><\/ul><p><a href=\"#demo\">Voc\u00ea pode ver o que vale a pena usar a extens\u00e3o na demonstra\u00e7\u00e3o<\/a><\/p> <\/div> <div class=\"application-platform-content-item-installation application-platform-content-item\" id=\"installation\" data-nav-section=\"installation\"> <h2>Como posso adicionar Back to Top em meu site OpenCart? <\/h2> <p>Basta seguir estas etapas descritas abaixo para integrar a ferramenta. <\/p> <ol><li><b>Abra nosso configurador gratuito e comece a formar sua extens\u00e3o personalizada. <\/b><br> Especifique a apar\u00eancia e o desempenho selecionados da extens\u00e3o e salve todas as modifica\u00e7\u00f5es. <\/li> <li><b>Copie o seu c\u00f3digo individual que aparece na janela das aplica\u00e7\u00f5es Elfsight. <\/b><br> Logo ap\u00f3s a conclus\u00e3o da cria\u00e7\u00e3o da sua extens\u00e3o, copie o c\u00f3digo individual na janela exibida e salve-o para uso posterior. <\/li> <li><b>Iniciar a utiliza\u00e7\u00e3o da extens\u00e3o no site OpenCart. <\/b><br> Adicione o c\u00f3digo salvo recentemente em seu site e aplique as modifica\u00e7\u00f5es. <\/li> <li><b>A configura\u00e7\u00e3o foi executada com sucesso. <\/b><br> Visite seu site para ver o funcionamento da extens\u00e3o. <\/li><\/ol><p>Supondo que voc\u00ea tenha algum problema, sinta-se \u00e0 vontade para entrar em contato com nossa equipe de suporte. Nossos especialistas ter\u00e3o prazer em ajud\u00e1-lo com todos os problemas que voc\u00ea possa ter com o produto. <\/p> <div class=\"faq\" data-component=\"FAQ\"><div class=\"faq-item\">\r\n\t\t\t\t\t<div class=\"faq-item-question\">\r\n\t\t\t\t\t\t<h3 class=\"faq-item-question-text\">Como adicionar Voltar ao topo ao meu site OpenCart sem conhecimentos de codifica\u00e7\u00e3o?<\/h3>\r\n\r\n\t\t\t\t\t\t<div class=\"faq-item-question-icon\"><\/div>\r\n\t\t\t\t\t<\/div>\r\n\r\n\t\t\t\t\t<div class=\"faq-item-answer\">\r\n\t\t\t\t\t\t<div class=\"faq-item-answer-text\"> <p>A Elfsight fornece uma solu\u00e7\u00e3o SaaS que lhe permite criar voc\u00ea mesmo um widget Voltar ao topo, veja como \u00e9 f\u00e1cil o processo \u00e9: Trabalhe diretamente no Editor online para criar um widget Voltar ao topo que voc\u00ea gostaria de ver em seu site OpenCart. Escolha um dos modelos predefinidos e ajuste as configura\u00e7\u00f5es Voltar ao in\u00edcio, adicione seu conte\u00fado, altere o layout e as cores sem nenhuma habilidade de codifica\u00e7\u00e3o. Salve o Voltar ao topo e copie seu c\u00f3digo de instala\u00e7\u00e3o, que voc\u00ea pode simplesmente colar no seu site OpenCart sem comprar um plano pago. Com nosso editor intuitivo, qualquer usu\u00e1rio da Internet pode criar um widget Voltar ao topo online e incorpor\u00e1-lo facilmente ao seu site OpenCart. N\u00e3o h\u00e1 necessidade de pagar ou inserir as credenciais do seu cart\u00e3o para acessar o servi\u00e7o. Se voc\u00ea enfrentar qualquer problema em qualquer etapa, n\u00e3o hesite em entrar em contato com nossa equipe de suporte t\u00e9cnico.<\/p> <\/div>\r\n\t\t\t\t\t<\/div>\r\n\t\t\t\t<\/div> <\/div><\/div>","protected":false},"excerpt":{"rendered":"","protected":false},"author":9,"featured_media":0,"parent":1350,"menu_order":0,"comment_status":"closed","ping_status":"closed","template":"templates\/template-application-platform.php","meta":{"publish_to_discourse":"","publish_post_category":"","wpdc_auto_publish_overridden":"","wpdc_topic_tags":"","wpdc_pin_topic":"","wpdc_pin_until":"","discourse_post_id":"","discourse_permalink":"","wpdc_publishing_response":"","wpdc_publishing_error":"","footnotes":""},"class_list":["post-5799","page","type-page","status-publish","hentry"],"yoast_head":"<!-- This site is optimized with the Yoast SEO plugin v25.3.1 - https:\/\/yoast.com\/wordpress\/plugins\/seo\/ -->\n<title>Voltar ao topo \u2013 Adicione o plugin Scroll to Top ao OpenCart (gratuito e r\u00e1pido)<\/title>\n<meta name=\"description\" content=\"Implemente um bot\u00e3o Voltar ao in\u00edcio acess\u00edvel em seu site OpenCart sem problemas. Use nossa demonstra\u00e7\u00e3o \u00fatil para construir sua extens\u00e3o exclusiva.\" \/>\n<meta name=\"robots\" content=\"index, follow, max-snippet:-1, max-image-preview:large, max-video-preview:-1\" \/>\n<link rel=\"canonical\" href=\"https:\/\/elfsight.com\/pt\/back-to-top-widget\/opencart\/\" \/>\n<meta property=\"og:locale\" content=\"pt_PT\" \/>\n<meta property=\"og:type\" content=\"article\" \/>\n<meta property=\"og:title\" content=\"Voltar ao topo \u2013 Adicione o plugin Scroll to Top ao OpenCart (gratuito e r\u00e1pido)\" \/>\n<meta property=\"og:description\" content=\"Implemente um bot\u00e3o Voltar ao in\u00edcio acess\u00edvel em seu site OpenCart sem problemas. Use nossa demonstra\u00e7\u00e3o \u00fatil para construir sua extens\u00e3o exclusiva.\" \/>\n<meta property=\"og:url\" content=\"https:\/\/elfsight.com\/pt\/back-to-top-widget\/opencart\/\" \/>\n<meta property=\"og:site_name\" content=\"Elfsight PT\" \/>\n<meta property=\"article:modified_time\" content=\"2024-11-13T11:29:18+00:00\" \/>\n<meta name=\"twitter:card\" content=\"summary_large_image\" \/>\n<meta name=\"twitter:label1\" content=\"Tempo estimado de leitura\" \/>\n\t<meta name=\"twitter:data1\" content=\"3 minutos\" \/>\n<!-- \/ Yoast SEO plugin. -->","yoast_head_json":{"title":"Voltar ao topo \u2013 Adicione o plugin Scroll to Top ao OpenCart (gratuito e r\u00e1pido)","description":"Implemente um bot\u00e3o Voltar ao in\u00edcio acess\u00edvel em seu site OpenCart sem problemas. Use nossa demonstra\u00e7\u00e3o \u00fatil para construir sua extens\u00e3o exclusiva.","robots":{"index":"index","follow":"follow","max-snippet":"max-snippet:-1","max-image-preview":"max-image-preview:large","max-video-preview":"max-video-preview:-1"},"canonical":"https:\/\/elfsight.com\/pt\/back-to-top-widget\/opencart\/","og_locale":"pt_PT","og_type":"article","og_title":"Voltar ao topo \u2013 Adicione o plugin Scroll to Top ao OpenCart (gratuito e r\u00e1pido)","og_description":"Implemente um bot\u00e3o Voltar ao in\u00edcio acess\u00edvel em seu site OpenCart sem problemas. Use nossa demonstra\u00e7\u00e3o \u00fatil para construir sua extens\u00e3o exclusiva.","og_url":"https:\/\/elfsight.com\/pt\/back-to-top-widget\/opencart\/","og_site_name":"Elfsight PT","article_modified_time":"2024-11-13T11:29:18+00:00","twitter_card":"summary_large_image","twitter_misc":{"Tempo estimado de leitura":"3 minutos"},"schema":{"@context":"https:\/\/schema.org","@graph":[{"@type":"WebPage","@id":"https:\/\/elfsight.com\/pt\/back-to-top-widget\/opencart\/","url":"https:\/\/elfsight.com\/pt\/back-to-top-widget\/opencart\/","name":"Voltar ao topo \u2013 Adicione o plugin Scroll to Top ao OpenCart (gratuito e r\u00e1pido)","isPartOf":{"@id":"https:\/\/elfsight.com\/pt\/#website"},"datePublished":"2024-05-03T06:28:59+00:00","dateModified":"2024-11-13T11:29:18+00:00","description":"Implemente um bot\u00e3o Voltar ao in\u00edcio acess\u00edvel em seu site OpenCart sem problemas. Use nossa demonstra\u00e7\u00e3o \u00fatil para construir sua extens\u00e3o exclusiva.","breadcrumb":{"@id":"https:\/\/elfsight.com\/pt\/back-to-top-widget\/opencart\/#breadcrumb"},"inLanguage":"pt-PT","potentialAction":[{"@type":"ReadAction","target":["https:\/\/elfsight.com\/pt\/back-to-top-widget\/opencart\/"]}]},{"@type":"BreadcrumbList","@id":"https:\/\/elfsight.com\/pt\/back-to-top-widget\/opencart\/#breadcrumb","itemListElement":[{"@type":"ListItem","position":1,"name":"Home","item":"https:\/\/elfsight.com\/pt\/"},{"@type":"ListItem","position":2,"name":"Back to Top","item":"https:\/\/elfsight.com\/pt\/back-to-top-widget\/"},{"@type":"ListItem","position":3,"name":"Back to Top &#8211; OpenCart"}]},{"@type":"WebSite","@id":"https:\/\/elfsight.com\/pt\/#website","url":"https:\/\/elfsight.com\/pt\/","name":"Elfsight PT","description":"Just another Elfsight Sites site","potentialAction":[{"@type":"SearchAction","target":{"@type":"EntryPoint","urlTemplate":"https:\/\/elfsight.com\/pt\/?s={search_term_string}"},"query-input":{"@type":"PropertyValueSpecification","valueRequired":true,"valueName":"search_term_string"}}],"inLanguage":"pt-PT"}]}},"meta_box":{"industry":"","seo_heading":"","heading":"","description":"","cta_heading":"","cta_description":"","application":"1349","h1":"Extens\u00e3o OpenCart Voltar ao In\u00edcio","h1_caption":"Ofere\u00e7a ao seu p\u00fablico mais uma ferramenta que ir\u00e1 complementar o desempenho da sua p\u00e1gina web","application_category":[],"applications_title":"","applications_request_title":"","applications_request_button_text":"","hero_text":"","hero_video":"","hero_video_schema_markup":"","selling_points_title":"","selling_points_caption":"","selling_points":[],"selling_points_cta_text":"","features_title":"","features":"","ed_cta_examples_text":"","ed_cta_examples_hidden":"","ed_cta_demo_text":"","ed_cta_demo_hidden":"","why_caption":"","why_editor_title":"","why_editor_text":"","why_team_title":"","why_team_text":"","why_service_title":"","why_service_text":"","template_catalog_visible":"","template_catalog_title":"","template_catalog_text":"","template_catalog_categories_visible":"","demo_title":"Crie sua extens\u00e3o Voltar ao In\u00edcio","demo_caption":"Configure seu Back to Top e adicione-o ao seu site OpenCart gratuitamente!","default_faq_hidden":"","app_template_category":[],"platform":"61","template_public_id":"","codecanyon_url":"","codecanyon_item_id":"","codecanyon_price":"","pricing_caption":"","pricing_elfsight_apps_hide_column":"","pricing_elfsight_apps_url":"","pricing_codecanyon_price_caption":"","integration_category":[],"integration_request_title":"","integration_request_cta":"","integration_platform":"","integrations":[],"platform_category":[],"video_schema_markup":"","price":"a partir de US$ 0\/m\u00eas","trial":"","benefits":[{"text":"Servi\u00e7o de instala\u00e7\u00e3o gratuito"},{"text":"Suporte ao cliente experiente"},{"text":"Garantia de devolu\u00e7\u00e3o do dinheiro em 14 dias"},{"text":"Atualiza\u00e7\u00f5es gratuitas vital\u00edcias"}],"button_url":"#demo","button_target_blank":"","button_nofollow":"","attributes":[{"name":"Instala\u00e7\u00f5es","content":"10,000 - 100,000"},{"name":"Responsivo","content":"Sim"},{"name":"Navegadores compat\u00edveis","content":"Opera, Chrome, Firefox, Safari, Edge"}],"tags":[],"tags_disable_links":"","hide_more_platforms":"","video_object":"","demo_hide_cta":"","demo_hide_cloud_options":"","pricing_title":"","pricing":[{"pricing_icon":"platform","pricing_title":"Elfsight Apps","pricing_title_caption":"Vers\u00e3o independente de plataforma que funciona em qualquer site","pricing_price":"a partir de US$ 0\/m\u00eas","pricing_price_caption":"comece com plano gratuito","pricing_benefits":[{"text":"Dom\u00ednios ilimitados"},{"text":"Suporte ao cliente premium"},{"text":"Suporte ao cliente premium"},{"text":"Design flex\u00edvel"}],"pricing_button_text":"Adicionar ao site","pricing_button_url":"#demo"}],"related_apps_title":"","related_apps_hidden":"","author":"","image":[],"title":"","job":"","social_networks":[]},"_links":{"self":[{"href":"https:\/\/elfsight.com\/pt\/wp-json\/wp\/v2\/pages\/5799","targetHints":{"allow":["GET"]}}],"collection":[{"href":"https:\/\/elfsight.com\/pt\/wp-json\/wp\/v2\/pages"}],"about":[{"href":"https:\/\/elfsight.com\/pt\/wp-json\/wp\/v2\/types\/page"}],"author":[{"embeddable":true,"href":"https:\/\/elfsight.com\/pt\/wp-json\/wp\/v2\/users\/9"}],"replies":[{"embeddable":true,"href":"https:\/\/elfsight.com\/pt\/wp-json\/wp\/v2\/comments?post=5799"}],"version-history":[{"count":1,"href":"https:\/\/elfsight.com\/pt\/wp-json\/wp\/v2\/pages\/5799\/revisions"}],"predecessor-version":[{"id":5803,"href":"https:\/\/elfsight.com\/pt\/wp-json\/wp\/v2\/pages\/5799\/revisions\/5803"}],"up":[{"embeddable":true,"href":"https:\/\/elfsight.com\/pt\/wp-json\/wp\/v2\/pages\/1350"}],"wp:attachment":[{"href":"https:\/\/elfsight.com\/pt\/wp-json\/wp\/v2\/media?parent=5799"}],"curies":[{"name":"wp","href":"https:\/\/api.w.org\/{rel}","templated":true}]}}