{"id":5793,"date":"2024-05-03T06:28:57","date_gmt":"2024-05-03T06:28:57","guid":{"rendered":"https:\/\/elfsight.com\/pt\/?page_id=5793"},"modified":"2024-11-13T11:29:09","modified_gmt":"2024-11-13T11:29:09","slug":"squarespace","status":"publish","type":"page","link":"https:\/\/elfsight.com\/pt\/back-to-top-widget\/squarespace\/","title":{"rendered":"Back to Top &#8211; Squarespace"},"content":{"rendered":"<div class=\"application-platform-content-item-description application-platform-content-item\" id=\"description\" data-nav-section=\"description\"> <h2>Incorporar Back to Top no Squarespace com o widget Elfsight<\/h2> <p>Elfsight Back to Top \u00e9 um plugin descomplicado para Squarespace que permite sites os visitantes voltam de forma r\u00e1pida e cont\u00ednua ao topo da sua p\u00e1gina da web depois de rolar longas p\u00e1ginas. Os usu\u00e1rios do seu site n\u00e3o precisar\u00e3o mais procurar a tecla Home e arrastar a barra de rolagem por toda a p\u00e1gina. Nosso plugin Voltar ao topo pode ser personalizado da maneira que voc\u00ea precisa &#8211; torne-o quadrado ou arredondado, altere sua cor, tamanho e coloque-o em qualquer lugar do seu site para aprimorar a experi\u00eancia do usu\u00e1rio. O bot\u00e3o pode ser exibido em qualquer dispositivo &#8211; do smartphone ao desktop. <\/p> <p><b>Aplique outro plug-in \u00fatil de voltar ao in\u00edcio para proporcionar uma experi\u00eancia fant\u00e1stica ao usu\u00e1rio<\/b><\/p> <\/div> <div class=\"application-platform-content-item-features application-platform-content-item\" id=\"features\" data-nav-section=\"features\"> <h2>Oferecemos recursos \u00fateis e recursos r\u00e1pidos, veja alguns deles: <\/h2> <ul><li>Repintar o bot\u00e3o<\/li><li>Adicionar o plugin em: todas as p\u00e1ginas, espec\u00edficas ou exclu\u00eddas<\/li><li>Especificar a rolagem agilidade<\/li><li>Oito posi\u00e7\u00f5es de bot\u00e3o dispon\u00edveis<\/li><li>2 tipos de bot\u00e3o &#8211; flutuante ou incorporado<\/li><\/ul><p><a href=\"#demo\">Experimente todas as configura\u00e7\u00f5es na demonstra\u00e7\u00e3o completa<\/a><\/p> <\/div> <div class=\"application-platform-content-item-installation application-platform-content-item\" id=\"installation\" data-nav-section=\"installation\"> <h2>Como adicionar Voltar ao In\u00edcio ao meu site Squarespace? <\/h2> <p>Basta seguir os passos apresentados abaixo para ativar o plugin. <\/p> <ol><li><b>Gerenciando nosso configurador gratuito, comece a formar seu instrumento personalizado. <\/b><br> Escolha o design e os aspectos desej\u00e1veis \u200b\u200bdo widget e aplique as edi\u00e7\u00f5es. <\/li> <li><b>Copie o c\u00f3digo pessoal que aparece na janela dos aplicativos Elfsight. <\/b><br> Terminada a gera\u00e7\u00e3o da sua ferramenta pessoal, copie o c\u00f3digo exclusivo na caixa que aparece e salve-o para uso posterior. <\/li> <li><b>Comece a usar a ferramenta na p\u00e1gina inicial do Squarespace. <\/b><br> Implemente o c\u00f3digo que voc\u00ea salvou recentemente em sua p\u00e1gina web e aplique as melhorias. <\/li> <li><b>Pronto! A incorpora\u00e7\u00e3o est\u00e1 totalmente realizada. <\/b><br> Acesse sua p\u00e1gina da web para ver o desempenho do plugin. <\/li><\/ol> <p>Se voc\u00ea enfrentar d\u00favidas ou encontrar alguns obst\u00e1culos, n\u00e3o hesite em escrever para nossa equipe de suporte. Nosso pessoal est\u00e1 ansioso para ajud\u00e1-lo com todas as dificuldades que voc\u00ea possa ter com o plugin. <\/p> <div class=\"faq\" data-component=\"FAQ\"><div class=\"faq-item\">\r\n\t\t\t\t\t<div class=\"faq-item-question\">\r\n\t\t\t\t\t\t<h3 class=\"faq-item-question-text\">Como adicionar Voltar ao topo ao meu site Squarespace sem habilidades de codifica\u00e7\u00e3o?<\/h3>\r\n\r\n\t\t\t\t\t\t<div class=\"faq-item-question-icon\"><\/div>\r\n\t\t\t\t\t<\/div>\r\n\r\n\t\t\t\t\t<div class=\"faq-item-answer\">\r\n\t\t\t\t\t\t<div class=\"faq-item-answer-text\"> <p>A Elfsight fornece uma solu\u00e7\u00e3o SaaS que permite que voc\u00ea mesmo crie um widget Voltar ao topo, veja como \u00e9 f\u00e1cil o processo \u00e9: Trabalhe diretamente no Editor on-line para criar um widget Voltar ao in\u00edcio que voc\u00ea gostaria de ver no seu site do Squarespace. Escolha um dos modelos predefinidos e ajuste as configura\u00e7\u00f5es Voltar ao in\u00edcio, adicione seu conte\u00fado, altere o layout e as cores sem nenhuma habilidade de codifica\u00e7\u00e3o. Salve o Voltar ao topo e copie seu c\u00f3digo de instala\u00e7\u00e3o, que voc\u00ea pode incluir facilmente em seu site do Squarespace sem a necessidade de comprar uma assinatura paga. Com nosso editor intuitivo, qualquer usu\u00e1rio da Internet pode criar um widget Voltar ao in\u00edcio on-line e incorpor\u00e1-lo facilmente ao site do Squarespace. N\u00e3o h\u00e1 necessidade de pagar ou inserir as credenciais do seu cart\u00e3o para acessar o servi\u00e7o. Se voc\u00ea enfrentar qualquer problema em qualquer etapa, n\u00e3o hesite em entrar em contato com nossa equipe de suporte t\u00e9cnico.<\/p> <\/div>\r\n\t\t\t\t\t<\/div>\r\n\t\t\t\t<\/div> <\/div><\/div>","protected":false},"excerpt":{"rendered":"","protected":false},"author":9,"featured_media":0,"parent":1350,"menu_order":0,"comment_status":"closed","ping_status":"closed","template":"templates\/template-application-platform.php","meta":{"publish_to_discourse":"","publish_post_category":"","wpdc_auto_publish_overridden":"","wpdc_topic_tags":"","wpdc_pin_topic":"","wpdc_pin_until":"","discourse_post_id":"","discourse_permalink":"","wpdc_publishing_response":"","wpdc_publishing_error":"","footnotes":""},"class_list":["post-5793","page","type-page","status-publish","hentry"],"yoast_head":"<!-- This site is optimized with the Yoast SEO plugin v25.3.1 - https:\/\/yoast.com\/wordpress\/plugins\/seo\/ -->\n<title>Voltar ao topo \u2013 Adicione o bot\u00e3o Scroll to Top ao Squarespace (gratuito e r\u00e1pido)<\/title>\n<meta name=\"description\" content=\"Implemente um widget Voltar ao topo responsivo em seu site Squarespace sem problemas. Use nossa demonstra\u00e7\u00e3o ativa para moldar sua ferramenta exclusiva com apenas alguns cliques.\" \/>\n<meta name=\"robots\" content=\"index, follow, max-snippet:-1, max-image-preview:large, max-video-preview:-1\" \/>\n<link rel=\"canonical\" href=\"https:\/\/elfsight.com\/pt\/back-to-top-widget\/squarespace\/\" \/>\n<meta property=\"og:locale\" content=\"pt_PT\" \/>\n<meta property=\"og:type\" content=\"article\" \/>\n<meta property=\"og:title\" content=\"Voltar ao topo \u2013 Adicione o bot\u00e3o Scroll to Top ao Squarespace (gratuito e r\u00e1pido)\" \/>\n<meta property=\"og:description\" content=\"Implemente um widget Voltar ao topo responsivo em seu site Squarespace sem problemas. Use nossa demonstra\u00e7\u00e3o ativa para moldar sua ferramenta exclusiva com apenas alguns cliques.\" \/>\n<meta property=\"og:url\" content=\"https:\/\/elfsight.com\/pt\/back-to-top-widget\/squarespace\/\" \/>\n<meta property=\"og:site_name\" content=\"Elfsight PT\" \/>\n<meta property=\"article:modified_time\" content=\"2024-11-13T11:29:09+00:00\" \/>\n<meta name=\"twitter:card\" content=\"summary_large_image\" \/>\n<meta name=\"twitter:label1\" content=\"Tempo estimado de leitura\" \/>\n\t<meta name=\"twitter:data1\" content=\"3 minutos\" \/>\n<!-- \/ Yoast SEO plugin. -->","yoast_head_json":{"title":"Voltar ao topo \u2013 Adicione o bot\u00e3o Scroll to Top ao Squarespace (gratuito e r\u00e1pido)","description":"Implemente um widget Voltar ao topo responsivo em seu site Squarespace sem problemas. Use nossa demonstra\u00e7\u00e3o ativa para moldar sua ferramenta exclusiva com apenas alguns cliques.","robots":{"index":"index","follow":"follow","max-snippet":"max-snippet:-1","max-image-preview":"max-image-preview:large","max-video-preview":"max-video-preview:-1"},"canonical":"https:\/\/elfsight.com\/pt\/back-to-top-widget\/squarespace\/","og_locale":"pt_PT","og_type":"article","og_title":"Voltar ao topo \u2013 Adicione o bot\u00e3o Scroll to Top ao Squarespace (gratuito e r\u00e1pido)","og_description":"Implemente um widget Voltar ao topo responsivo em seu site Squarespace sem problemas. Use nossa demonstra\u00e7\u00e3o ativa para moldar sua ferramenta exclusiva com apenas alguns cliques.","og_url":"https:\/\/elfsight.com\/pt\/back-to-top-widget\/squarespace\/","og_site_name":"Elfsight PT","article_modified_time":"2024-11-13T11:29:09+00:00","twitter_card":"summary_large_image","twitter_misc":{"Tempo estimado de leitura":"3 minutos"},"schema":{"@context":"https:\/\/schema.org","@graph":[{"@type":"WebPage","@id":"https:\/\/elfsight.com\/pt\/back-to-top-widget\/squarespace\/","url":"https:\/\/elfsight.com\/pt\/back-to-top-widget\/squarespace\/","name":"Voltar ao topo \u2013 Adicione o bot\u00e3o Scroll to Top ao Squarespace (gratuito e r\u00e1pido)","isPartOf":{"@id":"https:\/\/elfsight.com\/pt\/#website"},"datePublished":"2024-05-03T06:28:57+00:00","dateModified":"2024-11-13T11:29:09+00:00","description":"Implemente um widget Voltar ao topo responsivo em seu site Squarespace sem problemas. Use nossa demonstra\u00e7\u00e3o ativa para moldar sua ferramenta exclusiva com apenas alguns cliques.","breadcrumb":{"@id":"https:\/\/elfsight.com\/pt\/back-to-top-widget\/squarespace\/#breadcrumb"},"inLanguage":"pt-PT","potentialAction":[{"@type":"ReadAction","target":["https:\/\/elfsight.com\/pt\/back-to-top-widget\/squarespace\/"]}]},{"@type":"BreadcrumbList","@id":"https:\/\/elfsight.com\/pt\/back-to-top-widget\/squarespace\/#breadcrumb","itemListElement":[{"@type":"ListItem","position":1,"name":"Home","item":"https:\/\/elfsight.com\/pt\/"},{"@type":"ListItem","position":2,"name":"Back to Top","item":"https:\/\/elfsight.com\/pt\/back-to-top-widget\/"},{"@type":"ListItem","position":3,"name":"Back to Top &#8211; Squarespace"}]},{"@type":"WebSite","@id":"https:\/\/elfsight.com\/pt\/#website","url":"https:\/\/elfsight.com\/pt\/","name":"Elfsight PT","description":"Just another Elfsight Sites site","potentialAction":[{"@type":"SearchAction","target":{"@type":"EntryPoint","urlTemplate":"https:\/\/elfsight.com\/pt\/?s={search_term_string}"},"query-input":{"@type":"PropertyValueSpecification","valueRequired":true,"valueName":"search_term_string"}}],"inLanguage":"pt-PT"}]}},"meta_box":{"industry":"","seo_heading":"","heading":"","description":"","cta_heading":"","cta_description":"","application":"1349","h1":"Plug-in Voltar ao in\u00edcio do Squarespace","h1_caption":"Equipe o seu p\u00fablico com mais um recurso que complementar\u00e1 o desempenho geral da sua p\u00e1gina da web","application_category":[],"applications_title":"","applications_request_title":"","applications_request_button_text":"","hero_text":"","hero_video":"","hero_video_schema_markup":"","selling_points_title":"","selling_points_caption":"","selling_points":[],"selling_points_cta_text":"","features_title":"","features":"","ed_cta_examples_text":"","ed_cta_examples_hidden":"","ed_cta_demo_text":"","ed_cta_demo_hidden":"","why_caption":"","why_editor_title":"","why_editor_text":"","why_team_title":"","why_team_text":"","why_service_title":"","why_service_text":"","template_catalog_visible":"","template_catalog_title":"","template_catalog_text":"","template_catalog_categories_visible":"","demo_title":"Crie seu plugin Voltar ao In\u00edcio","demo_caption":"Configure seu Back to Top e adicione-o ao seu site do Squarespace gratuitamente!","default_faq_hidden":"","app_template_category":[],"platform":"67","template_public_id":"","codecanyon_url":"","codecanyon_item_id":"","codecanyon_price":"","pricing_caption":"","pricing_elfsight_apps_hide_column":"","pricing_elfsight_apps_url":"","pricing_codecanyon_price_caption":"","integration_category":[],"integration_request_title":"","integration_request_cta":"","integration_platform":"","integrations":[],"platform_category":[],"video_schema_markup":"","price":"a partir de US$ 0\/m\u00eas","trial":"","benefits":[{"text":"Assist\u00eancia de instala\u00e7\u00e3o gratuita"},{"text":"Suporte premium"},{"text":"Garantia de devolu\u00e7\u00e3o do dinheiro em 14 dias"},{"text":"Atualizando constantemente"}],"button_url":"#demo","button_target_blank":"","button_nofollow":"","attributes":[{"name":"Instala\u00e7\u00f5es","content":"10,000 - 100,000"},{"name":"Responsivo","content":"Sim"},{"name":"Navegadores compat\u00edveis","content":"Firefox, Safari, Opera, Chrome, Edge"}],"tags":[],"tags_disable_links":"","hide_more_platforms":"","video_object":"","demo_hide_cta":"","demo_hide_cloud_options":"","pricing_title":"","pricing":[{"pricing_icon":"platform","pricing_title":"Elfsight Apps","pricing_title_caption":"Vers\u00e3o independente de plataforma","pricing_price":"a partir de US$ 0\/m\u00eas","pricing_price_caption":"comece com um plano gratuito","pricing_benefits":[{"text":"Dom\u00ednios ilimitados"},{"text":"Suporte premium e bem documentado"},{"text":"Suporte premium e bem documentado"},{"text":"100% personaliz\u00e1vel"}],"pricing_button_text":"Adicionar ao site","pricing_button_url":"#demo"}],"related_apps_title":"","related_apps_hidden":"","author":"","image":[],"title":"","job":"","social_networks":[]},"_links":{"self":[{"href":"https:\/\/elfsight.com\/pt\/wp-json\/wp\/v2\/pages\/5793","targetHints":{"allow":["GET"]}}],"collection":[{"href":"https:\/\/elfsight.com\/pt\/wp-json\/wp\/v2\/pages"}],"about":[{"href":"https:\/\/elfsight.com\/pt\/wp-json\/wp\/v2\/types\/page"}],"author":[{"embeddable":true,"href":"https:\/\/elfsight.com\/pt\/wp-json\/wp\/v2\/users\/9"}],"replies":[{"embeddable":true,"href":"https:\/\/elfsight.com\/pt\/wp-json\/wp\/v2\/comments?post=5793"}],"version-history":[{"count":1,"href":"https:\/\/elfsight.com\/pt\/wp-json\/wp\/v2\/pages\/5793\/revisions"}],"predecessor-version":[{"id":5797,"href":"https:\/\/elfsight.com\/pt\/wp-json\/wp\/v2\/pages\/5793\/revisions\/5797"}],"up":[{"embeddable":true,"href":"https:\/\/elfsight.com\/pt\/wp-json\/wp\/v2\/pages\/1350"}],"wp:attachment":[{"href":"https:\/\/elfsight.com\/pt\/wp-json\/wp\/v2\/media?parent=5793"}],"curies":[{"name":"wp","href":"https:\/\/api.w.org\/{rel}","templated":true}]}}