{"id":5792,"date":"2024-05-03T06:28:56","date_gmt":"2024-05-03T06:28:56","guid":{"rendered":"https:\/\/elfsight.com\/pt\/?page_id=5792"},"modified":"2024-11-13T11:29:09","modified_gmt":"2024-11-13T11:29:09","slug":"webflow","status":"publish","type":"page","link":"https:\/\/elfsight.com\/pt\/back-to-top-widget\/webflow\/","title":{"rendered":"Back to Top &#8211; Webflow"},"content":{"rendered":"<div class=\"application-platform-content-item-description application-platform-content-item\" id=\"description\" data-nav-section=\"description\"> <h2>Incorporar Back to Top no Webflow com o widget Elfsight<\/h2> <p>Elfsight Back to Top \u00e9 uma ferramenta simples para Webflow que permite os usu\u00e1rios voltam r\u00e1pida e suavemente ao topo da sua p\u00e1gina da web depois de rolar p\u00e1ginas extensas. Os usu\u00e1rios do seu site n\u00e3o precisar\u00e3o mais procurar a tecla Home e mover a barra de rolagem pela p\u00e1gina. O widget Voltar ao topo pode ser personalizado da maneira que voc\u00ea precisa &#8211; torne-o quadrado ou arredondado, altere sua cor, tamanho e configure-o em qualquer lugar da p\u00e1gina para melhorar a experi\u00eancia do usu\u00e1rio. O bot\u00e3o pode ser demonstrado em qualquer dispositivo &#8211; do celular ao desktop. <\/p> <p><b>Coloque em uso outra ferramenta acess\u00edvel de rolagem para o topo para fornecer uma experi\u00eancia de usu\u00e1rio incr\u00edvel<\/b><\/p> <\/div> <div class=\"application-platform-content-item-features application-platform-content-item\" id=\"features\" data-nav-section=\"features\"> <h2>O fundamental os recursos do widget incluem<\/h2> <ul><li>Recolorir o bot\u00e3o<\/li><li>Adicionar o bot\u00e3o em: todas as p\u00e1ginas, espec\u00edficas ou exclu\u00eddas<\/li><li>Definir a agilidade de rolagem<\/li> <li>8 posi\u00e7\u00f5es de bot\u00e3o para voc\u00ea escolher<\/li><li>2 tipos de bot\u00e3o &#8211; flutuante ou incorporado<\/li><\/ul><p><a href=\"#demo\">Basta experimentar esta demonstra\u00e7\u00e3o para tenha uma ideia completa<\/a><\/p> <\/div> <div class=\"application-platform-content-item-installation application-platform-content-item\" id=\"installation\" data-nav-section=\"installation\"> <h2>Como adiciono Voltar ao in\u00edcio em meu site Webflow? <\/h2> <p>Basta seguir as etapas descritas abaixo para come\u00e7ar a usar o widget. <\/p> <ol><li><b>Utilize nossa demonstra\u00e7\u00e3o gratuita e comece a criar seu widget personalizado. <\/b><br> Encontre a forma e a funcionalidade selecionadas do widget e aplique as edi\u00e7\u00f5es. <\/li> <li><b>Obtenha o c\u00f3digo pessoal que aparece no formul\u00e1rio especial nas aplica\u00e7\u00f5es Elfsight. <\/b><br> Assim que terminar a gera\u00e7\u00e3o do seu widget, copie o c\u00f3digo pessoal no popup exibido e salve-o para futuras ocasi\u00f5es. <\/li> <li><b>Entre usando o plugin na sua p\u00e1gina inicial do Webflow. <\/b><br> Insira o c\u00f3digo salvo anteriormente em sua p\u00e1gina e aplique as melhorias. <\/li> <li><b>A configura\u00e7\u00e3o foi conclu\u00edda com sucesso. <\/b><br> Visite seu site para examinar o desempenho da ferramenta. <\/li><\/ol> <p>Na condi\u00e7\u00e3o de enfrentar d\u00favidas ou dificuldades, n\u00e3o tenha medo de entrar em contato com nossa equipe de atendimento ao cliente. Nossos consultores ter\u00e3o prazer em resolver todos os problemas que voc\u00ea possa ter com o plugin. <\/p> <div class=\"faq\" data-component=\"FAQ\"><div class=\"faq-item\">\r\n\t\t\t\t\t<div class=\"faq-item-question\">\r\n\t\t\t\t\t\t<h3 class=\"faq-item-question-text\">Como posso adicionar Voltar ao topo ao meu site Webflow sem conhecimentos de codifica\u00e7\u00e3o?<\/h3>\r\n\r\n\t\t\t\t\t\t<div class=\"faq-item-question-icon\"><\/div>\r\n\t\t\t\t\t<\/div>\r\n\r\n\t\t\t\t\t<div class=\"faq-item-answer\">\r\n\t\t\t\t\t\t<div class=\"faq-item-answer-text\"> <p>A Elfsight fornece uma solu\u00e7\u00e3o SaaS que lhe permite criar voc\u00ea mesmo um widget Voltar ao topo, veja como O processo \u00e9 f\u00e1cil: trabalhe diretamente no Editor on-line para criar um widget Voltar ao topo que voc\u00ea gostaria de ver em seu site Webflow. Escolha um dos modelos predefinidos e ajuste as configura\u00e7\u00f5es Voltar ao in\u00edcio, adicione seu conte\u00fado, altere o layout e as cores sem nenhuma habilidade de codifica\u00e7\u00e3o. Salve o Voltar ao in\u00edcio e copie seu c\u00f3digo de instala\u00e7\u00e3o, que voc\u00ea pode adicionar ao seu site Webflow sem a necessidade de adquirir uma assinatura paga. Com nosso editor intuitivo, qualquer usu\u00e1rio da Internet pode criar um widget Voltar ao topo online e incorpor\u00e1-lo facilmente ao seu site Webflow. N\u00e3o h\u00e1 necessidade de pagar ou inserir as credenciais do seu cart\u00e3o para acessar o servi\u00e7o. Se voc\u00ea enfrentar qualquer problema em qualquer etapa, n\u00e3o hesite em entrar em contato com nossa equipe de suporte t\u00e9cnico.<\/p> <\/div>\r\n\t\t\t\t\t<\/div>\r\n\t\t\t\t<\/div> <\/div><\/div>","protected":false},"excerpt":{"rendered":"","protected":false},"author":9,"featured_media":0,"parent":1350,"menu_order":0,"comment_status":"closed","ping_status":"closed","template":"templates\/template-application-platform.php","meta":{"publish_to_discourse":"","publish_post_category":"","wpdc_auto_publish_overridden":"","wpdc_topic_tags":"","wpdc_pin_topic":"","wpdc_pin_until":"","discourse_post_id":"","discourse_permalink":"","wpdc_publishing_response":"","wpdc_publishing_error":"","footnotes":""},"class_list":["post-5792","page","type-page","status-publish","hentry"],"yoast_head":"<!-- This site is optimized with the Yoast SEO plugin v25.3.1 - https:\/\/yoast.com\/wordpress\/plugins\/seo\/ -->\n<title>Voltar ao topo \u2013 Adicionar o bot\u00e3o Scroll to Top ao Webflow (gratuito e r\u00e1pido)<\/title>\n<meta name=\"description\" content=\"Adicione um widget Voltar ao topo responsivo ao seu site Webflow rapidamente. Use nossa demonstra\u00e7\u00e3o pr\u00e1tica para moldar sua ferramenta exclusiva com apenas alguns cliques.\" \/>\n<meta name=\"robots\" content=\"index, follow, max-snippet:-1, max-image-preview:large, max-video-preview:-1\" \/>\n<link rel=\"canonical\" href=\"https:\/\/elfsight.com\/pt\/back-to-top-widget\/webflow\/\" \/>\n<meta property=\"og:locale\" content=\"pt_PT\" \/>\n<meta property=\"og:type\" content=\"article\" \/>\n<meta property=\"og:title\" content=\"Voltar ao topo \u2013 Adicionar o bot\u00e3o Scroll to Top ao Webflow (gratuito e r\u00e1pido)\" \/>\n<meta property=\"og:description\" content=\"Adicione um widget Voltar ao topo responsivo ao seu site Webflow rapidamente. Use nossa demonstra\u00e7\u00e3o pr\u00e1tica para moldar sua ferramenta exclusiva com apenas alguns cliques.\" \/>\n<meta property=\"og:url\" content=\"https:\/\/elfsight.com\/pt\/back-to-top-widget\/webflow\/\" \/>\n<meta property=\"og:site_name\" content=\"Elfsight PT\" \/>\n<meta property=\"article:modified_time\" content=\"2024-11-13T11:29:09+00:00\" \/>\n<meta name=\"twitter:card\" content=\"summary_large_image\" \/>\n<meta name=\"twitter:label1\" content=\"Tempo estimado de leitura\" \/>\n\t<meta name=\"twitter:data1\" content=\"3 minutos\" \/>\n<!-- \/ Yoast SEO plugin. -->","yoast_head_json":{"title":"Voltar ao topo \u2013 Adicionar o bot\u00e3o Scroll to Top ao Webflow (gratuito e r\u00e1pido)","description":"Adicione um widget Voltar ao topo responsivo ao seu site Webflow rapidamente. Use nossa demonstra\u00e7\u00e3o pr\u00e1tica para moldar sua ferramenta exclusiva com apenas alguns cliques.","robots":{"index":"index","follow":"follow","max-snippet":"max-snippet:-1","max-image-preview":"max-image-preview:large","max-video-preview":"max-video-preview:-1"},"canonical":"https:\/\/elfsight.com\/pt\/back-to-top-widget\/webflow\/","og_locale":"pt_PT","og_type":"article","og_title":"Voltar ao topo \u2013 Adicionar o bot\u00e3o Scroll to Top ao Webflow (gratuito e r\u00e1pido)","og_description":"Adicione um widget Voltar ao topo responsivo ao seu site Webflow rapidamente. Use nossa demonstra\u00e7\u00e3o pr\u00e1tica para moldar sua ferramenta exclusiva com apenas alguns cliques.","og_url":"https:\/\/elfsight.com\/pt\/back-to-top-widget\/webflow\/","og_site_name":"Elfsight PT","article_modified_time":"2024-11-13T11:29:09+00:00","twitter_card":"summary_large_image","twitter_misc":{"Tempo estimado de leitura":"3 minutos"},"schema":{"@context":"https:\/\/schema.org","@graph":[{"@type":"WebPage","@id":"https:\/\/elfsight.com\/pt\/back-to-top-widget\/webflow\/","url":"https:\/\/elfsight.com\/pt\/back-to-top-widget\/webflow\/","name":"Voltar ao topo \u2013 Adicionar o bot\u00e3o Scroll to Top ao Webflow (gratuito e r\u00e1pido)","isPartOf":{"@id":"https:\/\/elfsight.com\/pt\/#website"},"datePublished":"2024-05-03T06:28:56+00:00","dateModified":"2024-11-13T11:29:09+00:00","description":"Adicione um widget Voltar ao topo responsivo ao seu site Webflow rapidamente. Use nossa demonstra\u00e7\u00e3o pr\u00e1tica para moldar sua ferramenta exclusiva com apenas alguns cliques.","breadcrumb":{"@id":"https:\/\/elfsight.com\/pt\/back-to-top-widget\/webflow\/#breadcrumb"},"inLanguage":"pt-PT","potentialAction":[{"@type":"ReadAction","target":["https:\/\/elfsight.com\/pt\/back-to-top-widget\/webflow\/"]}]},{"@type":"BreadcrumbList","@id":"https:\/\/elfsight.com\/pt\/back-to-top-widget\/webflow\/#breadcrumb","itemListElement":[{"@type":"ListItem","position":1,"name":"Home","item":"https:\/\/elfsight.com\/pt\/"},{"@type":"ListItem","position":2,"name":"Back to Top","item":"https:\/\/elfsight.com\/pt\/back-to-top-widget\/"},{"@type":"ListItem","position":3,"name":"Back to Top &#8211; Webflow"}]},{"@type":"WebSite","@id":"https:\/\/elfsight.com\/pt\/#website","url":"https:\/\/elfsight.com\/pt\/","name":"Elfsight PT","description":"Just another Elfsight Sites site","potentialAction":[{"@type":"SearchAction","target":{"@type":"EntryPoint","urlTemplate":"https:\/\/elfsight.com\/pt\/?s={search_term_string}"},"query-input":{"@type":"PropertyValueSpecification","valueRequired":true,"valueName":"search_term_string"}}],"inLanguage":"pt-PT"}]}},"meta_box":{"industry":"","seo_heading":"","heading":"","description":"","cta_heading":"","cta_description":"","application":"1349","h1":"Widget Voltar ao in\u00edcio do Webflow","h1_caption":"Forne\u00e7a aos seus visitantes mais uma ferramenta que ir\u00e1 complementar o desempenho da sua p\u00e1gina web","application_category":[],"applications_title":"","applications_request_title":"","applications_request_button_text":"","hero_text":"","hero_video":"","hero_video_schema_markup":"","selling_points_title":"","selling_points_caption":"","selling_points":[],"selling_points_cta_text":"","features_title":"","features":"","ed_cta_examples_text":"","ed_cta_examples_hidden":"","ed_cta_demo_text":"","ed_cta_demo_hidden":"","why_caption":"","why_editor_title":"","why_editor_text":"","why_team_title":"","why_team_text":"","why_service_title":"","why_service_text":"","template_catalog_visible":"","template_catalog_title":"","template_catalog_text":"","template_catalog_categories_visible":"","demo_title":"Crie seu widget Voltar ao in\u00edcio","demo_caption":"Configure seu Back to Top e adicione-o ao seu site Webflow gratuitamente!","default_faq_hidden":"","app_template_category":[],"platform":"70","template_public_id":"","codecanyon_url":"","codecanyon_item_id":"","codecanyon_price":"","pricing_caption":"","pricing_elfsight_apps_hide_column":"","pricing_elfsight_apps_url":"","pricing_codecanyon_price_caption":"","integration_category":[],"integration_request_title":"","integration_request_cta":"","integration_platform":"","integrations":[],"platform_category":[],"video_schema_markup":"","price":"a partir de US$ 0\/m\u00eas","trial":"","benefits":[{"text":"Ajuda de instala\u00e7\u00e3o gratuita"},{"text":"Suporte profissional ao cliente"},{"text":"Garantia de devolu\u00e7\u00e3o do dinheiro em 14 dias"},{"text":"Atualizando constantemente"}],"button_url":"#demo","button_target_blank":"","button_nofollow":"","attributes":[{"name":"Instala\u00e7\u00f5es","content":"10,000 - 100,000"},{"name":"Responsivo","content":"Sim"},{"name":"Navegadores compat\u00edveis","content":"Opera, Chrome, Edge, Safari, Firefox"}],"tags":[],"tags_disable_links":"","hide_more_platforms":"","video_object":"","demo_hide_cta":"","demo_hide_cloud_options":"","pricing_title":"","pricing":[{"pricing_icon":"platform","pricing_title":"Elfsight Apps","pricing_title_caption":"Software multiplataforma","pricing_price":"a partir de US$ 0\/m\u00eas","pricing_price_caption":"comece com plano gratuito","pricing_benefits":[{"text":"N\u00famero ilimitado de dom\u00ednios"},{"text":"Suporte dedicado ao cliente"},{"text":"Suporte dedicado ao cliente"},{"text":"Oferta especial para v\u00e1rios aplicativos"}],"pricing_button_text":"Adicionar ao site","pricing_button_url":"#demo"}],"related_apps_title":"","related_apps_hidden":"","author":"","image":[],"title":"","job":"","social_networks":[]},"_links":{"self":[{"href":"https:\/\/elfsight.com\/pt\/wp-json\/wp\/v2\/pages\/5792","targetHints":{"allow":["GET"]}}],"collection":[{"href":"https:\/\/elfsight.com\/pt\/wp-json\/wp\/v2\/pages"}],"about":[{"href":"https:\/\/elfsight.com\/pt\/wp-json\/wp\/v2\/types\/page"}],"author":[{"embeddable":true,"href":"https:\/\/elfsight.com\/pt\/wp-json\/wp\/v2\/users\/9"}],"replies":[{"embeddable":true,"href":"https:\/\/elfsight.com\/pt\/wp-json\/wp\/v2\/comments?post=5792"}],"version-history":[{"count":1,"href":"https:\/\/elfsight.com\/pt\/wp-json\/wp\/v2\/pages\/5792\/revisions"}],"predecessor-version":[{"id":5796,"href":"https:\/\/elfsight.com\/pt\/wp-json\/wp\/v2\/pages\/5792\/revisions\/5796"}],"up":[{"embeddable":true,"href":"https:\/\/elfsight.com\/pt\/wp-json\/wp\/v2\/pages\/1350"}],"wp:attachment":[{"href":"https:\/\/elfsight.com\/pt\/wp-json\/wp\/v2\/media?parent=5792"}],"curies":[{"name":"wp","href":"https:\/\/api.w.org\/{rel}","templated":true}]}}