{"id":5777,"date":"2024-05-03T06:28:49","date_gmt":"2024-05-03T06:28:49","guid":{"rendered":"https:\/\/elfsight.com\/pt\/?page_id=5777"},"modified":"2024-11-12T15:32:00","modified_gmt":"2024-11-12T15:32:00","slug":"godaddy","status":"publish","type":"page","link":"https:\/\/elfsight.com\/pt\/back-to-top-widget\/godaddy\/","title":{"rendered":"Back to top &#8211; GoDaddy"},"content":{"rendered":"<div class=\"application-platform-content-item-description application-platform-content-item\" id=\"description\" data-nav-section=\"description\"> <h2>Incorpore Voltar ao topo no GoDaddy com o widget Elfsight<\/h2> <p> Back to Top \u00e9 um plugin descomplicado para GoDaddy que permite aos usu\u00e1rios imediatamente e volte suavemente ao topo da sua p\u00e1gina da web depois de rolar p\u00e1ginas longas. Os visitantes da sua p\u00e1gina web n\u00e3o precisar\u00e3o mais procurar a tecla Home e mover a barra de rolagem pela p\u00e1gina. Nosso bot\u00e3o Voltar ao topo pode ser personalizado da maneira que melhor lhe convier &#8211; torne-o quadrado ou redondo, altere sua cor, tamanho e configure-o em qualquer lugar do seu site para melhorar a experi\u00eancia do usu\u00e1rio. O bot\u00e3o pode ser exibido em qualquer tipo de dispositivo \u2013 do celular ao desktop. <\/p> <p><b>Coloque em uso mais um plug-in conveniente de voltar ao in\u00edcio para fornecer uma experi\u00eancia de usu\u00e1rio admir\u00e1vel<\/b><\/p> <\/div> <div class=\"application-platform-content-item-features application-platform-content-item\" id=\"features\" data-nav-section=\"features\"> <h2>Oferecemos recursos poderosos e recursos f\u00e1ceis, confira alguns deles: <\/h2> <ul><li>Recolorir o bot\u00e3o<\/li><li>Implementar o bot\u00e3o em: todas as p\u00e1ginas, espec\u00edficas ou exclu\u00eddas<\/li><li>Especifique o agilidade de rolagem<\/li><li>8 posi\u00e7\u00f5es de bot\u00e3o para voc\u00ea escolher<\/li><li>2 tipos de bot\u00e3o &#8211; flutuante ou incorporado<\/li><\/ul><p><a href=\"#demo\"> Examine todas as op\u00e7\u00f5es de personaliza\u00e7\u00e3o na demonstra\u00e7\u00e3o totalmente funcional<\/a><\/p> <\/div> <div class=\"application-platform-content-item-installation application-platform-content-item\" id=\"installation\" data-nav-section=\"installation\"> <h2>Como adicionar Voltar ao topo ao meu site GoDaddy? <\/h2> <p>Basta aplicar as instru\u00e7\u00f5es abaixo para adicionar o plugin. <\/p> <ol><li><b>Inicie nosso editor gratuito e comece a construir seu plugin personalizado. <\/b><br> Determine o design e os par\u00e2metros preferidos do plugin e aplique as modifica\u00e7\u00f5es. <\/li> <li><b>Receba o seu c\u00f3digo pessoal revelado no formul\u00e1rio especial nas aplica\u00e7\u00f5es Elfsight. <\/b><br> Ap\u00f3s a configura\u00e7\u00e3o do seu plugin pessoal, copie o c\u00f3digo pessoal na janela que aparece e guarde-o para futuras ocasi\u00f5es. <\/li> <li><b>Comece a usar a ferramenta na p\u00e1gina inicial do GoDaddy. <\/b><br> Insira o c\u00f3digo copiado recentemente em sua p\u00e1gina inicial e aplique as melhorias. <\/li> <li><b>Conclu\u00eddo! A integra\u00e7\u00e3o foi realizada com sucesso. <\/b><br> Acesse seu site para verificar como o plugin est\u00e1 funcionando. <\/li><\/ol> <p>Supondo que voc\u00ea enfrente algumas dificuldades, n\u00e3o hesite em procurar ajuda de nossa equipe de atendimento ao cliente. Nossos consultores ter\u00e3o prazer em ajud\u00e1-lo com todas as d\u00favidas que voc\u00ea possa ter com o plugin. <\/p> <div class=\"faq\" data-component=\"FAQ\"><div class=\"faq-item\">\r\n\t\t\t\t\t<div class=\"faq-item-question\">\r\n\t\t\t\t\t\t<h3 class=\"faq-item-question-text\">Como adicionar Voltar ao topo ao meu site GoDaddy sem conhecimentos de codifica\u00e7\u00e3o?<\/h3>\r\n\r\n\t\t\t\t\t\t<div class=\"faq-item-question-icon\"><\/div>\r\n\t\t\t\t\t<\/div>\r\n\r\n\t\t\t\t\t<div class=\"faq-item-answer\">\r\n\t\t\t\t\t\t<div class=\"faq-item-answer-text\"> <p>A Elfsight fornece uma solu\u00e7\u00e3o SaaS que lhe permite criar voc\u00ea mesmo um widget Voltar ao topo, veja como \u00e9 f\u00e1cil o processo \u00e9: Trabalhe diretamente no Editor on-line para criar um widget Voltar ao in\u00edcio que voc\u00ea gostaria de ver em seu site GoDaddy. Escolha um dos modelos predefinidos e ajuste as configura\u00e7\u00f5es Voltar ao in\u00edcio, adicione seu conte\u00fado, altere o layout e as cores sem nenhuma habilidade de codifica\u00e7\u00e3o. Salve o Voltar ao in\u00edcio e copie seu c\u00f3digo de instala\u00e7\u00e3o, que voc\u00ea pode incorporar facilmente ao seu site GoDaddy sem comprar um plano pago. Com nosso editor intuitivo, qualquer usu\u00e1rio da Internet pode criar um widget Voltar ao topo on-line e incorpor\u00e1-lo facilmente ao site GoDaddy. N\u00e3o h\u00e1 necessidade de pagar ou inserir as credenciais do seu cart\u00e3o para acessar o servi\u00e7o. Se voc\u00ea enfrentar qualquer problema em qualquer etapa, n\u00e3o hesite em entrar em contato com nossa equipe de suporte t\u00e9cnico.<\/p> <\/div>\r\n\t\t\t\t\t<\/div>\r\n\t\t\t\t<\/div> <\/div><\/div>","protected":false},"excerpt":{"rendered":"","protected":false},"author":9,"featured_media":0,"parent":1350,"menu_order":0,"comment_status":"closed","ping_status":"closed","template":"templates\/template-application-platform.php","meta":{"publish_to_discourse":"","publish_post_category":"","wpdc_auto_publish_overridden":"","wpdc_topic_tags":"","wpdc_pin_topic":"","wpdc_pin_until":"","discourse_post_id":"","discourse_permalink":"","wpdc_publishing_response":"","wpdc_publishing_error":"","footnotes":""},"class_list":["post-5777","page","type-page","status-publish","hentry"],"yoast_head":"<!-- This site is optimized with the Yoast SEO plugin v25.3.1 - https:\/\/yoast.com\/wordpress\/plugins\/seo\/ -->\n<title>Voltar ao topo - Adicione o plugin Voltar ao topo ao site GoDaddy!<\/title>\n<meta name=\"description\" content=\"Implemente rapidamente um plug-in Back to Top responsivo em sua p\u00e1gina da web GoDaddy. Use nossa demonstra\u00e7\u00e3o \u00fatil para construir seu plugin exclusivo!\" \/>\n<meta name=\"robots\" content=\"index, follow, max-snippet:-1, max-image-preview:large, max-video-preview:-1\" \/>\n<link rel=\"canonical\" href=\"https:\/\/elfsight.com\/pt\/back-to-top-widget\/godaddy\/\" \/>\n<meta property=\"og:locale\" content=\"pt_PT\" \/>\n<meta property=\"og:type\" content=\"article\" \/>\n<meta property=\"og:title\" content=\"Voltar ao topo - Adicione o plugin Voltar ao topo ao site GoDaddy!\" \/>\n<meta property=\"og:description\" content=\"Implemente rapidamente um plug-in Back to Top responsivo em sua p\u00e1gina da web GoDaddy. Use nossa demonstra\u00e7\u00e3o \u00fatil para construir seu plugin exclusivo!\" \/>\n<meta property=\"og:url\" content=\"https:\/\/elfsight.com\/pt\/back-to-top-widget\/godaddy\/\" \/>\n<meta property=\"og:site_name\" content=\"Elfsight PT\" \/>\n<meta property=\"article:modified_time\" content=\"2024-11-12T15:32:00+00:00\" \/>\n<meta name=\"twitter:card\" content=\"summary_large_image\" \/>\n<meta name=\"twitter:label1\" content=\"Tempo estimado de leitura\" \/>\n\t<meta name=\"twitter:data1\" content=\"3 minutos\" \/>\n<!-- \/ Yoast SEO plugin. -->","yoast_head_json":{"title":"Voltar ao topo - Adicione o plugin Voltar ao topo ao site GoDaddy!","description":"Implemente rapidamente um plug-in Back to Top responsivo em sua p\u00e1gina da web GoDaddy. Use nossa demonstra\u00e7\u00e3o \u00fatil para construir seu plugin exclusivo!","robots":{"index":"index","follow":"follow","max-snippet":"max-snippet:-1","max-image-preview":"max-image-preview:large","max-video-preview":"max-video-preview:-1"},"canonical":"https:\/\/elfsight.com\/pt\/back-to-top-widget\/godaddy\/","og_locale":"pt_PT","og_type":"article","og_title":"Voltar ao topo - Adicione o plugin Voltar ao topo ao site GoDaddy!","og_description":"Implemente rapidamente um plug-in Back to Top responsivo em sua p\u00e1gina da web GoDaddy. Use nossa demonstra\u00e7\u00e3o \u00fatil para construir seu plugin exclusivo!","og_url":"https:\/\/elfsight.com\/pt\/back-to-top-widget\/godaddy\/","og_site_name":"Elfsight PT","article_modified_time":"2024-11-12T15:32:00+00:00","twitter_card":"summary_large_image","twitter_misc":{"Tempo estimado de leitura":"3 minutos"},"schema":{"@context":"https:\/\/schema.org","@graph":[{"@type":"WebPage","@id":"https:\/\/elfsight.com\/pt\/back-to-top-widget\/godaddy\/","url":"https:\/\/elfsight.com\/pt\/back-to-top-widget\/godaddy\/","name":"Voltar ao topo - Adicione o plugin Voltar ao topo ao site GoDaddy!","isPartOf":{"@id":"https:\/\/elfsight.com\/pt\/#website"},"datePublished":"2024-05-03T06:28:49+00:00","dateModified":"2024-11-12T15:32:00+00:00","description":"Implemente rapidamente um plug-in Back to Top responsivo em sua p\u00e1gina da web GoDaddy. Use nossa demonstra\u00e7\u00e3o \u00fatil para construir seu plugin exclusivo!","breadcrumb":{"@id":"https:\/\/elfsight.com\/pt\/back-to-top-widget\/godaddy\/#breadcrumb"},"inLanguage":"pt-PT","potentialAction":[{"@type":"ReadAction","target":["https:\/\/elfsight.com\/pt\/back-to-top-widget\/godaddy\/"]}]},{"@type":"BreadcrumbList","@id":"https:\/\/elfsight.com\/pt\/back-to-top-widget\/godaddy\/#breadcrumb","itemListElement":[{"@type":"ListItem","position":1,"name":"Home","item":"https:\/\/elfsight.com\/pt\/"},{"@type":"ListItem","position":2,"name":"Back to Top","item":"https:\/\/elfsight.com\/pt\/back-to-top-widget\/"},{"@type":"ListItem","position":3,"name":"Back to top &#8211; GoDaddy"}]},{"@type":"WebSite","@id":"https:\/\/elfsight.com\/pt\/#website","url":"https:\/\/elfsight.com\/pt\/","name":"Elfsight PT","description":"Just another Elfsight Sites site","potentialAction":[{"@type":"SearchAction","target":{"@type":"EntryPoint","urlTemplate":"https:\/\/elfsight.com\/pt\/?s={search_term_string}"},"query-input":{"@type":"PropertyValueSpecification","valueRequired":true,"valueName":"search_term_string"}}],"inLanguage":"pt-PT"}]}},"meta_box":{"industry":"","seo_heading":"","heading":"","description":"","cta_heading":"","cta_description":"","application":"1349","h1":"Plug-in GoDaddy Voltar ao in\u00edcio","h1_caption":"Forne\u00e7a ao seu p\u00fablico mais uma ferramenta que complementar\u00e1 o desempenho geral da sua p\u00e1gina da web","application_category":[],"applications_title":"","applications_request_title":"","applications_request_button_text":"","hero_text":"","hero_video":"","hero_video_schema_markup":"","selling_points_title":"","selling_points_caption":"","selling_points":[],"selling_points_cta_text":"","features_title":"","features":"","ed_cta_examples_text":"","ed_cta_examples_hidden":"","ed_cta_demo_text":"","ed_cta_demo_hidden":"","why_caption":"","why_editor_title":"","why_editor_text":"","why_team_title":"","why_team_text":"","why_service_title":"","why_service_text":"","template_catalog_visible":"","template_catalog_title":"","template_catalog_text":"","template_catalog_categories_visible":"","demo_title":"Crie seu plugin Voltar ao in\u00edcio","demo_caption":"Configure seu Voltar ao topo e adicione-o ao seu site GoDaddy gratuitamente!","default_faq_hidden":"","app_template_category":[],"platform":"4908","template_public_id":"","codecanyon_url":"","codecanyon_item_id":"","codecanyon_price":"","pricing_caption":"","pricing_elfsight_apps_hide_column":"","pricing_elfsight_apps_url":"","pricing_codecanyon_price_caption":"","integration_category":[],"integration_request_title":"","integration_request_cta":"","integration_platform":"","integrations":[],"platform_category":[],"video_schema_markup":"","price":"a partir de US$ 0\/m\u00eas","trial":"","benefits":[{"text":"Assist\u00eancia de instala\u00e7\u00e3o gratuita"},{"text":"Atendimento ao cliente eficaz"},{"text":"Garantia de reembolso de 14 dias"},{"text":"Desenvolvimento cont\u00ednuo"}],"button_url":"#demo","button_target_blank":"","button_nofollow":"","attributes":[{"name":"Instala\u00e7\u00f5es","content":"10,000 - 100,000"},{"name":"Responsivo","content":"Sim"},{"name":"Navegadores compat\u00edveis","content":"IE11, Firefox, Safari, Opera, Chrome, Edge"}],"tags":[],"tags_disable_links":"","hide_more_platforms":"","video_object":"","demo_hide_cta":"","demo_hide_cloud_options":"","pricing_title":"","pricing":[{"pricing_icon":"platform","pricing_title":"Elfsight Apps","pricing_title_caption":"Solu\u00e7\u00e3o digital independente de plataforma que se adapta a qualquer site","pricing_price":"a partir de US$ 0\/m\u00eas","pricing_price_caption":"comece com plano gratuito","pricing_benefits":[{"text":"Sites ilimitados"},{"text":"Suporte premium, pontual e bem documentado"},{"text":"Suporte premium, pontual e bem documentado"},{"text":"Design flex\u00edvel"}],"pricing_button_text":"Adicionar ao site","pricing_button_url":"#demo"}],"related_apps_title":"","related_apps_hidden":"","author":"","image":[],"title":"","job":"","social_networks":[]},"_links":{"self":[{"href":"https:\/\/elfsight.com\/pt\/wp-json\/wp\/v2\/pages\/5777","targetHints":{"allow":["GET"]}}],"collection":[{"href":"https:\/\/elfsight.com\/pt\/wp-json\/wp\/v2\/pages"}],"about":[{"href":"https:\/\/elfsight.com\/pt\/wp-json\/wp\/v2\/types\/page"}],"author":[{"embeddable":true,"href":"https:\/\/elfsight.com\/pt\/wp-json\/wp\/v2\/users\/9"}],"replies":[{"embeddable":true,"href":"https:\/\/elfsight.com\/pt\/wp-json\/wp\/v2\/comments?post=5777"}],"version-history":[{"count":1,"href":"https:\/\/elfsight.com\/pt\/wp-json\/wp\/v2\/pages\/5777\/revisions"}],"predecessor-version":[{"id":5781,"href":"https:\/\/elfsight.com\/pt\/wp-json\/wp\/v2\/pages\/5777\/revisions\/5781"}],"up":[{"embeddable":true,"href":"https:\/\/elfsight.com\/pt\/wp-json\/wp\/v2\/pages\/1350"}],"wp:attachment":[{"href":"https:\/\/elfsight.com\/pt\/wp-json\/wp\/v2\/media?parent=5777"}],"curies":[{"name":"wp","href":"https:\/\/api.w.org\/{rel}","templated":true}]}}