{"id":5776,"date":"2024-05-03T06:28:48","date_gmt":"2024-05-03T06:28:48","guid":{"rendered":"https:\/\/elfsight.com\/pt\/?page_id=5776"},"modified":"2024-11-12T15:31:29","modified_gmt":"2024-11-12T15:31:29","slug":"prestashop","status":"publish","type":"page","link":"https:\/\/elfsight.com\/pt\/back-to-top-widget\/prestashop\/","title":{"rendered":"Back to Top &#8211; PrestaShop"},"content":{"rendered":"<div class=\"application-platform-content-item-description application-platform-content-item\" id=\"description\" data-nav-section=\"description\"> <h2>Descri\u00e7\u00e3o<\/h2> <p> Back to Top \u00e9 uma ferramenta descomplicada que permite aos usu\u00e1rios voltar ao topo da sua web de forma r\u00e1pida e perfeita p\u00e1gina depois de rolar p\u00e1ginas longas. O p\u00fablico da sua p\u00e1gina web n\u00e3o precisar\u00e1 mais procurar a tecla Home e mover a barra de rolagem por toda a p\u00e1gina. O widget Voltar ao topo pode ser personalizado da maneira que voc\u00ea precisar &#8211; torne-o quadrado ou redondo, altere sua cor, tamanho e coloque-o em qualquer lugar do seu site para melhorar a experi\u00eancia do usu\u00e1rio. O bot\u00e3o pode ser exibido em qualquer tipo de dispositivo \u2013 do smartphone ao desktop. <\/p><p><b>Torne seu site mais bem-sucedido para tarefas de neg\u00f3cios com Voltar ao in\u00edcio<\/b><\/p> <\/div> <div class=\"application-platform-content-item-features application-platform-content-item\" id=\"features\" data-nav-section=\"features\"> <h2>Os recursos b\u00e1sicos do widget oferecem <\/h2> <ul><li>Adicione o bot\u00e3o em: p\u00e1ginas espec\u00edficas ou exclu\u00eddas, todas as p\u00e1ginas<\/li><li>Definir a velocidade de rolagem<\/li><li>8 posi\u00e7\u00f5es de bot\u00e3o dispon\u00edveis<\/li><li>2 tipos de bot\u00e3o &#8211; Flutuante ou Incorporado<\/li><li>Definir deslocamento em pixels<\/li><li>Tr\u00eas tamanhos dispon\u00edveis &#8211; m\u00e9dio, pequeno ou grande<\/li><li>Recolorir o texto e o bot\u00e3o<\/li><li>Escolha um dos tr\u00eas formatos de bot\u00e3o<\/li><li>Dois layouts: vertical e horizontal<\/li><\/ul><p><a href=\"#demo\">Voc\u00ea pode conferir o arquivo completo funcionalidade do widget na demonstra\u00e7\u00e3o aqui<\/a><\/p> <\/div> <div class=\"application-platform-content-item-installation application-platform-content-item\" id=\"installation\" data-nav-section=\"installation\"> <h2>Como fa\u00e7o para incorporar Voltar ao topo no meu site PrestaShop? <\/h2> <p>Basta seguir algumas etapas descritas abaixo para ativar o complemento. <\/p> <ol><li><b>Utilize nosso configurador gratuito e comece a criar seu pr\u00f3prio complemento. <\/b><br> Encontre o layout e os aspectos adequados do complemento e aplique as modifica\u00e7\u00f5es. <\/li> <li><b>Obtenha seu c\u00f3digo exclusivo aparecendo no formul\u00e1rio especial nos aplicativos da Elfsight. <\/b><br> Ap\u00f3s a cria\u00e7\u00e3o do seu addon pessoal, copie o c\u00f3digo exclusivo da janela que aparece e salve-o para uso posterior. <\/li> <li><b>Comece a usar a ferramenta na sua p\u00e1gina PrestaShop. <\/b><br> Adicione o c\u00f3digo que voc\u00ea salvou recentemente em sua p\u00e1gina inicial e aplique as edi\u00e7\u00f5es. <\/li> <li><b>A configura\u00e7\u00e3o foi totalmente executada. <\/b><br> V\u00e1 para sua p\u00e1gina para revisar como o complemento est\u00e1 funcionando. <\/li><\/ol> <p>Caso tenha d\u00favidas ou enfrente alguma dificuldade, sinta-se \u00e0 vontade para entrar em contato com nossa equipe de atendimento ao cliente. Nosso pessoal ficar\u00e1 feliz em resolver todos os problemas que voc\u00ea possa ter com a ferramenta. <\/p> <div class=\"faq\" data-component=\"FAQ\"><div class=\"faq-item\">\r\n\t\t\t\t\t<div class=\"faq-item-question\">\r\n\t\t\t\t\t\t<h3 class=\"faq-item-question-text\">Como posso adicionar Voltar ao topo ao meu site PrestaShop sem conhecimentos de codifica\u00e7\u00e3o?<\/h3>\r\n\r\n\t\t\t\t\t\t<div class=\"faq-item-question-icon\"><\/div>\r\n\t\t\t\t\t<\/div>\r\n\r\n\t\t\t\t\t<div class=\"faq-item-answer\">\r\n\t\t\t\t\t\t<div class=\"faq-item-answer-text\"> <p>A Elfsight fornece uma solu\u00e7\u00e3o SaaS que lhe permite criar voc\u00ea mesmo um widget Voltar ao topo, veja como O processo \u00e9 f\u00e1cil: trabalhe diretamente no Editor on-line para criar um widget Voltar ao topo que voc\u00ea gostaria de ver no seu site PrestaShop. Escolha um dos modelos predefinidos e ajuste as configura\u00e7\u00f5es Voltar ao in\u00edcio, adicione seu conte\u00fado, altere o layout e as cores sem nenhuma habilidade de codifica\u00e7\u00e3o. Salve o Voltar ao in\u00edcio e copie seu c\u00f3digo de instala\u00e7\u00e3o, que voc\u00ea pode adicionar facilmente ao seu site PrestaShop sem comprar uma vers\u00e3o paga. Com nosso editor intuitivo, qualquer usu\u00e1rio da Internet pode criar um widget Voltar ao topo online e incorpor\u00e1-lo facilmente ao site PrestaShop. N\u00e3o h\u00e1 necessidade de pagar ou inserir as credenciais do seu cart\u00e3o para acessar o servi\u00e7o. Se voc\u00ea enfrentar qualquer problema em qualquer etapa, n\u00e3o hesite em entrar em contato com nossa equipe de suporte t\u00e9cnico.<\/p> <\/div>\r\n\t\t\t\t\t<\/div>\r\n\t\t\t\t<\/div> <\/div><\/div>","protected":false},"excerpt":{"rendered":"","protected":false},"author":9,"featured_media":0,"parent":1350,"menu_order":0,"comment_status":"closed","ping_status":"closed","template":"templates\/template-application-platform.php","meta":{"publish_to_discourse":"","publish_post_category":"","wpdc_auto_publish_overridden":"","wpdc_topic_tags":"","wpdc_pin_topic":"","wpdc_pin_until":"","discourse_post_id":"","discourse_permalink":"","wpdc_publishing_response":"","wpdc_publishing_error":"","footnotes":""},"class_list":["post-5776","page","type-page","status-publish","hentry"],"yoast_head":"<!-- This site is optimized with the Yoast SEO plugin v25.3.1 - https:\/\/yoast.com\/wordpress\/plugins\/seo\/ -->\n<title>Voltar ao topo \u2014 Adicione o bot\u00e3o Scroll to Top ao PrestaShop (gr\u00e1tis e r\u00e1pido)<\/title>\n<meta name=\"description\" content=\"Implemente um widget Back to Top responsivo em seu site PrestaShop. Use nossa demonstra\u00e7\u00e3o ativa para moldar sua ferramenta exclusiva com apenas alguns cliques.\" \/>\n<meta name=\"robots\" content=\"index, follow, max-snippet:-1, max-image-preview:large, max-video-preview:-1\" \/>\n<link rel=\"canonical\" href=\"https:\/\/elfsight.com\/pt\/back-to-top-widget\/prestashop\/\" \/>\n<meta property=\"og:locale\" content=\"pt_PT\" \/>\n<meta property=\"og:type\" content=\"article\" \/>\n<meta property=\"og:title\" content=\"Voltar ao topo \u2014 Adicione o bot\u00e3o Scroll to Top ao PrestaShop (gr\u00e1tis e r\u00e1pido)\" \/>\n<meta property=\"og:description\" content=\"Implemente um widget Back to Top responsivo em seu site PrestaShop. Use nossa demonstra\u00e7\u00e3o ativa para moldar sua ferramenta exclusiva com apenas alguns cliques.\" \/>\n<meta property=\"og:url\" content=\"https:\/\/elfsight.com\/pt\/back-to-top-widget\/prestashop\/\" \/>\n<meta property=\"og:site_name\" content=\"Elfsight PT\" \/>\n<meta property=\"article:modified_time\" content=\"2024-11-12T15:31:29+00:00\" \/>\n<meta name=\"twitter:card\" content=\"summary_large_image\" \/>\n<meta name=\"twitter:label1\" content=\"Tempo estimado de leitura\" \/>\n\t<meta name=\"twitter:data1\" content=\"3 minutos\" \/>\n<!-- \/ Yoast SEO plugin. -->","yoast_head_json":{"title":"Voltar ao topo \u2014 Adicione o bot\u00e3o Scroll to Top ao PrestaShop (gr\u00e1tis e r\u00e1pido)","description":"Implemente um widget Back to Top responsivo em seu site PrestaShop. Use nossa demonstra\u00e7\u00e3o ativa para moldar sua ferramenta exclusiva com apenas alguns cliques.","robots":{"index":"index","follow":"follow","max-snippet":"max-snippet:-1","max-image-preview":"max-image-preview:large","max-video-preview":"max-video-preview:-1"},"canonical":"https:\/\/elfsight.com\/pt\/back-to-top-widget\/prestashop\/","og_locale":"pt_PT","og_type":"article","og_title":"Voltar ao topo \u2014 Adicione o bot\u00e3o Scroll to Top ao PrestaShop (gr\u00e1tis e r\u00e1pido)","og_description":"Implemente um widget Back to Top responsivo em seu site PrestaShop. Use nossa demonstra\u00e7\u00e3o ativa para moldar sua ferramenta exclusiva com apenas alguns cliques.","og_url":"https:\/\/elfsight.com\/pt\/back-to-top-widget\/prestashop\/","og_site_name":"Elfsight PT","article_modified_time":"2024-11-12T15:31:29+00:00","twitter_card":"summary_large_image","twitter_misc":{"Tempo estimado de leitura":"3 minutos"},"schema":{"@context":"https:\/\/schema.org","@graph":[{"@type":"WebPage","@id":"https:\/\/elfsight.com\/pt\/back-to-top-widget\/prestashop\/","url":"https:\/\/elfsight.com\/pt\/back-to-top-widget\/prestashop\/","name":"Voltar ao topo \u2014 Adicione o bot\u00e3o Scroll to Top ao PrestaShop (gr\u00e1tis e r\u00e1pido)","isPartOf":{"@id":"https:\/\/elfsight.com\/pt\/#website"},"datePublished":"2024-05-03T06:28:48+00:00","dateModified":"2024-11-12T15:31:29+00:00","description":"Implemente um widget Back to Top responsivo em seu site PrestaShop. Use nossa demonstra\u00e7\u00e3o ativa para moldar sua ferramenta exclusiva com apenas alguns cliques.","breadcrumb":{"@id":"https:\/\/elfsight.com\/pt\/back-to-top-widget\/prestashop\/#breadcrumb"},"inLanguage":"pt-PT","potentialAction":[{"@type":"ReadAction","target":["https:\/\/elfsight.com\/pt\/back-to-top-widget\/prestashop\/"]}]},{"@type":"BreadcrumbList","@id":"https:\/\/elfsight.com\/pt\/back-to-top-widget\/prestashop\/#breadcrumb","itemListElement":[{"@type":"ListItem","position":1,"name":"Home","item":"https:\/\/elfsight.com\/pt\/"},{"@type":"ListItem","position":2,"name":"Back to Top","item":"https:\/\/elfsight.com\/pt\/back-to-top-widget\/"},{"@type":"ListItem","position":3,"name":"Back to Top &#8211; PrestaShop"}]},{"@type":"WebSite","@id":"https:\/\/elfsight.com\/pt\/#website","url":"https:\/\/elfsight.com\/pt\/","name":"Elfsight PT","description":"Just another Elfsight Sites site","potentialAction":[{"@type":"SearchAction","target":{"@type":"EntryPoint","urlTemplate":"https:\/\/elfsight.com\/pt\/?s={search_term_string}"},"query-input":{"@type":"PropertyValueSpecification","valueRequired":true,"valueName":"search_term_string"}}],"inLanguage":"pt-PT"}]}},"meta_box":{"industry":"","seo_heading":"","heading":"","description":"","cta_heading":"","cta_description":"","application":"1349","h1":"Complemento PrestaShop Voltar ao In\u00edcio","h1_caption":"Torne a navega\u00e7\u00e3o em p\u00e1ginas longas mais conveniente para os visitantes do seu site","application_category":[],"applications_title":"","applications_request_title":"","applications_request_button_text":"","hero_text":"","hero_video":"","hero_video_schema_markup":"","selling_points_title":"","selling_points_caption":"","selling_points":[],"selling_points_cta_text":"","features_title":"","features":"","ed_cta_examples_text":"","ed_cta_examples_hidden":"","ed_cta_demo_text":"","ed_cta_demo_hidden":"","why_caption":"","why_editor_title":"","why_editor_text":"","why_team_title":"","why_team_text":"","why_service_title":"","why_service_text":"","template_catalog_visible":"","template_catalog_title":"","template_catalog_text":"","template_catalog_categories_visible":"","demo_title":"Crie seu complemento Voltar ao in\u00edcio","demo_caption":"Configure seu Back to Top e adicione-o ao seu site PrestaShop gratuitamente!","default_faq_hidden":"","app_template_category":[],"platform":"5343","template_public_id":"","codecanyon_url":"","codecanyon_item_id":"","codecanyon_price":"","pricing_caption":"","pricing_elfsight_apps_hide_column":"","pricing_elfsight_apps_url":"","pricing_codecanyon_price_caption":"","integration_category":[],"integration_request_title":"","integration_request_cta":"","integration_platform":"","integrations":[],"platform_category":[],"video_schema_markup":"","price":"a partir de US$ 0\/m\u00eas","trial":"","benefits":[{"text":"Ajuda de instala\u00e7\u00e3o gratuita"},{"text":"Atendimento ao cliente competente"},{"text":"Garantia de reembolso de 14 dias"},{"text":"Melhorias cont\u00ednuas"}],"button_url":"#demo","button_target_blank":"","button_nofollow":"","attributes":[{"name":"Instala\u00e7\u00f5es","content":"10,000 - 100,000"},{"name":"Responsivo","content":"Sim"},{"name":"Navegadores compat\u00edveis","content":"Firefox, Safari, Opera, Chrome, Edge"}],"tags":[],"tags_disable_links":"","hide_more_platforms":"","video_object":"","demo_hide_cta":"","demo_hide_cloud_options":"","pricing_title":"","pricing":[{"pricing_icon":"platform","pricing_title":"Elfsight Apps","pricing_title_caption":"Software multiplataforma","pricing_price":"a partir de US$ 0\/m\u00eas","pricing_price_caption":"comece com um plano gratuito","pricing_benefits":[{"text":"Dom\u00ednios ilimitados"},{"text":"Suporte profissional ao cliente"},{"text":"Suporte profissional ao cliente"},{"text":"Totalmente personaliz\u00e1vel"}],"pricing_button_text":"Adicionar ao site","pricing_button_url":"#demo"}],"related_apps_title":"","related_apps_hidden":"","author":"","image":[],"title":"","job":"","social_networks":[]},"_links":{"self":[{"href":"https:\/\/elfsight.com\/pt\/wp-json\/wp\/v2\/pages\/5776","targetHints":{"allow":["GET"]}}],"collection":[{"href":"https:\/\/elfsight.com\/pt\/wp-json\/wp\/v2\/pages"}],"about":[{"href":"https:\/\/elfsight.com\/pt\/wp-json\/wp\/v2\/types\/page"}],"author":[{"embeddable":true,"href":"https:\/\/elfsight.com\/pt\/wp-json\/wp\/v2\/users\/9"}],"replies":[{"embeddable":true,"href":"https:\/\/elfsight.com\/pt\/wp-json\/wp\/v2\/comments?post=5776"}],"version-history":[{"count":1,"href":"https:\/\/elfsight.com\/pt\/wp-json\/wp\/v2\/pages\/5776\/revisions"}],"predecessor-version":[{"id":5780,"href":"https:\/\/elfsight.com\/pt\/wp-json\/wp\/v2\/pages\/5776\/revisions\/5780"}],"up":[{"embeddable":true,"href":"https:\/\/elfsight.com\/pt\/wp-json\/wp\/v2\/pages\/1350"}],"wp:attachment":[{"href":"https:\/\/elfsight.com\/pt\/wp-json\/wp\/v2\/media?parent=5776"}],"curies":[{"name":"wp","href":"https:\/\/api.w.org\/{rel}","templated":true}]}}