{"id":5722,"date":"2024-05-03T06:28:22","date_gmt":"2024-05-03T06:28:22","guid":{"rendered":"https:\/\/elfsight.com\/pt\/?page_id=5722"},"modified":"2024-11-12T15:31:29","modified_gmt":"2024-11-12T15:31:29","slug":"prestashop","status":"publish","type":"page","link":"https:\/\/elfsight.com\/pt\/audio-player-widget\/prestashop\/","title":{"rendered":"Audio Player &#8211; PrestaShop"},"content":{"rendered":"<div class=\"application-platform-content-item-description application-platform-content-item\" id=\"description\" data-nav-section=\"description\"> <h2>Descri\u00e7\u00e3o<\/h2> <p>Elfsight Audio Player \u00e9 um widget simples que permite transmitir faixas de \u00e1udio no seu site. O widget \u00e9 totalmente personaliz\u00e1vel: voc\u00ea pode alterar sua posi\u00e7\u00e3o, posicionando-o em qualquer lugar da p\u00e1gina, alterar seu tamanho, fazer sobre o fundo e todas as outras partes para mistur\u00e1-lo com o estilo do seu site, usar esquema de cores escuras, exibir imagens e exibir ou ocultar tr\u00eas outros componentes do jogador, como barra de progresso e muito mais. Adicione quantas faixas voc\u00ea precisar para envolver seus usu\u00e1rios, ative a reprodu\u00e7\u00e3o autom\u00e1tica e n\u00e3o hesite &#8211; seu p\u00fablico n\u00e3o sair\u00e1 de sua p\u00e1gina da web com pressa! <\/p> <p><b>Com o Audio Player, veja o crescimento ativo dos neg\u00f3cios e aumente as vendas <\/b><\/p> <\/div> <div class=\"application-platform-content-item-features application-platform-content-item\" id=\"features\" data-nav-section=\"features\"> <h2>Os recursos essenciais do widget incluem<\/h2> <ul><li>Altera\u00e7\u00f5es ilimitadas de cores<\/li><li>Esquema de cores claras\/escuras<\/li><li>Design responsivo<\/li><li>2 layouts aplic\u00e1veis<\/li><li> Uma op\u00e7\u00e3o para adicionar imagem de fundo<\/li><li>Adicionar uma quantidade ilimitada de faixas<\/li><li>Uma possibilidade de criar seu tema de cores personalizado<\/li><li>Formatos suportados: DASH (mpd), webm, mp4, ogv, HLS (m3u8), mp3<\/li><li>Op\u00e7\u00e3o de reprodu\u00e7\u00e3o autom\u00e1tica<\/li><li>Adicione faixas por URL ou diretamente do seu dispositivo<\/li><\/ul><p><a href=\"#demo\">Examine todas as configura\u00e7\u00f5es na demonstra\u00e7\u00e3o completa<\/a><\/p> <\/div> <div class=\"application-platform-content-item-installation application-platform-content-item\" id=\"installation\" data-nav-section=\"installation\"> <h2>Como incorporar o Audio Player no meu site PrestaShop? <\/h2> <p>Basta seguir as orienta\u00e7\u00f5es abaixo para integrar o addon. <\/p> <ol><li><b>Gerencie nossa demonstra\u00e7\u00e3o gratuita e comece a criar seu pr\u00f3prio complemento. <\/b><br> Determine o layout e as caracter\u00edsticas adequadas do widget e aplique as edi\u00e7\u00f5es. <\/li> <li><b>Adquira o c\u00f3digo pessoal mostrado na caixa nas aplica\u00e7\u00f5es Elfsight. <\/b><br> Logo ap\u00f3s a gera\u00e7\u00e3o da sua ferramenta pessoal, copie o c\u00f3digo exclusivo na caixa que aparece e salve-o para uso futuro. <\/li> <li><b>Iniciar a utiliza\u00e7\u00e3o do addon no site PrestaShop. <\/b><br> Insira o c\u00f3digo que voc\u00ea salvou anteriormente em seu site e salve as melhorias. <\/li> <li><b>A configura\u00e7\u00e3o foi finalizada com sucesso. <\/b><br> Visite sua p\u00e1gina da web para inspecionar como o widget funciona. <\/li><\/ol> <p>Caso voc\u00ea enfrente alguma dificuldade, sinta-se \u00e0 vontade para entrar em contato com nossa equipe de atendimento ao cliente. Nossos especialistas est\u00e3o ansiosos para resolver todas as dificuldades que voc\u00ea possa ter com o widget. <\/p> <\/div><p><\/p>","protected":false},"excerpt":{"rendered":"","protected":false},"author":9,"featured_media":0,"parent":1079,"menu_order":0,"comment_status":"closed","ping_status":"closed","template":"templates\/template-application-platform.php","meta":{"publish_to_discourse":"","publish_post_category":"","wpdc_auto_publish_overridden":"","wpdc_topic_tags":"","wpdc_pin_topic":"","wpdc_pin_until":"","discourse_post_id":"","discourse_permalink":"","wpdc_publishing_response":"","wpdc_publishing_error":"","footnotes":""},"class_list":["post-5722","page","type-page","status-publish","hentry"],"yoast_head":"<!-- This site is optimized with the Yoast SEO plugin v25.3.1 - https:\/\/yoast.com\/wordpress\/plugins\/seo\/ -->\n<title>Audio Player \u2014 Adicione Music Player ao site PrestaShop (r\u00e1pido e gratuito)<\/title>\n<meta name=\"description\" content=\"Adicione um aplicativo Audio Player responsivo ao site PrestaShop. Aplique a demonstra\u00e7\u00e3o conveniente e crie seu pr\u00f3prio widget de m\u00fasica em apenas alguns minutos.\" \/>\n<meta name=\"robots\" content=\"index, follow, max-snippet:-1, max-image-preview:large, max-video-preview:-1\" \/>\n<link rel=\"canonical\" href=\"https:\/\/elfsight.com\/pt\/audio-player-widget\/prestashop\/\" \/>\n<meta property=\"og:locale\" content=\"pt_PT\" \/>\n<meta property=\"og:type\" content=\"article\" \/>\n<meta property=\"og:title\" content=\"Audio Player \u2014 Adicione Music Player ao site PrestaShop (r\u00e1pido e gratuito)\" \/>\n<meta property=\"og:description\" content=\"Adicione um aplicativo Audio Player responsivo ao site PrestaShop. Aplique a demonstra\u00e7\u00e3o conveniente e crie seu pr\u00f3prio widget de m\u00fasica em apenas alguns minutos.\" \/>\n<meta property=\"og:url\" content=\"https:\/\/elfsight.com\/pt\/audio-player-widget\/prestashop\/\" \/>\n<meta property=\"og:site_name\" content=\"Elfsight PT\" \/>\n<meta property=\"article:modified_time\" content=\"2024-11-12T15:31:29+00:00\" \/>\n<meta name=\"twitter:card\" content=\"summary_large_image\" \/>\n<meta name=\"twitter:label1\" content=\"Tempo estimado de leitura\" \/>\n\t<meta name=\"twitter:data1\" content=\"2 minutos\" \/>\n<!-- \/ Yoast SEO plugin. -->","yoast_head_json":{"title":"Audio Player \u2014 Adicione Music Player ao site PrestaShop (r\u00e1pido e gratuito)","description":"Adicione um aplicativo Audio Player responsivo ao site PrestaShop. Aplique a demonstra\u00e7\u00e3o conveniente e crie seu pr\u00f3prio widget de m\u00fasica em apenas alguns minutos.","robots":{"index":"index","follow":"follow","max-snippet":"max-snippet:-1","max-image-preview":"max-image-preview:large","max-video-preview":"max-video-preview:-1"},"canonical":"https:\/\/elfsight.com\/pt\/audio-player-widget\/prestashop\/","og_locale":"pt_PT","og_type":"article","og_title":"Audio Player \u2014 Adicione Music Player ao site PrestaShop (r\u00e1pido e gratuito)","og_description":"Adicione um aplicativo Audio Player responsivo ao site PrestaShop. Aplique a demonstra\u00e7\u00e3o conveniente e crie seu pr\u00f3prio widget de m\u00fasica em apenas alguns minutos.","og_url":"https:\/\/elfsight.com\/pt\/audio-player-widget\/prestashop\/","og_site_name":"Elfsight PT","article_modified_time":"2024-11-12T15:31:29+00:00","twitter_card":"summary_large_image","twitter_misc":{"Tempo estimado de leitura":"2 minutos"},"schema":{"@context":"https:\/\/schema.org","@graph":[{"@type":"WebPage","@id":"https:\/\/elfsight.com\/pt\/audio-player-widget\/prestashop\/","url":"https:\/\/elfsight.com\/pt\/audio-player-widget\/prestashop\/","name":"Audio Player \u2014 Adicione Music Player ao site PrestaShop (r\u00e1pido e gratuito)","isPartOf":{"@id":"https:\/\/elfsight.com\/pt\/#website"},"datePublished":"2024-05-03T06:28:22+00:00","dateModified":"2024-11-12T15:31:29+00:00","description":"Adicione um aplicativo Audio Player responsivo ao site PrestaShop. Aplique a demonstra\u00e7\u00e3o conveniente e crie seu pr\u00f3prio widget de m\u00fasica em apenas alguns minutos.","breadcrumb":{"@id":"https:\/\/elfsight.com\/pt\/audio-player-widget\/prestashop\/#breadcrumb"},"inLanguage":"pt-PT","potentialAction":[{"@type":"ReadAction","target":["https:\/\/elfsight.com\/pt\/audio-player-widget\/prestashop\/"]}]},{"@type":"BreadcrumbList","@id":"https:\/\/elfsight.com\/pt\/audio-player-widget\/prestashop\/#breadcrumb","itemListElement":[{"@type":"ListItem","position":1,"name":"Home","item":"https:\/\/elfsight.com\/pt\/"},{"@type":"ListItem","position":2,"name":"Audio Player","item":"https:\/\/elfsight.com\/pt\/audio-player-widget\/"},{"@type":"ListItem","position":3,"name":"Audio Player &#8211; PrestaShop"}]},{"@type":"WebSite","@id":"https:\/\/elfsight.com\/pt\/#website","url":"https:\/\/elfsight.com\/pt\/","name":"Elfsight PT","description":"Just another Elfsight Sites site","potentialAction":[{"@type":"SearchAction","target":{"@type":"EntryPoint","urlTemplate":"https:\/\/elfsight.com\/pt\/?s={search_term_string}"},"query-input":{"@type":"PropertyValueSpecification","valueRequired":true,"valueName":"search_term_string"}}],"inLanguage":"pt-PT"}]}},"meta_box":{"industry":"","seo_heading":"","heading":"","description":"","cta_heading":"","cta_description":"","application":"1078","h1":"Complemento do reprodutor de m\u00fasica PrestaShop","h1_caption":"Incorpore um recurso divertido em sua p\u00e1gina inicial e atraia mais clientes agradecidos com um clique","application_category":[],"applications_title":"","applications_request_title":"","applications_request_button_text":"","hero_text":"","hero_video":"","hero_video_schema_markup":"","selling_points_title":"","selling_points_caption":"","selling_points":[],"selling_points_cta_text":"","features_title":"","features":"","ed_cta_examples_text":"","ed_cta_examples_hidden":"","ed_cta_demo_text":"","ed_cta_demo_hidden":"","why_caption":"","why_editor_title":"","why_editor_text":"","why_team_title":"","why_team_text":"","why_service_title":"","why_service_text":"","template_catalog_visible":"","template_catalog_title":"","template_catalog_text":"","template_catalog_categories_visible":"","demo_title":"Crie seu complemento do reprodutor de \u00e1udio","demo_caption":"Configure seu reprodutor de \u00e1udio e adicione-o gratuitamente ao seu site PrestaShop!","default_faq_hidden":"","app_template_category":[],"platform":"5343","template_public_id":"","codecanyon_url":"","codecanyon_item_id":"","codecanyon_price":"","pricing_caption":"","pricing_elfsight_apps_hide_column":"","pricing_elfsight_apps_url":"","pricing_codecanyon_price_caption":"","integration_category":[],"integration_request_title":"","integration_request_cta":"","integration_platform":"","integrations":[],"platform_category":[],"video_schema_markup":"","price":"a partir de US$ 0\/m\u00eas","trial":"","benefits":[{"text":"Assist\u00eancia de instala\u00e7\u00e3o gratuita"},{"text":"Suporte excepcional"},{"text":"Garantia de devolu\u00e7\u00e3o do dinheiro em 14 dias"},{"text":"Melhorias gratuitas vital\u00edcias"}],"button_url":"#demo","button_target_blank":"","button_nofollow":"","attributes":[{"name":"Instala\u00e7\u00f5es","content":"100,000 - 500,000"},{"name":"Responsivo","content":"Sim"},{"name":"Navegadores compat\u00edveis","content":"Firefox, Safari, Opera, Chrome, Edge"}],"tags":[],"tags_disable_links":"","hide_more_platforms":"","video_object":"","demo_hide_cta":"","demo_hide_cloud_options":"","pricing_title":"","pricing":[{"pricing_icon":"platform","pricing_title":"Elfsight Apps","pricing_title_caption":"Software multiplataforma que funciona em qualquer site","pricing_price":"a partir de US$ 0\/m\u00eas","pricing_price_caption":"comece com um plano gratuito","pricing_benefits":[{"text":"Sites ilimitados"},{"text":"Suporte gratuito \u00e0 empresa"},{"text":"Suporte gratuito \u00e0 empresa"},{"text":"Totalmente personaliz\u00e1vel"}],"pricing_button_text":"Adicionar ao site","pricing_button_url":"#demo"}],"related_apps_title":"","related_apps_hidden":"","author":"","image":[],"title":"","job":"","social_networks":[]},"_links":{"self":[{"href":"https:\/\/elfsight.com\/pt\/wp-json\/wp\/v2\/pages\/5722","targetHints":{"allow":["GET"]}}],"collection":[{"href":"https:\/\/elfsight.com\/pt\/wp-json\/wp\/v2\/pages"}],"about":[{"href":"https:\/\/elfsight.com\/pt\/wp-json\/wp\/v2\/types\/page"}],"author":[{"embeddable":true,"href":"https:\/\/elfsight.com\/pt\/wp-json\/wp\/v2\/users\/9"}],"replies":[{"embeddable":true,"href":"https:\/\/elfsight.com\/pt\/wp-json\/wp\/v2\/comments?post=5722"}],"version-history":[{"count":1,"href":"https:\/\/elfsight.com\/pt\/wp-json\/wp\/v2\/pages\/5722\/revisions"}],"predecessor-version":[{"id":5726,"href":"https:\/\/elfsight.com\/pt\/wp-json\/wp\/v2\/pages\/5722\/revisions\/5726"}],"up":[{"embeddable":true,"href":"https:\/\/elfsight.com\/pt\/wp-json\/wp\/v2\/pages\/1079"}],"wp:attachment":[{"href":"https:\/\/elfsight.com\/pt\/wp-json\/wp\/v2\/media?parent=5722"}],"curies":[{"name":"wp","href":"https:\/\/api.w.org\/{rel}","templated":true}]}}