{"id":5714,"date":"2024-05-03T06:28:18","date_gmt":"2024-05-03T06:28:18","guid":{"rendered":"https:\/\/elfsight.com\/pt\/?page_id=5714"},"modified":"2024-11-13T11:43:26","modified_gmt":"2024-11-13T11:43:26","slug":"bigcommerce","status":"publish","type":"page","link":"https:\/\/elfsight.com\/pt\/apple-app-store-reviews-widget\/bigcommerce\/","title":{"rendered":"Apple App Store Reviews &#8211; BigCommerce"},"content":{"rendered":"<div class=\"application-platform-content-item-description application-platform-content-item\" id=\"description\" data-nav-section=\"description\"><h2>Descri\u00e7\u00e3o<\/h2> <p>Elfsight Apple Store Reviews \u00e9 um widget \u00fatil que lhe d\u00e1 a possibilidade de exibir coment\u00e1rios sobre seus produtos diretamente seu site. Por meio do widget Elfsight, voc\u00ea poder\u00e1 aplicar filtros para ocultar as avalia\u00e7\u00f5es negativas, demonstrar sua classifica\u00e7\u00e3o por estrelas e n\u00famero, mostrar informa\u00e7\u00f5es detalhadas sobre os autores das avalia\u00e7\u00f5es e adicionar um bot\u00e3o de call to action que est\u00e1 dispon\u00edvel para direcionar usu\u00e1rios deixem seu coment\u00e1rio. O widget Elfsight Apple Reviews ir\u00e1 ajud\u00e1-lo a demonstrar sua alta prova social no site e atrair novas vendas. <\/p><p><b>Desenvolver vendas demonstrando sua excelente classifica\u00e7\u00e3o e gratid\u00e3o do cliente<\/b><\/p><\/div> <div class=\"application-platform-content-item-features application-platform-content-item\" id=\"features\" data-nav-section=\"features\"><h2>Recursos<\/h2> <p> Veja todas as fun\u00e7\u00f5es do produto. Voc\u00ea pode ajust\u00e1-los diretamente no editor e eles o ajudar\u00e3o a construir o widget especialmente para o seu caso de uso. <\/p> <ul> <li>Configura\u00e7\u00e3o da velocidade do slide e da reprodu\u00e7\u00e3o autom\u00e1tica; <\/li> <li>Selecionando o tipo de pagina\u00e7\u00e3o no layout do Slider; <\/li> <li>Largura e altura flex\u00edveis do widget; <\/li> <li>Uma op\u00e7\u00e3o para ativar\/desativar o cabe\u00e7alho do widget; <\/li> <\/ul> <p><a href=\"#demo\">Veja como todos os recursos funcionam em nossa demonstra\u00e7\u00e3o<\/a><\/p> <\/div> <div class=\"application-platform-content-item-installation application-platform-content-item\" id=\"installation\" data-nav-section=\"installation\"> <h2>Como adiciono avalia\u00e7\u00f5es da Apple Store ao BigCommerce? <\/h2> <p>Basta seguir v\u00e1rias etapas apresentadas abaixo para come\u00e7ar a trabalhar com o widget no BigCommerce.<\/p> <ol><li><b>Execute nosso editor gratuito e comece a construir seu aplicativo personalizado. <\/b><br> Determine o layout e a funcionalidade adequados da ferramenta e salve as modifica\u00e7\u00f5es. <\/li> <li><b>Receba seu c\u00f3digo exclusivo aparecendo na janela dos aplicativos Elfsight. <\/b><br> Ap\u00f3s a personaliza\u00e7\u00e3o do seu widget pessoal de avalia\u00e7\u00f5es da Apple App Store, copie o c\u00f3digo pessoal na caixa exibida e guarde-o para ocasi\u00f5es posteriores. <\/li> <li><b>Entre usando o widget no site BigCommerce. <\/b><br> Coloque o c\u00f3digo que voc\u00ea salvou anteriormente em seu site e aplique as modifica\u00e7\u00f5es. <\/li> <li><b>A instala\u00e7\u00e3o est\u00e1 totalmente conclu\u00edda. <\/b><br> Acesse seu site para ver como o widget est\u00e1 funcionando. <\/li><\/ol><p>N\u00e3o hesite em contactar o servi\u00e7o de apoio ao cliente da Elfsight se precisar de conselhos ou tiver algo a perguntar. Nossos especialistas ajudar\u00e3o em cada solicita\u00e7\u00e3o. <\/p> <\/div>","protected":false},"excerpt":{"rendered":"","protected":false},"author":9,"featured_media":0,"parent":1603,"menu_order":0,"comment_status":"closed","ping_status":"closed","template":"templates\/template-application-platform.php","meta":{"publish_to_discourse":"","publish_post_category":"","wpdc_auto_publish_overridden":"","wpdc_topic_tags":"","wpdc_pin_topic":"","wpdc_pin_until":"","discourse_post_id":"","discourse_permalink":"","wpdc_publishing_response":"","wpdc_publishing_error":"","footnotes":""},"class_list":["post-5714","page","type-page","status-publish","hentry"],"yoast_head":"<!-- This site is optimized with the Yoast SEO plugin v25.3.1 - https:\/\/yoast.com\/wordpress\/plugins\/seo\/ -->\n<title>Incorpore avalia\u00e7\u00f5es da Apple em seu site BigCommerce (f\u00e1cil e r\u00e1pido)<\/title>\n<meta name=\"description\" content=\"\u00c9 um processo f\u00e1cil criar seu pr\u00f3prio widget Apple Reviews e public\u00e1-lo em seu site BigCommerce. O atendimento ao cliente da Elfsight \u00e9 gratuito.\" \/>\n<meta name=\"robots\" content=\"index, follow, max-snippet:-1, max-image-preview:large, max-video-preview:-1\" \/>\n<link rel=\"canonical\" href=\"https:\/\/elfsight.com\/pt\/apple-app-store-reviews-widget\/bigcommerce\/\" \/>\n<meta property=\"og:locale\" content=\"pt_PT\" \/>\n<meta property=\"og:type\" content=\"article\" \/>\n<meta property=\"og:title\" content=\"Incorpore avalia\u00e7\u00f5es da Apple em seu site BigCommerce (f\u00e1cil e r\u00e1pido)\" \/>\n<meta property=\"og:description\" content=\"\u00c9 um processo f\u00e1cil criar seu pr\u00f3prio widget Apple Reviews e public\u00e1-lo em seu site BigCommerce. O atendimento ao cliente da Elfsight \u00e9 gratuito.\" \/>\n<meta property=\"og:url\" content=\"https:\/\/elfsight.com\/pt\/apple-app-store-reviews-widget\/bigcommerce\/\" \/>\n<meta property=\"og:site_name\" content=\"Elfsight PT\" \/>\n<meta property=\"article:modified_time\" content=\"2024-11-13T11:43:26+00:00\" \/>\n<meta name=\"twitter:card\" content=\"summary_large_image\" \/>\n<meta name=\"twitter:label1\" content=\"Tempo estimado de leitura\" \/>\n\t<meta name=\"twitter:data1\" content=\"2 minutos\" \/>\n<!-- \/ Yoast SEO plugin. -->","yoast_head_json":{"title":"Incorpore avalia\u00e7\u00f5es da Apple em seu site BigCommerce (f\u00e1cil e r\u00e1pido)","description":"\u00c9 um processo f\u00e1cil criar seu pr\u00f3prio widget Apple Reviews e public\u00e1-lo em seu site BigCommerce. O atendimento ao cliente da Elfsight \u00e9 gratuito.","robots":{"index":"index","follow":"follow","max-snippet":"max-snippet:-1","max-image-preview":"max-image-preview:large","max-video-preview":"max-video-preview:-1"},"canonical":"https:\/\/elfsight.com\/pt\/apple-app-store-reviews-widget\/bigcommerce\/","og_locale":"pt_PT","og_type":"article","og_title":"Incorpore avalia\u00e7\u00f5es da Apple em seu site BigCommerce (f\u00e1cil e r\u00e1pido)","og_description":"\u00c9 um processo f\u00e1cil criar seu pr\u00f3prio widget Apple Reviews e public\u00e1-lo em seu site BigCommerce. O atendimento ao cliente da Elfsight \u00e9 gratuito.","og_url":"https:\/\/elfsight.com\/pt\/apple-app-store-reviews-widget\/bigcommerce\/","og_site_name":"Elfsight PT","article_modified_time":"2024-11-13T11:43:26+00:00","twitter_card":"summary_large_image","twitter_misc":{"Tempo estimado de leitura":"2 minutos"},"schema":{"@context":"https:\/\/schema.org","@graph":[{"@type":"WebPage","@id":"https:\/\/elfsight.com\/pt\/apple-app-store-reviews-widget\/bigcommerce\/","url":"https:\/\/elfsight.com\/pt\/apple-app-store-reviews-widget\/bigcommerce\/","name":"Incorpore avalia\u00e7\u00f5es da Apple em seu site BigCommerce (f\u00e1cil e r\u00e1pido)","isPartOf":{"@id":"https:\/\/elfsight.com\/pt\/#website"},"datePublished":"2024-05-03T06:28:18+00:00","dateModified":"2024-11-13T11:43:26+00:00","description":"\u00c9 um processo f\u00e1cil criar seu pr\u00f3prio widget Apple Reviews e public\u00e1-lo em seu site BigCommerce. O atendimento ao cliente da Elfsight \u00e9 gratuito.","breadcrumb":{"@id":"https:\/\/elfsight.com\/pt\/apple-app-store-reviews-widget\/bigcommerce\/#breadcrumb"},"inLanguage":"pt-PT","potentialAction":[{"@type":"ReadAction","target":["https:\/\/elfsight.com\/pt\/apple-app-store-reviews-widget\/bigcommerce\/"]}]},{"@type":"BreadcrumbList","@id":"https:\/\/elfsight.com\/pt\/apple-app-store-reviews-widget\/bigcommerce\/#breadcrumb","itemListElement":[{"@type":"ListItem","position":1,"name":"Home","item":"https:\/\/elfsight.com\/pt\/"},{"@type":"ListItem","position":2,"name":"Apple App Store Reviews","item":"https:\/\/elfsight.com\/pt\/apple-app-store-reviews-widget\/"},{"@type":"ListItem","position":3,"name":"Apple App Store Reviews &#8211; BigCommerce"}]},{"@type":"WebSite","@id":"https:\/\/elfsight.com\/pt\/#website","url":"https:\/\/elfsight.com\/pt\/","name":"Elfsight PT","description":"Just another Elfsight Sites site","potentialAction":[{"@type":"SearchAction","target":{"@type":"EntryPoint","urlTemplate":"https:\/\/elfsight.com\/pt\/?s={search_term_string}"},"query-input":{"@type":"PropertyValueSpecification","valueRequired":true,"valueName":"search_term_string"}}],"inLanguage":"pt-PT"}]}},"meta_box":{"industry":"","seo_heading":"","heading":"","description":"","cta_heading":"","cta_description":"","application":"1602","h1":"Avalia\u00e7\u00f5es da Apple App Store do BigCommerce","h1_caption":"Aprofunde a confian\u00e7a mostrando coment\u00e1rios verdadeiros de visitantes com informa\u00e7\u00f5es do autor","application_category":[],"applications_title":"","applications_request_title":"","applications_request_button_text":"","hero_text":"","hero_video":"","hero_video_schema_markup":"","selling_points_title":"","selling_points_caption":"","selling_points":[],"selling_points_cta_text":"","features_title":"","features":"","ed_cta_examples_text":"","ed_cta_examples_hidden":"","ed_cta_demo_text":"","ed_cta_demo_hidden":"","why_caption":"","why_editor_title":"","why_editor_text":"","why_team_title":"","why_team_text":"","why_service_title":"","why_service_text":"","template_catalog_visible":"","template_catalog_title":"","template_catalog_text":"","template_catalog_categories_visible":"","demo_title":"Crie seu aplicativo Apple App Store Reviews","demo_caption":"Configure suas avalia\u00e7\u00f5es da Apple App Store e adicione-as ao seu site BigCommerce gratuitamente!","default_faq_hidden":"","app_template_category":[],"platform":"43","template_public_id":"","codecanyon_url":"","codecanyon_item_id":"","codecanyon_price":"","pricing_caption":"","pricing_elfsight_apps_hide_column":"","pricing_elfsight_apps_url":"","pricing_codecanyon_price_caption":"","integration_category":[],"integration_request_title":"","integration_request_cta":"","integration_platform":"","integrations":[],"platform_category":[],"video_schema_markup":"","price":"a partir de US$ 0\/m\u00eas","trial":"","benefits":[{"text":"Assist\u00eancia de instala\u00e7\u00e3o gratuita"},{"text":"Atendimento ao cliente eficaz"},{"text":"Garantia de devolu\u00e7\u00e3o do dinheiro em 14 dias"},{"text":"Melhorias gratuitas regulares"}],"button_url":"#demo","button_target_blank":"","button_nofollow":"","attributes":[{"name":"Instala\u00e7\u00f5es","content":"10,000 - 100,000"},{"name":"Responsivo","content":"Sim"},{"name":"Navegadores compat\u00edveis","content":"Firefox, Safari, Opera, Chrome, Edge"}],"tags":[],"tags_disable_links":"","hide_more_platforms":"","video_object":"","demo_hide_cta":"","demo_hide_cloud_options":"","pricing_title":"","pricing":[{"pricing_icon":"platform","pricing_title":"Elfsight Apps","pricing_title_caption":"Software multiplataforma adequado para qualquer site","pricing_price":"a partir de US$ 0\/m\u00eas","pricing_price_caption":"comece com um plano gratuito","pricing_benefits":[{"text":"Sites ilimitados"},{"text":"Suporte 24 horas por dia, 7 dias por semana, pontual e bem documentado"},{"text":"Suporte 24 horas por dia, 7 dias por semana, pontual e bem documentado"},{"text":"Totalmente personaliz\u00e1vel"}],"pricing_button_text":"Adicionar ao site","pricing_button_url":"#demo"}],"related_apps_title":"","related_apps_hidden":"","author":"","image":[],"title":"","job":"","social_networks":[]},"_links":{"self":[{"href":"https:\/\/elfsight.com\/pt\/wp-json\/wp\/v2\/pages\/5714","targetHints":{"allow":["GET"]}}],"collection":[{"href":"https:\/\/elfsight.com\/pt\/wp-json\/wp\/v2\/pages"}],"about":[{"href":"https:\/\/elfsight.com\/pt\/wp-json\/wp\/v2\/types\/page"}],"author":[{"embeddable":true,"href":"https:\/\/elfsight.com\/pt\/wp-json\/wp\/v2\/users\/9"}],"replies":[{"embeddable":true,"href":"https:\/\/elfsight.com\/pt\/wp-json\/wp\/v2\/comments?post=5714"}],"version-history":[{"count":1,"href":"https:\/\/elfsight.com\/pt\/wp-json\/wp\/v2\/pages\/5714\/revisions"}],"predecessor-version":[{"id":5718,"href":"https:\/\/elfsight.com\/pt\/wp-json\/wp\/v2\/pages\/5714\/revisions\/5718"}],"up":[{"embeddable":true,"href":"https:\/\/elfsight.com\/pt\/wp-json\/wp\/v2\/pages\/1603"}],"wp:attachment":[{"href":"https:\/\/elfsight.com\/pt\/wp-json\/wp\/v2\/media?parent=5714"}],"curies":[{"name":"wp","href":"https:\/\/api.w.org\/{rel}","templated":true}]}}