{"id":5713,"date":"2024-05-03T06:28:17","date_gmt":"2024-05-03T06:28:17","guid":{"rendered":"https:\/\/elfsight.com\/pt\/?page_id=5713"},"modified":"2024-11-13T11:43:17","modified_gmt":"2024-11-13T11:43:17","slug":"drupal","status":"publish","type":"page","link":"https:\/\/elfsight.com\/pt\/apple-app-store-reviews-widget\/drupal\/","title":{"rendered":"Apple App Store Reviews &#8211; Drupal"},"content":{"rendered":"<div class=\"application-platform-content-item-description application-platform-content-item\" id=\"description\" data-nav-section=\"description\"><h2>Descri\u00e7\u00e3o<\/h2> <p>Elfsight Apple Store Reviews \u00e9 uma ferramenta \u00fatil usada para exibir as avalia\u00e7\u00f5es sobre suas ofertas diretamente na sua p\u00e1gina da web . Usando nosso widget, voc\u00ea conseguir\u00e1 usar filtros para ocultar coment\u00e1rios indesejados, exibir sua classifica\u00e7\u00e3o por estrelas e n\u00famero, adicionar informa\u00e7\u00f5es sobre os autores dos coment\u00e1rios e adicionar uma frase de chamariz que levar\u00e1 os usu\u00e1rios a deixar seus coment\u00e1rios. O widget Elfsight Apple Reviews ir\u00e1 ajud\u00e1-lo a demonstrar sua excelente prova social no site e obter novas vendas. <\/p><p><b>Aumente as vendas revelando sua alta classifica\u00e7\u00e3o e a aprecia\u00e7\u00e3o dos usu\u00e1rios<\/b><\/p><\/div> <div class=\"application-platform-content-item-features application-platform-content-item\" id=\"features\" data-nav-section=\"features\"><h2>Recursos<\/h2> <p>Verifique todas as caracter\u00edsticas do produto. Eles est\u00e3o dispon\u00edveis diretamente no editor e ir\u00e3o ajud\u00e1-lo a moldar o widget adequado ao seu caso. <\/p> <ul> <li>Escolher a velocidade do slide e a velocidade de reprodu\u00e7\u00e3o autom\u00e1tica; <\/li> <li>Escolha do tipo de pagina\u00e7\u00e3o no layout do Slider; <\/li> <li>Largura e altura flex\u00edveis do widget; <\/li> <li>Uma op\u00e7\u00e3o para ativar\/desativar o cabe\u00e7alho do widget; <\/li> <\/ul> <p><a href=\"#demo\">Veja como todos os recursos funcionam em nossa demonstra\u00e7\u00e3o<\/a><\/p> <\/div> <div class=\"application-platform-content-item-installation application-platform-content-item\" id=\"installation\" data-nav-section=\"installation\"> <h2>Como adicionar avalia\u00e7\u00f5es da Apple Store ao meu site Drupal? <\/h2> <p>Para ativar o m\u00f3dulo, basta seguir v\u00e1rios passos r\u00e1pidos. <\/p> <ol><li><b>Utilize nosso configurador gratuito e comece a moldar seu m\u00f3dulo personalizado. <\/b><br> Escolha o layout e aspectos preferidos do m\u00f3dulo e salve todas as modifica\u00e7\u00f5es. <\/li> <li><b>Adquira o seu c\u00f3digo exclusivo revelado na janela dos aplicativos Elfsight. <\/b><br> Assim que a cria\u00e7\u00e3o do seu m\u00f3dulo for conclu\u00edda, copie o c\u00f3digo individual da caixa exibida e guarde-o para uso futuro. <\/li> <li><b>Comece a usar o m\u00f3dulo no site Drupal. <\/b><br> Implemente o c\u00f3digo copiado recentemente em seu site e salve as edi\u00e7\u00f5es. <\/li> <li><b>A instala\u00e7\u00e3o est\u00e1 totalmente conclu\u00edda. <\/b><br> Abra seu site para inspecionar o funcionamento do m\u00f3dulo. <\/li><\/ol><p>Reserve um minuto para se comunicar com nosso suporte ao cliente caso precise de assist\u00eancia ou tenha problemas. Nossos especialistas ter\u00e3o prazer em ajudar com todas as d\u00favidas. <\/p> <\/div><p><\/p>","protected":false},"excerpt":{"rendered":"","protected":false},"author":9,"featured_media":0,"parent":1603,"menu_order":0,"comment_status":"closed","ping_status":"closed","template":"templates\/template-application-platform.php","meta":{"publish_to_discourse":"","publish_post_category":"","wpdc_auto_publish_overridden":"","wpdc_topic_tags":"","wpdc_pin_topic":"","wpdc_pin_until":"","discourse_post_id":"","discourse_permalink":"","wpdc_publishing_response":"","wpdc_publishing_error":"","footnotes":""},"class_list":["post-5713","page","type-page","status-publish","hentry"],"yoast_head":"<!-- This site is optimized with the Yoast SEO plugin v25.3.1 - https:\/\/yoast.com\/wordpress\/plugins\/seo\/ -->\n<title>Incorpore avalia\u00e7\u00f5es da Apple em seu site Drupal (f\u00e1cil e r\u00e1pido)<\/title>\n<meta name=\"description\" content=\"\u00c9 um processo f\u00e1cil criar seu pr\u00f3prio widget Apple Reviews e public\u00e1-lo em seu site Drupal. O atendimento ao cliente da Elfsight \u00e9 gratuito.\" \/>\n<meta name=\"robots\" content=\"index, follow, max-snippet:-1, max-image-preview:large, max-video-preview:-1\" \/>\n<link rel=\"canonical\" href=\"https:\/\/elfsight.com\/pt\/apple-app-store-reviews-widget\/drupal\/\" \/>\n<meta property=\"og:locale\" content=\"pt_PT\" \/>\n<meta property=\"og:type\" content=\"article\" \/>\n<meta property=\"og:title\" content=\"Incorpore avalia\u00e7\u00f5es da Apple em seu site Drupal (f\u00e1cil e r\u00e1pido)\" \/>\n<meta property=\"og:description\" content=\"\u00c9 um processo f\u00e1cil criar seu pr\u00f3prio widget Apple Reviews e public\u00e1-lo em seu site Drupal. O atendimento ao cliente da Elfsight \u00e9 gratuito.\" \/>\n<meta property=\"og:url\" content=\"https:\/\/elfsight.com\/pt\/apple-app-store-reviews-widget\/drupal\/\" \/>\n<meta property=\"og:site_name\" content=\"Elfsight PT\" \/>\n<meta property=\"article:modified_time\" content=\"2024-11-13T11:43:17+00:00\" \/>\n<meta name=\"twitter:card\" content=\"summary_large_image\" \/>\n<meta name=\"twitter:label1\" content=\"Tempo estimado de leitura\" \/>\n\t<meta name=\"twitter:data1\" content=\"2 minutos\" \/>\n<!-- \/ Yoast SEO plugin. -->","yoast_head_json":{"title":"Incorpore avalia\u00e7\u00f5es da Apple em seu site Drupal (f\u00e1cil e r\u00e1pido)","description":"\u00c9 um processo f\u00e1cil criar seu pr\u00f3prio widget Apple Reviews e public\u00e1-lo em seu site Drupal. O atendimento ao cliente da Elfsight \u00e9 gratuito.","robots":{"index":"index","follow":"follow","max-snippet":"max-snippet:-1","max-image-preview":"max-image-preview:large","max-video-preview":"max-video-preview:-1"},"canonical":"https:\/\/elfsight.com\/pt\/apple-app-store-reviews-widget\/drupal\/","og_locale":"pt_PT","og_type":"article","og_title":"Incorpore avalia\u00e7\u00f5es da Apple em seu site Drupal (f\u00e1cil e r\u00e1pido)","og_description":"\u00c9 um processo f\u00e1cil criar seu pr\u00f3prio widget Apple Reviews e public\u00e1-lo em seu site Drupal. O atendimento ao cliente da Elfsight \u00e9 gratuito.","og_url":"https:\/\/elfsight.com\/pt\/apple-app-store-reviews-widget\/drupal\/","og_site_name":"Elfsight PT","article_modified_time":"2024-11-13T11:43:17+00:00","twitter_card":"summary_large_image","twitter_misc":{"Tempo estimado de leitura":"2 minutos"},"schema":{"@context":"https:\/\/schema.org","@graph":[{"@type":"WebPage","@id":"https:\/\/elfsight.com\/pt\/apple-app-store-reviews-widget\/drupal\/","url":"https:\/\/elfsight.com\/pt\/apple-app-store-reviews-widget\/drupal\/","name":"Incorpore avalia\u00e7\u00f5es da Apple em seu site Drupal (f\u00e1cil e r\u00e1pido)","isPartOf":{"@id":"https:\/\/elfsight.com\/pt\/#website"},"datePublished":"2024-05-03T06:28:17+00:00","dateModified":"2024-11-13T11:43:17+00:00","description":"\u00c9 um processo f\u00e1cil criar seu pr\u00f3prio widget Apple Reviews e public\u00e1-lo em seu site Drupal. O atendimento ao cliente da Elfsight \u00e9 gratuito.","breadcrumb":{"@id":"https:\/\/elfsight.com\/pt\/apple-app-store-reviews-widget\/drupal\/#breadcrumb"},"inLanguage":"pt-PT","potentialAction":[{"@type":"ReadAction","target":["https:\/\/elfsight.com\/pt\/apple-app-store-reviews-widget\/drupal\/"]}]},{"@type":"BreadcrumbList","@id":"https:\/\/elfsight.com\/pt\/apple-app-store-reviews-widget\/drupal\/#breadcrumb","itemListElement":[{"@type":"ListItem","position":1,"name":"Home","item":"https:\/\/elfsight.com\/pt\/"},{"@type":"ListItem","position":2,"name":"Apple App Store Reviews","item":"https:\/\/elfsight.com\/pt\/apple-app-store-reviews-widget\/"},{"@type":"ListItem","position":3,"name":"Apple App Store Reviews &#8211; Drupal"}]},{"@type":"WebSite","@id":"https:\/\/elfsight.com\/pt\/#website","url":"https:\/\/elfsight.com\/pt\/","name":"Elfsight PT","description":"Just another Elfsight Sites site","potentialAction":[{"@type":"SearchAction","target":{"@type":"EntryPoint","urlTemplate":"https:\/\/elfsight.com\/pt\/?s={search_term_string}"},"query-input":{"@type":"PropertyValueSpecification","valueRequired":true,"valueName":"search_term_string"}}],"inLanguage":"pt-PT"}]}},"meta_box":{"industry":"","seo_heading":"","heading":"","description":"","cta_heading":"","cta_description":"","application":"1602","h1":"M\u00f3dulo de avalia\u00e7\u00f5es da Drupal Apple App Store","h1_caption":"Fortale\u00e7a a confian\u00e7a revelando coment\u00e1rios de usu\u00e1rios reais com informa\u00e7\u00f5es do autor","application_category":[],"applications_title":"","applications_request_title":"","applications_request_button_text":"","hero_text":"","hero_video":"","hero_video_schema_markup":"","selling_points_title":"","selling_points_caption":"","selling_points":[],"selling_points_cta_text":"","features_title":"","features":"","ed_cta_examples_text":"","ed_cta_examples_hidden":"","ed_cta_demo_text":"","ed_cta_demo_hidden":"","why_caption":"","why_editor_title":"","why_editor_text":"","why_team_title":"","why_team_text":"","why_service_title":"","why_service_text":"","template_catalog_visible":"","template_catalog_title":"","template_catalog_text":"","template_catalog_categories_visible":"","demo_title":"Crie seu m\u00f3dulo de avalia\u00e7\u00f5es da Apple App Store","demo_caption":"Configure suas avalia\u00e7\u00f5es da Apple App Store e adicione-as ao seu site Drupal gratuitamente!","default_faq_hidden":"","app_template_category":[],"platform":"4905","template_public_id":"","codecanyon_url":"","codecanyon_item_id":"","codecanyon_price":"","pricing_caption":"","pricing_elfsight_apps_hide_column":"","pricing_elfsight_apps_url":"","pricing_codecanyon_price_caption":"","integration_category":[],"integration_request_title":"","integration_request_cta":"","integration_platform":"","integrations":[],"platform_category":[],"video_schema_markup":"","price":"a partir de US$ 0\/m\u00eas","trial":"","benefits":[{"text":"Ajuda de instala\u00e7\u00e3o gratuita"},{"text":"Suporte premium"},{"text":"Garantia de devolu\u00e7\u00e3o do dinheiro em 14 dias"},{"text":"Atualizando constantemente"}],"button_url":"#demo","button_target_blank":"","button_nofollow":"","attributes":[{"name":"Instala\u00e7\u00f5es","content":"10,000 - 100,000"},{"name":"Responsivo","content":"Sim"},{"name":"Navegadores compat\u00edveis","content":"Firefox, Safari, Opera, Chrome, Edge"}],"tags":[],"tags_disable_links":"","hide_more_platforms":"","video_object":"","demo_hide_cta":"","demo_hide_cloud_options":"","pricing_title":"","pricing":[{"pricing_icon":"platform","pricing_title":"Elfsight Apps","pricing_title_caption":"Solu\u00e7\u00e3o multiplataforma","pricing_price":"a partir de US$ 0\/m\u00eas","pricing_price_caption":"comece com plano gratuito","pricing_benefits":[{"text":"Sites ilimitados"},{"text":"Suporte gratuito, pontual e bem documentado"},{"text":"Suporte gratuito, pontual e bem documentado"},{"text":"Oferta especial para v\u00e1rios aplicativos"}],"pricing_button_text":"Adicionar ao site","pricing_button_url":"#demo"}],"related_apps_title":"","related_apps_hidden":"","author":"","image":[],"title":"","job":"","social_networks":[]},"_links":{"self":[{"href":"https:\/\/elfsight.com\/pt\/wp-json\/wp\/v2\/pages\/5713","targetHints":{"allow":["GET"]}}],"collection":[{"href":"https:\/\/elfsight.com\/pt\/wp-json\/wp\/v2\/pages"}],"about":[{"href":"https:\/\/elfsight.com\/pt\/wp-json\/wp\/v2\/types\/page"}],"author":[{"embeddable":true,"href":"https:\/\/elfsight.com\/pt\/wp-json\/wp\/v2\/users\/9"}],"replies":[{"embeddable":true,"href":"https:\/\/elfsight.com\/pt\/wp-json\/wp\/v2\/comments?post=5713"}],"version-history":[{"count":1,"href":"https:\/\/elfsight.com\/pt\/wp-json\/wp\/v2\/pages\/5713\/revisions"}],"predecessor-version":[{"id":5717,"href":"https:\/\/elfsight.com\/pt\/wp-json\/wp\/v2\/pages\/5713\/revisions\/5717"}],"up":[{"embeddable":true,"href":"https:\/\/elfsight.com\/pt\/wp-json\/wp\/v2\/pages\/1603"}],"wp:attachment":[{"href":"https:\/\/elfsight.com\/pt\/wp-json\/wp\/v2\/media?parent=5713"}],"curies":[{"name":"wp","href":"https:\/\/api.w.org\/{rel}","templated":true}]}}