{"id":5712,"date":"2024-05-03T06:28:16","date_gmt":"2024-05-03T06:28:16","guid":{"rendered":"https:\/\/elfsight.com\/pt\/?page_id=5712"},"modified":"2024-06-25T09:47:48","modified_gmt":"2024-06-25T09:47:48","slug":"facebook","status":"publish","type":"page","link":"https:\/\/elfsight.com\/pt\/apple-app-store-reviews-widget\/facebook\/","title":{"rendered":"Apple App Store Reviews &#8211; Facebook"},"content":{"rendered":"<div class=\"application-platform-content-item-description application-platform-content-item\" id=\"description\" data-nav-section=\"description\"><h2>Descri\u00e7\u00e3o<\/h2> <p>Elfsight Apple Store Reviews \u00e9 um widget \u00fatil que lhe d\u00e1 a possibilidade de exibir coment\u00e1rios sobre suas ofertas diretamente seu site. Nosso widget, voc\u00ea conseguir\u00e1 usar filtros para ocultar as avalia\u00e7\u00f5es negativas, revelar sua classifica\u00e7\u00e3o por estrelas e n\u00fameros, revelar informa\u00e7\u00f5es detalhadas sobre os criadores das avalia\u00e7\u00f5es e adicionar um bot\u00e3o de call to action que inspirar\u00e1 os usu\u00e1rios a postar seus coment\u00e1rios. O widget Elfsight Apple Reviews ir\u00e1 ajud\u00e1-lo a exibir sua alta prova social em seu site e come\u00e7ar a fazer mais novas compras. <\/p><p><b>Vendas antecipadas com \u00f3tima classifica\u00e7\u00e3o e reconhecimento do cliente<\/b><\/p><\/div> <div class=\"application-platform-content-item-features application-platform-content-item\" id=\"features\" data-nav-section=\"features\"><h2>Recursos<\/h2> <p>Verificar uma lista de todas as caracter\u00edsticas funcionais do produto. Eles est\u00e3o dispon\u00edveis diretamente no editor e ir\u00e3o ajud\u00e1-lo a criar o widget exatamente para suas necessidades. <\/p> <ul> <li>Uma op\u00e7\u00e3o para definir a velocidade do slide e a velocidade de reprodu\u00e7\u00e3o autom\u00e1tica; <\/li> <li>Escolha do tipo de pagina\u00e7\u00e3o no layout do Slider; <\/li> <li>Largura e altura ajust\u00e1veis \u200b\u200bdo widget; <\/li> <li>Cabe\u00e7alho altern\u00e1vel da ferramenta; <\/li> <\/ul> <p><a href=\"#demo\">Veja como todos os recursos funcionam em nossa demonstra\u00e7\u00e3o<\/a><\/p> <\/div> <div class=\"application-platform-content-item-installation application-platform-content-item\" id=\"installation\" data-nav-section=\"installation\"> <h2>Como posso adicionar avalia\u00e7\u00f5es da Apple Store ao Facebook? <\/h2> <p>Para integrar o widget, siga as orienta\u00e7\u00f5es abaixo. <\/p> <ul> <li><b>Crie seu plugin Apple exclusivo<\/b><br> Usando nosso editor gratuito, obtenha um plugin com layout selecionado e caracter\u00edsticas funcionais. <\/li> <li><b>Copie o c\u00f3digo individual para instalar o plugin<\/b><br> Logo depois de configurar o seu widget, voc\u00ea obter\u00e1 o c\u00f3digo de instala\u00e7\u00e3o na janela pop-up dos aplicativos Elfsight. Copie o c\u00f3digo. <\/li> <li><b>Incorpore o plugin em seu site do Facebook<\/b><br> Escolha o local onde deseja exibir o plugin e cole o c\u00f3digo salvo l\u00e1. Salve os resultados. <\/li> <li><b>Voc\u00ea executou a instala\u00e7\u00e3o com sucesso<\/b><br> Acesse o site para ver seu plugin. <\/li> <\/ul> <p>N\u00e3o hesite em entrar em contato com nosso servi\u00e7o de suporte caso precise de aconselhamento ou tenha d\u00favidas. Nossos especialistas ter\u00e3o prazer em ajudar com todas as d\u00favidas. <\/p> <\/div>","protected":false},"excerpt":{"rendered":"","protected":false},"author":9,"featured_media":0,"parent":1603,"menu_order":0,"comment_status":"closed","ping_status":"closed","template":"templates\/template-application-platform.php","meta":{"publish_to_discourse":"","publish_post_category":"","wpdc_auto_publish_overridden":"","wpdc_topic_tags":"","wpdc_pin_topic":"","wpdc_pin_until":"","discourse_post_id":"","discourse_permalink":"","wpdc_publishing_response":"","wpdc_publishing_error":"","footnotes":""},"class_list":["post-5712","page","type-page","status-publish","hentry"],"yoast_head":"<!-- This site is optimized with the Yoast SEO plugin v25.3.1 - https:\/\/yoast.com\/wordpress\/plugins\/seo\/ -->\n<title>Incorpore avalia\u00e7\u00f5es da Apple em sua p\u00e1gina do Facebook (f\u00e1cil e r\u00e1pido)<\/title>\n<meta name=\"description\" content=\"\u00c9 um processo f\u00e1cil criar seu pr\u00f3prio widget Apple Revies e public\u00e1-lo em sua p\u00e1gina do Facebook. O atendimento ao cliente da Elfsight \u00e9 gratuito.\" \/>\n<meta name=\"robots\" content=\"index, follow, max-snippet:-1, max-image-preview:large, max-video-preview:-1\" \/>\n<link rel=\"canonical\" href=\"https:\/\/elfsight.com\/pt\/apple-app-store-reviews-widget\/facebook\/\" \/>\n<meta property=\"og:locale\" content=\"pt_PT\" \/>\n<meta property=\"og:type\" content=\"article\" \/>\n<meta property=\"og:title\" content=\"Incorpore avalia\u00e7\u00f5es da Apple em sua p\u00e1gina do Facebook (f\u00e1cil e r\u00e1pido)\" \/>\n<meta property=\"og:description\" content=\"\u00c9 um processo f\u00e1cil criar seu pr\u00f3prio widget Apple Revies e public\u00e1-lo em sua p\u00e1gina do Facebook. O atendimento ao cliente da Elfsight \u00e9 gratuito.\" \/>\n<meta property=\"og:url\" content=\"https:\/\/elfsight.com\/pt\/apple-app-store-reviews-widget\/facebook\/\" \/>\n<meta property=\"og:site_name\" content=\"Elfsight PT\" \/>\n<meta property=\"article:modified_time\" content=\"2024-06-25T09:47:48+00:00\" \/>\n<meta name=\"twitter:card\" content=\"summary_large_image\" \/>\n<meta name=\"twitter:label1\" content=\"Tempo estimado de leitura\" \/>\n\t<meta name=\"twitter:data1\" content=\"2 minutos\" \/>\n<!-- \/ Yoast SEO plugin. -->","yoast_head_json":{"title":"Incorpore avalia\u00e7\u00f5es da Apple em sua p\u00e1gina do Facebook (f\u00e1cil e r\u00e1pido)","description":"\u00c9 um processo f\u00e1cil criar seu pr\u00f3prio widget Apple Revies e public\u00e1-lo em sua p\u00e1gina do Facebook. O atendimento ao cliente da Elfsight \u00e9 gratuito.","robots":{"index":"index","follow":"follow","max-snippet":"max-snippet:-1","max-image-preview":"max-image-preview:large","max-video-preview":"max-video-preview:-1"},"canonical":"https:\/\/elfsight.com\/pt\/apple-app-store-reviews-widget\/facebook\/","og_locale":"pt_PT","og_type":"article","og_title":"Incorpore avalia\u00e7\u00f5es da Apple em sua p\u00e1gina do Facebook (f\u00e1cil e r\u00e1pido)","og_description":"\u00c9 um processo f\u00e1cil criar seu pr\u00f3prio widget Apple Revies e public\u00e1-lo em sua p\u00e1gina do Facebook. O atendimento ao cliente da Elfsight \u00e9 gratuito.","og_url":"https:\/\/elfsight.com\/pt\/apple-app-store-reviews-widget\/facebook\/","og_site_name":"Elfsight PT","article_modified_time":"2024-06-25T09:47:48+00:00","twitter_card":"summary_large_image","twitter_misc":{"Tempo estimado de leitura":"2 minutos"},"schema":{"@context":"https:\/\/schema.org","@graph":[{"@type":"WebPage","@id":"https:\/\/elfsight.com\/pt\/apple-app-store-reviews-widget\/facebook\/","url":"https:\/\/elfsight.com\/pt\/apple-app-store-reviews-widget\/facebook\/","name":"Incorpore avalia\u00e7\u00f5es da Apple em sua p\u00e1gina do Facebook (f\u00e1cil e r\u00e1pido)","isPartOf":{"@id":"https:\/\/elfsight.com\/pt\/#website"},"datePublished":"2024-05-03T06:28:16+00:00","dateModified":"2024-06-25T09:47:48+00:00","description":"\u00c9 um processo f\u00e1cil criar seu pr\u00f3prio widget Apple Revies e public\u00e1-lo em sua p\u00e1gina do Facebook. O atendimento ao cliente da Elfsight \u00e9 gratuito.","breadcrumb":{"@id":"https:\/\/elfsight.com\/pt\/apple-app-store-reviews-widget\/facebook\/#breadcrumb"},"inLanguage":"pt-PT","potentialAction":[{"@type":"ReadAction","target":["https:\/\/elfsight.com\/pt\/apple-app-store-reviews-widget\/facebook\/"]}]},{"@type":"BreadcrumbList","@id":"https:\/\/elfsight.com\/pt\/apple-app-store-reviews-widget\/facebook\/#breadcrumb","itemListElement":[{"@type":"ListItem","position":1,"name":"Home","item":"https:\/\/elfsight.com\/pt\/"},{"@type":"ListItem","position":2,"name":"Apple App Store Reviews","item":"https:\/\/elfsight.com\/pt\/apple-app-store-reviews-widget\/"},{"@type":"ListItem","position":3,"name":"Apple App Store Reviews &#8211; Facebook"}]},{"@type":"WebSite","@id":"https:\/\/elfsight.com\/pt\/#website","url":"https:\/\/elfsight.com\/pt\/","name":"Elfsight PT","description":"Just another Elfsight Sites site","potentialAction":[{"@type":"SearchAction","target":{"@type":"EntryPoint","urlTemplate":"https:\/\/elfsight.com\/pt\/?s={search_term_string}"},"query-input":{"@type":"PropertyValueSpecification","valueRequired":true,"valueName":"search_term_string"}}],"inLanguage":"pt-PT"}]}},"meta_box":{"industry":"","seo_heading":"","heading":"","description":"","cta_heading":"","cta_description":"","application":"1602","h1":"Widget de avalia\u00e7\u00f5es da App Store do Facebook Apple","h1_caption":"Aumente a confian\u00e7a mostrando avalia\u00e7\u00f5es de usu\u00e1rios verdadeiros com informa\u00e7\u00f5es do autor","application_category":[],"applications_title":"","applications_request_title":"","applications_request_button_text":"","hero_text":"","hero_video":"","hero_video_schema_markup":"","selling_points_title":"","selling_points_caption":"","selling_points":[],"selling_points_cta_text":"","features_title":"","features":"","ed_cta_examples_text":"","ed_cta_examples_hidden":"","ed_cta_demo_text":"","ed_cta_demo_hidden":"","why_caption":"","why_editor_title":"","why_editor_text":"","why_team_title":"","why_team_text":"","why_service_title":"","why_service_text":"","template_catalog_visible":"","template_catalog_title":"","template_catalog_text":"","template_catalog_categories_visible":"","demo_title":"Obtenha um produto personalizado em apenas alguns minutos!","demo_caption":"Aproveite a oportunidade de personalizar o widget com alguns cliques e introduzi-lo em seu site logo ap\u00f3s a demonstra\u00e7\u00e3o.","default_faq_hidden":"","app_template_category":[],"platform":"103","template_public_id":"","codecanyon_url":"","codecanyon_item_id":"","codecanyon_price":"","pricing_caption":"","pricing_elfsight_apps_hide_column":"","pricing_elfsight_apps_url":"","pricing_codecanyon_price_caption":"","integration_category":[],"integration_request_title":"","integration_request_cta":"","integration_platform":"","integrations":[],"platform_category":[],"video_schema_markup":"","price":"a partir de US$ 0\/m\u00eas","trial":"","benefits":[{"text":"Assist\u00eancia de instala\u00e7\u00e3o gratuita"},{"text":"Atendimento ao cliente eficaz"},{"text":"Garantia de devolu\u00e7\u00e3o do dinheiro em 14 dias"},{"text":"Atualiza\u00e7\u00f5es gratuitas cont\u00ednuas"}],"button_url":"#demo","button_target_blank":"","button_nofollow":"","attributes":[{"name":"Instala\u00e7\u00f5es","content":"10,000 - 100,000"},{"name":"Responsivo","content":"Sim"},{"name":"Navegadores compat\u00edveis","content":"Firefox, Opera, Chrome, Safari, Edge"}],"tags":[],"tags_disable_links":"","hide_more_platforms":"","video_object":"","demo_hide_cta":"","demo_hide_cloud_options":"","pricing_title":"","pricing":[{"pricing_icon":"platform","pricing_title":"Elfsight Apps","pricing_title_caption":"Solu\u00e7\u00e3o multiplataforma que se adapta a qualquer site","pricing_price":"a partir de US$ 0\/m\u00eas","pricing_price_caption":"comece com plano gratuito","pricing_benefits":[{"text":"Dom\u00ednios ilimitados"},{"text":"Suporte profissional da empresa"},{"text":"Suporte profissional da empresa"},{"text":"100% personaliz\u00e1vel"}],"pricing_button_text":"Adicionar ao site","pricing_button_url":"#demo"}],"related_apps_title":"","related_apps_hidden":"","author":"","image":[],"title":"","job":"","social_networks":[]},"_links":{"self":[{"href":"https:\/\/elfsight.com\/pt\/wp-json\/wp\/v2\/pages\/5712","targetHints":{"allow":["GET"]}}],"collection":[{"href":"https:\/\/elfsight.com\/pt\/wp-json\/wp\/v2\/pages"}],"about":[{"href":"https:\/\/elfsight.com\/pt\/wp-json\/wp\/v2\/types\/page"}],"author":[{"embeddable":true,"href":"https:\/\/elfsight.com\/pt\/wp-json\/wp\/v2\/users\/9"}],"replies":[{"embeddable":true,"href":"https:\/\/elfsight.com\/pt\/wp-json\/wp\/v2\/comments?post=5712"}],"version-history":[{"count":1,"href":"https:\/\/elfsight.com\/pt\/wp-json\/wp\/v2\/pages\/5712\/revisions"}],"predecessor-version":[{"id":5716,"href":"https:\/\/elfsight.com\/pt\/wp-json\/wp\/v2\/pages\/5712\/revisions\/5716"}],"up":[{"embeddable":true,"href":"https:\/\/elfsight.com\/pt\/wp-json\/wp\/v2\/pages\/1603"}],"wp:attachment":[{"href":"https:\/\/elfsight.com\/pt\/wp-json\/wp\/v2\/media?parent=5712"}],"curies":[{"name":"wp","href":"https:\/\/api.w.org\/{rel}","templated":true}]}}