{"id":5711,"date":"2024-05-03T06:28:15","date_gmt":"2024-05-03T06:28:15","guid":{"rendered":"https:\/\/elfsight.com\/pt\/?page_id=5711"},"modified":"2024-11-13T11:43:17","modified_gmt":"2024-11-13T11:43:17","slug":"elementor","status":"publish","type":"page","link":"https:\/\/elfsight.com\/pt\/apple-app-store-reviews-widget\/elementor\/","title":{"rendered":"Apple App Store Reviews &#8211; Elementor"},"content":{"rendered":"<div class=\"application-platform-content-item-description application-platform-content-item\" id=\"description\" data-nav-section=\"description\"><h2>Incorpore avalia\u00e7\u00f5es da Apple App Store no Elementor com o widget Elfsight<\/h2> <p>Elfsight Apple App Store Reviews \u00e9 uma ferramenta \u00fatil usada para mostre os coment\u00e1rios sobre seus produtos diretamente em sua p\u00e1gina da web. Usando a ferramenta Elfsight, voc\u00ea poder\u00e1 aplicar filtros para ocultar coment\u00e1rios indesej\u00e1veis, exibir sua classifica\u00e7\u00e3o por estrelas e n\u00famero, adicionar dados sobre os autores dos coment\u00e1rios e adicionar um CTA que pode motivar os usu\u00e1rios a deixar seu coment\u00e1rio. As avalia\u00e7\u00f5es da Elfsight Apple ajudar\u00e3o a demonstrar sua excelente prova social no site e a obter novas vendas. <\/p><p><b>Aumente as vendas mostrando sua excelente avalia\u00e7\u00e3o e a gratid\u00e3o dos visitantes<\/b><\/p><\/div> <div class=\"application-platform-content-item-features application-platform-content-item\" id=\"features\" data-nav-section=\"features\"><h2>Principais recursos do aplicativo Apple Widget de avalia\u00e7\u00f5es da loja<\/h2> <p>Aqui est\u00e1 uma lista de todas as caracter\u00edsticas funcionais do produto. Eles est\u00e3o dispon\u00edveis diretamente no editor e ajudar\u00e3o voc\u00ea a moldar o widget especialmente para suas necessidades. <\/p> <ul> <li>Configura\u00e7\u00e3o da velocidade do slide e da reprodu\u00e7\u00e3o autom\u00e1tica; <\/li> <li>Escolha do tipo de pagina\u00e7\u00e3o no layout do Slider; <\/li> <li>Largura e altura responsivas; <\/li> <li>Uma op\u00e7\u00e3o para ativar\/desativar o cabe\u00e7alho do widget; <\/li> <\/ul> <p><a href=\"#demo\">Voc\u00ea pode experimentar todos os recursos do widget diretamente na demonstra\u00e7\u00e3o<\/a><\/p> <\/div> <div class=\"application-platform-content-item-installation application-platform-content-item\" id=\"installation\" data-nav-section=\"installation\"> <h2>Como adicionar avalia\u00e7\u00f5es da Apple Store ao meu site Elementor? <\/h2> <p>Para inserir o widget, basta seguir as orienta\u00e7\u00f5es abaixo. <\/p> <ul> <li><b>Crie seu plugin Apple personalizado<\/b><br> Em nossa demonstra\u00e7\u00e3o gratuita, crie um plugin com design e fun\u00e7\u00f5es de sua prefer\u00eancia. <\/li> <li><b>Receba o c\u00f3digo pessoal para exibir o plugin<\/b><br> Depois de configurar o seu widget, voc\u00ea obter\u00e1 o c\u00f3digo de instala\u00e7\u00e3o na notifica\u00e7\u00e3o pop-up nos aplicativos Elfsight. Copie. <\/li> <li><b>Publique o plugin em seu site Elementor<\/b><br> Escolha o local onde deseja exibir o plugin e insira o c\u00f3digo salvo l\u00e1. Publique os resultados. <\/li> <li><b>A instala\u00e7\u00e3o foi conclu\u00edda<\/b><br> Entre na p\u00e1gina da web para ver seu plugin. <\/li> <\/ul> <p>Sinta-se \u00e0 vontade para entrar em contato com o suporte ao cliente se precisar de aconselhamento ou tiver problemas. Nossos especialistas ter\u00e3o prazer em ajudar com cada solicita\u00e7\u00e3o. <\/p> <\/div>","protected":false},"excerpt":{"rendered":"","protected":false},"author":9,"featured_media":0,"parent":1603,"menu_order":0,"comment_status":"closed","ping_status":"closed","template":"templates\/template-application-platform.php","meta":{"publish_to_discourse":"","publish_post_category":"","wpdc_auto_publish_overridden":"","wpdc_topic_tags":"","wpdc_pin_topic":"","wpdc_pin_until":"","discourse_post_id":"","discourse_permalink":"","wpdc_publishing_response":"","wpdc_publishing_error":"","footnotes":""},"class_list":["post-5711","page","type-page","status-publish","hentry"],"yoast_head":"<!-- This site is optimized with the Yoast SEO plugin v25.3.1 - https:\/\/yoast.com\/wordpress\/plugins\/seo\/ -->\n<title>Incorpore avalia\u00e7\u00f5es da Apple em seu site Elementor (f\u00e1cil e r\u00e1pido)<\/title>\n<meta name=\"description\" content=\"\u00c9 um processo f\u00e1cil criar seu pr\u00f3prio widget Apple Reviews e public\u00e1-lo em seu site Elementor. O atendimento ao cliente da Elfsight \u00e9 gratuito.\" \/>\n<meta name=\"robots\" content=\"index, follow, max-snippet:-1, max-image-preview:large, max-video-preview:-1\" \/>\n<link rel=\"canonical\" href=\"https:\/\/elfsight.com\/pt\/apple-app-store-reviews-widget\/elementor\/\" \/>\n<meta property=\"og:locale\" content=\"pt_PT\" \/>\n<meta property=\"og:type\" content=\"article\" \/>\n<meta property=\"og:title\" content=\"Incorpore avalia\u00e7\u00f5es da Apple em seu site Elementor (f\u00e1cil e r\u00e1pido)\" \/>\n<meta property=\"og:description\" content=\"\u00c9 um processo f\u00e1cil criar seu pr\u00f3prio widget Apple Reviews e public\u00e1-lo em seu site Elementor. O atendimento ao cliente da Elfsight \u00e9 gratuito.\" \/>\n<meta property=\"og:url\" content=\"https:\/\/elfsight.com\/pt\/apple-app-store-reviews-widget\/elementor\/\" \/>\n<meta property=\"og:site_name\" content=\"Elfsight PT\" \/>\n<meta property=\"article:modified_time\" content=\"2024-11-13T11:43:17+00:00\" \/>\n<meta name=\"twitter:card\" content=\"summary_large_image\" \/>\n<meta name=\"twitter:label1\" content=\"Tempo estimado de leitura\" \/>\n\t<meta name=\"twitter:data1\" content=\"2 minutos\" \/>\n<!-- \/ Yoast SEO plugin. -->","yoast_head_json":{"title":"Incorpore avalia\u00e7\u00f5es da Apple em seu site Elementor (f\u00e1cil e r\u00e1pido)","description":"\u00c9 um processo f\u00e1cil criar seu pr\u00f3prio widget Apple Reviews e public\u00e1-lo em seu site Elementor. O atendimento ao cliente da Elfsight \u00e9 gratuito.","robots":{"index":"index","follow":"follow","max-snippet":"max-snippet:-1","max-image-preview":"max-image-preview:large","max-video-preview":"max-video-preview:-1"},"canonical":"https:\/\/elfsight.com\/pt\/apple-app-store-reviews-widget\/elementor\/","og_locale":"pt_PT","og_type":"article","og_title":"Incorpore avalia\u00e7\u00f5es da Apple em seu site Elementor (f\u00e1cil e r\u00e1pido)","og_description":"\u00c9 um processo f\u00e1cil criar seu pr\u00f3prio widget Apple Reviews e public\u00e1-lo em seu site Elementor. O atendimento ao cliente da Elfsight \u00e9 gratuito.","og_url":"https:\/\/elfsight.com\/pt\/apple-app-store-reviews-widget\/elementor\/","og_site_name":"Elfsight PT","article_modified_time":"2024-11-13T11:43:17+00:00","twitter_card":"summary_large_image","twitter_misc":{"Tempo estimado de leitura":"2 minutos"},"schema":{"@context":"https:\/\/schema.org","@graph":[{"@type":"WebPage","@id":"https:\/\/elfsight.com\/pt\/apple-app-store-reviews-widget\/elementor\/","url":"https:\/\/elfsight.com\/pt\/apple-app-store-reviews-widget\/elementor\/","name":"Incorpore avalia\u00e7\u00f5es da Apple em seu site Elementor (f\u00e1cil e r\u00e1pido)","isPartOf":{"@id":"https:\/\/elfsight.com\/pt\/#website"},"datePublished":"2024-05-03T06:28:15+00:00","dateModified":"2024-11-13T11:43:17+00:00","description":"\u00c9 um processo f\u00e1cil criar seu pr\u00f3prio widget Apple Reviews e public\u00e1-lo em seu site Elementor. O atendimento ao cliente da Elfsight \u00e9 gratuito.","breadcrumb":{"@id":"https:\/\/elfsight.com\/pt\/apple-app-store-reviews-widget\/elementor\/#breadcrumb"},"inLanguage":"pt-PT","potentialAction":[{"@type":"ReadAction","target":["https:\/\/elfsight.com\/pt\/apple-app-store-reviews-widget\/elementor\/"]}]},{"@type":"BreadcrumbList","@id":"https:\/\/elfsight.com\/pt\/apple-app-store-reviews-widget\/elementor\/#breadcrumb","itemListElement":[{"@type":"ListItem","position":1,"name":"Home","item":"https:\/\/elfsight.com\/pt\/"},{"@type":"ListItem","position":2,"name":"Apple App Store Reviews","item":"https:\/\/elfsight.com\/pt\/apple-app-store-reviews-widget\/"},{"@type":"ListItem","position":3,"name":"Apple App Store Reviews &#8211; Elementor"}]},{"@type":"WebSite","@id":"https:\/\/elfsight.com\/pt\/#website","url":"https:\/\/elfsight.com\/pt\/","name":"Elfsight PT","description":"Just another Elfsight Sites site","potentialAction":[{"@type":"SearchAction","target":{"@type":"EntryPoint","urlTemplate":"https:\/\/elfsight.com\/pt\/?s={search_term_string}"},"query-input":{"@type":"PropertyValueSpecification","valueRequired":true,"valueName":"search_term_string"}}],"inLanguage":"pt-PT"}]}},"meta_box":{"industry":"","seo_heading":"","heading":"","description":"","cta_heading":"","cta_description":"","application":"1602","h1":"Widget de avalia\u00e7\u00f5es da Elementor Apple App Store","h1_caption":"Aumente a confian\u00e7a revelando coment\u00e1rios verdadeiros de usu\u00e1rios com dados do autor","application_category":[],"applications_title":"","applications_request_title":"","applications_request_button_text":"","hero_text":"","hero_video":"","hero_video_schema_markup":"","selling_points_title":"","selling_points_caption":"","selling_points":[],"selling_points_cta_text":"","features_title":"","features":"","ed_cta_examples_text":"","ed_cta_examples_hidden":"","ed_cta_demo_text":"","ed_cta_demo_hidden":"","why_caption":"","why_editor_title":"","why_editor_text":"","why_team_title":"","why_team_text":"","why_service_title":"","why_service_text":"","template_catalog_visible":"","template_catalog_title":"","template_catalog_text":"","template_catalog_categories_visible":"","demo_title":"Crie seu widget de avalia\u00e7\u00f5es da Apple App Store","demo_caption":"Configure suas avalia\u00e7\u00f5es da Apple App Store e adicione-as ao seu site Elementor gratuitamente!","default_faq_hidden":"","app_template_category":[],"platform":"100","template_public_id":"","codecanyon_url":"","codecanyon_item_id":"","codecanyon_price":"","pricing_caption":"","pricing_elfsight_apps_hide_column":"","pricing_elfsight_apps_url":"","pricing_codecanyon_price_caption":"","integration_category":[],"integration_request_title":"","integration_request_cta":"","integration_platform":"","integrations":[],"platform_category":[],"video_schema_markup":"","price":"a partir de US$ 0\/m\u00eas","trial":"","benefits":[{"text":"Assist\u00eancia de instala\u00e7\u00e3o gratuita"},{"text":"Suporte ao cliente experiente"},{"text":"Garantia de devolu\u00e7\u00e3o do dinheiro em 14 dias"},{"text":"Atualiza\u00e7\u00f5es vital\u00edcias"}],"button_url":"#demo","button_target_blank":"","button_nofollow":"","attributes":[{"name":"Instala\u00e7\u00f5es","content":"10,000 - 100,000"},{"name":"Responsivo","content":"Sim"},{"name":"Navegadores compat\u00edveis","content":"IE11, Firefox, Safari, Opera, Chrome, Edge"}],"tags":[],"tags_disable_links":"","hide_more_platforms":"","video_object":"","demo_hide_cta":"","demo_hide_cloud_options":"","pricing_title":"","pricing":[{"pricing_icon":"platform","pricing_title":"Elfsight Apps","pricing_title_caption":"Vers\u00e3o independente de plataforma","pricing_price":"a partir de US$ 0\/m\u00eas","pricing_price_caption":"comece com plano gratuito","pricing_benefits":[{"text":"Dom\u00ednios ilimitados"},{"text":"Suporte dedicado \u00e0 empresa"},{"text":"Suporte dedicado \u00e0 empresa"},{"text":"Pre\u00e7o especial para v\u00e1rios aplicativos"}],"pricing_button_text":"Adicionar ao site","pricing_button_url":"#demo"}],"related_apps_title":"","related_apps_hidden":"","author":"","image":[],"title":"","job":"","social_networks":[]},"_links":{"self":[{"href":"https:\/\/elfsight.com\/pt\/wp-json\/wp\/v2\/pages\/5711","targetHints":{"allow":["GET"]}}],"collection":[{"href":"https:\/\/elfsight.com\/pt\/wp-json\/wp\/v2\/pages"}],"about":[{"href":"https:\/\/elfsight.com\/pt\/wp-json\/wp\/v2\/types\/page"}],"author":[{"embeddable":true,"href":"https:\/\/elfsight.com\/pt\/wp-json\/wp\/v2\/users\/9"}],"replies":[{"embeddable":true,"href":"https:\/\/elfsight.com\/pt\/wp-json\/wp\/v2\/comments?post=5711"}],"version-history":[{"count":1,"href":"https:\/\/elfsight.com\/pt\/wp-json\/wp\/v2\/pages\/5711\/revisions"}],"predecessor-version":[{"id":5715,"href":"https:\/\/elfsight.com\/pt\/wp-json\/wp\/v2\/pages\/5711\/revisions\/5715"}],"up":[{"embeddable":true,"href":"https:\/\/elfsight.com\/pt\/wp-json\/wp\/v2\/pages\/1603"}],"wp:attachment":[{"href":"https:\/\/elfsight.com\/pt\/wp-json\/wp\/v2\/media?parent=5711"}],"curies":[{"name":"wp","href":"https:\/\/api.w.org\/{rel}","templated":true}]}}