{"id":5696,"date":"2024-05-03T06:28:08","date_gmt":"2024-05-03T06:28:08","guid":{"rendered":"https:\/\/elfsight.com\/pt\/?page_id=5696"},"modified":"2024-11-13T11:42:46","modified_gmt":"2024-11-13T11:42:46","slug":"shopify","status":"publish","type":"page","link":"https:\/\/elfsight.com\/pt\/apple-app-store-reviews-widget\/shopify\/","title":{"rendered":"Apple App Store Reviews &#8211; Shopify"},"content":{"rendered":"<div class=\"application-platform-content-item-description application-platform-content-item\" id=\"description\" data-nav-section=\"description\"><h2>Incorpore avalia\u00e7\u00f5es da Apple App Store no Shopify com o widget Elfsight<\/h2> <p>Elfsight Apple Store Reviews \u00e9 um aplicativo \u00fatil usado para mostrar os coment\u00e1rios sobre suas ofertas diretamente em seu site. Por meio deste widget, voc\u00ea poder\u00e1 usar filtros para ocultar os coment\u00e1rios negativos, exibir sua classifica\u00e7\u00e3o por estrelas e n\u00fameros, mostrar informa\u00e7\u00f5es detalhadas sobre os criadores dos coment\u00e1rios e adicionar uma frase de chamariz que existe para inspirar os usu\u00e1rios a deixe seu coment\u00e1rio. O widget Elfsight Apple Reviews ajudar\u00e1 a demonstrar sua excelente prova social em seu site e atrair novas compras. <\/p><p><b>Aumente as vendas mostrando uma classifica\u00e7\u00e3o excelente e a gratid\u00e3o dos visitantes<\/b><\/p><\/div> <div class=\"application-platform-content-item-features application-platform-content-item\" id=\"features\" data-nav-section=\"features\"><h2>Principais recursos da Apple App Store Widget de avalia\u00e7\u00f5es<\/h2> <p>Verifique todas as caracter\u00edsticas funcionais do produto. Voc\u00ea pode ajust\u00e1-los diretamente no editor e eles o ajudar\u00e3o a moldar o widget exatamente para o seu caso de uso. <\/p> <ul> <li>Uma op\u00e7\u00e3o para definir a velocidade do slide e a velocidade de reprodu\u00e7\u00e3o autom\u00e1tica; <\/li> <li>Selecionando o tipo de pagina\u00e7\u00e3o no layout do Slider; <\/li> <li>Largura e altura responsivas; <\/li> <li>Uma op\u00e7\u00e3o para ativar\/desativar o cabe\u00e7alho do widget; <\/li> <\/ul> <p><a href=\"#demo\">Experimente todas as outras fun\u00e7\u00f5es da demonstra\u00e7\u00e3o<\/a><\/p> <\/div> <div class=\"application-platform-content-item-installation application-platform-content-item\" id=\"installation\" data-nav-section=\"installation\"><h2> Como posso incorporar avalia\u00e7\u00f5es da Apple Store no Shopify? <\/h2> <p>Para integrar o widget, siga v\u00e1rios passos r\u00e1pidos. <\/p> <ol><li><b>Use nosso editor gratuito e comece a moldar seu aplicativo exclusivo. <\/b><br> Escolha a interface e os recursos preferidos do aplicativo e aplique todas as edi\u00e7\u00f5es. <\/li> <li><b>Receba o seu c\u00f3digo pessoal revelado na janela das Apps Elfsight. <\/b><br> Ap\u00f3s o estabelecimento do seu aplicativo, copie o c\u00f3digo pessoal da janela que aparece e salve-o para uso posterior. <\/li> <li><b>Comece a usar o aplicativo no site da Shopify. <\/b><br> Adicione o c\u00f3digo copiado anteriormente em seu site e salve as edi\u00e7\u00f5es. <\/li> <li><b>Pronto! A incorpora\u00e7\u00e3o \u00e9 totalmente executada. <\/b><br> Visite seu site para ver o desempenho do aplicativo. <\/li><\/ol><p>Voc\u00ea pode entrar em contato com o suporte aos clientes da Elfsight caso precise de aconselhamento ou tenha problemas. Teremos o maior prazer em ajudar com todas as d\u00favidas. <\/p> <div class=\"faq\" data-component=\"FAQ\"><div class=\"faq-item\">\r\n\t\t\t\t\t<div class=\"faq-item-question\">\r\n\t\t\t\t\t\t<h3 class=\"faq-item-question-text\">Como posso incorporar a aplica\u00e7\u00e3o Apple App Store Reviews no meu site Shopify sem conhecimentos de codifica\u00e7\u00e3o?<\/h3>\r\n\r\n\t\t\t\t\t\t<div class=\"faq-item-question-icon\"><\/div>\r\n\t\t\t\t\t<\/div>\r\n\r\n\t\t\t\t\t<div class=\"faq-item-answer\">\r\n\t\t\t\t\t\t<div class=\"faq-item-answer-text\"><p>A Elfsight oferece uma solu\u00e7\u00e3o baseada na nuvem que permite aos utilizadores criar uma aplica\u00e7\u00e3o Apple Armazene os pr\u00f3prios aplicativos de avalia\u00e7\u00f5es. Veja como o processo \u00e9 simples:<\/p><ul><li>Acesse o Editor on-line para gerar uma se\u00e7\u00e3o de coment\u00e1rios do aplicativo Apple App Store que voc\u00ea gostaria de integrar ao seu site da Shopify.<\/li><li>Escolha uma de nossos modelos pr\u00e9-projetados e personalize as configura\u00e7\u00f5es do aplicativo Apple App Store Reviews, modifique o layout e o esquema de cores, inclua seu conte\u00fado sem qualquer necessidade de codifica\u00e7\u00e3o.<\/li><li>Salve as configura\u00e7\u00f5es que voc\u00ea configurou para o aplicativo Apple Armazene o aplicativo Reviews e obtenha o c\u00f3digo para incorporar o aplicativo, que pode ser facilmente adicionado ao seu site do Shopify sem nenhum custo.<\/li><\/ul><p>Ao trabalhar no editor amig\u00e1vel, qualquer usu\u00e1rio da Internet pode criar uma se\u00e7\u00e3o de aplicativos de avalia\u00e7\u00f5es da Apple App Store e incorpore-a ao site do Shopify. N\u00e3o h\u00e1 exig\u00eancia de pagamento ou divulga\u00e7\u00e3o dos dados do seu cart\u00e3o para acessar o Editor Elfsight. Se voc\u00ea encontrar alguma dificuldade em qualquer est\u00e1gio, sinta-se \u00e0 vontade para entrar em contato com nosso suporte ao cliente.<\/p><\/div>\r\n\t\t\t\t\t<\/div>\r\n\t\t\t\t<\/div><\/div><\/div>","protected":false},"excerpt":{"rendered":"","protected":false},"author":9,"featured_media":0,"parent":1603,"menu_order":0,"comment_status":"closed","ping_status":"closed","template":"templates\/template-application-platform.php","meta":{"publish_to_discourse":"","publish_post_category":"","wpdc_auto_publish_overridden":"","wpdc_topic_tags":"","wpdc_pin_topic":"","wpdc_pin_until":"","discourse_post_id":"","discourse_permalink":"","wpdc_publishing_response":"","wpdc_publishing_error":"","footnotes":""},"class_list":["post-5696","page","type-page","status-publish","hentry"],"yoast_head":"<!-- This site is optimized with the Yoast SEO plugin v25.3.1 - https:\/\/yoast.com\/wordpress\/plugins\/seo\/ -->\n<title>Incorpore avalia\u00e7\u00f5es da Apple em seu site do Shopify (f\u00e1cil e r\u00e1pido)<\/title>\n<meta name=\"description\" content=\"\u00c9 um processo f\u00e1cil criar seu pr\u00f3prio widget Apple Reviews e public\u00e1-lo em seu site Shopify. O atendimento ao cliente da Elfsight \u00e9 gratuito.\" \/>\n<meta name=\"robots\" content=\"index, follow, max-snippet:-1, max-image-preview:large, max-video-preview:-1\" \/>\n<link rel=\"canonical\" href=\"https:\/\/elfsight.com\/pt\/apple-app-store-reviews-widget\/shopify\/\" \/>\n<meta property=\"og:locale\" content=\"pt_PT\" \/>\n<meta property=\"og:type\" content=\"article\" \/>\n<meta property=\"og:title\" content=\"Incorpore avalia\u00e7\u00f5es da Apple em seu site do Shopify (f\u00e1cil e r\u00e1pido)\" \/>\n<meta property=\"og:description\" content=\"\u00c9 um processo f\u00e1cil criar seu pr\u00f3prio widget Apple Reviews e public\u00e1-lo em seu site Shopify. O atendimento ao cliente da Elfsight \u00e9 gratuito.\" \/>\n<meta property=\"og:url\" content=\"https:\/\/elfsight.com\/pt\/apple-app-store-reviews-widget\/shopify\/\" \/>\n<meta property=\"og:site_name\" content=\"Elfsight PT\" \/>\n<meta property=\"article:modified_time\" content=\"2024-11-13T11:42:46+00:00\" \/>\n<meta name=\"twitter:card\" content=\"summary_large_image\" \/>\n<meta name=\"twitter:label1\" content=\"Tempo estimado de leitura\" \/>\n\t<meta name=\"twitter:data1\" content=\"3 minutos\" \/>\n<!-- \/ Yoast SEO plugin. -->","yoast_head_json":{"title":"Incorpore avalia\u00e7\u00f5es da Apple em seu site do Shopify (f\u00e1cil e r\u00e1pido)","description":"\u00c9 um processo f\u00e1cil criar seu pr\u00f3prio widget Apple Reviews e public\u00e1-lo em seu site Shopify. O atendimento ao cliente da Elfsight \u00e9 gratuito.","robots":{"index":"index","follow":"follow","max-snippet":"max-snippet:-1","max-image-preview":"max-image-preview:large","max-video-preview":"max-video-preview:-1"},"canonical":"https:\/\/elfsight.com\/pt\/apple-app-store-reviews-widget\/shopify\/","og_locale":"pt_PT","og_type":"article","og_title":"Incorpore avalia\u00e7\u00f5es da Apple em seu site do Shopify (f\u00e1cil e r\u00e1pido)","og_description":"\u00c9 um processo f\u00e1cil criar seu pr\u00f3prio widget Apple Reviews e public\u00e1-lo em seu site Shopify. O atendimento ao cliente da Elfsight \u00e9 gratuito.","og_url":"https:\/\/elfsight.com\/pt\/apple-app-store-reviews-widget\/shopify\/","og_site_name":"Elfsight PT","article_modified_time":"2024-11-13T11:42:46+00:00","twitter_card":"summary_large_image","twitter_misc":{"Tempo estimado de leitura":"3 minutos"},"schema":{"@context":"https:\/\/schema.org","@graph":[{"@type":"WebPage","@id":"https:\/\/elfsight.com\/pt\/apple-app-store-reviews-widget\/shopify\/","url":"https:\/\/elfsight.com\/pt\/apple-app-store-reviews-widget\/shopify\/","name":"Incorpore avalia\u00e7\u00f5es da Apple em seu site do Shopify (f\u00e1cil e r\u00e1pido)","isPartOf":{"@id":"https:\/\/elfsight.com\/pt\/#website"},"datePublished":"2024-05-03T06:28:08+00:00","dateModified":"2024-11-13T11:42:46+00:00","description":"\u00c9 um processo f\u00e1cil criar seu pr\u00f3prio widget Apple Reviews e public\u00e1-lo em seu site Shopify. O atendimento ao cliente da Elfsight \u00e9 gratuito.","breadcrumb":{"@id":"https:\/\/elfsight.com\/pt\/apple-app-store-reviews-widget\/shopify\/#breadcrumb"},"inLanguage":"pt-PT","potentialAction":[{"@type":"ReadAction","target":["https:\/\/elfsight.com\/pt\/apple-app-store-reviews-widget\/shopify\/"]}]},{"@type":"BreadcrumbList","@id":"https:\/\/elfsight.com\/pt\/apple-app-store-reviews-widget\/shopify\/#breadcrumb","itemListElement":[{"@type":"ListItem","position":1,"name":"Home","item":"https:\/\/elfsight.com\/pt\/"},{"@type":"ListItem","position":2,"name":"Apple App Store Reviews","item":"https:\/\/elfsight.com\/pt\/apple-app-store-reviews-widget\/"},{"@type":"ListItem","position":3,"name":"Apple App Store Reviews &#8211; Shopify"}]},{"@type":"WebSite","@id":"https:\/\/elfsight.com\/pt\/#website","url":"https:\/\/elfsight.com\/pt\/","name":"Elfsight PT","description":"Just another Elfsight Sites site","potentialAction":[{"@type":"SearchAction","target":{"@type":"EntryPoint","urlTemplate":"https:\/\/elfsight.com\/pt\/?s={search_term_string}"},"query-input":{"@type":"PropertyValueSpecification","valueRequired":true,"valueName":"search_term_string"}}],"inLanguage":"pt-PT"}]}},"meta_box":{"industry":"","seo_heading":"","heading":"","description":"","cta_heading":"","cta_description":"","application":"1602","h1":"Aplicativo de avalia\u00e7\u00f5es da Shopify Apple App Store","h1_caption":"Aumente a confian\u00e7a demonstrando avalia\u00e7\u00f5es de visitantes reais com dados do autor","application_category":[],"applications_title":"","applications_request_title":"","applications_request_button_text":"","hero_text":"","hero_video":"","hero_video_schema_markup":"","selling_points_title":"","selling_points_caption":"","selling_points":[],"selling_points_cta_text":"","features_title":"","features":"","ed_cta_examples_text":"","ed_cta_examples_hidden":"","ed_cta_demo_text":"","ed_cta_demo_hidden":"","why_caption":"","why_editor_title":"","why_editor_text":"","why_team_title":"","why_team_text":"","why_service_title":"","why_service_text":"","template_catalog_visible":"","template_catalog_title":"","template_catalog_text":"","template_catalog_categories_visible":"","demo_title":"Crie seu aplicativo Apple App Store Reviews","demo_caption":"Configure suas avalia\u00e7\u00f5es da Apple App Store e adicione-as ao seu site do Shopify gratuitamente!","default_faq_hidden":"","app_template_category":[],"platform":"64","template_public_id":"","codecanyon_url":"","codecanyon_item_id":"","codecanyon_price":"","pricing_caption":"","pricing_elfsight_apps_hide_column":"","pricing_elfsight_apps_url":"","pricing_codecanyon_price_caption":"","integration_category":[],"integration_request_title":"","integration_request_cta":"","integration_platform":"","integrations":[],"platform_category":[],"video_schema_markup":"","price":"a partir de US$ 0\/m\u00eas","trial":"","benefits":[{"text":"Servi\u00e7o de instala\u00e7\u00e3o gratuito"},{"text":"Suporte premium"},{"text":"Garantia de devolu\u00e7\u00e3o do dinheiro em 14 dias"},{"text":"Atualiza\u00e7\u00f5es gratuitas cont\u00ednuas"}],"button_url":"#demo","button_target_blank":"","button_nofollow":"","attributes":[{"name":"Instala\u00e7\u00f5es","content":"10,000 - 100,000"},{"name":"Responsivo","content":"Sim"},{"name":"Navegadores compat\u00edveis","content":"Firefox, Safari, Opera, Chrome, Edge"}],"tags":[],"tags_disable_links":"","hide_more_platforms":"","video_object":"","demo_hide_cta":"","demo_hide_cloud_options":"","pricing_title":"","pricing":[{"pricing_icon":"cloud","pricing_title":"Elfsight Apps","pricing_title_caption":"Vers\u00e3o multiplataforma que funciona em qualquer site","pricing_price":"a partir de US$ 0\/m\u00eas","pricing_price_caption":"comece com plano gratuito","pricing_benefits":[{"text":"Sites ilimitados"},{"text":"Suporte premium"},{"text":"Suporte premium"},{"text":"Oferta especial para v\u00e1rios aplicativos"}],"pricing_button_text":"Adicionar ao site","pricing_button_url":"#demo"}],"related_apps_title":"","related_apps_hidden":"","author":"","image":[],"title":"","job":"","social_networks":[]},"_links":{"self":[{"href":"https:\/\/elfsight.com\/pt\/wp-json\/wp\/v2\/pages\/5696","targetHints":{"allow":["GET"]}}],"collection":[{"href":"https:\/\/elfsight.com\/pt\/wp-json\/wp\/v2\/pages"}],"about":[{"href":"https:\/\/elfsight.com\/pt\/wp-json\/wp\/v2\/types\/page"}],"author":[{"embeddable":true,"href":"https:\/\/elfsight.com\/pt\/wp-json\/wp\/v2\/users\/9"}],"replies":[{"embeddable":true,"href":"https:\/\/elfsight.com\/pt\/wp-json\/wp\/v2\/comments?post=5696"}],"version-history":[{"count":1,"href":"https:\/\/elfsight.com\/pt\/wp-json\/wp\/v2\/pages\/5696\/revisions"}],"predecessor-version":[{"id":5700,"href":"https:\/\/elfsight.com\/pt\/wp-json\/wp\/v2\/pages\/5696\/revisions\/5700"}],"up":[{"embeddable":true,"href":"https:\/\/elfsight.com\/pt\/wp-json\/wp\/v2\/pages\/1603"}],"wp:attachment":[{"href":"https:\/\/elfsight.com\/pt\/wp-json\/wp\/v2\/media?parent=5696"}],"curies":[{"name":"wp","href":"https:\/\/api.w.org\/{rel}","templated":true}]}}