{"id":5682,"date":"2024-05-03T06:28:02","date_gmt":"2024-05-03T06:28:02","guid":{"rendered":"https:\/\/elfsight.com\/pt\/?page_id=5682"},"modified":"2025-02-27T12:05:40","modified_gmt":"2025-02-27T12:05:40","slug":"wordpress","status":"publish","type":"page","link":"https:\/\/elfsight.com\/pt\/apple-app-store-reviews-widget\/wordpress\/","title":{"rendered":"Apple App Store Reviews &#8211; WordPress"},"content":{"rendered":"\n<div class=\"application-platform-content-item-description application-platform-content-item\" id=\"description\" data-nav-section=\"description\"><h2>Incorpore avalia\u00e7\u00f5es da Apple App Store no WordPress com o widget Elfsight<\/h2> <p>Elfsight Apple App Store Reviews \u00e9 um widget \u00fatil usado para exiba os coment\u00e1rios sobre sua empresa diretamente em seu site. Por meio deste widget, voc\u00ea conseguir\u00e1 utilizar filtros para ocultar as avalia\u00e7\u00f5es indesej\u00e1veis, demonstrar sua classifica\u00e7\u00e3o por estrelas e n\u00fameros, adicionar dados sobre os autores das avalia\u00e7\u00f5es e adicionar um CTA que existe para motivar os usu\u00e1rios a postar seus coment\u00e1rios. As avalia\u00e7\u00f5es da Elfsight Apple ajudar\u00e3o a exibir sua alta prova social em seu site e atrair novas vendas. <\/p><p><b>Desenvolver vendas demonstrando classifica\u00e7\u00e3o not\u00e1vel e aprecia\u00e7\u00e3o do cliente<\/b><\/p><\/div> <div class=\"application-platform-content-item-features application-platform-content-item\" id=\"features\" data-nav-section=\"features\"><h2>Principais recursos das avalia\u00e7\u00f5es da Apple App Store widget<\/h2> <p>Aqui est\u00e1 uma lista de todos os recursos do produto. Voc\u00ea pode gerenci\u00e1-los diretamente no editor e eles o ajudar\u00e3o a construir o widget mais adequado \u00e0s suas necessidades. <\/p> <ul> <li>Escolher a velocidade do slide e a velocidade de reprodu\u00e7\u00e3o autom\u00e1tica; <\/li> <li>Uma op\u00e7\u00e3o para selecionar o tipo de pagina\u00e7\u00e3o no layout Slider; <\/li> <li>Largura e altura responsivas do widget; <\/li> <li>Cabe\u00e7alho altern\u00e1vel da ferramenta; <\/li> <\/ul> <p><a href=\"#demo\">Veja como todos os recursos funcionam em nossa demonstra\u00e7\u00e3o<\/a><\/p> <\/div> <div class=\"application-platform-content-item-installation application-platform-content-item\" id=\"installation\" data-nav-section=\"installation\"> <h2>Como posso adicionar avalia\u00e7\u00f5es da Apple Store ao WordPress? <\/h2> <p>Para integrar o widget, siga as orienta\u00e7\u00f5es abaixo. <\/p> <ol><li><b>Inicie nosso configurador gratuito e comece a trabalhar com seu plugin exclusivo. <\/b><br> Determine a interface e os recursos preferidos do plugin e aplique todas as modifica\u00e7\u00f5es. <\/li> <li><b>Copie o seu c\u00f3digo pessoal que aparece na caixa nas aplica\u00e7\u00f5es Elfsight. <\/b><br> Logo ap\u00f3s a configura\u00e7\u00e3o do seu plugin pessoal, copie o seu c\u00f3digo na caixa exibida e guarde-o para futuras ocasi\u00f5es. <\/li> <li><b>Inicie o uso do plugin em sua p\u00e1gina WordPress. <\/b><br> Integre o c\u00f3digo que voc\u00ea copiou recentemente em seu site e salve as edi\u00e7\u00f5es. <\/li> <li><b>Conclu\u00eddo! A incorpora\u00e7\u00e3o foi realizada com sucesso. <\/b><br> Visite seu site para revisar o trabalho do plugin. <\/li><\/ol><p>Sinta-se \u00e0 vontade para entrar em contato com nosso atendimento ao cliente se precisar de ajuda ou tiver d\u00favidas. Nossos especialistas ter\u00e3o prazer em ajudar com todas as d\u00favidas. <\/p> \n<div class=\"faq\" data-component=\"FAQ\"><div class=\"faq-item\">\r\n\t\t\t\t\t<div class=\"faq-item-question\">\r\n\t\t\t\t\t\t<h3 class=\"faq-item-question-text\">Como posso incorporar o plugin Apple App Store Reviews em meu site WordPress sem habilidades de codifica\u00e7\u00e3o?<\/h3>\r\n\r\n\t\t\t\t\t\t<div class=\"faq-item-question-icon\"><\/div>\r\n\t\t\t\t\t<\/div>\r\n\r\n\t\t\t\t\t<div class=\"faq-item-answer\">\r\n\t\t\t\t\t\t<div class=\"faq-item-answer-text\"><p>A Elfsight oferece uma solu\u00e7\u00e3o baseada em nuvem que permite aos usu\u00e1rios criar um plugin Apple App Store Reviews por conta pr\u00f3pria. Veja como o processo \u00e9 simples:\n<ol>\n<li>Acesse o Editor on-line para criar uma se\u00e7\u00e3o com o plugin Apple App Store Reviews que voc\u00ea deseja integrar ao seu site WordPress.<\/li>\n\n<li>Escolha um dos nossos modelos prontos e personalize as configura\u00e7\u00f5es do plugin Apple App Store Reviews. Modifique o layout, o esquema de cores e adicione seus conte\u00fados \u2013 tudo sem necessidade de codifica\u00e7\u00e3o.<\/li>\n\n<li>Salve as configura\u00e7\u00f5es do plugin Apple App Store Reviews e obtenha o c\u00f3digo para incorporar o plugin de forma f\u00e1cil e gratuita em seu site WordPress.<\/li>\n<\/ol>\nAo trabalhar no editor f\u00e1cil de usar, voc\u00ea pode acessar a qualquer momento. Qualquer usu\u00e1rio da Internet pode criar uma se\u00e7\u00e3o com o plugin Apple App Store Reviews e incorpor\u00e1-la ao seu site WordPress. O acesso ao Editor Elfsight n\u00e3o requer pagamento ou fornecimento de informa\u00e7\u00f5es de cart\u00e3o de cr\u00e9dito. Caso encontre dificuldades, entre em contato com o nosso suporte ao cliente.<\/p><\/div>\r\n\t\t\t\t\t<\/div>\r\n\t\t\t\t<\/div><\/div>\n<\/div>\n","protected":false},"excerpt":{"rendered":"","protected":false},"author":9,"featured_media":0,"parent":1603,"menu_order":0,"comment_status":"closed","ping_status":"closed","template":"templates\/template-application-platform.php","meta":{"publish_to_discourse":"","publish_post_category":"","wpdc_auto_publish_overridden":"","wpdc_topic_tags":"","wpdc_pin_topic":"","wpdc_pin_until":"","discourse_post_id":"","discourse_permalink":"","wpdc_publishing_response":"","wpdc_publishing_error":"","footnotes":""},"class_list":["post-5682","page","type-page","status-publish","hentry"],"yoast_head":"<!-- This site is optimized with the Yoast SEO plugin v25.3.1 - https:\/\/yoast.com\/wordpress\/plugins\/seo\/ -->\n<title>Incorpore avalia\u00e7\u00f5es da Apple em seu site WordPress (f\u00e1cil e r\u00e1pido)<\/title>\n<meta name=\"description\" content=\"\u00c9 um processo f\u00e1cil criar seu pr\u00f3prio widget Apple Reviews e public\u00e1-lo em seu site WordPress. O atendimento ao cliente da Elfsight \u00e9 gratuito.\" \/>\n<meta name=\"robots\" content=\"index, follow, max-snippet:-1, max-image-preview:large, max-video-preview:-1\" \/>\n<link rel=\"canonical\" href=\"https:\/\/elfsight.com\/pt\/apple-app-store-reviews-widget\/wordpress\/\" \/>\n<meta property=\"og:locale\" content=\"pt_PT\" \/>\n<meta property=\"og:type\" content=\"article\" \/>\n<meta property=\"og:title\" content=\"Incorpore avalia\u00e7\u00f5es da Apple em seu site WordPress (f\u00e1cil e r\u00e1pido)\" \/>\n<meta property=\"og:description\" content=\"\u00c9 um processo f\u00e1cil criar seu pr\u00f3prio widget Apple Reviews e public\u00e1-lo em seu site WordPress. O atendimento ao cliente da Elfsight \u00e9 gratuito.\" \/>\n<meta property=\"og:url\" content=\"https:\/\/elfsight.com\/pt\/apple-app-store-reviews-widget\/wordpress\/\" \/>\n<meta property=\"og:site_name\" content=\"Elfsight PT\" \/>\n<meta property=\"article:modified_time\" content=\"2025-02-27T12:05:40+00:00\" \/>\n<meta name=\"twitter:card\" content=\"summary_large_image\" \/>\n<meta name=\"twitter:label1\" content=\"Tempo estimado de leitura\" \/>\n\t<meta name=\"twitter:data1\" content=\"3 minutos\" \/>\n<!-- \/ Yoast SEO plugin. -->","yoast_head_json":{"title":"Incorpore avalia\u00e7\u00f5es da Apple em seu site WordPress (f\u00e1cil e r\u00e1pido)","description":"\u00c9 um processo f\u00e1cil criar seu pr\u00f3prio widget Apple Reviews e public\u00e1-lo em seu site WordPress. O atendimento ao cliente da Elfsight \u00e9 gratuito.","robots":{"index":"index","follow":"follow","max-snippet":"max-snippet:-1","max-image-preview":"max-image-preview:large","max-video-preview":"max-video-preview:-1"},"canonical":"https:\/\/elfsight.com\/pt\/apple-app-store-reviews-widget\/wordpress\/","og_locale":"pt_PT","og_type":"article","og_title":"Incorpore avalia\u00e7\u00f5es da Apple em seu site WordPress (f\u00e1cil e r\u00e1pido)","og_description":"\u00c9 um processo f\u00e1cil criar seu pr\u00f3prio widget Apple Reviews e public\u00e1-lo em seu site WordPress. O atendimento ao cliente da Elfsight \u00e9 gratuito.","og_url":"https:\/\/elfsight.com\/pt\/apple-app-store-reviews-widget\/wordpress\/","og_site_name":"Elfsight PT","article_modified_time":"2025-02-27T12:05:40+00:00","twitter_card":"summary_large_image","twitter_misc":{"Tempo estimado de leitura":"3 minutos"},"schema":{"@context":"https:\/\/schema.org","@graph":[{"@type":"WebPage","@id":"https:\/\/elfsight.com\/pt\/apple-app-store-reviews-widget\/wordpress\/","url":"https:\/\/elfsight.com\/pt\/apple-app-store-reviews-widget\/wordpress\/","name":"Incorpore avalia\u00e7\u00f5es da Apple em seu site WordPress (f\u00e1cil e r\u00e1pido)","isPartOf":{"@id":"https:\/\/elfsight.com\/pt\/#website"},"datePublished":"2024-05-03T06:28:02+00:00","dateModified":"2025-02-27T12:05:40+00:00","description":"\u00c9 um processo f\u00e1cil criar seu pr\u00f3prio widget Apple Reviews e public\u00e1-lo em seu site WordPress. O atendimento ao cliente da Elfsight \u00e9 gratuito.","breadcrumb":{"@id":"https:\/\/elfsight.com\/pt\/apple-app-store-reviews-widget\/wordpress\/#breadcrumb"},"inLanguage":"pt-PT","potentialAction":[{"@type":"ReadAction","target":["https:\/\/elfsight.com\/pt\/apple-app-store-reviews-widget\/wordpress\/"]}]},{"@type":"BreadcrumbList","@id":"https:\/\/elfsight.com\/pt\/apple-app-store-reviews-widget\/wordpress\/#breadcrumb","itemListElement":[{"@type":"ListItem","position":1,"name":"Home","item":"https:\/\/elfsight.com\/pt\/"},{"@type":"ListItem","position":2,"name":"Apple App Store Reviews","item":"https:\/\/elfsight.com\/pt\/apple-app-store-reviews-widget\/"},{"@type":"ListItem","position":3,"name":"Apple App Store Reviews &#8211; WordPress"}]},{"@type":"WebSite","@id":"https:\/\/elfsight.com\/pt\/#website","url":"https:\/\/elfsight.com\/pt\/","name":"Elfsight PT","description":"Just another Elfsight Sites site","potentialAction":[{"@type":"SearchAction","target":{"@type":"EntryPoint","urlTemplate":"https:\/\/elfsight.com\/pt\/?s={search_term_string}"},"query-input":{"@type":"PropertyValueSpecification","valueRequired":true,"valueName":"search_term_string"}}],"inLanguage":"pt-PT"}]}},"meta_box":{"industry":"","seo_heading":"","heading":"","description":"","cta_heading":"","cta_description":"","application":"1602","h1":"Plug-in de avalia\u00e7\u00f5es da Apple App Store para WordPress","h1_caption":"Confian\u00e7a de n\u00edvel superior exibindo avalia\u00e7\u00f5es de pessoas verdadeiras com dados do autor","application_category":[],"applications_title":"","applications_request_title":"","applications_request_button_text":"","hero_text":"","hero_video":"","hero_video_schema_markup":"","selling_points_title":"","selling_points_caption":"","selling_points":[],"selling_points_cta_text":"","features_title":"","features":"","ed_cta_examples_text":"","ed_cta_examples_hidden":"","ed_cta_demo_text":"","ed_cta_demo_hidden":"","why_caption":"","why_editor_title":"","why_editor_text":"","why_team_title":"","why_team_text":"","why_service_title":"","why_service_text":"","template_catalog_visible":"0","template_catalog_title":"","template_catalog_text":"","template_catalog_categories_visible":"","demo_title":"Crie seu plugin de avalia\u00e7\u00f5es da Apple App Store","demo_caption":"Configure suas avalia\u00e7\u00f5es da Apple App Store e adicione-as ao seu site WordPress gratuitamente!","default_faq_hidden":"","app_template_category":[],"platform":"34","template_public_id":"","codecanyon_url":"","codecanyon_item_id":"","codecanyon_price":"","pricing_caption":"","pricing_elfsight_apps_hide_column":"","pricing_elfsight_apps_url":"","pricing_codecanyon_price_caption":"","integration_category":[],"integration_request_title":"","integration_request_cta":"","integration_platform":"","integrations":[],"platform_category":[],"video_schema_markup":"","price":"a partir de US$ 0\/m\u00eas","trial":"","benefits":[{"text":"Ajuda de instala\u00e7\u00e3o gratuita"},{"text":"Atendimento ao cliente competente"},{"text":"Garantia de devolu\u00e7\u00e3o do dinheiro em 14 dias"},{"text":"Futuras melhorias gratuitas"}],"button_url":"#demo","button_target_blank":"0","button_nofollow":"0","attributes":[{"name":"Instala\u00e7\u00f5es","content":"10,000 - 100,000"},{"name":"Responsivo","content":"Sim"},{"name":"Navegadores compat\u00edveis","content":"Firefox, Safari, Opera, Chrome, Edge"}],"tags":[],"tags_disable_links":"0","hide_more_platforms":"0","video_object":"","demo_hide_cta":"0","demo_hide_cloud_options":"0","pricing_title":"","pricing":[{"pricing_icon":"platform","pricing_title":"Elfsight Apps","pricing_title_caption":"Software independente de plataforma que funciona em qualquer site","pricing_price":"a partir de US$ 0\/m\u00eas","pricing_price_caption":"comece com plano gratuito","pricing_benefits":[{"text":"Sites ilimitados"},{"text":"Suporte r\u00e1pido da empresa e bem documentado"},{"text":"Suporte r\u00e1pido da empresa e bem documentado"},{"text":"Pre\u00e7o a ser pago para v\u00e1rios aplicativos"}],"pricing_button_text":"Adicionar ao site","pricing_button_url":"#demo"}],"related_apps_title":"","related_apps_hidden":"0","author":"","image":[],"title":"","job":"","social_networks":[]},"_links":{"self":[{"href":"https:\/\/elfsight.com\/pt\/wp-json\/wp\/v2\/pages\/5682","targetHints":{"allow":["GET"]}}],"collection":[{"href":"https:\/\/elfsight.com\/pt\/wp-json\/wp\/v2\/pages"}],"about":[{"href":"https:\/\/elfsight.com\/pt\/wp-json\/wp\/v2\/types\/page"}],"author":[{"embeddable":true,"href":"https:\/\/elfsight.com\/pt\/wp-json\/wp\/v2\/users\/9"}],"replies":[{"embeddable":true,"href":"https:\/\/elfsight.com\/pt\/wp-json\/wp\/v2\/comments?post=5682"}],"version-history":[{"count":2,"href":"https:\/\/elfsight.com\/pt\/wp-json\/wp\/v2\/pages\/5682\/revisions"}],"predecessor-version":[{"id":14061,"href":"https:\/\/elfsight.com\/pt\/wp-json\/wp\/v2\/pages\/5682\/revisions\/14061"}],"up":[{"embeddable":true,"href":"https:\/\/elfsight.com\/pt\/wp-json\/wp\/v2\/pages\/1603"}],"wp:attachment":[{"href":"https:\/\/elfsight.com\/pt\/wp-json\/wp\/v2\/media?parent=5682"}],"curies":[{"name":"wp","href":"https:\/\/api.w.org\/{rel}","templated":true}]}}