{"id":5674,"date":"2024-05-03T06:27:58","date_gmt":"2024-05-03T06:27:58","guid":{"rendered":"https:\/\/elfsight.com\/pt\/?page_id=5674"},"modified":"2025-02-27T12:09:43","modified_gmt":"2025-02-27T12:09:43","slug":"google-sites","status":"publish","type":"page","link":"https:\/\/elfsight.com\/pt\/apple-app-store-reviews-widget\/google-sites\/","title":{"rendered":"Apple App Store Reviews &#8211; Google Sites"},"content":{"rendered":"\n<div class=\"application-platform-content-item-description application-platform-content-item\" id=\"description\" data-nav-section=\"description\"> <h2>Incorpore avalia\u00e7\u00f5es da Apple App Store no Google Sites com o widget Elfsight<\/h2> <p>As avalia\u00e7\u00f5es da Apple App Store da Elfsight s\u00e3o uma ferramenta \u00fatil para Google Sites permitindo que voc\u00ea demonstre avalia\u00e7\u00f5es sobre seus produtos diretamente em seu site. Nosso widget, voc\u00ea conseguir\u00e1 usar filtros para ocultar coment\u00e1rios indesejados, mostrar sua classifica\u00e7\u00e3o por estrelas e n\u00fameros da App Store, demonstrar informa\u00e7\u00f5es sobre os autores dos coment\u00e1rios e adicionar um CTA que inspirar\u00e1 os usu\u00e1rios a postar seus coment\u00e1rios. As avalia\u00e7\u00f5es da App Store ajudar\u00e3o a exibir sua alta prova social no site e atrair novas vendas. <\/p> <p><b>Amplie o alcance dos coment\u00e1rios da Apple App Store e publique-os em seu site.<\/b><\/p> <\/div> <div class=\"application-platform-content-item-features application-platform-content-item\" id=\"features\" data-nav-section=\"features\"> <h2>Principal recursos do widget Apple App Store Reviews<\/h2> <p>Verifique todos os recursos do produto. Eles est\u00e3o dispon\u00edveis diretamente no editor e ajudar\u00e3o voc\u00ea a construir o widget certo para o seu caso de uso. <\/p> <ul> <li>Escolher a velocidade do slide e a velocidade de reprodu\u00e7\u00e3o autom\u00e1tica; <\/li> <li>Selecionando o tipo de pagina\u00e7\u00e3o no layout do Slider; <\/li> <li>Largura e altura responsivas; <\/li> <li>Cabe\u00e7alho altern\u00e1vel do widget; <\/li> <\/ul> <p><a href=\"#demo\">Veja como todos os recursos funcionam em nossa demonstra\u00e7\u00e3o<\/a><\/p> <\/div> <div class=\"application-platform-content-item-installation application-platform-content-item\" id=\"installation\" data-nav-section=\"installation\"> <h2>Como posso integrar a Apple App Store ao Google Sites? <\/h2> <p>Para inserir o widget, basta seguir as orienta\u00e7\u00f5es abaixo. <\/p> <ul> <li><b>Crie seu plugin personalizado de avalia\u00e7\u00f5es da Apple App Store<\/b><br> Gerenciando nossa demonstra\u00e7\u00e3o gratuita, gere um plugin com composi\u00e7\u00e3o e fun\u00e7\u00f5es selecionadas. <\/li> <li><b>Adquira o c\u00f3digo individual para exibir o plugin<\/b><br> Depois de gerar o seu widget, voc\u00ea receber\u00e1 o c\u00f3digo de instala\u00e7\u00e3o na notifica\u00e7\u00e3o pop-up nos aplicativos da Elfsight. Copie este c\u00f3digo para uso posterior. <\/li> <li><b>Adicione o plug-in ao seu site do Google<\/b><br> Encontre a \u00e1rea na qual deseja incorporar o plug-in e adicione o c\u00f3digo salvo l\u00e1. Salve os resultados. <\/li> <li><b>Voc\u00ea completou a instala\u00e7\u00e3o<\/b><br> Acesse o site para visualizar seu plugin. <\/li> <\/ul> <div class=\"tip-yellow tip\"><b>Devido \u00e0s peculiaridades do funcionamento do Google Sites, o widget pode ter uma apar\u00eancia diferente da demonstra\u00e7\u00e3o on-line. Pedimos desculpas por qualquer inconveniente causado.<\/b><\/div><p>N\u00e3o hesite em entrar em contato com o atendimento ao cliente quando precisar de ajuda ou tiver d\u00favidas. Ficaremos felizes em ajudar com todas as d\u00favidas. <\/p> <div class=\"faq\" data-component=\"FAQ\"><div class=\"faq-item\">\r\n\t\t\t\t\t<div class=\"faq-item-question\">\r\n\t\t\t\t\t\t<h3 class=\"faq-item-question-text\">Como posso integrar o plugin Apple App Store Reviews no meu Google Sites sem habilidades de codifica\u00e7\u00e3o?<\/h3>\r\n\r\n\t\t\t\t\t\t<div class=\"faq-item-question-icon\"><\/div>\r\n\t\t\t\t\t<\/div>\r\n\r\n\t\t\t\t\t<div class=\"faq-item-answer\">\r\n\t\t\t\t\t\t<div class=\"faq-item-answer-text\"><p>A Elfsight oferece uma solu\u00e7\u00e3o baseada em nuvem e f\u00e1cil de usar, que permite criar facilmente um plugin Apple App Store Reviews. Veja como funciona o processo:<\/p>\n<ol>\n<li>Acesse o Editor on-line e crie a se\u00e7\u00e3o desejada para o plugin Apple App Store Reviews que voc\u00ea deseja integrar ao seu Google Sites.<\/li>\n<li>Escolha um dos nossos modelos prontos e personalize as configura\u00e7\u00f5es do plugin conforme suas prefer\u00eancias. Modifique o design, as cores e adicione seus conte\u00fados \u2013 tudo sem necessidade de codifica\u00e7\u00e3o.<\/li>\n<li>Salve as altera\u00e7\u00f5es e copie o c\u00f3digo incorporado, que pode ser facilmente e gratuitamente inserido no seu Google Sites.<\/li>\n<\/ol>\n<p>Com o editor intuitivo, voc\u00ea pode come\u00e7ar a qualquer momento e criar rapidamente um plugin Apple App Store Reviews para integrar ao seu Google Sites. O acesso ao Editor Elfsight \u00e9 gratuito e n\u00e3o exige o fornecimento de informa\u00e7\u00f5es de pagamento ou cart\u00e3o de cr\u00e9dito. Caso precise de ajuda, nosso suporte ao cliente est\u00e1 sempre \u00e0 disposi\u00e7\u00e3o.<\/p><\/div>\r\n\t\t\t\t\t<\/div>\r\n\t\t\t\t<\/div><\/div>\n<\/div>\n","protected":false},"excerpt":{"rendered":"","protected":false},"author":9,"featured_media":0,"parent":1603,"menu_order":0,"comment_status":"closed","ping_status":"closed","template":"templates\/template-application-platform.php","meta":{"publish_to_discourse":"","publish_post_category":"","wpdc_auto_publish_overridden":"","wpdc_topic_tags":"","wpdc_pin_topic":"","wpdc_pin_until":"","discourse_post_id":"","discourse_permalink":"","wpdc_publishing_response":"","wpdc_publishing_error":"","footnotes":""},"class_list":["post-5674","page","type-page","status-publish","hentry"],"yoast_head":"<!-- This site is optimized with the Yoast SEO plugin v25.3.1 - https:\/\/yoast.com\/wordpress\/plugins\/seo\/ -->\n<title>Avalia\u00e7\u00f5es da Apple App Store - Adicionar widget de avalia\u00e7\u00f5es da Apple ao Google Sites (2025)<\/title>\n<meta name=\"description\" content=\"Implemente um plug-in responsivo de avalia\u00e7\u00f5es da Apple App Store em seu site do Google Sites e obtenha confian\u00e7a total. Utilize a demonstra\u00e7\u00e3o f\u00e1cil de usar da Elfsight para construir sua ferramenta.\" \/>\n<meta name=\"robots\" content=\"index, follow, max-snippet:-1, max-image-preview:large, max-video-preview:-1\" \/>\n<link rel=\"canonical\" href=\"https:\/\/elfsight.com\/pt\/apple-app-store-reviews-widget\/google-sites\/\" \/>\n<meta property=\"og:locale\" content=\"pt_PT\" \/>\n<meta property=\"og:type\" content=\"article\" \/>\n<meta property=\"og:title\" content=\"Avalia\u00e7\u00f5es da Apple App Store - Adicionar widget de avalia\u00e7\u00f5es da Apple ao Google Sites (2025)\" \/>\n<meta property=\"og:description\" content=\"Implemente um plug-in responsivo de avalia\u00e7\u00f5es da Apple App Store em seu site do Google Sites e obtenha confian\u00e7a total. Utilize a demonstra\u00e7\u00e3o f\u00e1cil de usar da Elfsight para construir sua ferramenta.\" \/>\n<meta property=\"og:url\" content=\"https:\/\/elfsight.com\/pt\/apple-app-store-reviews-widget\/google-sites\/\" \/>\n<meta property=\"og:site_name\" content=\"Elfsight PT\" \/>\n<meta property=\"article:modified_time\" content=\"2025-02-27T12:09:43+00:00\" \/>\n<meta name=\"twitter:card\" content=\"summary_large_image\" \/>\n<meta name=\"twitter:label1\" content=\"Tempo estimado de leitura\" \/>\n\t<meta name=\"twitter:data1\" content=\"3 minutos\" \/>\n<!-- \/ Yoast SEO plugin. -->","yoast_head_json":{"title":"Avalia\u00e7\u00f5es da Apple App Store - Adicionar widget de avalia\u00e7\u00f5es da Apple ao Google Sites (2025)","description":"Implemente um plug-in responsivo de avalia\u00e7\u00f5es da Apple App Store em seu site do Google Sites e obtenha confian\u00e7a total. Utilize a demonstra\u00e7\u00e3o f\u00e1cil de usar da Elfsight para construir sua ferramenta.","robots":{"index":"index","follow":"follow","max-snippet":"max-snippet:-1","max-image-preview":"max-image-preview:large","max-video-preview":"max-video-preview:-1"},"canonical":"https:\/\/elfsight.com\/pt\/apple-app-store-reviews-widget\/google-sites\/","og_locale":"pt_PT","og_type":"article","og_title":"Avalia\u00e7\u00f5es da Apple App Store - Adicionar widget de avalia\u00e7\u00f5es da Apple ao Google Sites (2025)","og_description":"Implemente um plug-in responsivo de avalia\u00e7\u00f5es da Apple App Store em seu site do Google Sites e obtenha confian\u00e7a total. Utilize a demonstra\u00e7\u00e3o f\u00e1cil de usar da Elfsight para construir sua ferramenta.","og_url":"https:\/\/elfsight.com\/pt\/apple-app-store-reviews-widget\/google-sites\/","og_site_name":"Elfsight PT","article_modified_time":"2025-02-27T12:09:43+00:00","twitter_card":"summary_large_image","twitter_misc":{"Tempo estimado de leitura":"3 minutos"},"schema":{"@context":"https:\/\/schema.org","@graph":[{"@type":"WebPage","@id":"https:\/\/elfsight.com\/pt\/apple-app-store-reviews-widget\/google-sites\/","url":"https:\/\/elfsight.com\/pt\/apple-app-store-reviews-widget\/google-sites\/","name":"Avalia\u00e7\u00f5es da Apple App Store - Adicionar widget de avalia\u00e7\u00f5es da Apple ao Google Sites (2025)","isPartOf":{"@id":"https:\/\/elfsight.com\/pt\/#website"},"datePublished":"2024-05-03T06:27:58+00:00","dateModified":"2025-02-27T12:09:43+00:00","description":"Implemente um plug-in responsivo de avalia\u00e7\u00f5es da Apple App Store em seu site do Google Sites e obtenha confian\u00e7a total. Utilize a demonstra\u00e7\u00e3o f\u00e1cil de usar da Elfsight para construir sua ferramenta.","breadcrumb":{"@id":"https:\/\/elfsight.com\/pt\/apple-app-store-reviews-widget\/google-sites\/#breadcrumb"},"inLanguage":"pt-PT","potentialAction":[{"@type":"ReadAction","target":["https:\/\/elfsight.com\/pt\/apple-app-store-reviews-widget\/google-sites\/"]}]},{"@type":"BreadcrumbList","@id":"https:\/\/elfsight.com\/pt\/apple-app-store-reviews-widget\/google-sites\/#breadcrumb","itemListElement":[{"@type":"ListItem","position":1,"name":"Home","item":"https:\/\/elfsight.com\/pt\/"},{"@type":"ListItem","position":2,"name":"Apple App Store Reviews","item":"https:\/\/elfsight.com\/pt\/apple-app-store-reviews-widget\/"},{"@type":"ListItem","position":3,"name":"Apple App Store Reviews &#8211; Google Sites"}]},{"@type":"WebSite","@id":"https:\/\/elfsight.com\/pt\/#website","url":"https:\/\/elfsight.com\/pt\/","name":"Elfsight PT","description":"Just another Elfsight Sites site","potentialAction":[{"@type":"SearchAction","target":{"@type":"EntryPoint","urlTemplate":"https:\/\/elfsight.com\/pt\/?s={search_term_string}"},"query-input":{"@type":"PropertyValueSpecification","valueRequired":true,"valueName":"search_term_string"}}],"inLanguage":"pt-PT"}]}},"meta_box":{"industry":"","seo_heading":"","heading":"","description":"","cta_heading":"","cta_description":"","application":"1602","h1":"Widget de avalia\u00e7\u00f5es da App Store do Google Sites","h1_caption":"Aumente a confian\u00e7a revelando coment\u00e1rios de visitantes reais com informa\u00e7\u00f5es do autor","application_category":[],"applications_title":"","applications_request_title":"","applications_request_button_text":"","hero_text":"","hero_video":"","hero_video_schema_markup":"","selling_points_title":"","selling_points_caption":"","selling_points":[],"selling_points_cta_text":"","features_title":"","features":"","ed_cta_examples_text":"","ed_cta_examples_hidden":"","ed_cta_demo_text":"","ed_cta_demo_hidden":"","why_caption":"","why_editor_title":"","why_editor_text":"","why_team_title":"","why_team_text":"","why_service_title":"","why_service_text":"","template_catalog_visible":"0","template_catalog_title":"","template_catalog_text":"","template_catalog_categories_visible":"","demo_title":"Crie seu widget de avalia\u00e7\u00f5es da Apple App Store","demo_caption":"Configure suas avalia\u00e7\u00f5es da Apple App Store e adicione-as ao seu site do Google Sites gratuitamente!","default_faq_hidden":"","app_template_category":[],"platform":"112","template_public_id":"","codecanyon_url":"","codecanyon_item_id":"","codecanyon_price":"","pricing_caption":"","pricing_elfsight_apps_hide_column":"","pricing_elfsight_apps_url":"","pricing_codecanyon_price_caption":"","integration_category":[],"integration_request_title":"","integration_request_cta":"","integration_platform":"","integrations":[],"platform_category":[],"video_schema_markup":"","price":"a partir de US$ 0\/m\u00eas","trial":"","benefits":[{"text":"Assist\u00eancia de instala\u00e7\u00e3o gratuita"},{"text":"Atendimento ao cliente eficaz"},{"text":"Garantia de reembolso de 14 dias"},{"text":"Melhorias gratuitas vital\u00edcias"}],"button_url":"#demo","button_target_blank":"0","button_nofollow":"0","attributes":[{"name":"Instala\u00e7\u00f5es","content":"10,000 - 100,000"},{"name":"Capacidade de resposta","content":"Compat\u00edvel com dispositivos m\u00f3veis"},{"name":"Navegadores compat\u00edveis","content":"Firefox, Safari, Opera, Chrome, Edge"}],"tags":[],"tags_disable_links":"0","hide_more_platforms":"0","video_object":"","demo_hide_cta":"0","demo_hide_cloud_options":"0","pricing_title":"","pricing":[{"pricing_icon":"platform","pricing_title":"Elfsight Apps","pricing_title_caption":"Solu\u00e7\u00e3o digital independente de plataforma","pricing_price":"a partir de US$ 0\/m\u00eas","pricing_price_caption":"comece com plano gratuito","pricing_benefits":[{"text":"Dom\u00ednios ilimitados"},{"text":"Suporte profissional ao cliente"},{"text":"Suporte profissional ao cliente"},{"text":"Pre\u00e7o especial para v\u00e1rios aplicativos"}],"pricing_button_text":"Adicionar ao site","pricing_button_url":"#demo"}],"related_apps_title":"","related_apps_hidden":"0","author":"","image":[],"title":"","job":"","social_networks":[]},"_links":{"self":[{"href":"https:\/\/elfsight.com\/pt\/wp-json\/wp\/v2\/pages\/5674","targetHints":{"allow":["GET"]}}],"collection":[{"href":"https:\/\/elfsight.com\/pt\/wp-json\/wp\/v2\/pages"}],"about":[{"href":"https:\/\/elfsight.com\/pt\/wp-json\/wp\/v2\/types\/page"}],"author":[{"embeddable":true,"href":"https:\/\/elfsight.com\/pt\/wp-json\/wp\/v2\/users\/9"}],"replies":[{"embeddable":true,"href":"https:\/\/elfsight.com\/pt\/wp-json\/wp\/v2\/comments?post=5674"}],"version-history":[{"count":2,"href":"https:\/\/elfsight.com\/pt\/wp-json\/wp\/v2\/pages\/5674\/revisions"}],"predecessor-version":[{"id":14063,"href":"https:\/\/elfsight.com\/pt\/wp-json\/wp\/v2\/pages\/5674\/revisions\/14063"}],"up":[{"embeddable":true,"href":"https:\/\/elfsight.com\/pt\/wp-json\/wp\/v2\/pages\/1603"}],"wp:attachment":[{"href":"https:\/\/elfsight.com\/pt\/wp-json\/wp\/v2\/media?parent=5674"}],"curies":[{"name":"wp","href":"https:\/\/api.w.org\/{rel}","templated":true}]}}