{"id":5673,"date":"2024-05-03T06:27:57","date_gmt":"2024-05-03T06:27:57","guid":{"rendered":"https:\/\/elfsight.com\/pt\/?page_id=5673"},"modified":"2024-06-25T09:47:21","modified_gmt":"2024-06-25T09:47:21","slug":"godaddy","status":"publish","type":"page","link":"https:\/\/elfsight.com\/pt\/apple-app-store-reviews-widget\/godaddy\/","title":{"rendered":"Apple App Store Reviews  &#8211; GoDaddy"},"content":{"rendered":"<div class=\"application-platform-content-item-description application-platform-content-item\" id=\"description\" data-nav-section=\"description\"> <h2>Incorpore avalia\u00e7\u00f5es da Apple App Store no GoDaddy com o widget Elfsight<\/h2> <p>As avalia\u00e7\u00f5es da Apple App Store da Elfsight s\u00e3o uma ferramenta \u00fatil que permite que voc\u00ea para demonstrar os coment\u00e1rios sobre seus produtos diretamente em seu site. Nosso plugin, voc\u00ea conseguir\u00e1 usar filtros para ocultar coment\u00e1rios indesejados, mostrar sua classifica\u00e7\u00e3o por estrelas e n\u00fameros do GoDaddy, demonstrar informa\u00e7\u00f5es sobre os autores dos coment\u00e1rios e adicionar um CTA que inspirar\u00e1 os usu\u00e1rios a postar seus coment\u00e1rios no GoDaddy. Avalia\u00e7\u00f5es da Elfsight Apple App Store ajudar\u00e3o a exibir sua alta prova social no site e atrair novas vendas. <\/p> <p><b>Amplie o alcance dos seus coment\u00e1rios na Apple App Store e publique-os no seu site. <\/b><\/p> <\/div> <div class=\"application-platform-content-item-features application-platform-content-item\" id=\"features\" data-nav-section=\"features\"> <h2>Principais recursos do widget de avalia\u00e7\u00f5es da Apple App Store<\/h2> <p>Verifique todos os recursos do produto. Eles est\u00e3o dispon\u00edveis diretamente no editor e ajudar\u00e3o voc\u00ea a construir o plugin certo para o seu caso de uso. <\/p> <ul> <li>Escolher a velocidade do slide e a velocidade de reprodu\u00e7\u00e3o autom\u00e1tica; <\/li> <li>Selecionando o tipo de pagina\u00e7\u00e3o no layout do Slider; <\/li> <li>Largura e altura responsivas; <\/li> <li>Cabe\u00e7alho altern\u00e1vel do plugin; <\/li> <\/ul> <p><a href=\"#demo\">Veja como todos os recursos funcionam em nossa demonstra\u00e7\u00e3o<\/a><\/p> <\/div> <div class=\"application-platform-content-item-installation application-platform-content-item\" id=\"installation\" data-nav-section=\"installation\"> <h2>Como posso integrar as avalia\u00e7\u00f5es da Apple App Store com o GoDaddy? <\/h2> <p>Para inserir o plugin, basta seguir as orienta\u00e7\u00f5es abaixo. <\/p> <ul> <li><b>Crie seu plugin de produto personalizado<\/b><br> Gerenciando nossa demonstra\u00e7\u00e3o gratuita, gere um plugin com composi\u00e7\u00e3o e fun\u00e7\u00f5es selecionadas. <\/li> <li><b>Adquira o c\u00f3digo individual para exibir o plugin<\/b><br> Depois de gerar o seu plugin, voc\u00ea receber\u00e1 o c\u00f3digo de instala\u00e7\u00e3o na notifica\u00e7\u00e3o pop-up nos aplicativos da Elfsight. Copie este c\u00f3digo para uso posterior. <\/li> <li><b>Adicione o plug-in ao seu site GoDaddy<\/b><br> Encontre a \u00e1rea na qual deseja incorporar o plug-in e adicione o c\u00f3digo salvo l\u00e1. Salve os resultados. <\/li> <li><b>Voc\u00ea completou a instala\u00e7\u00e3o<\/b><br> Acesse o site para visualizar seu plugin. <\/li> <\/ul> <p>N\u00e3o hesite em entrar em contato com o atendimento ao cliente quando precisar de ajuda ou tiver d\u00favidas. Ficaremos felizes em ajudar com todas as d\u00favidas. <\/p> <div class=\"faq\" data-component=\"FAQ\"><div class=\"faq-item\">\r\n\t\t\t\t\t<div class=\"faq-item-question\">\r\n\t\t\t\t\t\t<h3 class=\"faq-item-question-text\">Como posso incorporar o plugin GoDaddy App Store Reviews no meu site sem conhecimentos de codifica\u00e7\u00e3o?<\/h3>\r\n\r\n\t\t\t\t\t\t<div class=\"faq-item-question-icon\"><\/div>\r\n\t\t\t\t\t<\/div>\r\n\r\n\t\t\t\t\t<div class=\"faq-item-answer\">\r\n\t\t\t\t\t\t<div class=\"faq-item-answer-text\"><p>A Elfsight oferece uma solu\u00e7\u00e3o baseada na nuvem que permite aos usu\u00e1rios criar avalia\u00e7\u00f5es da GoDaddy App Store plugin por conta pr\u00f3pria. Observe como o processo \u00e9 simples:<\/p><ul><li>Acesse o Editor on-line para gerar uma se\u00e7\u00e3o de plug-in GoDaddy App Store Reviews que voc\u00ea gostaria de integrar ao seu site.<\/li><li>Selecione um dos seguintes: nossos modelos pr\u00e9-projetados e definir as configura\u00e7\u00f5es do plug-in GoDaddy App Store Reviews, modificar o layout e o esquema de cores, incluir seu conte\u00fado sem qualquer necessidade de codifica\u00e7\u00e3o.<\/li><li>Preservar as configura\u00e7\u00f5es que voc\u00ea personalizou para a GoDaddy App Store Revise o plug-in e adquira o c\u00f3digo para incorpora\u00e7\u00e3o, que pode ser facilmente inserido em seu site sem nenhum custo.<\/li><\/ul><p>Ao trabalhar no editor amig\u00e1vel, qualquer usu\u00e1rio da Internet pode criar uma GoDaddy App Store Revise a se\u00e7\u00e3o de plug-ins e incorpore-a em seu site. N\u00e3o h\u00e1 exig\u00eancia de pagamento ou divulga\u00e7\u00e3o dos dados do seu cart\u00e3o para acessar o Editor Elfsight. Se voc\u00ea encontrar alguma dificuldade em qualquer est\u00e1gio, sinta-se \u00e0 vontade para entrar em contato com nosso suporte ao cliente.<\/p><\/div>\r\n\t\t\t\t\t<\/div>\r\n\t\t\t\t<\/div><\/div><\/div>","protected":false},"excerpt":{"rendered":"","protected":false},"author":9,"featured_media":0,"parent":1603,"menu_order":0,"comment_status":"closed","ping_status":"closed","template":"templates\/template-application-platform.php","meta":{"publish_to_discourse":"","publish_post_category":"","wpdc_auto_publish_overridden":"","wpdc_topic_tags":"","wpdc_pin_topic":"","wpdc_pin_until":"","discourse_post_id":"","discourse_permalink":"","wpdc_publishing_response":"","wpdc_publishing_error":"","footnotes":""},"class_list":["post-5673","page","type-page","status-publish","hentry"],"yoast_head":"<!-- This site is optimized with the Yoast SEO plugin v25.3.1 - https:\/\/yoast.com\/wordpress\/plugins\/seo\/ -->\n<title>Avalia\u00e7\u00f5es da App Store - Adicione o plugin de avalia\u00e7\u00f5es ao site GoDaddy!<\/title>\n<meta name=\"description\" content=\"Crie um plugin atraente de avalia\u00e7\u00f5es da App Store para o seu site GoDaddy! Utilize a demonstra\u00e7\u00e3o pr\u00e1tica da Elfsight e crie a sua ferramenta com apenas alguns cliques!\" \/>\n<meta name=\"robots\" content=\"index, follow, max-snippet:-1, max-image-preview:large, max-video-preview:-1\" \/>\n<link rel=\"canonical\" href=\"https:\/\/elfsight.com\/pt\/apple-app-store-reviews-widget\/godaddy\/\" \/>\n<meta property=\"og:locale\" content=\"pt_PT\" \/>\n<meta property=\"og:type\" content=\"article\" \/>\n<meta property=\"og:title\" content=\"Avalia\u00e7\u00f5es da App Store - Adicione o plugin de avalia\u00e7\u00f5es ao site GoDaddy!\" \/>\n<meta property=\"og:description\" content=\"Crie um plugin atraente de avalia\u00e7\u00f5es da App Store para o seu site GoDaddy! Utilize a demonstra\u00e7\u00e3o pr\u00e1tica da Elfsight e crie a sua ferramenta com apenas alguns cliques!\" \/>\n<meta property=\"og:url\" content=\"https:\/\/elfsight.com\/pt\/apple-app-store-reviews-widget\/godaddy\/\" \/>\n<meta property=\"og:site_name\" content=\"Elfsight PT\" \/>\n<meta property=\"article:modified_time\" content=\"2024-06-25T09:47:21+00:00\" \/>\n<meta name=\"twitter:card\" content=\"summary_large_image\" \/>\n<meta name=\"twitter:label1\" content=\"Tempo estimado de leitura\" \/>\n\t<meta name=\"twitter:data1\" content=\"3 minutos\" \/>\n<!-- \/ Yoast SEO plugin. -->","yoast_head_json":{"title":"Avalia\u00e7\u00f5es da App Store - Adicione o plugin de avalia\u00e7\u00f5es ao site GoDaddy!","description":"Crie um plugin atraente de avalia\u00e7\u00f5es da App Store para o seu site GoDaddy! Utilize a demonstra\u00e7\u00e3o pr\u00e1tica da Elfsight e crie a sua ferramenta com apenas alguns cliques!","robots":{"index":"index","follow":"follow","max-snippet":"max-snippet:-1","max-image-preview":"max-image-preview:large","max-video-preview":"max-video-preview:-1"},"canonical":"https:\/\/elfsight.com\/pt\/apple-app-store-reviews-widget\/godaddy\/","og_locale":"pt_PT","og_type":"article","og_title":"Avalia\u00e7\u00f5es da App Store - Adicione o plugin de avalia\u00e7\u00f5es ao site GoDaddy!","og_description":"Crie um plugin atraente de avalia\u00e7\u00f5es da App Store para o seu site GoDaddy! Utilize a demonstra\u00e7\u00e3o pr\u00e1tica da Elfsight e crie a sua ferramenta com apenas alguns cliques!","og_url":"https:\/\/elfsight.com\/pt\/apple-app-store-reviews-widget\/godaddy\/","og_site_name":"Elfsight PT","article_modified_time":"2024-06-25T09:47:21+00:00","twitter_card":"summary_large_image","twitter_misc":{"Tempo estimado de leitura":"3 minutos"},"schema":{"@context":"https:\/\/schema.org","@graph":[{"@type":"WebPage","@id":"https:\/\/elfsight.com\/pt\/apple-app-store-reviews-widget\/godaddy\/","url":"https:\/\/elfsight.com\/pt\/apple-app-store-reviews-widget\/godaddy\/","name":"Avalia\u00e7\u00f5es da App Store - Adicione o plugin de avalia\u00e7\u00f5es ao site GoDaddy!","isPartOf":{"@id":"https:\/\/elfsight.com\/pt\/#website"},"datePublished":"2024-05-03T06:27:57+00:00","dateModified":"2024-06-25T09:47:21+00:00","description":"Crie um plugin atraente de avalia\u00e7\u00f5es da App Store para o seu site GoDaddy! Utilize a demonstra\u00e7\u00e3o pr\u00e1tica da Elfsight e crie a sua ferramenta com apenas alguns cliques!","breadcrumb":{"@id":"https:\/\/elfsight.com\/pt\/apple-app-store-reviews-widget\/godaddy\/#breadcrumb"},"inLanguage":"pt-PT","potentialAction":[{"@type":"ReadAction","target":["https:\/\/elfsight.com\/pt\/apple-app-store-reviews-widget\/godaddy\/"]}]},{"@type":"BreadcrumbList","@id":"https:\/\/elfsight.com\/pt\/apple-app-store-reviews-widget\/godaddy\/#breadcrumb","itemListElement":[{"@type":"ListItem","position":1,"name":"Home","item":"https:\/\/elfsight.com\/pt\/"},{"@type":"ListItem","position":2,"name":"Apple App Store Reviews","item":"https:\/\/elfsight.com\/pt\/apple-app-store-reviews-widget\/"},{"@type":"ListItem","position":3,"name":"Apple App Store Reviews &#8211; GoDaddy"}]},{"@type":"WebSite","@id":"https:\/\/elfsight.com\/pt\/#website","url":"https:\/\/elfsight.com\/pt\/","name":"Elfsight PT","description":"Just another Elfsight Sites site","potentialAction":[{"@type":"SearchAction","target":{"@type":"EntryPoint","urlTemplate":"https:\/\/elfsight.com\/pt\/?s={search_term_string}"},"query-input":{"@type":"PropertyValueSpecification","valueRequired":true,"valueName":"search_term_string"}}],"inLanguage":"pt-PT"}]}},"meta_box":{"industry":"","seo_heading":"","heading":"","description":"","cta_heading":"","cta_description":"","application":"1602","h1":"Plug-in de avalia\u00e7\u00f5es da GoDaddy App Store","h1_caption":"Aumente a confian\u00e7a revelando coment\u00e1rios de visitantes reais com informa\u00e7\u00f5es do autor","application_category":[],"applications_title":"","applications_request_title":"","applications_request_button_text":"","hero_text":"","hero_video":"","hero_video_schema_markup":"","selling_points_title":"","selling_points_caption":"","selling_points":[],"selling_points_cta_text":"","features_title":"","features":"","ed_cta_examples_text":"","ed_cta_examples_hidden":"","ed_cta_demo_text":"","ed_cta_demo_hidden":"","why_caption":"","why_editor_title":"","why_editor_text":"","why_team_title":"","why_team_text":"","why_service_title":"","why_service_text":"","template_catalog_visible":"","template_catalog_title":"","template_catalog_text":"","template_catalog_categories_visible":"","demo_title":"Reserve um minuto para construir um produto para o seu site!","demo_caption":"Voc\u00ea pode personalizar o plugin no editor e adicion\u00e1-lo ao seu site diretamente por meio da demonstra\u00e7\u00e3o.","default_faq_hidden":"","app_template_category":[],"platform":"4908","template_public_id":"","codecanyon_url":"","codecanyon_item_id":"","codecanyon_price":"","pricing_caption":"","pricing_elfsight_apps_hide_column":"","pricing_elfsight_apps_url":"","pricing_codecanyon_price_caption":"","integration_category":[],"integration_request_title":"","integration_request_cta":"","integration_platform":"","integrations":[],"platform_category":[],"video_schema_markup":"","price":"a partir de US$ 0\/m\u00eas","trial":"","benefits":[{"text":"Assist\u00eancia de instala\u00e7\u00e3o gratuita"},{"text":"Atendimento ao cliente eficaz"},{"text":"Garantia de devolu\u00e7\u00e3o do dinheiro em 14 dias"},{"text":"Atualiza\u00e7\u00f5es gratuitas vital\u00edcias"}],"button_url":"#demo","button_target_blank":"","button_nofollow":"","attributes":[{"name":"Instala\u00e7\u00f5es","content":"10,000 - 100,000"},{"name":"Responsivo","content":"Sim"},{"name":"Navegadores compat\u00edveis","content":"IE11, Firefox, Safari, Opera, Chrome, Edge"}],"tags":[],"tags_disable_links":"","hide_more_platforms":"","video_object":"","demo_hide_cta":"","demo_hide_cloud_options":"","pricing_title":"","pricing":[{"pricing_icon":"platform","pricing_title":"Elfsight Apps","pricing_title_caption":"Solu\u00e7\u00e3o multiplataforma adequada para qualquer site","pricing_price":"a partir de US$ 0\/m\u00eas","pricing_price_caption":"comece com plano gratuito","pricing_benefits":[{"text":"Dom\u00ednios ilimitados"},{"text":"Suporte ao cliente 24 horas por dia, 7 dias por semana e bem documentado"},{"text":"Suporte ao cliente 24 horas por dia, 7 dias por semana e bem documentado"},{"text":"100% personaliz\u00e1vel"}],"pricing_button_text":"Adicionar ao site","pricing_button_url":"#demo"}],"related_apps_title":"","related_apps_hidden":"","author":"","image":[],"title":"","job":"","social_networks":[]},"_links":{"self":[{"href":"https:\/\/elfsight.com\/pt\/wp-json\/wp\/v2\/pages\/5673","targetHints":{"allow":["GET"]}}],"collection":[{"href":"https:\/\/elfsight.com\/pt\/wp-json\/wp\/v2\/pages"}],"about":[{"href":"https:\/\/elfsight.com\/pt\/wp-json\/wp\/v2\/types\/page"}],"author":[{"embeddable":true,"href":"https:\/\/elfsight.com\/pt\/wp-json\/wp\/v2\/users\/9"}],"replies":[{"embeddable":true,"href":"https:\/\/elfsight.com\/pt\/wp-json\/wp\/v2\/comments?post=5673"}],"version-history":[{"count":1,"href":"https:\/\/elfsight.com\/pt\/wp-json\/wp\/v2\/pages\/5673\/revisions"}],"predecessor-version":[{"id":5677,"href":"https:\/\/elfsight.com\/pt\/wp-json\/wp\/v2\/pages\/5673\/revisions\/5677"}],"up":[{"embeddable":true,"href":"https:\/\/elfsight.com\/pt\/wp-json\/wp\/v2\/pages\/1603"}],"wp:attachment":[{"href":"https:\/\/elfsight.com\/pt\/wp-json\/wp\/v2\/media?parent=5673"}],"curies":[{"name":"wp","href":"https:\/\/api.w.org\/{rel}","templated":true}]}}