{"id":5672,"date":"2024-05-03T06:27:56","date_gmt":"2024-05-03T06:27:56","guid":{"rendered":"https:\/\/elfsight.com\/pt\/?page_id=5672"},"modified":"2024-11-12T15:31:29","modified_gmt":"2024-11-12T15:31:29","slug":"prestashop","status":"publish","type":"page","link":"https:\/\/elfsight.com\/pt\/apple-app-store-reviews-widget\/prestashop\/","title":{"rendered":"Apple App Store Reviews &#8211; PrestaShop"},"content":{"rendered":"<div class=\"application-platform-content-item-description application-platform-content-item\" id=\"description\" data-nav-section=\"description\"> <h2>Descri\u00e7\u00e3o<\/h2> <p>Elfsight Apple App Store Reviews \u00e9 um instrumento \u00fatil que lhe d\u00e1 a oportunidade de mostrar os depoimentos sobre sua mercadoria corretamente em sua p\u00e1gina da web em todos os sites populares de avalia\u00e7\u00e3o de neg\u00f3cios. Usando nosso widget, voc\u00ea poder\u00e1 aplicar filtros para ocultar depoimentos indesej\u00e1veis, exibir sua classifica\u00e7\u00e3o por estrelas e n\u00famero de sua conta em qualquer site de avalia\u00e7\u00f5es de neg\u00f3cios, adicionar dados sobre os criadores das avalia\u00e7\u00f5es e adicionar uma frase de chamariz bot\u00e3o que far\u00e1 com que os usu\u00e1rios postem suas ideias. O widget Apple App Store Reviews ir\u00e1 pression\u00e1-lo a mostrar sua excelente prova social no site e come\u00e7ar a ter mais novas vendas. <\/p><p><b>Com as avalia\u00e7\u00f5es da Apple App Store, alcance um forte desenvolvimento de neg\u00f3cios e aumento de vendas <\/b><\/p> <\/div> <div class=\"application-platform-content-item-features application-platform-content-item\" id=\"features\" data-nav-section=\"features\"> <h2>O widget oferece recursos poderosos e recursos r\u00e1pidos, veja alguns deles: <\/h2> <ul><li>Integrar avalia\u00e7\u00f5es de clientes do Apple App Store Places<\/li><li>3 tipos de filtros: por tipo, quantidade de avalia\u00e7\u00f5es e excluir por<\/li><li>Quatro tipos de layout: Slider, Lista, Grade e Alvenaria<\/li><li>arrasta navega\u00e7\u00e3o e tipos de setas no layout Slider<\/li><li>Definir velocidade de slide e velocidade de reprodu\u00e7\u00e3o autom\u00e1tica<\/li><li>Selecione o tipo de pagina\u00e7\u00e3o no layout do controle deslizante<\/li><li>Bot\u00e3o CTA para obter avalia\u00e7\u00f5es de novos usu\u00e1rios na p\u00e1gina da Apple App Store<\/li><li>3 modelos de revis\u00e3o: Spotlight, Classic, Bubble<\/li><li> Seis elementos flex\u00edveis das avalia\u00e7\u00f5es: data e classifica\u00e7\u00e3o por estrelas, foto, recomenda\u00e7\u00e3o, nome do autor e \u00edcone da Apple App Store<\/li><li>Uma op\u00e7\u00e3o para alterar o tamanho da fonte do texto da avalia\u00e7\u00e3o<\/li><\/ul><p> <a href=\"#demo\">Explore todas as op\u00e7\u00f5es de personaliza\u00e7\u00e3o na demonstra\u00e7\u00e3o completa<\/a><\/p> <\/div> <div class=\"application-platform-content-item-installation application-platform-content-item\" id=\"installation\" data-nav-section=\"installation\"> <h2>Como adicionar a Apple App Store ao meu Site PrestaShop? <\/h2> <p>Basta seguir as orienta\u00e7\u00f5es abaixo para integrar o complemento. <\/p> <ol><li><b>Inicie nosso editor gratuito e comece a moldar seu instrumento personalizado. <\/b><br> Especifique a apar\u00eancia e os aspectos desej\u00e1veis \u200b\u200bdo widget e aplique as modifica\u00e7\u00f5es. <\/li> <li><b>Adquira o seu c\u00f3digo pessoal que aparece na janela das aplica\u00e7\u00f5es Elfsight. <\/b><br> Ap\u00f3s a conclus\u00e3o da configura\u00e7\u00e3o do seu widget, copie o c\u00f3digo individual no pop-up que aparece e salve-o para uso futuro. <\/li> <li><b>Iniciar a utiliza\u00e7\u00e3o do widget na p\u00e1gina inicial do PrestaShop. <\/b><br> Implemente o c\u00f3digo salvo anteriormente em sua p\u00e1gina inicial e salve as corre\u00e7\u00f5es. <\/li> <li><b>Conclu\u00eddo! A incorpora\u00e7\u00e3o est\u00e1 totalmente conclu\u00edda. <\/b><br> Acesse seu site para ver como a ferramenta est\u00e1 funcionando. <\/li><\/ol> <p>Na condi\u00e7\u00e3o de enfrentar d\u00favidas ou enfrentar quaisquer problemas, sinta-se \u00e0 vontade para entrar em contato com nossa equipe de atendimento ao cliente. Nossos consultores est\u00e3o ansiosos para ajud\u00e1-lo com todos os problemas que voc\u00ea possa ter com a ferramenta. <\/p> <\/div>","protected":false},"excerpt":{"rendered":"","protected":false},"author":9,"featured_media":0,"parent":1603,"menu_order":0,"comment_status":"closed","ping_status":"closed","template":"templates\/template-application-platform.php","meta":{"publish_to_discourse":"","publish_post_category":"","wpdc_auto_publish_overridden":"","wpdc_topic_tags":"","wpdc_pin_topic":"","wpdc_pin_until":"","discourse_post_id":"","discourse_permalink":"","wpdc_publishing_response":"","wpdc_publishing_error":"","footnotes":""},"class_list":["post-5672","page","type-page","status-publish","hentry"],"yoast_head":"<!-- This site is optimized with the Yoast SEO plugin v25.3.1 - https:\/\/yoast.com\/wordpress\/plugins\/seo\/ -->\n<title>Incorpore avalia\u00e7\u00f5es da Apple em seu site PrestaShop (f\u00e1cil e r\u00e1pido)<\/title>\n<meta name=\"description\" content=\"\u00c9 um processo f\u00e1cil criar seu pr\u00f3prio widget Apple Reviews e public\u00e1-lo em seu site PrestaShop. O atendimento ao cliente da Elfsight \u00e9 gratuito.\" \/>\n<meta name=\"robots\" content=\"index, follow, max-snippet:-1, max-image-preview:large, max-video-preview:-1\" \/>\n<link rel=\"canonical\" href=\"https:\/\/elfsight.com\/pt\/apple-app-store-reviews-widget\/prestashop\/\" \/>\n<meta property=\"og:locale\" content=\"pt_PT\" \/>\n<meta property=\"og:type\" content=\"article\" \/>\n<meta property=\"og:title\" content=\"Incorpore avalia\u00e7\u00f5es da Apple em seu site PrestaShop (f\u00e1cil e r\u00e1pido)\" \/>\n<meta property=\"og:description\" content=\"\u00c9 um processo f\u00e1cil criar seu pr\u00f3prio widget Apple Reviews e public\u00e1-lo em seu site PrestaShop. O atendimento ao cliente da Elfsight \u00e9 gratuito.\" \/>\n<meta property=\"og:url\" content=\"https:\/\/elfsight.com\/pt\/apple-app-store-reviews-widget\/prestashop\/\" \/>\n<meta property=\"og:site_name\" content=\"Elfsight PT\" \/>\n<meta property=\"article:modified_time\" content=\"2024-11-12T15:31:29+00:00\" \/>\n<meta name=\"twitter:card\" content=\"summary_large_image\" \/>\n<meta name=\"twitter:label1\" content=\"Tempo estimado de leitura\" \/>\n\t<meta name=\"twitter:data1\" content=\"2 minutos\" \/>\n<!-- \/ Yoast SEO plugin. -->","yoast_head_json":{"title":"Incorpore avalia\u00e7\u00f5es da Apple em seu site PrestaShop (f\u00e1cil e r\u00e1pido)","description":"\u00c9 um processo f\u00e1cil criar seu pr\u00f3prio widget Apple Reviews e public\u00e1-lo em seu site PrestaShop. O atendimento ao cliente da Elfsight \u00e9 gratuito.","robots":{"index":"index","follow":"follow","max-snippet":"max-snippet:-1","max-image-preview":"max-image-preview:large","max-video-preview":"max-video-preview:-1"},"canonical":"https:\/\/elfsight.com\/pt\/apple-app-store-reviews-widget\/prestashop\/","og_locale":"pt_PT","og_type":"article","og_title":"Incorpore avalia\u00e7\u00f5es da Apple em seu site PrestaShop (f\u00e1cil e r\u00e1pido)","og_description":"\u00c9 um processo f\u00e1cil criar seu pr\u00f3prio widget Apple Reviews e public\u00e1-lo em seu site PrestaShop. O atendimento ao cliente da Elfsight \u00e9 gratuito.","og_url":"https:\/\/elfsight.com\/pt\/apple-app-store-reviews-widget\/prestashop\/","og_site_name":"Elfsight PT","article_modified_time":"2024-11-12T15:31:29+00:00","twitter_card":"summary_large_image","twitter_misc":{"Tempo estimado de leitura":"2 minutos"},"schema":{"@context":"https:\/\/schema.org","@graph":[{"@type":"WebPage","@id":"https:\/\/elfsight.com\/pt\/apple-app-store-reviews-widget\/prestashop\/","url":"https:\/\/elfsight.com\/pt\/apple-app-store-reviews-widget\/prestashop\/","name":"Incorpore avalia\u00e7\u00f5es da Apple em seu site PrestaShop (f\u00e1cil e r\u00e1pido)","isPartOf":{"@id":"https:\/\/elfsight.com\/pt\/#website"},"datePublished":"2024-05-03T06:27:56+00:00","dateModified":"2024-11-12T15:31:29+00:00","description":"\u00c9 um processo f\u00e1cil criar seu pr\u00f3prio widget Apple Reviews e public\u00e1-lo em seu site PrestaShop. O atendimento ao cliente da Elfsight \u00e9 gratuito.","breadcrumb":{"@id":"https:\/\/elfsight.com\/pt\/apple-app-store-reviews-widget\/prestashop\/#breadcrumb"},"inLanguage":"pt-PT","potentialAction":[{"@type":"ReadAction","target":["https:\/\/elfsight.com\/pt\/apple-app-store-reviews-widget\/prestashop\/"]}]},{"@type":"BreadcrumbList","@id":"https:\/\/elfsight.com\/pt\/apple-app-store-reviews-widget\/prestashop\/#breadcrumb","itemListElement":[{"@type":"ListItem","position":1,"name":"Home","item":"https:\/\/elfsight.com\/pt\/"},{"@type":"ListItem","position":2,"name":"Apple App Store Reviews","item":"https:\/\/elfsight.com\/pt\/apple-app-store-reviews-widget\/"},{"@type":"ListItem","position":3,"name":"Apple App Store Reviews &#8211; PrestaShop"}]},{"@type":"WebSite","@id":"https:\/\/elfsight.com\/pt\/#website","url":"https:\/\/elfsight.com\/pt\/","name":"Elfsight PT","description":"Just another Elfsight Sites site","potentialAction":[{"@type":"SearchAction","target":{"@type":"EntryPoint","urlTemplate":"https:\/\/elfsight.com\/pt\/?s={search_term_string}"},"query-input":{"@type":"PropertyValueSpecification","valueRequired":true,"valueName":"search_term_string"}}],"inLanguage":"pt-PT"}]}},"meta_box":{"industry":"","seo_heading":"","heading":"","description":"","cta_heading":"","cta_description":"","application":"1602","h1":"Complemento de avalia\u00e7\u00f5es da Apple App Store para PrestaShop","h1_caption":"Aumente a confian\u00e7a do cliente, demonstrando depoimentos sobre sua empresa diretamente em seu site","application_category":[],"applications_title":"","applications_request_title":"","applications_request_button_text":"","hero_text":"","hero_video":"","hero_video_schema_markup":"","selling_points_title":"","selling_points_caption":"","selling_points":[],"selling_points_cta_text":"","features_title":"","features":"","ed_cta_examples_text":"","ed_cta_examples_hidden":"","ed_cta_demo_text":"","ed_cta_demo_hidden":"","why_caption":"","why_editor_title":"","why_editor_text":"","why_team_title":"","why_team_text":"","why_service_title":"","why_service_text":"","template_catalog_visible":"","template_catalog_title":"","template_catalog_text":"","template_catalog_categories_visible":"","demo_title":"Crie seu complemento de avalia\u00e7\u00f5es da Apple App Store","demo_caption":"Configure suas avalia\u00e7\u00f5es da Apple App Store e adicione-as ao seu site PrestaShop gratuitamente!","default_faq_hidden":"","app_template_category":[],"platform":"5343","template_public_id":"","codecanyon_url":"","codecanyon_item_id":"","codecanyon_price":"","pricing_caption":"","pricing_elfsight_apps_hide_column":"","pricing_elfsight_apps_url":"","pricing_codecanyon_price_caption":"","integration_category":[],"integration_request_title":"","integration_request_cta":"","integration_platform":"","integrations":[],"platform_category":[],"video_schema_markup":"","price":"a partir de US$ 0\/m\u00eas","trial":"","benefits":[{"text":"Assist\u00eancia de instala\u00e7\u00e3o gratuita"},{"text":"Suporte ao cliente experiente"},{"text":"Garantia de reembolso de 14 dias"},{"text":"Atualiza\u00e7\u00f5es cont\u00ednuas"}],"button_url":"#demo","button_target_blank":"","button_nofollow":"","attributes":[{"name":"Instala\u00e7\u00f5es","content":"10,000 - 100,000"},{"name":"Responsivo","content":"Sim"},{"name":"Navegadores compat\u00edveis","content":"Firefox, Safari, Opera, Chrome, Edge"}],"tags":[],"tags_disable_links":"","hide_more_platforms":"","video_object":"","demo_hide_cta":"","demo_hide_cloud_options":"","pricing_title":"","pricing":[{"pricing_icon":"platform","pricing_title":"Elfsight Apps","pricing_title_caption":"Solu\u00e7\u00e3o digital multiplataforma","pricing_price":"a partir de US$ 0\/m\u00eas","pricing_price_caption":"comece com um plano gratuito","pricing_benefits":[{"text":"Sites ilimitados"},{"text":"Suporte gratuito ao cliente e bem documentado"},{"text":"Suporte gratuito ao cliente e bem documentado"},{"text":"100% personaliz\u00e1vel"}],"pricing_button_text":"Adicionar ao site","pricing_button_url":"#demo"}],"related_apps_title":"","related_apps_hidden":"","author":"","image":[],"title":"","job":"","social_networks":[]},"_links":{"self":[{"href":"https:\/\/elfsight.com\/pt\/wp-json\/wp\/v2\/pages\/5672","targetHints":{"allow":["GET"]}}],"collection":[{"href":"https:\/\/elfsight.com\/pt\/wp-json\/wp\/v2\/pages"}],"about":[{"href":"https:\/\/elfsight.com\/pt\/wp-json\/wp\/v2\/types\/page"}],"author":[{"embeddable":true,"href":"https:\/\/elfsight.com\/pt\/wp-json\/wp\/v2\/users\/9"}],"replies":[{"embeddable":true,"href":"https:\/\/elfsight.com\/pt\/wp-json\/wp\/v2\/comments?post=5672"}],"version-history":[{"count":1,"href":"https:\/\/elfsight.com\/pt\/wp-json\/wp\/v2\/pages\/5672\/revisions"}],"predecessor-version":[{"id":5676,"href":"https:\/\/elfsight.com\/pt\/wp-json\/wp\/v2\/pages\/5672\/revisions\/5676"}],"up":[{"embeddable":true,"href":"https:\/\/elfsight.com\/pt\/wp-json\/wp\/v2\/pages\/1603"}],"wp:attachment":[{"href":"https:\/\/elfsight.com\/pt\/wp-json\/wp\/v2\/media?parent=5672"}],"curies":[{"name":"wp","href":"https:\/\/api.w.org\/{rel}","templated":true}]}}