{"id":5506,"date":"2024-05-03T06:26:38","date_gmt":"2024-05-03T06:26:38","guid":{"rendered":"https:\/\/elfsight.com\/pt\/?page_id=5506"},"modified":"2024-11-12T15:31:37","modified_gmt":"2024-11-12T15:31:37","slug":"prestashop","status":"publish","type":"page","link":"https:\/\/elfsight.com\/pt\/all-in-one-chat-widget\/prestashop\/","title":{"rendered":"All-in-One Chat &#8211; PrestaShop"},"content":{"rendered":"<div class=\"application-platform-content-item-description application-platform-content-item\" id=\"description\" data-nav-section=\"description\"> <h2>Descri\u00e7\u00e3o<\/h2> <p>O All-in-One Chat da Elfsight \u00e9 uma maneira simples de a clientela do seu site permanecer conectada com voc\u00ea e receber respostas \u00e0s suas perguntas e solicita\u00e7\u00f5es. Agora voc\u00ea pode estar sempre dispon\u00edvel ao vivo para os clientes em seu confort\u00e1vel messenger. Insira o All-in-One Chat em uma p\u00e1gina da web e fa\u00e7a-o aparecer em p\u00e1ginas espec\u00edficas ou para determinados tipos de clientes, escolha gatilhos para iniciar o chat, inclua sua mensagem pessoal de boas-vindas, alinhe \u00edcones e muito mais. Ao usar o bate-papo All-in-One incorporado \u00e0 p\u00e1gina da web, voc\u00ea permanecer\u00e1 informado sobre seu p\u00fablico em todos os momentos e em qualquer lugar. <\/p> <p><b>Torne seu site mais eficaz para objetivos de neg\u00f3cios com a ajuda do chat ao vivo<\/b><\/p> <\/div> <div class=\"application-platform-content-item-features application-platform-content-item\" id=\"features\" data-nav-section=\"features\"> <h2>O widget inclui recursos valiosos e r\u00e1pidos, veja alguns deles: <\/h2> <ul><li>Use CTAs para orientar seu p\u00fablico rumo \u00e0 convers\u00e3o. <\/li><li>Ajuste a dura\u00e7\u00e3o da mudan\u00e7a de slide. <\/li><li>Escolha entre muitas op\u00e7\u00f5es. <\/li><li>Coloque seu conte\u00fado em qualquer lugar da p\u00e1gina por meio de posi\u00e7\u00e3o avan\u00e7ada. <\/li><li>Modifique 5 elementos de conte\u00fado. <\/li><\/ul><p><a href=\"#demo\">Basta verificar esta demonstra\u00e7\u00e3o para ver quanto vale o widget<\/a><\/p> <\/div> <div class=\"application-platform-content-item-installation application-platform-content-item\" id=\"installation\" data-nav-section=\"installation\"> <h2>Como posso incorporar o All-in-One Chat no meu site PrestaShop? <\/h2> <p>Basta seguir as orienta\u00e7\u00f5es abaixo para integrar a ferramenta. <\/p> <ol><li><b>Realize nossa demonstra\u00e7\u00e3o gratuita e comece a moldar seu complemento exclusivo. <\/b><br> Encontre o layout selecionado e as especifica\u00e7\u00f5es do plugin e aplique as corre\u00e7\u00f5es. <\/li> <li><b>Copie o seu c\u00f3digo individual exposto no formul\u00e1rio especial nas aplica\u00e7\u00f5es Elfsight. <\/b><br> Ap\u00f3s a gera\u00e7\u00e3o do seu plugin pessoal, copie o c\u00f3digo pessoal da janela exibida e guarde-o para uso posterior. <\/li> <li><b>Inicie a aplica\u00e7\u00e3o do addon na p\u00e1gina inicial do PrestaShop. <\/b><br> Adicione o c\u00f3digo que voc\u00ea salvou recentemente em sua p\u00e1gina web e aplique os ajustes. <\/li> <li><b>Conclu\u00eddo! A integra\u00e7\u00e3o terminou totalmente. <\/b><br> Visite sua p\u00e1gina da web para ver em a\u00e7\u00e3o como o complemento est\u00e1 funcionando. <\/li><\/ol> <p>Caso voc\u00ea encontre algum obst\u00e1culo, n\u00e3o hesite em solicitar nossa equipe de atendimento ao cliente. Nosso pessoal ficar\u00e1 feliz em ajud\u00e1-lo com todas as d\u00favidas que voc\u00ea possa ter sobre o complemento. <\/p> <div class=\"faq\" data-component=\"FAQ\"><div class=\"faq-item\">\r\n\t\t\t\t\t<div class=\"faq-item-question\">\r\n\t\t\t\t\t\t<h3 class=\"faq-item-question-text\">Como adicionar o bate-papo tudo-em-um ao meu site Prestashop sem habilidades de codifica\u00e7\u00e3o? <\/h3>\r\n\r\n\t\t\t\t\t\t<div class=\"faq-item-question-icon\"><\/div>\r\n\t\t\t\t\t<\/div>\r\n\r\n\t\t\t\t\t<div class=\"faq-item-answer\">\r\n\t\t\t\t\t\t<div class=\"faq-item-answer-text\"><p>A Elfsight fornece uma solu\u00e7\u00e3o SaaS que permite criar um bate-papo tudo-em-um widget voc\u00ea mesmo, veja como o processo \u00e9 f\u00e1cil: trabalhe diretamente no Editor online para criar um widget de Chat Tudo-em-um que voc\u00ea gostaria de ver em seu site Webnode. Escolha um dos modelos predefinidos e ajuste as configura\u00e7\u00f5es do bate-papo multifuncional, adicione seu conte\u00fado, altere o layout e as cores sem nenhuma habilidade de codifica\u00e7\u00e3o. Salve o All-in-one Chat e copie seu c\u00f3digo de instala\u00e7\u00e3o, que voc\u00ea pode incorporar facilmente em seu site Webnode sem comprar um plano pago. Com nosso editor intuitivo, qualquer usu\u00e1rio da Internet pode criar um widget de bate-papo completo on-line e incorpor\u00e1-lo facilmente ao seu site Webnode. N\u00e3o h\u00e1 necessidade de pagar ou inserir as credenciais do seu cart\u00e3o para acessar o servi\u00e7o. Se voc\u00ea enfrentar qualquer problema em qualquer etapa, n\u00e3o hesite em entrar em contato com nossa equipe de suporte t\u00e9cnico.<\/p><\/div>\r\n\t\t\t\t\t<\/div>\r\n\t\t\t\t<\/div><\/div><\/div>","protected":false},"excerpt":{"rendered":"","protected":false},"author":9,"featured_media":0,"parent":1097,"menu_order":0,"comment_status":"closed","ping_status":"closed","template":"templates\/template-application-platform.php","meta":{"publish_to_discourse":"","publish_post_category":"","wpdc_auto_publish_overridden":"","wpdc_topic_tags":"","wpdc_pin_topic":"","wpdc_pin_until":"","discourse_post_id":"","discourse_permalink":"","wpdc_publishing_response":"","wpdc_publishing_error":"","footnotes":""},"class_list":["post-5506","page","type-page","status-publish","hentry"],"yoast_head":"<!-- This site is optimized with the Yoast SEO plugin v25.3.1 - https:\/\/yoast.com\/wordpress\/plugins\/seo\/ -->\n<title>Widget de bate-papo ao vivo | Bate-papo online para sites PrestaShop (gratuito e f\u00e1cil)<\/title>\n<meta name=\"description\" content=\"Adicione seu plugin All-in-One Live Chat \u00e0 p\u00e1gina inicial do PrestaShop rapidamente. Utilize nossa demonstra\u00e7\u00e3o ao vivo para construir sua caixa de bate-papo online sem codifica\u00e7\u00e3o.\" \/>\n<meta name=\"robots\" content=\"index, follow, max-snippet:-1, max-image-preview:large, max-video-preview:-1\" \/>\n<link rel=\"canonical\" href=\"https:\/\/elfsight.com\/pt\/all-in-one-chat-widget\/prestashop\/\" \/>\n<meta property=\"og:locale\" content=\"pt_PT\" \/>\n<meta property=\"og:type\" content=\"article\" \/>\n<meta property=\"og:title\" content=\"Widget de bate-papo ao vivo | Bate-papo online para sites PrestaShop (gratuito e f\u00e1cil)\" \/>\n<meta property=\"og:description\" content=\"Adicione seu plugin All-in-One Live Chat \u00e0 p\u00e1gina inicial do PrestaShop rapidamente. Utilize nossa demonstra\u00e7\u00e3o ao vivo para construir sua caixa de bate-papo online sem codifica\u00e7\u00e3o.\" \/>\n<meta property=\"og:url\" content=\"https:\/\/elfsight.com\/pt\/all-in-one-chat-widget\/prestashop\/\" \/>\n<meta property=\"og:site_name\" content=\"Elfsight PT\" \/>\n<meta property=\"article:modified_time\" content=\"2024-11-12T15:31:37+00:00\" \/>\n<meta name=\"twitter:card\" content=\"summary_large_image\" \/>\n<meta name=\"twitter:label1\" content=\"Tempo estimado de leitura\" \/>\n\t<meta name=\"twitter:data1\" content=\"3 minutos\" \/>\n<!-- \/ Yoast SEO plugin. -->","yoast_head_json":{"title":"Widget de bate-papo ao vivo | Bate-papo online para sites PrestaShop (gratuito e f\u00e1cil)","description":"Adicione seu plugin All-in-One Live Chat \u00e0 p\u00e1gina inicial do PrestaShop rapidamente. Utilize nossa demonstra\u00e7\u00e3o ao vivo para construir sua caixa de bate-papo online sem codifica\u00e7\u00e3o.","robots":{"index":"index","follow":"follow","max-snippet":"max-snippet:-1","max-image-preview":"max-image-preview:large","max-video-preview":"max-video-preview:-1"},"canonical":"https:\/\/elfsight.com\/pt\/all-in-one-chat-widget\/prestashop\/","og_locale":"pt_PT","og_type":"article","og_title":"Widget de bate-papo ao vivo | Bate-papo online para sites PrestaShop (gratuito e f\u00e1cil)","og_description":"Adicione seu plugin All-in-One Live Chat \u00e0 p\u00e1gina inicial do PrestaShop rapidamente. Utilize nossa demonstra\u00e7\u00e3o ao vivo para construir sua caixa de bate-papo online sem codifica\u00e7\u00e3o.","og_url":"https:\/\/elfsight.com\/pt\/all-in-one-chat-widget\/prestashop\/","og_site_name":"Elfsight PT","article_modified_time":"2024-11-12T15:31:37+00:00","twitter_card":"summary_large_image","twitter_misc":{"Tempo estimado de leitura":"3 minutos"},"schema":{"@context":"https:\/\/schema.org","@graph":[{"@type":"WebPage","@id":"https:\/\/elfsight.com\/pt\/all-in-one-chat-widget\/prestashop\/","url":"https:\/\/elfsight.com\/pt\/all-in-one-chat-widget\/prestashop\/","name":"Widget de bate-papo ao vivo | Bate-papo online para sites PrestaShop (gratuito e f\u00e1cil)","isPartOf":{"@id":"https:\/\/elfsight.com\/pt\/#website"},"datePublished":"2024-05-03T06:26:38+00:00","dateModified":"2024-11-12T15:31:37+00:00","description":"Adicione seu plugin All-in-One Live Chat \u00e0 p\u00e1gina inicial do PrestaShop rapidamente. Utilize nossa demonstra\u00e7\u00e3o ao vivo para construir sua caixa de bate-papo online sem codifica\u00e7\u00e3o.","breadcrumb":{"@id":"https:\/\/elfsight.com\/pt\/all-in-one-chat-widget\/prestashop\/#breadcrumb"},"inLanguage":"pt-PT","potentialAction":[{"@type":"ReadAction","target":["https:\/\/elfsight.com\/pt\/all-in-one-chat-widget\/prestashop\/"]}]},{"@type":"BreadcrumbList","@id":"https:\/\/elfsight.com\/pt\/all-in-one-chat-widget\/prestashop\/#breadcrumb","itemListElement":[{"@type":"ListItem","position":1,"name":"Home","item":"https:\/\/elfsight.com\/pt\/"},{"@type":"ListItem","position":2,"name":"All-in-One Chat","item":"https:\/\/elfsight.com\/pt\/all-in-one-chat-widget\/"},{"@type":"ListItem","position":3,"name":"All-in-One Chat &#8211; PrestaShop"}]},{"@type":"WebSite","@id":"https:\/\/elfsight.com\/pt\/#website","url":"https:\/\/elfsight.com\/pt\/","name":"Elfsight PT","description":"Just another Elfsight Sites site","potentialAction":[{"@type":"SearchAction","target":{"@type":"EntryPoint","urlTemplate":"https:\/\/elfsight.com\/pt\/?s={search_term_string}"},"query-input":{"@type":"PropertyValueSpecification","valueRequired":true,"valueName":"search_term_string"}}],"inLanguage":"pt-PT"}]}},"meta_box":{"industry":"","seo_heading":"","heading":"","description":"","cta_heading":"","cta_description":"","application":"1096","h1":"Complemento de bate-papo ao vivo PrestaShop","h1_caption":"Organizar uma comunica\u00e7\u00e3o r\u00e1pida e mais individualizada deixa mais clientes satisfeitos","application_category":[],"applications_title":"","applications_request_title":"","applications_request_button_text":"","hero_text":"","hero_video":"","hero_video_schema_markup":"","selling_points_title":"","selling_points_caption":"","selling_points":[],"selling_points_cta_text":"","features_title":"","features":"","ed_cta_examples_text":"","ed_cta_examples_hidden":"","ed_cta_demo_text":"","ed_cta_demo_hidden":"","why_caption":"","why_editor_title":"","why_editor_text":"","why_team_title":"","why_team_text":"","why_service_title":"","why_service_text":"","template_catalog_visible":"","template_catalog_title":"","template_catalog_text":"","template_catalog_categories_visible":"","demo_title":"Crie seu complemento de bate-papo multifuncional","demo_caption":"Configure seu All-in-One Chat e adicione-o ao seu site PrestaShop gratuitamente!","default_faq_hidden":"","app_template_category":[],"platform":"5343","template_public_id":"","codecanyon_url":"","codecanyon_item_id":"","codecanyon_price":"","pricing_caption":"","pricing_elfsight_apps_hide_column":"","pricing_elfsight_apps_url":"","pricing_codecanyon_price_caption":"","integration_category":[],"integration_request_title":"","integration_request_cta":"","integration_platform":"","integrations":[],"platform_category":[],"video_schema_markup":"","price":"a partir de US$ 0\/m\u00eas","trial":"","benefits":[{"text":"Ajuda de instala\u00e7\u00e3o gratuita"},{"text":"Suporte premium"},{"text":"Garantia de reembolso de 14 dias"},{"text":"Atualiza\u00e7\u00f5es regulares"}],"button_url":"#demo","button_target_blank":"","button_nofollow":"","attributes":[{"name":"Instala\u00e7\u00f5es","content":"100,000 - 500,000"},{"name":"Responsivo","content":"Sim"},{"name":"Navegadores compat\u00edveis","content":"Firefox, Safari, Opera, Chrome, Edge"}],"tags":[],"tags_disable_links":"","hide_more_platforms":"","video_object":"","demo_hide_cta":"","demo_hide_cloud_options":"","pricing_title":"","pricing":[{"pricing_icon":"platform","pricing_title":"Elfsight Apps","pricing_title_caption":"Solu\u00e7\u00e3o independente de plataforma que funciona em qualquer site","pricing_price":"a partir de US$ 0\/m\u00eas","pricing_price_caption":"comece com plano gratuito","pricing_benefits":[{"text":"Sites ilimitados"},{"text":"Suporte premium da empresa e bem documentado"},{"text":"Suporte premium da empresa e bem documentado"},{"text":"Design flex\u00edvel"}],"pricing_button_text":"Adicionar ao site","pricing_button_url":"#demo"}],"related_apps_title":"","related_apps_hidden":"","author":"","image":[],"title":"","job":"","social_networks":[]},"_links":{"self":[{"href":"https:\/\/elfsight.com\/pt\/wp-json\/wp\/v2\/pages\/5506","targetHints":{"allow":["GET"]}}],"collection":[{"href":"https:\/\/elfsight.com\/pt\/wp-json\/wp\/v2\/pages"}],"about":[{"href":"https:\/\/elfsight.com\/pt\/wp-json\/wp\/v2\/types\/page"}],"author":[{"embeddable":true,"href":"https:\/\/elfsight.com\/pt\/wp-json\/wp\/v2\/users\/9"}],"replies":[{"embeddable":true,"href":"https:\/\/elfsight.com\/pt\/wp-json\/wp\/v2\/comments?post=5506"}],"version-history":[{"count":1,"href":"https:\/\/elfsight.com\/pt\/wp-json\/wp\/v2\/pages\/5506\/revisions"}],"predecessor-version":[{"id":5510,"href":"https:\/\/elfsight.com\/pt\/wp-json\/wp\/v2\/pages\/5506\/revisions\/5510"}],"up":[{"embeddable":true,"href":"https:\/\/elfsight.com\/pt\/wp-json\/wp\/v2\/pages\/1097"}],"wp:attachment":[{"href":"https:\/\/elfsight.com\/pt\/wp-json\/wp\/v2\/media?parent=5506"}],"curies":[{"name":"wp","href":"https:\/\/api.w.org\/{rel}","templated":true}]}}