{"id":5503,"date":"2024-05-03T06:26:35","date_gmt":"2024-05-03T06:26:35","guid":{"rendered":"https:\/\/elfsight.com\/pt\/?page_id=5503"},"modified":"2024-11-12T15:26:58","modified_gmt":"2024-11-12T15:26:58","slug":"woocommerce","status":"publish","type":"page","link":"https:\/\/elfsight.com\/pt\/aliexpress-reviews-widget\/woocommerce\/","title":{"rendered":"AliExpress Reviews &#8211; Woocommerce"},"content":{"rendered":"<div class=\"application-platform-content-item-description application-platform-content-item\" id=\"description\" data-nav-section=\"description\"><h2>Incorpore avalia\u00e7\u00f5es do AliExpress no Woocommerce com o widget Elfsight<\/h2> <p>O plugin Elfsight AliExpress Reviews, adaptado exclusivamente para Woocommerce, \u00e9 um widget vers\u00e1til e robusto projetado para cativar a aten\u00e7\u00e3o dos visitantes do seu site ou p\u00e1gina. Com este plugin din\u00e2mico \u00e0 sua disposi\u00e7\u00e3o, voc\u00ea pode exibir sem esfor\u00e7o uma grande variedade de recursos visuais, v\u00eddeos ou at\u00e9 mesmo enfatizar as \u00faltimas promo\u00e7\u00f5es e ofertas em sua loja online. As possibilidades s\u00e3o ilimitadas e voc\u00ea tem a liberdade de adicionar quantos slides desejar ao c\u00f3digo HTML da sua p\u00e1gina Woocommerce, permitindo que voc\u00ea exiba seus produtos com orgulho e destaque aquelas promo\u00e7\u00f5es atraentes.<\/p><p>Uma das qualidades de destaque do plugin Elfsight AliExpress Reviews para Woocommerce \u00e9 a sua not\u00e1vel adaptabilidade. Voc\u00ea pode ajustar seus slides com efeitos visuais cativantes, tornando as apresenta\u00e7\u00f5es de seus produtos ainda mais cativantes. Se voc\u00ea deseja exibir recursos visuais atraentes ou v\u00eddeos envolventes, voc\u00ea tem a liberdade criativa para personalizar suas dimens\u00f5es, garantindo que elas se integrem perfeitamente ao design e estilo da sua p\u00e1gina da web.<\/p><p>O que torna este widget Woocommerce AliExpress Reviews excepcional \u00e9 sua capacidade de ajud\u00e1-lo a criar um controle deslizante atraente que n\u00e3o apenas atrai os usu\u00e1rios, mas tamb\u00e9m os mant\u00e9m engajados em sua p\u00e1gina da web por per\u00edodos mais longos. \u00c0 medida que os visitantes exploram o seu site Woocommerce, a natureza din\u00e2mica e interativa deste plug-in garante que eles permane\u00e7am engajados, reduzindo a probabilidade de sa\u00edrem prematuramente.<\/p><p>O plug-in Elfsight AliExpress Reviews para o site Woocommerce abre um mundo de possibilidades para Neg\u00f3cios de com\u00e9rcio eletr\u00f4nico. Aumente a visibilidade do seu produto, envolva o seu p\u00fablico e melhore o apelo geral do seu site Woocommerce com este widget excepcional. \u00c9 o widget perfeito para propriet\u00e1rios de sites Woocommerce que buscam causar uma impress\u00e3o duradoura e gerar mais convers\u00f5es. Eleve seu site Woocommerce a novos patamares com o plugin Elfsight AliExpress Reviews hoje mesmo. <\/p> <p><b>Utilize o plug-in AliExpress Reviews para acelerar o sucesso do seu com\u00e9rcio eletr\u00f4nico!<\/b><\/p> <div class=\"faq\" data-component=\"FAQ\"><div class=\"faq-item\">\r\n\t\t\t\t\t<div class=\"faq-item-question\">\r\n\t\t\t\t\t\t<h3 class=\"faq-item-question-text\">Por que Escolha avalia\u00e7\u00f5es da Elfsight AliExpress para WooCommerce?<\/h3>\r\n\r\n\t\t\t\t\t\t<div class=\"faq-item-question-icon\"><\/div>\r\n\t\t\t\t\t<\/div>\r\n\r\n\t\t\t\t\t<div class=\"faq-item-answer\">\r\n\t\t\t\t\t\t<div class=\"faq-item-answer-text\"><p>As avalia\u00e7\u00f5es da Elfsight AliExpress para WooCommerce s\u00e3o a melhor escolha para propriet\u00e1rios de lojas online que usam WooCommerce e desejam aprimorar suas listas de produtos com avalia\u00e7\u00f5es aut\u00eanticas de clientes. Aqui est\u00e3o alguns motivos convincentes para selecionar este plugin:<\/p><ul> <li>Integra\u00e7\u00e3o sem esfor\u00e7o: adicionar avalia\u00e7\u00f5es do AliExpress \u00e0 sua loja WooCommerce \u00e9 muito f\u00e1cil. Voc\u00ea n\u00e3o precisa de nenhuma habilidade de codifica\u00e7\u00e3o; \u00e9 t\u00e3o simples quanto copiar e colar.<\/li> <li>Op\u00e7\u00f5es de personaliza\u00e7\u00e3o: personalize seu widget de avalia\u00e7\u00f5es do AliExpress para combinar com o estilo e a marca da sua loja. Escolha entre v\u00e1rios temas, layouts e configura\u00e7\u00f5es de exibi\u00e7\u00e3o de avalia\u00e7\u00f5es.<\/li> <li>Feedback real do cliente: exiba avalia\u00e7\u00f5es reais do AliExpress, fornecendo aos compradores em potencial informa\u00e7\u00f5es valiosas e prova social.<\/li> <li>Confian\u00e7a aprimorada: construa confie aos seus clientes exibindo coment\u00e1rios genu\u00ednos, incentivando-os a tomar decis\u00f5es de compra informadas.<\/li> <li>Aumento das vendas: ao apresentar coment\u00e1rios aut\u00eanticos, voc\u00ea aumentar\u00e1 a confian\u00e7a do cliente e gerar\u00e1 mais vendas, tornando sua loja WooCommerce mais lucrativa. <\/li><\/ul><p>Com as avalia\u00e7\u00f5es do AliExpress da Elfsight para WooCommerce, voc\u00ea pode melhorar significativamente suas listas de produtos e criar uma experi\u00eancia de compra mais confi\u00e1vel.<\/p><\/div>\r\n\t\t\t\t\t<\/div>\r\n\t\t\t\t<\/div><div class=\"faq-item\">\r\n\t\t\t\t\t<div class=\"faq-item-question\">\r\n\t\t\t\t\t\t<h3 class=\"faq-item-question-text\">Como adicionar avalia\u00e7\u00f5es do Elfsight AliExpress \u00e0 sua loja WooCommerce?<\/h3>\r\n\r\n\t\t\t\t\t\t<div class=\"faq-item-question-icon\"><\/div>\r\n\t\t\t\t\t<\/div>\r\n\r\n\t\t\t\t\t<div class=\"faq-item-answer\">\r\n\t\t\t\t\t\t<div class=\"faq-item-answer-text\"><p>Integrar as avalia\u00e7\u00f5es do Elfsight AliExpress \u00e0 sua loja WooCommerce \u00e9 um processo r\u00e1pido e direto. Siga estas etapas para come\u00e7ar:<\/p><ol> <li><strong>Personaliza\u00e7\u00e3o de widget:<\/strong> comece personalizando seu widget de avalia\u00e7\u00f5es do AliExpress usando nosso configurador gratuito. Voc\u00ea pode escolher o layout, design e outras configura\u00e7\u00f5es de sua prefer\u00eancia.<\/li> <li><strong>C\u00f3digo de instala\u00e7\u00e3o:<\/strong> Ap\u00f3s personalizar seu widget, voc\u00ea receber\u00e1 um c\u00f3digo de instala\u00e7\u00e3o exclusivo. Copie este c\u00f3digo, pois voc\u00ea precisar\u00e1 dele para a pr\u00f3xima etapa.<\/li> <li><strong>Integra\u00e7\u00e3o da Loja:<\/strong> Acesse o backend da sua loja WooCommerce e cole o c\u00f3digo de instala\u00e7\u00e3o no local necess\u00e1rio. Salve as altera\u00e7\u00f5es.<\/li> <li><strong>Aproveite as Avalia\u00e7\u00f5es do AliExpress:<\/strong> Seu widget de Avalia\u00e7\u00f5es do AliExpress agora est\u00e1 integrado com sucesso \u00e0 sua loja. Visite suas listas de produtos para ver como funciona.<\/li><\/ol><p>\u00c9 isso a\u00ed! Voc\u00ea adicionou com sucesso as avalia\u00e7\u00f5es do Elfsight AliExpress \u00e0 sua loja WooCommerce, aprimorando suas listas de produtos com feedback aut\u00eantico dos clientes.<\/p><\/div>\r\n\t\t\t\t\t<\/div>\r\n\t\t\t\t<\/div><div class=\"faq-item\">\r\n\t\t\t\t\t<div class=\"faq-item-question\">\r\n\t\t\t\t\t\t<h3 class=\"faq-item-question-text\">Visualize a apar\u00eancia do widget com nossa demonstra\u00e7\u00e3o ao vivo<\/h3>\r\n\r\n\t\t\t\t\t\t<div class=\"faq-item-question-icon\"><\/div>\r\n\t\t\t\t\t<\/div>\r\n\r\n\t\t\t\t\t<div class=\"faq-item-answer\">\r\n\t\t\t\t\t\t<div class=\"faq-item-answer-text\"> <p>Curioso para saber como o widget Avalia\u00e7\u00f5es do AliExpress ficar\u00e1 na sua loja WooCommerce? Voc\u00ea pode visualiz\u00e1-lo antes de adicion\u00e1-lo ao seu site. Ao personalizar o widget no construtor online, voc\u00ea pode ver as altera\u00e7\u00f5es em tempo real no lado direito. Isso significa que voc\u00ea pode garantir que a exibi\u00e7\u00e3o dos coment\u00e1rios corresponda perfeitamente ao estilo da sua loja WooCommerce.<\/p><p><a href=\"https:\/\/elfsight.com\/aliexpress-reviews-widget\/#demo\">Experimente o Demonstra\u00e7\u00e3o ao vivo agora<\/a><\/p><\/div>\r\n\t\t\t\t\t<\/div>\r\n\t\t\t\t<\/div><\/div><\/div><div class=\"application-platform-content-item-features application-platform-content-item\" id=\"features\" data-nav-section=\"features\"><h2>Principais recursos do widget: uma vis\u00e3o geral r\u00e1pida<\/h2> <p> Liberte o potencial do plugin Elfsight AliExpress Reviews com estes recursos not\u00e1veis \u200b\u200bque permitem que voc\u00ea assuma o controle do desempenho do seu site ou p\u00e1gina on-line e do envolvimento do usu\u00e1rio:<\/p><ul> <li> <strong>Bot\u00f5es de call to action (CTA) para convers\u00e3o aprimorada:<\/strong> Com o plug-in Elfsight AliExpress Reviews, voc\u00ea pode incorporar facilmente bot\u00f5es de call to action (CTA) no conte\u00fado e no c\u00f3digo HTML do seu site ou p\u00e1gina. Esses bot\u00f5es servem como um widget poderoso para orientar os usu\u00e1rios em dire\u00e7\u00e3o \u00e0 convers\u00e3o, seja fazendo uma compra, assinando um boletim informativo ou qualquer outra a\u00e7\u00e3o desejada. Personalize os bot\u00f5es de Avalia\u00e7\u00f5es do AliExpress para se alinhar aos objetivos da sua p\u00e1gina e estimular a intera\u00e7\u00e3o do usu\u00e1rio. <\/li> <li> <strong>Dura\u00e7\u00e3o personaliz\u00e1vel da transi\u00e7\u00e3o de slides:<\/strong> ajuste a dura\u00e7\u00e3o da altern\u00e2ncia entre os slides para se adequar ao ritmo do seu site ou p\u00e1gina Woocommerce. Voc\u00ea tem a flexibilidade de definir a velocidade de rota\u00e7\u00e3o do conte\u00fado do plug-in, garantindo que ele complemente a experi\u00eancia geral do usu\u00e1rio do seu site. <\/li> <li> <strong>V\u00e1rias op\u00e7\u00f5es de recursos:<\/strong> O plugin Elfsight AliExpress Reviews oferece uma variedade de recursos para voc\u00ea escolher para seu site ou p\u00e1gina. Voc\u00ea pode selecionar e integrar aqueles que melhor se alinham \u00e0s suas necessidades e objetivos espec\u00edficos no c\u00f3digo HTML da sua p\u00e1gina da web, melhorando a funcionalidade geral e o apelo da sua loja online. <\/li> <li> <strong>Posicionamento de conte\u00fado avan\u00e7ado:<\/strong> Aproveite as vantagens das op\u00e7\u00f5es de posicionamento avan\u00e7ado fornecidas pelo plug-in, permitindo que voc\u00ea coloque o conte\u00fado do AliExpress Reviews em qualquer lugar do seu site ou p\u00e1gina Woocommerce. Esse n\u00edvel de controle permite que voc\u00ea crie uma experi\u00eancia de usu\u00e1rio integrada e envolvente que ressoe com seu p\u00fablico. <\/li> <li> <strong>Cinco variedades de conte\u00fado:<\/strong> O plugin Elfsight AliExpress Reviews oferece cinco op\u00e7\u00f5es de conte\u00fado que voc\u00ea pode personalizar de acordo com suas prefer\u00eancias. Quer sejam recursos visuais, v\u00eddeos, descri\u00e7\u00f5es de produtos, depoimentos de clientes ou ofertas atraentes, voc\u00ea pode incorporar perfeitamente esses elementos ao c\u00f3digo do plugin AliExpress Reviews, enriquecendo o conte\u00fado e o apelo visual do seu site ou p\u00e1gina. <\/li><\/ul><p>Incorporar as avalia\u00e7\u00f5es do Elfsight AliExpress no c\u00f3digo HTML da sua p\u00e1gina Woocommerce garante que voc\u00ea tenha acesso a um conjunto abrangente de widgets que n\u00e3o apenas melhoram o envolvimento do usu\u00e1rio, mas tamb\u00e9m elevam a funcionalidade e a est\u00e9tica da sua p\u00e1gina web. Seja aumentando as convers\u00f5es por meio de bot\u00f5es de CTA, ajustando a dura\u00e7\u00e3o do slide para uma experi\u00eancia mais tranquila ou fazendo uso de posicionamento avan\u00e7ado, este plugin do AliExpress Reviews \u00e9 a chave para otimizar o desempenho do seu site e criar uma jornada do usu\u00e1rio mais envolvente.<\/p><p> <a href=\"#demo\">Explore a funcionalidade do plugin com a ajuda da demonstra\u00e7\u00e3o.<\/a><\/p> <\/div><div class=\"application-platform-content-item-installation application-platform-content-item\" id=\"installation\" data-nav-section=\"installation\"><h2>Como adicionar avalia\u00e7\u00f5es do AliExpress \u00e0s \u200b\u200bsuas P\u00e1gina Woocommerce<\/h2> <p>Siga estas etapas simples para ativar o plug-in em seu site Woocommerce.<\/p> <ol><li><b>Comece usando nossa demonstra\u00e7\u00e3o gratuita para criar seu plug-in personalizado do AliExpress Reviews para Woocommerce website.<\/b><br> Selecione sua apar\u00eancia e recursos preferidos para o widget e aplique as modifica\u00e7\u00f5es desejadas. <\/li> <li><b>Copie o c\u00f3digo HTML exclusivo gerado nas aplica\u00e7\u00f5es Elfsight.<\/b><br> Depois de criar o seu plugin personalizado, copie o c\u00f3digo HTML fornecido na janela pop-up e guarde-o para utiliza\u00e7\u00e3o futura. <\/li> <li><b>Implemente o plugin AliExpress Reviews no seu site Woocommerce.<\/b><br> Adicione o c\u00f3digo salvo anteriormente \u00e0 se\u00e7\u00e3o HTML do seu site ou p\u00e1gina Woocommerce e fa\u00e7a os ajustes necess\u00e1rios. <\/li> <li><b>\u00c9 isso a\u00ed! A adi\u00e7\u00e3o do AliExpress Reviews est\u00e1 conclu\u00edda.<\/b><br> Visite seu site para ver como funciona o plugin Woocommerce AliExpress Reviews. <\/li><\/ol> <p>Se voc\u00ea tiver alguma d\u00favida ou encontrar dificuldades, n\u00e3o hesite em entrar em contato com nossa equipe de suporte ao cliente. Nossos especialistas est\u00e3o prontos para ajudar com qualquer d\u00favida relacionada ao produto que voc\u00ea possa ter.<\/p> <\/div>","protected":false},"excerpt":{"rendered":"","protected":false},"author":9,"featured_media":0,"parent":1659,"menu_order":0,"comment_status":"closed","ping_status":"closed","template":"templates\/template-application-platform.php","meta":{"publish_to_discourse":"","publish_post_category":"","wpdc_auto_publish_overridden":"","wpdc_topic_tags":"","wpdc_pin_topic":"","wpdc_pin_until":"","discourse_post_id":"","discourse_permalink":"","wpdc_publishing_response":"","wpdc_publishing_error":"","footnotes":""},"class_list":["post-5503","page","type-page","status-publish","hentry"],"yoast_head":"<!-- This site is optimized with the Yoast SEO plugin v25.3.1 - https:\/\/yoast.com\/wordpress\/plugins\/seo\/ -->\n<title>Eleve sua loja Woocommerce com avalia\u00e7\u00f5es da Elfsight AliExpress<\/title>\n<meta name=\"description\" content=\"Aumente a confian\u00e7a e o envolvimento da sua loja Woocommerce com a integra\u00e7\u00e3o perfeita do Elfsight AliExpress Reviews. Descubra o processo f\u00e1cil de incorporar avalia\u00e7\u00f5es de clientes e apresenta\u00e7\u00f5es de produtos, levando a melhores convers\u00f5es e confian\u00e7a do cliente.\" \/>\n<meta name=\"robots\" content=\"index, follow, max-snippet:-1, max-image-preview:large, max-video-preview:-1\" \/>\n<link rel=\"canonical\" href=\"https:\/\/elfsight.com\/pt\/aliexpress-reviews-widget\/woocommerce\/\" \/>\n<meta property=\"og:locale\" content=\"pt_PT\" \/>\n<meta property=\"og:type\" content=\"article\" \/>\n<meta property=\"og:title\" content=\"Eleve sua loja Woocommerce com avalia\u00e7\u00f5es da Elfsight AliExpress\" \/>\n<meta property=\"og:description\" content=\"Aumente a confian\u00e7a e o envolvimento da sua loja Woocommerce com a integra\u00e7\u00e3o perfeita do Elfsight AliExpress Reviews. Descubra o processo f\u00e1cil de incorporar avalia\u00e7\u00f5es de clientes e apresenta\u00e7\u00f5es de produtos, levando a melhores convers\u00f5es e confian\u00e7a do cliente.\" \/>\n<meta property=\"og:url\" content=\"https:\/\/elfsight.com\/pt\/aliexpress-reviews-widget\/woocommerce\/\" \/>\n<meta property=\"og:site_name\" content=\"Elfsight PT\" \/>\n<meta property=\"article:modified_time\" content=\"2024-11-12T15:26:58+00:00\" \/>\n<meta name=\"twitter:card\" content=\"summary_large_image\" \/>\n<meta name=\"twitter:label1\" content=\"Tempo estimado de leitura\" \/>\n\t<meta name=\"twitter:data1\" content=\"8 minutos\" \/>\n<!-- \/ Yoast SEO plugin. -->","yoast_head_json":{"title":"Eleve sua loja Woocommerce com avalia\u00e7\u00f5es da Elfsight AliExpress","description":"Aumente a confian\u00e7a e o envolvimento da sua loja Woocommerce com a integra\u00e7\u00e3o perfeita do Elfsight AliExpress Reviews. Descubra o processo f\u00e1cil de incorporar avalia\u00e7\u00f5es de clientes e apresenta\u00e7\u00f5es de produtos, levando a melhores convers\u00f5es e confian\u00e7a do cliente.","robots":{"index":"index","follow":"follow","max-snippet":"max-snippet:-1","max-image-preview":"max-image-preview:large","max-video-preview":"max-video-preview:-1"},"canonical":"https:\/\/elfsight.com\/pt\/aliexpress-reviews-widget\/woocommerce\/","og_locale":"pt_PT","og_type":"article","og_title":"Eleve sua loja Woocommerce com avalia\u00e7\u00f5es da Elfsight AliExpress","og_description":"Aumente a confian\u00e7a e o envolvimento da sua loja Woocommerce com a integra\u00e7\u00e3o perfeita do Elfsight AliExpress Reviews. Descubra o processo f\u00e1cil de incorporar avalia\u00e7\u00f5es de clientes e apresenta\u00e7\u00f5es de produtos, levando a melhores convers\u00f5es e confian\u00e7a do cliente.","og_url":"https:\/\/elfsight.com\/pt\/aliexpress-reviews-widget\/woocommerce\/","og_site_name":"Elfsight PT","article_modified_time":"2024-11-12T15:26:58+00:00","twitter_card":"summary_large_image","twitter_misc":{"Tempo estimado de leitura":"8 minutos"},"schema":{"@context":"https:\/\/schema.org","@graph":[{"@type":"WebPage","@id":"https:\/\/elfsight.com\/pt\/aliexpress-reviews-widget\/woocommerce\/","url":"https:\/\/elfsight.com\/pt\/aliexpress-reviews-widget\/woocommerce\/","name":"Eleve sua loja Woocommerce com avalia\u00e7\u00f5es da Elfsight AliExpress","isPartOf":{"@id":"https:\/\/elfsight.com\/pt\/#website"},"datePublished":"2024-05-03T06:26:35+00:00","dateModified":"2024-11-12T15:26:58+00:00","description":"Aumente a confian\u00e7a e o envolvimento da sua loja Woocommerce com a integra\u00e7\u00e3o perfeita do Elfsight AliExpress Reviews. Descubra o processo f\u00e1cil de incorporar avalia\u00e7\u00f5es de clientes e apresenta\u00e7\u00f5es de produtos, levando a melhores convers\u00f5es e confian\u00e7a do cliente.","breadcrumb":{"@id":"https:\/\/elfsight.com\/pt\/aliexpress-reviews-widget\/woocommerce\/#breadcrumb"},"inLanguage":"pt-PT","potentialAction":[{"@type":"ReadAction","target":["https:\/\/elfsight.com\/pt\/aliexpress-reviews-widget\/woocommerce\/"]}]},{"@type":"BreadcrumbList","@id":"https:\/\/elfsight.com\/pt\/aliexpress-reviews-widget\/woocommerce\/#breadcrumb","itemListElement":[{"@type":"ListItem","position":1,"name":"Home","item":"https:\/\/elfsight.com\/pt\/"},{"@type":"ListItem","position":2,"name":"AliExpress Reviews","item":"https:\/\/elfsight.com\/pt\/aliexpress-reviews-widget\/"},{"@type":"ListItem","position":3,"name":"AliExpress Reviews &#8211; Woocommerce"}]},{"@type":"WebSite","@id":"https:\/\/elfsight.com\/pt\/#website","url":"https:\/\/elfsight.com\/pt\/","name":"Elfsight PT","description":"Just another Elfsight Sites site","potentialAction":[{"@type":"SearchAction","target":{"@type":"EntryPoint","urlTemplate":"https:\/\/elfsight.com\/pt\/?s={search_term_string}"},"query-input":{"@type":"PropertyValueSpecification","valueRequired":true,"valueName":"search_term_string"}}],"inLanguage":"pt-PT"}]}},"meta_box":{"industry":"","seo_heading":"","heading":"","description":"","cta_heading":"","cta_description":"","application":"1658","h1":"Como incorporar avalia\u00e7\u00f5es do AliExpress em um site Woocommerce","h1_caption":"Incorpore as melhores avalia\u00e7\u00f5es de usu\u00e1rios do AliexPress em seu site","application_category":[],"applications_title":"","applications_request_title":"","applications_request_button_text":"","hero_text":"","hero_video":"","hero_video_schema_markup":"","selling_points_title":"","selling_points_caption":"","selling_points":[],"selling_points_cta_text":"","features_title":"","features":"","ed_cta_examples_text":"","ed_cta_examples_hidden":"","ed_cta_demo_text":"","ed_cta_demo_hidden":"","why_caption":"","why_editor_title":"","why_editor_text":"","why_team_title":"","why_team_text":"","why_service_title":"","why_service_text":"","template_catalog_visible":"","template_catalog_title":"","template_catalog_text":"","template_catalog_categories_visible":"","demo_title":"Crie seu aplicativo AliExpress Reviews","demo_caption":"Configure suas avalia\u00e7\u00f5es do AliExpress e adicione-as ao seu site WooCommerce gratuitamente!","default_faq_hidden":"","app_template_category":[],"platform":"4920","template_public_id":"","codecanyon_url":"","codecanyon_item_id":"","codecanyon_price":"","pricing_caption":"","pricing_elfsight_apps_hide_column":"","pricing_elfsight_apps_url":"","pricing_codecanyon_price_caption":"","integration_category":[],"integration_request_title":"","integration_request_cta":"","integration_platform":"","integrations":[],"platform_category":[],"video_schema_markup":"","price":"a partir de US$ 0\/m\u00eas","trial":"","benefits":[{"text":"Ajuda de instala\u00e7\u00e3o gratuita"},{"text":"Suporte excepcional"},{"text":"Garantia de reembolso de 14 dias"},{"text":"Desenvolvimento cont\u00ednuo"}],"button_url":"#demo","button_target_blank":"","button_nofollow":"","attributes":[{"name":"Instala\u00e7\u00f5es","content":"10,000 - 100,000"},{"name":"Responsivo","content":"Sim"},{"name":"Navegadores compat\u00edveis","content":"Firefox, Safari, Opera, Chrome, Edge"}],"tags":[],"tags_disable_links":"","hide_more_platforms":"","video_object":"","demo_hide_cta":"","demo_hide_cloud_options":"","pricing_title":"","pricing":[{"pricing_icon":"platform","pricing_title":"Elfsight Apps","pricing_title_caption":"Solu\u00e7\u00e3o digital multiplataforma que se adapta a qualquer site","pricing_price":"a partir de US$ 0\/m\u00eas","pricing_price_caption":"comece com um plano gratuito","pricing_benefits":[{"text":"Sites ilimitados"},{"text":"Suporte profissional e bem documentado"},{"text":"Suporte profissional e bem documentado"},{"text":"100% personaliz\u00e1vel"}],"pricing_button_text":"Adicionar ao site","pricing_button_url":"#demo"}],"related_apps_title":"","related_apps_hidden":"","author":"","image":[],"title":"","job":"","social_networks":[]},"_links":{"self":[{"href":"https:\/\/elfsight.com\/pt\/wp-json\/wp\/v2\/pages\/5503","targetHints":{"allow":["GET"]}}],"collection":[{"href":"https:\/\/elfsight.com\/pt\/wp-json\/wp\/v2\/pages"}],"about":[{"href":"https:\/\/elfsight.com\/pt\/wp-json\/wp\/v2\/types\/page"}],"author":[{"embeddable":true,"href":"https:\/\/elfsight.com\/pt\/wp-json\/wp\/v2\/users\/9"}],"replies":[{"embeddable":true,"href":"https:\/\/elfsight.com\/pt\/wp-json\/wp\/v2\/comments?post=5503"}],"version-history":[{"count":1,"href":"https:\/\/elfsight.com\/pt\/wp-json\/wp\/v2\/pages\/5503\/revisions"}],"predecessor-version":[{"id":5507,"href":"https:\/\/elfsight.com\/pt\/wp-json\/wp\/v2\/pages\/5503\/revisions\/5507"}],"up":[{"embeddable":true,"href":"https:\/\/elfsight.com\/pt\/wp-json\/wp\/v2\/pages\/1659"}],"wp:attachment":[{"href":"https:\/\/elfsight.com\/pt\/wp-json\/wp\/v2\/media?parent=5503"}],"curies":[{"name":"wp","href":"https:\/\/api.w.org\/{rel}","templated":true}]}}