{"id":5497,"date":"2024-05-03T06:26:33","date_gmt":"2024-05-03T06:26:33","guid":{"rendered":"https:\/\/elfsight.com\/pt\/?page_id=5497"},"modified":"2024-11-13T11:55:14","modified_gmt":"2024-11-13T11:55:14","slug":"wix","status":"publish","type":"page","link":"https:\/\/elfsight.com\/pt\/airbnb-reviews-widget\/wix\/","title":{"rendered":"Airbnb Reviews &#8211; Wix"},"content":{"rendered":"<div class=\"application-platform-content-item-description application-platform-content-item\" id=\"description\" data-nav-section=\"description\"> <h2>Descri\u00e7\u00e3o<\/h2> <p>Elfsight Airbnb Reviews \u00e9 um widget f\u00e1cil que lhe permite mostrar coment\u00e1rios sobre o seu neg\u00f3cio do Airbnb no seu site . Com a ajuda deste widget, voc\u00ea pode usar v\u00e1rios filtros para ocultar coment\u00e1rios indesejados, adicionar suas avalia\u00e7\u00f5es com estrelas e n\u00fameros do Airbnb, adicionar informa\u00e7\u00f5es sobre os autores e integrar um bot\u00e3o que ajudar\u00e1 os visitantes a adicionar mais um coment\u00e1rio no Airbnb. As Avalia\u00e7\u00f5es do Airbnb da Elfsight ir\u00e3o ajud\u00e1-lo a demonstrar sua prova social perfeita em seu site e aumentar as vendas. <\/p> <div class=\"faq\" data-component=\"FAQ\"><div class=\"faq-item\">\r\n\t\t\t\t\t<div class=\"faq-item-question\">\r\n\t\t\t\t\t\t<h3 class=\"faq-item-question-text\">Onde posso incorporar este plugin<\/h3>\r\n\r\n\t\t\t\t\t\t<div class=\"faq-item-question-icon\"><\/div>\r\n\t\t\t\t\t<\/div>\r\n\r\n\t\t\t\t\t<div class=\"faq-item-answer\">\r\n\t\t\t\t\t\t<div class=\"faq-item-answer-text\"> <p>Voc\u00ea \u00e9 livre para exibir o widget em qualquer p\u00e1gina do site, ou col\u00e1-lo no modelo do site, neste caso ele ir\u00e1 mostrar em todas as p\u00e1ginas. As avalia\u00e7\u00f5es far\u00e3o um bom trabalho nas p\u00e1ginas de produtos ou na p\u00e1gina Sobre n\u00f3s, os locais onde voc\u00ea precisa demonstrar sua alta avalia\u00e7\u00e3o. <\/p> <\/div>\r\n\t\t\t\t\t<\/div>\r\n\t\t\t\t<\/div><div class=\"faq-item\">\r\n\t\t\t\t\t<div class=\"faq-item-question\">\r\n\t\t\t\t\t\t<h3 class=\"faq-item-question-text\">Como posso me beneficiar das avalia\u00e7\u00f5es do Airbnb?<\/h3>\r\n\r\n\t\t\t\t\t\t<div class=\"faq-item-question-icon\"><\/div>\r\n\t\t\t\t\t<\/div>\r\n\r\n\t\t\t\t\t<div class=\"faq-item-answer\">\r\n\t\t\t\t\t\t<div class=\"faq-item-answer-text\"> <p>As avalia\u00e7\u00f5es compartilhadas por pessoas reais parecem perfeitamente confi\u00e1veis \u200b\u200bpara os clientes do seu site e mostram a eles que sua empresa \u00e9 confi\u00e1vel. Avalia\u00e7\u00f5es altas e avalia\u00e7\u00f5es positivas podem ajudar a aumentar o n\u00edvel de vendas do seu site. Al\u00e9m disso, o bot\u00e3o ativo pode contribuir para mais avalia\u00e7\u00f5es de clientes relacionadas \u00e0s suas ofertas ou servi\u00e7os no Airbnb. <\/p> <\/div>\r\n\t\t\t\t\t<\/div>\r\n\t\t\t\t<\/div> <div class=\"faq-item\">\r\n\t\t\t\t\t<div class=\"faq-item-question\">\r\n\t\t\t\t\t\t<h3 class=\"faq-item-question-text\">Como adiciono Avalia\u00e7\u00f5es do Airbnb ao meu site Wix?<\/h3>\r\n\r\n\t\t\t\t\t\t<div class=\"faq-item-question-icon\"><\/div>\r\n\t\t\t\t\t<\/div>\r\n\r\n\t\t\t\t\t<div class=\"faq-item-answer\">\r\n\t\t\t\t\t\t<div class=\"faq-item-answer-text\"> <p>Voc\u00ea precisar\u00e1 de dois minutos para ter o widget instalado e funcionando. A instala\u00e7\u00e3o \u00e9 extremamente r\u00e1pida, gratuita e n\u00e3o requer codifica\u00e7\u00e3o. <\/p> <ol><li>Existe a op\u00e7\u00e3o de incorporar Avalia\u00e7\u00f5es do Airbnb no site por meio do nosso servi\u00e7o. Basta seguir as instru\u00e7\u00f5es abaixo nesta p\u00e1gina. <\/li> <li>O widget pode ser inserido atrav\u00e9s do nosso servi\u00e7o ou atrav\u00e9s do marketplace. Voc\u00ea pode ver mais informa\u00e7\u00f5es sobre essas variantes e escolher a mais adequada. <\/li> <\/ol> <\/div>\r\n\t\t\t\t\t<\/div>\r\n\t\t\t\t<\/div> <\/div> <\/div> <div class=\"application-platform-content-item-features application-platform-content-item\" id=\"features\" data-nav-section=\"features\"> <h2>Recursos<\/h2> <p>Para obter uma percep\u00e7\u00e3o completa do widget, veja a lista de suas principais caracter\u00edsticas. Eles tornam o widget realmente eficiente para o seu site: <\/p> <ul> <li>Quatro layouts dispon\u00edveis: Lista, Grade, Alvenaria e Slider;<\/li> <li>O bot\u00e3o ativo para compartilhar uma avalia\u00e7\u00e3o leva os usu\u00e1rios para sua p\u00e1gina do Airbnb; <\/li> <li>Seis elementos flex\u00edveis das avalia\u00e7\u00f5es: nome do autor e foto, texto de recomenda\u00e7\u00e3o, data de compartilhamento, \u00edcone do Airbnb e classifica\u00e7\u00e3o por estrelas; <\/li> <\/ul><p><a href=\"#demo\">A demonstra\u00e7\u00e3o demonstrar\u00e1 mais recursos para voc\u00ea<\/a><\/p> <\/div> <div class=\"application-platform-content-item-installation application-platform-content-item\" id=\"installation\" data-nav-section=\"installation\"> <h2> Descubra como colar as Avalia\u00e7\u00f5es do Airbnb no seu site Wix<\/h2><div class=\"video-container\"><iframe width=\"720\" height=\"405\" src=\"https:\/\/www.youtube.com\/embed\/HIl83roRsio\" frameborder=\"0\" allowfullscreen=\"\"><\/iframe> <\/div><p>As a\u00e7\u00f5es a seguir s\u00e3o a \u00fanica coisa que voc\u00ea precisa fazer para configurar o widget. \u00c9 r\u00e1pido e sem codifica\u00e7\u00e3o. <\/p> <ol><li><b>Crie seu plugin Airbnb personalizado<\/b><br> Por meio de nosso editor gratuito, crie um plugin com apar\u00eancia e funcionalidade selecionadas. <\/li><li><b>Adquira o c\u00f3digo pessoal para publicar o plugin<\/b><br> Depois de gerar o seu widget, voc\u00ea obter\u00e1 o c\u00f3digo exclusivo na janela que aparece nos aplicativos da Elfsight. Copie. <\/li> <li><b>Publique o plugin em seu site Wix<\/b><br> Escolha a \u00e1rea onde voc\u00ea gostaria de incorporar o plugin e adicione o c\u00f3digo copiado l\u00e1. Publique as altera\u00e7\u00f5es. <\/li> <li><b>Conclu\u00eddo!<\/b><br> Visite a p\u00e1gina para visualizar seu plugin. <\/li> <\/ol><p>Ainda n\u00e3o consegue se decidir? Ou tendo problemas? Basta enviar uma solicita\u00e7\u00e3o \u00e0 nossa equipe de suporte ao cliente para resolver qualquer problema. <\/p> <\/div>","protected":false},"excerpt":{"rendered":"","protected":false},"author":9,"featured_media":0,"parent":1331,"menu_order":0,"comment_status":"closed","ping_status":"closed","template":"templates\/template-application-platform.php","meta":{"publish_to_discourse":"","publish_post_category":"","wpdc_auto_publish_overridden":"","wpdc_topic_tags":"","wpdc_pin_topic":"","wpdc_pin_until":"","discourse_post_id":"","discourse_permalink":"","wpdc_publishing_response":"","wpdc_publishing_error":"","footnotes":""},"class_list":["post-5497","page","type-page","status-publish","hentry"],"yoast_head":"<!-- This site is optimized with the Yoast SEO plugin v25.3.1 - https:\/\/yoast.com\/wordpress\/plugins\/seo\/ -->\n<title>Incorpore avalia\u00e7\u00f5es do Airbnb em seu site Wix (2026)<\/title>\n<meta name=\"description\" content=\"\u00c9 absolutamente simples moldar seu aplicativo Airbnb Reviews e adicion\u00e1-lo ao site Wix. O suporte ao cliente da Elfsight \u00e9 gratuito.\" \/>\n<meta name=\"robots\" content=\"index, follow, max-snippet:-1, max-image-preview:large, max-video-preview:-1\" \/>\n<link rel=\"canonical\" href=\"https:\/\/elfsight.com\/pt\/airbnb-reviews-widget\/wix\/\" \/>\n<meta property=\"og:locale\" content=\"pt_PT\" \/>\n<meta property=\"og:type\" content=\"article\" \/>\n<meta property=\"og:title\" content=\"Incorpore avalia\u00e7\u00f5es do Airbnb em seu site Wix (2026)\" \/>\n<meta property=\"og:description\" content=\"\u00c9 absolutamente simples moldar seu aplicativo Airbnb Reviews e adicion\u00e1-lo ao site Wix. O suporte ao cliente da Elfsight \u00e9 gratuito.\" \/>\n<meta property=\"og:url\" content=\"https:\/\/elfsight.com\/pt\/airbnb-reviews-widget\/wix\/\" \/>\n<meta property=\"og:site_name\" content=\"Elfsight PT\" \/>\n<meta property=\"article:modified_time\" content=\"2024-11-13T11:55:14+00:00\" \/>\n<meta name=\"twitter:card\" content=\"summary_large_image\" \/>\n<meta name=\"twitter:label1\" content=\"Tempo estimado de leitura\" \/>\n\t<meta name=\"twitter:data1\" content=\"3 minutos\" \/>\n<!-- \/ Yoast SEO plugin. -->","yoast_head_json":{"title":"Incorpore avalia\u00e7\u00f5es do Airbnb em seu site Wix (2026)","description":"\u00c9 absolutamente simples moldar seu aplicativo Airbnb Reviews e adicion\u00e1-lo ao site Wix. O suporte ao cliente da Elfsight \u00e9 gratuito.","robots":{"index":"index","follow":"follow","max-snippet":"max-snippet:-1","max-image-preview":"max-image-preview:large","max-video-preview":"max-video-preview:-1"},"canonical":"https:\/\/elfsight.com\/pt\/airbnb-reviews-widget\/wix\/","og_locale":"pt_PT","og_type":"article","og_title":"Incorpore avalia\u00e7\u00f5es do Airbnb em seu site Wix (2026)","og_description":"\u00c9 absolutamente simples moldar seu aplicativo Airbnb Reviews e adicion\u00e1-lo ao site Wix. O suporte ao cliente da Elfsight \u00e9 gratuito.","og_url":"https:\/\/elfsight.com\/pt\/airbnb-reviews-widget\/wix\/","og_site_name":"Elfsight PT","article_modified_time":"2024-11-13T11:55:14+00:00","twitter_card":"summary_large_image","twitter_misc":{"Tempo estimado de leitura":"3 minutos"},"schema":{"@context":"https:\/\/schema.org","@graph":[{"@type":"WebPage","@id":"https:\/\/elfsight.com\/pt\/airbnb-reviews-widget\/wix\/","url":"https:\/\/elfsight.com\/pt\/airbnb-reviews-widget\/wix\/","name":"Incorpore avalia\u00e7\u00f5es do Airbnb em seu site Wix (2026)","isPartOf":{"@id":"https:\/\/elfsight.com\/pt\/#website"},"datePublished":"2024-05-03T06:26:33+00:00","dateModified":"2024-11-13T11:55:14+00:00","description":"\u00c9 absolutamente simples moldar seu aplicativo Airbnb Reviews e adicion\u00e1-lo ao site Wix. O suporte ao cliente da Elfsight \u00e9 gratuito.","breadcrumb":{"@id":"https:\/\/elfsight.com\/pt\/airbnb-reviews-widget\/wix\/#breadcrumb"},"inLanguage":"pt-PT","potentialAction":[{"@type":"ReadAction","target":["https:\/\/elfsight.com\/pt\/airbnb-reviews-widget\/wix\/"]}]},{"@type":"BreadcrumbList","@id":"https:\/\/elfsight.com\/pt\/airbnb-reviews-widget\/wix\/#breadcrumb","itemListElement":[{"@type":"ListItem","position":1,"name":"Home","item":"https:\/\/elfsight.com\/pt\/"},{"@type":"ListItem","position":2,"name":"Airbnb Reviews","item":"https:\/\/elfsight.com\/pt\/airbnb-reviews-widget\/"},{"@type":"ListItem","position":3,"name":"Airbnb Reviews &#8211; Wix"}]},{"@type":"WebSite","@id":"https:\/\/elfsight.com\/pt\/#website","url":"https:\/\/elfsight.com\/pt\/","name":"Elfsight PT","description":"Just another Elfsight Sites site","potentialAction":[{"@type":"SearchAction","target":{"@type":"EntryPoint","urlTemplate":"https:\/\/elfsight.com\/pt\/?s={search_term_string}"},"query-input":{"@type":"PropertyValueSpecification","valueRequired":true,"valueName":"search_term_string"}}],"inLanguage":"pt-PT"}]}},"meta_box":{"industry":"","seo_heading":"","heading":"","description":"","cta_heading":"","cta_description":"","application":"1330","h1":"Avalia\u00e7\u00f5es do Wix Airbnb","h1_caption":"Incorpore recomenda\u00e7\u00f5es convincentes de clientes do Airbnb em seu site","application_category":[],"applications_title":"","applications_request_title":"","applications_request_button_text":"","hero_text":"","hero_video":"","hero_video_schema_markup":"","selling_points_title":"","selling_points_caption":"","selling_points":[],"selling_points_cta_text":"","features_title":"","features":"","ed_cta_examples_text":"","ed_cta_examples_hidden":"","ed_cta_demo_text":"","ed_cta_demo_hidden":"","why_caption":"","why_editor_title":"","why_editor_text":"","why_team_title":"","why_team_text":"","why_service_title":"","why_service_text":"","template_catalog_visible":"","template_catalog_title":"","template_catalog_text":"","template_catalog_categories_visible":"","demo_title":"Crie seu aplicativo de avalia\u00e7\u00f5es do Airbnb","demo_caption":"Configure suas avalia\u00e7\u00f5es do Airbnb e adicione-as ao seu site Wix gratuitamente!","default_faq_hidden":"","app_template_category":[],"platform":"37","template_public_id":"","codecanyon_url":"","codecanyon_item_id":"","codecanyon_price":"","pricing_caption":"","pricing_elfsight_apps_hide_column":"","pricing_elfsight_apps_url":"","pricing_codecanyon_price_caption":"","integration_category":[],"integration_request_title":"","integration_request_cta":"","integration_platform":"","integrations":[],"platform_category":[],"video_schema_markup":"","price":"a partir de US$ 0\/m\u00eas","trial":"","benefits":[{"text":"Assist\u00eancia de instala\u00e7\u00e3o gratuita"},{"text":"Suporte premium"},{"text":"Garantia de reembolso de 14 dias"},{"text":"Melhorias ao longo da vida"}],"button_url":"#demo","button_target_blank":"","button_nofollow":"","attributes":[{"name":"Instala\u00e7\u00f5es","content":"10,000 - 100,000"},{"name":"Responsivo","content":"Sim"},{"name":"Navegadores compat\u00edveis","content":"Firefox, Opera, Chrome, Safari, Edge"}],"tags":[],"tags_disable_links":"","hide_more_platforms":"","video_object":"","demo_hide_cta":"","demo_hide_cloud_options":"","pricing_title":"","pricing":[{"pricing_icon":"platform","pricing_title":"Elfsight Apps","pricing_title_caption":"Vers\u00e3o multiplataforma que funciona em qualquer site","pricing_price":"a partir de US$ 0\/m\u00eas","pricing_price_caption":"comece com plano gratuito","pricing_benefits":[{"text":"Sites ilimitados"},{"text":"Suporte dedicado \u00e0 empresa"},{"text":"Suporte dedicado \u00e0 empresa"},{"text":"100% personaliz\u00e1vel"}],"pricing_button_text":"Adicionar ao site","pricing_button_url":"#demo"}],"related_apps_title":"","related_apps_hidden":"","author":"","image":[],"title":"","job":"","social_networks":[]},"_links":{"self":[{"href":"https:\/\/elfsight.com\/pt\/wp-json\/wp\/v2\/pages\/5497","targetHints":{"allow":["GET"]}}],"collection":[{"href":"https:\/\/elfsight.com\/pt\/wp-json\/wp\/v2\/pages"}],"about":[{"href":"https:\/\/elfsight.com\/pt\/wp-json\/wp\/v2\/types\/page"}],"author":[{"embeddable":true,"href":"https:\/\/elfsight.com\/pt\/wp-json\/wp\/v2\/users\/9"}],"replies":[{"embeddable":true,"href":"https:\/\/elfsight.com\/pt\/wp-json\/wp\/v2\/comments?post=5497"}],"version-history":[{"count":2,"href":"https:\/\/elfsight.com\/pt\/wp-json\/wp\/v2\/pages\/5497\/revisions"}],"predecessor-version":[{"id":11536,"href":"https:\/\/elfsight.com\/pt\/wp-json\/wp\/v2\/pages\/5497\/revisions\/11536"}],"up":[{"embeddable":true,"href":"https:\/\/elfsight.com\/pt\/wp-json\/wp\/v2\/pages\/1331"}],"wp:attachment":[{"href":"https:\/\/elfsight.com\/pt\/wp-json\/wp\/v2\/media?parent=5497"}],"curies":[{"name":"wp","href":"https:\/\/api.w.org\/{rel}","templated":true}]}}