{"id":5496,"date":"2024-05-03T06:26:32","date_gmt":"2024-05-03T06:26:32","guid":{"rendered":"https:\/\/elfsight.com\/pt\/?page_id=5496"},"modified":"2024-11-13T11:55:14","modified_gmt":"2024-11-13T11:55:14","slug":"weebly","status":"publish","type":"page","link":"https:\/\/elfsight.com\/pt\/airbnb-reviews-widget\/weebly\/","title":{"rendered":"Airbnb Reviews &#8211; Weebly"},"content":{"rendered":"<div class=\"application-platform-content-item-description application-platform-content-item\" id=\"description\" data-nav-section=\"description\"> <h2>Descri\u00e7\u00e3o<\/h2> <p>Se deseja revelar a sua classifica\u00e7\u00e3o elevada e convencer os visitantes do site de que o seu alojamento \u00e9 popular entre os visitantes, a Elfsight As Avalia\u00e7\u00f5es do Airbnb combinam perfeitamente com voc\u00ea. Com esta ferramenta, voc\u00ea poder\u00e1 inserir avalia\u00e7\u00f5es de clientes do Airbnb em seu site com informa\u00e7\u00f5es sobre seus autores, filtr\u00e1-los para revelar apenas os bons, mostrar avalia\u00e7\u00f5es e um bot\u00e3o de solicita\u00e7\u00e3o de avalia\u00e7\u00e3o que levar\u00e1 as pessoas \u00e0 sua conta do Airbnb, para que elas pode adicionar uma nova avalia\u00e7\u00e3o.<\/p> <div class=\"faq\" data-component=\"FAQ\"><div class=\"faq-item\">\r\n\t\t\t\t\t<div class=\"faq-item-question\">\r\n\t\t\t\t\t\t<h3 class=\"faq-item-question-text\">Onde posso incorpor\u00e1-lo<\/h3>\r\n\r\n\t\t\t\t\t\t<div class=\"faq-item-question-icon\"><\/div>\r\n\t\t\t\t\t<\/div>\r\n\r\n\t\t\t\t\t<div class=\"faq-item-answer\">\r\n\t\t\t\t\t\t<div class=\"faq-item-answer-text\"> <p>O widget pode ser adicionado em qualquer p\u00e1gina, onde voc\u00ea gostaria de provar sua alta avalia\u00e7\u00e3o e popularidade entre os clientes . Se precisar dele em todas as p\u00e1ginas do seu site, voc\u00ea pode simplesmente adicion\u00e1-lo ao modelo do site.<\/p> <\/div>\r\n\t\t\t\t\t<\/div>\r\n\t\t\t\t<\/div><div class=\"faq-item\">\r\n\t\t\t\t\t<div class=\"faq-item-question\">\r\n\t\t\t\t\t\t<h3 class=\"faq-item-question-text\">Como posso me beneficiar do widget?<\/h3>\r\n\r\n\t\t\t\t\t\t<div class=\"faq-item-question-icon\"><\/div>\r\n\t\t\t\t\t<\/div>\r\n\r\n\t\t\t\t\t<div class=\"faq-item-answer\">\r\n\t\t\t\t\t\t<div class=\"faq-item-answer-text\"> <p>Avalia\u00e7\u00f5es postadas por pessoas reais parecem ter a maior credibilidade para os usu\u00e1rios do seu site e significam para eles que suas ofertas satisfazem os clientes. Avalia\u00e7\u00f5es altas e impress\u00f5es positivas podem ajudar a aumentar as vendas em seu site. Al\u00e9m disso, o bot\u00e3o de redirecionamento pode contribuir para ter mais avalia\u00e7\u00f5es de clientes relacionadas \u00e0s suas ofertas ou servi\u00e7os no Airbnb. <\/p> <\/div>\r\n\t\t\t\t\t<\/div>\r\n\t\t\t\t<\/div> <div class=\"faq-item\">\r\n\t\t\t\t\t<div class=\"faq-item-question\">\r\n\t\t\t\t\t\t<h3 class=\"faq-item-question-text\">Como posso adicionar Avalia\u00e7\u00f5es do Airbnb no meu site do Weebly?<\/h3>\r\n\r\n\t\t\t\t\t\t<div class=\"faq-item-question-icon\"><\/div>\r\n\t\t\t\t\t<\/div>\r\n\r\n\t\t\t\t\t<div class=\"faq-item-answer\">\r\n\t\t\t\t\t\t<div class=\"faq-item-answer-text\"> <p>Levar\u00e1 apenas dois minutos do seu tempo para come\u00e7ar a usar o widget. A adi\u00e7\u00e3o \u00e9 muito r\u00e1pida, gratuita e n\u00e3o inclui codifica\u00e7\u00e3o. <\/p> <ol><li>Existe a op\u00e7\u00e3o de integrar as Avalia\u00e7\u00f5es do Airbnb ao seu site por meio do nosso servi\u00e7o. Para isso, voc\u00ea precisar\u00e1 conferir uma breve descri\u00e7\u00e3o a seguir nesta p\u00e1gina. <\/li> <li>As Avalia\u00e7\u00f5es Airbnb da Elfsight podem ser inseridas atrav\u00e9s do nosso servi\u00e7o ou atrav\u00e9s do mercado. Voc\u00ea pode ver todos os detalhes dessas op\u00e7\u00f5es e escolher a mais adequada. <\/li> <\/ol> <\/div>\r\n\t\t\t\t\t<\/div>\r\n\t\t\t\t<\/div> <\/div> <\/div> <div class=\"application-platform-content-item-features application-platform-content-item\" id=\"features\" data-nav-section=\"features\"> <h2>Recursos<\/h2> <p>Confira a lista dos recursos mais destacados do Elfsight Airbnb Avalia\u00e7\u00f5es. Eles tornam o widget realmente eficiente para voc\u00ea: <\/p> <ul> <li>3 tipos de filtros: por tipo, exclus\u00e3o por e quantidade de avalia\u00e7\u00f5es a serem exibidas; <\/li> <li>O bot\u00e3o de solicita\u00e7\u00e3o de avalia\u00e7\u00e3o direciona os visitantes para sua p\u00e1gina do Airbnb; <\/li> <li>Dois cen\u00e1rios poss\u00edveis ap\u00f3s a recusa do pedido de revis\u00e3o: revelar sua mensagem ou ocultar o bot\u00e3o. <\/li> <\/ul><p><a href=\"#demo\">Confira todos os recursos em nossa demonstra\u00e7\u00e3o ao vivo<\/a><\/p> <\/div> <div class=\"application-platform-content-item-installation application-platform-content-item\" id=\"installation\" data-nav-section=\"installation\"> <h2> Aprenda como inserir as avalia\u00e7\u00f5es do Airbnb em seu site do Weebly<\/h2> <div class=\"video-container\"><iframe width=\"720\" height=\"405\" src=\"https:\/\/www.youtube.com\/embed\/QJLHFCIKx-o\" frameborder=\"0\" allowfullscreen=\"\"><\/iframe><\/div><p>As etapas a seguir s\u00e3o a \u00fanica coisa que voc\u00ea precisa para publicar.<\/p> <ol><li><b>Use nosso editor gratuito e comece a moldar seu aplicativo personalizado. <\/b><br> Escolha o layout e as op\u00e7\u00f5es preferidas do aplicativo e aplique todas as corre\u00e7\u00f5es. <\/li> <li><b>Adquira o seu c\u00f3digo exclusivo que \u00e9 apresentado no formul\u00e1rio especial nas aplica\u00e7\u00f5es Elfsight. <\/b><br> Quando o estabelecimento do seu aplicativo estiver conclu\u00eddo, copie o c\u00f3digo pessoal do pop-up exibido e guarde-o para uso posterior. <\/li> <li><b>Iniciar a utiliza\u00e7\u00e3o do aplicativo na p\u00e1gina do Weebly. <\/b><br> Implemente o c\u00f3digo que voc\u00ea copiou anteriormente em sua p\u00e1gina e salve os ajustes. <\/li> <li><b>A instala\u00e7\u00e3o foi totalmente conclu\u00edda. <\/b><br> Acesse seu site para ver como o aplicativo est\u00e1 funcionando. <\/li><\/ol><p>Ainda duvida de alguma coisa? Ou tem d\u00favidas? Apenas uma \u00fanica solicita\u00e7\u00e3o ao nosso atendimento ao cliente resolver\u00e1 qualquer problema. <\/p> <\/div>","protected":false},"excerpt":{"rendered":"","protected":false},"author":9,"featured_media":0,"parent":1331,"menu_order":0,"comment_status":"closed","ping_status":"closed","template":"templates\/template-application-platform.php","meta":{"publish_to_discourse":"","publish_post_category":"","wpdc_auto_publish_overridden":"","wpdc_topic_tags":"","wpdc_pin_topic":"","wpdc_pin_until":"","discourse_post_id":"","discourse_permalink":"","wpdc_publishing_response":"","wpdc_publishing_error":"","footnotes":""},"class_list":["post-5496","page","type-page","status-publish","hentry"],"yoast_head":"<!-- This site is optimized with the Yoast SEO plugin v25.3.1 - https:\/\/yoast.com\/wordpress\/plugins\/seo\/ -->\n<title>Incorpore avalia\u00e7\u00f5es do Airbnb em seu site do Weebly (em 2 minutos)<\/title>\n<meta name=\"description\" content=\"Use a possibilidade de criar avalia\u00e7\u00f5es do Airbnb e exibi-las em seu site do Weebly. Aproveite o atendimento gratuito ao cliente e outras vantagens da Elfsight.\" \/>\n<meta name=\"robots\" content=\"index, follow, max-snippet:-1, max-image-preview:large, max-video-preview:-1\" \/>\n<link rel=\"canonical\" href=\"https:\/\/elfsight.com\/pt\/airbnb-reviews-widget\/weebly\/\" \/>\n<meta property=\"og:locale\" content=\"pt_PT\" \/>\n<meta property=\"og:type\" content=\"article\" \/>\n<meta property=\"og:title\" content=\"Incorpore avalia\u00e7\u00f5es do Airbnb em seu site do Weebly (em 2 minutos)\" \/>\n<meta property=\"og:description\" content=\"Use a possibilidade de criar avalia\u00e7\u00f5es do Airbnb e exibi-las em seu site do Weebly. Aproveite o atendimento gratuito ao cliente e outras vantagens da Elfsight.\" \/>\n<meta property=\"og:url\" content=\"https:\/\/elfsight.com\/pt\/airbnb-reviews-widget\/weebly\/\" \/>\n<meta property=\"og:site_name\" content=\"Elfsight PT\" \/>\n<meta property=\"article:modified_time\" content=\"2024-11-13T11:55:14+00:00\" \/>\n<meta name=\"twitter:card\" content=\"summary_large_image\" \/>\n<meta name=\"twitter:label1\" content=\"Tempo estimado de leitura\" \/>\n\t<meta name=\"twitter:data1\" content=\"3 minutos\" \/>\n<!-- \/ Yoast SEO plugin. -->","yoast_head_json":{"title":"Incorpore avalia\u00e7\u00f5es do Airbnb em seu site do Weebly (em 2 minutos)","description":"Use a possibilidade de criar avalia\u00e7\u00f5es do Airbnb e exibi-las em seu site do Weebly. Aproveite o atendimento gratuito ao cliente e outras vantagens da Elfsight.","robots":{"index":"index","follow":"follow","max-snippet":"max-snippet:-1","max-image-preview":"max-image-preview:large","max-video-preview":"max-video-preview:-1"},"canonical":"https:\/\/elfsight.com\/pt\/airbnb-reviews-widget\/weebly\/","og_locale":"pt_PT","og_type":"article","og_title":"Incorpore avalia\u00e7\u00f5es do Airbnb em seu site do Weebly (em 2 minutos)","og_description":"Use a possibilidade de criar avalia\u00e7\u00f5es do Airbnb e exibi-las em seu site do Weebly. Aproveite o atendimento gratuito ao cliente e outras vantagens da Elfsight.","og_url":"https:\/\/elfsight.com\/pt\/airbnb-reviews-widget\/weebly\/","og_site_name":"Elfsight PT","article_modified_time":"2024-11-13T11:55:14+00:00","twitter_card":"summary_large_image","twitter_misc":{"Tempo estimado de leitura":"3 minutos"},"schema":{"@context":"https:\/\/schema.org","@graph":[{"@type":"WebPage","@id":"https:\/\/elfsight.com\/pt\/airbnb-reviews-widget\/weebly\/","url":"https:\/\/elfsight.com\/pt\/airbnb-reviews-widget\/weebly\/","name":"Incorpore avalia\u00e7\u00f5es do Airbnb em seu site do Weebly (em 2 minutos)","isPartOf":{"@id":"https:\/\/elfsight.com\/pt\/#website"},"datePublished":"2024-05-03T06:26:32+00:00","dateModified":"2024-11-13T11:55:14+00:00","description":"Use a possibilidade de criar avalia\u00e7\u00f5es do Airbnb e exibi-las em seu site do Weebly. Aproveite o atendimento gratuito ao cliente e outras vantagens da Elfsight.","breadcrumb":{"@id":"https:\/\/elfsight.com\/pt\/airbnb-reviews-widget\/weebly\/#breadcrumb"},"inLanguage":"pt-PT","potentialAction":[{"@type":"ReadAction","target":["https:\/\/elfsight.com\/pt\/airbnb-reviews-widget\/weebly\/"]}]},{"@type":"BreadcrumbList","@id":"https:\/\/elfsight.com\/pt\/airbnb-reviews-widget\/weebly\/#breadcrumb","itemListElement":[{"@type":"ListItem","position":1,"name":"Home","item":"https:\/\/elfsight.com\/pt\/"},{"@type":"ListItem","position":2,"name":"Airbnb Reviews","item":"https:\/\/elfsight.com\/pt\/airbnb-reviews-widget\/"},{"@type":"ListItem","position":3,"name":"Airbnb Reviews &#8211; Weebly"}]},{"@type":"WebSite","@id":"https:\/\/elfsight.com\/pt\/#website","url":"https:\/\/elfsight.com\/pt\/","name":"Elfsight PT","description":"Just another Elfsight Sites site","potentialAction":[{"@type":"SearchAction","target":{"@type":"EntryPoint","urlTemplate":"https:\/\/elfsight.com\/pt\/?s={search_term_string}"},"query-input":{"@type":"PropertyValueSpecification","valueRequired":true,"valueName":"search_term_string"}}],"inLanguage":"pt-PT"}]}},"meta_box":{"industry":"","seo_heading":"","heading":"","description":"","cta_heading":"","cta_description":"","application":"1330","h1":"Avalia\u00e7\u00f5es do Weebly Airbnb","h1_caption":"Mostre as impress\u00f5es de clientes mais atraentes do Airbnb em seu site","application_category":[],"applications_title":"","applications_request_title":"","applications_request_button_text":"","hero_text":"","hero_video":"","hero_video_schema_markup":"","selling_points_title":"","selling_points_caption":"","selling_points":[],"selling_points_cta_text":"","features_title":"","features":"","ed_cta_examples_text":"","ed_cta_examples_hidden":"","ed_cta_demo_text":"","ed_cta_demo_hidden":"","why_caption":"","why_editor_title":"","why_editor_text":"","why_team_title":"","why_team_text":"","why_service_title":"","why_service_text":"","template_catalog_visible":"","template_catalog_title":"","template_catalog_text":"","template_catalog_categories_visible":"","demo_title":"Crie seu aplicativo de avalia\u00e7\u00f5es do Airbnb","demo_caption":"Configure suas avalia\u00e7\u00f5es do Airbnb e adicione-as ao seu site do Weebly gratuitamente!","default_faq_hidden":"","app_template_category":[],"platform":"73","template_public_id":"","codecanyon_url":"","codecanyon_item_id":"","codecanyon_price":"","pricing_caption":"","pricing_elfsight_apps_hide_column":"","pricing_elfsight_apps_url":"","pricing_codecanyon_price_caption":"","integration_category":[],"integration_request_title":"","integration_request_cta":"","integration_platform":"","integrations":[],"platform_category":[],"video_schema_markup":"","price":"a partir de US$ 0\/m\u00eas","trial":"","benefits":[{"text":"Servi\u00e7o de instala\u00e7\u00e3o gratuito"},{"text":"Atendimento ao cliente profissional"},{"text":"Garantia de devolu\u00e7\u00e3o do dinheiro em 14 dias"},{"text":"Desenvolvimento cont\u00ednuo"}],"button_url":"#demo","button_target_blank":"","button_nofollow":"","attributes":[{"name":"Instala\u00e7\u00f5es","content":"10,000 - 100,000"},{"name":"Responsivo","content":"Sim"},{"name":"Navegadores compat\u00edveis","content":"Firefox, Safari, Opera, Chrome, Edge"}],"tags":[],"tags_disable_links":"","hide_more_platforms":"","video_object":"","demo_hide_cta":"","demo_hide_cloud_options":"","pricing_title":"","pricing":[{"pricing_icon":"platform","pricing_title":"Elfsight Apps","pricing_title_caption":"Solu\u00e7\u00e3o multiplataforma que funciona em qualquer site","pricing_price":"a partir de US$ 0\/m\u00eas","pricing_price_caption":"comece com um plano gratuito","pricing_benefits":[{"text":"Dom\u00ednios ilimitados"},{"text":"Suporte premium"},{"text":"Suporte premium"},{"text":"100% personaliz\u00e1vel"}],"pricing_button_text":"Adicionar ao site","pricing_button_url":"#demo"}],"related_apps_title":"","related_apps_hidden":"","author":"","image":[],"title":"","job":"","social_networks":[]},"_links":{"self":[{"href":"https:\/\/elfsight.com\/pt\/wp-json\/wp\/v2\/pages\/5496","targetHints":{"allow":["GET"]}}],"collection":[{"href":"https:\/\/elfsight.com\/pt\/wp-json\/wp\/v2\/pages"}],"about":[{"href":"https:\/\/elfsight.com\/pt\/wp-json\/wp\/v2\/types\/page"}],"author":[{"embeddable":true,"href":"https:\/\/elfsight.com\/pt\/wp-json\/wp\/v2\/users\/9"}],"replies":[{"embeddable":true,"href":"https:\/\/elfsight.com\/pt\/wp-json\/wp\/v2\/comments?post=5496"}],"version-history":[{"count":2,"href":"https:\/\/elfsight.com\/pt\/wp-json\/wp\/v2\/pages\/5496\/revisions"}],"predecessor-version":[{"id":11535,"href":"https:\/\/elfsight.com\/pt\/wp-json\/wp\/v2\/pages\/5496\/revisions\/11535"}],"up":[{"embeddable":true,"href":"https:\/\/elfsight.com\/pt\/wp-json\/wp\/v2\/pages\/1331"}],"wp:attachment":[{"href":"https:\/\/elfsight.com\/pt\/wp-json\/wp\/v2\/media?parent=5496"}],"curies":[{"name":"wp","href":"https:\/\/api.w.org\/{rel}","templated":true}]}}