{"id":5490,"date":"2024-05-03T06:26:30","date_gmt":"2024-05-03T06:26:30","guid":{"rendered":"https:\/\/elfsight.com\/pt\/?page_id=5490"},"modified":"2024-11-13T11:55:14","modified_gmt":"2024-11-13T11:55:14","slug":"webflow","status":"publish","type":"page","link":"https:\/\/elfsight.com\/pt\/airbnb-reviews-widget\/webflow\/","title":{"rendered":"Airbnb Reviews &#8211; Webflow"},"content":{"rendered":"<div class=\"application-platform-content-item-description application-platform-content-item\" id=\"description\" data-nav-section=\"description\"> <h2>Incorpore avalia\u00e7\u00f5es do Airbnb no Webflow com o widget Elfsight<\/h2> <p>Se voc\u00ea deseja demonstrar sua aprecia\u00e7\u00e3o entre os usu\u00e1rios e convencer os visitantes do site que vale a pena comprar os seus produtos ou servi\u00e7os, o Elfsight Airbnb Reviews combina perfeitamente com voc\u00ea. Com nossa ferramenta, voc\u00ea pode inserir coment\u00e1rios de usu\u00e1rios do Airbnb em seu site com informa\u00e7\u00f5es sobre seus autores, usar filtros para mostrar apenas os bons, adicionar avalia\u00e7\u00f5es e um bot\u00e3o ativo que levar\u00e1 os usu\u00e1rios \u00e0 sua p\u00e1gina do Airbnb, para que possam deixe seu coment\u00e1rio. <\/p> <div class=\"faq\" data-component=\"FAQ\"><div class=\"faq-item\">\r\n\t\t\t\t\t<div class=\"faq-item-question\">\r\n\t\t\t\t\t\t<h3 class=\"faq-item-question-text\">Onde posso integrar avalia\u00e7\u00f5es do Airbnb no meu site<\/h3>\r\n\r\n\t\t\t\t\t\t<div class=\"faq-item-question-icon\"><\/div>\r\n\t\t\t\t\t<\/div>\r\n\r\n\t\t\t\t\t<div class=\"faq-item-answer\">\r\n\t\t\t\t\t\t<div class=\"faq-item-answer-text\"> <p>Nosso widget pode ser configurado em qualquer p\u00e1gina, onde voc\u00ea deseja impressionar os usu\u00e1rios com sua alta avalia\u00e7\u00e3o e popularidade entre os clientes . Se quiser exibir o widget em todas as p\u00e1ginas do site, voc\u00ea pode col\u00e1-lo facilmente no modelo do site. <\/p> <\/div>\r\n\t\t\t\t\t<\/div>\r\n\t\t\t\t<\/div><div class=\"faq-item\">\r\n\t\t\t\t\t<div class=\"faq-item-question\">\r\n\t\t\t\t\t\t<h3 class=\"faq-item-question-text\">Como vou me beneficiar com isso?<\/h3>\r\n\r\n\t\t\t\t\t\t<div class=\"faq-item-question-icon\"><\/div>\r\n\t\t\t\t\t<\/div>\r\n\r\n\t\t\t\t\t<div class=\"faq-item-answer\">\r\n\t\t\t\t\t\t<div class=\"faq-item-answer-text\"> <p>Avalia\u00e7\u00f5es postadas por pessoas reais parecem extremamente confi\u00e1veis \u200b\u200bpara os usu\u00e1rios do seu site e provam que sua empresa \u00e9 um parceiro confi\u00e1vel. Avalia\u00e7\u00f5es altas e avalia\u00e7\u00f5es excelentes podem ajudar a aumentar as vendas do seu site. Al\u00e9m disso, o bot\u00e3o de redirecionamento contribuir\u00e1 para aumentar a quantidade de coment\u00e1rios de clientes sobre o seu lugar no Airbnb. <\/p> <\/div>\r\n\t\t\t\t\t<\/div>\r\n\t\t\t\t<\/div> <div class=\"faq-item\">\r\n\t\t\t\t\t<div class=\"faq-item-question\">\r\n\t\t\t\t\t\t<h3 class=\"faq-item-question-text\">Como adiciono coment\u00e1rios do Airbnb ao meu site Webflow? <\/h3>\r\n\r\n\t\t\t\t\t\t<div class=\"faq-item-question-icon\"><\/div>\r\n\t\t\t\t\t<\/div>\r\n\r\n\t\t\t\t\t<div class=\"faq-item-answer\">\r\n\t\t\t\t\t\t<div class=\"faq-item-answer-text\"> <p>Voc\u00ea s\u00f3 precisa de um minuto para incorporar o widget. O processo \u00e9 extremamente r\u00e1pido, gratuito e sem codifica\u00e7\u00e3o. <\/p> <ol><li>Voc\u00ea pode incorporar Avalia\u00e7\u00f5es do Airbnb \u00e0 p\u00e1gina da web diretamente por meio de nosso servi\u00e7o. Para isso voc\u00ea precisa aplicar as instru\u00e7\u00f5es a seguir nesta p\u00e1gina. <\/li> <li>O widget pode ser incorporado atrav\u00e9s do nosso servi\u00e7o ou no mercado. Voc\u00ea pode comparar as duas op\u00e7\u00f5es e escolher a sua. <\/li> <\/ol> <\/div>\r\n\t\t\t\t\t<\/div>\r\n\t\t\t\t<\/div> <\/div> <\/div> <div class=\"application-platform-content-item-features application-platform-content-item\" id=\"features\" data-nav-section=\"features\"> <h2>Principais recursos do widget de avalia\u00e7\u00f5es do Airbnb<\/h2> <p>Para moldar um compreens\u00e3o completa das Avalia\u00e7\u00f5es do Airbnb, descubra a lista das fun\u00e7\u00f5es mais destacadas. Eles tornam este widget extremamente eficaz para o seu neg\u00f3cio: <\/p> <ul> <li>Quatro layouts dispon\u00edveis: Lista, Grade, Alvenaria e Slider; <\/li> <li>O bot\u00e3o ativo para deixar mais um coment\u00e1rio leva os visitantes \u00e0 p\u00e1gina do Airbnb; <\/li> <li>Seis elementos flex\u00edveis das avalia\u00e7\u00f5es: nome do autor e foto, recomenda\u00e7\u00e3o, data da postagem, \u00edcone do Airbnb e classifica\u00e7\u00e3o por estrelas; <\/li> <\/ul><p><a href=\"#demo\">Para explorar mais recursos, consulte a demonstra\u00e7\u00e3o<\/a><\/p> <\/div> <div class=\"application-platform-content-item-installation application-platform-content-item\" id=\"installation\" data-nav-section=\"installation\"> <h2> Veja como configurar os coment\u00e1rios do Airbnb na sua p\u00e1gina Webflow<\/h2><div class=\"video-container\"><iframe width=\"720\" height=\"405\" src=\"https:\/\/www.youtube.com\/embed\/Ig7XIYFy9VE\" frameborder=\"0\" allowfullscreen=\"\"><\/iframe><\/div><p>As etapas a seguir s\u00e3o a \u00fanica coisa que voc\u00ea precisa fazer. O processo \u00e9 livre de codifica\u00e7\u00e3o. <\/p> <ol><li><b>Crie seu plugin Airbnb personalizado<\/b><br> Por meio de nosso editor gratuito, crie um plugin com layout e funcionalidade preferidos. <\/li><li><b>Obtenha o c\u00f3digo individual para publicar o plugin<\/b><br> Depois de criar o seu widget, voc\u00ea obter\u00e1 o c\u00f3digo exclusivo na janela que aparece nos aplicativos da Elfsight. Copie. <\/li> <li><b>Exiba o plugin em seu site Webflow<\/b><br> Escolha a p\u00e1gina ou \u00e1rea onde deseja mostrar o plugin e adicione o c\u00f3digo salvo l\u00e1. Salve as edi\u00e7\u00f5es. <\/li> <li><b>Voc\u00ea executou a instala\u00e7\u00e3o com sucesso<\/b><br> Visite a p\u00e1gina para dar uma olhada em seus coment\u00e1rios. <\/li> <\/ol><p>Ainda n\u00e3o consegue decidir? Ou trope\u00e7ou em alguma coisa? Basta enviar uma solicita\u00e7\u00e3o ao nosso suporte ao cliente, n\u00f3s ajudaremos com qualquer problema. <\/p> <\/div>","protected":false},"excerpt":{"rendered":"","protected":false},"author":9,"featured_media":0,"parent":1331,"menu_order":0,"comment_status":"closed","ping_status":"closed","template":"templates\/template-application-platform.php","meta":{"publish_to_discourse":"","publish_post_category":"","wpdc_auto_publish_overridden":"","wpdc_topic_tags":"","wpdc_pin_topic":"","wpdc_pin_until":"","discourse_post_id":"","discourse_permalink":"","wpdc_publishing_response":"","wpdc_publishing_error":"","footnotes":""},"class_list":["post-5490","page","type-page","status-publish","hentry"],"yoast_head":"<!-- This site is optimized with the Yoast SEO plugin v25.3.1 - https:\/\/yoast.com\/wordpress\/plugins\/seo\/ -->\n<title>Incorpore avalia\u00e7\u00f5es do Airbnb em seu site Webflow (2025)<\/title>\n<meta name=\"description\" content=\"\u00c9 perfeitamente simples criar seu widget de Avalia\u00e7\u00f5es do Airbnb e exibi-lo em seu site Webflow. O suporte ao cliente da Elfsight \u00e9 gratuito.\" \/>\n<meta name=\"robots\" content=\"index, follow, max-snippet:-1, max-image-preview:large, max-video-preview:-1\" \/>\n<link rel=\"canonical\" href=\"https:\/\/elfsight.com\/pt\/airbnb-reviews-widget\/webflow\/\" \/>\n<meta property=\"og:locale\" content=\"pt_PT\" \/>\n<meta property=\"og:type\" content=\"article\" \/>\n<meta property=\"og:title\" content=\"Incorpore avalia\u00e7\u00f5es do Airbnb em seu site Webflow (2025)\" \/>\n<meta property=\"og:description\" content=\"\u00c9 perfeitamente simples criar seu widget de Avalia\u00e7\u00f5es do Airbnb e exibi-lo em seu site Webflow. O suporte ao cliente da Elfsight \u00e9 gratuito.\" \/>\n<meta property=\"og:url\" content=\"https:\/\/elfsight.com\/pt\/airbnb-reviews-widget\/webflow\/\" \/>\n<meta property=\"og:site_name\" content=\"Elfsight PT\" \/>\n<meta property=\"article:modified_time\" content=\"2024-11-13T11:55:14+00:00\" \/>\n<meta name=\"twitter:card\" content=\"summary_large_image\" \/>\n<meta name=\"twitter:label1\" content=\"Tempo estimado de leitura\" \/>\n\t<meta name=\"twitter:data1\" content=\"3 minutos\" \/>\n<!-- \/ Yoast SEO plugin. -->","yoast_head_json":{"title":"Incorpore avalia\u00e7\u00f5es do Airbnb em seu site Webflow (2025)","description":"\u00c9 perfeitamente simples criar seu widget de Avalia\u00e7\u00f5es do Airbnb e exibi-lo em seu site Webflow. O suporte ao cliente da Elfsight \u00e9 gratuito.","robots":{"index":"index","follow":"follow","max-snippet":"max-snippet:-1","max-image-preview":"max-image-preview:large","max-video-preview":"max-video-preview:-1"},"canonical":"https:\/\/elfsight.com\/pt\/airbnb-reviews-widget\/webflow\/","og_locale":"pt_PT","og_type":"article","og_title":"Incorpore avalia\u00e7\u00f5es do Airbnb em seu site Webflow (2025)","og_description":"\u00c9 perfeitamente simples criar seu widget de Avalia\u00e7\u00f5es do Airbnb e exibi-lo em seu site Webflow. O suporte ao cliente da Elfsight \u00e9 gratuito.","og_url":"https:\/\/elfsight.com\/pt\/airbnb-reviews-widget\/webflow\/","og_site_name":"Elfsight PT","article_modified_time":"2024-11-13T11:55:14+00:00","twitter_card":"summary_large_image","twitter_misc":{"Tempo estimado de leitura":"3 minutos"},"schema":{"@context":"https:\/\/schema.org","@graph":[{"@type":"WebPage","@id":"https:\/\/elfsight.com\/pt\/airbnb-reviews-widget\/webflow\/","url":"https:\/\/elfsight.com\/pt\/airbnb-reviews-widget\/webflow\/","name":"Incorpore avalia\u00e7\u00f5es do Airbnb em seu site Webflow (2025)","isPartOf":{"@id":"https:\/\/elfsight.com\/pt\/#website"},"datePublished":"2024-05-03T06:26:30+00:00","dateModified":"2024-11-13T11:55:14+00:00","description":"\u00c9 perfeitamente simples criar seu widget de Avalia\u00e7\u00f5es do Airbnb e exibi-lo em seu site Webflow. O suporte ao cliente da Elfsight \u00e9 gratuito.","breadcrumb":{"@id":"https:\/\/elfsight.com\/pt\/airbnb-reviews-widget\/webflow\/#breadcrumb"},"inLanguage":"pt-PT","potentialAction":[{"@type":"ReadAction","target":["https:\/\/elfsight.com\/pt\/airbnb-reviews-widget\/webflow\/"]}]},{"@type":"BreadcrumbList","@id":"https:\/\/elfsight.com\/pt\/airbnb-reviews-widget\/webflow\/#breadcrumb","itemListElement":[{"@type":"ListItem","position":1,"name":"Home","item":"https:\/\/elfsight.com\/pt\/"},{"@type":"ListItem","position":2,"name":"Airbnb Reviews","item":"https:\/\/elfsight.com\/pt\/airbnb-reviews-widget\/"},{"@type":"ListItem","position":3,"name":"Airbnb Reviews &#8211; Webflow"}]},{"@type":"WebSite","@id":"https:\/\/elfsight.com\/pt\/#website","url":"https:\/\/elfsight.com\/pt\/","name":"Elfsight PT","description":"Just another Elfsight Sites site","potentialAction":[{"@type":"SearchAction","target":{"@type":"EntryPoint","urlTemplate":"https:\/\/elfsight.com\/pt\/?s={search_term_string}"},"query-input":{"@type":"PropertyValueSpecification","valueRequired":true,"valueName":"search_term_string"}}],"inLanguage":"pt-PT"}]}},"meta_box":{"industry":"","seo_heading":"","heading":"","description":"","cta_heading":"","cta_description":"","application":"1330","h1":"Avalia\u00e7\u00f5es do Webflow Airbnb","h1_caption":"Integre as avalia\u00e7\u00f5es perfeitas dos clientes do Airbnb em seu site","application_category":[],"applications_title":"","applications_request_title":"","applications_request_button_text":"","hero_text":"","hero_video":"","hero_video_schema_markup":"","selling_points_title":"","selling_points_caption":"","selling_points":[],"selling_points_cta_text":"","features_title":"","features":"","ed_cta_examples_text":"","ed_cta_examples_hidden":"","ed_cta_demo_text":"","ed_cta_demo_hidden":"","why_caption":"","why_editor_title":"","why_editor_text":"","why_team_title":"","why_team_text":"","why_service_title":"","why_service_text":"","template_catalog_visible":"","template_catalog_title":"","template_catalog_text":"","template_catalog_categories_visible":"","demo_title":"Crie seu widget de avalia\u00e7\u00f5es do Airbnb","demo_caption":"Configure suas avalia\u00e7\u00f5es do Airbnb e adicione-as ao seu site Webflow gratuitamente!","default_faq_hidden":"","app_template_category":[],"platform":"70","template_public_id":"","codecanyon_url":"","codecanyon_item_id":"","codecanyon_price":"","pricing_caption":"","pricing_elfsight_apps_hide_column":"","pricing_elfsight_apps_url":"","pricing_codecanyon_price_caption":"","integration_category":[],"integration_request_title":"","integration_request_cta":"","integration_platform":"","integrations":[],"platform_category":[],"video_schema_markup":"","price":"a partir de US$ 0\/m\u00eas","trial":"","benefits":[{"text":"Assist\u00eancia de instala\u00e7\u00e3o gratuita"},{"text":"Suporte ao cliente experiente"},{"text":"Garantia de reembolso de 14 dias"},{"text":"Atualiza\u00e7\u00f5es gratuitas regulares"}],"button_url":"#demo","button_target_blank":"","button_nofollow":"","attributes":[{"name":"Instala\u00e7\u00f5es","content":"10,000 - 100,000"},{"name":"Responsivo","content":"Sim"},{"name":"Navegadores compat\u00edveis","content":"Edge, Safari, Opera, Firefox, Chrome"}],"tags":[],"tags_disable_links":"","hide_more_platforms":"","video_object":"","demo_hide_cta":"","demo_hide_cloud_options":"","pricing_title":"","pricing":[{"pricing_icon":"platform","pricing_title":"Elfsight Apps","pricing_title_caption":"Solu\u00e7\u00e3o multiplataforma que funciona em qualquer site","pricing_price":"a partir de US$ 0\/m\u00eas","pricing_price_caption":"comece com plano gratuito","pricing_benefits":[{"text":"Dom\u00ednios ilimitados"},{"text":"Suporte dedicado ao cliente"},{"text":"Suporte dedicado ao cliente"},{"text":"Oferta especial para v\u00e1rios aplicativos"}],"pricing_button_text":"Adicionar ao site","pricing_button_url":"#demo"}],"related_apps_title":"","related_apps_hidden":"","author":"","image":[],"title":"","job":"","social_networks":[]},"_links":{"self":[{"href":"https:\/\/elfsight.com\/pt\/wp-json\/wp\/v2\/pages\/5490","targetHints":{"allow":["GET"]}}],"collection":[{"href":"https:\/\/elfsight.com\/pt\/wp-json\/wp\/v2\/pages"}],"about":[{"href":"https:\/\/elfsight.com\/pt\/wp-json\/wp\/v2\/types\/page"}],"author":[{"embeddable":true,"href":"https:\/\/elfsight.com\/pt\/wp-json\/wp\/v2\/users\/9"}],"replies":[{"embeddable":true,"href":"https:\/\/elfsight.com\/pt\/wp-json\/wp\/v2\/comments?post=5490"}],"version-history":[{"count":2,"href":"https:\/\/elfsight.com\/pt\/wp-json\/wp\/v2\/pages\/5490\/revisions"}],"predecessor-version":[{"id":11534,"href":"https:\/\/elfsight.com\/pt\/wp-json\/wp\/v2\/pages\/5490\/revisions\/11534"}],"up":[{"embeddable":true,"href":"https:\/\/elfsight.com\/pt\/wp-json\/wp\/v2\/pages\/1331"}],"wp:attachment":[{"href":"https:\/\/elfsight.com\/pt\/wp-json\/wp\/v2\/media?parent=5490"}],"curies":[{"name":"wp","href":"https:\/\/api.w.org\/{rel}","templated":true}]}}