{"id":5487,"date":"2024-05-03T06:26:27","date_gmt":"2024-05-03T06:26:27","guid":{"rendered":"https:\/\/elfsight.com\/pt\/?page_id=5487"},"modified":"2024-11-13T11:55:05","modified_gmt":"2024-11-13T11:55:05","slug":"opencart","status":"publish","type":"page","link":"https:\/\/elfsight.com\/pt\/airbnb-reviews-widget\/opencart\/","title":{"rendered":"Airbnb Reviews &#8211; OpenCart"},"content":{"rendered":"<div class=\"application-platform-content-item-description application-platform-content-item\" id=\"description\" data-nav-section=\"description\"> <h2>Descri\u00e7\u00e3o<\/h2> <p>Se voc\u00ea deseja revelar sua aprecia\u00e7\u00e3o entre os clientes e convencer os visitantes do site de que seus convidados adoram visitar seu lugar, O widget Elfsight Airbnb Reviews far\u00e1 o trabalho. Usando este widget, voc\u00ea demonstrar\u00e1 facilmente avalia\u00e7\u00f5es de clientes do Airbnb em seu site com detalhes sobre seus autores, poder\u00e1 usar filtros para mostrar apenas os melhores, adicionar avalia\u00e7\u00f5es e um bot\u00e3o ativo, que levar\u00e1 os usu\u00e1rios \u00e0 sua conta do Airbnb, onde poder\u00e3o compartilhe uma nova revis\u00e3o. <\/p> <div class=\"faq\" data-component=\"FAQ\"><div class=\"faq-item\">\r\n\t\t\t\t\t<div class=\"faq-item-question\">\r\n\t\t\t\t\t\t<h3 class=\"faq-item-question-text\">Onde no meu site posso publicar o widget<\/h3>\r\n\r\n\t\t\t\t\t\t<div class=\"faq-item-question-icon\"><\/div>\r\n\t\t\t\t\t<\/div>\r\n\r\n\t\t\t\t\t<div class=\"faq-item-answer\">\r\n\t\t\t\t\t\t<div class=\"faq-item-answer-text\"> <p>Voc\u00ea pode colar o widget de revis\u00e3o em qualquer p\u00e1gina do site ou coloc\u00e1-lo no modelo do site, e ele ser\u00e1 aparecem em todas as p\u00e1ginas. As avalia\u00e7\u00f5es s\u00e3o eficazes nas p\u00e1ginas de produtos ou na p\u00e1gina Sobre n\u00f3s, os lugares onde voc\u00ea gostaria de impressionar os usu\u00e1rios com sua avalia\u00e7\u00e3o alta. <\/p> <\/div>\r\n\t\t\t\t\t<\/div>\r\n\t\t\t\t<\/div><div class=\"faq-item\">\r\n\t\t\t\t\t<div class=\"faq-item-question\">\r\n\t\t\t\t\t\t<h3 class=\"faq-item-question-text\">Como posso me beneficiar deste plug-in?<\/h3>\r\n\r\n\t\t\t\t\t\t<div class=\"faq-item-question-icon\"><\/div>\r\n\t\t\t\t\t<\/div>\r\n\r\n\t\t\t\t\t<div class=\"faq-item-answer\">\r\n\t\t\t\t\t\t<div class=\"faq-item-answer-text\"> <p>Os coment\u00e1rios deixados por pessoas reais parecem confi\u00e1veis \u200b\u200bpara os usu\u00e1rios do seu site e mostram a eles que sua empresa \u00e9 confi\u00e1vel. Avalia\u00e7\u00f5es altas e impress\u00f5es excelentes podem ajudar a aumentar as vendas do seu site. Al\u00e9m disso, o bot\u00e3o ativo pode contribuir para mais avalia\u00e7\u00f5es de usu\u00e1rios sobre sua empresa no Airbnb. <\/p> <\/div>\r\n\t\t\t\t\t<\/div>\r\n\t\t\t\t<\/div> <div class=\"faq-item\">\r\n\t\t\t\t\t<div class=\"faq-item-question\">\r\n\t\t\t\t\t\t<h3 class=\"faq-item-question-text\">O que preciso para incorporar Avalia\u00e7\u00f5es do Airbnb ao meu site OpenCart?<\/h3>\r\n\r\n\t\t\t\t\t\t<div class=\"faq-item-question-icon\"><\/div>\r\n\t\t\t\t\t<\/div>\r\n\r\n\t\t\t\t\t<div class=\"faq-item-answer\">\r\n\t\t\t\t\t\t<div class=\"faq-item-answer-text\"> <p>Leva apenas tr\u00eas minutos para que o widget esteja instalado e funcionando. A incorpora\u00e7\u00e3o \u00e9 muito r\u00e1pida, gratuita e sem codifica\u00e7\u00e3o. <\/p> <ol><li>Existe uma op\u00e7\u00e3o para colocar o widget na p\u00e1gina da web atrav\u00e9s do nosso servi\u00e7o. Basta usar o guia abaixo nesta p\u00e1gina. <\/li> <li>O widget pode ser introduzido atrav\u00e9s do nosso servi\u00e7o ou atrav\u00e9s do mercado. Voc\u00ea pode conhecer todos os detalhes dessas op\u00e7\u00f5es e escolher a mais adequada. <\/li> <\/ol> <\/div>\r\n\t\t\t\t\t<\/div>\r\n\t\t\t\t<\/div> <\/div> <\/div> <div class=\"application-platform-content-item-features application-platform-content-item\" id=\"features\" data-nav-section=\"features\"> <h2>Recursos<\/h2> <p>Para obter um melhor conhecimento das avalia\u00e7\u00f5es do Airbnb, descubra a lista de seus recursos essenciais. Eles tornam o widget o mais ben\u00e9fico poss\u00edvel para o seu site: <\/p> <ul> <li>Quatro layouts prontos para uso: Lista, Grade, Alvenaria e Slider; <\/li> <li>O bot\u00e3o ativo para adicionar outro coment\u00e1rio direciona as pessoas para a p\u00e1gina do Airbnb; <\/li> <li>Duas op\u00e7\u00f5es de cen\u00e1rios de rejei\u00e7\u00e3o de solicita\u00e7\u00e3o de revis\u00e3o: revelar sua mensagem ou ocultar o bot\u00e3o. <\/li> <\/ul><p><a href=\"#demo\">Para verificar uma lista completa de recursos, veja nossa demonstra\u00e7\u00e3o ao vivo<\/a><\/p> <\/div> <div class=\"application-platform-content-item-installation  application-platform-content-item\" id=\"installation \" data-nav-section=\"installation \"> <h2>Veja como incorporar as avalia\u00e7\u00f5es do Airbnb ao seu site OpenCart<\/h2> <p> Algumas a\u00e7\u00f5es f\u00e1ceis s\u00e3o a \u00fanica coisa que voc\u00ea precisa para ter o widget de avalia\u00e7\u00f5es do Airbnb ativo. <\/p> <ol><li><b>Fa\u00e7a nossa demonstra\u00e7\u00e3o gratuita e comece a criar sua extens\u00e3o de coment\u00e1rios personalizada. <\/b><br> Determine o arranjo selecionado e o desempenho da extens\u00e3o e salve todas as edi\u00e7\u00f5es. <\/li> <li><b>Adquira o c\u00f3digo exclusivo demonstrado na caixa dos aplicativos Elfsight. <\/b><br> Assim que a cria\u00e7\u00e3o da sua extens\u00e3o for conclu\u00edda, copie o seu c\u00f3digo na caixa exibida e guarde-o para uso posterior. <\/li> <li><b>Iniciar a utiliza\u00e7\u00e3o da extens\u00e3o no site OpenCart. <\/b><br> Cole o c\u00f3digo salvo anteriormente em seu site e aplique os ajustes. <\/li> <li><b>Pronto! A incorpora\u00e7\u00e3o foi realizada com sucesso. <\/b><br> Abra sua p\u00e1gina da web para dar uma olhada no trabalho da extens\u00e3o. <\/li><\/ol><p>Ainda n\u00e3o decidiu? Ou trope\u00e7ou em alguma coisa? Apenas uma \u00fanica solicita\u00e7\u00e3o \u00e0 nossa equipe de suporte ajudar\u00e1 em todos os problemas. <\/p> <\/div>","protected":false},"excerpt":{"rendered":"","protected":false},"author":9,"featured_media":0,"parent":1331,"menu_order":0,"comment_status":"closed","ping_status":"closed","template":"templates\/template-application-platform.php","meta":{"publish_to_discourse":"","publish_post_category":"","wpdc_auto_publish_overridden":"","wpdc_topic_tags":"","wpdc_pin_topic":"","wpdc_pin_until":"","discourse_post_id":"","discourse_permalink":"","wpdc_publishing_response":"","wpdc_publishing_error":"","footnotes":""},"class_list":["post-5487","page","type-page","status-publish","hentry"],"yoast_head":"<!-- This site is optimized with the Yoast SEO plugin v25.3.1 - https:\/\/yoast.com\/wordpress\/plugins\/seo\/ -->\n<title>Incorpore avalia\u00e7\u00f5es do Airbnb em seu site OpenCart (2025)<\/title>\n<meta name=\"description\" content=\"\u00c9 muito f\u00e1cil criar seu widget de avalia\u00e7\u00f5es do Airbnb e exibi-lo em seu site OpenCart. O suporte ao cliente da Elfsight \u00e9 gratuito.\" \/>\n<meta name=\"robots\" content=\"index, follow, max-snippet:-1, max-image-preview:large, max-video-preview:-1\" \/>\n<link rel=\"canonical\" href=\"https:\/\/elfsight.com\/pt\/airbnb-reviews-widget\/opencart\/\" \/>\n<meta property=\"og:locale\" content=\"pt_PT\" \/>\n<meta property=\"og:type\" content=\"article\" \/>\n<meta property=\"og:title\" content=\"Incorpore avalia\u00e7\u00f5es do Airbnb em seu site OpenCart (2025)\" \/>\n<meta property=\"og:description\" content=\"\u00c9 muito f\u00e1cil criar seu widget de avalia\u00e7\u00f5es do Airbnb e exibi-lo em seu site OpenCart. O suporte ao cliente da Elfsight \u00e9 gratuito.\" \/>\n<meta property=\"og:url\" content=\"https:\/\/elfsight.com\/pt\/airbnb-reviews-widget\/opencart\/\" \/>\n<meta property=\"og:site_name\" content=\"Elfsight PT\" \/>\n<meta property=\"article:modified_time\" content=\"2024-11-13T11:55:05+00:00\" \/>\n<meta name=\"twitter:card\" content=\"summary_large_image\" \/>\n<meta name=\"twitter:label1\" content=\"Tempo estimado de leitura\" \/>\n\t<meta name=\"twitter:data1\" content=\"3 minutos\" \/>\n<!-- \/ Yoast SEO plugin. -->","yoast_head_json":{"title":"Incorpore avalia\u00e7\u00f5es do Airbnb em seu site OpenCart (2025)","description":"\u00c9 muito f\u00e1cil criar seu widget de avalia\u00e7\u00f5es do Airbnb e exibi-lo em seu site OpenCart. O suporte ao cliente da Elfsight \u00e9 gratuito.","robots":{"index":"index","follow":"follow","max-snippet":"max-snippet:-1","max-image-preview":"max-image-preview:large","max-video-preview":"max-video-preview:-1"},"canonical":"https:\/\/elfsight.com\/pt\/airbnb-reviews-widget\/opencart\/","og_locale":"pt_PT","og_type":"article","og_title":"Incorpore avalia\u00e7\u00f5es do Airbnb em seu site OpenCart (2025)","og_description":"\u00c9 muito f\u00e1cil criar seu widget de avalia\u00e7\u00f5es do Airbnb e exibi-lo em seu site OpenCart. O suporte ao cliente da Elfsight \u00e9 gratuito.","og_url":"https:\/\/elfsight.com\/pt\/airbnb-reviews-widget\/opencart\/","og_site_name":"Elfsight PT","article_modified_time":"2024-11-13T11:55:05+00:00","twitter_card":"summary_large_image","twitter_misc":{"Tempo estimado de leitura":"3 minutos"},"schema":{"@context":"https:\/\/schema.org","@graph":[{"@type":"WebPage","@id":"https:\/\/elfsight.com\/pt\/airbnb-reviews-widget\/opencart\/","url":"https:\/\/elfsight.com\/pt\/airbnb-reviews-widget\/opencart\/","name":"Incorpore avalia\u00e7\u00f5es do Airbnb em seu site OpenCart (2025)","isPartOf":{"@id":"https:\/\/elfsight.com\/pt\/#website"},"datePublished":"2024-05-03T06:26:27+00:00","dateModified":"2024-11-13T11:55:05+00:00","description":"\u00c9 muito f\u00e1cil criar seu widget de avalia\u00e7\u00f5es do Airbnb e exibi-lo em seu site OpenCart. O suporte ao cliente da Elfsight \u00e9 gratuito.","breadcrumb":{"@id":"https:\/\/elfsight.com\/pt\/airbnb-reviews-widget\/opencart\/#breadcrumb"},"inLanguage":"pt-PT","potentialAction":[{"@type":"ReadAction","target":["https:\/\/elfsight.com\/pt\/airbnb-reviews-widget\/opencart\/"]}]},{"@type":"BreadcrumbList","@id":"https:\/\/elfsight.com\/pt\/airbnb-reviews-widget\/opencart\/#breadcrumb","itemListElement":[{"@type":"ListItem","position":1,"name":"Home","item":"https:\/\/elfsight.com\/pt\/"},{"@type":"ListItem","position":2,"name":"Airbnb Reviews","item":"https:\/\/elfsight.com\/pt\/airbnb-reviews-widget\/"},{"@type":"ListItem","position":3,"name":"Airbnb Reviews &#8211; OpenCart"}]},{"@type":"WebSite","@id":"https:\/\/elfsight.com\/pt\/#website","url":"https:\/\/elfsight.com\/pt\/","name":"Elfsight PT","description":"Just another Elfsight Sites site","potentialAction":[{"@type":"SearchAction","target":{"@type":"EntryPoint","urlTemplate":"https:\/\/elfsight.com\/pt\/?s={search_term_string}"},"query-input":{"@type":"PropertyValueSpecification","valueRequired":true,"valueName":"search_term_string"}}],"inLanguage":"pt-PT"}]}},"meta_box":{"industry":"","seo_heading":"","heading":"","description":"","cta_heading":"","cta_description":"","application":"1330","h1":"Avalia\u00e7\u00f5es do OpenCart Airbnb","h1_caption":"Integre as avalia\u00e7\u00f5es de usu\u00e1rios mais atraentes do Airbnb em seu site","application_category":[],"applications_title":"","applications_request_title":"","applications_request_button_text":"","hero_text":"","hero_video":"","hero_video_schema_markup":"","selling_points_title":"","selling_points_caption":"","selling_points":[],"selling_points_cta_text":"","features_title":"","features":"","ed_cta_examples_text":"","ed_cta_examples_hidden":"","ed_cta_demo_text":"","ed_cta_demo_hidden":"","why_caption":"","why_editor_title":"","why_editor_text":"","why_team_title":"","why_team_text":"","why_service_title":"","why_service_text":"","template_catalog_visible":"","template_catalog_title":"","template_catalog_text":"","template_catalog_categories_visible":"","demo_title":"Crie sua extens\u00e3o de coment\u00e1rios do Airbnb","demo_caption":"Configure suas avalia\u00e7\u00f5es do Airbnb e adicione-as ao seu site OpenCart gratuitamente!","default_faq_hidden":"","app_template_category":[],"platform":"61","template_public_id":"","codecanyon_url":"","codecanyon_item_id":"","codecanyon_price":"","pricing_caption":"","pricing_elfsight_apps_hide_column":"","pricing_elfsight_apps_url":"","pricing_codecanyon_price_caption":"","integration_category":[],"integration_request_title":"","integration_request_cta":"","integration_platform":"","integrations":[],"platform_category":[],"video_schema_markup":"","price":"a partir de US$ 0\/m\u00eas","trial":"","benefits":[{"text":"Servi\u00e7o de instala\u00e7\u00e3o gratuito"},{"text":"Atendimento ao cliente profissional"},{"text":"Garantia de reembolso de 14 dias"},{"text":"Atualiza\u00e7\u00f5es gratuitas cont\u00ednuas"}],"button_url":"#demo","button_target_blank":"","button_nofollow":"","attributes":[{"name":"Instala\u00e7\u00f5es","content":"10,000 - 100,000"},{"name":"Responsivo","content":"Sim"},{"name":"Navegadores compat\u00edveis","content":"Safari, Firefox, Opera, Edge, Chrome"}],"tags":[],"tags_disable_links":"","hide_more_platforms":"","video_object":"","demo_hide_cta":"","demo_hide_cloud_options":"","pricing_title":"","pricing":[{"pricing_icon":"platform","pricing_title":"Elfsight Apps","pricing_title_caption":"Vers\u00e3o independente de plataforma que se adapta a qualquer site","pricing_price":"a partir de US$ 0\/m\u00eas","pricing_price_caption":"comece com plano gratuito","pricing_benefits":[{"text":"Sites ilimitados"},{"text":"Suporte profissional da empresa"},{"text":"Suporte profissional da empresa"},{"text":"Design flex\u00edvel"}],"pricing_button_text":"Adicionar ao site","pricing_button_url":"#demo"}],"related_apps_title":"","related_apps_hidden":"","author":"","image":[],"title":"","job":"","social_networks":[]},"_links":{"self":[{"href":"https:\/\/elfsight.com\/pt\/wp-json\/wp\/v2\/pages\/5487","targetHints":{"allow":["GET"]}}],"collection":[{"href":"https:\/\/elfsight.com\/pt\/wp-json\/wp\/v2\/pages"}],"about":[{"href":"https:\/\/elfsight.com\/pt\/wp-json\/wp\/v2\/types\/page"}],"author":[{"embeddable":true,"href":"https:\/\/elfsight.com\/pt\/wp-json\/wp\/v2\/users\/9"}],"replies":[{"embeddable":true,"href":"https:\/\/elfsight.com\/pt\/wp-json\/wp\/v2\/comments?post=5487"}],"version-history":[{"count":1,"href":"https:\/\/elfsight.com\/pt\/wp-json\/wp\/v2\/pages\/5487\/revisions"}],"predecessor-version":[{"id":5491,"href":"https:\/\/elfsight.com\/pt\/wp-json\/wp\/v2\/pages\/5487\/revisions\/5491"}],"up":[{"embeddable":true,"href":"https:\/\/elfsight.com\/pt\/wp-json\/wp\/v2\/pages\/1331"}],"wp:attachment":[{"href":"https:\/\/elfsight.com\/pt\/wp-json\/wp\/v2\/media?parent=5487"}],"curies":[{"name":"wp","href":"https:\/\/api.w.org\/{rel}","templated":true}]}}