{"id":5481,"date":"2024-05-03T06:26:25","date_gmt":"2024-05-03T06:26:25","guid":{"rendered":"https:\/\/elfsight.com\/pt\/?page_id=5481"},"modified":"2024-11-13T11:54:47","modified_gmt":"2024-11-13T11:54:47","slug":"html","status":"publish","type":"page","link":"https:\/\/elfsight.com\/pt\/airbnb-reviews-widget\/html\/","title":{"rendered":"Airbnb Reviews &#8211; HTML"},"content":{"rendered":"<div class=\"application-platform-content-item-description application-platform-content-item\" id=\"description\" data-nav-section=\"description\"> <h2>Descri\u00e7\u00e3o<\/h2> <p>Se voc\u00ea quiser comprovar sua alta avalia\u00e7\u00e3o pelos clientes e convencer os visitantes do site de que suas ofertas t\u00eam um bom valor por dinheiro, o Elfsight Airbnb Reviews \u00e9 ideal para voc\u00ea. Usando este widget, voc\u00ea incorporar\u00e1 rapidamente coment\u00e1rios de clientes do Airbnb em seu site com informa\u00e7\u00f5es sobre seus autores, filtrar\u00e1-os para demonstrar apenas resultados positivos, adicionar\u00e1 avalia\u00e7\u00f5es e um bot\u00e3o ativo que levar\u00e1 as pessoas \u00e0 sua conta do Airbnb, onde poder\u00e3o deixar um novo coment\u00e1rio . <\/p> <div class=\"faq\" data-component=\"FAQ\"><div class=\"faq-item\">\r\n\t\t\t\t\t<div class=\"faq-item-question\">\r\n\t\t\t\t\t\t<h3 class=\"faq-item-question-text\">Onde posso incorporar avalia\u00e7\u00f5es do Airbnb<\/h3>\r\n\r\n\t\t\t\t\t\t<div class=\"faq-item-question-icon\"><\/div>\r\n\t\t\t\t\t<\/div>\r\n\r\n\t\t\t\t\t<div class=\"faq-item-answer\">\r\n\t\t\t\t\t\t<div class=\"faq-item-answer-text\"> <p>Voc\u00ea pode incorporar o widget em qualquer p\u00e1gina do site ou integr\u00e1-lo ao modelo do site, para que ele apare\u00e7a em todas as p\u00e1ginas . As avalia\u00e7\u00f5es podem ser eficazes nas p\u00e1ginas de produtos ou na p\u00e1gina Sobre n\u00f3s, onde voc\u00ea deseja comprovar sua alta avalia\u00e7\u00e3o. <\/p> <\/div>\r\n\t\t\t\t\t<\/div>\r\n\t\t\t\t<\/div><div class=\"faq-item\">\r\n\t\t\t\t\t<div class=\"faq-item-question\">\r\n\t\t\t\t\t\t<h3 class=\"faq-item-question-text\">Quais vantagens isso me trar\u00e1?<\/h3>\r\n\r\n\t\t\t\t\t\t<div class=\"faq-item-question-icon\"><\/div>\r\n\t\t\t\t\t<\/div>\r\n\r\n\t\t\t\t\t<div class=\"faq-item-answer\">\r\n\t\t\t\t\t\t<div class=\"faq-item-answer-text\"> <p>Avalia\u00e7\u00f5es escritas por pessoas reais s\u00e3o extremamente confi\u00e1veis \u200b\u200bpara os usu\u00e1rios do seu site e provam que sua empresa \u00e9 confi\u00e1vel. Avalia\u00e7\u00f5es altas e avalia\u00e7\u00f5es excelentes podem ajudar a aumentar o n\u00edvel de compras em seu site. Al\u00e9m disso, o bot\u00e3o ativo contribuir\u00e1 para aumentar a quantidade de coment\u00e1rios dos clientes relacionados \u00e0s suas ofertas ou servi\u00e7os no Airbnb. <\/p> <\/div>\r\n\t\t\t\t\t<\/div>\r\n\t\t\t\t<\/div> <div class=\"faq-item\">\r\n\t\t\t\t\t<div class=\"faq-item-question\">\r\n\t\t\t\t\t\t<h3 class=\"faq-item-question-text\">O que preciso para adicionar Avalia\u00e7\u00f5es do Airbnb ao meu site HTML?<\/h3>\r\n\r\n\t\t\t\t\t\t<div class=\"faq-item-question-icon\"><\/div>\r\n\t\t\t\t\t<\/div>\r\n\r\n\t\t\t\t\t<div class=\"faq-item-answer\">\r\n\t\t\t\t\t\t<div class=\"faq-item-answer-text\"> <p>Levar\u00e1 apenas um minuto para que o widget esteja instalado e funcionando. \u00c9 realmente r\u00e1pido, gratuito e sem codifica\u00e7\u00e3o. <\/p> <ol><li>H\u00e1 uma op\u00e7\u00e3o de integrar Avalia\u00e7\u00f5es do Airbnb ao site em nosso servi\u00e7o. Basta seguir as instru\u00e7\u00f5es a seguir nesta p\u00e1gina. <\/li> <li>As Avalia\u00e7\u00f5es Airbnb da Elfsight podem ser integradas no nosso servi\u00e7o ou atrav\u00e9s do mercado. Voc\u00ea pode conhecer mais as duas variantes e escolher a adequada. <\/li> <\/ol> <\/div>\r\n\t\t\t\t\t<\/div>\r\n\t\t\t\t<\/div> <\/div> <\/div> <div class=\"application-platform-content-item-features application-platform-content-item\" id=\"features\" data-nav-section=\"features\"> <h2>Recursos<\/h2> <p>Para obter uma compreens\u00e3o completa do widget, consulte a lista de suas fun\u00e7\u00f5es principais. Eles tornam nosso widget o mais ben\u00e9fico poss\u00edvel para voc\u00ea: <\/p> <ul> <li>Tr\u00eas op\u00e7\u00f5es de filtros: por tipo, exclus\u00e3o por e quantidade de avalia\u00e7\u00f5es a serem exibidas; <\/li> <li>O bot\u00e3o para solicitar uma avalia\u00e7\u00e3o direciona os usu\u00e1rios para sua p\u00e1gina do Airbnb; <\/li> <li>Duas variantes de cen\u00e1rios de nega\u00e7\u00e3o de solicita\u00e7\u00e3o de revis\u00e3o: exibir uma mensagem de texto ou ocultar o bot\u00e3o. <\/li> <\/ul><p><a href=\"#demo\">Para verificar todos os recursos, veja nossa demonstra\u00e7\u00e3o ao vivo<\/a><\/p> <\/div> <div class=\"application-platform-content-item-installation application-platform-content-item\" id=\"installation\" data-nav-section=\"installation\"> <h2>Descubra como incorporar as Avalia\u00e7\u00f5es do Airbnb em seu site HTML<\/h2><div class=\"video-container\"><iframe width=\"720\" height=\"405\" src=\"https:\/\/www.youtube.com\/embed\/aRnt-iTdrNc\" frameborder=\"0\" allowfullscreen=\"\"><\/iframe><\/div><p>As etapas abaixo s\u00e3o a \u00fanica coisa que voc\u00ea precisa estabelecer. <\/p> <ol><li><b>Crie seu pr\u00f3prio plugin de avalia\u00e7\u00f5es do Airbnb<\/b><br> Gerenciando nosso configurador gratuito, gere um plugin com apar\u00eancia e funcionalidade personalizadas. <\/li><li><b>Adquira o c\u00f3digo individual para adicionar o plugin<\/b><br> Depois de configurar o seu widget, voc\u00ea obter\u00e1 o c\u00f3digo individual na janela que aparece nos aplicativos Elfsight. Copie este c\u00f3digo para uso futuro. <\/li> <li><b>Adicione o plugin em seu site HTML<\/b><br> Selecione o local onde deseja revelar o plugin e adicione o c\u00f3digo salvo l\u00e1. Publique as altera\u00e7\u00f5es. <\/li> <li><b>Conclu\u00eddo! <\/b><br> Entre na loja para dar uma olhada no seu trabalho. <\/li> <\/ol><p>Ainda duvida de alguma coisa? Ou enfrentando problemas? Basta enviar o seu pedido para o nosso departamento de apoio ao cliente. Eles far\u00e3o o poss\u00edvel para resolver qualquer assunto. <\/p> <\/div>","protected":false},"excerpt":{"rendered":"","protected":false},"author":9,"featured_media":0,"parent":1331,"menu_order":0,"comment_status":"closed","ping_status":"closed","template":"templates\/template-application-platform.php","meta":{"publish_to_discourse":"","publish_post_category":"","wpdc_auto_publish_overridden":"","wpdc_topic_tags":"","wpdc_pin_topic":"","wpdc_pin_until":"","discourse_post_id":"","discourse_permalink":"","wpdc_publishing_response":"","wpdc_publishing_error":"","footnotes":""},"class_list":["post-5481","page","type-page","status-publish","hentry"],"yoast_head":"<!-- This site is optimized with the Yoast SEO plugin v25.3.1 - https:\/\/yoast.com\/wordpress\/plugins\/seo\/ -->\n<title>Incorpore avalia\u00e7\u00f5es do Airbnb em seu site HTML (f\u00e1cil e r\u00e1pido)<\/title>\n<meta name=\"description\" content=\"Com a Elfsight, crie as suas Avalia\u00e7\u00f5es Airbnb e insira-as no seu site HTML de forma r\u00e1pida e f\u00e1cil. Temos atendimento gratuito ao cliente e mais b\u00f4nus.\" \/>\n<meta name=\"robots\" content=\"index, follow, max-snippet:-1, max-image-preview:large, max-video-preview:-1\" \/>\n<link rel=\"canonical\" href=\"https:\/\/elfsight.com\/pt\/airbnb-reviews-widget\/html\/\" \/>\n<meta property=\"og:locale\" content=\"pt_PT\" \/>\n<meta property=\"og:type\" content=\"article\" \/>\n<meta property=\"og:title\" content=\"Incorpore avalia\u00e7\u00f5es do Airbnb em seu site HTML (f\u00e1cil e r\u00e1pido)\" \/>\n<meta property=\"og:description\" content=\"Com a Elfsight, crie as suas Avalia\u00e7\u00f5es Airbnb e insira-as no seu site HTML de forma r\u00e1pida e f\u00e1cil. Temos atendimento gratuito ao cliente e mais b\u00f4nus.\" \/>\n<meta property=\"og:url\" content=\"https:\/\/elfsight.com\/pt\/airbnb-reviews-widget\/html\/\" \/>\n<meta property=\"og:site_name\" content=\"Elfsight PT\" \/>\n<meta property=\"article:modified_time\" content=\"2024-11-13T11:54:47+00:00\" \/>\n<meta name=\"twitter:card\" content=\"summary_large_image\" \/>\n<meta name=\"twitter:label1\" content=\"Tempo estimado de leitura\" \/>\n\t<meta name=\"twitter:data1\" content=\"3 minutos\" \/>\n<!-- \/ Yoast SEO plugin. -->","yoast_head_json":{"title":"Incorpore avalia\u00e7\u00f5es do Airbnb em seu site HTML (f\u00e1cil e r\u00e1pido)","description":"Com a Elfsight, crie as suas Avalia\u00e7\u00f5es Airbnb e insira-as no seu site HTML de forma r\u00e1pida e f\u00e1cil. Temos atendimento gratuito ao cliente e mais b\u00f4nus.","robots":{"index":"index","follow":"follow","max-snippet":"max-snippet:-1","max-image-preview":"max-image-preview:large","max-video-preview":"max-video-preview:-1"},"canonical":"https:\/\/elfsight.com\/pt\/airbnb-reviews-widget\/html\/","og_locale":"pt_PT","og_type":"article","og_title":"Incorpore avalia\u00e7\u00f5es do Airbnb em seu site HTML (f\u00e1cil e r\u00e1pido)","og_description":"Com a Elfsight, crie as suas Avalia\u00e7\u00f5es Airbnb e insira-as no seu site HTML de forma r\u00e1pida e f\u00e1cil. Temos atendimento gratuito ao cliente e mais b\u00f4nus.","og_url":"https:\/\/elfsight.com\/pt\/airbnb-reviews-widget\/html\/","og_site_name":"Elfsight PT","article_modified_time":"2024-11-13T11:54:47+00:00","twitter_card":"summary_large_image","twitter_misc":{"Tempo estimado de leitura":"3 minutos"},"schema":{"@context":"https:\/\/schema.org","@graph":[{"@type":"WebPage","@id":"https:\/\/elfsight.com\/pt\/airbnb-reviews-widget\/html\/","url":"https:\/\/elfsight.com\/pt\/airbnb-reviews-widget\/html\/","name":"Incorpore avalia\u00e7\u00f5es do Airbnb em seu site HTML (f\u00e1cil e r\u00e1pido)","isPartOf":{"@id":"https:\/\/elfsight.com\/pt\/#website"},"datePublished":"2024-05-03T06:26:25+00:00","dateModified":"2024-11-13T11:54:47+00:00","description":"Com a Elfsight, crie as suas Avalia\u00e7\u00f5es Airbnb e insira-as no seu site HTML de forma r\u00e1pida e f\u00e1cil. Temos atendimento gratuito ao cliente e mais b\u00f4nus.","breadcrumb":{"@id":"https:\/\/elfsight.com\/pt\/airbnb-reviews-widget\/html\/#breadcrumb"},"inLanguage":"pt-PT","potentialAction":[{"@type":"ReadAction","target":["https:\/\/elfsight.com\/pt\/airbnb-reviews-widget\/html\/"]}]},{"@type":"BreadcrumbList","@id":"https:\/\/elfsight.com\/pt\/airbnb-reviews-widget\/html\/#breadcrumb","itemListElement":[{"@type":"ListItem","position":1,"name":"Home","item":"https:\/\/elfsight.com\/pt\/"},{"@type":"ListItem","position":2,"name":"Airbnb Reviews","item":"https:\/\/elfsight.com\/pt\/airbnb-reviews-widget\/"},{"@type":"ListItem","position":3,"name":"Airbnb Reviews &#8211; HTML"}]},{"@type":"WebSite","@id":"https:\/\/elfsight.com\/pt\/#website","url":"https:\/\/elfsight.com\/pt\/","name":"Elfsight PT","description":"Just another Elfsight Sites site","potentialAction":[{"@type":"SearchAction","target":{"@type":"EntryPoint","urlTemplate":"https:\/\/elfsight.com\/pt\/?s={search_term_string}"},"query-input":{"@type":"PropertyValueSpecification","valueRequired":true,"valueName":"search_term_string"}}],"inLanguage":"pt-PT"}]}},"meta_box":{"industry":"","seo_heading":"","heading":"","description":"","cta_heading":"","cta_description":"","application":"1330","h1":"Coment\u00e1rios do Airbnb em HTML","h1_caption":"Incorpore coment\u00e1rios do Airbnb em seu site","application_category":[],"applications_title":"","applications_request_title":"","applications_request_button_text":"","hero_text":"","hero_video":"","hero_video_schema_markup":"","selling_points_title":"","selling_points_caption":"","selling_points":[],"selling_points_cta_text":"","features_title":"","features":"","ed_cta_examples_text":"","ed_cta_examples_hidden":"","ed_cta_demo_text":"","ed_cta_demo_hidden":"","why_caption":"","why_editor_title":"","why_editor_text":"","why_team_title":"","why_team_text":"","why_service_title":"","why_service_text":"","template_catalog_visible":"","template_catalog_title":"","template_catalog_text":"","template_catalog_categories_visible":"","demo_title":"Crie seu widget de avalia\u00e7\u00f5es do Airbnb","demo_caption":"Configure suas avalia\u00e7\u00f5es do Airbnb e adicione-as ao seu site HTML gratuitamente!","default_faq_hidden":"","app_template_category":[],"platform":"49","template_public_id":"","codecanyon_url":"","codecanyon_item_id":"","codecanyon_price":"","pricing_caption":"","pricing_elfsight_apps_hide_column":"","pricing_elfsight_apps_url":"","pricing_codecanyon_price_caption":"","integration_category":[],"integration_request_title":"","integration_request_cta":"","integration_platform":"","integrations":[],"platform_category":[],"video_schema_markup":"","price":"a partir de US$ 0\/m\u00eas","trial":"","benefits":[{"text":"Assist\u00eancia de instala\u00e7\u00e3o gratuita"},{"text":"Atendimento ao cliente competente"},{"text":"Garantia de reembolso de 14 dias"},{"text":"Atualiza\u00e7\u00f5es gratuitas regulares"}],"button_url":"#demo","button_target_blank":"","button_nofollow":"","attributes":[{"name":"Instala\u00e7\u00f5es","content":"10,000 - 100,000"},{"name":"Responsivo","content":"Sim"},{"name":"Navegadores compat\u00edveis","content":"Firefox, Safari, Opera, Chrome, Edge"}],"tags":[],"tags_disable_links":"","hide_more_platforms":"","video_object":"","demo_hide_cta":"","demo_hide_cloud_options":"","pricing_title":"","pricing":[{"pricing_icon":"platform","pricing_title":"Elfsight Apps","pricing_title_caption":"Vers\u00e3o multiplataforma","pricing_price":"a partir de US$ 0\/m\u00eas","pricing_price_caption":"comece com plano gratuito","pricing_benefits":[{"text":"Dom\u00ednios ilimitados"},{"text":"Suporte dedicado \u00e0 empresa"},{"text":"Suporte dedicado \u00e0 empresa"},{"text":"Oferta especial para v\u00e1rios aplicativos"}],"pricing_button_text":"Adicionar ao site","pricing_button_url":"#demo"}],"related_apps_title":"","related_apps_hidden":"","author":"","image":[],"title":"","job":"","social_networks":[]},"_links":{"self":[{"href":"https:\/\/elfsight.com\/pt\/wp-json\/wp\/v2\/pages\/5481","targetHints":{"allow":["GET"]}}],"collection":[{"href":"https:\/\/elfsight.com\/pt\/wp-json\/wp\/v2\/pages"}],"about":[{"href":"https:\/\/elfsight.com\/pt\/wp-json\/wp\/v2\/types\/page"}],"author":[{"embeddable":true,"href":"https:\/\/elfsight.com\/pt\/wp-json\/wp\/v2\/users\/9"}],"replies":[{"embeddable":true,"href":"https:\/\/elfsight.com\/pt\/wp-json\/wp\/v2\/comments?post=5481"}],"version-history":[{"count":2,"href":"https:\/\/elfsight.com\/pt\/wp-json\/wp\/v2\/pages\/5481\/revisions"}],"predecessor-version":[{"id":11531,"href":"https:\/\/elfsight.com\/pt\/wp-json\/wp\/v2\/pages\/5481\/revisions\/11531"}],"up":[{"embeddable":true,"href":"https:\/\/elfsight.com\/pt\/wp-json\/wp\/v2\/pages\/1331"}],"wp:attachment":[{"href":"https:\/\/elfsight.com\/pt\/wp-json\/wp\/v2\/media?parent=5481"}],"curies":[{"name":"wp","href":"https:\/\/api.w.org\/{rel}","templated":true}]}}