{"id":5473,"date":"2024-05-03T06:26:21","date_gmt":"2024-05-03T06:26:21","guid":{"rendered":"https:\/\/elfsight.com\/pt\/?page_id=5473"},"modified":"2024-11-13T11:54:39","modified_gmt":"2024-11-13T11:54:39","slug":"elementor","status":"publish","type":"page","link":"https:\/\/elfsight.com\/pt\/airbnb-reviews-widget\/elementor\/","title":{"rendered":"Airbnb Reviews &#8211; Elementor"},"content":{"rendered":"<div class=\"application-platform-content-item-description application-platform-content-item\" id=\"description\" data-nav-section=\"description\"> <h2>Incorpore avalia\u00e7\u00f5es do Airbnb no Elementor com o widget Elfsight<\/h2> <p>Elfsight Airbnb Reviews \u00e9 uma ferramenta descomplicada, que ajuda voc\u00ea a mostrar no site coment\u00e1rios sobre seus produtos ou servi\u00e7os de usu\u00e1rios do Airbnb. Usando este widget, voc\u00ea poder\u00e1 usar filtros para ocultar coment\u00e1rios indesejados, exibir suas avalia\u00e7\u00f5es com estrelas e n\u00fameros do Airbnb, exibir informa\u00e7\u00f5es sobre os autores e mostrar um bot\u00e3o que redirecionar\u00e1 os visitantes para escreverem seus coment\u00e1rios no Airbnb. As Avalia\u00e7\u00f5es do Airbnb da Elfsight ir\u00e3o ajud\u00e1-lo a mostrar sua alta prova social no site e aumentar as vendas. <\/p> <div class=\"faq\" data-component=\"FAQ\"><div class=\"faq-item\">\r\n\t\t\t\t\t<div class=\"faq-item-question\">\r\n\t\t\t\t\t\t<h3 class=\"faq-item-question-text\">Onde posso adicionar este plugin<\/h3>\r\n\r\n\t\t\t\t\t\t<div class=\"faq-item-question-icon\"><\/div>\r\n\t\t\t\t\t<\/div>\r\n\r\n\t\t\t\t\t<div class=\"faq-item-answer\">\r\n\t\t\t\t\t\t<div class=\"faq-item-answer-text\"> <p>Voc\u00ea pode incorporar o widget de revis\u00e3o em qualquer p\u00e1gina do seu site ou col\u00e1-lo no modelo do site, e ele ser\u00e1 exibido em todas as p\u00e1ginas. As avalia\u00e7\u00f5es podem ser eficazes nas p\u00e1ginas de produtos ou na p\u00e1gina Sobre n\u00f3s, \u00e1reas do site onde voc\u00ea deseja demonstrar sua alta classifica\u00e7\u00e3o. <\/p> <\/div>\r\n\t\t\t\t\t<\/div>\r\n\t\t\t\t<\/div><div class=\"faq-item\">\r\n\t\t\t\t\t<div class=\"faq-item-question\">\r\n\t\t\t\t\t\t<h3 class=\"faq-item-question-text\">Quais s\u00e3o as vantagens de ter o widget para mim? <\/h3>\r\n\r\n\t\t\t\t\t\t<div class=\"faq-item-question-icon\"><\/div>\r\n\t\t\t\t\t<\/div>\r\n\r\n\t\t\t\t\t<div class=\"faq-item-answer\">\r\n\t\t\t\t\t\t<div class=\"faq-item-answer-text\"> <p>Avalia\u00e7\u00f5es compartilhadas por pessoas reais s\u00e3o extremamente confi\u00e1veis \u200b\u200bpara os visitantes do seu site e provam que sua empresa \u00e9 confi\u00e1vel parceiro. Avalia\u00e7\u00f5es altas e avalia\u00e7\u00f5es excelentes podem ajudar a fortalecer o n\u00edvel de vendas em seu site. Mais do que isso, o bot\u00e3o ativo pode contribuir para mais avalia\u00e7\u00f5es de clientes relacionadas \u00e0s suas ofertas ou servi\u00e7os no Airbnb. <\/p> <\/div>\r\n\t\t\t\t\t<\/div>\r\n\t\t\t\t<\/div> <div class=\"faq-item\">\r\n\t\t\t\t\t<div class=\"faq-item-question\">\r\n\t\t\t\t\t\t<h3 class=\"faq-item-question-text\">Como posso incorporar avalia\u00e7\u00f5es do Airbnb em meu site Elementor? <\/h3>\r\n\r\n\t\t\t\t\t\t<div class=\"faq-item-question-icon\"><\/div>\r\n\t\t\t\t\t<\/div>\r\n\r\n\t\t\t\t\t<div class=\"faq-item-answer\">\r\n\t\t\t\t\t\t<div class=\"faq-item-answer-text\"> <p>Leva um minuto para configurar o widget. O processo \u00e9 muito r\u00e1pido, gratuito e sem codifica\u00e7\u00e3o. <\/p> <ol><li>Existe a op\u00e7\u00e3o de incluir Avalia\u00e7\u00f5es do Airbnb em sua p\u00e1gina da web por meio de nosso servi\u00e7o. Para isso voc\u00ea precisar\u00e1 consultar o guia abaixo nesta p\u00e1gina. <\/li> <li>As Avalia\u00e7\u00f5es Airbnb da Elfsight podem ser integradas atrav\u00e9s do nosso servi\u00e7o ou atrav\u00e9s do mercado. Aqui voc\u00ea pode conhecer todos os detalhes de ambas as variantes e escolher a sua. <\/li> <\/ol> <\/div>\r\n\t\t\t\t\t<\/div>\r\n\t\t\t\t<\/div> <\/div> <\/div> <div class=\"application-platform-content-item-features application-platform-content-item\" id=\"features\" data-nav-section=\"features\"> <h2>Principais recursos do widget de avalia\u00e7\u00f5es do Airbnb<\/h2> <p>Para formar um entendimento completo de Avalia\u00e7\u00f5es do Airbnb, voc\u00ea pode dar uma olhada na lista dos principais recursos. Eles tornam o widget realmente ben\u00e9fico para voc\u00ea: <\/p> <ul> <li>3 filtros prontos para uso: por tipo, exclus\u00e3o por e quantidade de avalia\u00e7\u00f5es para exibi\u00e7\u00e3o; <\/li> <li>O bot\u00e3o para solicitar uma avalia\u00e7\u00e3o direciona os usu\u00e1rios para sua p\u00e1gina do Airbnb; <\/li> <li>Duas alternativas de cen\u00e1rios ap\u00f3s a nega\u00e7\u00e3o da solicita\u00e7\u00e3o de revis\u00e3o: revelar uma mensagem personalizada ou ocultar o bot\u00e3o. <\/li> <\/ul><p><a href=\"#demo\">Para explorar todos os recursos, veja nossa demonstra\u00e7\u00e3o ao vivo<\/a><\/p> <\/div> <div class=\"application-platform-content-item-installation application-platform-content-item\" id=\"installation\" data-nav-section=\"installation\"> <h2>Veja como colar as avalia\u00e7\u00f5es do Airbnb em seu site Elementor<\/h2><div class=\"video-container\"><iframe width=\"720\" height=\"405\" src=\"https:\/\/www.youtube.com\/embed\/8slWJdqidVY\" frameborder=\"0\" allowfullscreen=\"\"><\/iframe><\/div><p>Essas diversas a\u00e7\u00f5es s\u00e3o a \u00fanica coisa que voc\u00ea precisa integrar. <\/p> <ol><li><b>Construa seu plugin Airbnb personalizado<\/b><br> Em nossa demonstra\u00e7\u00e3o gratuita, crie um plugin com uma interface preferida e caracter\u00edsticas funcionais.<\/li><li><b>Copie o c\u00f3digo individual para configurar o plugin<\/b><br> Depois de personalizar o seu widget, voc\u00ea adquirir\u00e1 o c\u00f3digo de instala\u00e7\u00e3o na janela exibida nos aplicativos Elfsight. Copie este c\u00f3digo.<\/li> <li><b> O plugin no seu site Elementor<\/b><br> Selecione o local onde deseja mostrar o plugin e insira o c\u00f3digo copiado l\u00e1. Aplique os resultados.<\/li> <li><b>Conclu\u00eddo!<\/b><br> V\u00e1 para a p\u00e1gina da web para ver seu trabalho.<\/li> <\/ol><p>Ainda tem alguma d\u00favida? Ou trope\u00e7ou em alguma coisa? Basta escrever uma solicita\u00e7\u00e3o ao nosso departamento de suporte ao cliente. Eles resolver\u00e3o qualquer tipo de problema. <\/p> <\/div>","protected":false},"excerpt":{"rendered":"","protected":false},"author":9,"featured_media":0,"parent":1331,"menu_order":0,"comment_status":"closed","ping_status":"closed","template":"templates\/template-application-platform.php","meta":{"publish_to_discourse":"","publish_post_category":"","wpdc_auto_publish_overridden":"","wpdc_topic_tags":"","wpdc_pin_topic":"","wpdc_pin_until":"","discourse_post_id":"","discourse_permalink":"","wpdc_publishing_response":"","wpdc_publishing_error":"","footnotes":""},"class_list":["post-5473","page","type-page","status-publish","hentry"],"yoast_head":"<!-- This site is optimized with the Yoast SEO plugin v25.3.1 - https:\/\/yoast.com\/wordpress\/plugins\/seo\/ -->\n<title>Incorpore avalia\u00e7\u00f5es do Airbnb em seu site Elementor (2025)<\/title>\n<meta name=\"description\" content=\"Criar seu widget de avalia\u00e7\u00f5es do Airbnb \u00e9 f\u00e1cil. Adicione o widget ao seu site Elementor em segundos. O atendimento ao cliente da Elfsight \u00e9 gratuito.\" \/>\n<meta name=\"robots\" content=\"index, follow, max-snippet:-1, max-image-preview:large, max-video-preview:-1\" \/>\n<link rel=\"canonical\" href=\"https:\/\/elfsight.com\/pt\/airbnb-reviews-widget\/elementor\/\" \/>\n<meta property=\"og:locale\" content=\"pt_PT\" \/>\n<meta property=\"og:type\" content=\"article\" \/>\n<meta property=\"og:title\" content=\"Incorpore avalia\u00e7\u00f5es do Airbnb em seu site Elementor (2025)\" \/>\n<meta property=\"og:description\" content=\"Criar seu widget de avalia\u00e7\u00f5es do Airbnb \u00e9 f\u00e1cil. Adicione o widget ao seu site Elementor em segundos. O atendimento ao cliente da Elfsight \u00e9 gratuito.\" \/>\n<meta property=\"og:url\" content=\"https:\/\/elfsight.com\/pt\/airbnb-reviews-widget\/elementor\/\" \/>\n<meta property=\"og:site_name\" content=\"Elfsight PT\" \/>\n<meta property=\"article:modified_time\" content=\"2024-11-13T11:54:39+00:00\" \/>\n<meta name=\"twitter:card\" content=\"summary_large_image\" \/>\n<meta name=\"twitter:label1\" content=\"Tempo estimado de leitura\" \/>\n\t<meta name=\"twitter:data1\" content=\"3 minutos\" \/>\n<!-- \/ Yoast SEO plugin. -->","yoast_head_json":{"title":"Incorpore avalia\u00e7\u00f5es do Airbnb em seu site Elementor (2025)","description":"Criar seu widget de avalia\u00e7\u00f5es do Airbnb \u00e9 f\u00e1cil. Adicione o widget ao seu site Elementor em segundos. O atendimento ao cliente da Elfsight \u00e9 gratuito.","robots":{"index":"index","follow":"follow","max-snippet":"max-snippet:-1","max-image-preview":"max-image-preview:large","max-video-preview":"max-video-preview:-1"},"canonical":"https:\/\/elfsight.com\/pt\/airbnb-reviews-widget\/elementor\/","og_locale":"pt_PT","og_type":"article","og_title":"Incorpore avalia\u00e7\u00f5es do Airbnb em seu site Elementor (2025)","og_description":"Criar seu widget de avalia\u00e7\u00f5es do Airbnb \u00e9 f\u00e1cil. Adicione o widget ao seu site Elementor em segundos. O atendimento ao cliente da Elfsight \u00e9 gratuito.","og_url":"https:\/\/elfsight.com\/pt\/airbnb-reviews-widget\/elementor\/","og_site_name":"Elfsight PT","article_modified_time":"2024-11-13T11:54:39+00:00","twitter_card":"summary_large_image","twitter_misc":{"Tempo estimado de leitura":"3 minutos"},"schema":{"@context":"https:\/\/schema.org","@graph":[{"@type":"WebPage","@id":"https:\/\/elfsight.com\/pt\/airbnb-reviews-widget\/elementor\/","url":"https:\/\/elfsight.com\/pt\/airbnb-reviews-widget\/elementor\/","name":"Incorpore avalia\u00e7\u00f5es do Airbnb em seu site Elementor (2025)","isPartOf":{"@id":"https:\/\/elfsight.com\/pt\/#website"},"datePublished":"2024-05-03T06:26:21+00:00","dateModified":"2024-11-13T11:54:39+00:00","description":"Criar seu widget de avalia\u00e7\u00f5es do Airbnb \u00e9 f\u00e1cil. Adicione o widget ao seu site Elementor em segundos. O atendimento ao cliente da Elfsight \u00e9 gratuito.","breadcrumb":{"@id":"https:\/\/elfsight.com\/pt\/airbnb-reviews-widget\/elementor\/#breadcrumb"},"inLanguage":"pt-PT","potentialAction":[{"@type":"ReadAction","target":["https:\/\/elfsight.com\/pt\/airbnb-reviews-widget\/elementor\/"]}]},{"@type":"BreadcrumbList","@id":"https:\/\/elfsight.com\/pt\/airbnb-reviews-widget\/elementor\/#breadcrumb","itemListElement":[{"@type":"ListItem","position":1,"name":"Home","item":"https:\/\/elfsight.com\/pt\/"},{"@type":"ListItem","position":2,"name":"Airbnb Reviews","item":"https:\/\/elfsight.com\/pt\/airbnb-reviews-widget\/"},{"@type":"ListItem","position":3,"name":"Airbnb Reviews &#8211; Elementor"}]},{"@type":"WebSite","@id":"https:\/\/elfsight.com\/pt\/#website","url":"https:\/\/elfsight.com\/pt\/","name":"Elfsight PT","description":"Just another Elfsight Sites site","potentialAction":[{"@type":"SearchAction","target":{"@type":"EntryPoint","urlTemplate":"https:\/\/elfsight.com\/pt\/?s={search_term_string}"},"query-input":{"@type":"PropertyValueSpecification","valueRequired":true,"valueName":"search_term_string"}}],"inLanguage":"pt-PT"}]}},"meta_box":{"industry":"","seo_heading":"","heading":"","description":"","cta_heading":"","cta_description":"","application":"1330","h1":"Avalia\u00e7\u00f5es do Airbnb da Elementor","h1_caption":"Publique as impress\u00f5es perfeitas dos seus clientes do Airbnb em seu site","application_category":[],"applications_title":"","applications_request_title":"","applications_request_button_text":"","hero_text":"","hero_video":"","hero_video_schema_markup":"","selling_points_title":"","selling_points_caption":"","selling_points":[],"selling_points_cta_text":"","features_title":"","features":"","ed_cta_examples_text":"","ed_cta_examples_hidden":"","ed_cta_demo_text":"","ed_cta_demo_hidden":"","why_caption":"","why_editor_title":"","why_editor_text":"","why_team_title":"","why_team_text":"","why_service_title":"","why_service_text":"","template_catalog_visible":"","template_catalog_title":"","template_catalog_text":"","template_catalog_categories_visible":"","demo_title":"Crie seu widget de avalia\u00e7\u00f5es do Airbnb","demo_caption":"Configure suas avalia\u00e7\u00f5es do Airbnb e adicione-as ao seu site Elementor gratuitamente!","default_faq_hidden":"","app_template_category":[],"platform":"100","template_public_id":"","codecanyon_url":"","codecanyon_item_id":"","codecanyon_price":"","pricing_caption":"","pricing_elfsight_apps_hide_column":"","pricing_elfsight_apps_url":"","pricing_codecanyon_price_caption":"","integration_category":[],"integration_request_title":"","integration_request_cta":"","integration_platform":"","integrations":[],"platform_category":[],"video_schema_markup":"","price":"a partir de US$ 0\/m\u00eas","trial":"","benefits":[{"text":"Assist\u00eancia de instala\u00e7\u00e3o gratuita"},{"text":"Suporte ao cliente experiente"},{"text":"Garantia de reembolso de 14 dias"},{"text":"Atualiza\u00e7\u00f5es cont\u00ednuas"}],"button_url":"#demo","button_target_blank":"","button_nofollow":"","attributes":[{"name":"Instala\u00e7\u00f5es","content":"10,000 - 100,000"},{"name":"Responsivo","content":"Sim"},{"name":"Navegadores compat\u00edveis","content":"Firefox, Safari, Opera, Chrome, Edge"}],"tags":[],"tags_disable_links":"","hide_more_platforms":"","video_object":"","demo_hide_cta":"","demo_hide_cloud_options":"","pricing_title":"","pricing":[{"pricing_icon":"platform","pricing_title":"Elfsight Apps","pricing_title_caption":"Solu\u00e7\u00e3o independente de plataforma adequada para qualquer site","pricing_price":"a partir de US$ 0\/m\u00eas","pricing_price_caption":"comece com plano gratuito","pricing_benefits":[{"text":"Dom\u00ednios ilimitados"},{"text":"Suporte r\u00e1pido ao cliente"},{"text":"Suporte r\u00e1pido ao cliente"},{"text":"\u00d3timo neg\u00f3cio para v\u00e1rios aplicativos"}],"pricing_button_text":"Adicionar ao site","pricing_button_url":"#demo"}],"related_apps_title":"","related_apps_hidden":"","author":"","image":[],"title":"","job":"","social_networks":[]},"_links":{"self":[{"href":"https:\/\/elfsight.com\/pt\/wp-json\/wp\/v2\/pages\/5473","targetHints":{"allow":["GET"]}}],"collection":[{"href":"https:\/\/elfsight.com\/pt\/wp-json\/wp\/v2\/pages"}],"about":[{"href":"https:\/\/elfsight.com\/pt\/wp-json\/wp\/v2\/types\/page"}],"author":[{"embeddable":true,"href":"https:\/\/elfsight.com\/pt\/wp-json\/wp\/v2\/users\/9"}],"replies":[{"embeddable":true,"href":"https:\/\/elfsight.com\/pt\/wp-json\/wp\/v2\/comments?post=5473"}],"version-history":[{"count":2,"href":"https:\/\/elfsight.com\/pt\/wp-json\/wp\/v2\/pages\/5473\/revisions"}],"predecessor-version":[{"id":11529,"href":"https:\/\/elfsight.com\/pt\/wp-json\/wp\/v2\/pages\/5473\/revisions\/11529"}],"up":[{"embeddable":true,"href":"https:\/\/elfsight.com\/pt\/wp-json\/wp\/v2\/pages\/1331"}],"wp:attachment":[{"href":"https:\/\/elfsight.com\/pt\/wp-json\/wp\/v2\/media?parent=5473"}],"curies":[{"name":"wp","href":"https:\/\/api.w.org\/{rel}","templated":true}]}}