{"id":5472,"date":"2024-05-03T06:26:20","date_gmt":"2024-05-03T06:26:20","guid":{"rendered":"https:\/\/elfsight.com\/pt\/?page_id=5472"},"modified":"2024-11-13T11:54:39","modified_gmt":"2024-11-13T11:54:39","slug":"drupal","status":"publish","type":"page","link":"https:\/\/elfsight.com\/pt\/airbnb-reviews-widget\/drupal\/","title":{"rendered":"Airbnb Reviews &#8211; Drupal"},"content":{"rendered":"<div class=\"application-platform-content-item-description application-platform-content-item\" id=\"description\" data-nav-section=\"description\"> <h2>Descri\u00e7\u00e3o<\/h2> <p>Se voc\u00ea est\u00e1 procurando uma maneira de demonstrar sua aprecia\u00e7\u00e3o entre os usu\u00e1rios e convencer os visitantes do site de que suas ofertas s\u00e3o vale a pena gastar dinheiro, o Elfsight Airbnb Reviews far\u00e1 o trabalho. Com a ajuda do nosso widget, voc\u00ea pode demonstrar as avalia\u00e7\u00f5es dos usu\u00e1rios do Airbnb em seu site. Inclua informa\u00e7\u00f5es sobre seus autores, use filtros para mostrar apenas os bons, adicione avalia\u00e7\u00f5es e um bot\u00e3o de redirecionamento, que levar\u00e1 as pessoas \u00e0 sua conta do Airbnb, para que possam postar uma nova avalia\u00e7\u00e3o. <\/p> <div class=\"faq\" data-component=\"FAQ\"><div class=\"faq-item\">\r\n\t\t\t\t\t<div class=\"faq-item-question\">\r\n\t\t\t\t\t\t<h3 class=\"faq-item-question-text\">Onde posso inseri-lo no meu site<\/h3>\r\n\r\n\t\t\t\t\t\t<div class=\"faq-item-question-icon\"><\/div>\r\n\t\t\t\t\t<\/div>\r\n\r\n\t\t\t\t\t<div class=\"faq-item-answer\">\r\n\t\t\t\t\t\t<div class=\"faq-item-answer-text\"> <p>Voc\u00ea pode adicionar o widget em qualquer p\u00e1gina do site, ou adicion\u00e1-lo ao modelo, para que apare\u00e7a em todos P\u00e1ginas. As avalia\u00e7\u00f5es podem funcionar bem nas p\u00e1ginas de produtos ou na p\u00e1gina Sobre n\u00f3s, onde voc\u00ea deseja exibir sua alta avalia\u00e7\u00e3o. <\/p> <\/div>\r\n\t\t\t\t\t<\/div>\r\n\t\t\t\t<\/div><div class=\"faq-item\">\r\n\t\t\t\t\t<div class=\"faq-item-question\">\r\n\t\t\t\t\t\t<h3 class=\"faq-item-question-text\">Como posso me beneficiar com este plug-in?<\/h3>\r\n\r\n\t\t\t\t\t\t<div class=\"faq-item-question-icon\"><\/div>\r\n\t\t\t\t\t<\/div>\r\n\r\n\t\t\t\t\t<div class=\"faq-item-answer\">\r\n\t\t\t\t\t\t<div class=\"faq-item-answer-text\"> <p>Avalia\u00e7\u00f5es de pessoas reais parecem perfeitamente confi\u00e1veis \u200b\u200bpara os usu\u00e1rios do seu site e mostram a eles que seu neg\u00f3cio \u00e9 confi\u00e1vel. Classifica\u00e7\u00e3o alta e boas cr\u00edticas podem ajudar a atrair mais h\u00f3spedes. Al\u00e9m disso, o bot\u00e3o de redirecionamento pode contribuir para ter mais avalia\u00e7\u00f5es relacionadas ao seu lugar ou servi\u00e7os no Airbnb. <\/p> <\/div>\r\n\t\t\t\t\t<\/div>\r\n\t\t\t\t<\/div> <div class=\"faq-item\">\r\n\t\t\t\t\t<div class=\"faq-item-question\">\r\n\t\t\t\t\t\t<h3 class=\"faq-item-question-text\">Como adiciono avalia\u00e7\u00f5es do Airbnb no meu site?<\/h3>\r\n\r\n\t\t\t\t\t\t<div class=\"faq-item-question-icon\"><\/div>\r\n\t\t\t\t\t<\/div>\r\n\r\n\t\t\t\t\t<div class=\"faq-item-answer\">\r\n\t\t\t\t\t\t<div class=\"faq-item-answer-text\"> <p>Voc\u00ea s\u00f3 precisar\u00e1 de tr\u00eas minutos para configur\u00e1-lo. \u00c9 super r\u00e1pido, gratuito e sem codifica\u00e7\u00e3o. <\/p> <ol><li>Voc\u00ea pode integrar Avalia\u00e7\u00f5es do Airbnb em seu site atrav\u00e9s do nosso servi\u00e7o. Para fazer isso, consulte o guia nesta p\u00e1gina. <\/li> <li>O widget pode ser configurado atrav\u00e9s do nosso servi\u00e7o ou no marketplace. Voc\u00ea pode comparar mais detalhadamente as duas op\u00e7\u00f5es e escolher a mais adequada. <\/li> <\/ol> <\/div>\r\n\t\t\t\t\t<\/div>\r\n\t\t\t\t<\/div> <\/div> <\/div> <div class=\"application-platform-content-item-features application-platform-content-item\" id=\"features\" data-nav-section=\"features\"> <h2>Recursos<\/h2> <p>Para moldar uma ideia melhor do widget, examine a lista das caracter\u00edsticas essenciais. Eles tornam o widget mais eficaz para voc\u00ea: <\/p> <ul> <li>Quatro layouts dispon\u00edveis: Lista, Grade, Alvenaria e Slider; <\/li> <li>O bot\u00e3o de solicita\u00e7\u00e3o de avalia\u00e7\u00e3o leva os clientes \u00e0 p\u00e1gina do Airbnb; <\/li> <li>Duas variantes de cen\u00e1rios ap\u00f3s a rejei\u00e7\u00e3o da solicita\u00e7\u00e3o de revis\u00e3o: exibir sua mensagem ou ocultar o bot\u00e3o. <\/li> <\/ul><p><a href=\"#demo\">Aprenda uma lista completa de recursos na demonstra\u00e7\u00e3o ao vivo<\/a><\/p> <\/div> <div class=\"application-platform-content-item-installation application-platform-content-item\" id=\"installation\" data-nav-section=\"installation\"> <h2>Descubra como incorporar as Avalia\u00e7\u00f5es do Airbnb \u00e0 sua p\u00e1gina Drupal<\/h2><div class=\"video-container\"><iframe width=\"720\" height=\"405\" src=\"https:\/\/www.youtube.com\/embed\/mbhB44s3LZs\" frameborder=\"0\" allowfullscreen=\"\"><\/iframe><\/div><p>Basta seguir as orienta\u00e7\u00f5es abaixo para incorporar o m\u00f3dulo no Drupal.<\/p> <ol><li> <b>Execute nosso configurador gratuito e comece a formar seu pr\u00f3prio widget. <\/b><br> Escolha o layout e os aspectos preferidos do drupal e salve as edi\u00e7\u00f5es. <\/li> <li><b>Obtenha o c\u00f3digo exclusivo exposto na janela dos aplicativos Elfsight. <\/b><br> Logo ap\u00f3s a configura\u00e7\u00e3o do seu drupal pessoal do Airbnb Reviews, copie o c\u00f3digo pessoal no pop-up exibido e salve-o para uso posterior. <\/li> <li><b>Iniciar a utiliza\u00e7\u00e3o do m\u00f3dulo no site Drupal. <\/b><br> Insira o c\u00f3digo salvo recentemente em seu site e salve as modifica\u00e7\u00f5es. <\/li> <li><b>A instala\u00e7\u00e3o est\u00e1 totalmente conclu\u00edda. <\/b><br> Visite sua p\u00e1gina para ver o desempenho da ferramenta. <\/li><\/ol><p>Ainda duvida de alguma coisa? Ou tendo problemas? Basta direcionar uma solicita\u00e7\u00e3o ao nosso atendimento ao cliente. Eles resolver\u00e3o todos os problemas. <\/p> <\/div>","protected":false},"excerpt":{"rendered":"","protected":false},"author":9,"featured_media":0,"parent":1331,"menu_order":0,"comment_status":"closed","ping_status":"closed","template":"templates\/template-application-platform.php","meta":{"publish_to_discourse":"","publish_post_category":"","wpdc_auto_publish_overridden":"","wpdc_topic_tags":"","wpdc_pin_topic":"","wpdc_pin_until":"","discourse_post_id":"","discourse_permalink":"","wpdc_publishing_response":"","wpdc_publishing_error":"","footnotes":""},"class_list":["post-5472","page","type-page","status-publish","hentry"],"yoast_head":"<!-- This site is optimized with the Yoast SEO plugin v25.3.1 - https:\/\/yoast.com\/wordpress\/plugins\/seo\/ -->\n<title>Incorpore avalia\u00e7\u00f5es do Airbnb em seu site Drupal (em 2 minutos)<\/title>\n<meta name=\"description\" content=\"Esta \u00e9 uma oportunidade de criar um widget de Avalia\u00e7\u00f5es do Airbnb e integr\u00e1-lo ao seu site Drupal. Aproveite o atendimento gratuito ao cliente e outras vantagens da Elfsight.\" \/>\n<meta name=\"robots\" content=\"index, follow, max-snippet:-1, max-image-preview:large, max-video-preview:-1\" \/>\n<link rel=\"canonical\" href=\"https:\/\/elfsight.com\/pt\/airbnb-reviews-widget\/drupal\/\" \/>\n<meta property=\"og:locale\" content=\"pt_PT\" \/>\n<meta property=\"og:type\" content=\"article\" \/>\n<meta property=\"og:title\" content=\"Incorpore avalia\u00e7\u00f5es do Airbnb em seu site Drupal (em 2 minutos)\" \/>\n<meta property=\"og:description\" content=\"Esta \u00e9 uma oportunidade de criar um widget de Avalia\u00e7\u00f5es do Airbnb e integr\u00e1-lo ao seu site Drupal. Aproveite o atendimento gratuito ao cliente e outras vantagens da Elfsight.\" \/>\n<meta property=\"og:url\" content=\"https:\/\/elfsight.com\/pt\/airbnb-reviews-widget\/drupal\/\" \/>\n<meta property=\"og:site_name\" content=\"Elfsight PT\" \/>\n<meta property=\"article:modified_time\" content=\"2024-11-13T11:54:39+00:00\" \/>\n<meta name=\"twitter:card\" content=\"summary_large_image\" \/>\n<meta name=\"twitter:label1\" content=\"Tempo estimado de leitura\" \/>\n\t<meta name=\"twitter:data1\" content=\"3 minutos\" \/>\n<!-- \/ Yoast SEO plugin. -->","yoast_head_json":{"title":"Incorpore avalia\u00e7\u00f5es do Airbnb em seu site Drupal (em 2 minutos)","description":"Esta \u00e9 uma oportunidade de criar um widget de Avalia\u00e7\u00f5es do Airbnb e integr\u00e1-lo ao seu site Drupal. Aproveite o atendimento gratuito ao cliente e outras vantagens da Elfsight.","robots":{"index":"index","follow":"follow","max-snippet":"max-snippet:-1","max-image-preview":"max-image-preview:large","max-video-preview":"max-video-preview:-1"},"canonical":"https:\/\/elfsight.com\/pt\/airbnb-reviews-widget\/drupal\/","og_locale":"pt_PT","og_type":"article","og_title":"Incorpore avalia\u00e7\u00f5es do Airbnb em seu site Drupal (em 2 minutos)","og_description":"Esta \u00e9 uma oportunidade de criar um widget de Avalia\u00e7\u00f5es do Airbnb e integr\u00e1-lo ao seu site Drupal. Aproveite o atendimento gratuito ao cliente e outras vantagens da Elfsight.","og_url":"https:\/\/elfsight.com\/pt\/airbnb-reviews-widget\/drupal\/","og_site_name":"Elfsight PT","article_modified_time":"2024-11-13T11:54:39+00:00","twitter_card":"summary_large_image","twitter_misc":{"Tempo estimado de leitura":"3 minutos"},"schema":{"@context":"https:\/\/schema.org","@graph":[{"@type":"WebPage","@id":"https:\/\/elfsight.com\/pt\/airbnb-reviews-widget\/drupal\/","url":"https:\/\/elfsight.com\/pt\/airbnb-reviews-widget\/drupal\/","name":"Incorpore avalia\u00e7\u00f5es do Airbnb em seu site Drupal (em 2 minutos)","isPartOf":{"@id":"https:\/\/elfsight.com\/pt\/#website"},"datePublished":"2024-05-03T06:26:20+00:00","dateModified":"2024-11-13T11:54:39+00:00","description":"Esta \u00e9 uma oportunidade de criar um widget de Avalia\u00e7\u00f5es do Airbnb e integr\u00e1-lo ao seu site Drupal. Aproveite o atendimento gratuito ao cliente e outras vantagens da Elfsight.","breadcrumb":{"@id":"https:\/\/elfsight.com\/pt\/airbnb-reviews-widget\/drupal\/#breadcrumb"},"inLanguage":"pt-PT","potentialAction":[{"@type":"ReadAction","target":["https:\/\/elfsight.com\/pt\/airbnb-reviews-widget\/drupal\/"]}]},{"@type":"BreadcrumbList","@id":"https:\/\/elfsight.com\/pt\/airbnb-reviews-widget\/drupal\/#breadcrumb","itemListElement":[{"@type":"ListItem","position":1,"name":"Home","item":"https:\/\/elfsight.com\/pt\/"},{"@type":"ListItem","position":2,"name":"Airbnb Reviews","item":"https:\/\/elfsight.com\/pt\/airbnb-reviews-widget\/"},{"@type":"ListItem","position":3,"name":"Airbnb Reviews &#8211; Drupal"}]},{"@type":"WebSite","@id":"https:\/\/elfsight.com\/pt\/#website","url":"https:\/\/elfsight.com\/pt\/","name":"Elfsight PT","description":"Just another Elfsight Sites site","potentialAction":[{"@type":"SearchAction","target":{"@type":"EntryPoint","urlTemplate":"https:\/\/elfsight.com\/pt\/?s={search_term_string}"},"query-input":{"@type":"PropertyValueSpecification","valueRequired":true,"valueName":"search_term_string"}}],"inLanguage":"pt-PT"}]}},"meta_box":{"industry":"","seo_heading":"","heading":"","description":"","cta_heading":"","cta_description":"","application":"1330","h1":"Coment\u00e1rios do Airbnb sobre Drupal","h1_caption":"Publique o m\u00e1ximo do Airbnb em seu site","application_category":[],"applications_title":"","applications_request_title":"","applications_request_button_text":"","hero_text":"","hero_video":"","hero_video_schema_markup":"","selling_points_title":"","selling_points_caption":"","selling_points":[],"selling_points_cta_text":"","features_title":"","features":"","ed_cta_examples_text":"","ed_cta_examples_hidden":"","ed_cta_demo_text":"","ed_cta_demo_hidden":"","why_caption":"","why_editor_title":"","why_editor_text":"","why_team_title":"","why_team_text":"","why_service_title":"","why_service_text":"","template_catalog_visible":"","template_catalog_title":"","template_catalog_text":"","template_catalog_categories_visible":"","demo_title":"Crie seu m\u00f3dulo de avalia\u00e7\u00f5es do Airbnb","demo_caption":"Configure suas avalia\u00e7\u00f5es do Airbnb e adicione-as ao seu site Drupal gratuitamente!","default_faq_hidden":"","app_template_category":[],"platform":"4905","template_public_id":"","codecanyon_url":"","codecanyon_item_id":"","codecanyon_price":"","pricing_caption":"","pricing_elfsight_apps_hide_column":"","pricing_elfsight_apps_url":"","pricing_codecanyon_price_caption":"","integration_category":[],"integration_request_title":"","integration_request_cta":"","integration_platform":"","integrations":[],"platform_category":[],"video_schema_markup":"","price":"a partir de US$ 0\/m\u00eas","trial":"","benefits":[{"text":"Servi\u00e7o de instala\u00e7\u00e3o gratuito"},{"text":"Suporte ao cliente experiente"},{"text":"Garantia de devolu\u00e7\u00e3o do dinheiro em 14 dias"},{"text":"Atualiza\u00e7\u00f5es cont\u00ednuas"}],"button_url":"#demo","button_target_blank":"","button_nofollow":"","attributes":[{"name":"Instala\u00e7\u00f5es","content":"10,000 - 100,000"},{"name":"Responsivo","content":"Sim"},{"name":"Navegadores compat\u00edveis","content":"Firefox, Safari, Opera, Chrome, Edge"}],"tags":[],"tags_disable_links":"","hide_more_platforms":"","video_object":"","demo_hide_cta":"","demo_hide_cloud_options":"","pricing_title":"","pricing":[{"pricing_icon":"platform","pricing_title":"Elfsight Apps","pricing_title_caption":"Vers\u00e3o multiplataforma que funciona em qualquer site","pricing_price":"a partir de US$ 0\/m\u00eas","pricing_price_caption":"comece com plano gratuito","pricing_benefits":[{"text":"Sites ilimitados"},{"text":"Suporte gratuito"},{"text":"Suporte gratuito"},{"text":"Oferta especial para v\u00e1rios aplicativos"}],"pricing_button_text":"Adicionar ao site","pricing_button_url":"#demo"}],"related_apps_title":"","related_apps_hidden":"","author":"","image":[],"title":"","job":"","social_networks":[]},"_links":{"self":[{"href":"https:\/\/elfsight.com\/pt\/wp-json\/wp\/v2\/pages\/5472","targetHints":{"allow":["GET"]}}],"collection":[{"href":"https:\/\/elfsight.com\/pt\/wp-json\/wp\/v2\/pages"}],"about":[{"href":"https:\/\/elfsight.com\/pt\/wp-json\/wp\/v2\/types\/page"}],"author":[{"embeddable":true,"href":"https:\/\/elfsight.com\/pt\/wp-json\/wp\/v2\/users\/9"}],"replies":[{"embeddable":true,"href":"https:\/\/elfsight.com\/pt\/wp-json\/wp\/v2\/comments?post=5472"}],"version-history":[{"count":2,"href":"https:\/\/elfsight.com\/pt\/wp-json\/wp\/v2\/pages\/5472\/revisions"}],"predecessor-version":[{"id":11528,"href":"https:\/\/elfsight.com\/pt\/wp-json\/wp\/v2\/pages\/5472\/revisions\/11528"}],"up":[{"embeddable":true,"href":"https:\/\/elfsight.com\/pt\/wp-json\/wp\/v2\/pages\/1331"}],"wp:attachment":[{"href":"https:\/\/elfsight.com\/pt\/wp-json\/wp\/v2\/media?parent=5472"}],"curies":[{"name":"wp","href":"https:\/\/api.w.org\/{rel}","templated":true}]}}