{"id":5471,"date":"2024-05-03T06:26:19","date_gmt":"2024-05-03T06:26:19","guid":{"rendered":"https:\/\/elfsight.com\/pt\/?page_id=5471"},"modified":"2024-11-13T11:54:39","modified_gmt":"2024-11-13T11:54:39","slug":"blogger","status":"publish","type":"page","link":"https:\/\/elfsight.com\/pt\/airbnb-reviews-widget\/blogger\/","title":{"rendered":"Airbnb Reviews &#8211; Blogger"},"content":{"rendered":"<div class=\"application-platform-content-item-description application-platform-content-item\" id=\"description\" data-nav-section=\"description\"> <h2>Descri\u00e7\u00e3o<\/h2> <p>O Elfsight Airbnb Reviews \u00e9 um widget \u00fatil que facilitar\u00e1 a integra\u00e7\u00e3o no seu site de coment\u00e1rios sobre suas ofertas de postagens no Airbnb. Com a ajuda deste widget, voc\u00ea tem \u00e0 sua disposi\u00e7\u00e3o diversos filtros para classificar avalia\u00e7\u00f5es indesejadas, demonstrar suas avalia\u00e7\u00f5es com estrelas e n\u00fameros do Airbnb, adicionar detalhes sobre os autores e adicionar um bot\u00e3o, que levar\u00e1 os visitantes a postar mais uma avalia\u00e7\u00e3o no Facebook. Airbnb. As Avalia\u00e7\u00f5es do Airbnb da Elfsight ir\u00e3o ajud\u00e1-lo a demonstrar sua prova social perfeita em seu site e aumentar as vendas. <\/p> <div class=\"faq\" data-component=\"FAQ\"><div class=\"faq-item\">\r\n\t\t\t\t\t<div class=\"faq-item-question\">\r\n\t\t\t\t\t\t<h3 class=\"faq-item-question-text\">Onde posso inserir este plugin no meu site<\/h3>\r\n\r\n\t\t\t\t\t\t<div class=\"faq-item-question-icon\"><\/div>\r\n\t\t\t\t\t<\/div>\r\n\r\n\t\t\t\t\t<div class=\"faq-item-answer\">\r\n\t\t\t\t\t\t<div class=\"faq-item-answer-text\"> <p>Este widget pode ser colocado em qualquer p\u00e1gina da web, onde \u00e9 melhor comprovar sua alta classifica\u00e7\u00e3o e popularidade entre os clientes. Se precisar dele em todas as p\u00e1ginas do site, basta col\u00e1-lo no modelo do site. <\/p> <\/div>\r\n\t\t\t\t\t<\/div>\r\n\t\t\t\t<\/div><div class=\"faq-item\">\r\n\t\t\t\t\t<div class=\"faq-item-question\">\r\n\t\t\t\t\t\t<h3 class=\"faq-item-question-text\">Quais benef\u00edcios isso pode me trazer?<\/h3>\r\n\r\n\t\t\t\t\t\t<div class=\"faq-item-question-icon\"><\/div>\r\n\t\t\t\t\t<\/div>\r\n\r\n\t\t\t\t\t<div class=\"faq-item-answer\">\r\n\t\t\t\t\t\t<div class=\"faq-item-answer-text\"> <p>Avalia\u00e7\u00f5es escritas por pessoas reais s\u00e3o perfeitamente confi\u00e1veis \u200b\u200bpara os clientes do seu site e demonstram que sua empresa \u00e9 um parceiro confi\u00e1vel. Avalia\u00e7\u00f5es altas e impress\u00f5es excelentes podem ajudar a aumentar as vendas em seu site. Al\u00e9m disso, o bot\u00e3o ativo pode contribuir para aumentar a quantidade de coment\u00e1rios dos clientes sobre o seu neg\u00f3cio no Airbnb. <\/p> <\/div>\r\n\t\t\t\t\t<\/div>\r\n\t\t\t\t<\/div> <div class=\"faq-item\">\r\n\t\t\t\t\t<div class=\"faq-item-question\">\r\n\t\t\t\t\t\t<h3 class=\"faq-item-question-text\">Como fa\u00e7o para incorporar avalia\u00e7\u00f5es do Airbnb no meu site do Blogger?<\/h3>\r\n\r\n\t\t\t\t\t\t<div class=\"faq-item-question-icon\"><\/div>\r\n\t\t\t\t\t<\/div>\r\n\r\n\t\t\t\t\t<div class=\"faq-item-answer\">\r\n\t\t\t\t\t\t<div class=\"faq-item-answer-text\"> <p>Voc\u00ea s\u00f3 precisa de tr\u00eas minutos do seu tempo para ativar seu widget de avalia\u00e7\u00f5es. \u00c9 muito r\u00e1pido, gratuito e sem codifica\u00e7\u00e3o. <\/p> <ol><li>Voc\u00ea pode colocar o widget na p\u00e1gina da web diretamente em nosso servi\u00e7o. Basta verificar o guia a seguir nesta p\u00e1gina. <\/li> <li>As Avalia\u00e7\u00f5es Airbnb da Elfsight podem ser integradas atrav\u00e9s do nosso servi\u00e7o ou atrav\u00e9s do mercado. Aqui voc\u00ea pode comparar os pr\u00f3s e os contras das duas op\u00e7\u00f5es e escolher a sua. <\/li> <\/ol> <\/div>\r\n\t\t\t\t\t<\/div>\r\n\t\t\t\t<\/div> <\/div> <\/div> <div class=\"application-platform-content-item-features application-platform-content-item\" id=\"features\" data-nav-section=\"features\"> <h2>Recursos<\/h2> <p>Para obter uma percep\u00e7\u00e3o clara das avalia\u00e7\u00f5es do Airbnb, veja a lista das caracter\u00edsticas mais importantes. Eles tornam o widget o mais ben\u00e9fico para voc\u00ea: <\/p> <ul> <li>Tr\u00eas tipos de filtros: por tipo, exclus\u00e3o por e quantidade de avalia\u00e7\u00f5es para exibi\u00e7\u00e3o; <\/li> <li>Uma op\u00e7\u00e3o para controlar a exibi\u00e7\u00e3o do cabe\u00e7alho do widget; <\/li> <li>6 elementos personaliz\u00e1veis \u200b\u200bdo widget: nome do autor e foto, texto de recomenda\u00e7\u00e3o, data, \u00edcone do Airbnb e classifica\u00e7\u00e3o por estrelas; <\/li> <\/ul><p><a href=\"#demo\">Para explorar mais recursos, veja nossa demonstra\u00e7\u00e3o<\/a><\/p> <\/div> <div class=\"application-platform-content-item-installation application-platform-content-item\" id=\"installation\" data-nav-section=\"installation\"> <h2>Descubra como configurar as Avalia\u00e7\u00f5es do Airbnb na sua p\u00e1gina do Blogger<\/h2> <div class=\"video-container\"><iframe width=\"720\" height=\"405\" src=\"https:\/\/www.youtube.com\/embed\/d5v3xhgpO8E\" frameborder=\"0\" allowfullscreen=\"\"><\/iframe><\/div><p>As etapas a seguir s\u00e3o a \u00fanica coisa que voc\u00ea precisa fazer para incorporar o widget. <\/p> <ol><li><b>Crie seu plugin Airbnb personalizado<\/b><br> Em nosso editor gratuito, crie um plugin com layout preferido e caracter\u00edsticas funcionais. <\/li><li><b>Copie o c\u00f3digo pessoal para incorporar o plugin<\/b><br> Depois de gerar o widget, voc\u00ea obter\u00e1 o c\u00f3digo de instala\u00e7\u00e3o na janela exibida nos aplicativos Elfsight. Copie. <\/li> <li><b>Publique o plugin no seu site do Blogger<\/b><br> Escolha a \u00e1rea onde deseja integrar o plugin e insira o c\u00f3digo copiado l\u00e1. Aplique os resultados.<\/li> <li><b>A configura\u00e7\u00e3o foi bem-sucedida!<\/b><br> Visite o site para ver seus coment\u00e1rios. <\/li> <\/ol><p>Ainda n\u00e3o consegue se decidir? Ou tem d\u00favidas? Apenas uma \u00fanica solicita\u00e7\u00e3o \u00e0 nossa equipe de suporte ajudar\u00e1 com qualquer tipo de problema. <\/p> <\/div>","protected":false},"excerpt":{"rendered":"","protected":false},"author":9,"featured_media":0,"parent":1331,"menu_order":0,"comment_status":"closed","ping_status":"closed","template":"templates\/template-application-platform.php","meta":{"publish_to_discourse":"","publish_post_category":"","wpdc_auto_publish_overridden":"","wpdc_topic_tags":"","wpdc_pin_topic":"","wpdc_pin_until":"","discourse_post_id":"","discourse_permalink":"","wpdc_publishing_response":"","wpdc_publishing_error":"","footnotes":""},"class_list":["post-5471","page","type-page","status-publish","hentry"],"yoast_head":"<!-- This site is optimized with the Yoast SEO plugin v25.3.1 - https:\/\/yoast.com\/wordpress\/plugins\/seo\/ -->\n<title>Incorpore avalia\u00e7\u00f5es do Airbnb no seu site do Blogger (f\u00e1cil e r\u00e1pido)<\/title>\n<meta name=\"description\" content=\"\u00c9 um processo f\u00e1cil criar seu pr\u00f3prio widget de Avalia\u00e7\u00f5es do Airbnb e public\u00e1-lo no site do Blogger. O atendimento ao cliente da Elfsight \u00e9 gratuito.\" \/>\n<meta name=\"robots\" content=\"index, follow, max-snippet:-1, max-image-preview:large, max-video-preview:-1\" \/>\n<link rel=\"canonical\" href=\"https:\/\/elfsight.com\/pt\/airbnb-reviews-widget\/blogger\/\" \/>\n<meta property=\"og:locale\" content=\"pt_PT\" \/>\n<meta property=\"og:type\" content=\"article\" \/>\n<meta property=\"og:title\" content=\"Incorpore avalia\u00e7\u00f5es do Airbnb no seu site do Blogger (f\u00e1cil e r\u00e1pido)\" \/>\n<meta property=\"og:description\" content=\"\u00c9 um processo f\u00e1cil criar seu pr\u00f3prio widget de Avalia\u00e7\u00f5es do Airbnb e public\u00e1-lo no site do Blogger. O atendimento ao cliente da Elfsight \u00e9 gratuito.\" \/>\n<meta property=\"og:url\" content=\"https:\/\/elfsight.com\/pt\/airbnb-reviews-widget\/blogger\/\" \/>\n<meta property=\"og:site_name\" content=\"Elfsight PT\" \/>\n<meta property=\"article:modified_time\" content=\"2024-11-13T11:54:39+00:00\" \/>\n<meta name=\"twitter:card\" content=\"summary_large_image\" \/>\n<meta name=\"twitter:label1\" content=\"Tempo estimado de leitura\" \/>\n\t<meta name=\"twitter:data1\" content=\"3 minutos\" \/>\n<!-- \/ Yoast SEO plugin. -->","yoast_head_json":{"title":"Incorpore avalia\u00e7\u00f5es do Airbnb no seu site do Blogger (f\u00e1cil e r\u00e1pido)","description":"\u00c9 um processo f\u00e1cil criar seu pr\u00f3prio widget de Avalia\u00e7\u00f5es do Airbnb e public\u00e1-lo no site do Blogger. O atendimento ao cliente da Elfsight \u00e9 gratuito.","robots":{"index":"index","follow":"follow","max-snippet":"max-snippet:-1","max-image-preview":"max-image-preview:large","max-video-preview":"max-video-preview:-1"},"canonical":"https:\/\/elfsight.com\/pt\/airbnb-reviews-widget\/blogger\/","og_locale":"pt_PT","og_type":"article","og_title":"Incorpore avalia\u00e7\u00f5es do Airbnb no seu site do Blogger (f\u00e1cil e r\u00e1pido)","og_description":"\u00c9 um processo f\u00e1cil criar seu pr\u00f3prio widget de Avalia\u00e7\u00f5es do Airbnb e public\u00e1-lo no site do Blogger. O atendimento ao cliente da Elfsight \u00e9 gratuito.","og_url":"https:\/\/elfsight.com\/pt\/airbnb-reviews-widget\/blogger\/","og_site_name":"Elfsight PT","article_modified_time":"2024-11-13T11:54:39+00:00","twitter_card":"summary_large_image","twitter_misc":{"Tempo estimado de leitura":"3 minutos"},"schema":{"@context":"https:\/\/schema.org","@graph":[{"@type":"WebPage","@id":"https:\/\/elfsight.com\/pt\/airbnb-reviews-widget\/blogger\/","url":"https:\/\/elfsight.com\/pt\/airbnb-reviews-widget\/blogger\/","name":"Incorpore avalia\u00e7\u00f5es do Airbnb no seu site do Blogger (f\u00e1cil e r\u00e1pido)","isPartOf":{"@id":"https:\/\/elfsight.com\/pt\/#website"},"datePublished":"2024-05-03T06:26:19+00:00","dateModified":"2024-11-13T11:54:39+00:00","description":"\u00c9 um processo f\u00e1cil criar seu pr\u00f3prio widget de Avalia\u00e7\u00f5es do Airbnb e public\u00e1-lo no site do Blogger. O atendimento ao cliente da Elfsight \u00e9 gratuito.","breadcrumb":{"@id":"https:\/\/elfsight.com\/pt\/airbnb-reviews-widget\/blogger\/#breadcrumb"},"inLanguage":"pt-PT","potentialAction":[{"@type":"ReadAction","target":["https:\/\/elfsight.com\/pt\/airbnb-reviews-widget\/blogger\/"]}]},{"@type":"BreadcrumbList","@id":"https:\/\/elfsight.com\/pt\/airbnb-reviews-widget\/blogger\/#breadcrumb","itemListElement":[{"@type":"ListItem","position":1,"name":"Home","item":"https:\/\/elfsight.com\/pt\/"},{"@type":"ListItem","position":2,"name":"Airbnb Reviews","item":"https:\/\/elfsight.com\/pt\/airbnb-reviews-widget\/"},{"@type":"ListItem","position":3,"name":"Airbnb Reviews &#8211; Blogger"}]},{"@type":"WebSite","@id":"https:\/\/elfsight.com\/pt\/#website","url":"https:\/\/elfsight.com\/pt\/","name":"Elfsight PT","description":"Just another Elfsight Sites site","potentialAction":[{"@type":"SearchAction","target":{"@type":"EntryPoint","urlTemplate":"https:\/\/elfsight.com\/pt\/?s={search_term_string}"},"query-input":{"@type":"PropertyValueSpecification","valueRequired":true,"valueName":"search_term_string"}}],"inLanguage":"pt-PT"}]}},"meta_box":{"industry":"","seo_heading":"","heading":"","description":"","cta_heading":"","cta_description":"","application":"1330","h1":"Avalia\u00e7\u00f5es do Blogger Airbnb","h1_caption":"Integre as impress\u00f5es perfeitas dos clientes do Airbnb em seu site","application_category":[],"applications_title":"","applications_request_title":"","applications_request_button_text":"","hero_text":"","hero_video":"","hero_video_schema_markup":"","selling_points_title":"","selling_points_caption":"","selling_points":[],"selling_points_cta_text":"","features_title":"","features":"","ed_cta_examples_text":"","ed_cta_examples_hidden":"","ed_cta_demo_text":"","ed_cta_demo_hidden":"","why_caption":"","why_editor_title":"","why_editor_text":"","why_team_title":"","why_team_text":"","why_service_title":"","why_service_text":"","template_catalog_visible":"","template_catalog_title":"","template_catalog_text":"","template_catalog_categories_visible":"","demo_title":"Crie seu widget de avalia\u00e7\u00f5es do Airbnb","demo_caption":"Configure suas Avalia\u00e7\u00f5es do Airbnb e adicione-as ao seu site do Blogger gratuitamente!","default_faq_hidden":"","app_template_category":[],"platform":"46","template_public_id":"","codecanyon_url":"","codecanyon_item_id":"","codecanyon_price":"","pricing_caption":"","pricing_elfsight_apps_hide_column":"","pricing_elfsight_apps_url":"","pricing_codecanyon_price_caption":"","integration_category":[],"integration_request_title":"","integration_request_cta":"","integration_platform":"","integrations":[],"platform_category":[],"video_schema_markup":"","price":"a partir de US$ 0\/m\u00eas","trial":"","benefits":[{"text":"Ajuda de instala\u00e7\u00e3o gratuita"},{"text":"Suporte excepcional"},{"text":"Garantia de devolu\u00e7\u00e3o do dinheiro em 14 dias"},{"text":"Atualizando constantemente"}],"button_url":"#demo","button_target_blank":"","button_nofollow":"","attributes":[{"name":"Instala\u00e7\u00f5es","content":"10,000 - 100,000"},{"name":"Responsivo","content":"Sim"},{"name":"Navegadores compat\u00edveis","content":"Firefox, Safari, Opera, Chrome, Edge"}],"tags":[],"tags_disable_links":"","hide_more_platforms":"","video_object":"","demo_hide_cta":"","demo_hide_cloud_options":"","pricing_title":"","pricing":[{"pricing_icon":"platform","pricing_title":"Elfsight Apps","pricing_title_caption":"Solu\u00e7\u00e3o digital independente de plataforma","pricing_price":"a partir de US$ 0\/m\u00eas","pricing_price_caption":"comece com um plano gratuito","pricing_benefits":[{"text":"Sites ilimitados"},{"text":"Suporte gratuito ao cliente"},{"text":"Suporte gratuito ao cliente"},{"text":"Totalmente personaliz\u00e1vel"}],"pricing_button_text":"Adicionar ao site","pricing_button_url":"#demo"}],"related_apps_title":"","related_apps_hidden":"","author":"","image":[],"title":"","job":"","social_networks":[]},"_links":{"self":[{"href":"https:\/\/elfsight.com\/pt\/wp-json\/wp\/v2\/pages\/5471","targetHints":{"allow":["GET"]}}],"collection":[{"href":"https:\/\/elfsight.com\/pt\/wp-json\/wp\/v2\/pages"}],"about":[{"href":"https:\/\/elfsight.com\/pt\/wp-json\/wp\/v2\/types\/page"}],"author":[{"embeddable":true,"href":"https:\/\/elfsight.com\/pt\/wp-json\/wp\/v2\/users\/9"}],"replies":[{"embeddable":true,"href":"https:\/\/elfsight.com\/pt\/wp-json\/wp\/v2\/comments?post=5471"}],"version-history":[{"count":2,"href":"https:\/\/elfsight.com\/pt\/wp-json\/wp\/v2\/pages\/5471\/revisions"}],"predecessor-version":[{"id":11527,"href":"https:\/\/elfsight.com\/pt\/wp-json\/wp\/v2\/pages\/5471\/revisions\/11527"}],"up":[{"embeddable":true,"href":"https:\/\/elfsight.com\/pt\/wp-json\/wp\/v2\/pages\/1331"}],"wp:attachment":[{"href":"https:\/\/elfsight.com\/pt\/wp-json\/wp\/v2\/media?parent=5471"}],"curies":[{"name":"wp","href":"https:\/\/api.w.org\/{rel}","templated":true}]}}