{"id":5464,"date":"2024-05-03T06:26:16","date_gmt":"2024-05-03T06:26:16","guid":{"rendered":"https:\/\/elfsight.com\/pt\/?page_id=5464"},"modified":"2024-11-13T11:50:38","modified_gmt":"2024-11-13T11:50:38","slug":"iframe","status":"publish","type":"page","link":"https:\/\/elfsight.com\/pt\/airbnb-reviews-widget\/iframe\/","title":{"rendered":"Airbnb Reviews &#8211; iFrame"},"content":{"rendered":"<div class=\"application-platform-content-item-description application-platform-content-item\" id=\"description\" data-nav-section=\"description\"><h2>Incorpore avalia\u00e7\u00f5es do Airbnb no iFrame com o widget Elfsight<\/h2><p>Se voc\u00ea precisa de uma maneira de mostrar seu apre\u00e7o entre os clientes e convenc\u00ea-los visitantes do site que vale a pena visitar o seu lugar, o plugin Elfsight Airbnb Reviews far\u00e1 o trabalho. Com nosso plugin, voc\u00ea demonstrar\u00e1 rapidamente as avalia\u00e7\u00f5es dos usu\u00e1rios do Airbnb em seu site com informa\u00e7\u00f5es sobre seus autores, poder\u00e1 classific\u00e1-los para demonstrar apenas os melhores, adicionar avalia\u00e7\u00f5es e um bot\u00e3o de redirecionamento, que levar\u00e1 as pessoas \u00e0 sua p\u00e1gina do Airbnb, ent\u00e3o que eles possam escrever uma nova avalia\u00e7\u00e3o.<\/p> <\/div><div class=\"application-platform-content-item-features application-platform-content-item\" id=\"features\" data-nav-section=\"features\"><h2>Recursos<\/h2><p>Confira a lista de recursos que nosso plugin possui: <\/p> <ul> <li>Tr\u00eas op\u00e7\u00f5es de filtros: por tipo, excluir por e quantidade de avalia\u00e7\u00f5es para exibi\u00e7\u00e3o; <\/li> <li>Uma oportunidade para ativar\/desativar o cabe\u00e7alho do plugin; <\/li> <li>Seis elementos flex\u00edveis do plugin: nome do autor e foto, texto de recomenda\u00e7\u00e3o, data, \u00edcone do Airbnb e classifica\u00e7\u00e3o por estrelas; <\/li> <\/ul><p><a href=\"#demo\">Confira-os e muito mais na demonstra\u00e7\u00e3o ao vivo<\/a><\/p><\/div><div class=\"application-platform-content-item-installation application-platform-content-item\" id=\"installation\" data-nav-section=\"installation\"><h2>Como adicionar o plugin Airbnb Reviews ao site iFrame<\/h2><p> Veja como voc\u00ea pode incorporar o widget em seu site. Apenas alguns passos: <\/p> <ol><li><b>Construa seu plugin Airbnb pessoal<\/b><br> Usando nossa demonstra\u00e7\u00e3o gratuita, obtenha um plugin com interface personalizada e caracter\u00edsticas funcionais. <\/li><li><b>Copie o c\u00f3digo individual para configurar o plugin<\/b><br> Depois de configurar o seu plugin, voc\u00ea adquirir\u00e1 o c\u00f3digo exclusivo da notifica\u00e7\u00e3o que aparece nos aplicativos Elfsight. Copie. <\/li> <li><b>Integrar o plugin em seu site iFrame<\/b><br> Encontre o local onde voc\u00ea planeja exibir o plugin e adicione o c\u00f3digo salvo l\u00e1. Aplique as edi\u00e7\u00f5es. <\/li> <li><b>Parab\u00e9ns! Voc\u00ea acabou de configurar o plugin!<\/b><br> Visite a loja para ver seus coment\u00e1rios. <\/li> <\/ol><p>Precisa de nossa ajuda? Tem perguntas? Estamos felizes em ajudar! Basta entrar em contacto com o nosso servi\u00e7o de apoio ao cliente.<\/p><div class=\"faq\" data-component=\"FAQ\"> <div class=\"faq-item\">\r\n\t\t\t\t\t<div class=\"faq-item-question\">\r\n\t\t\t\t\t\t<h3 class=\"faq-item-question-text\">Como adicionar coment\u00e1rios Airbnb ao meu site iFrame sem conhecimentos de codifica\u00e7\u00e3o?<\/h3>\r\n\r\n\t\t\t\t\t\t<div class=\"faq-item-question-icon\"><\/div>\r\n\t\t\t\t\t<\/div>\r\n\r\n\t\t\t\t\t<div class=\"faq-item-answer\">\r\n\t\t\t\t\t\t<div class=\"faq-item-answer-text\"> <p>A Elfsight fornece uma solu\u00e7\u00e3o SaaS que lhe permite criar um Airbnb Widget de Avalia\u00e7\u00f5es voc\u00ea mesmo, veja como o processo \u00e9 f\u00e1cil: Trabalhe diretamente no Editor on-line para criar um widget de Avalia\u00e7\u00f5es do Airbnb que voc\u00ea gostaria de ver em seu site iFrame. Escolha um dos modelos predefinidos e ajuste as configura\u00e7\u00f5es de Avalia\u00e7\u00f5es do Airbnb, adicione seu conte\u00fado, altere o layout e o esquema de cores sem nenhuma habilidade de codifica\u00e7\u00e3o. Salve os coment\u00e1rios do Airbnb e copie seu c\u00f3digo de instala\u00e7\u00e3o, que voc\u00ea pode simplesmente incorporar em seu site iFrame sem a necessidade de comprar uma assinatura paga. Com nosso editor intuitivo, qualquer usu\u00e1rio da Internet pode criar um widget de avalia\u00e7\u00f5es do Airbnb on-line e incorpor\u00e1-lo facilmente ao seu site iFrame. N\u00e3o h\u00e1 necessidade de pagar ou inserir as credenciais do seu cart\u00e3o para acessar o servi\u00e7o. Se voc\u00ea enfrentar qualquer problema em qualquer etapa, n\u00e3o hesite em entrar em contato com nossa equipe de suporte t\u00e9cnico.<\/p> <\/div>\r\n\t\t\t\t\t<\/div>\r\n\t\t\t\t<\/div> <\/div> <\/div>","protected":false},"excerpt":{"rendered":"","protected":false},"author":9,"featured_media":0,"parent":1331,"menu_order":0,"comment_status":"closed","ping_status":"closed","template":"templates\/template-application-platform.php","meta":{"publish_to_discourse":"","publish_post_category":"","wpdc_auto_publish_overridden":"","wpdc_topic_tags":"","wpdc_pin_topic":"","wpdc_pin_until":"","discourse_post_id":"","discourse_permalink":"","wpdc_publishing_response":"","wpdc_publishing_error":"","footnotes":""},"class_list":["post-5464","page","type-page","status-publish","hentry"],"yoast_head":"<!-- This site is optimized with the Yoast SEO plugin v25.3.1 - https:\/\/yoast.com\/wordpress\/plugins\/seo\/ -->\n<title>Plugin iFrame Airbnb Reviews para o seu site (gr\u00e1tis e r\u00e1pido)<\/title>\n<meta name=\"description\" content=\"Esta \u00e9 uma oportunidade de criar Avalia\u00e7\u00f5es do Airbnb e adicion\u00e1-las ao seu site iFrame. Voc\u00ea desfrutar\u00e1 de atendimento gratuito ao cliente e outros b\u00f4nus.\" \/>\n<meta name=\"robots\" content=\"index, follow, max-snippet:-1, max-image-preview:large, max-video-preview:-1\" \/>\n<link rel=\"canonical\" href=\"https:\/\/elfsight.com\/pt\/airbnb-reviews-widget\/iframe\/\" \/>\n<meta property=\"og:locale\" content=\"pt_PT\" \/>\n<meta property=\"og:type\" content=\"article\" \/>\n<meta property=\"og:title\" content=\"Plugin iFrame Airbnb Reviews para o seu site (gr\u00e1tis e r\u00e1pido)\" \/>\n<meta property=\"og:description\" content=\"Esta \u00e9 uma oportunidade de criar Avalia\u00e7\u00f5es do Airbnb e adicion\u00e1-las ao seu site iFrame. Voc\u00ea desfrutar\u00e1 de atendimento gratuito ao cliente e outros b\u00f4nus.\" \/>\n<meta property=\"og:url\" content=\"https:\/\/elfsight.com\/pt\/airbnb-reviews-widget\/iframe\/\" \/>\n<meta property=\"og:site_name\" content=\"Elfsight PT\" \/>\n<meta property=\"article:modified_time\" content=\"2024-11-13T11:50:38+00:00\" \/>\n<meta name=\"twitter:card\" content=\"summary_large_image\" \/>\n<meta name=\"twitter:label1\" content=\"Tempo estimado de leitura\" \/>\n\t<meta name=\"twitter:data1\" content=\"3 minutos\" \/>\n<!-- \/ Yoast SEO plugin. -->","yoast_head_json":{"title":"Plugin iFrame Airbnb Reviews para o seu site (gr\u00e1tis e r\u00e1pido)","description":"Esta \u00e9 uma oportunidade de criar Avalia\u00e7\u00f5es do Airbnb e adicion\u00e1-las ao seu site iFrame. Voc\u00ea desfrutar\u00e1 de atendimento gratuito ao cliente e outros b\u00f4nus.","robots":{"index":"index","follow":"follow","max-snippet":"max-snippet:-1","max-image-preview":"max-image-preview:large","max-video-preview":"max-video-preview:-1"},"canonical":"https:\/\/elfsight.com\/pt\/airbnb-reviews-widget\/iframe\/","og_locale":"pt_PT","og_type":"article","og_title":"Plugin iFrame Airbnb Reviews para o seu site (gr\u00e1tis e r\u00e1pido)","og_description":"Esta \u00e9 uma oportunidade de criar Avalia\u00e7\u00f5es do Airbnb e adicion\u00e1-las ao seu site iFrame. Voc\u00ea desfrutar\u00e1 de atendimento gratuito ao cliente e outros b\u00f4nus.","og_url":"https:\/\/elfsight.com\/pt\/airbnb-reviews-widget\/iframe\/","og_site_name":"Elfsight PT","article_modified_time":"2024-11-13T11:50:38+00:00","twitter_card":"summary_large_image","twitter_misc":{"Tempo estimado de leitura":"3 minutos"},"schema":{"@context":"https:\/\/schema.org","@graph":[{"@type":"WebPage","@id":"https:\/\/elfsight.com\/pt\/airbnb-reviews-widget\/iframe\/","url":"https:\/\/elfsight.com\/pt\/airbnb-reviews-widget\/iframe\/","name":"Plugin iFrame Airbnb Reviews para o seu site (gr\u00e1tis e r\u00e1pido)","isPartOf":{"@id":"https:\/\/elfsight.com\/pt\/#website"},"datePublished":"2024-05-03T06:26:16+00:00","dateModified":"2024-11-13T11:50:38+00:00","description":"Esta \u00e9 uma oportunidade de criar Avalia\u00e7\u00f5es do Airbnb e adicion\u00e1-las ao seu site iFrame. Voc\u00ea desfrutar\u00e1 de atendimento gratuito ao cliente e outros b\u00f4nus.","breadcrumb":{"@id":"https:\/\/elfsight.com\/pt\/airbnb-reviews-widget\/iframe\/#breadcrumb"},"inLanguage":"pt-PT","potentialAction":[{"@type":"ReadAction","target":["https:\/\/elfsight.com\/pt\/airbnb-reviews-widget\/iframe\/"]}]},{"@type":"BreadcrumbList","@id":"https:\/\/elfsight.com\/pt\/airbnb-reviews-widget\/iframe\/#breadcrumb","itemListElement":[{"@type":"ListItem","position":1,"name":"Home","item":"https:\/\/elfsight.com\/pt\/"},{"@type":"ListItem","position":2,"name":"Airbnb Reviews","item":"https:\/\/elfsight.com\/pt\/airbnb-reviews-widget\/"},{"@type":"ListItem","position":3,"name":"Airbnb Reviews &#8211; iFrame"}]},{"@type":"WebSite","@id":"https:\/\/elfsight.com\/pt\/#website","url":"https:\/\/elfsight.com\/pt\/","name":"Elfsight PT","description":"Just another Elfsight Sites site","potentialAction":[{"@type":"SearchAction","target":{"@type":"EntryPoint","urlTemplate":"https:\/\/elfsight.com\/pt\/?s={search_term_string}"},"query-input":{"@type":"PropertyValueSpecification","valueRequired":true,"valueName":"search_term_string"}}],"inLanguage":"pt-PT"}]}},"meta_box":{"industry":"","seo_heading":"","heading":"","description":"","cta_heading":"","cta_description":"","application":"1330","h1":"Avalia\u00e7\u00f5es do Airbnb sobre iFrame","h1_caption":"Adicione os coment\u00e1rios dos usu\u00e1rios mais atraentes do Airbnb em seu site","application_category":[],"applications_title":"","applications_request_title":"","applications_request_button_text":"","hero_text":"","hero_video":"","hero_video_schema_markup":"","selling_points_title":"","selling_points_caption":"","selling_points":[],"selling_points_cta_text":"","features_title":"","features":"","ed_cta_examples_text":"","ed_cta_examples_hidden":"","ed_cta_demo_text":"","ed_cta_demo_hidden":"","why_caption":"","why_editor_title":"","why_editor_text":"","why_team_title":"","why_team_text":"","why_service_title":"","why_service_text":"","template_catalog_visible":"","template_catalog_title":"","template_catalog_text":"","template_catalog_categories_visible":"","demo_title":"Crie seu widget de avalia\u00e7\u00f5es do Airbnb","demo_caption":"Configure suas avalia\u00e7\u00f5es do Airbnb e adicione-as ao seu site iFrame gratuitamente!","default_faq_hidden":"","app_template_category":[],"platform":"4911","template_public_id":"","codecanyon_url":"","codecanyon_item_id":"","codecanyon_price":"","pricing_caption":"","pricing_elfsight_apps_hide_column":"","pricing_elfsight_apps_url":"","pricing_codecanyon_price_caption":"","integration_category":[],"integration_request_title":"","integration_request_cta":"","integration_platform":"","integrations":[],"platform_category":[],"video_schema_markup":"","price":"a partir de US$ 0\/m\u00eas","trial":"","benefits":[{"text":"Assist\u00eancia de instala\u00e7\u00e3o gratuita"},{"text":"Atendimento ao cliente competente"},{"text":"Garantia de devolu\u00e7\u00e3o do dinheiro em 14 dias"},{"text":"Melhorias cont\u00ednuas"}],"button_url":"#demo","button_target_blank":"","button_nofollow":"","attributes":[{"name":"Instala\u00e7\u00f5es","content":"10,000 - 100,000"},{"name":"Responsivo","content":"Sim"},{"name":"Navegadores compat\u00edveis","content":"Chrome, Edge, Safari, Firefox, Opera"}],"tags":[],"tags_disable_links":"","hide_more_platforms":"","video_object":"","demo_hide_cta":"","demo_hide_cloud_options":"","pricing_title":"","pricing":[{"pricing_icon":"platform","pricing_title":"Elfsight Apps","pricing_title_caption":"Vers\u00e3o multiplataforma que se adapta a qualquer site","pricing_price":"a partir de US$ 0\/m\u00eas","pricing_price_caption":"comece com plano gratuito","pricing_benefits":[{"text":"N\u00famero ilimitado de sites"},{"text":"Suporte r\u00e1pido"},{"text":"Suporte r\u00e1pido"},{"text":"Oferta especial para v\u00e1rios aplicativos"}],"pricing_button_text":"Adicionar ao site","pricing_button_url":"#demo"}],"related_apps_title":"","related_apps_hidden":"","author":"","image":[],"title":"","job":"","social_networks":[]},"_links":{"self":[{"href":"https:\/\/elfsight.com\/pt\/wp-json\/wp\/v2\/pages\/5464","targetHints":{"allow":["GET"]}}],"collection":[{"href":"https:\/\/elfsight.com\/pt\/wp-json\/wp\/v2\/pages"}],"about":[{"href":"https:\/\/elfsight.com\/pt\/wp-json\/wp\/v2\/types\/page"}],"author":[{"embeddable":true,"href":"https:\/\/elfsight.com\/pt\/wp-json\/wp\/v2\/users\/9"}],"replies":[{"embeddable":true,"href":"https:\/\/elfsight.com\/pt\/wp-json\/wp\/v2\/comments?post=5464"}],"version-history":[{"count":1,"href":"https:\/\/elfsight.com\/pt\/wp-json\/wp\/v2\/pages\/5464\/revisions"}],"predecessor-version":[{"id":5468,"href":"https:\/\/elfsight.com\/pt\/wp-json\/wp\/v2\/pages\/5464\/revisions\/5468"}],"up":[{"embeddable":true,"href":"https:\/\/elfsight.com\/pt\/wp-json\/wp\/v2\/pages\/1331"}],"wp:attachment":[{"href":"https:\/\/elfsight.com\/pt\/wp-json\/wp\/v2\/media?parent=5464"}],"curies":[{"name":"wp","href":"https:\/\/api.w.org\/{rel}","templated":true}]}}