{"id":5463,"date":"2024-05-03T06:26:15","date_gmt":"2024-05-03T06:26:15","guid":{"rendered":"https:\/\/elfsight.com\/pt\/?page_id=5463"},"modified":"2024-11-13T11:45:37","modified_gmt":"2024-11-13T11:45:37","slug":"facebook","status":"publish","type":"page","link":"https:\/\/elfsight.com\/pt\/airbnb-reviews-widget\/facebook\/","title":{"rendered":"Airbnb Reviews &#8211; Facebook Page"},"content":{"rendered":"<div class=\"application-platform-content-item-description application-platform-content-item\" id=\"description\" data-nav-section=\"description\"><h2>Descri\u00e7\u00e3o<\/h2><p>Se voc\u00ea deseja provar sua aprecia\u00e7\u00e3o pelos clientes e convencer os visitantes da p\u00e1gina de que suas ofertas t\u00eam uma boa rela\u00e7\u00e3o custo-benef\u00edcio , o widget Elfsight Airbnb Reviews combina perfeitamente com voc\u00ea. Usando este widget, voc\u00ea pode inserir coment\u00e1rios de clientes do Airbnb em sua p\u00e1gina com detalhes sobre seus autores, usar filtros para revelar apenas os melhores, mostrar avalia\u00e7\u00f5es e um bot\u00e3o de solicita\u00e7\u00e3o de avalia\u00e7\u00e3o que levar\u00e1 as pessoas \u00e0 sua p\u00e1gina do Airbnb, onde poder\u00e3o escrever seus coment\u00e1rios . <\/p><p><b>Aumente a confian\u00e7a dos clientes com os melhores depoimentos do Airbnb<\/b><\/p> <\/div><div class=\"application-platform-content-item-features application-platform-content-item\" id=\"features\" data-nav-section=\"features\"><h2>Recursos<\/h2><p> Verifique todos os recursos do nosso widget de revis\u00e3o. Voc\u00ea pode configur\u00e1-los diretamente no editor e eles o ajudar\u00e3o a criar o widget especialmente para o seu caso. <\/p><ul><li>4 layouts predefinidos: Lista, Grade, Alvenaria e Slider; <\/li><li>O bot\u00e3o de solicita\u00e7\u00e3o de revis\u00e3o leva os usu\u00e1rios \u00e0 sua p\u00e1gina do Airbnb; <\/li><li>6 elementos flex\u00edveis das avalia\u00e7\u00f5es: nome e foto do autor, recomenda\u00e7\u00e3o, data de compartilhamento, \u00edcone do Airbnb e classifica\u00e7\u00e3o por estrelas; <\/li><\/ul><p><a href=\"#demo\">Veja como todos os recursos funcionam em nossa demonstra\u00e7\u00e3o<\/a><\/p><\/div><div class=\"application-platform-content-item-installation application-platform-content-item\" id=\"installation\" data-nav-section=\"installation\"> <h2>Como adicionar avalia\u00e7\u00f5es do Airbnb \u00e0 p\u00e1gina comercial do Facebook<\/h2><p>Para ativar o widget, siga as seguintes etapas<\/p><ul><li><b>Construa seu widget personalizado do Airbnb<\/b><br>Em nossa demonstra\u00e7\u00e3o gratuita, obtenha um widget com interface selecionada e caracter\u00edsticas funcionais. <\/li><li><b>Adquira o c\u00f3digo pessoal para incorporar o widget<\/b><br>Depois de gerar o seu widget, voc\u00ea obter\u00e1 o c\u00f3digo exclusivo na notifica\u00e7\u00e3o pop-up nos aplicativos da Elfsight. Copie o c\u00f3digo. <\/li><li><b>Adicione o widget \u00e0 p\u00e1gina do Facebook<\/b><br> Crie sua guia personalizada do Facebook. Insira o c\u00f3digo que voc\u00ea recebeu nos aplicativos da elfsight na guia. Se voc\u00ea tiver algum problema, basta verificar nosso guia em <a href=\"https:\/\/elfsight.com\/blog\/how-to-add-custom-tab-to-facebook-page\/\" target=\"_blank\" rel=\"noopener noreferrer\">criando uma guia personalizada do Facebook<\/a><\/li><li><b>Pronto! <\/b><br>Entre na sua p\u00e1gina para conferir seu trabalho. <\/li><\/ul><p>Voc\u00ea pode entrar em contato com o suporte ao cliente da Elfsight caso precise de assist\u00eancia ou tenha problemas. Nossos especialistas ter\u00e3o prazer em ajudar com todas as d\u00favidas. <\/p><div class=\"faq\" data-component=\"FAQ\"> <div class=\"faq-item\">\r\n\t\t\t\t\t<div class=\"faq-item-question\">\r\n\t\t\t\t\t\t<h3 class=\"faq-item-question-text\">Como adicionar coment\u00e1rios do Airbnb ao site da minha p\u00e1gina do Facebook sem habilidades de codifica\u00e7\u00e3o?<\/h3>\r\n\r\n\t\t\t\t\t\t<div class=\"faq-item-question-icon\"><\/div>\r\n\t\t\t\t\t<\/div>\r\n\r\n\t\t\t\t\t<div class=\"faq-item-answer\">\r\n\t\t\t\t\t\t<div class=\"faq-item-answer-text\"> <p>A Elfsight fornece uma solu\u00e7\u00e3o SaaS que permite que voc\u00ea mesmo crie um widget de coment\u00e1rios do Airbnb, veja como \u00e9 f\u00e1cil O processo \u00e9: Trabalhe diretamente no Editor on-line para criar um widget de Avalia\u00e7\u00f5es do Airbnb que voc\u00ea gostaria de ver no site da sua p\u00e1gina do Facebook. Escolha um dos modelos predefinidos e ajuste as configura\u00e7\u00f5es de Avalia\u00e7\u00f5es do Airbnb, adicione seu conte\u00fado, altere o layout e as cores sem nenhuma habilidade de codifica\u00e7\u00e3o. Salve os coment\u00e1rios do Airbnb e copie seu c\u00f3digo de instala\u00e7\u00e3o, que voc\u00ea pode adicionar facilmente no site da sua p\u00e1gina do Facebook sem comprar um plano pago. Com nosso editor intuitivo, qualquer usu\u00e1rio da Internet pode criar um widget de avalia\u00e7\u00f5es do Airbnb on-line e incorpor\u00e1-lo facilmente em sua p\u00e1gina do Facebook. N\u00e3o h\u00e1 necessidade de pagar ou inserir as credenciais do seu cart\u00e3o para acessar o servi\u00e7o. Se voc\u00ea enfrentar qualquer problema em qualquer etapa, n\u00e3o hesite em entrar em contato com nossa equipe de suporte t\u00e9cnico.<\/p> <\/div>\r\n\t\t\t\t\t<\/div>\r\n\t\t\t\t<\/div> <\/div> <\/div>","protected":false},"excerpt":{"rendered":"","protected":false},"author":9,"featured_media":0,"parent":1331,"menu_order":0,"comment_status":"closed","ping_status":"closed","template":"templates\/template-application-platform.php","meta":{"publish_to_discourse":"","publish_post_category":"","wpdc_auto_publish_overridden":"","wpdc_topic_tags":"","wpdc_pin_topic":"","wpdc_pin_until":"","discourse_post_id":"","discourse_permalink":"","wpdc_publishing_response":"","wpdc_publishing_error":"","footnotes":""},"class_list":["post-5463","page","type-page","status-publish","hentry"],"yoast_head":"<!-- This site is optimized with the Yoast SEO plugin v25.3.1 - https:\/\/yoast.com\/wordpress\/plugins\/seo\/ -->\n<title>Adicionar coment\u00e1rios do Airbnb \u00e0 p\u00e1gina comercial do Facebook (2025)<\/title>\n<meta name=\"description\" content=\"Esta \u00e9 a oportunidade de criar avalia\u00e7\u00f5es do Airbnb e adicion\u00e1-las \u00e0 p\u00e1gina comercial do Facebook. Voc\u00ea desfrutar\u00e1 de atendimento gratuito ao cliente e outros b\u00f4nus da Elfsight.\" \/>\n<meta name=\"robots\" content=\"index, follow, max-snippet:-1, max-image-preview:large, max-video-preview:-1\" \/>\n<link rel=\"canonical\" href=\"https:\/\/elfsight.com\/pt\/airbnb-reviews-widget\/facebook\/\" \/>\n<meta property=\"og:locale\" content=\"pt_PT\" \/>\n<meta property=\"og:type\" content=\"article\" \/>\n<meta property=\"og:title\" content=\"Adicionar coment\u00e1rios do Airbnb \u00e0 p\u00e1gina comercial do Facebook (2025)\" \/>\n<meta property=\"og:description\" content=\"Esta \u00e9 a oportunidade de criar avalia\u00e7\u00f5es do Airbnb e adicion\u00e1-las \u00e0 p\u00e1gina comercial do Facebook. Voc\u00ea desfrutar\u00e1 de atendimento gratuito ao cliente e outros b\u00f4nus da Elfsight.\" \/>\n<meta property=\"og:url\" content=\"https:\/\/elfsight.com\/pt\/airbnb-reviews-widget\/facebook\/\" \/>\n<meta property=\"og:site_name\" content=\"Elfsight PT\" \/>\n<meta property=\"article:modified_time\" content=\"2024-11-13T11:45:37+00:00\" \/>\n<meta name=\"twitter:card\" content=\"summary_large_image\" \/>\n<meta name=\"twitter:label1\" content=\"Tempo estimado de leitura\" \/>\n\t<meta name=\"twitter:data1\" content=\"3 minutos\" \/>\n<!-- \/ Yoast SEO plugin. -->","yoast_head_json":{"title":"Adicionar coment\u00e1rios do Airbnb \u00e0 p\u00e1gina comercial do Facebook (2025)","description":"Esta \u00e9 a oportunidade de criar avalia\u00e7\u00f5es do Airbnb e adicion\u00e1-las \u00e0 p\u00e1gina comercial do Facebook. Voc\u00ea desfrutar\u00e1 de atendimento gratuito ao cliente e outros b\u00f4nus da Elfsight.","robots":{"index":"index","follow":"follow","max-snippet":"max-snippet:-1","max-image-preview":"max-image-preview:large","max-video-preview":"max-video-preview:-1"},"canonical":"https:\/\/elfsight.com\/pt\/airbnb-reviews-widget\/facebook\/","og_locale":"pt_PT","og_type":"article","og_title":"Adicionar coment\u00e1rios do Airbnb \u00e0 p\u00e1gina comercial do Facebook (2025)","og_description":"Esta \u00e9 a oportunidade de criar avalia\u00e7\u00f5es do Airbnb e adicion\u00e1-las \u00e0 p\u00e1gina comercial do Facebook. Voc\u00ea desfrutar\u00e1 de atendimento gratuito ao cliente e outros b\u00f4nus da Elfsight.","og_url":"https:\/\/elfsight.com\/pt\/airbnb-reviews-widget\/facebook\/","og_site_name":"Elfsight PT","article_modified_time":"2024-11-13T11:45:37+00:00","twitter_card":"summary_large_image","twitter_misc":{"Tempo estimado de leitura":"3 minutos"},"schema":{"@context":"https:\/\/schema.org","@graph":[{"@type":"WebPage","@id":"https:\/\/elfsight.com\/pt\/airbnb-reviews-widget\/facebook\/","url":"https:\/\/elfsight.com\/pt\/airbnb-reviews-widget\/facebook\/","name":"Adicionar coment\u00e1rios do Airbnb \u00e0 p\u00e1gina comercial do Facebook (2025)","isPartOf":{"@id":"https:\/\/elfsight.com\/pt\/#website"},"datePublished":"2024-05-03T06:26:15+00:00","dateModified":"2024-11-13T11:45:37+00:00","description":"Esta \u00e9 a oportunidade de criar avalia\u00e7\u00f5es do Airbnb e adicion\u00e1-las \u00e0 p\u00e1gina comercial do Facebook. Voc\u00ea desfrutar\u00e1 de atendimento gratuito ao cliente e outros b\u00f4nus da Elfsight.","breadcrumb":{"@id":"https:\/\/elfsight.com\/pt\/airbnb-reviews-widget\/facebook\/#breadcrumb"},"inLanguage":"pt-PT","potentialAction":[{"@type":"ReadAction","target":["https:\/\/elfsight.com\/pt\/airbnb-reviews-widget\/facebook\/"]}]},{"@type":"BreadcrumbList","@id":"https:\/\/elfsight.com\/pt\/airbnb-reviews-widget\/facebook\/#breadcrumb","itemListElement":[{"@type":"ListItem","position":1,"name":"Home","item":"https:\/\/elfsight.com\/pt\/"},{"@type":"ListItem","position":2,"name":"Airbnb Reviews","item":"https:\/\/elfsight.com\/pt\/airbnb-reviews-widget\/"},{"@type":"ListItem","position":3,"name":"Airbnb Reviews &#8211; Facebook Page"}]},{"@type":"WebSite","@id":"https:\/\/elfsight.com\/pt\/#website","url":"https:\/\/elfsight.com\/pt\/","name":"Elfsight PT","description":"Just another Elfsight Sites site","potentialAction":[{"@type":"SearchAction","target":{"@type":"EntryPoint","urlTemplate":"https:\/\/elfsight.com\/pt\/?s={search_term_string}"},"query-input":{"@type":"PropertyValueSpecification","valueRequired":true,"valueName":"search_term_string"}}],"inLanguage":"pt-PT"}]}},"meta_box":{"industry":"","seo_heading":"","heading":"","description":"","cta_heading":"","cta_description":"","application":"1330","h1":"Avalia\u00e7\u00f5es do Airbnb para a p\u00e1gina comercial do Facebook","h1_caption":"Demonstre as opini\u00f5es dos melhores usu\u00e1rios do Airbnb sobre seus produtos","application_category":[],"applications_title":"","applications_request_title":"","applications_request_button_text":"","hero_text":"","hero_video":"","hero_video_schema_markup":"","selling_points_title":"","selling_points_caption":"","selling_points":[],"selling_points_cta_text":"","features_title":"","features":"","ed_cta_examples_text":"","ed_cta_examples_hidden":"","ed_cta_demo_text":"","ed_cta_demo_hidden":"","why_caption":"","why_editor_title":"","why_editor_text":"","why_team_title":"","why_team_text":"","why_service_title":"","why_service_text":"","template_catalog_visible":"","template_catalog_title":"","template_catalog_text":"","template_catalog_categories_visible":"","demo_title":"Crie seu widget de avalia\u00e7\u00f5es do Airbnb","demo_caption":"Configure suas avalia\u00e7\u00f5es do Airbnb e adicione-as gratuitamente ao site da sua p\u00e1gina do Facebook!","default_faq_hidden":"","app_template_category":[],"platform":"103","template_public_id":"","codecanyon_url":"","codecanyon_item_id":"","codecanyon_price":"","pricing_caption":"","pricing_elfsight_apps_hide_column":"","pricing_elfsight_apps_url":"","pricing_codecanyon_price_caption":"","integration_category":[],"integration_request_title":"","integration_request_cta":"","integration_platform":"","integrations":[],"platform_category":[],"video_schema_markup":"","price":"a partir de US$ 0\/m\u00eas","trial":"","benefits":[{"text":"Ajuda de instala\u00e7\u00e3o gratuita"},{"text":"Suporte ao cliente experiente"},{"text":"Garantia de reembolso de 14 dias"},{"text":"Atualiza\u00e7\u00f5es gratuitas cont\u00ednuas"}],"button_url":"#demo","button_target_blank":"","button_nofollow":"","attributes":[{"name":"Instala\u00e7\u00f5es","content":"10,000 - 100,000"},{"name":"Responsivo","content":"Sim"},{"name":"Navegadores compat\u00edveis","content":"Safari, Chrome, Edge, Firefox, Opera"}],"tags":[],"tags_disable_links":"","hide_more_platforms":"","video_object":"","demo_hide_cta":"","demo_hide_cloud_options":"","pricing_title":"","pricing":[{"pricing_icon":"platform","pricing_title":"Elfsight Apps","pricing_title_caption":"Solu\u00e7\u00e3o multiplataforma que funciona em qualquer site","pricing_price":"a partir de US$ 0\/m\u00eas","pricing_price_caption":"comece com plano gratuito","pricing_benefits":[{"text":"Sites ilimitados"},{"text":"Suporte r\u00e1pido e pontual"},{"text":"Suporte r\u00e1pido e pontual"},{"text":"Totalmente personaliz\u00e1vel"}],"pricing_button_text":"Adicionar ao site","pricing_button_url":"#demo"}],"related_apps_title":"","related_apps_hidden":"","author":"","image":[],"title":"","job":"","social_networks":[]},"_links":{"self":[{"href":"https:\/\/elfsight.com\/pt\/wp-json\/wp\/v2\/pages\/5463","targetHints":{"allow":["GET"]}}],"collection":[{"href":"https:\/\/elfsight.com\/pt\/wp-json\/wp\/v2\/pages"}],"about":[{"href":"https:\/\/elfsight.com\/pt\/wp-json\/wp\/v2\/types\/page"}],"author":[{"embeddable":true,"href":"https:\/\/elfsight.com\/pt\/wp-json\/wp\/v2\/users\/9"}],"replies":[{"embeddable":true,"href":"https:\/\/elfsight.com\/pt\/wp-json\/wp\/v2\/comments?post=5463"}],"version-history":[{"count":1,"href":"https:\/\/elfsight.com\/pt\/wp-json\/wp\/v2\/pages\/5463\/revisions"}],"predecessor-version":[{"id":5467,"href":"https:\/\/elfsight.com\/pt\/wp-json\/wp\/v2\/pages\/5463\/revisions\/5467"}],"up":[{"embeddable":true,"href":"https:\/\/elfsight.com\/pt\/wp-json\/wp\/v2\/pages\/1331"}],"wp:attachment":[{"href":"https:\/\/elfsight.com\/pt\/wp-json\/wp\/v2\/media?parent=5463"}],"curies":[{"name":"wp","href":"https:\/\/api.w.org\/{rel}","templated":true}]}}