{"id":5458,"date":"2024-05-03T06:26:14","date_gmt":"2024-05-03T06:26:14","guid":{"rendered":"https:\/\/elfsight.com\/pt\/?page_id=5458"},"modified":"2024-11-13T11:33:28","modified_gmt":"2024-11-13T11:33:28","slug":"woocommerce","status":"publish","type":"page","link":"https:\/\/elfsight.com\/pt\/airbnb-reviews-widget\/woocommerce\/","title":{"rendered":"Airbnb Reviews &#8211; WooCommerce"},"content":{"rendered":"<div class=\"application-platform-content-item-description application-platform-content-item\" id=\"description\" data-nav-section=\"description\"><h2>Descri\u00e7\u00e3o<\/h2><p>Avalia\u00e7\u00f5es postadas por pessoas reais parecem perfeitamente confi\u00e1veis \u200b\u200bpara os visitantes do seu site e provam que sua empresa \u00e9 confi\u00e1vel parceiro. Classifica\u00e7\u00e3o alta e impress\u00f5es excelentes podem ajudar a aumentar o n\u00edvel de compras em seu site. Al\u00e9m disso, o bot\u00e3o de redirecionamento pode contribuir para aumentar a quantidade de avalia\u00e7\u00f5es de clientes sobre sua empresa no Airbnb. <\/p><p><b>Torne seu site mais bem-sucedido para metas de com\u00e9rcio eletr\u00f4nico com o widget Airbnb da Elfsight.<\/b><\/p><\/div> <div class=\"application-platform-content-item-features application-platform-content-item\" id=\"features\" data-nav-section=\"features\"><h2>Confira a lista de os recursos mais \u00fateis:<\/h2><ul><li>3 filtros prontos para uso: por tipo, exclus\u00e3o por e quantidade de avalia\u00e7\u00f5es para exibi\u00e7\u00e3o; <\/li><li>O bot\u00e3o para solicitar uma avalia\u00e7\u00e3o leva as pessoas \u00e0 p\u00e1gina do Airbnb; <\/li><li>Seis elementos personaliz\u00e1veis \u200b\u200bda interface: nome e foto do autor, recomenda\u00e7\u00e3o, data da postagem, \u00edcone do Airbnb e classifica\u00e7\u00e3o por estrelas.<\/li><\/ul><p><a href=\"#demo\">Experimente esta demonstra\u00e7\u00e3o para ter uma ideia completa<\/a><\/p><\/div><div class=\"application-platform-content-item-installation application-platform-content-item\" id=\"installation\" data-nav-section=\"installation\"><h2>Como posso adicionar avalia\u00e7\u00f5es do Airbnb ao meu site WooCommerce?<\/h2><p>Basta aplicar as instru\u00e7\u00f5es abaixo para inserir o plugin.<\/p><ol><li><b>Utilize nossa demonstra\u00e7\u00e3o gratuita e comece a moldar seu instrumento personalizado.<\/b><br>Escolha a forma e funcionalidade preferidas da ferramenta e aplique as corre\u00e7\u00f5es.<\/li><li><b>Obtenha o c\u00f3digo pessoal mostrado na caixa nos aplicativos Elfsight.<\/b><br>Logo ap\u00f3s a configura\u00e7\u00e3o do seu widget, copie o c\u00f3digo pessoal da caixa exibida e guarde-o para uso posterior.<\/li><li><b>Inicie o uso do plugin na p\u00e1gina WooCommerce.<\/b><br>Insira o c\u00f3digo copiado anteriormente em sua p\u00e1gina web e aplique as melhorias.<\/li><li><b>A instala\u00e7\u00e3o foi totalmente conclu\u00edda.<\/b><br>Acesse sua p\u00e1gina para examinar como a ferramenta est\u00e1 funcionando.<\/li><\/ol><p>Sob condi\u00e7\u00e3o de lidar com d\u00favidas ou encontrar algumas complica\u00e7\u00f5es, entre em contato com nossa equipe de atendimento ao cliente. Os nossos especialistas ter\u00e3o todo o prazer em resolver todas as dificuldades que possa ter com o plugin.<\/p><div class=\"faq\" data-component=\"FAQ\"> <div class=\"faq-item\">\r\n\t\t\t\t\t<div class=\"faq-item-question\">\r\n\t\t\t\t\t\t<h3 class=\"faq-item-question-text\">Como adicionar avalia\u00e7\u00f5es da Airbnb ao meu site WooCommerce sem conhecimentos de codifica\u00e7\u00e3o?<\/h3>\r\n\r\n\t\t\t\t\t\t<div class=\"faq-item-question-icon\"><\/div>\r\n\t\t\t\t\t<\/div>\r\n\r\n\t\t\t\t\t<div class=\"faq-item-answer\">\r\n\t\t\t\t\t\t<div class=\"faq-item-answer-text\"> <p>A Elfsight fornece uma solu\u00e7\u00e3o Solu\u00e7\u00e3o SaaS que permite que voc\u00ea mesmo crie um widget de Avalia\u00e7\u00f5es do Airbnb, veja como o processo \u00e9 f\u00e1cil: Trabalhe diretamente no Editor on-line para criar um widget de Avalia\u00e7\u00f5es do Airbnb que voc\u00ea gostaria de ver em seu site WooCommerce. Escolha um dos modelos predefinidos e ajuste as configura\u00e7\u00f5es de Avalia\u00e7\u00f5es do Airbnb, adicione seu conte\u00fado, altere o layout e as cores sem nenhuma habilidade de codifica\u00e7\u00e3o. Salve os coment\u00e1rios do Airbnb e copie seu c\u00f3digo de instala\u00e7\u00e3o, que voc\u00ea pode simplesmente incluir em seu site WooCommerce sem a necessidade de comprar uma assinatura paga. Com nosso editor intuitivo, qualquer usu\u00e1rio da Internet pode criar um widget de avalia\u00e7\u00f5es do Airbnb on-line e incorpor\u00e1-lo facilmente ao seu site WooCommerce. N\u00e3o h\u00e1 necessidade de pagar ou inserir as credenciais do seu cart\u00e3o para acessar o servi\u00e7o. Se voc\u00ea enfrentar qualquer problema em qualquer etapa, sinta-se \u00e0 vontade para entrar em contato com nossa equipe de suporte t\u00e9cnico<\/p> <\/div>\r\n\t\t\t\t\t<\/div>\r\n\t\t\t\t<\/div> <\/div> <\/div>","protected":false},"excerpt":{"rendered":"","protected":false},"author":9,"featured_media":0,"parent":1331,"menu_order":0,"comment_status":"closed","ping_status":"closed","template":"templates\/template-application-platform.php","meta":{"publish_to_discourse":"","publish_post_category":"","wpdc_auto_publish_overridden":"","wpdc_topic_tags":"","wpdc_pin_topic":"","wpdc_pin_until":"","discourse_post_id":"","discourse_permalink":"","wpdc_publishing_response":"","wpdc_publishing_error":"","footnotes":""},"class_list":["post-5458","page","type-page","status-publish","hentry"],"yoast_head":"<!-- This site is optimized with the Yoast SEO plugin v25.3.1 - https:\/\/yoast.com\/wordpress\/plugins\/seo\/ -->\n<title>Plug-in WooCommerce Airbnb Reviews para seu site (2025)<\/title>\n<meta name=\"description\" content=\"Voc\u00ea pode personalizar o plugin Airbnb Reviews no editor e inseri-lo em sua p\u00e1gina WooCommerce diretamente atrav\u00e9s da demonstra\u00e7\u00e3o.\" \/>\n<meta name=\"robots\" content=\"index, follow, max-snippet:-1, max-image-preview:large, max-video-preview:-1\" \/>\n<link rel=\"canonical\" href=\"https:\/\/elfsight.com\/pt\/airbnb-reviews-widget\/woocommerce\/\" \/>\n<meta property=\"og:locale\" content=\"pt_PT\" \/>\n<meta property=\"og:type\" content=\"article\" \/>\n<meta property=\"og:title\" content=\"Plug-in WooCommerce Airbnb Reviews para seu site (2025)\" \/>\n<meta property=\"og:description\" content=\"Voc\u00ea pode personalizar o plugin Airbnb Reviews no editor e inseri-lo em sua p\u00e1gina WooCommerce diretamente atrav\u00e9s da demonstra\u00e7\u00e3o.\" \/>\n<meta property=\"og:url\" content=\"https:\/\/elfsight.com\/pt\/airbnb-reviews-widget\/woocommerce\/\" \/>\n<meta property=\"og:site_name\" content=\"Elfsight PT\" \/>\n<meta property=\"article:modified_time\" content=\"2024-11-13T11:33:28+00:00\" \/>\n<meta name=\"twitter:card\" content=\"summary_large_image\" \/>\n<meta name=\"twitter:label1\" content=\"Tempo estimado de leitura\" \/>\n\t<meta name=\"twitter:data1\" content=\"3 minutos\" \/>\n<!-- \/ Yoast SEO plugin. -->","yoast_head_json":{"title":"Plug-in WooCommerce Airbnb Reviews para seu site (2025)","description":"Voc\u00ea pode personalizar o plugin Airbnb Reviews no editor e inseri-lo em sua p\u00e1gina WooCommerce diretamente atrav\u00e9s da demonstra\u00e7\u00e3o.","robots":{"index":"index","follow":"follow","max-snippet":"max-snippet:-1","max-image-preview":"max-image-preview:large","max-video-preview":"max-video-preview:-1"},"canonical":"https:\/\/elfsight.com\/pt\/airbnb-reviews-widget\/woocommerce\/","og_locale":"pt_PT","og_type":"article","og_title":"Plug-in WooCommerce Airbnb Reviews para seu site (2025)","og_description":"Voc\u00ea pode personalizar o plugin Airbnb Reviews no editor e inseri-lo em sua p\u00e1gina WooCommerce diretamente atrav\u00e9s da demonstra\u00e7\u00e3o.","og_url":"https:\/\/elfsight.com\/pt\/airbnb-reviews-widget\/woocommerce\/","og_site_name":"Elfsight PT","article_modified_time":"2024-11-13T11:33:28+00:00","twitter_card":"summary_large_image","twitter_misc":{"Tempo estimado de leitura":"3 minutos"},"schema":{"@context":"https:\/\/schema.org","@graph":[{"@type":"WebPage","@id":"https:\/\/elfsight.com\/pt\/airbnb-reviews-widget\/woocommerce\/","url":"https:\/\/elfsight.com\/pt\/airbnb-reviews-widget\/woocommerce\/","name":"Plug-in WooCommerce Airbnb Reviews para seu site (2025)","isPartOf":{"@id":"https:\/\/elfsight.com\/pt\/#website"},"datePublished":"2024-05-03T06:26:14+00:00","dateModified":"2024-11-13T11:33:28+00:00","description":"Voc\u00ea pode personalizar o plugin Airbnb Reviews no editor e inseri-lo em sua p\u00e1gina WooCommerce diretamente atrav\u00e9s da demonstra\u00e7\u00e3o.","breadcrumb":{"@id":"https:\/\/elfsight.com\/pt\/airbnb-reviews-widget\/woocommerce\/#breadcrumb"},"inLanguage":"pt-PT","potentialAction":[{"@type":"ReadAction","target":["https:\/\/elfsight.com\/pt\/airbnb-reviews-widget\/woocommerce\/"]}]},{"@type":"BreadcrumbList","@id":"https:\/\/elfsight.com\/pt\/airbnb-reviews-widget\/woocommerce\/#breadcrumb","itemListElement":[{"@type":"ListItem","position":1,"name":"Home","item":"https:\/\/elfsight.com\/pt\/"},{"@type":"ListItem","position":2,"name":"Airbnb Reviews","item":"https:\/\/elfsight.com\/pt\/airbnb-reviews-widget\/"},{"@type":"ListItem","position":3,"name":"Airbnb Reviews &#8211; WooCommerce"}]},{"@type":"WebSite","@id":"https:\/\/elfsight.com\/pt\/#website","url":"https:\/\/elfsight.com\/pt\/","name":"Elfsight PT","description":"Just another Elfsight Sites site","potentialAction":[{"@type":"SearchAction","target":{"@type":"EntryPoint","urlTemplate":"https:\/\/elfsight.com\/pt\/?s={search_term_string}"},"query-input":{"@type":"PropertyValueSpecification","valueRequired":true,"valueName":"search_term_string"}}],"inLanguage":"pt-PT"}]}},"meta_box":{"industry":"","seo_heading":"","heading":"","description":"","cta_heading":"","cta_description":"","application":"1330","h1":"Plug-in WooCommerce Airbnb Reviews","h1_caption":"Adicione as melhores avalia\u00e7\u00f5es de clientes do Airbnb ao seu site.","application_category":[],"applications_title":"","applications_request_title":"","applications_request_button_text":"","hero_text":"","hero_video":"","hero_video_schema_markup":"","selling_points_title":"","selling_points_caption":"","selling_points":[],"selling_points_cta_text":"","features_title":"","features":"","ed_cta_examples_text":"","ed_cta_examples_hidden":"","ed_cta_demo_text":"","ed_cta_demo_hidden":"","why_caption":"","why_editor_title":"","why_editor_text":"","why_team_title":"","why_team_text":"","why_service_title":"","why_service_text":"","template_catalog_visible":"","template_catalog_title":"","template_catalog_text":"","template_catalog_categories_visible":"","demo_title":"Crie seu aplicativo de avalia\u00e7\u00f5es do Airbnb","demo_caption":"Configure suas avalia\u00e7\u00f5es do Airbnb e adicione-as ao seu site WooCommerce gratuitamente!","default_faq_hidden":"","app_template_category":[],"platform":"4920","template_public_id":"","codecanyon_url":"","codecanyon_item_id":"","codecanyon_price":"","pricing_caption":"","pricing_elfsight_apps_hide_column":"","pricing_elfsight_apps_url":"","pricing_codecanyon_price_caption":"","integration_category":[],"integration_request_title":"","integration_request_cta":"","integration_platform":"","integrations":[],"platform_category":[],"video_schema_markup":"","price":"a partir de US$ 0\/m\u00eas","trial":"","benefits":[{"text":"Assist\u00eancia de instala\u00e7\u00e3o gratuita"},{"text":"Atendimento ao cliente competente"},{"text":"Garantia de devolu\u00e7\u00e3o do dinheiro em 14 dias"},{"text":"Desenvolvimento cont\u00ednuo"}],"button_url":"#demo","button_target_blank":"","button_nofollow":"","attributes":[{"name":"Instala\u00e7\u00f5es","content":"10,000 - 100,000"},{"name":"Responsivo","content":"Sim"},{"name":"Navegadores compat\u00edveis","content":"Firefox, Safari, Opera, Chrome, Edge"}],"tags":[],"tags_disable_links":"","hide_more_platforms":"","video_object":"","demo_hide_cta":"","demo_hide_cloud_options":"","pricing_title":"","pricing":[{"pricing_icon":"platform","pricing_title":"Elfsight Apps","pricing_title_caption":"Software multiplataforma","pricing_price":"a partir de US$ 0\/m\u00eas","pricing_price_caption":"comece com um plano gratuito","pricing_benefits":[{"text":"Sites ilimitados"},{"text":"Suporte premium para empresas"},{"text":"Suporte premium para empresas"},{"text":"Totalmente personaliz\u00e1vel"}],"pricing_button_text":"Adicionar ao site","pricing_button_url":"#demo"}],"related_apps_title":"","related_apps_hidden":"","author":"","image":[],"title":"","job":"","social_networks":[]},"_links":{"self":[{"href":"https:\/\/elfsight.com\/pt\/wp-json\/wp\/v2\/pages\/5458","targetHints":{"allow":["GET"]}}],"collection":[{"href":"https:\/\/elfsight.com\/pt\/wp-json\/wp\/v2\/pages"}],"about":[{"href":"https:\/\/elfsight.com\/pt\/wp-json\/wp\/v2\/types\/page"}],"author":[{"embeddable":true,"href":"https:\/\/elfsight.com\/pt\/wp-json\/wp\/v2\/users\/9"}],"replies":[{"embeddable":true,"href":"https:\/\/elfsight.com\/pt\/wp-json\/wp\/v2\/comments?post=5458"}],"version-history":[{"count":1,"href":"https:\/\/elfsight.com\/pt\/wp-json\/wp\/v2\/pages\/5458\/revisions"}],"predecessor-version":[{"id":5462,"href":"https:\/\/elfsight.com\/pt\/wp-json\/wp\/v2\/pages\/5458\/revisions\/5462"}],"up":[{"embeddable":true,"href":"https:\/\/elfsight.com\/pt\/wp-json\/wp\/v2\/pages\/1331"}],"wp:attachment":[{"href":"https:\/\/elfsight.com\/pt\/wp-json\/wp\/v2\/media?parent=5458"}],"curies":[{"name":"wp","href":"https:\/\/api.w.org\/{rel}","templated":true}]}}