{"id":5456,"date":"2024-05-03T06:26:12","date_gmt":"2024-05-03T06:26:12","guid":{"rendered":"https:\/\/elfsight.com\/pt\/?page_id=5456"},"modified":"2025-02-27T11:38:18","modified_gmt":"2025-02-27T11:38:18","slug":"google-sites","status":"publish","type":"page","link":"https:\/\/elfsight.com\/pt\/airbnb-reviews-widget\/google-sites\/","title":{"rendered":"Airbnb Reviews &#8211; Google Sites"},"content":{"rendered":"\n<div class=\"application-platform-content-item-description application-platform-content-item\" id=\"description\" data-nav-section=\"description\"> <h2>Incorpore avalia\u00e7\u00f5es do Airbnb no Google Sites com o widget Elfsight<\/h2> <p>Se voc\u00ea deseja revelar sua alta avalia\u00e7\u00e3o pelos usu\u00e1rios e convencer visitantes do site que vale a pena comprar seus produtos ou servi\u00e7os, o widget Elfsight Airbnb Reviews para Google Sites combina perfeitamente com voc\u00ea. Com a ajuda deste widget, voc\u00ea pode demonstrar avalia\u00e7\u00f5es de clientes em seu site com informa\u00e7\u00f5es sobre seus autores, usar filtros para mostrar apenas os melhores, mostrar avalia\u00e7\u00f5es e um bot\u00e3o ativo que levar\u00e1 as pessoas \u00e0 sua conta, onde poder\u00e3o adicionar uma nova avalia\u00e7\u00e3o .<\/p> <p><b>Integre as avalia\u00e7\u00f5es do Airbnb para enfrentar seus desafios de neg\u00f3cios com mais efici\u00eancia!<\/b><\/p> <\/div> <div class=\"application-platform-content-item-features application-platform-content-item\" id=\"features\" data-nav-section=\"features\"> <h2>O widget possui recursos poderosos e recursos descomplicados, aqui est\u00e3o alguns deles: <\/h2> <ul> <li>3 filtros prontos para uso: por tipo, exclus\u00e3o por e quantidade de avalia\u00e7\u00f5es para exibi\u00e7\u00e3o; <\/li> <li>O bot\u00e3o para solicitar uma avalia\u00e7\u00e3o leva as pessoas \u00e0 p\u00e1gina do Airbnb; <\/li> <li>Seis elementos personaliz\u00e1veis \u200b\u200bda interface: nome do autor e foto, recomenda\u00e7\u00e3o, data da postagem, \u00edcone do Airbnb e classifica\u00e7\u00e3o por estrelas; <\/li> <\/ul><p><a href=\"#demo\">Teste todas as op\u00e7\u00f5es de personaliza\u00e7\u00e3o em uma demonstra\u00e7\u00e3o 100% funcional<\/a><\/p> <\/div> <div class=\"application-platform-content-item-installation application-platform-content-item\" id=\"installation\" data-nav-section=\"installation\"> <h2>Como adiciono Avalia\u00e7\u00f5es do Airbnb em meus Google Sites?<\/h2><div class=\"video-container\"><iframe width=\"720\" height=\"405\" src=\"https:\/\/www.youtube.com\/embed\/Pksiqjy5qY4\" frameborder=\"0\" allowfullscreen=\"\"><\/iframe><\/div> <p>Basta seguir as orienta\u00e7\u00f5es abaixo para come\u00e7ar a trabalhar com o widget.<\/p> <ol><li> <b>Gerencie nosso configurador gratuito e comece a criar seu pr\u00f3prio plugin. <\/b><br> Encontre a interface e os recursos adequados do plugin e aplique as modifica\u00e7\u00f5es. <\/li> <li><b>Adquira o seu c\u00f3digo exclusivo que \u00e9 mostrado na janela dos aplicativos Elfsight. <\/b><br> Logo ap\u00f3s a conclus\u00e3o da configura\u00e7\u00e3o da sua ferramenta pessoal, copie o c\u00f3digo pessoal na caixa exibida e salve-o para uso posterior. <\/li> <li><b>Comece a usar a ferramenta no seu site do Google Sites. <\/b><br> Digite o c\u00f3digo que voc\u00ea copiou recentemente em sua p\u00e1gina e salve as corre\u00e7\u00f5es. <\/li> <li><b>A instala\u00e7\u00e3o foi realizada com sucesso. <\/b><br> Acesse seu site para examinar como a ferramenta est\u00e1 funcionando. <\/li><\/ol> <div class=\"tip-yellow tip\"><b>Devido \u00e0s peculiaridades do funcionamento do Google Sites, o widget pode ter uma apar\u00eancia diferente da demonstra\u00e7\u00e3o on-line. Pedimos desculpas por qualquer inconveniente causado.<\/b><\/div><p>Caso tenha d\u00favidas ou enfrente alguma dificuldade, entre em contato com nossa equipe de atendimento ao cliente. Nosso pessoal deseja resolver todas as dificuldades que voc\u00ea possa ter com o plugin. <\/p> <div class=\"faq\" data-component=\"FAQ\"> <div class=\"faq-item\">\r\n\t\t\t\t\t<div class=\"faq-item-question\">\r\n\t\t\t\t\t\t<h3 class=\"faq-item-question-text\">Como posso adicionar coment\u00e1rios do Airbnb ao meu site do Google Sites sem conhecimentos de codifica\u00e7\u00e3o?<\/h3>\r\n\r\n\t\t\t\t\t\t<div class=\"faq-item-question-icon\"><\/div>\r\n\t\t\t\t\t<\/div>\r\n\r\n\t\t\t\t\t<div class=\"faq-item-answer\">\r\n\t\t\t\t\t\t<div class=\"faq-item-answer-text\"> <p>A Elfsight fornece uma solu\u00e7\u00e3o SaaS que permite que voc\u00ea mesmo crie um widget de coment\u00e1rios do Airbnb. Veja como \u00e9 f\u00e1cil o processo \u00e9: Trabalhe diretamente no Editor on-line para criar um widget de Avalia\u00e7\u00f5es do Airbnb que voc\u00ea gostaria de ver em seu site do Google Sites. Escolha um dos modelos predefinidos e ajuste as configura\u00e7\u00f5es de Avalia\u00e7\u00f5es do Airbnb, adicione seu conte\u00fado, altere o layout e as cores sem nenhuma habilidade de codifica\u00e7\u00e3o. Salve os coment\u00e1rios do Airbnb e copie seu c\u00f3digo de instala\u00e7\u00e3o, que voc\u00ea pode incorporar facilmente ao seu site do Google Sites sem comprar uma assinatura paga. Com nosso editor intuitivo, qualquer usu\u00e1rio da Internet pode criar um widget de avalia\u00e7\u00f5es do Airbnb on-line e incorpor\u00e1-lo facilmente ao site do Google Sites. N\u00e3o h\u00e1 necessidade de pagar ou inserir as credenciais do seu cart\u00e3o para acessar o servi\u00e7o. Se voc\u00ea enfrentar qualquer problema em qualquer etapa, n\u00e3o hesite em entrar em contato com nossa equipe de suporte t\u00e9cnico.<\/p> <\/div>\r\n\t\t\t\t\t<\/div>\r\n\t\t\t\t<\/div> <\/div> <\/div>\n","protected":false},"excerpt":{"rendered":"","protected":false},"author":9,"featured_media":0,"parent":1331,"menu_order":0,"comment_status":"closed","ping_status":"closed","template":"templates\/template-application-platform.php","meta":{"publish_to_discourse":"","publish_post_category":"","wpdc_auto_publish_overridden":"","wpdc_topic_tags":"","wpdc_pin_topic":"","wpdc_pin_until":"","discourse_post_id":"","discourse_permalink":"","wpdc_publishing_response":"","wpdc_publishing_error":"","footnotes":""},"class_list":["post-5456","page","type-page","status-publish","hentry"],"yoast_head":"<!-- This site is optimized with the Yoast SEO plugin v25.3.1 - https:\/\/yoast.com\/wordpress\/plugins\/seo\/ -->\n<title>Avalia\u00e7\u00f5es do Airbnb - Adicionar widget de avalia\u00e7\u00f5es ao Google Sites (2025)<\/title>\n<meta name=\"description\" content=\"Incorpore um widget responsivo de Avalia\u00e7\u00f5es do Airbnb em seus Google Sites e ganhe total confian\u00e7a. Utilize a demonstra\u00e7\u00e3o f\u00e1cil de usar da Elfsight para formar seu recurso personalizado.\" \/>\n<meta name=\"robots\" content=\"index, follow, max-snippet:-1, max-image-preview:large, max-video-preview:-1\" \/>\n<link rel=\"canonical\" href=\"https:\/\/elfsight.com\/pt\/airbnb-reviews-widget\/google-sites\/\" \/>\n<meta property=\"og:locale\" content=\"pt_PT\" \/>\n<meta property=\"og:type\" content=\"article\" \/>\n<meta property=\"og:title\" content=\"Avalia\u00e7\u00f5es do Airbnb - Adicionar widget de avalia\u00e7\u00f5es ao Google Sites (2025)\" \/>\n<meta property=\"og:description\" content=\"Incorpore um widget responsivo de Avalia\u00e7\u00f5es do Airbnb em seus Google Sites e ganhe total confian\u00e7a. Utilize a demonstra\u00e7\u00e3o f\u00e1cil de usar da Elfsight para formar seu recurso personalizado.\" \/>\n<meta property=\"og:url\" content=\"https:\/\/elfsight.com\/pt\/airbnb-reviews-widget\/google-sites\/\" \/>\n<meta property=\"og:site_name\" content=\"Elfsight PT\" \/>\n<meta property=\"article:modified_time\" content=\"2025-02-27T11:38:18+00:00\" \/>\n<meta name=\"twitter:card\" content=\"summary_large_image\" \/>\n<meta name=\"twitter:label1\" content=\"Tempo estimado de leitura\" \/>\n\t<meta name=\"twitter:data1\" content=\"4 minutos\" \/>\n<!-- \/ Yoast SEO plugin. -->","yoast_head_json":{"title":"Avalia\u00e7\u00f5es do Airbnb - Adicionar widget de avalia\u00e7\u00f5es ao Google Sites (2025)","description":"Incorpore um widget responsivo de Avalia\u00e7\u00f5es do Airbnb em seus Google Sites e ganhe total confian\u00e7a. Utilize a demonstra\u00e7\u00e3o f\u00e1cil de usar da Elfsight para formar seu recurso personalizado.","robots":{"index":"index","follow":"follow","max-snippet":"max-snippet:-1","max-image-preview":"max-image-preview:large","max-video-preview":"max-video-preview:-1"},"canonical":"https:\/\/elfsight.com\/pt\/airbnb-reviews-widget\/google-sites\/","og_locale":"pt_PT","og_type":"article","og_title":"Avalia\u00e7\u00f5es do Airbnb - Adicionar widget de avalia\u00e7\u00f5es ao Google Sites (2025)","og_description":"Incorpore um widget responsivo de Avalia\u00e7\u00f5es do Airbnb em seus Google Sites e ganhe total confian\u00e7a. Utilize a demonstra\u00e7\u00e3o f\u00e1cil de usar da Elfsight para formar seu recurso personalizado.","og_url":"https:\/\/elfsight.com\/pt\/airbnb-reviews-widget\/google-sites\/","og_site_name":"Elfsight PT","article_modified_time":"2025-02-27T11:38:18+00:00","twitter_card":"summary_large_image","twitter_misc":{"Tempo estimado de leitura":"4 minutos"},"schema":{"@context":"https:\/\/schema.org","@graph":[{"@type":"WebPage","@id":"https:\/\/elfsight.com\/pt\/airbnb-reviews-widget\/google-sites\/","url":"https:\/\/elfsight.com\/pt\/airbnb-reviews-widget\/google-sites\/","name":"Avalia\u00e7\u00f5es do Airbnb - Adicionar widget de avalia\u00e7\u00f5es ao Google Sites (2025)","isPartOf":{"@id":"https:\/\/elfsight.com\/pt\/#website"},"datePublished":"2024-05-03T06:26:12+00:00","dateModified":"2025-02-27T11:38:18+00:00","description":"Incorpore um widget responsivo de Avalia\u00e7\u00f5es do Airbnb em seus Google Sites e ganhe total confian\u00e7a. Utilize a demonstra\u00e7\u00e3o f\u00e1cil de usar da Elfsight para formar seu recurso personalizado.","breadcrumb":{"@id":"https:\/\/elfsight.com\/pt\/airbnb-reviews-widget\/google-sites\/#breadcrumb"},"inLanguage":"pt-PT","potentialAction":[{"@type":"ReadAction","target":["https:\/\/elfsight.com\/pt\/airbnb-reviews-widget\/google-sites\/"]}]},{"@type":"BreadcrumbList","@id":"https:\/\/elfsight.com\/pt\/airbnb-reviews-widget\/google-sites\/#breadcrumb","itemListElement":[{"@type":"ListItem","position":1,"name":"Home","item":"https:\/\/elfsight.com\/pt\/"},{"@type":"ListItem","position":2,"name":"Airbnb Reviews","item":"https:\/\/elfsight.com\/pt\/airbnb-reviews-widget\/"},{"@type":"ListItem","position":3,"name":"Airbnb Reviews &#8211; Google Sites"}]},{"@type":"WebSite","@id":"https:\/\/elfsight.com\/pt\/#website","url":"https:\/\/elfsight.com\/pt\/","name":"Elfsight PT","description":"Just another Elfsight Sites site","potentialAction":[{"@type":"SearchAction","target":{"@type":"EntryPoint","urlTemplate":"https:\/\/elfsight.com\/pt\/?s={search_term_string}"},"query-input":{"@type":"PropertyValueSpecification","valueRequired":true,"valueName":"search_term_string"}}],"inLanguage":"pt-PT"}]}},"meta_box":{"industry":"","seo_heading":"","heading":"","description":"","cta_heading":"","cta_description":"","application":"1330","h1":"Widget de avalia\u00e7\u00f5es do Airbnb no Google Sites","h1_caption":"Adicione as melhores avalia\u00e7\u00f5es de clientes do Airbnb ao seu site","application_category":[],"applications_title":"","applications_request_title":"","applications_request_button_text":"","hero_text":"","hero_video":"","hero_video_schema_markup":"","selling_points_title":"","selling_points_caption":"","selling_points":[],"selling_points_cta_text":"","features_title":"","features":"","ed_cta_examples_text":"","ed_cta_examples_hidden":"","ed_cta_demo_text":"","ed_cta_demo_hidden":"","why_caption":"","why_editor_title":"","why_editor_text":"","why_team_title":"","why_team_text":"","why_service_title":"","why_service_text":"","template_catalog_visible":"0","template_catalog_title":"","template_catalog_text":"","template_catalog_categories_visible":"","demo_title":"Crie seu widget de avalia\u00e7\u00f5es do Airbnb","demo_caption":"Configure suas Avalia\u00e7\u00f5es do Airbnb e adicione-as ao seu site do Google Sites gratuitamente!","default_faq_hidden":"","app_template_category":[],"platform":"112","template_public_id":"","codecanyon_url":"","codecanyon_item_id":"","codecanyon_price":"","pricing_caption":"","pricing_elfsight_apps_hide_column":"","pricing_elfsight_apps_url":"","pricing_codecanyon_price_caption":"","integration_category":[],"integration_request_title":"","integration_request_cta":"","integration_platform":"","integrations":[],"platform_category":[],"video_schema_markup":"","price":"a partir de US$ 0\/m\u00eas","trial":"","benefits":[{"text":"Servi\u00e7o de instala\u00e7\u00e3o gratuito"},{"text":"Atendimento ao cliente competente"},{"text":"Garantia de reembolso de 14 dias"},{"text":"Atualiza\u00e7\u00f5es gratuitas cont\u00ednuas"}],"button_url":"#demo","button_target_blank":"0","button_nofollow":"0","attributes":[{"name":"Instala\u00e7\u00f5es","content":"10,000 - 100,000"},{"name":"Responsivo","content":"Design adaptativo"},{"name":"Navegadores compat\u00edveis","content":"Chrome, Safari, Opera, Edge, Firefox"}],"tags":[],"tags_disable_links":"0","hide_more_platforms":"0","video_object":"","demo_hide_cta":"0","demo_hide_cloud_options":"0","pricing_title":"","pricing":[{"pricing_icon":"platform","pricing_title":"Elfsight Apps","pricing_title_caption":"Vers\u00e3o multiplataforma que funciona em qualquer site","pricing_price":"a partir de US$ 0\/m\u00eas","pricing_price_caption":"comece com plano gratuito","pricing_benefits":[{"text":"Sites ilimitados"},{"text":"Suporte dedicado e pontual"},{"text":"Suporte dedicado e pontual"},{"text":"Oferta especial para v\u00e1rios aplicativos"}],"pricing_button_text":"Adicionar ao site","pricing_button_url":"#demo"}],"related_apps_title":"","related_apps_hidden":"0","author":"","image":[],"title":"","job":"","social_networks":[]},"_links":{"self":[{"href":"https:\/\/elfsight.com\/pt\/wp-json\/wp\/v2\/pages\/5456","targetHints":{"allow":["GET"]}}],"collection":[{"href":"https:\/\/elfsight.com\/pt\/wp-json\/wp\/v2\/pages"}],"about":[{"href":"https:\/\/elfsight.com\/pt\/wp-json\/wp\/v2\/types\/page"}],"author":[{"embeddable":true,"href":"https:\/\/elfsight.com\/pt\/wp-json\/wp\/v2\/users\/9"}],"replies":[{"embeddable":true,"href":"https:\/\/elfsight.com\/pt\/wp-json\/wp\/v2\/comments?post=5456"}],"version-history":[{"count":3,"href":"https:\/\/elfsight.com\/pt\/wp-json\/wp\/v2\/pages\/5456\/revisions"}],"predecessor-version":[{"id":14057,"href":"https:\/\/elfsight.com\/pt\/wp-json\/wp\/v2\/pages\/5456\/revisions\/14057"}],"up":[{"embeddable":true,"href":"https:\/\/elfsight.com\/pt\/wp-json\/wp\/v2\/pages\/1331"}],"wp:attachment":[{"href":"https:\/\/elfsight.com\/pt\/wp-json\/wp\/v2\/media?parent=5456"}],"curies":[{"name":"wp","href":"https:\/\/api.w.org\/{rel}","templated":true}]}}