{"id":5450,"date":"2024-05-03T06:26:10","date_gmt":"2024-05-03T06:26:10","guid":{"rendered":"https:\/\/elfsight.com\/pt\/?page_id=5450"},"modified":"2024-11-12T15:31:37","modified_gmt":"2024-11-12T15:31:37","slug":"prestashop","status":"publish","type":"page","link":"https:\/\/elfsight.com\/pt\/airbnb-reviews-widget\/prestashop\/","title":{"rendered":"Airbnb Reviews &#8211; PrestaShop"},"content":{"rendered":"<div class=\"application-platform-content-item-description application-platform-content-item\" id=\"description\" data-nav-section=\"description\"> <h2>Descri\u00e7\u00e3o<\/h2> <p>Avalia\u00e7\u00f5es do Airbnb s\u00e3o um instrumento \u00fatil que oferece a possibilidade de exibir avalia\u00e7\u00f5es sobre seu estoque diretamente em seu site de todos os sites populares de avalia\u00e7\u00e3o de neg\u00f3cios. Aplicando nosso plugin, voc\u00ea conseguir\u00e1 usar filtros para ocultar depoimentos indesejados, exibir sua classifica\u00e7\u00e3o por estrelas e quantidade diretamente de sua conta em qualquer site de avalia\u00e7\u00f5es de neg\u00f3cios, adicionar dados sobre os criadores das avalia\u00e7\u00f5es e adicionar um CTA que motivar\u00e1 os usu\u00e1rios a postar seus pensamentos. O plugin Airbnb Reviews ir\u00e1 encoraj\u00e1-lo a mostrar sua maravilhosa prova social diretamente na p\u00e1gina da web e come\u00e7ar a fazer mais novas compras. <\/p><\/div> <div class=\"application-platform-content-item-features application-platform-content-item\" id=\"features\" data-nav-section=\"features\"> <h2>Recursos<\/h2> <p>Para obter um conhecimento completo do widget, examine a lista de caracter\u00edsticas principais. Eles tornam este widget incrivelmente ben\u00e9fico para sua promo\u00e7\u00e3o: <\/p> <ul><li>Integrar coment\u00e1rios de clientes do Airbnb Places<\/li><li>Tr\u00eas tipos de filtros: por tipo, excluir por e quantidade de coment\u00e1rios<\/li><li>Quatro tipos de layout: Alvenaria, Lista, Grade e Controle deslizante<\/li><li>Tipos de navega\u00e7\u00e3o de setas e arrastamentos no layout do controle deslizante<\/li><li>Definir a velocidade do slide e a velocidade de reprodu\u00e7\u00e3o autom\u00e1tica<\/li><li>Selecione o tipo de pagina\u00e7\u00e3o no layout do controle deslizante<\/li><li>Bot\u00e3o de call to action para obter avalia\u00e7\u00f5es de novos usu\u00e1rios na p\u00e1gina do Airbnb<\/li><li>Tr\u00eas modelos de avalia\u00e7\u00e3o: Bubble, Classic, Spotlight<\/li><li>Seis elementos flex\u00edveis dos coment\u00e1rios: \u00edcone e foto do Airbnb, data, recomenda\u00e7\u00e3o, nome do autor e classifica\u00e7\u00e3o por estrelas<\/li><li>Uma op\u00e7\u00e3o para alterar o tamanho da fonte do texto do coment\u00e1rio<\/li><\/ul><p><a href=\"#demo\">Confira mais recursos em nossa demonstra\u00e7\u00e3o<\/a><\/p> <\/div> <div class=\"application-platform-content-item-installation application-platform-content-item\" id=\"installation\" data-nav-section=\"installation\"> <h2>Como adiciono o Airbnb ao meu site PrestaShop? <\/h2> <p>Basta seguir os seguintes passos descritos abaixo para integrar o complemento. <\/p> <ol><li><b>Utilize nossa demonstra\u00e7\u00e3o gratuita e comece a criar seu complemento personalizado. <\/b><br> Determine a forma e os aspectos adequados da ferramenta e aplique as modifica\u00e7\u00f5es. <\/li> <li><b>Obtenha o seu c\u00f3digo pessoal que aparece na caixa nas aplica\u00e7\u00f5es Elfsight. <\/b><br> Assim que terminar a cria\u00e7\u00e3o da sua ferramenta pessoal, copie o c\u00f3digo pessoal da caixa exibida e salve-o para uso futuro. <\/li> <li><b>Inicie o uso do widget na sua p\u00e1gina inicial do PrestaShop. <\/b><br> Cole o c\u00f3digo copiado recentemente em seu site e salve as corre\u00e7\u00f5es. <\/li> <li><b>Pronto! A configura\u00e7\u00e3o foi finalizada com sucesso. <\/b><br> Visite sua p\u00e1gina para verificar o funcionamento do plugin. <\/li><\/ol> <p>Caso tenha d\u00favidas ou se depare com alguns obst\u00e1culos, n\u00e3o hesite em procurar assist\u00eancia da nossa equipe de atendimento ao cliente. Nossos consultores ficar\u00e3o entusiasmados em resolver todos os problemas que voc\u00ea possa ter com o plugin. <\/p> <div class=\"faq\" data-component=\"FAQ\"> <div class=\"faq-item\">\r\n\t\t\t\t\t<div class=\"faq-item-question\">\r\n\t\t\t\t\t\t<h3 class=\"faq-item-question-text\">Como adicionar avalia\u00e7\u00f5es do Airbnb ao meu site PrestaShop sem habilidades de codifica\u00e7\u00e3o?<\/h3>\r\n\r\n\t\t\t\t\t\t<div class=\"faq-item-question-icon\"><\/div>\r\n\t\t\t\t\t<\/div>\r\n\r\n\t\t\t\t\t<div class=\"faq-item-answer\">\r\n\t\t\t\t\t\t<div class=\"faq-item-answer-text\"> <p>A Elfsight fornece uma solu\u00e7\u00e3o SaaS que permite que voc\u00ea mesmo crie um widget de avalia\u00e7\u00f5es do Airbnb. Veja como \u00e9 f\u00e1cil o processo \u00e9: Trabalhe diretamente no Editor on-line para criar um widget de Avalia\u00e7\u00f5es do Airbnb que voc\u00ea gostaria de ver no seu site PrestaShop. Escolha um dos modelos predefinidos e ajuste as configura\u00e7\u00f5es de Avalia\u00e7\u00f5es do Airbnb, adicione seu conte\u00fado, altere o layout e o esquema de cores sem nenhuma habilidade de codifica\u00e7\u00e3o. Salve os coment\u00e1rios do Airbnb e copie seu c\u00f3digo de instala\u00e7\u00e3o, que voc\u00ea pode incorporar facilmente no seu site PrestaShop, sem a necessidade de comprar uma assinatura paga. Com nosso editor intuitivo, qualquer usu\u00e1rio da Internet pode criar um widget de avalia\u00e7\u00f5es do Airbnb on-line e incorpor\u00e1-lo facilmente ao seu site PrestaShop. N\u00e3o h\u00e1 necessidade de pagar ou inserir as credenciais do seu cart\u00e3o para acessar o servi\u00e7o. Se voc\u00ea enfrentar qualquer problema em qualquer etapa, n\u00e3o hesite em entrar em contato com nossa equipe de suporte t\u00e9cnico.<\/p> <\/div>\r\n\t\t\t\t\t<\/div>\r\n\t\t\t\t<\/div> <\/div> <\/div>","protected":false},"excerpt":{"rendered":"","protected":false},"author":9,"featured_media":0,"parent":1331,"menu_order":0,"comment_status":"closed","ping_status":"closed","template":"templates\/template-application-platform.php","meta":{"publish_to_discourse":"","publish_post_category":"","wpdc_auto_publish_overridden":"","wpdc_topic_tags":"","wpdc_pin_topic":"","wpdc_pin_until":"","discourse_post_id":"","discourse_permalink":"","wpdc_publishing_response":"","wpdc_publishing_error":"","footnotes":""},"class_list":["post-5450","page","type-page","status-publish","hentry"],"yoast_head":"<!-- This site is optimized with the Yoast SEO plugin v25.3.1 - https:\/\/yoast.com\/wordpress\/plugins\/seo\/ -->\n<title>Incorpore avalia\u00e7\u00f5es do Airbnb no seu site PrestaShop (em 2 minutos)<\/title>\n<meta name=\"description\" content=\"\u00c9 f\u00e1cil criar seu complemento Airbnb Reviews e coloc\u00e1-lo em seu site PrestaShop. O suporte ao cliente da Elfsight \u00e9 gratuito.\" \/>\n<meta name=\"robots\" content=\"index, follow, max-snippet:-1, max-image-preview:large, max-video-preview:-1\" \/>\n<link rel=\"canonical\" href=\"https:\/\/elfsight.com\/pt\/airbnb-reviews-widget\/prestashop\/\" \/>\n<meta property=\"og:locale\" content=\"pt_PT\" \/>\n<meta property=\"og:type\" content=\"article\" \/>\n<meta property=\"og:title\" content=\"Incorpore avalia\u00e7\u00f5es do Airbnb no seu site PrestaShop (em 2 minutos)\" \/>\n<meta property=\"og:description\" content=\"\u00c9 f\u00e1cil criar seu complemento Airbnb Reviews e coloc\u00e1-lo em seu site PrestaShop. O suporte ao cliente da Elfsight \u00e9 gratuito.\" \/>\n<meta property=\"og:url\" content=\"https:\/\/elfsight.com\/pt\/airbnb-reviews-widget\/prestashop\/\" \/>\n<meta property=\"og:site_name\" content=\"Elfsight PT\" \/>\n<meta property=\"article:modified_time\" content=\"2024-11-12T15:31:37+00:00\" \/>\n<meta name=\"twitter:card\" content=\"summary_large_image\" \/>\n<meta name=\"twitter:label1\" content=\"Tempo estimado de leitura\" \/>\n\t<meta name=\"twitter:data1\" content=\"3 minutos\" \/>\n<!-- \/ Yoast SEO plugin. -->","yoast_head_json":{"title":"Incorpore avalia\u00e7\u00f5es do Airbnb no seu site PrestaShop (em 2 minutos)","description":"\u00c9 f\u00e1cil criar seu complemento Airbnb Reviews e coloc\u00e1-lo em seu site PrestaShop. O suporte ao cliente da Elfsight \u00e9 gratuito.","robots":{"index":"index","follow":"follow","max-snippet":"max-snippet:-1","max-image-preview":"max-image-preview:large","max-video-preview":"max-video-preview:-1"},"canonical":"https:\/\/elfsight.com\/pt\/airbnb-reviews-widget\/prestashop\/","og_locale":"pt_PT","og_type":"article","og_title":"Incorpore avalia\u00e7\u00f5es do Airbnb no seu site PrestaShop (em 2 minutos)","og_description":"\u00c9 f\u00e1cil criar seu complemento Airbnb Reviews e coloc\u00e1-lo em seu site PrestaShop. O suporte ao cliente da Elfsight \u00e9 gratuito.","og_url":"https:\/\/elfsight.com\/pt\/airbnb-reviews-widget\/prestashop\/","og_site_name":"Elfsight PT","article_modified_time":"2024-11-12T15:31:37+00:00","twitter_card":"summary_large_image","twitter_misc":{"Tempo estimado de leitura":"3 minutos"},"schema":{"@context":"https:\/\/schema.org","@graph":[{"@type":"WebPage","@id":"https:\/\/elfsight.com\/pt\/airbnb-reviews-widget\/prestashop\/","url":"https:\/\/elfsight.com\/pt\/airbnb-reviews-widget\/prestashop\/","name":"Incorpore avalia\u00e7\u00f5es do Airbnb no seu site PrestaShop (em 2 minutos)","isPartOf":{"@id":"https:\/\/elfsight.com\/pt\/#website"},"datePublished":"2024-05-03T06:26:10+00:00","dateModified":"2024-11-12T15:31:37+00:00","description":"\u00c9 f\u00e1cil criar seu complemento Airbnb Reviews e coloc\u00e1-lo em seu site PrestaShop. O suporte ao cliente da Elfsight \u00e9 gratuito.","breadcrumb":{"@id":"https:\/\/elfsight.com\/pt\/airbnb-reviews-widget\/prestashop\/#breadcrumb"},"inLanguage":"pt-PT","potentialAction":[{"@type":"ReadAction","target":["https:\/\/elfsight.com\/pt\/airbnb-reviews-widget\/prestashop\/"]}]},{"@type":"BreadcrumbList","@id":"https:\/\/elfsight.com\/pt\/airbnb-reviews-widget\/prestashop\/#breadcrumb","itemListElement":[{"@type":"ListItem","position":1,"name":"Home","item":"https:\/\/elfsight.com\/pt\/"},{"@type":"ListItem","position":2,"name":"Airbnb Reviews","item":"https:\/\/elfsight.com\/pt\/airbnb-reviews-widget\/"},{"@type":"ListItem","position":3,"name":"Airbnb Reviews &#8211; PrestaShop"}]},{"@type":"WebSite","@id":"https:\/\/elfsight.com\/pt\/#website","url":"https:\/\/elfsight.com\/pt\/","name":"Elfsight PT","description":"Just another Elfsight Sites site","potentialAction":[{"@type":"SearchAction","target":{"@type":"EntryPoint","urlTemplate":"https:\/\/elfsight.com\/pt\/?s={search_term_string}"},"query-input":{"@type":"PropertyValueSpecification","valueRequired":true,"valueName":"search_term_string"}}],"inLanguage":"pt-PT"}]}},"meta_box":{"industry":"","seo_heading":"","heading":"","description":"","cta_heading":"","cta_description":"","application":"1330","h1":"Avalia\u00e7\u00f5es do Airbnb na PrestaShop","h1_caption":"Publique as melhores avalia\u00e7\u00f5es de clientes do Airbnb em seu site","application_category":[],"applications_title":"","applications_request_title":"","applications_request_button_text":"","hero_text":"","hero_video":"","hero_video_schema_markup":"","selling_points_title":"","selling_points_caption":"","selling_points":[],"selling_points_cta_text":"","features_title":"","features":"","ed_cta_examples_text":"","ed_cta_examples_hidden":"","ed_cta_demo_text":"","ed_cta_demo_hidden":"","why_caption":"","why_editor_title":"","why_editor_text":"","why_team_title":"","why_team_text":"","why_service_title":"","why_service_text":"","template_catalog_visible":"","template_catalog_title":"","template_catalog_text":"","template_catalog_categories_visible":"","demo_title":"Crie seu complemento de avalia\u00e7\u00f5es do Airbnb","demo_caption":"Configure suas avalia\u00e7\u00f5es do Airbnb e adicione-as ao seu site PrestaShop gratuitamente!","default_faq_hidden":"","app_template_category":[],"platform":"5343","template_public_id":"","codecanyon_url":"","codecanyon_item_id":"","codecanyon_price":"","pricing_caption":"","pricing_elfsight_apps_hide_column":"","pricing_elfsight_apps_url":"","pricing_codecanyon_price_caption":"","integration_category":[],"integration_request_title":"","integration_request_cta":"","integration_platform":"","integrations":[],"platform_category":[],"video_schema_markup":"","price":"a partir de US$ 0\/m\u00eas","trial":"","benefits":[{"text":"Assist\u00eancia de instala\u00e7\u00e3o gratuita"},{"text":"Atendimento ao cliente eficaz"},{"text":"Garantia de reembolso de 14 dias"},{"text":"Desenvolvimento cont\u00ednuo"}],"button_url":"#demo","button_target_blank":"","button_nofollow":"","attributes":[{"name":"Instala\u00e7\u00f5es","content":"10,000 - 100,000"},{"name":"Responsivo","content":"Sim"},{"name":"Navegadores compat\u00edveis","content":"Firefox, Safari, Opera, Chrome, Edge"}],"tags":[],"tags_disable_links":"","hide_more_platforms":"","video_object":"","demo_hide_cta":"","demo_hide_cloud_options":"","pricing_title":"","pricing":[{"pricing_icon":"platform","pricing_title":"Elfsight Apps","pricing_title_caption":"Software multiplataforma que funciona em qualquer site","pricing_price":"a partir de US$ 0\/m\u00eas","pricing_price_caption":"comece com um plano gratuito","pricing_benefits":[{"text":"Dom\u00ednios ilimitados"},{"text":"Suporte dedicado ao cliente"},{"text":"Suporte dedicado ao cliente"},{"text":"100% personaliz\u00e1vel"}],"pricing_button_text":"Adicionar ao site","pricing_button_url":"#demo"}],"related_apps_title":"","related_apps_hidden":"","author":"","image":[],"title":"","job":"","social_networks":[]},"_links":{"self":[{"href":"https:\/\/elfsight.com\/pt\/wp-json\/wp\/v2\/pages\/5450","targetHints":{"allow":["GET"]}}],"collection":[{"href":"https:\/\/elfsight.com\/pt\/wp-json\/wp\/v2\/pages"}],"about":[{"href":"https:\/\/elfsight.com\/pt\/wp-json\/wp\/v2\/types\/page"}],"author":[{"embeddable":true,"href":"https:\/\/elfsight.com\/pt\/wp-json\/wp\/v2\/users\/9"}],"replies":[{"embeddable":true,"href":"https:\/\/elfsight.com\/pt\/wp-json\/wp\/v2\/comments?post=5450"}],"version-history":[{"count":1,"href":"https:\/\/elfsight.com\/pt\/wp-json\/wp\/v2\/pages\/5450\/revisions"}],"predecessor-version":[{"id":5454,"href":"https:\/\/elfsight.com\/pt\/wp-json\/wp\/v2\/pages\/5450\/revisions\/5454"}],"up":[{"embeddable":true,"href":"https:\/\/elfsight.com\/pt\/wp-json\/wp\/v2\/pages\/1331"}],"wp:attachment":[{"href":"https:\/\/elfsight.com\/pt\/wp-json\/wp\/v2\/media?parent=5450"}],"curies":[{"name":"wp","href":"https:\/\/api.w.org\/{rel}","templated":true}]}}