{"id":5400,"date":"2024-05-03T06:25:44","date_gmt":"2024-05-03T06:25:44","guid":{"rendered":"https:\/\/elfsight.com\/pt\/?page_id=5400"},"modified":"2024-11-12T15:31:37","modified_gmt":"2024-11-12T15:31:37","slug":"prestashop","status":"publish","type":"page","link":"https:\/\/elfsight.com\/pt\/age-verification-widget\/prestashop\/","title":{"rendered":"Age Verification &#8211; PrestaShop"},"content":{"rendered":"<div class=\"application-platform-content-item-description application-platform-content-item\" id=\"description\" data-nav-section=\"description\"> <h2>Descri\u00e7\u00e3o<\/h2> <p>Nosso widget se tornar\u00e1 a ferramenta mais r\u00e1pida para obter um pop-up imediato que pergunta a idade de um usu\u00e1rio. Nosso widget disponibilizar\u00e1 seu material com restri\u00e7\u00e3o de idade para usu\u00e1rios maiores de idade e o ocultar\u00e1 para a categoria de menores de idade. Voc\u00ea pode selecionar um limite de idade necess\u00e1rio, especificar o m\u00e9todo de verifica\u00e7\u00e3o, introduzir a janela em cada uma ou apenas em p\u00e1ginas espec\u00edficas e escolher a a\u00e7\u00e3o. O visual tamb\u00e9m est\u00e1 sob seu controle, com elementos pint\u00e1veis \u200b\u200be o recurso de upload de imagens personalizadas. <\/p> <p><b>Inicie a verifica\u00e7\u00e3o de idade para atingir suas metas de com\u00e9rcio eletr\u00f4nico com mais facilidade! <\/b><\/p> <\/div> <div class=\"application-platform-content-item-features application-platform-content-item\" id=\"features\" data-nav-section=\"features\"> <h2>O widget inclui recursos pr\u00e1ticos e r\u00e1pidos, veja alguns deles: <\/h2> <ul><li>Selecione um dos tr\u00eas tipos de verifica\u00e7\u00e3o: solicita\u00e7\u00e3o de data de nascimento, apenas o ano de nascimento ou uma pergunta oferecendo respostas Sim e N\u00e3o<\/li><li>Escolha lembrar de um visitante por qualquer per\u00edodo de tempo em dias<\/li><li>Dois cen\u00e1rios para visitantes menores de idade<\/li><li>Use o URL do perfil do Twitter ou do Facebook para provar que o autor \u00e9 real. <\/li><li>Experimente seis modelos de depoimentos adapt\u00e1veis \u200b\u200be encontre o que voc\u00ea precisa. <\/li><li>Layout de largura total para dar uma apar\u00eancia aparente. <\/li><\/ul><p><a href=\"#demo\">Voc\u00ea pode explorar todas as funcionalidades do widget na demonstra\u00e7\u00e3o agora mesmo<\/a><\/p> <\/div> <div class=\"application-platform-content-item-installation application-platform-content-item\" id=\"installation\" data-nav-section=\"installation\"> <h2>Como incorporar a verifica\u00e7\u00e3o de idade no meu site PrestaShop? <\/h2> <p>Basta aplicar as instru\u00e7\u00f5es abaixo para inserir o plugin. <\/p> <ol><li><b>Utilize nosso editor gratuito e comece a criar seu plugin personalizado. <\/b><br> Determine o design preferido e as caracter\u00edsticas funcionais do widget e salve as edi\u00e7\u00f5es. <\/li> <li><b>Receba o c\u00f3digo pessoal que \u00e9 mostrado na janela dos aplicativos Elfsight. <\/b><br> Logo ap\u00f3s a cria\u00e7\u00e3o do seu widget pessoal, copie o c\u00f3digo exclusivo do pop-up exibido e salve-o para uso posterior. <\/li> <li><b>Comece a usar o plugin no site da plataforma. <\/b><br> Implemente o c\u00f3digo copiado recentemente em sua p\u00e1gina e salve as corre\u00e7\u00f5es. <\/li> <li><b>A configura\u00e7\u00e3o foi totalmente conclu\u00edda. <\/b><br> V\u00e1 para sua p\u00e1gina da web para verificar o funcionamento do plugin. <\/li><\/ol> <p>Na condi\u00e7\u00e3o de lidar com d\u00favidas ou enfrentar alguns problemas, n\u00e3o hesite em solicitar nossa equipe de atendimento ao cliente. Nossos especialistas ter\u00e3o prazer em ajud\u00e1-lo com todas as d\u00favidas que voc\u00ea possa ter sobre a ferramenta. <\/p> <div class=\"faq\" data-component=\"FAQ\"> <div class=\"faq-item\">\r\n\t\t\t\t\t<div class=\"faq-item-question\">\r\n\t\t\t\t\t\t<h3 class=\"faq-item-question-text\">Como posso adicionar verifica\u00e7\u00e3o de idade ao meu site PrestaShop sem habilidades de codifica\u00e7\u00e3o?<\/h3>\r\n\r\n\t\t\t\t\t\t<div class=\"faq-item-question-icon\"><\/div>\r\n\t\t\t\t\t<\/div>\r\n\r\n\t\t\t\t\t<div class=\"faq-item-answer\">\r\n\t\t\t\t\t\t<div class=\"faq-item-answer-text\"> <p>A Elfsight fornece uma solu\u00e7\u00e3o SaaS que permite que voc\u00ea mesmo crie um widget de verifica\u00e7\u00e3o de idade, veja como \u00e9 f\u00e1cil O processo \u00e9: Trabalhe diretamente no Editor on-line para criar um widget de verifica\u00e7\u00e3o de idade que voc\u00ea gostaria de ver no seu site PrestaShop. Escolha um dos modelos predefinidos e ajuste as configura\u00e7\u00f5es de verifica\u00e7\u00e3o de idade, adicione seu conte\u00fado, altere o layout e as cores sem nenhuma habilidade de codifica\u00e7\u00e3o. Salve o Age Verification e copie seu c\u00f3digo de instala\u00e7\u00e3o, que voc\u00ea pode incorporar facilmente no seu site PrestaShop sem comprar um plano pago. Com nosso editor intuitivo, qualquer usu\u00e1rio da Internet pode criar um widget de verifica\u00e7\u00e3o de idade on-line e incorpor\u00e1-lo facilmente ao site PrestaShop. N\u00e3o h\u00e1 necessidade de pagar ou inserir as credenciais do seu cart\u00e3o para acessar o servi\u00e7o. Se voc\u00ea enfrentar qualquer problema em qualquer etapa, n\u00e3o hesite em entrar em contato com nossa equipe de suporte t\u00e9cnico.<\/p> <\/div>\r\n\t\t\t\t\t<\/div>\r\n\t\t\t\t<\/div> <\/div> <\/div>","protected":false},"excerpt":{"rendered":"","protected":false},"author":9,"featured_media":0,"parent":524,"menu_order":0,"comment_status":"closed","ping_status":"closed","template":"templates\/template-application-platform.php","meta":{"publish_to_discourse":"","publish_post_category":"","wpdc_auto_publish_overridden":"","wpdc_topic_tags":"","wpdc_pin_topic":"","wpdc_pin_until":"","discourse_post_id":"","discourse_permalink":"","wpdc_publishing_response":"","wpdc_publishing_error":"","footnotes":""},"class_list":["post-5400","page","type-page","status-publish","hentry"],"yoast_head":"<!-- This site is optimized with the Yoast SEO plugin v25.3.1 - https:\/\/yoast.com\/wordpress\/plugins\/seo\/ -->\n<title>Complemento de verifica\u00e7\u00e3o de idade para site PrestaShop (r\u00e1pido e gratuito)<\/title>\n<meta name=\"description\" content=\"N\u00e3o \u00e9 dif\u00edcil projetar seu complemento Age Verification e exibi-lo no site PrestaShop. O suporte ao cliente da Elfsight \u00e9 gratuito.\" \/>\n<meta name=\"robots\" content=\"index, follow, max-snippet:-1, max-image-preview:large, max-video-preview:-1\" \/>\n<link rel=\"canonical\" href=\"https:\/\/elfsight.com\/pt\/age-verification-widget\/prestashop\/\" \/>\n<meta property=\"og:locale\" content=\"pt_PT\" \/>\n<meta property=\"og:type\" content=\"article\" \/>\n<meta property=\"og:title\" content=\"Complemento de verifica\u00e7\u00e3o de idade para site PrestaShop (r\u00e1pido e gratuito)\" \/>\n<meta property=\"og:description\" content=\"N\u00e3o \u00e9 dif\u00edcil projetar seu complemento Age Verification e exibi-lo no site PrestaShop. O suporte ao cliente da Elfsight \u00e9 gratuito.\" \/>\n<meta property=\"og:url\" content=\"https:\/\/elfsight.com\/pt\/age-verification-widget\/prestashop\/\" \/>\n<meta property=\"og:site_name\" content=\"Elfsight PT\" \/>\n<meta property=\"article:modified_time\" content=\"2024-11-12T15:31:37+00:00\" \/>\n<meta name=\"twitter:card\" content=\"summary_large_image\" \/>\n<meta name=\"twitter:label1\" content=\"Tempo estimado de leitura\" \/>\n\t<meta name=\"twitter:data1\" content=\"3 minutos\" \/>\n<!-- \/ Yoast SEO plugin. -->","yoast_head_json":{"title":"Complemento de verifica\u00e7\u00e3o de idade para site PrestaShop (r\u00e1pido e gratuito)","description":"N\u00e3o \u00e9 dif\u00edcil projetar seu complemento Age Verification e exibi-lo no site PrestaShop. O suporte ao cliente da Elfsight \u00e9 gratuito.","robots":{"index":"index","follow":"follow","max-snippet":"max-snippet:-1","max-image-preview":"max-image-preview:large","max-video-preview":"max-video-preview:-1"},"canonical":"https:\/\/elfsight.com\/pt\/age-verification-widget\/prestashop\/","og_locale":"pt_PT","og_type":"article","og_title":"Complemento de verifica\u00e7\u00e3o de idade para site PrestaShop (r\u00e1pido e gratuito)","og_description":"N\u00e3o \u00e9 dif\u00edcil projetar seu complemento Age Verification e exibi-lo no site PrestaShop. O suporte ao cliente da Elfsight \u00e9 gratuito.","og_url":"https:\/\/elfsight.com\/pt\/age-verification-widget\/prestashop\/","og_site_name":"Elfsight PT","article_modified_time":"2024-11-12T15:31:37+00:00","twitter_card":"summary_large_image","twitter_misc":{"Tempo estimado de leitura":"3 minutos"},"schema":{"@context":"https:\/\/schema.org","@graph":[{"@type":"WebPage","@id":"https:\/\/elfsight.com\/pt\/age-verification-widget\/prestashop\/","url":"https:\/\/elfsight.com\/pt\/age-verification-widget\/prestashop\/","name":"Complemento de verifica\u00e7\u00e3o de idade para site PrestaShop (r\u00e1pido e gratuito)","isPartOf":{"@id":"https:\/\/elfsight.com\/pt\/#website"},"datePublished":"2024-05-03T06:25:44+00:00","dateModified":"2024-11-12T15:31:37+00:00","description":"N\u00e3o \u00e9 dif\u00edcil projetar seu complemento Age Verification e exibi-lo no site PrestaShop. O suporte ao cliente da Elfsight \u00e9 gratuito.","breadcrumb":{"@id":"https:\/\/elfsight.com\/pt\/age-verification-widget\/prestashop\/#breadcrumb"},"inLanguage":"pt-PT","potentialAction":[{"@type":"ReadAction","target":["https:\/\/elfsight.com\/pt\/age-verification-widget\/prestashop\/"]}]},{"@type":"BreadcrumbList","@id":"https:\/\/elfsight.com\/pt\/age-verification-widget\/prestashop\/#breadcrumb","itemListElement":[{"@type":"ListItem","position":1,"name":"Home","item":"https:\/\/elfsight.com\/pt\/"},{"@type":"ListItem","position":2,"name":"Age Verification","item":"https:\/\/elfsight.com\/pt\/age-verification-widget\/"},{"@type":"ListItem","position":3,"name":"Age Verification &#8211; PrestaShop"}]},{"@type":"WebSite","@id":"https:\/\/elfsight.com\/pt\/#website","url":"https:\/\/elfsight.com\/pt\/","name":"Elfsight PT","description":"Just another Elfsight Sites site","potentialAction":[{"@type":"SearchAction","target":{"@type":"EntryPoint","urlTemplate":"https:\/\/elfsight.com\/pt\/?s={search_term_string}"},"query-input":{"@type":"PropertyValueSpecification","valueRequired":true,"valueName":"search_term_string"}}],"inLanguage":"pt-PT"}]}},"meta_box":{"industry":"","seo_heading":"","heading":"","description":"","cta_heading":"","cta_description":"","application":"523","h1":"Complemento de verifica\u00e7\u00e3o de idade PrestaShop","h1_caption":"Seu m\u00e9todo mais r\u00e1pido para criar uma janela de verifica\u00e7\u00e3o de idade no site","application_category":[],"applications_title":"","applications_request_title":"","applications_request_button_text":"","hero_text":"","hero_video":"","hero_video_schema_markup":"","selling_points_title":"","selling_points_caption":"","selling_points":[],"selling_points_cta_text":"","features_title":"","features":"","ed_cta_examples_text":"","ed_cta_examples_hidden":"","ed_cta_demo_text":"","ed_cta_demo_hidden":"","why_caption":"","why_editor_title":"","why_editor_text":"","why_team_title":"","why_team_text":"","why_service_title":"","why_service_text":"","template_catalog_visible":"","template_catalog_title":"","template_catalog_text":"","template_catalog_categories_visible":"","demo_title":"Crie seu complemento de verifica\u00e7\u00e3o de idade","demo_caption":"Configure sua verifica\u00e7\u00e3o de idade e adicione-a ao seu site PrestaShop gratuitamente!","default_faq_hidden":"","app_template_category":[],"platform":"5343","template_public_id":"","codecanyon_url":"","codecanyon_item_id":"","codecanyon_price":"","pricing_caption":"","pricing_elfsight_apps_hide_column":"","pricing_elfsight_apps_url":"","pricing_codecanyon_price_caption":"","integration_category":[],"integration_request_title":"","integration_request_cta":"","integration_platform":"","integrations":[],"platform_category":[],"video_schema_markup":"","price":"a partir de US$ 0\/m\u00eas","trial":"","benefits":[{"text":"Ajuda de instala\u00e7\u00e3o gratuita"},{"text":"Suporte ao cliente experiente"},{"text":"Garantia de devolu\u00e7\u00e3o do dinheiro em 14 dias"},{"text":"Melhorias gratuitas vital\u00edcias"}],"button_url":"#demo","button_target_blank":"","button_nofollow":"","attributes":[{"name":"Instala\u00e7\u00f5es","content":"10,000 - 100,000"},{"name":"Responsivo","content":"Sim"},{"name":"Navegadores compat\u00edveis","content":"Firefox, Safari, Opera, Chrome, Edge"}],"tags":[],"tags_disable_links":"","hide_more_platforms":"","video_object":"","demo_hide_cta":"","demo_hide_cloud_options":"","pricing_title":"","pricing":[{"pricing_icon":"platform","pricing_title":"Elfsight Apps","pricing_title_caption":"Solu\u00e7\u00e3o digital independente de plataforma adequada para qualquer site","pricing_price":"a partir de US$ 0\/m\u00eas","pricing_price_caption":"comece com um plano gratuito","pricing_benefits":[{"text":"Dom\u00ednios ilimitados"},{"text":"Suporte 24 horas por dia, 7 dias por semana e pontual"},{"text":"Suporte 24 horas por dia, 7 dias por semana e pontual"},{"text":"Totalmente personaliz\u00e1vel"}],"pricing_button_text":"Adicionar ao site","pricing_button_url":"#demo"}],"related_apps_title":"","related_apps_hidden":"","author":"","image":[],"title":"","job":"","social_networks":[]},"_links":{"self":[{"href":"https:\/\/elfsight.com\/pt\/wp-json\/wp\/v2\/pages\/5400","targetHints":{"allow":["GET"]}}],"collection":[{"href":"https:\/\/elfsight.com\/pt\/wp-json\/wp\/v2\/pages"}],"about":[{"href":"https:\/\/elfsight.com\/pt\/wp-json\/wp\/v2\/types\/page"}],"author":[{"embeddable":true,"href":"https:\/\/elfsight.com\/pt\/wp-json\/wp\/v2\/users\/9"}],"replies":[{"embeddable":true,"href":"https:\/\/elfsight.com\/pt\/wp-json\/wp\/v2\/comments?post=5400"}],"version-history":[{"count":1,"href":"https:\/\/elfsight.com\/pt\/wp-json\/wp\/v2\/pages\/5400\/revisions"}],"predecessor-version":[{"id":5404,"href":"https:\/\/elfsight.com\/pt\/wp-json\/wp\/v2\/pages\/5400\/revisions\/5404"}],"up":[{"embeddable":true,"href":"https:\/\/elfsight.com\/pt\/wp-json\/wp\/v2\/pages\/524"}],"wp:attachment":[{"href":"https:\/\/elfsight.com\/pt\/wp-json\/wp\/v2\/media?parent=5400"}],"curies":[{"name":"wp","href":"https:\/\/api.w.org\/{rel}","templated":true}]}}