{"id":5399,"date":"2024-05-03T06:25:43","date_gmt":"2024-05-03T06:25:43","guid":{"rendered":"https:\/\/elfsight.com\/pt\/?page_id=5399"},"modified":"2024-11-12T15:29:29","modified_gmt":"2024-11-12T15:29:29","slug":"jimdo","status":"publish","type":"page","link":"https:\/\/elfsight.com\/pt\/age-verification-widget\/jimdo\/","title":{"rendered":"Age Verification &#8211; Jimdo"},"content":{"rendered":"<div class=\"application-platform-content-item-description application-platform-content-item\" id=\"description\" data-nav-section=\"description\"> <h2>Descri\u00e7\u00e3o<\/h2> <p>Nosso widget \u00e9 a maneira mais r\u00e1pida de obter uma janela que solicita a idade de um visitante do site. Este widget ajudar\u00e1 a tornar o conte\u00fado sens\u00edvel \u00e0 idade acess\u00edvel para usu\u00e1rios maiores de idade e a dissuadi-lo do p\u00fablico menor de idade. Voc\u00ea pode definir uma limita\u00e7\u00e3o de idade apropriada, definir m\u00e9todos de verifica\u00e7\u00e3o, incorporar a janela em cada uma ou apenas em p\u00e1ginas espec\u00edficas e no cen\u00e1rio. A apar\u00eancia tamb\u00e9m est\u00e1 sob seu controle, com detalhes que podem ser pintados e a op\u00e7\u00e3o de adicionar suas pr\u00f3prias imagens.<\/p><p><b>Torne seu site mais eficiente para objetivos de neg\u00f3cios com a ajuda da verifica\u00e7\u00e3o de idade.<\/b><\/p> <\/div> <div class=\"application-platform-content-item-features application-platform-content-item\" id=\"features\" data-nav-section=\"features\"> <h2>O widget oferece recursos \u00fateis e r\u00e1pidos, veja alguns deles: <\/h2> <ul><li>Exibe o nome e a foto do autor para maior confian\u00e7a. <\/li><li>Use legenda para cargo, nome e outros dados da empresa. <\/li><li>Forne\u00e7a um link para o site do autor para uma apresenta\u00e7\u00e3o mais confi\u00e1vel. <\/li><li>Para adicionar confian\u00e7a, mostre o logotipo da empresa do autor. <\/li><li>Layouts de grade e controle deslizante para uma ampla variedade de casos de uso. <\/li><li>Setas deslizantes e op\u00e7\u00f5es de pagina\u00e7\u00e3o. <\/li><\/ul><p><a href=\"#demo\">Experimente todas as op\u00e7\u00f5es de personaliza\u00e7\u00e3o em uma demonstra\u00e7\u00e3o 100% funcional<\/a><\/p> <\/div> <div class=\"application-platform-content-item-installation application-platform-content-item\" id=\"installation\" data-nav-section=\"installation\"> <h2>Como incorporar a verifica\u00e7\u00e3o de idade na minha p\u00e1gina Jimdo? <\/h2> <p>Basta seguir os seguintes passos apresentados abaixo para integrar o widget. <\/p> <ol><li><b>Utilize nosso editor gratuito e comece a moldar seu widget personalizado. <\/b><br> Especifique a interface selecionada e as caracter\u00edsticas da ferramenta e aplique as edi\u00e7\u00f5es. <\/li> <li><b>Receba o c\u00f3digo pessoal exposto na janela das Apps Elfsight. <\/b><br> Logo ap\u00f3s a conclus\u00e3o do estabelecimento do seu widget, copie o c\u00f3digo pessoal no pop-up exibido e salve-o para uso futuro. <\/li> <li><b>Comece a usar o widget na p\u00e1gina Jimdo. <\/b><br> Insira o c\u00f3digo salvo recentemente em sua p\u00e1gina inicial e aplique as melhorias. <\/li> <li><b>A instala\u00e7\u00e3o foi realizada com sucesso. <\/b><br> Acesse sua p\u00e1gina para ver o funcionamento da ferramenta. <\/li><\/ol> <p>Caso tenha d\u00favidas ou se depare com alguma complica\u00e7\u00e3o, n\u00e3o hesite em entrar em contato com nossa equipe de suporte. Nossos consultores ter\u00e3o prazer em resolver todas as dificuldades que voc\u00ea possa ter com o widget. <\/p> <div class=\"faq\" data-component=\"FAQ\"> <div class=\"faq-item\">\r\n\t\t\t\t\t<div class=\"faq-item-question\">\r\n\t\t\t\t\t\t<h3 class=\"faq-item-question-text\">Como adicionar verifica\u00e7\u00e3o de idade ao meu site Jimdo sem habilidades de codifica\u00e7\u00e3o?<\/h3>\r\n\r\n\t\t\t\t\t\t<div class=\"faq-item-question-icon\"><\/div>\r\n\t\t\t\t\t<\/div>\r\n\r\n\t\t\t\t\t<div class=\"faq-item-answer\">\r\n\t\t\t\t\t\t<div class=\"faq-item-answer-text\"> <p>A Elfsight fornece uma solu\u00e7\u00e3o SaaS que permite que voc\u00ea mesmo crie um widget de verifica\u00e7\u00e3o de idade. Veja como \u00e9 f\u00e1cil o processo \u00e9: Trabalhe diretamente no Editor on-line para criar um widget de verifica\u00e7\u00e3o de idade que voc\u00ea gostaria de ver em seu site Jimdo. Escolha um dos modelos predefinidos e ajuste as configura\u00e7\u00f5es de verifica\u00e7\u00e3o de idade, adicione seu conte\u00fado, altere o layout e as cores sem nenhuma habilidade de codifica\u00e7\u00e3o. Salve a verifica\u00e7\u00e3o de idade e copie seu c\u00f3digo de instala\u00e7\u00e3o, que voc\u00ea pode simplesmente incluir em seu site Jimdo sem a necessidade de adquirir um plano pago. Com nosso editor intuitivo, qualquer usu\u00e1rio da Internet pode criar um widget de verifica\u00e7\u00e3o de idade on-line e incorpor\u00e1-lo facilmente ao seu site Jimdo. N\u00e3o h\u00e1 necessidade de pagar ou inserir as credenciais do seu cart\u00e3o para acessar o servi\u00e7o. Se voc\u00ea enfrentar qualquer problema em qualquer etapa, n\u00e3o hesite em entrar em contato com nossa equipe de suporte t\u00e9cnico.<\/p> <\/div>\r\n\t\t\t\t\t<\/div>\r\n\t\t\t\t<\/div> <\/div> <\/div>","protected":false},"excerpt":{"rendered":"","protected":false},"author":9,"featured_media":0,"parent":524,"menu_order":0,"comment_status":"closed","ping_status":"closed","template":"templates\/template-application-platform.php","meta":{"publish_to_discourse":"","publish_post_category":"","wpdc_auto_publish_overridden":"","wpdc_topic_tags":"","wpdc_pin_topic":"","wpdc_pin_until":"","discourse_post_id":"","discourse_permalink":"","wpdc_publishing_response":"","wpdc_publishing_error":"","footnotes":""},"class_list":["post-5399","page","type-page","status-publish","hentry"],"yoast_head":"<!-- This site is optimized with the Yoast SEO plugin v25.3.1 - https:\/\/yoast.com\/wordpress\/plugins\/seo\/ -->\n<title>Widget de verifica\u00e7\u00e3o de idade para o site Jimdo (r\u00e1pido e gratuito)<\/title>\n<meta name=\"description\" content=\"N\u00e3o \u00e9 dif\u00edcil criar seu widget de verifica\u00e7\u00e3o de idade e exibi-lo no site Jimdo. O suporte ao cliente da Elfsight \u00e9 gratuito.\" \/>\n<meta name=\"robots\" content=\"index, follow, max-snippet:-1, max-image-preview:large, max-video-preview:-1\" \/>\n<link rel=\"canonical\" href=\"https:\/\/elfsight.com\/pt\/age-verification-widget\/jimdo\/\" \/>\n<meta property=\"og:locale\" content=\"pt_PT\" \/>\n<meta property=\"og:type\" content=\"article\" \/>\n<meta property=\"og:title\" content=\"Widget de verifica\u00e7\u00e3o de idade para o site Jimdo (r\u00e1pido e gratuito)\" \/>\n<meta property=\"og:description\" content=\"N\u00e3o \u00e9 dif\u00edcil criar seu widget de verifica\u00e7\u00e3o de idade e exibi-lo no site Jimdo. O suporte ao cliente da Elfsight \u00e9 gratuito.\" \/>\n<meta property=\"og:url\" content=\"https:\/\/elfsight.com\/pt\/age-verification-widget\/jimdo\/\" \/>\n<meta property=\"og:site_name\" content=\"Elfsight PT\" \/>\n<meta property=\"article:modified_time\" content=\"2024-11-12T15:29:29+00:00\" \/>\n<meta name=\"twitter:card\" content=\"summary_large_image\" \/>\n<meta name=\"twitter:label1\" content=\"Tempo estimado de leitura\" \/>\n\t<meta name=\"twitter:data1\" content=\"3 minutos\" \/>\n<!-- \/ Yoast SEO plugin. -->","yoast_head_json":{"title":"Widget de verifica\u00e7\u00e3o de idade para o site Jimdo (r\u00e1pido e gratuito)","description":"N\u00e3o \u00e9 dif\u00edcil criar seu widget de verifica\u00e7\u00e3o de idade e exibi-lo no site Jimdo. O suporte ao cliente da Elfsight \u00e9 gratuito.","robots":{"index":"index","follow":"follow","max-snippet":"max-snippet:-1","max-image-preview":"max-image-preview:large","max-video-preview":"max-video-preview:-1"},"canonical":"https:\/\/elfsight.com\/pt\/age-verification-widget\/jimdo\/","og_locale":"pt_PT","og_type":"article","og_title":"Widget de verifica\u00e7\u00e3o de idade para o site Jimdo (r\u00e1pido e gratuito)","og_description":"N\u00e3o \u00e9 dif\u00edcil criar seu widget de verifica\u00e7\u00e3o de idade e exibi-lo no site Jimdo. O suporte ao cliente da Elfsight \u00e9 gratuito.","og_url":"https:\/\/elfsight.com\/pt\/age-verification-widget\/jimdo\/","og_site_name":"Elfsight PT","article_modified_time":"2024-11-12T15:29:29+00:00","twitter_card":"summary_large_image","twitter_misc":{"Tempo estimado de leitura":"3 minutos"},"schema":{"@context":"https:\/\/schema.org","@graph":[{"@type":"WebPage","@id":"https:\/\/elfsight.com\/pt\/age-verification-widget\/jimdo\/","url":"https:\/\/elfsight.com\/pt\/age-verification-widget\/jimdo\/","name":"Widget de verifica\u00e7\u00e3o de idade para o site Jimdo (r\u00e1pido e gratuito)","isPartOf":{"@id":"https:\/\/elfsight.com\/pt\/#website"},"datePublished":"2024-05-03T06:25:43+00:00","dateModified":"2024-11-12T15:29:29+00:00","description":"N\u00e3o \u00e9 dif\u00edcil criar seu widget de verifica\u00e7\u00e3o de idade e exibi-lo no site Jimdo. O suporte ao cliente da Elfsight \u00e9 gratuito.","breadcrumb":{"@id":"https:\/\/elfsight.com\/pt\/age-verification-widget\/jimdo\/#breadcrumb"},"inLanguage":"pt-PT","potentialAction":[{"@type":"ReadAction","target":["https:\/\/elfsight.com\/pt\/age-verification-widget\/jimdo\/"]}]},{"@type":"BreadcrumbList","@id":"https:\/\/elfsight.com\/pt\/age-verification-widget\/jimdo\/#breadcrumb","itemListElement":[{"@type":"ListItem","position":1,"name":"Home","item":"https:\/\/elfsight.com\/pt\/"},{"@type":"ListItem","position":2,"name":"Age Verification","item":"https:\/\/elfsight.com\/pt\/age-verification-widget\/"},{"@type":"ListItem","position":3,"name":"Age Verification &#8211; Jimdo"}]},{"@type":"WebSite","@id":"https:\/\/elfsight.com\/pt\/#website","url":"https:\/\/elfsight.com\/pt\/","name":"Elfsight PT","description":"Just another Elfsight Sites site","potentialAction":[{"@type":"SearchAction","target":{"@type":"EntryPoint","urlTemplate":"https:\/\/elfsight.com\/pt\/?s={search_term_string}"},"query-input":{"@type":"PropertyValueSpecification","valueRequired":true,"valueName":"search_term_string"}}],"inLanguage":"pt-PT"}]}},"meta_box":{"industry":"","seo_heading":"","heading":"","description":"","cta_heading":"","cta_description":"","application":"523","h1":"Widget de verifica\u00e7\u00e3o de idade Jimdo","h1_caption":"Seu m\u00e9todo mais r\u00e1pido para criar uma janela de verifica\u00e7\u00e3o de idade no site","application_category":[],"applications_title":"","applications_request_title":"","applications_request_button_text":"","hero_text":"","hero_video":"","hero_video_schema_markup":"","selling_points_title":"","selling_points_caption":"","selling_points":[],"selling_points_cta_text":"","features_title":"","features":"","ed_cta_examples_text":"","ed_cta_examples_hidden":"","ed_cta_demo_text":"","ed_cta_demo_hidden":"","why_caption":"","why_editor_title":"","why_editor_text":"","why_team_title":"","why_team_text":"","why_service_title":"","why_service_text":"","template_catalog_visible":"","template_catalog_title":"","template_catalog_text":"","template_catalog_categories_visible":"","demo_title":"Crie seu widget de verifica\u00e7\u00e3o de idade","demo_caption":"Configure sua verifica\u00e7\u00e3o de idade e adicione-a ao seu site Jimdo gratuitamente!","default_faq_hidden":"","app_template_category":[],"platform":"5393","template_public_id":"","codecanyon_url":"","codecanyon_item_id":"","codecanyon_price":"","pricing_caption":"","pricing_elfsight_apps_hide_column":"","pricing_elfsight_apps_url":"","pricing_codecanyon_price_caption":"","integration_category":[],"integration_request_title":"","integration_request_cta":"","integration_platform":"","integrations":[],"platform_category":[],"video_schema_markup":"","price":"a partir de US$ 0\/m\u00eas","trial":"","benefits":[{"text":"Atendimento ao cliente profissional"},{"text":"Assist\u00eancia de instala\u00e7\u00e3o gratuita"},{"text":"Garantia de devolu\u00e7\u00e3o do dinheiro em 14 dias"},{"text":"Melhorias gratuitas vital\u00edcias"}],"button_url":"#demo","button_target_blank":"","button_nofollow":"","attributes":[{"name":"Instala\u00e7\u00f5es","content":"10,000 - 100,000"},{"name":"Responsivo","content":"Sim"},{"name":"Navegadores compat\u00edveis","content":"Firefox, Safari, Opera, Chrome, Edge"}],"tags":[],"tags_disable_links":"","hide_more_platforms":"","video_object":"","demo_hide_cta":"","demo_hide_cloud_options":"","pricing_title":"","pricing":[{"pricing_icon":"platform","pricing_title":"Elfsight Apps","pricing_title_caption":"Solu\u00e7\u00e3o multiplataforma adequada para qualquer site","pricing_price":"a partir de US$ 0\/m\u00eas","pricing_price_caption":"comece com um plano gratuito","pricing_benefits":[{"text":"Dom\u00ednios ilimitados"},{"text":"Suporte 24 horas por dia, 7 dias por semana, pontual e bem documentado"},{"text":"Suporte 24 horas por dia, 7 dias por semana, pontual e bem documentado"},{"text":"Totalmente personaliz\u00e1vel"}],"pricing_button_text":"Adicionar ao site","pricing_button_url":"#demo"}],"related_apps_title":"","related_apps_hidden":"","author":"","image":[],"title":"","job":"","social_networks":[]},"_links":{"self":[{"href":"https:\/\/elfsight.com\/pt\/wp-json\/wp\/v2\/pages\/5399","targetHints":{"allow":["GET"]}}],"collection":[{"href":"https:\/\/elfsight.com\/pt\/wp-json\/wp\/v2\/pages"}],"about":[{"href":"https:\/\/elfsight.com\/pt\/wp-json\/wp\/v2\/types\/page"}],"author":[{"embeddable":true,"href":"https:\/\/elfsight.com\/pt\/wp-json\/wp\/v2\/users\/9"}],"replies":[{"embeddable":true,"href":"https:\/\/elfsight.com\/pt\/wp-json\/wp\/v2\/comments?post=5399"}],"version-history":[{"count":1,"href":"https:\/\/elfsight.com\/pt\/wp-json\/wp\/v2\/pages\/5399\/revisions"}],"predecessor-version":[{"id":5403,"href":"https:\/\/elfsight.com\/pt\/wp-json\/wp\/v2\/pages\/5399\/revisions\/5403"}],"up":[{"embeddable":true,"href":"https:\/\/elfsight.com\/pt\/wp-json\/wp\/v2\/pages\/524"}],"wp:attachment":[{"href":"https:\/\/elfsight.com\/pt\/wp-json\/wp\/v2\/media?parent=5399"}],"curies":[{"name":"wp","href":"https:\/\/api.w.org\/{rel}","templated":true}]}}