{"id":5220,"date":"2024-04-16T07:27:58","date_gmt":"2024-04-16T07:27:58","guid":{"rendered":"https:\/\/elfsight.com\/pt\/?page_id=5220"},"modified":"2024-06-25T11:15:31","modified_gmt":"2024-06-25T11:15:31","slug":"examples","status":"publish","type":"page","link":"https:\/\/elfsight.com\/pt\/business-hours-widget\/examples\/","title":{"rendered":"Business Hours &#8211; Examples"},"content":{"rendered":"\n<div class=\"application-examples-item application-examples-item-loading\">\n                            <div class=\"col-row\">\n                                <div class=\"col-6 col-m-8 col-s-12\"><h3 class=\"application-examples-item-title\">Exemplo 1. Ideias de Neg\u00f3cios Completas<\/h3><div class=\"application-examples-item-description\">O layout do widget garante que o hor\u00e1rio de funcionamento do seu neg\u00f3cio seja apresentado em todos os detalhes, facilitando para seus clientes planejar suas visitas ou contat\u00e1-lo no momento certo. As informa\u00e7\u00f5es s\u00e3o exibidas de maneira clara e organizada, melhorando a experi\u00eancia do usu\u00e1rio e reduzindo qualquer confus\u00e3o. As informa\u00e7\u00f5es de contato n\u00e3o apenas s\u00e3o inclu\u00eddas, mas tamb\u00e9m s\u00e3o altamente vis\u00edveis, permitindo que seus clientes entrem em contato com voc\u00ea facilmente. Seja o n\u00famero de telefone, e-mail ou endere\u00e7o, tudo \u00e9 exibido de forma proeminente, garantindo que seus clientes possam entrar em contato rapidamente quando necess\u00e1rio. Mas n\u00e3o \u00e9 s\u00f3 isso - o widget vai al\u00e9m de apenas fornecer informa\u00e7\u00f5es. Ele apresenta bot\u00f5es de Chamada para A\u00e7\u00e3o (CTA) atraentes que facilitam intera\u00e7\u00f5es perfeitas com o seu neg\u00f3cio. Os clientes podem facilmente Agendar um compromisso, iniciar um Chat no WhatsApp ou obter Dire\u00e7\u00f5es para o seu local. Esses bot\u00f5es de CTA chamativos simplificam o processo e incentivam os visitantes a se envolverem com o seu neg\u00f3cio de maneira mais significativa.<\/div><\/div>\n                <\/div>\n\n                <div class=\"application-examples-item-iframe-container browser-frame\">\n                    <div class=\"application-examples-item-iframe-wrapper\">\n                        <iframe class=\"application-examples-item-iframe application-examples-item-iframe-fixed-height\" data-src=\"https:\/\/elfsight.com\/examples?widget_id=e80e0133-c65f-4298-ad45-19813d488591\" width=\"100%\" height=\"800\" allow=\"autoplay; fullscreen\"><\/iframe>\n                    <\/div>\n\n                    <div class=\"application-examples-item-loader\"><\/div>\n                <\/div>\n            <\/div><div class=\"application-examples-item application-examples-item-loading\">\n                            <div class=\"col-row\">\n                                <div class=\"col-6 col-m-8 col-s-12\"><h3 class=\"application-examples-item-title\">Exemplo 2. Hor\u00e1rio de Funcionamento<\/h3><div class=\"application-examples-item-description\">Essa solu\u00e7\u00e3o elegante e minimalista mostra perfeitamente o hor\u00e1rio semanal de funcionamento do seu neg\u00f3cio. Projetado para ser simples e eficiente, este widget fornece todas as informa\u00e7\u00f5es essenciais de relance. Ao contr\u00e1rio de widgets lotados, este foca exclusivamente em exibir o hor\u00e1rio de funcionamento da semana. Ele apresenta essas informa\u00e7\u00f5es em um formato claro e f\u00e1cil de ler, garantindo que os usu\u00e1rios possam determinar rapidamente quando o seu neg\u00f3cio est\u00e1 aberto sem distra\u00e7\u00f5es. Os usu\u00e1rios n\u00e3o apenas podem ver o hor\u00e1rio de funcionamento, mas tamb\u00e9m o tempo restante antes do seu neg\u00f3cio fechar \u00e0 noite. Este recurso \u00fatil mant\u00e9m os clientes informados sobre a janela de oportunidade que t\u00eam para visitar ou contatar o seu neg\u00f3cio antes do final do dia.<\/div><\/div>\n                <\/div>\n\n                <div class=\"application-examples-item-iframe-container browser-frame\">\n                    <div class=\"application-examples-item-iframe-wrapper\">\n                        <iframe class=\"application-examples-item-iframe application-examples-item-iframe-fixed-height\" data-src=\"https:\/\/elfsight.com\/examples?widget_id=6e317af1-3b18-41aa-86a5-22fcdacfb4b2\" width=\"100%\" height=\"400\" allow=\"autoplay; fullscreen\"><\/iframe>\n                    <\/div>\n\n                    <div class=\"application-examples-item-loader\"><\/div>\n                <\/div>\n            <\/div><div class=\"application-cta-create\">\n                    <div class=\"application-cta-create-bg\">\n                        <div class=\"application-cta-create-bg-left\"><\/div>\n\n                        <div class=\"application-cta-create-bg-right\">\n                            <img decoding=\"async\" src=\"https:\/\/elfsight.com\/pt\/wp-content\/themes\/elfsight\/frontend\/assets\/img\/application-cta-create.jpg\" alt=\"Comece a criar o seu widget\">\n                        <\/div>\n                    <\/div>\n\n                    <div class=\"application-cta-create-content inner\">\n                        <div class=\"application-cta-create-content-inner\">\n                            <div class=\"application-cta-create-content-icon\">\n                                <svg viewBox=\"0 0 25 25\" width=\"100%\" height=\"100%\">\n                                    <use xlink:href=\"#icon-settings\"><\/use>\n                                <\/svg>\n                            <\/div>\n\n                            <div class=\"application-cta-create-content-title\">Comece a criar o seu widget<\/div>\n\n                            <div class=\"application-cta-create-content-text\">R\u00e1pido. F\u00e1cil. Nenhuma programa\u00e7\u00e3o.<\/div>\n\n                            <a class=\"application-cta-create-content-button button-48 button-has-right-icon button-black button\" href=\"\">\n                                <span class=\"button-label\">Criar widget<\/span>\n\n                                <svg class=\"button-icon\">\n                                    <use xlink:href=\"#icon-arrow-link\"><\/use>\n                                <\/svg>\n                            <\/a>\n                        <\/div>\n                    <\/div>\n                <\/div><div class=\"application-examples-item application-examples-item-loading\">\n                            <div class=\"col-row\">\n                                <div class=\"col-6 col-m-8 col-s-12\"><h3 class=\"application-examples-item-title\">Exemplo 3. Status de Abertura<\/h3><div class=\"application-examples-item-description\">Esta \u00e9 uma solu\u00e7\u00e3o inteligente e eficiente em espa\u00e7o que comunica efetivamente o status de abertura do seu neg\u00f3cio aos visitantes do seu site. O widget simplifica a apresenta\u00e7\u00e3o do seu hor\u00e1rio de funcionamento, garantindo uma experi\u00eancia de usu\u00e1rio perfeita. Com foco na simplicidade, o Hor\u00e1rio de Funcionamento do Elfsight demonstra apenas o status de abertura atual do seu neg\u00f3cio. Isso significa que seus visitantes podem facilmente determinar se o seu neg\u00f3cio est\u00e1 aberto ou fechado com apenas um r\u00e1pido olhar para o widget, economizando tempo e esfor\u00e7o. Mas para aqueles que desejam mais informa\u00e7\u00f5es detalhadas sobre o hor\u00e1rio do seu neg\u00f3cio, o widget oferece uma solu\u00e7\u00e3o organizada. Ao clicar no widget, os usu\u00e1rios podem acessar uma visualiza\u00e7\u00e3o expandida que exibe o seu hor\u00e1rio de funcionamento completo. Este recurso interativo garante que aqueles que precisam de mais informa\u00e7\u00f5es possam acess\u00e1-las sem poluir as p\u00e1ginas principais do seu site.<\/div><\/div>\n                <\/div>\n\n                <div class=\"application-examples-item-iframe-container browser-frame\">\n                    <div class=\"application-examples-item-iframe-wrapper\">\n                        <iframe class=\"application-examples-item-iframe application-examples-item-iframe-fixed-height\" data-src=\"https:\/\/elfsight.com\/examples?widget_id=6d07ee2e-533b-47ab-a439-6f0c2c0437c8\" width=\"100%\" height=\"450\" allow=\"autoplay; fullscreen\"><\/iframe>\n                    <\/div>\n\n                    <div class=\"application-examples-item-loader\"><\/div>\n                <\/div>\n            <\/div><div class=\"application-examples-item application-examples-item-loading\">\n                            <div class=\"col-row\">\n                                <div class=\"col-6 col-m-8 col-s-12\"><h3 class=\"application-examples-item-title\">Exemplo 4. Pequeno cart\u00e3o de contato<\/h3><div class=\"application-examples-item-description\">O widget compacto de Hor\u00e1rio de Funcionamento traz todas as informa\u00e7\u00f5es essenciais para as pontas dos dedos dos seus clientes. Ele inclui uma foto do local, informa\u00e7\u00f5es de contato proeminentemente exibidas e hor\u00e1rio de funcionamento com um design inteligente. Os usu\u00e1rios podem acessar uma visualiza\u00e7\u00e3o expandida do hor\u00e1rio clicando no widget. Al\u00e9m disso, quatro bot\u00f5es de CTA permitem a\u00e7\u00f5es diretas como chat no WhatsApp, dire\u00e7\u00f5es, chamadas e agendamento de compromissos, aumentando o engajamento do usu\u00e1rio e simplificando as intera\u00e7\u00f5es.<\/div><\/div>\n                <\/div>\n\n                <div class=\"application-examples-item-iframe-container browser-frame\">\n                    <div class=\"application-examples-item-iframe-wrapper\">\n                        <iframe class=\"application-examples-item-iframe application-examples-item-iframe-fixed-height\" data-src=\"https:\/\/elfsight.com\/examples?widget_id=193dffbf-6980-44c3-b8d8-5c328f621e42\" width=\"100%\" height=\"650\" allow=\"autoplay; fullscreen\"><\/iframe>\n                    <\/div>\n\n                    <div class=\"application-examples-item-loader\"><\/div>\n                <\/div>\n            <\/div><div class=\"application-examples-item application-examples-item-loading\">\n                            <div class=\"col-row\">\n                                <div class=\"col-6 col-m-8 col-s-12\"><h3 class=\"application-examples-item-title\">Exemplo 5. Cart\u00e3o de contato escuro<\/h3><div class=\"application-examples-item-description\">O widget de Hor\u00e1rio de Funcionamento aqui \u00e9 projetado com um elegante tema escuro. Este widget n\u00e3o apenas mostra as horas de funcionamento do seu neg\u00f3cio, mas tamb\u00e9m oferece uma experi\u00eancia visualmente atraente para os visitantes do seu site. Os usu\u00e1rios podem ver a foto do seu local, criando uma conex\u00e3o instant\u00e2nea com o seu estabelecimento. As informa\u00e7\u00f5es de contato s\u00e3o exibidas de forma proeminente, facilitando para os clientes entrar em contato com voc\u00ea. Ao clicar no widget, os usu\u00e1rios podem acessar uma visualiza\u00e7\u00e3o expandida do seu hor\u00e1rio de funcionamento completo, garantindo que todos os detalhes necess\u00e1rios estejam facilmente acess\u00edveis. Al\u00e9m disso, quatro bot\u00f5es de CTA proeminentes permitem que os visitantes iniciem um chat no WhatsApp, obtenham dire\u00e7\u00f5es, liguem agora e agendem um compromisso, aumentando o engajamento do usu\u00e1rio e permitindo intera\u00e7\u00f5es perfeitas.<\/div><\/div>\n                <\/div>\n\n                <div class=\"application-examples-item-iframe-container browser-frame\">\n                    <div class=\"application-examples-item-iframe-wrapper\">\n                        <iframe class=\"application-examples-item-iframe application-examples-item-iframe-fixed-height\" data-src=\"https:\/\/elfsight.com\/examples?widget_id=88bf50bb-d966-4676-bc02-b496546eddac\" width=\"100%\" height=\"600\" allow=\"autoplay; fullscreen\"><\/iframe>\n                    <\/div>\n\n                    <div class=\"application-examples-item-loader\"><\/div>\n                <\/div>\n            <\/div>\n","protected":false},"excerpt":{"rendered":"","protected":false},"author":9,"featured_media":0,"parent":5170,"menu_order":0,"comment_status":"closed","ping_status":"closed","template":"templates\/template-application-examples.php","meta":{"publish_to_discourse":"","publish_post_category":"","wpdc_auto_publish_overridden":"","wpdc_topic_tags":"","wpdc_pin_topic":"","wpdc_pin_until":"","discourse_post_id":"","discourse_permalink":"","wpdc_publishing_response":"","wpdc_publishing_error":"","footnotes":""},"class_list":["post-5220","page","type-page","status-publish","hentry"],"yoast_head":"<!-- This site is optimized with the Yoast SEO plugin v25.3.1 - https:\/\/yoast.com\/wordpress\/plugins\/seo\/ -->\n<title>The TOP 5 Business Hours widget examples for your site (2025)<\/title>\n<meta name=\"description\" content=\"Business Hours widget examples: Full Business Ideas, Business Hours, Open status and many other templates for your website.\" \/>\n<meta name=\"robots\" content=\"index, follow, max-snippet:-1, max-image-preview:large, max-video-preview:-1\" \/>\n<link rel=\"canonical\" href=\"https:\/\/elfsight.com\/pt\/business-hours-widget\/examples\/\" \/>\n<meta property=\"og:locale\" content=\"pt_PT\" \/>\n<meta property=\"og:type\" content=\"article\" \/>\n<meta property=\"og:title\" content=\"The TOP 5 Business Hours widget examples for your site (2025)\" \/>\n<meta property=\"og:description\" content=\"Business Hours widget examples: Full Business Ideas, Business Hours, Open status and many other templates for your website.\" \/>\n<meta property=\"og:url\" content=\"https:\/\/elfsight.com\/pt\/business-hours-widget\/examples\/\" \/>\n<meta property=\"og:site_name\" content=\"Elfsight PT\" \/>\n<meta property=\"article:modified_time\" content=\"2024-06-25T11:15:31+00:00\" \/>\n<meta name=\"twitter:card\" content=\"summary_large_image\" \/>\n<meta name=\"twitter:label1\" content=\"Tempo estimado de leitura\" \/>\n\t<meta name=\"twitter:data1\" content=\"4 minutos\" \/>\n<!-- \/ Yoast SEO plugin. -->","yoast_head_json":{"title":"The TOP 5 Business Hours widget examples for your site (2025)","description":"Business Hours widget examples: Full Business Ideas, Business Hours, Open status and many other templates for your website.","robots":{"index":"index","follow":"follow","max-snippet":"max-snippet:-1","max-image-preview":"max-image-preview:large","max-video-preview":"max-video-preview:-1"},"canonical":"https:\/\/elfsight.com\/pt\/business-hours-widget\/examples\/","og_locale":"pt_PT","og_type":"article","og_title":"The TOP 5 Business Hours widget examples for your site (2025)","og_description":"Business Hours widget examples: Full Business Ideas, Business Hours, Open status and many other templates for your website.","og_url":"https:\/\/elfsight.com\/pt\/business-hours-widget\/examples\/","og_site_name":"Elfsight PT","article_modified_time":"2024-06-25T11:15:31+00:00","twitter_card":"summary_large_image","twitter_misc":{"Tempo estimado de leitura":"4 minutos"},"schema":{"@context":"https:\/\/schema.org","@graph":[{"@type":"WebPage","@id":"https:\/\/elfsight.com\/pt\/business-hours-widget\/examples\/","url":"https:\/\/elfsight.com\/pt\/business-hours-widget\/examples\/","name":"The TOP 5 Business Hours widget examples for your site (2025)","isPartOf":{"@id":"https:\/\/elfsight.com\/pt\/#website"},"datePublished":"2024-04-16T07:27:58+00:00","dateModified":"2024-06-25T11:15:31+00:00","description":"Business Hours widget examples: Full Business Ideas, Business Hours, Open status and many other templates for your website.","breadcrumb":{"@id":"https:\/\/elfsight.com\/pt\/business-hours-widget\/examples\/#breadcrumb"},"inLanguage":"pt-PT","potentialAction":[{"@type":"ReadAction","target":["https:\/\/elfsight.com\/pt\/business-hours-widget\/examples\/"]}]},{"@type":"BreadcrumbList","@id":"https:\/\/elfsight.com\/pt\/business-hours-widget\/examples\/#breadcrumb","itemListElement":[{"@type":"ListItem","position":1,"name":"Home","item":"https:\/\/elfsight.com\/pt\/"},{"@type":"ListItem","position":2,"name":"Business Hours","item":"https:\/\/elfsight.com\/pt\/business-hours-widget\/"},{"@type":"ListItem","position":3,"name":"Business Hours &#8211; Examples"}]},{"@type":"WebSite","@id":"https:\/\/elfsight.com\/pt\/#website","url":"https:\/\/elfsight.com\/pt\/","name":"Elfsight PT","description":"Just another Elfsight Sites site","potentialAction":[{"@type":"SearchAction","target":{"@type":"EntryPoint","urlTemplate":"https:\/\/elfsight.com\/pt\/?s={search_term_string}"},"query-input":{"@type":"PropertyValueSpecification","valueRequired":true,"valueName":"search_term_string"}}],"inLanguage":"pt-PT"}]}},"meta_box":{"industry":"","seo_heading":"","heading":"","description":"","cta_heading":"","cta_description":"","application":"5161","h1":"","h1_caption":"","application_category":[],"applications_title":"","applications_request_title":"","applications_request_button_text":"","hero_text":"","hero_video":"","hero_video_schema_markup":"","selling_points_title":"","selling_points_caption":"","selling_points":[],"selling_points_cta_text":"","features_title":"","features":"","ed_cta_examples_text":"","ed_cta_examples_hidden":"","ed_cta_demo_text":"","ed_cta_demo_hidden":"","why_caption":"","why_editor_title":"","why_editor_text":"","why_team_title":"","why_team_text":"","why_service_title":"","why_service_text":"","template_catalog_visible":"","template_catalog_title":"","template_catalog_text":"","template_catalog_categories_visible":"","demo_title":"","demo_caption":"","default_faq_hidden":"","app_template_category":[],"platform":"","template_public_id":"","codecanyon_url":"","codecanyon_item_id":"","codecanyon_price":"","pricing_caption":"","pricing_elfsight_apps_hide_column":"","pricing_elfsight_apps_url":"","pricing_codecanyon_price_caption":"","integration_category":[],"integration_request_title":"","integration_request_cta":"","integration_platform":"","integrations":[],"platform_category":[],"video_schema_markup":"","price":"a partir de US$ 0\/m\u00eas","trial":"","benefits":[],"button_url":"#demo","button_target_blank":"","button_nofollow":"","attributes":[],"tags":[],"tags_disable_links":"","hide_more_platforms":"","video_object":"","demo_hide_cta":"","demo_hide_cloud_options":"","pricing_title":"","pricing":[],"related_apps_title":"","related_apps_hidden":"","author":"","image":[],"title":"","job":"","social_networks":[]},"_links":{"self":[{"href":"https:\/\/elfsight.com\/pt\/wp-json\/wp\/v2\/pages\/5220","targetHints":{"allow":["GET"]}}],"collection":[{"href":"https:\/\/elfsight.com\/pt\/wp-json\/wp\/v2\/pages"}],"about":[{"href":"https:\/\/elfsight.com\/pt\/wp-json\/wp\/v2\/types\/page"}],"author":[{"embeddable":true,"href":"https:\/\/elfsight.com\/pt\/wp-json\/wp\/v2\/users\/9"}],"replies":[{"embeddable":true,"href":"https:\/\/elfsight.com\/pt\/wp-json\/wp\/v2\/comments?post=5220"}],"version-history":[{"count":2,"href":"https:\/\/elfsight.com\/pt\/wp-json\/wp\/v2\/pages\/5220\/revisions"}],"predecessor-version":[{"id":5292,"href":"https:\/\/elfsight.com\/pt\/wp-json\/wp\/v2\/pages\/5220\/revisions\/5292"}],"up":[{"embeddable":true,"href":"https:\/\/elfsight.com\/pt\/wp-json\/wp\/v2\/pages\/5170"}],"wp:attachment":[{"href":"https:\/\/elfsight.com\/pt\/wp-json\/wp\/v2\/media?parent=5220"}],"curies":[{"name":"wp","href":"https:\/\/api.w.org\/{rel}","templated":true}]}}