{"id":4923,"date":"2022-05-30T07:43:24","date_gmt":"2022-05-30T07:43:24","guid":{"rendered":"https:\/\/elfsight.com\/pt\/?page_id=4923"},"modified":"2024-06-25T11:14:42","modified_gmt":"2024-06-25T11:14:42","slug":"drupal-modules","status":"publish","type":"page","link":"https:\/\/elfsight.com\/pt\/drupal-modules\/","title":{"rendered":"Drupal modules"},"content":{"rendered":"\n<h2>As solu\u00e7\u00f5es mais inteligentes para cada necessidade do seu s\u00edtio web da Drupal<\/h2>\n\n<figure class=\"browser-frame\">\n<img decoding=\"async\" alt=\"the best free drupal modules for your website\" src=\"https:\/\/elfsight.com\/wp-content\/uploads\/2020\/08\/platform-image-drupal.jpg\">\n<\/figure>\n\n<p>A nossa equipa Elfsight constr\u00f3i, ao longo dos anos, plugins simples e flex\u00edveis para si. Oferecemos-lhe sempre um servi\u00e7o de ajuda r\u00e1pida e uma taxa de carga est\u00e1vel. Os m\u00f3dulos de Elfsight d\u00e3o uma ajuda a muitos propriet\u00e1rios de s\u00edtios web empresariais, educacionais e outros em diferentes partes do mundo para lidar mais racionalmente com tarefas vitais do s\u00edtio web.<\/p>\n<p>Os nossos planos de subscri\u00e7\u00e3o diferem de gratuitos para premium. Integra rapidamente quaisquer plugins escolhidos no seu s\u00edtio web, utilizando a nossa demonstra\u00e7\u00e3o interactiva e define o quanto ser\u00e1 \u00fatil em termos de optimiza\u00e7\u00e3o do seu neg\u00f3cio.<\/p>\n<h2>O que faz dos nossos m\u00f3dulos de com\u00e9rcio electr\u00f3nico Drupal um dos mais eficientes?<\/h2>\n<p>Explore uma lista das principais vantagens dos nossos plugins, que nos ajudam a estar \u00e0 frente do que os nossos rivais:<\/p>\n<ul>\n<li>Assist\u00eancia gratuita e r\u00e1pida na integra\u00e7\u00e3o ou personaliza\u00e7\u00e3o do plugin;<\/li>\n<li>Adapta\u00e7\u00e3o autom\u00e1tica a todas as resolu\u00e7\u00f5es de ecr\u00e3;<\/li>\n<li>Desnecess\u00e1rio contratar um programador;<\/li>\n<li>Uma escala ampla das caracter\u00edsticas de ajustamento;<\/li>\n<li>O armazenamento de dados em nuvem proporciona-lhe uma melhor velocidade de carregamento;<\/li>\n<li>Todas as futuras actualiza\u00e7\u00f5es s\u00e3o gratuitas e saem regularmente;<\/li>\n<li> Planos de pre\u00e7os justos;<\/li>\n<li> Ajuda profissional para quaisquer problemas dos clientes.<\/li>\n<\/ul>\n<p>Experimente uma vers\u00e3o gratuita dos nossos plugins e v\u00ea o seu potencial ou compra qualquer ferramenta seleccionada com um desconto de 20%.<p>\n<h2>Como adicionar os seus m\u00f3dulos no s\u00edtio web Drupal <\/h2>\n<div class=\"video-container\">\n<iframe width=\"720\" height=\"405\" src=\"https:\/\/www.youtube.com\/embed\/kftsXxhTTC8\" frameborder=\"0\" allowfullscreen><\/iframe>\n<\/div>\n<p>A fim de adicionar os nossos plugins, basta visualizar os passos claros do seguinte tutorial:<\/p>\n<ol>\n<li>Clique sobre a solu\u00e7\u00e3o adequada;<\/li>\n<li> Adapte-se aos seus elementos de m\u00f3dulo conforme as suas necessidades;<\/li>\n<li> Aplique &#8220;guardar as altera\u00e7\u00f5es\u201d;<\/li>\n<li> Obta o c\u00f3digo recebido;<\/li>\n<li>Insera o c\u00f3digo no local adequado do seu s\u00edtio web ou modelo;<\/li>\n<li>Feito! Incorporou completamente a ferramenta.<\/li>\n<\/ol>\n<p>Se necessita de conselhos sobre como adicionar ou editar os plugins, basta contactar o nosso Centro de Apoio.<\/p>\n","protected":false},"excerpt":{"rendered":"As solu\u00e7\u00f5es mais inteligentes para cada necessidade do seu s\u00edtio web da Drupal A nossa equipa Elfsight constr\u00f3i, ao longo dos anos, plugins simples e flex\u00edveis para si. Oferecemos-lhe sempre um servi\u00e7o de ajuda r\u00e1pida e uma taxa de carga est\u00e1vel. Os m\u00f3dulos de Elfsight d\u00e3o uma ajuda a muitos&#8230;","protected":false},"author":13,"featured_media":0,"parent":0,"menu_order":0,"comment_status":"closed","ping_status":"closed","template":"templates\/template-platform.php","meta":{"publish_to_discourse":"","publish_post_category":"","wpdc_auto_publish_overridden":"","wpdc_topic_tags":"","wpdc_pin_topic":"","wpdc_pin_until":"","discourse_post_id":"","discourse_permalink":"","wpdc_publishing_response":"","wpdc_publishing_error":"","footnotes":""},"class_list":["post-4923","page","type-page","status-publish","hentry"],"yoast_head":"<!-- This site is optimized with the Yoast SEO plugin v25.3.1 - https:\/\/yoast.com\/wordpress\/plugins\/seo\/ -->\n<title>70+ melhores M\u00f3dulos e Plugins do Drupal lista para o seu s\u00edtio web<\/title>\n<meta name=\"description\" content=\"Cat\u00e1logo gratuito de m\u00f3dulos excelentes e plugins gratuitos exclusivamente para s\u00edtios web da Drupal. Ajuda com personaliza\u00e7\u00e3o e rica funcionalidade.\" \/>\n<meta name=\"robots\" content=\"index, follow, max-snippet:-1, max-image-preview:large, max-video-preview:-1\" \/>\n<link rel=\"canonical\" href=\"https:\/\/elfsight.com\/pt\/drupal-modules\/\" \/>\n<meta property=\"og:locale\" content=\"pt_PT\" \/>\n<meta property=\"og:type\" content=\"article\" \/>\n<meta property=\"og:title\" content=\"70+ melhores M\u00f3dulos e Plugins do Drupal lista para o seu s\u00edtio web\" \/>\n<meta property=\"og:description\" content=\"Cat\u00e1logo gratuito de m\u00f3dulos excelentes e plugins gratuitos exclusivamente para s\u00edtios web da Drupal. Ajuda com personaliza\u00e7\u00e3o e rica funcionalidade.\" \/>\n<meta property=\"og:url\" content=\"https:\/\/elfsight.com\/pt\/drupal-modules\/\" \/>\n<meta property=\"og:site_name\" content=\"Elfsight PT\" \/>\n<meta property=\"article:modified_time\" content=\"2024-06-25T11:14:42+00:00\" \/>\n<meta property=\"og:image\" content=\"https:\/\/elfsight.com\/wp-content\/uploads\/2020\/08\/platform-image-drupal.jpg\" \/>\n<meta name=\"twitter:card\" content=\"summary_large_image\" \/>\n<meta name=\"twitter:label1\" content=\"Tempo estimado de leitura\" \/>\n\t<meta name=\"twitter:data1\" content=\"2 minutos\" \/>\n<!-- \/ Yoast SEO plugin. -->","yoast_head_json":{"title":"70+ melhores M\u00f3dulos e Plugins do Drupal lista para o seu s\u00edtio web","description":"Cat\u00e1logo gratuito de m\u00f3dulos excelentes e plugins gratuitos exclusivamente para s\u00edtios web da Drupal. Ajuda com personaliza\u00e7\u00e3o e rica funcionalidade.","robots":{"index":"index","follow":"follow","max-snippet":"max-snippet:-1","max-image-preview":"max-image-preview:large","max-video-preview":"max-video-preview:-1"},"canonical":"https:\/\/elfsight.com\/pt\/drupal-modules\/","og_locale":"pt_PT","og_type":"article","og_title":"70+ melhores M\u00f3dulos e Plugins do Drupal lista para o seu s\u00edtio web","og_description":"Cat\u00e1logo gratuito de m\u00f3dulos excelentes e plugins gratuitos exclusivamente para s\u00edtios web da Drupal. Ajuda com personaliza\u00e7\u00e3o e rica funcionalidade.","og_url":"https:\/\/elfsight.com\/pt\/drupal-modules\/","og_site_name":"Elfsight PT","article_modified_time":"2024-06-25T11:14:42+00:00","og_image":[{"url":"https:\/\/elfsight.com\/wp-content\/uploads\/2020\/08\/platform-image-drupal.jpg","type":"","width":"","height":""}],"twitter_card":"summary_large_image","twitter_misc":{"Tempo estimado de leitura":"2 minutos"},"schema":{"@context":"https:\/\/schema.org","@graph":[{"@type":"WebPage","@id":"https:\/\/elfsight.com\/pt\/drupal-modules\/","url":"https:\/\/elfsight.com\/pt\/drupal-modules\/","name":"70+ melhores M\u00f3dulos e Plugins do Drupal lista para o seu s\u00edtio web","isPartOf":{"@id":"https:\/\/elfsight.com\/pt\/#website"},"primaryImageOfPage":{"@id":"https:\/\/elfsight.com\/pt\/drupal-modules\/#primaryimage"},"image":{"@id":"https:\/\/elfsight.com\/pt\/drupal-modules\/#primaryimage"},"thumbnailUrl":"https:\/\/elfsight.com\/wp-content\/uploads\/2020\/08\/platform-image-drupal.jpg","datePublished":"2022-05-30T07:43:24+00:00","dateModified":"2024-06-25T11:14:42+00:00","description":"Cat\u00e1logo gratuito de m\u00f3dulos excelentes e plugins gratuitos exclusivamente para s\u00edtios web da Drupal. Ajuda com personaliza\u00e7\u00e3o e rica funcionalidade.","breadcrumb":{"@id":"https:\/\/elfsight.com\/pt\/drupal-modules\/#breadcrumb"},"inLanguage":"pt-PT","potentialAction":[{"@type":"ReadAction","target":["https:\/\/elfsight.com\/pt\/drupal-modules\/"]}]},{"@type":"ImageObject","inLanguage":"pt-PT","@id":"https:\/\/elfsight.com\/pt\/drupal-modules\/#primaryimage","url":"https:\/\/elfsight.com\/wp-content\/uploads\/2020\/08\/platform-image-drupal.jpg","contentUrl":"https:\/\/elfsight.com\/wp-content\/uploads\/2020\/08\/platform-image-drupal.jpg"},{"@type":"BreadcrumbList","@id":"https:\/\/elfsight.com\/pt\/drupal-modules\/#breadcrumb","itemListElement":[{"@type":"ListItem","position":1,"name":"Home","item":"https:\/\/elfsight.com\/pt\/"},{"@type":"ListItem","position":2,"name":"Drupal modules"}]},{"@type":"WebSite","@id":"https:\/\/elfsight.com\/pt\/#website","url":"https:\/\/elfsight.com\/pt\/","name":"Elfsight PT","description":"Just another Elfsight Sites site","potentialAction":[{"@type":"SearchAction","target":{"@type":"EntryPoint","urlTemplate":"https:\/\/elfsight.com\/pt\/?s={search_term_string}"},"query-input":{"@type":"PropertyValueSpecification","valueRequired":true,"valueName":"search_term_string"}}],"inLanguage":"pt-PT"}]}},"meta_box":{"industry":"","seo_heading":"","heading":"","description":"","cta_heading":"","cta_description":"","application":"","h1":"Os melhores m\u00f3dulos do Drupal","h1_caption":"Selec\u00e7\u00e3o gratuita de plugins de topo de gama com uma vasta funcionalidade para aumentar o interesse dos utilizadores e atingir todos os objectivos do com\u00e9rcio electr\u00f3nico. Integra\u00e7\u00e3o suave, uma vasta gama de configura\u00e7\u00f5es e um servi\u00e7o ao cliente altamente qualificado.","application_category":[],"applications_title":"D\u00ea uma olhada nos v\u00e1rios plugins gratuitos do Elfsight para Drupal","applications_request_title":"N\u00e3o consegue encontrar o m\u00f3dulo certo?","applications_request_button_text":"Solicite um m\u00f3dulo","hero_text":"","hero_video":"","hero_video_schema_markup":"","selling_points_title":"","selling_points_caption":"","selling_points":[],"selling_points_cta_text":"","features_title":"","features":"","ed_cta_examples_text":"","ed_cta_examples_hidden":"","ed_cta_demo_text":"","ed_cta_demo_hidden":"","why_caption":"","why_editor_title":"","why_editor_text":"","why_team_title":"","why_team_text":"","why_service_title":"","why_service_text":"","template_catalog_visible":"","template_catalog_title":"","template_catalog_text":"","template_catalog_categories_visible":"","demo_title":"","demo_caption":"","default_faq_hidden":"","app_template_category":[],"platform":"4905","template_public_id":"","codecanyon_url":"","codecanyon_item_id":"","codecanyon_price":"","pricing_caption":"","pricing_elfsight_apps_hide_column":"","pricing_elfsight_apps_url":"","pricing_codecanyon_price_caption":"","integration_category":[],"integration_request_title":"","integration_request_cta":"","integration_platform":"","integrations":[],"platform_category":[],"video_schema_markup":"{\r\n  \"@context\": \"http:\/\/schema.org\",\r\n  \"@type\": \"VideoObject\",\r\n  \"name\": \"How to Add Module to Drupal (fast &amp; easy)\",\r\n  \"description\": \"Free catalog of excellent free modules and plugins exclusively for Drupal websites. Help with the customization and rich functionality.\",\r\n  \"thumbnailUrl\": \"https:\/\/i.ytimg.com\/vi\/kftsXxhTTC8\/default.jpg\",\r\n  \"uploadDate\": \"2021-06-04T14:07:22Z\",\r\n  \"duration\": \"PT2M47S\",\r\n  \"embedUrl\": \"https:\/\/www.youtube.com\/embed\/kftsXxhTTC8\",\r\n  \"interactionCount\": \"20\"\r\n}","price":"a partir de US$ 0\/m\u00eas","trial":"","benefits":[],"button_url":"#demo","button_target_blank":"","button_nofollow":"","attributes":[],"tags":[],"tags_disable_links":"","hide_more_platforms":"","video_object":"","demo_hide_cta":"","demo_hide_cloud_options":"","pricing_title":"","pricing":[],"related_apps_title":"","related_apps_hidden":"","author":"","image":[],"title":"","job":"","social_networks":[]},"_links":{"self":[{"href":"https:\/\/elfsight.com\/pt\/wp-json\/wp\/v2\/pages\/4923","targetHints":{"allow":["GET"]}}],"collection":[{"href":"https:\/\/elfsight.com\/pt\/wp-json\/wp\/v2\/pages"}],"about":[{"href":"https:\/\/elfsight.com\/pt\/wp-json\/wp\/v2\/types\/page"}],"author":[{"embeddable":true,"href":"https:\/\/elfsight.com\/pt\/wp-json\/wp\/v2\/users\/13"}],"replies":[{"embeddable":true,"href":"https:\/\/elfsight.com\/pt\/wp-json\/wp\/v2\/comments?post=4923"}],"version-history":[{"count":3,"href":"https:\/\/elfsight.com\/pt\/wp-json\/wp\/v2\/pages\/4923\/revisions"}],"predecessor-version":[{"id":4937,"href":"https:\/\/elfsight.com\/pt\/wp-json\/wp\/v2\/pages\/4923\/revisions\/4937"}],"wp:attachment":[{"href":"https:\/\/elfsight.com\/pt\/wp-json\/wp\/v2\/media?parent=4923"}],"curies":[{"name":"wp","href":"https:\/\/api.w.org\/{rel}","templated":true}]}}